{"id":9408,"date":"2024-08-09T18:30:51","date_gmt":"2024-08-09T18:30:51","guid":{"rendered":"https:\/\/www.rawoodfoundation.org\/?page_id=9408"},"modified":"2024-08-09T18:41:35","modified_gmt":"2024-08-09T18:41:35","slug":"completer-votre-don","status":"publish","type":"page","link":"https:\/\/www.rawoodfoundation.org\/fr\/match-your-gift\/","title":{"rendered":"Compl\u00e9tez votre don"},"content":{"rendered":"<h2 class=\"wp-block-heading\">Votre entreprise versera-t-elle une somme \u00e9quivalente \u00e0 votre don ? <\/h2>\n\n\n\n<p>De nombreuses entreprises s'engagent \u00e0 soutenir des causes caritatives en versant une somme \u00e9quivalente aux dons de leurs employ\u00e9s \u00e0 des organisations \u00e0 but non lucratif \u00e9ligibles. Cela signifie que votre don g\u00e9n\u00e9reux pourrait avoir un impact double ! Utilisez notre outil \"Doublez votre don\" pour savoir rapidement et facilement si votre employeur participe \u00e0 un programme de dons jumel\u00e9s. En entrant simplement le nom de votre entreprise, vous pouvez v\u00e9rifier si votre don peut \u00eatre jumel\u00e9, maximisant ainsi votre contribution et nous aidant \u00e0 poursuivre notre mission.<\/p>\n\n\n\n<script>var DDCONF = { API_KEY: \"b5ihRKZIQRc08rxK\" };<\/script> <script src=\"https:\/\/doublethedonation.com\/api\/js\/ddplugin.js\"><\/script> <div id=\"dd-container\"> <a href=\"https:\/\/doublethedonation.com\/matching-grant-resources\/matching-gift-basics\/\">Don jumel\u00e9<\/a> et <a href=\"https:\/\/doublethedonation.com\/matching-grant-resources\/volunteer-grant-basics\/\">Bourse du b\u00e9n\u00e9volat<\/a> les informations fournies par <br> <a href=\"https:\/\/doublethedonation.com\"><img decoding=\"async\" alt=\"Propuls\u00e9 par Double the Donation\" src=\"https:\/\/doublethedonation.com\/api\/img\/powered-by.png\" \/><\/a> <\/div>\n\n\n\n<hr class=\"wp-block-separator has-alpha-channel-opacity\"\/>\n\n\n\n<h3 class=\"wp-block-heading\">Nos informations<\/h3>\n\n\n\n<p>Fondation Raymond A. Wood, Inc<br>PO Box 991, Ocean City, MD 21843<br>Contact : <a href=\"mailto:development@rawoodfoundation.org\">development@rawoodfoundation.org<\/a><br>EIN : 81-4548646<\/p>\n\n\n\n<hr class=\"wp-block-separator has-alpha-channel-opacity\"\/>\n\n\n\n<h3 class=\"wp-block-heading\">Questions courantes sur le jumelage de dons<\/h3>\n\n\n<div class=\"gb-container gb-container-2b65d57c gb-accordion\">\n<div class=\"gb-container gb-container-a7cdf683 gb-accordion__item\" data-transition=\"slide\">\n\n<button class=\"gb-button gb-button-8e769bbc gb-accordion__toggle\"><span class=\"gb-button-text\"><strong>Qu'est-ce qu'un programme d'abondement ?<\/strong><\/span><span class=\"gb-icon\"><svg xmlns=\"http:\/\/www.w3.org\/2000\/svg\" viewbox=\"0 0 448 512\" width=\"1em\" height=\"1em\" ariahidden=\"true\" role=\"img\" class=\"gb-accordion__icon\"><path d=\"M207.029 381.476L12.686 187.132c-9.373-9.373-9.373-24.569 0-33.941l22.667-22.667c9.357-9.357 24.522-9.375 33.901-.04L224 284.505l154.745-154.021c9.379-9.335 24.544-9.317 33.901.04l22.667 22.667c9.373 9.373 9.373 24.569 0 33.941L240.971 381.476c-9.373 9.372-24.569 9.372-33.942 0z\" fill=\"currentColor\"><\/path><\/svg><svg xmlns=\"http:\/\/www.w3.org\/2000\/svg\" viewbox=\"0 0 448 512\" width=\"1em\" height=\"1em\" ariahidden=\"true\" role=\"img\" class=\"gb-accordion__icon-open\"><path d=\"M240.971 130.524l194.343 194.343c9.373 9.373 9.373 24.569 0 33.941l-22.667 22.667c-9.357 9.357-24.522 9.375-33.901.04L224 227.495 69.255 381.516c-9.379 9.335-24.544 9.317-33.901-.04l-22.667-22.667c-9.373-9.373-9.373-24.569 0-33.941L207.03 130.525c9.372-9.373 24.568-9.373 33.941-.001z\" fill=\"currentColor\"><\/path><\/svg><\/span><\/button>\n\n\n<div class=\"gb-accordion__content\"><div class=\"gb-container gb-container-5386b664\">\n\n<p>Les programmes de dons jumel\u00e9s des employ\u00e9s sont des programmes de dons d'entreprise dans le cadre desquels l'entreprise verse une somme \u00e9quivalente aux dons effectu\u00e9s par les employ\u00e9s \u00e0 des organisations \u00e0 but non lucratif \u00e9ligibles.  C'est un moyen facile de doubler votre contribution !<\/p>\n\n<\/div><\/div>\n<\/div>\n<\/div>\n\n<div class=\"gb-container gb-container-97141180 gb-accordion\">\n<div class=\"gb-container gb-container-fa269076 gb-accordion__item\" data-transition=\"slide\">\n\n<button class=\"gb-button gb-button-3895303a gb-accordion__toggle\"><span class=\"gb-button-text\"><strong>Qu'est-ce qu'un programme d'aide au volontariat ?<\/strong><\/span><span class=\"gb-icon\"><svg xmlns=\"http:\/\/www.w3.org\/2000\/svg\" viewbox=\"0 0 448 512\" width=\"1em\" height=\"1em\" ariahidden=\"true\" role=\"img\" class=\"gb-accordion__icon\"><path d=\"M207.029 381.476L12.686 187.132c-9.373-9.373-9.373-24.569 0-33.941l22.667-22.667c9.357-9.357 24.522-9.375 33.901-.04L224 284.505l154.745-154.021c9.379-9.335 24.544-9.317 33.901.04l22.667 22.667c9.373 9.373 9.373 24.569 0 33.941L240.971 381.476c-9.373 9.372-24.569 9.372-33.942 0z\" fill=\"currentColor\"><\/path><\/svg><svg xmlns=\"http:\/\/www.w3.org\/2000\/svg\" viewbox=\"0 0 448 512\" width=\"1em\" height=\"1em\" ariahidden=\"true\" role=\"img\" class=\"gb-accordion__icon-open\"><path d=\"M240.971 130.524l194.343 194.343c9.373 9.373 9.373 24.569 0 33.941l-22.667 22.667c-9.357 9.357-24.522 9.375-33.901.04L224 227.495 69.255 381.516c-9.379 9.335-24.544 9.317-33.901-.04l-22.667-22.667c-9.373-9.373-9.373-24.569 0-33.941L207.03 130.525c9.372-9.373 24.568-9.373 33.941-.001z\" fill=\"currentColor\"><\/path><\/svg><\/span><\/button>\n\n\n<div class=\"gb-accordion__content\"><div class=\"gb-container gb-container-37ec49bd\">\n\n<p>Les programmes de subventions pour le b\u00e9n\u00e9volat sont des programmes de dons d'entreprise dans le cadre desquels les entreprises font des dons en argent aux organisations pour lesquelles les employ\u00e9s font r\u00e9guli\u00e8rement du b\u00e9n\u00e9volat. Si vous faites du b\u00e9n\u00e9volat avec nous, c'est un moyen facile de nous apporter un soutien financier suppl\u00e9mentaire !<\/p>\n\n<\/div><\/div>\n<\/div>\n<\/div>\n\n<div class=\"gb-container gb-container-2a72546b gb-accordion\">\n<div class=\"gb-container gb-container-f41686b5 gb-accordion__item\" data-transition=\"slide\">\n\n<button class=\"gb-button gb-button-0486049b gb-accordion__toggle\"><span class=\"gb-button-text\"><strong>Comment ces informations sont-elles obtenues ?<\/strong><\/span><span class=\"gb-icon\"><svg xmlns=\"http:\/\/www.w3.org\/2000\/svg\" viewbox=\"0 0 448 512\" width=\"1em\" height=\"1em\" ariahidden=\"true\" role=\"img\" class=\"gb-accordion__icon\"><path d=\"M207.029 381.476L12.686 187.132c-9.373-9.373-9.373-24.569 0-33.941l22.667-22.667c9.357-9.357 24.522-9.375 33.901-.04L224 284.505l154.745-154.021c9.379-9.335 24.544-9.317 33.901.04l22.667 22.667c9.373 9.373 9.373 24.569 0 33.941L240.971 381.476c-9.373 9.372-24.569 9.372-33.942 0z\" fill=\"currentColor\"><\/path><\/svg><svg xmlns=\"http:\/\/www.w3.org\/2000\/svg\" viewbox=\"0 0 448 512\" width=\"1em\" height=\"1em\" ariahidden=\"true\" role=\"img\" class=\"gb-accordion__icon-open\"><path d=\"M240.971 130.524l194.343 194.343c9.373 9.373 9.373 24.569 0 33.941l-22.667 22.667c-9.357 9.357-24.522 9.375-33.901.04L224 227.495 69.255 381.516c-9.379 9.335-24.544 9.317-33.901-.04l-22.667-22.667c-9.373-9.373-9.373-24.569 0-33.941L207.03 130.525c9.372-9.373 24.568-9.373 33.941-.001z\" fill=\"currentColor\"><\/path><\/svg><\/span><\/button>\n\n\n<div class=\"gb-accordion__content\"><div class=\"gb-container gb-container-1071e217\">\n\n<p>Nous travaillons en partenariat avec une soci\u00e9t\u00e9 appel\u00e9e&nbsp;<a href=\"https:\/\/doublethedonation.com\/\" target=\"_blank\" rel=\"noreferrer noopener\">Doubler le don<\/a>. Si vous voyez quelque chose qui devrait \u00eatre modifi\u00e9, veuillez envoyer un courriel \u00e0 l'\u00e9quipe de Double the Donation \u00e0 l'adresse suivante&nbsp;<a href=\"mailto:data@doublethedonation.com\">data@doublethedonation.com<\/a><\/p>\n\n<\/div><\/div>\n<\/div>\n<\/div>\n\n<div class=\"gb-container gb-container-6807e7c7 gb-accordion\">\n<div class=\"gb-container gb-container-079e8b44 gb-accordion__item\" data-transition=\"slide\">\n\n<button class=\"gb-button gb-button-49f36676 gb-accordion__toggle\"><span class=\"gb-button-text\"><strong>Comment demander un don de contrepartie ou une subvention de b\u00e9n\u00e9volat ?<\/strong><\/span><span class=\"gb-icon\"><svg xmlns=\"http:\/\/www.w3.org\/2000\/svg\" viewbox=\"0 0 448 512\" width=\"1em\" height=\"1em\" ariahidden=\"true\" role=\"img\" class=\"gb-accordion__icon\"><path d=\"M207.029 381.476L12.686 187.132c-9.373-9.373-9.373-24.569 0-33.941l22.667-22.667c9.357-9.357 24.522-9.375 33.901-.04L224 284.505l154.745-154.021c9.379-9.335 24.544-9.317 33.901.04l22.667 22.667c9.373 9.373 9.373 24.569 0 33.941L240.971 381.476c-9.373 9.372-24.569 9.372-33.942 0z\" fill=\"currentColor\"><\/path><\/svg><svg xmlns=\"http:\/\/www.w3.org\/2000\/svg\" viewbox=\"0 0 448 512\" width=\"1em\" height=\"1em\" ariahidden=\"true\" role=\"img\" class=\"gb-accordion__icon-open\"><path d=\"M240.971 130.524l194.343 194.343c9.373 9.373 9.373 24.569 0 33.941l-22.667 22.667c-9.357 9.357-24.522 9.375-33.901.04L224 227.495 69.255 381.516c-9.379 9.335-24.544 9.317-33.901-.04l-22.667-22.667c-9.373-9.373-9.373-24.569 0-33.941L207.03 130.525c9.372-9.373 24.568-9.373 33.941-.001z\" fill=\"currentColor\"><\/path><\/svg><\/span><\/button>\n\n\n<div class=\"gb-accordion__content\"><div class=\"gb-container gb-container-87ffef96\">\n\n<p>La demande d'un don de contrepartie ou d'une subvention de b\u00e9n\u00e9volat est normalement une proc\u00e9dure de cinq minutes qui doit \u00eatre initi\u00e9e par le donateur\/b\u00e9n\u00e9vole. Vous pouvez le faire en remplissant et en envoyant un formulaire papier fourni par votre employeur ou par le biais d'un processus de soumission \u00e9lectronique.  Veuillez consulter notre base de donn\u00e9es pour obtenir des informations sp\u00e9cifiques \u00e0 votre entreprise.<\/p>\n\n<\/div><\/div>\n<\/div>\n<\/div>\n\n<div class=\"gb-container gb-container-dc410a01 gb-accordion\">\n<div class=\"gb-container gb-container-b340aa27 gb-accordion__item\" data-transition=\"slide\">\n\n<button class=\"gb-button gb-button-e61abb92 gb-accordion__toggle\"><span class=\"gb-button-text\"><strong>Comment soumettre un don de contrepartie ?<\/strong><\/span><span class=\"gb-icon\"><svg xmlns=\"http:\/\/www.w3.org\/2000\/svg\" viewbox=\"0 0 448 512\" width=\"1em\" height=\"1em\" ariahidden=\"true\" role=\"img\" class=\"gb-accordion__icon\"><path d=\"M207.029 381.476L12.686 187.132c-9.373-9.373-9.373-24.569 0-33.941l22.667-22.667c9.357-9.357 24.522-9.375 33.901-.04L224 284.505l154.745-154.021c9.379-9.335 24.544-9.317 33.901.04l22.667 22.667c9.373 9.373 9.373 24.569 0 33.941L240.971 381.476c-9.373 9.372-24.569 9.372-33.942 0z\" fill=\"currentColor\"><\/path><\/svg><svg xmlns=\"http:\/\/www.w3.org\/2000\/svg\" viewbox=\"0 0 448 512\" width=\"1em\" height=\"1em\" ariahidden=\"true\" role=\"img\" class=\"gb-accordion__icon-open\"><path d=\"M240.971 130.524l194.343 194.343c9.373 9.373 9.373 24.569 0 33.941l-22.667 22.667c-9.357 9.357-24.522 9.375-33.901.04L224 227.495 69.255 381.516c-9.379 9.335-24.544 9.317-33.901-.04l-22.667-22.667c-9.373-9.373-9.373-24.569 0-33.941L207.03 130.525c9.372-9.373 24.568-9.373 33.941-.001z\" fill=\"currentColor\"><\/path><\/svg><\/span><\/button>\n\n\n<div class=\"gb-accordion__content\"><div class=\"gb-container gb-container-7220904f\">\n\n<ol class=\"wp-block-list\">\n<li><a href=\"https:\/\/www.rawoodfoundation.org\/fr\/faire-un-don\/\">Faire un don \u00e0 une RAWF.<\/a><\/li>\n\n\n\n<li>Connectez-vous au site web de soumission de dons jumel\u00e9s de votre entreprise (si vous utilisez l'outil de recherche Doublez vos dons, vous recevrez un courriel de suivi contenant un lien vers cette page).<\/li>\n\n\n\n<li>Une fois connect\u00e9, recherchez la Raymond A. Wood Foundation.<\/li>\n\n\n\n<li>S\u00e9lectionnez la RAWF dans les r\u00e9sultats de la recherche. Si elle n'est pas trouv\u00e9e, saisissez manuellement les d\u00e9tails de l'organisation.<\/li>\n\n\n\n<li>Enregistrer le don.<\/li>\n\n\n\n<li>Soumettez la demande de don jumel\u00e9 d\u00fbment remplie \u00e0 votre employeur.<\/li>\n<\/ol>\n\n<\/div><\/div>\n<\/div>\n<\/div>\n\n\n<hr class=\"wp-block-separator has-alpha-channel-opacity\"\/>\n\n\n\n<h4 class=\"wp-block-heading has-text-align-center\">Merci de soutenir la Fondation Raymond A. Wood !<\/h4>","protected":false},"excerpt":{"rendered":"<p>Votre entreprise versera-t-elle une somme \u00e9quivalente \u00e0 votre don ? De nombreuses entreprises s'engagent \u00e0 soutenir des causes caritatives en ... <a title=\"Compl\u00e9tez votre don\" class=\"read-more\" href=\"https:\/\/www.rawoodfoundation.org\/fr\/match-your-gift\/\" aria-label=\"En savoir plus sur la contrepartie de votre don\">Lire plus<\/a><\/p>","protected":false},"author":4,"featured_media":0,"parent":0,"menu_order":24,"comment_status":"closed","ping_status":"closed","template":"","meta":{"_acf_changed":false,"footnotes":""},"class_list":{"0":"post-9408","1":"page","2":"type-page","3":"status-publish","5":"no-featured-image-padding"},"acf":[],"yoast_head":"<!-- This site is optimized with the Yoast SEO plugin v27.3 - https:\/\/yoast.com\/product\/yoast-seo-wordpress\/ -->\n<title>Match Your Gift - Raymond A. Wood Foundation<\/title>\n<meta name=\"robots\" content=\"index, follow, max-snippet:-1, max-image-preview:large, max-video-preview:-1\" \/>\n<link rel=\"canonical\" href=\"https:\/\/www.rawoodfoundation.org\/fr\/completer-votre-don\/\" \/>\n<meta property=\"og:locale\" content=\"fr_FR\" \/>\n<meta property=\"og:type\" content=\"article\" \/>\n<meta property=\"og:title\" content=\"Match Your Gift - Raymond A. Wood Foundation\" \/>\n<meta property=\"og:description\" content=\"Will Your Company Match Your Donation? Many companies are committed to supporting charitable causes by ... Lire plus\" \/>\n<meta property=\"og:url\" content=\"https:\/\/www.rawoodfoundation.org\/fr\/completer-votre-don\/\" \/>\n<meta property=\"og:site_name\" content=\"Raymond A. Wood Foundation\" \/>\n<meta property=\"article:publisher\" content=\"https:\/\/www.facebook.com\/rawoodfoundation\" \/>\n<meta property=\"article:modified_time\" content=\"2024-08-09T18:41:35+00:00\" \/>\n<meta property=\"og:image\" content=\"https:\/\/doublethedonation.com\/api\/img\/powered-by.png\" \/>\n<meta name=\"twitter:card\" content=\"summary_large_image\" \/>\n<meta name=\"twitter:site\" content=\"@rawoodfound\" \/>\n<meta name=\"twitter:label1\" content=\"Est. reading time\" \/>\n\t<meta name=\"twitter:data1\" content=\"2 minutes\" \/>\n<script type=\"application\/ld+json\" class=\"yoast-schema-graph\">{\"@context\":\"https:\\\/\\\/schema.org\",\"@graph\":[{\"@type\":\"WebPage\",\"@id\":\"https:\\\/\\\/www.rawoodfoundation.org\\\/match-your-gift\\\/\",\"url\":\"https:\\\/\\\/www.rawoodfoundation.org\\\/match-your-gift\\\/\",\"name\":\"Match Your Gift - Raymond A. Wood Foundation\",\"isPartOf\":{\"@id\":\"https:\\\/\\\/www.rawoodfoundation.org\\\/#website\"},\"primaryImageOfPage\":{\"@id\":\"https:\\\/\\\/www.rawoodfoundation.org\\\/match-your-gift\\\/#primaryimage\"},\"image\":{\"@id\":\"https:\\\/\\\/www.rawoodfoundation.org\\\/match-your-gift\\\/#primaryimage\"},\"thumbnailUrl\":\"https:\\\/\\\/doublethedonation.com\\\/api\\\/img\\\/powered-by.png\",\"datePublished\":\"2024-08-09T18:30:51+00:00\",\"dateModified\":\"2024-08-09T18:41:35+00:00\",\"breadcrumb\":{\"@id\":\"https:\\\/\\\/www.rawoodfoundation.org\\\/match-your-gift\\\/#breadcrumb\"},\"inLanguage\":\"fr-FR\",\"potentialAction\":[{\"@type\":\"ReadAction\",\"target\":[\"https:\\\/\\\/www.rawoodfoundation.org\\\/match-your-gift\\\/\"]}]},{\"@type\":\"ImageObject\",\"inLanguage\":\"fr-FR\",\"@id\":\"https:\\\/\\\/www.rawoodfoundation.org\\\/match-your-gift\\\/#primaryimage\",\"url\":\"https:\\\/\\\/doublethedonation.com\\\/api\\\/img\\\/powered-by.png\",\"contentUrl\":\"https:\\\/\\\/doublethedonation.com\\\/api\\\/img\\\/powered-by.png\"},{\"@type\":\"BreadcrumbList\",\"@id\":\"https:\\\/\\\/www.rawoodfoundation.org\\\/match-your-gift\\\/#breadcrumb\",\"itemListElement\":[{\"@type\":\"ListItem\",\"position\":1,\"name\":\"Home\",\"item\":\"https:\\\/\\\/www.rawoodfoundation.org\\\/\"},{\"@type\":\"ListItem\",\"position\":2,\"name\":\"Match Your Gift\"}]},{\"@type\":\"WebSite\",\"@id\":\"https:\\\/\\\/www.rawoodfoundation.org\\\/#website\",\"url\":\"https:\\\/\\\/www.rawoodfoundation.org\\\/\",\"name\":\"Raymond A. Wood Foundation\",\"description\":\"The mission of the RAWF is to provide quality of life support for childhood brain tumor survivors and their families.\",\"publisher\":{\"@id\":\"https:\\\/\\\/www.rawoodfoundation.org\\\/#organization\"},\"potentialAction\":[{\"@type\":\"SearchAction\",\"target\":{\"@type\":\"EntryPoint\",\"urlTemplate\":\"https:\\\/\\\/www.rawoodfoundation.org\\\/?s={search_term_string}\"},\"query-input\":{\"@type\":\"PropertyValueSpecification\",\"valueRequired\":true,\"valueName\":\"search_term_string\"}}],\"inLanguage\":\"fr-FR\"},{\"@type\":\"Organization\",\"@id\":\"https:\\\/\\\/www.rawoodfoundation.org\\\/#organization\",\"name\":\"Raymond A. Wood Foundation\",\"url\":\"https:\\\/\\\/www.rawoodfoundation.org\\\/\",\"logo\":{\"@type\":\"ImageObject\",\"inLanguage\":\"fr-FR\",\"@id\":\"https:\\\/\\\/www.rawoodfoundation.org\\\/#\\\/schema\\\/logo\\\/image\\\/\",\"url\":\"https:\\\/\\\/www.rawoodfoundation.org\\\/wp-content\\\/uploads\\\/2023\\\/07\\\/Raymond-A-Wood-Foundation-logo.webp\",\"contentUrl\":\"https:\\\/\\\/www.rawoodfoundation.org\\\/wp-content\\\/uploads\\\/2023\\\/07\\\/Raymond-A-Wood-Foundation-logo.webp\",\"width\":470,\"height\":128,\"caption\":\"Raymond A. Wood Foundation\"},\"image\":{\"@id\":\"https:\\\/\\\/www.rawoodfoundation.org\\\/#\\\/schema\\\/logo\\\/image\\\/\"},\"sameAs\":[\"https:\\\/\\\/www.facebook.com\\\/rawoodfoundation\",\"https:\\\/\\\/x.com\\\/rawoodfound\"]}]}<\/script>\n<!-- \/ Yoast SEO plugin. -->","yoast_head_json":{"title":"Compl\u00e9tez votre don - Raymond A. Wood Foundation","robots":{"index":"index","follow":"follow","max-snippet":"max-snippet:-1","max-image-preview":"max-image-preview:large","max-video-preview":"max-video-preview:-1"},"canonical":"https:\/\/www.rawoodfoundation.org\/fr\/completer-votre-don\/","og_locale":"fr_FR","og_type":"article","og_title":"Match Your Gift - Raymond A. Wood Foundation","og_description":"Will Your Company Match Your Donation? Many companies are committed to supporting charitable causes by ... Lire plus","og_url":"https:\/\/www.rawoodfoundation.org\/fr\/completer-votre-don\/","og_site_name":"Raymond A. Wood Foundation","article_publisher":"https:\/\/www.facebook.com\/rawoodfoundation","article_modified_time":"2024-08-09T18:41:35+00:00","og_image":[{"url":"https:\/\/doublethedonation.com\/api\/img\/powered-by.png","type":"","width":"","height":""}],"twitter_card":"summary_large_image","twitter_site":"@rawoodfound","twitter_misc":{"Est. reading time":"2 minutes"},"schema":{"@context":"https:\/\/schema.org","@graph":[{"@type":"WebPage","@id":"https:\/\/www.rawoodfoundation.org\/match-your-gift\/","url":"https:\/\/www.rawoodfoundation.org\/match-your-gift\/","name":"Compl\u00e9tez votre don - Raymond A. Wood Foundation","isPartOf":{"@id":"https:\/\/www.rawoodfoundation.org\/#website"},"primaryImageOfPage":{"@id":"https:\/\/www.rawoodfoundation.org\/match-your-gift\/#primaryimage"},"image":{"@id":"https:\/\/www.rawoodfoundation.org\/match-your-gift\/#primaryimage"},"thumbnailUrl":"https:\/\/doublethedonation.com\/api\/img\/powered-by.png","datePublished":"2024-08-09T18:30:51+00:00","dateModified":"2024-08-09T18:41:35+00:00","breadcrumb":{"@id":"https:\/\/www.rawoodfoundation.org\/match-your-gift\/#breadcrumb"},"inLanguage":"fr-FR","potentialAction":[{"@type":"ReadAction","target":["https:\/\/www.rawoodfoundation.org\/match-your-gift\/"]}]},{"@type":"ImageObject","inLanguage":"fr-FR","@id":"https:\/\/www.rawoodfoundation.org\/match-your-gift\/#primaryimage","url":"https:\/\/doublethedonation.com\/api\/img\/powered-by.png","contentUrl":"https:\/\/doublethedonation.com\/api\/img\/powered-by.png"},{"@type":"BreadcrumbList","@id":"https:\/\/www.rawoodfoundation.org\/match-your-gift\/#breadcrumb","itemListElement":[{"@type":"ListItem","position":1,"name":"Home","item":"https:\/\/www.rawoodfoundation.org\/"},{"@type":"ListItem","position":2,"name":"Match Your Gift"}]},{"@type":"WebSite","@id":"https:\/\/www.rawoodfoundation.org\/#website","url":"https:\/\/www.rawoodfoundation.org\/","name":"Fondation Raymond A. Wood","description":"La mission de la RAWF est d'apporter un soutien \u00e0 la qualit\u00e9 de vie des survivants de tumeurs c\u00e9r\u00e9brales infantiles et de leurs familles.","publisher":{"@id":"https:\/\/www.rawoodfoundation.org\/#organization"},"potentialAction":[{"@type":"SearchAction","target":{"@type":"EntryPoint","urlTemplate":"https:\/\/www.rawoodfoundation.org\/?s={search_term_string}"},"query-input":{"@type":"PropertyValueSpecification","valueRequired":true,"valueName":"search_term_string"}}],"inLanguage":"fr-FR"},{"@type":"Organization","@id":"https:\/\/www.rawoodfoundation.org\/#organization","name":"Fondation Raymond A. Wood","url":"https:\/\/www.rawoodfoundation.org\/","logo":{"@type":"ImageObject","inLanguage":"fr-FR","@id":"https:\/\/www.rawoodfoundation.org\/#\/schema\/logo\/image\/","url":"https:\/\/www.rawoodfoundation.org\/wp-content\/uploads\/2023\/07\/Raymond-A-Wood-Foundation-logo.webp","contentUrl":"https:\/\/www.rawoodfoundation.org\/wp-content\/uploads\/2023\/07\/Raymond-A-Wood-Foundation-logo.webp","width":470,"height":128,"caption":"Raymond A. Wood Foundation"},"image":{"@id":"https:\/\/www.rawoodfoundation.org\/#\/schema\/logo\/image\/"},"sameAs":["https:\/\/www.facebook.com\/rawoodfoundation","https:\/\/x.com\/rawoodfound"]}]}},"_links":{"self":[{"href":"https:\/\/www.rawoodfoundation.org\/fr\/wp-json\/wp\/v2\/pages\/9408","targetHints":{"allow":["GET"]}}],"collection":[{"href":"https:\/\/www.rawoodfoundation.org\/fr\/wp-json\/wp\/v2\/pages"}],"about":[{"href":"https:\/\/www.rawoodfoundation.org\/fr\/wp-json\/wp\/v2\/types\/page"}],"author":[{"embeddable":true,"href":"https:\/\/www.rawoodfoundation.org\/fr\/wp-json\/wp\/v2\/users\/4"}],"replies":[{"embeddable":true,"href":"https:\/\/www.rawoodfoundation.org\/fr\/wp-json\/wp\/v2\/comments?post=9408"}],"version-history":[{"count":7,"href":"https:\/\/www.rawoodfoundation.org\/fr\/wp-json\/wp\/v2\/pages\/9408\/revisions"}],"predecessor-version":[{"id":9416,"href":"https:\/\/www.rawoodfoundation.org\/fr\/wp-json\/wp\/v2\/pages\/9408\/revisions\/9416"}],"wp:attachment":[{"href":"https:\/\/www.rawoodfoundation.org\/fr\/wp-json\/wp\/v2\/media?parent=9408"}],"curies":[{"name":"wp","href":"https:\/\/api.w.org\/{rel}","templated":true}]}}