{"id":9325,"date":"2024-07-23T18:41:58","date_gmt":"2024-07-23T18:41:58","guid":{"rendered":"https:\/\/www.rawoodfoundation.org\/?page_id=9325"},"modified":"2025-05-05T17:51:59","modified_gmt":"2025-05-05T17:51:59","slug":"pour-les-professionnels-de-la-sante","status":"publish","type":"page","link":"https:\/\/www.rawoodfoundation.org\/fr\/for-medical-professionals\/","title":{"rendered":"Pour les professionnels de la sant\u00e9"},"content":{"rendered":"<h2 class=\"wp-block-heading\">Des ressources compl\u00e8tes pour am\u00e9liorer les soins aux patients<\/h2>\n\n\n\n<p>La Fondation Raymond A. Wood se consacre au soutien et \u00e0 la collaboration avec les professionnels de la sant\u00e9 dans leurs efforts pour fournir les meilleurs soins aux patients atteints de tumeurs c\u00e9r\u00e9brales hypothalamo-hypophysaires. Cette section de notre site web offre des informations et des ressources compl\u00e8tes pour vous aider \u00e0 comprendre les complexit\u00e9s de ces tumeurs et les d\u00e9fis \u00e0 long terme auxquels sont confront\u00e9s les survivants, ainsi que le soutien et l'assistance que nous apportons aux patients et \u00e0 leurs familles.<\/p>\n\n\n\n<hr class=\"wp-block-separator has-alpha-channel-opacity\"\/>\n\n\n\n<h3 class=\"wp-block-heading\">Informations sur les maladies<\/h3>\n\n\n<div class=\"gb-grid-wrapper gb-grid-wrapper-cb0391de\">\n<div class=\"gb-grid-column gb-grid-column-f8123791\"><div class=\"gb-container gb-container-f8123791\"><a class=\"gb-container-link\" href=\"https:\/\/live-rawf.pantheonsite.io\/managing-diabetes-insipidus\/\" aria-label=\"Tumeurs hypothalamo-hypophysaires\"><\/a>\n<div class=\"gb-container gb-container-85bc812e\"><a class=\"gb-container-link\" href=\"https:\/\/live-rawf.pantheonsite.io\/hypothalamic-pituitary-brain-tumors\/\" aria-label=\"Tumeurs hypothalamo-hypophysaires\"><\/a>\n\n<div class=\"wp-block-columns is-layout-flex wp-container-core-columns-is-layout-9d6595d7 wp-block-columns-is-layout-flex\">\n<div class=\"wp-block-column is-layout-flow wp-block-column-is-layout-flow\" style=\"flex-basis:66.66%\">\n<h6 class=\"wp-block-heading\">Tumeurs hypothalamo-hypophysaires<\/h6>\n<\/div>\n\n\n\n<div class=\"wp-block-column is-layout-flow wp-block-column-is-layout-flow\" style=\"flex-basis:33.33%\"><div class=\"wp-block-image\">\n<figure class=\"alignleft size-large\"><img decoding=\"async\" width=\"100\" height=\"100\" src=\"https:\/\/live-rawf.pantheonsite.io\/wp-content\/uploads\/2023\/06\/brain.svg\" alt=\"ic\u00f4ne du cerveau\" class=\"wp-image-7285\" style=\"object-fit:cover\"\/><\/figure><\/div><\/div>\n<\/div>\n\n<\/div>\n<\/div><\/div>\n\n<div class=\"gb-grid-column gb-grid-column-1cc608a9\"><div class=\"gb-container gb-container-1cc608a9\">\n<div class=\"gb-container gb-container-bace8486\"><a class=\"gb-container-link\" href=\"https:\/\/live-rawf.pantheonsite.io\/craniopharyngioma\/\" aria-label=\"Cr\u00e2niopharyngiome\"><\/a>\n\n<div class=\"wp-block-columns is-layout-flex wp-container-core-columns-is-layout-9d6595d7 wp-block-columns-is-layout-flex\">\n<div class=\"wp-block-column is-layout-flow wp-block-column-is-layout-flow\" style=\"flex-basis:66.66%\">\n<h6 class=\"wp-block-heading\">Cr\u00e2niopharyngiome<\/h6>\n<\/div>\n\n\n\n<div class=\"wp-block-column is-layout-flow wp-block-column-is-layout-flow\" style=\"flex-basis:33.33%\"><div class=\"wp-block-image\">\n<figure class=\"alignleft size-large\"><img decoding=\"async\" width=\"100\" height=\"100\" src=\"https:\/\/live-rawf.pantheonsite.io\/wp-content\/uploads\/2023\/06\/brain.svg\" alt=\"ic\u00f4ne du cerveau\" class=\"wp-image-7285\"\/><\/figure><\/div><\/div>\n<\/div>\n\n<\/div>\n<\/div><\/div>\n\n<div class=\"gb-grid-column gb-grid-column-5c9582ad\"><div class=\"gb-container gb-container-5c9582ad\">\n<div class=\"gb-container gb-container-29b47932\"><a class=\"gb-container-link\" href=\"https:\/\/live-rawf.pantheonsite.io\/hypopituitarism\/\" aria-label=\"Hypopituitarisme\"><\/a>\n\n<div class=\"wp-block-columns is-layout-flex wp-container-core-columns-is-layout-9d6595d7 wp-block-columns-is-layout-flex\">\n<div class=\"wp-block-column is-layout-flow wp-block-column-is-layout-flow\" style=\"flex-basis:66.66%\">\n<h6 class=\"wp-block-heading\">Hypopituitarisme<\/h6>\n<\/div>\n\n\n\n<div class=\"wp-block-column is-layout-flow wp-block-column-is-layout-flow\" style=\"flex-basis:33.33%\"><div class=\"wp-block-image\">\n<figure class=\"alignleft size-large\"><img decoding=\"async\" width=\"100\" height=\"100\" src=\"https:\/\/live-rawf.pantheonsite.io\/wp-content\/uploads\/2023\/06\/brain.svg\" alt=\"ic\u00f4ne du cerveau\" class=\"wp-image-7285\"\/><\/figure><\/div><\/div>\n<\/div>\n\n<\/div>\n<\/div><\/div>\n<\/div>\n\n<div class=\"gb-grid-wrapper gb-grid-wrapper-a102a347\">\n<div class=\"gb-grid-column gb-grid-column-d8d4f066\"><div class=\"gb-container gb-container-d8d4f066\"><a class=\"gb-container-link\" href=\"https:\/\/live-rawf.pantheonsite.io\/managing-diabetes-insipidus\/\" aria-label=\"D\u00e9ficit en arginine-vasopressine (AVP-D)\"><\/a>\n<div class=\"gb-container gb-container-1fbd2c79\">\n\n<div class=\"wp-block-columns is-layout-flex wp-container-core-columns-is-layout-9d6595d7 wp-block-columns-is-layout-flex\">\n<div class=\"wp-block-column is-layout-flow wp-block-column-is-layout-flow\" style=\"flex-basis:66.66%\">\n<h6 class=\"wp-block-heading\">D\u00e9ficit en arginine-vasopressine (AVP-D)<\/h6>\n<\/div>\n\n\n\n<div class=\"wp-block-column is-layout-flow wp-block-column-is-layout-flow\" style=\"flex-basis:33.33%\"><div class=\"wp-block-image\">\n<figure class=\"alignleft size-large\"><img decoding=\"async\" width=\"100\" height=\"100\" src=\"https:\/\/live-rawf.pantheonsite.io\/wp-content\/uploads\/2023\/06\/water.svg\" alt=\"ic\u00f4ne de la goutte d&#039;eau\" class=\"wp-image-7291\" style=\"object-fit:cover\"\/><\/figure><\/div><\/div>\n<\/div>\n\n<\/div>\n<\/div><\/div>\n\n<div class=\"gb-grid-column gb-grid-column-964d9dd6\"><div class=\"gb-container gb-container-964d9dd6\">\n<div class=\"gb-container gb-container-8052ff2b\"><a class=\"gb-container-link\" href=\"https:\/\/live-rawf.pantheonsite.io\/hypothalamic-obesity\/\" aria-label=\"Ob\u00e9sit\u00e9 hypothalamique\"><\/a>\n\n<div class=\"wp-block-columns is-layout-flex wp-container-core-columns-is-layout-9d6595d7 wp-block-columns-is-layout-flex\">\n<div class=\"wp-block-column is-layout-flow wp-block-column-is-layout-flow\" style=\"flex-basis:66.66%\">\n<h6 class=\"wp-block-heading\">Ob\u00e9sit\u00e9 hypothalamique<\/h6>\n<\/div>\n\n\n\n<div class=\"wp-block-column is-layout-flow wp-block-column-is-layout-flow\" style=\"flex-basis:33.33%\"><div class=\"wp-block-image\">\n<figure class=\"alignleft size-large\"><img decoding=\"async\" width=\"100\" height=\"100\" src=\"https:\/\/live-rawf.pantheonsite.io\/wp-content\/uploads\/2023\/06\/scale.svg\" alt=\"Ic\u00f4ne d&#039;\u00e9chelle\" class=\"wp-image-7287\"\/><\/figure><\/div><\/div>\n<\/div>\n\n<\/div>\n<\/div><\/div>\n\n<div class=\"gb-grid-column gb-grid-column-4aa0e397\"><div class=\"gb-container gb-container-4aa0e397\">\n<div class=\"gb-container gb-container-3e46d788\"><a class=\"gb-container-link\" href=\"https:\/\/live-rawf.pantheonsite.io\/adrenal-insufficiency\/\" aria-label=\"Insuffisance surr\u00e9nale\"><\/a>\n\n<div class=\"wp-block-columns is-layout-flex wp-container-core-columns-is-layout-9d6595d7 wp-block-columns-is-layout-flex\">\n<div class=\"wp-block-column is-layout-flow wp-block-column-is-layout-flow\" style=\"flex-basis:66.66%\">\n<h6 class=\"wp-block-heading\">Insuffisance surr\u00e9nale<\/h6>\n<\/div>\n\n\n\n<div class=\"wp-block-column is-layout-flow wp-block-column-is-layout-flow\" style=\"flex-basis:33.33%\"><div class=\"wp-block-image\">\n<figure class=\"alignleft size-large\"><img decoding=\"async\" width=\"100\" height=\"100\" src=\"https:\/\/live-rawf.pantheonsite.io\/wp-content\/uploads\/2023\/06\/case.svg\" alt=\"Ic\u00f4ne du cas du m\u00e9decin\" class=\"wp-image-7290\"\/><\/figure><\/div><\/div>\n<\/div>\n\n<\/div>\n<\/div><\/div>\n<\/div>\n\n<div class=\"gb-container gb-container-087e47a4\"><a class=\"gb-container-link\" href=\"https:\/\/live-rawf.pantheonsite.io\/managing-diabetes-insipidus\/\" aria-label=\"D\u00e9ficit en hormone de croissance\"><\/a>\n<div class=\"gb-container gb-container-73f8de04\"><a class=\"gb-container-link\" href=\"https:\/\/live-rawf.pantheonsite.io\/growth-hormore-replacement\/\" aria-label=\"D\u00e9ficit en hormone de croissance\"><\/a>\n\n<div class=\"wp-block-columns is-layout-flex wp-container-core-columns-is-layout-9d6595d7 wp-block-columns-is-layout-flex\">\n<div class=\"wp-block-column is-layout-flow wp-block-column-is-layout-flow\" style=\"flex-basis:66.66%\">\n<h6 class=\"wp-block-heading\">D\u00e9ficit en hormone de croissance<\/h6>\n<\/div>\n\n\n\n<div class=\"wp-block-column is-layout-flow wp-block-column-is-layout-flow\" style=\"flex-basis:33.33%\"><div class=\"wp-block-image\">\n<figure class=\"alignleft size-large\"><img decoding=\"async\" width=\"101\" height=\"101\" src=\"https:\/\/live-rawf.pantheonsite.io\/wp-content\/uploads\/2023\/08\/growth.svg\" alt=\"Ic\u00f4ne avec r\u00e8gle\" class=\"wp-image-8366\" style=\"object-fit:cover\"\/><\/figure><\/div><\/div>\n<\/div>\n\n<\/div>\n<\/div>\n\n\n<hr class=\"wp-block-separator has-alpha-channel-opacity\"\/>\n\n\n\n<h3 class=\"wp-block-heading\">Essais cliniques en cours<\/h3>\n\n\n\n<iframe title=\"Essais cliniques\" class=\"power-partner-trial\" width=\"100%\" height=\"1700px\" frameborder=\"0\" scrolling=\"yes\" allowtransparency=\"true\" src=\"https:\/\/www.withpower.com\/partner-trials\/raymond-a-wood?shortcode=kpg9\"><\/iframe>\n\n\n\n<hr class=\"wp-block-separator has-alpha-channel-opacity\"\/>\n\n\n\n<h3 class=\"wp-block-heading\">Soutien aux patients<\/h3>\n\n\n\n<p>En tant que professionnel de la sant\u00e9, il est essentiel de guider vos patients atteints de tumeurs c\u00e9r\u00e9brales hypothalamo-hypophysaires vers les bonnes ressources. RAWF propose des programmes et des informations pour vous aider \u00e0 orienter vos patients et leurs familles vers le soutien dont ils ont besoin. Du mat\u00e9riel \u00e9ducatif aux ressources communautaires, nous offrons l'essentiel pour am\u00e9liorer les soins aux patients et leur qualit\u00e9 de vie.<\/p>\n\n\n\n<p><a href=\"https:\/\/www.rawoodfoundation.org\/fr\/nouvellement-diagnostique\/\">Soutien aux personnes nouvellement diagnostiqu\u00e9es<\/a><\/p>\n\n\n\n<p><a href=\"https:\/\/www.rawoodfoundation.org\/fr\/nos-objectifs\/\">Analyseurs de sang portables pour le d\u00e9pistage du d\u00e9ficit en arginine-vasopressine (AVP-D, diab\u00e8te insipide)<\/a><\/p>\n\n\n\n<p><a href=\"https:\/\/www.rawoodfoundation.org\/fr\/evenements\/\">Groupes de soutien aux soignants et aux patients<\/a><\/p>\n\n\n\n<p><a href=\"https:\/\/www.rawoodfoundation.org\/fr\/conference-annuelle\/\">Conf\u00e9rence semestrielle des patients<\/a><\/p>\n\n\n\n<p><a href=\"https:\/\/www.youtube.com\/channel\/UCyM_PCQiJzcXwL9H6_gXHFQ\" target=\"_blank\" rel=\"noreferrer noopener\">Vid\u00e9os d'information sur la gestion des maladies <\/a><\/p>\n\n\n\n<p><a href=\"https:\/\/www.rawoodfoundation.org\/wp-content\/uploads\/2024\/07\/HPTumors-RAWF.pdf\" target=\"_blank\" rel=\"noreferrer noopener\">Brochure t\u00e9l\u00e9chargeable : Tumeurs c\u00e9r\u00e9brales hypothalamo-hypophysaires et troubles endocriniens associ\u00e9s<\/a><\/p>\n\n\n\n<hr class=\"wp-block-separator has-alpha-channel-opacity\"\/>\n\n\n\n<figure class=\"wp-block-image size-large\"><img decoding=\"async\" width=\"1024\" height=\"195\" src=\"https:\/\/www.rawoodfoundation.org\/wp-content\/uploads\/2024\/04\/banner-1-1024x195.png\" alt=\"Registre des tumeurs HP - montre le gar\u00e7on et dit que votre participation est importante, rejoignez-le d\u00e8s aujourd&#039;hui.\" class=\"wp-image-9203\" srcset=\"https:\/\/www.rawoodfoundation.org\/wp-content\/uploads\/2024\/04\/banner-1-1024x195.png 1024w, https:\/\/www.rawoodfoundation.org\/wp-content\/uploads\/2024\/04\/banner-1-300x57.png 300w, https:\/\/www.rawoodfoundation.org\/wp-content\/uploads\/2024\/04\/banner-1-768x146.png 768w, https:\/\/www.rawoodfoundation.org\/wp-content\/uploads\/2024\/04\/banner-1-1536x292.png 1536w, https:\/\/www.rawoodfoundation.org\/wp-content\/uploads\/2024\/04\/banner-1-18x3.png 18w, https:\/\/www.rawoodfoundation.org\/wp-content\/uploads\/2024\/04\/banner-1.png 1579w\" sizes=\"(max-width: 1024px) 100vw, 1024px\" \/><\/figure>\n\n\n\n<div style=\"height:40px\" aria-hidden=\"true\" class=\"wp-block-spacer\"><\/div>\n\n\n\n<h3 class=\"wp-block-heading\">Registre des patients atteints de tumeurs c\u00e9r\u00e9brales hypothalamo-hypophysaires<\/h3>\n\n\n\n<p>\u00c9tabli en 2024 par la Fondation Raymond A. Wood, le registre est une base de donn\u00e9es compl\u00e8te et s\u00e9curis\u00e9e ouverte aux personnes atteintes de tumeurs c\u00e9r\u00e9brales hypothalamo-hypophysaires rares (p. ex. craniopharyngiome) et \u00e0 leurs soignants dans le monde entier.<\/p>\n\n\n\n<p>En rejoignant le registre des patients atteints de tumeurs c\u00e9r\u00e9brales hypothalamo-hypophysaires, vos patients et leurs soignants ont une occasion unique de partager leurs exp\u00e9riences et leurs points de vue sur leur parcours de soins. Leur participation contribue activement \u00e0 faire avancer la recherche et \u00e0 d\u00e9velopper de nouvelles options th\u00e9rapeutiques pour cette maladie rare.<\/p>\n\n\n\n<p>Comment vous pouvez aider :<\/p>\n\n\n\n<ul class=\"wp-block-list\">\n<li>Informez vos patients : Faites-leur conna\u00eetre l'existence et l'importance du registre.<\/li>\n\n\n\n<li>Soutenir la participation : Encouragez-les \u00e0 partager leurs exp\u00e9riences afin de faire progresser la recherche et les traitements.<\/li>\n<\/ul>\n\n\n\n<a class=\"gb-button gb-button-28adcfe7 gb-button-text\" href=\"https:\/\/www.rawoodfoundation.org\/fr\/registre-des-tumeurs\/\">En savoir plus \"<\/a>\n\n\n\n<hr class=\"wp-block-separator has-alpha-channel-opacity\"\/>\n\n\n<div class=\"gb-container gb-container-98493386\">\n\n<div class=\"wp-block-columns is-layout-flex wp-container-core-columns-is-layout-9d6595d7 wp-block-columns-is-layout-flex\">\n<div class=\"wp-block-column is-layout-flow wp-block-column-is-layout-flow\" style=\"flex-basis:33.33%\">\n<figure class=\"wp-block-image size-full\"><img decoding=\"async\" width=\"927\" height=\"618\" src=\"https:\/\/www.rawoodfoundation.org\/wp-content\/uploads\/2023\/09\/clinical-trial.jpg\" alt=\"Patient en cours de s\u00e9lection pour un essai\" class=\"wp-image-8609\" srcset=\"https:\/\/www.rawoodfoundation.org\/wp-content\/uploads\/2023\/09\/clinical-trial.jpg 927w, https:\/\/www.rawoodfoundation.org\/wp-content\/uploads\/2023\/09\/clinical-trial-300x200.jpg 300w, https:\/\/www.rawoodfoundation.org\/wp-content\/uploads\/2023\/09\/clinical-trial-768x512.jpg 768w, https:\/\/www.rawoodfoundation.org\/wp-content\/uploads\/2023\/09\/clinical-trial-18x12.jpg 18w\" sizes=\"(max-width: 927px) 100vw, 927px\" \/><\/figure>\n<\/div>\n\n\n\n<div class=\"wp-block-column is-layout-flow wp-block-column-is-layout-flow\" style=\"flex-basis:66.66%\">\n<h3 class=\"wp-block-heading\">Nous contacter<\/h3>\n\n\n\n<p>Si vous avez des questions ou si vous avez besoin d'aide, notre \u00e9quipe est l\u00e0 pour vous aider. Que vous recherchiez des informations compl\u00e9mentaires sur les tumeurs c\u00e9r\u00e9brales hypothalamo-hypophysaires, que vous ayez besoin de soutien pour vos patients ou que vous souhaitiez en savoir plus sur nos ressources et nos services, n'h\u00e9sitez pas \u00e0 nous contacter. N'h\u00e9sitez pas \u00e0 nous contacter directement par t\u00e9l\u00e9phone, par courrier \u00e9lectronique ou par le biais de notre formulaire de contact en ligne, et nous r\u00e9pondrons rapidement \u00e0 vos demandes.<\/p>\n\n\n\n<p class=\"gb-headline gb-headline-1207c705 round-icon\"><span class=\"gb-icon\"><svg aria-hidden=\"true\" role=\"img\" height=\"1em\" width=\"1em\" viewbox=\"0 0 256 512\" xmlns=\"http:\/\/www.w3.org\/2000\/svg\"><path fill=\"currentColor\" d=\"M224.3 273l-136 136c-9.4 9.4-24.6 9.4-33.9 0l-22.6-22.6c-9.4-9.4-9.4-24.6 0-33.9l96.4-96.4-96.4-96.4c-9.4-9.4-9.4-24.6 0-33.9L54.3 103c9.4-9.4 24.6-9.4 33.9 0l136 136c9.5 9.4 9.5 24.6.1 34z\"><\/path><\/svg><\/span><span class=\"gb-headline-text\"><a href=\"https:\/\/www.rawoodfoundation.org\/fr\/contact\/\">Prendre contact<\/a><\/span><\/p>\n<\/div>\n<\/div>\n\n<\/div>","protected":false},"excerpt":{"rendered":"<p>Des ressources compl\u00e8tes pour am\u00e9liorer les soins aux patients \u00c0 la Fondation Raymond A. Wood, nous nous consacrons ... <a title=\"Pour les professionnels de la sant\u00e9\" class=\"read-more\" href=\"https:\/\/www.rawoodfoundation.org\/fr\/for-medical-professionals\/\" aria-label=\"Plus d&#039;informations sur Pour les professionnels de la sant\u00e9\">Lire plus<\/a><\/p>","protected":false},"author":4,"featured_media":0,"parent":0,"menu_order":28,"comment_status":"closed","ping_status":"closed","template":"","meta":{"_acf_changed":false,"footnotes":""},"class_list":{"0":"post-9325","1":"page","2":"type-page","3":"status-publish","5":"no-featured-image-padding"},"acf":[],"yoast_head":"<!-- This site is optimized with the Yoast SEO plugin v27.3 - https:\/\/yoast.com\/product\/yoast-seo-wordpress\/ -->\n<title>For Medical Professionals - Raymond A. Wood Foundation<\/title>\n<meta name=\"robots\" content=\"index, follow, max-snippet:-1, max-image-preview:large, max-video-preview:-1\" \/>\n<link rel=\"canonical\" href=\"https:\/\/www.rawoodfoundation.org\/fr\/pour-les-professionnels-de-la-sante\/\" \/>\n<meta property=\"og:locale\" content=\"fr_FR\" \/>\n<meta property=\"og:type\" content=\"article\" \/>\n<meta property=\"og:title\" content=\"For Medical Professionals - Raymond A. Wood Foundation\" \/>\n<meta property=\"og:description\" content=\"Comprehensive Resources for Enhancing Patient Care At the Raymond A. Wood Foundation, we are dedicated ... Lire plus\" \/>\n<meta property=\"og:url\" content=\"https:\/\/www.rawoodfoundation.org\/fr\/pour-les-professionnels-de-la-sante\/\" \/>\n<meta property=\"og:site_name\" content=\"Raymond A. Wood Foundation\" \/>\n<meta property=\"article:publisher\" content=\"https:\/\/www.facebook.com\/rawoodfoundation\" \/>\n<meta property=\"article:modified_time\" content=\"2025-05-05T17:51:59+00:00\" \/>\n<meta property=\"og:image\" content=\"https:\/\/live-rawf.pantheonsite.io\/wp-content\/uploads\/2023\/06\/brain.svg\" \/>\n<meta name=\"twitter:card\" content=\"summary_large_image\" \/>\n<meta name=\"twitter:site\" content=\"@rawoodfound\" \/>\n<meta name=\"twitter:label1\" content=\"Est. reading time\" \/>\n\t<meta name=\"twitter:data1\" content=\"4 minutes\" \/>\n<script type=\"application\/ld+json\" class=\"yoast-schema-graph\">{\"@context\":\"https:\\\/\\\/schema.org\",\"@graph\":[{\"@type\":\"WebPage\",\"@id\":\"https:\\\/\\\/www.rawoodfoundation.org\\\/for-medical-professionals\\\/\",\"url\":\"https:\\\/\\\/www.rawoodfoundation.org\\\/for-medical-professionals\\\/\",\"name\":\"For Medical Professionals - Raymond A. Wood Foundation\",\"isPartOf\":{\"@id\":\"https:\\\/\\\/www.rawoodfoundation.org\\\/#website\"},\"primaryImageOfPage\":{\"@id\":\"https:\\\/\\\/www.rawoodfoundation.org\\\/for-medical-professionals\\\/#primaryimage\"},\"image\":{\"@id\":\"https:\\\/\\\/www.rawoodfoundation.org\\\/for-medical-professionals\\\/#primaryimage\"},\"thumbnailUrl\":\"https:\\\/\\\/live-rawf.pantheonsite.io\\\/wp-content\\\/uploads\\\/2023\\\/06\\\/brain.svg\",\"datePublished\":\"2024-07-23T18:41:58+00:00\",\"dateModified\":\"2025-05-05T17:51:59+00:00\",\"breadcrumb\":{\"@id\":\"https:\\\/\\\/www.rawoodfoundation.org\\\/for-medical-professionals\\\/#breadcrumb\"},\"inLanguage\":\"fr-FR\",\"potentialAction\":[{\"@type\":\"ReadAction\",\"target\":[\"https:\\\/\\\/www.rawoodfoundation.org\\\/for-medical-professionals\\\/\"]}]},{\"@type\":\"ImageObject\",\"inLanguage\":\"fr-FR\",\"@id\":\"https:\\\/\\\/www.rawoodfoundation.org\\\/for-medical-professionals\\\/#primaryimage\",\"url\":\"https:\\\/\\\/live-rawf.pantheonsite.io\\\/wp-content\\\/uploads\\\/2023\\\/06\\\/brain.svg\",\"contentUrl\":\"https:\\\/\\\/live-rawf.pantheonsite.io\\\/wp-content\\\/uploads\\\/2023\\\/06\\\/brain.svg\"},{\"@type\":\"BreadcrumbList\",\"@id\":\"https:\\\/\\\/www.rawoodfoundation.org\\\/for-medical-professionals\\\/#breadcrumb\",\"itemListElement\":[{\"@type\":\"ListItem\",\"position\":1,\"name\":\"Home\",\"item\":\"https:\\\/\\\/www.rawoodfoundation.org\\\/\"},{\"@type\":\"ListItem\",\"position\":2,\"name\":\"For Medical Professionals\"}]},{\"@type\":\"WebSite\",\"@id\":\"https:\\\/\\\/www.rawoodfoundation.org\\\/#website\",\"url\":\"https:\\\/\\\/www.rawoodfoundation.org\\\/\",\"name\":\"Raymond A. Wood Foundation\",\"description\":\"The mission of the RAWF is to provide quality of life support for childhood brain tumor survivors and their families.\",\"publisher\":{\"@id\":\"https:\\\/\\\/www.rawoodfoundation.org\\\/#organization\"},\"potentialAction\":[{\"@type\":\"SearchAction\",\"target\":{\"@type\":\"EntryPoint\",\"urlTemplate\":\"https:\\\/\\\/www.rawoodfoundation.org\\\/?s={search_term_string}\"},\"query-input\":{\"@type\":\"PropertyValueSpecification\",\"valueRequired\":true,\"valueName\":\"search_term_string\"}}],\"inLanguage\":\"fr-FR\"},{\"@type\":\"Organization\",\"@id\":\"https:\\\/\\\/www.rawoodfoundation.org\\\/#organization\",\"name\":\"Raymond A. Wood Foundation\",\"url\":\"https:\\\/\\\/www.rawoodfoundation.org\\\/\",\"logo\":{\"@type\":\"ImageObject\",\"inLanguage\":\"fr-FR\",\"@id\":\"https:\\\/\\\/www.rawoodfoundation.org\\\/#\\\/schema\\\/logo\\\/image\\\/\",\"url\":\"https:\\\/\\\/www.rawoodfoundation.org\\\/wp-content\\\/uploads\\\/2023\\\/07\\\/Raymond-A-Wood-Foundation-logo.webp\",\"contentUrl\":\"https:\\\/\\\/www.rawoodfoundation.org\\\/wp-content\\\/uploads\\\/2023\\\/07\\\/Raymond-A-Wood-Foundation-logo.webp\",\"width\":470,\"height\":128,\"caption\":\"Raymond A. Wood Foundation\"},\"image\":{\"@id\":\"https:\\\/\\\/www.rawoodfoundation.org\\\/#\\\/schema\\\/logo\\\/image\\\/\"},\"sameAs\":[\"https:\\\/\\\/www.facebook.com\\\/rawoodfoundation\",\"https:\\\/\\\/x.com\\\/rawoodfound\"]}]}<\/script>\n<!-- \/ Yoast SEO plugin. -->","yoast_head_json":{"title":"Pour les professionnels de la sant\u00e9 - Raymond A. Wood Foundation","robots":{"index":"index","follow":"follow","max-snippet":"max-snippet:-1","max-image-preview":"max-image-preview:large","max-video-preview":"max-video-preview:-1"},"canonical":"https:\/\/www.rawoodfoundation.org\/fr\/pour-les-professionnels-de-la-sante\/","og_locale":"fr_FR","og_type":"article","og_title":"For Medical Professionals - Raymond A. Wood Foundation","og_description":"Comprehensive Resources for Enhancing Patient Care At the Raymond A. Wood Foundation, we are dedicated ... Lire plus","og_url":"https:\/\/www.rawoodfoundation.org\/fr\/pour-les-professionnels-de-la-sante\/","og_site_name":"Raymond A. Wood Foundation","article_publisher":"https:\/\/www.facebook.com\/rawoodfoundation","article_modified_time":"2025-05-05T17:51:59+00:00","og_image":[{"url":"https:\/\/live-rawf.pantheonsite.io\/wp-content\/uploads\/2023\/06\/brain.svg","type":"","width":"","height":""}],"twitter_card":"summary_large_image","twitter_site":"@rawoodfound","twitter_misc":{"Est. reading time":"4 minutes"},"schema":{"@context":"https:\/\/schema.org","@graph":[{"@type":"WebPage","@id":"https:\/\/www.rawoodfoundation.org\/for-medical-professionals\/","url":"https:\/\/www.rawoodfoundation.org\/for-medical-professionals\/","name":"Pour les professionnels de la sant\u00e9 - Raymond A. Wood Foundation","isPartOf":{"@id":"https:\/\/www.rawoodfoundation.org\/#website"},"primaryImageOfPage":{"@id":"https:\/\/www.rawoodfoundation.org\/for-medical-professionals\/#primaryimage"},"image":{"@id":"https:\/\/www.rawoodfoundation.org\/for-medical-professionals\/#primaryimage"},"thumbnailUrl":"https:\/\/live-rawf.pantheonsite.io\/wp-content\/uploads\/2023\/06\/brain.svg","datePublished":"2024-07-23T18:41:58+00:00","dateModified":"2025-05-05T17:51:59+00:00","breadcrumb":{"@id":"https:\/\/www.rawoodfoundation.org\/for-medical-professionals\/#breadcrumb"},"inLanguage":"fr-FR","potentialAction":[{"@type":"ReadAction","target":["https:\/\/www.rawoodfoundation.org\/for-medical-professionals\/"]}]},{"@type":"ImageObject","inLanguage":"fr-FR","@id":"https:\/\/www.rawoodfoundation.org\/for-medical-professionals\/#primaryimage","url":"https:\/\/live-rawf.pantheonsite.io\/wp-content\/uploads\/2023\/06\/brain.svg","contentUrl":"https:\/\/live-rawf.pantheonsite.io\/wp-content\/uploads\/2023\/06\/brain.svg"},{"@type":"BreadcrumbList","@id":"https:\/\/www.rawoodfoundation.org\/for-medical-professionals\/#breadcrumb","itemListElement":[{"@type":"ListItem","position":1,"name":"Home","item":"https:\/\/www.rawoodfoundation.org\/"},{"@type":"ListItem","position":2,"name":"For Medical Professionals"}]},{"@type":"WebSite","@id":"https:\/\/www.rawoodfoundation.org\/#website","url":"https:\/\/www.rawoodfoundation.org\/","name":"Fondation Raymond A. Wood","description":"La mission de la RAWF est d'apporter un soutien \u00e0 la qualit\u00e9 de vie des survivants de tumeurs c\u00e9r\u00e9brales infantiles et de leurs familles.","publisher":{"@id":"https:\/\/www.rawoodfoundation.org\/#organization"},"potentialAction":[{"@type":"SearchAction","target":{"@type":"EntryPoint","urlTemplate":"https:\/\/www.rawoodfoundation.org\/?s={search_term_string}"},"query-input":{"@type":"PropertyValueSpecification","valueRequired":true,"valueName":"search_term_string"}}],"inLanguage":"fr-FR"},{"@type":"Organization","@id":"https:\/\/www.rawoodfoundation.org\/#organization","name":"Fondation Raymond A. Wood","url":"https:\/\/www.rawoodfoundation.org\/","logo":{"@type":"ImageObject","inLanguage":"fr-FR","@id":"https:\/\/www.rawoodfoundation.org\/#\/schema\/logo\/image\/","url":"https:\/\/www.rawoodfoundation.org\/wp-content\/uploads\/2023\/07\/Raymond-A-Wood-Foundation-logo.webp","contentUrl":"https:\/\/www.rawoodfoundation.org\/wp-content\/uploads\/2023\/07\/Raymond-A-Wood-Foundation-logo.webp","width":470,"height":128,"caption":"Raymond A. Wood Foundation"},"image":{"@id":"https:\/\/www.rawoodfoundation.org\/#\/schema\/logo\/image\/"},"sameAs":["https:\/\/www.facebook.com\/rawoodfoundation","https:\/\/x.com\/rawoodfound"]}]}},"_links":{"self":[{"href":"https:\/\/www.rawoodfoundation.org\/fr\/wp-json\/wp\/v2\/pages\/9325","targetHints":{"allow":["GET"]}}],"collection":[{"href":"https:\/\/www.rawoodfoundation.org\/fr\/wp-json\/wp\/v2\/pages"}],"about":[{"href":"https:\/\/www.rawoodfoundation.org\/fr\/wp-json\/wp\/v2\/types\/page"}],"author":[{"embeddable":true,"href":"https:\/\/www.rawoodfoundation.org\/fr\/wp-json\/wp\/v2\/users\/4"}],"replies":[{"embeddable":true,"href":"https:\/\/www.rawoodfoundation.org\/fr\/wp-json\/wp\/v2\/comments?post=9325"}],"version-history":[{"count":6,"href":"https:\/\/www.rawoodfoundation.org\/fr\/wp-json\/wp\/v2\/pages\/9325\/revisions"}],"predecessor-version":[{"id":12957,"href":"https:\/\/www.rawoodfoundation.org\/fr\/wp-json\/wp\/v2\/pages\/9325\/revisions\/12957"}],"wp:attachment":[{"href":"https:\/\/www.rawoodfoundation.org\/fr\/wp-json\/wp\/v2\/media?parent=9325"}],"curies":[{"name":"wp","href":"https:\/\/api.w.org\/{rel}","templated":true}]}}