{"id":9134,"date":"2024-04-03T16:49:03","date_gmt":"2024-04-03T16:49:03","guid":{"rendered":"https:\/\/www.rawoodfoundation.org\/?page_id=9134"},"modified":"2024-04-03T16:49:04","modified_gmt":"2024-04-03T16:49:04","slug":"politique-de-collecte-de-fonds","status":"publish","type":"page","link":"https:\/\/www.rawoodfoundation.org\/fr\/fundraising-policy\/","title":{"rendered":"Politique de collecte de fonds"},"content":{"rendered":"<p><strong>Introduction<\/strong><\/p>\n\n\n\n<p>La Fondation Raymond A. Wood d\u00e9pend de la g\u00e9n\u00e9rosit\u00e9 des personnes qui la soutiennent pour remplir sa mission et soutenir ses op\u00e9rations. \u00c0 ce titre, les activit\u00e9s de collecte de fonds jouent un r\u00f4le crucial pour nous permettre de mener \u00e0 bien notre travail de mani\u00e8re efficace. Cette politique d\u00e9crit notre approche de la collecte de fonds et d\u00e9finit des lignes directrices \u00e0 l'intention des personnes ou des groupes d\u00e9sireux de soutenir notre cause par le biais d'activit\u00e9s de collecte de fonds.<\/p>\n\n\n\n<p><strong>Principes<\/strong><\/p>\n\n\n\n<ol class=\"wp-block-list\">\n<li><strong>Transparence<\/strong>: La Fondation Raymond A. Wood s'engage \u00e0 faire preuve de transparence dans toutes ses activit\u00e9s de collecte de fonds. Nous nous effor\u00e7ons de fournir des informations claires et pr\u00e9cises aux donateurs, aux sympathisants et au public sur la mani\u00e8re dont leurs contributions sont utilis\u00e9es pour poursuivre notre mission.<\/li>\n\n\n\n<li><strong>Responsabilit\u00e9<\/strong>: Nous sommes responsables devant nos donateurs, nos sympathisants et les communaut\u00e9s que nous servons. Nous veillons \u00e0 ce que les fonds collect\u00e9s soient utilis\u00e9s de mani\u00e8re responsable et conform\u00e9ment aux objectifs et aux priorit\u00e9s de notre organisation.<\/li>\n\n\n\n<li><strong>Comportement \u00e9thique<\/strong>: La Fondation Raymond A. Wood adh\u00e8re aux normes \u00e9thiques les plus \u00e9lev\u00e9es dans toutes ses activit\u00e9s de collecte de fonds. Nous nous conformons aux lois et r\u00e9glementations r\u00e9gissant la collecte de fonds caritatifs et maintenons l'int\u00e9grit\u00e9 et l'honn\u00eatet\u00e9 dans nos interactions avec les donateurs et les sympathisants.<\/li>\n<\/ol>\n\n\n\n<p><strong>Activit\u00e9s de collecte de fonds<\/strong><\/p>\n\n\n\n<ol class=\"wp-block-list\">\n<li><strong>Collecte de fonds organisationnelle<\/strong>: La Fondation Raymond A. Wood peut organiser des \u00e9v\u00e9nements, des campagnes ou des initiatives de collecte de fonds afin de g\u00e9n\u00e9rer un soutien financier pour ses programmes et ses activit\u00e9s. Ces efforts sont coordonn\u00e9s et supervis\u00e9s par des employ\u00e9s ou des b\u00e9n\u00e9voles d\u00e9sign\u00e9s et sont men\u00e9s conform\u00e9ment aux lois et r\u00e9glementations en vigueur.<\/li>\n\n\n\n<li><strong>Collecte de fonds aupr\u00e8s de tiers<\/strong>: Les personnes ou les groupes int\u00e9ress\u00e9s par l'organisation d'activit\u00e9s de collecte de fonds au nom de la Fondation Raymond A. Wood sont invit\u00e9s \u00e0 le faire avec une autorisation pr\u00e9alable. Cependant, il est important de noter que les collecteurs de fonds tiers sont responsables de couvrir toutes les d\u00e9penses encourues pour l'organisation et l'accueil de leurs \u00e9v\u00e9nements ou initiatives. La Fondation Raymond A. Wood n'assume pas la responsabilit\u00e9 financi\u00e8re de ces d\u00e9penses.<\/li>\n\n\n\n<li><strong>Relations avec les donateurs<\/strong>: Nous appr\u00e9cions nos relations avec les donateurs et les sympathisants et nous nous effor\u00e7ons de cultiver des liens positifs et significatifs. Nous leur exprimons notre gratitude pour leurs contributions et les informons r\u00e9guli\u00e8rement de l'impact de leur soutien.<\/li>\n<\/ol>\n\n\n\n<p><strong>Lignes directrices pour les collectes de fonds<\/strong><\/p>\n\n\n\n<ol class=\"wp-block-list\">\n<li><strong>Processus d'approbation<\/strong>: Les personnes ou les groupes qui souhaitent organiser des activit\u00e9s de collecte de fonds au nom de la Fondation Raymond A. Wood doivent obtenir l'autorisation pr\u00e9alable de l'autorit\u00e9 comp\u00e9tente. Cela peut impliquer la soumission d'une proposition d\u00e9crivant l'initiative de collecte de fonds propos\u00e9e, y compris des d\u00e9tails tels que les objectifs, le budget, le calendrier et l'utilisation pr\u00e9vue des fonds.<\/li>\n\n\n\n<li><strong>Responsabilit\u00e9 financi\u00e8re<\/strong>: Les collecteurs de fonds tiers sont responsables de la gestion de tous les aspects financiers de leurs \u00e9v\u00e9nements ou initiatives, y compris la budg\u00e9tisation, les d\u00e9penses et la comptabilit\u00e9. La Fondation Raymond A. Wood ne fournit pas d'aide financi\u00e8re ou de remboursement pour les d\u00e9penses encourues par les collecteurs de fonds tiers.<\/li>\n\n\n\n<li><strong>Utilisation de la marque et du mat\u00e9riel<\/strong>: Les collecteurs de fonds doivent respecter les directives de la Raymond A. Wood Foundation en mati\u00e8re d'image de marque et obtenir l'autorisation d'utiliser tout logo, marque d\u00e9pos\u00e9e ou autre mat\u00e9riel propri\u00e9taire dans leur mat\u00e9riel promotionnel ou leurs communications.<\/li>\n\n\n\n<li><strong>Conformit\u00e9<\/strong>: Toutes les activit\u00e9s de collecte de fonds men\u00e9es au nom de la Fondation Raymond A. Wood doivent \u00eatre conformes aux lois et r\u00e9glementations en vigueur, y compris celles relatives \u00e0 la sollicitation d'\u0153uvres de bienfaisance, \u00e0 la fiscalit\u00e9 et \u00e0 l'information financi\u00e8re.<\/li>\n<\/ol>\n\n\n\n<p><strong>Conclusion<\/strong><\/p>\n\n\n\n<p>La Fondation Raymond A. Wood est reconnaissante du soutien des donateurs, des sympathisants et des collecteurs de fonds qui partagent notre engagement \u00e0 avoir un impact positif sur nos communaut\u00e9s. En adh\u00e9rant aux principes et aux lignes directrices d\u00e9crits dans cette politique, nous nous assurons que nos efforts de collecte de fonds sont men\u00e9s avec int\u00e9grit\u00e9, transparence et responsabilit\u00e9.<\/p>","protected":false},"excerpt":{"rendered":"<p>Introduction La Fondation Raymond A. Wood s'appuie sur la g\u00e9n\u00e9rosit\u00e9 de ses donateurs pour remplir sa mission ... <a title=\"Politique de collecte de fonds\" class=\"read-more\" href=\"https:\/\/www.rawoodfoundation.org\/fr\/fundraising-policy\/\" aria-label=\"En savoir plus sur la politique de collecte de fonds\">Lire plus<\/a><\/p>","protected":false},"author":4,"featured_media":0,"parent":0,"menu_order":31,"comment_status":"closed","ping_status":"closed","template":"","meta":{"_acf_changed":false,"footnotes":""},"class_list":{"0":"post-9134","1":"page","2":"type-page","3":"status-publish","5":"no-featured-image-padding"},"acf":[],"yoast_head":"<!-- This site is optimized with the Yoast SEO plugin v27.3 - https:\/\/yoast.com\/product\/yoast-seo-wordpress\/ -->\n<title>Fundraising Policy - Raymond A. Wood Foundation<\/title>\n<meta name=\"robots\" content=\"index, follow, max-snippet:-1, max-image-preview:large, max-video-preview:-1\" \/>\n<link rel=\"canonical\" href=\"https:\/\/www.rawoodfoundation.org\/fr\/politique-de-collecte-de-fonds\/\" \/>\n<meta property=\"og:locale\" content=\"fr_FR\" \/>\n<meta property=\"og:type\" content=\"article\" \/>\n<meta property=\"og:title\" content=\"Fundraising Policy - Raymond A. Wood Foundation\" \/>\n<meta property=\"og:description\" content=\"Introduction Raymond A. Wood Foundation relies on the generosity of supporters to fulfill its mission ... Lire plus\" \/>\n<meta property=\"og:url\" content=\"https:\/\/www.rawoodfoundation.org\/fr\/politique-de-collecte-de-fonds\/\" \/>\n<meta property=\"og:site_name\" content=\"Raymond A. Wood Foundation\" \/>\n<meta property=\"article:publisher\" content=\"https:\/\/www.facebook.com\/rawoodfoundation\" \/>\n<meta property=\"article:modified_time\" content=\"2024-04-03T16:49:04+00:00\" \/>\n<meta name=\"twitter:card\" content=\"summary_large_image\" \/>\n<meta name=\"twitter:site\" content=\"@rawoodfound\" \/>\n<meta name=\"twitter:label1\" content=\"Est. reading time\" \/>\n\t<meta name=\"twitter:data1\" content=\"3 minutes\" \/>\n<script type=\"application\/ld+json\" class=\"yoast-schema-graph\">{\"@context\":\"https:\\\/\\\/schema.org\",\"@graph\":[{\"@type\":\"WebPage\",\"@id\":\"https:\\\/\\\/www.rawoodfoundation.org\\\/fundraising-policy\\\/\",\"url\":\"https:\\\/\\\/www.rawoodfoundation.org\\\/fundraising-policy\\\/\",\"name\":\"Fundraising Policy - Raymond A. Wood Foundation\",\"isPartOf\":{\"@id\":\"https:\\\/\\\/www.rawoodfoundation.org\\\/#website\"},\"datePublished\":\"2024-04-03T16:49:03+00:00\",\"dateModified\":\"2024-04-03T16:49:04+00:00\",\"breadcrumb\":{\"@id\":\"https:\\\/\\\/www.rawoodfoundation.org\\\/fundraising-policy\\\/#breadcrumb\"},\"inLanguage\":\"fr-FR\",\"potentialAction\":[{\"@type\":\"ReadAction\",\"target\":[\"https:\\\/\\\/www.rawoodfoundation.org\\\/fundraising-policy\\\/\"]}]},{\"@type\":\"BreadcrumbList\",\"@id\":\"https:\\\/\\\/www.rawoodfoundation.org\\\/fundraising-policy\\\/#breadcrumb\",\"itemListElement\":[{\"@type\":\"ListItem\",\"position\":1,\"name\":\"Home\",\"item\":\"https:\\\/\\\/www.rawoodfoundation.org\\\/\"},{\"@type\":\"ListItem\",\"position\":2,\"name\":\"Fundraising Policy\"}]},{\"@type\":\"WebSite\",\"@id\":\"https:\\\/\\\/www.rawoodfoundation.org\\\/#website\",\"url\":\"https:\\\/\\\/www.rawoodfoundation.org\\\/\",\"name\":\"Raymond A. Wood Foundation\",\"description\":\"The mission of the RAWF is to provide quality of life support for childhood brain tumor survivors and their families.\",\"publisher\":{\"@id\":\"https:\\\/\\\/www.rawoodfoundation.org\\\/#organization\"},\"potentialAction\":[{\"@type\":\"SearchAction\",\"target\":{\"@type\":\"EntryPoint\",\"urlTemplate\":\"https:\\\/\\\/www.rawoodfoundation.org\\\/?s={search_term_string}\"},\"query-input\":{\"@type\":\"PropertyValueSpecification\",\"valueRequired\":true,\"valueName\":\"search_term_string\"}}],\"inLanguage\":\"fr-FR\"},{\"@type\":\"Organization\",\"@id\":\"https:\\\/\\\/www.rawoodfoundation.org\\\/#organization\",\"name\":\"Raymond A. Wood Foundation\",\"url\":\"https:\\\/\\\/www.rawoodfoundation.org\\\/\",\"logo\":{\"@type\":\"ImageObject\",\"inLanguage\":\"fr-FR\",\"@id\":\"https:\\\/\\\/www.rawoodfoundation.org\\\/#\\\/schema\\\/logo\\\/image\\\/\",\"url\":\"https:\\\/\\\/www.rawoodfoundation.org\\\/wp-content\\\/uploads\\\/2023\\\/07\\\/Raymond-A-Wood-Foundation-logo.webp\",\"contentUrl\":\"https:\\\/\\\/www.rawoodfoundation.org\\\/wp-content\\\/uploads\\\/2023\\\/07\\\/Raymond-A-Wood-Foundation-logo.webp\",\"width\":470,\"height\":128,\"caption\":\"Raymond A. Wood Foundation\"},\"image\":{\"@id\":\"https:\\\/\\\/www.rawoodfoundation.org\\\/#\\\/schema\\\/logo\\\/image\\\/\"},\"sameAs\":[\"https:\\\/\\\/www.facebook.com\\\/rawoodfoundation\",\"https:\\\/\\\/x.com\\\/rawoodfound\"]}]}<\/script>\n<!-- \/ Yoast SEO plugin. -->","yoast_head_json":{"title":"Politique de collecte de fonds - Raymond A. Wood Foundation","robots":{"index":"index","follow":"follow","max-snippet":"max-snippet:-1","max-image-preview":"max-image-preview:large","max-video-preview":"max-video-preview:-1"},"canonical":"https:\/\/www.rawoodfoundation.org\/fr\/politique-de-collecte-de-fonds\/","og_locale":"fr_FR","og_type":"article","og_title":"Fundraising Policy - Raymond A. Wood Foundation","og_description":"Introduction Raymond A. Wood Foundation relies on the generosity of supporters to fulfill its mission ... Lire plus","og_url":"https:\/\/www.rawoodfoundation.org\/fr\/politique-de-collecte-de-fonds\/","og_site_name":"Raymond A. Wood Foundation","article_publisher":"https:\/\/www.facebook.com\/rawoodfoundation","article_modified_time":"2024-04-03T16:49:04+00:00","twitter_card":"summary_large_image","twitter_site":"@rawoodfound","twitter_misc":{"Est. reading time":"3 minutes"},"schema":{"@context":"https:\/\/schema.org","@graph":[{"@type":"WebPage","@id":"https:\/\/www.rawoodfoundation.org\/fundraising-policy\/","url":"https:\/\/www.rawoodfoundation.org\/fundraising-policy\/","name":"Politique de collecte de fonds - Raymond A. Wood Foundation","isPartOf":{"@id":"https:\/\/www.rawoodfoundation.org\/#website"},"datePublished":"2024-04-03T16:49:03+00:00","dateModified":"2024-04-03T16:49:04+00:00","breadcrumb":{"@id":"https:\/\/www.rawoodfoundation.org\/fundraising-policy\/#breadcrumb"},"inLanguage":"fr-FR","potentialAction":[{"@type":"ReadAction","target":["https:\/\/www.rawoodfoundation.org\/fundraising-policy\/"]}]},{"@type":"BreadcrumbList","@id":"https:\/\/www.rawoodfoundation.org\/fundraising-policy\/#breadcrumb","itemListElement":[{"@type":"ListItem","position":1,"name":"Home","item":"https:\/\/www.rawoodfoundation.org\/"},{"@type":"ListItem","position":2,"name":"Fundraising Policy"}]},{"@type":"WebSite","@id":"https:\/\/www.rawoodfoundation.org\/#website","url":"https:\/\/www.rawoodfoundation.org\/","name":"Fondation Raymond A. Wood","description":"La mission de la RAWF est d'apporter un soutien \u00e0 la qualit\u00e9 de vie des survivants de tumeurs c\u00e9r\u00e9brales infantiles et de leurs familles.","publisher":{"@id":"https:\/\/www.rawoodfoundation.org\/#organization"},"potentialAction":[{"@type":"SearchAction","target":{"@type":"EntryPoint","urlTemplate":"https:\/\/www.rawoodfoundation.org\/?s={search_term_string}"},"query-input":{"@type":"PropertyValueSpecification","valueRequired":true,"valueName":"search_term_string"}}],"inLanguage":"fr-FR"},{"@type":"Organization","@id":"https:\/\/www.rawoodfoundation.org\/#organization","name":"Fondation Raymond A. Wood","url":"https:\/\/www.rawoodfoundation.org\/","logo":{"@type":"ImageObject","inLanguage":"fr-FR","@id":"https:\/\/www.rawoodfoundation.org\/#\/schema\/logo\/image\/","url":"https:\/\/www.rawoodfoundation.org\/wp-content\/uploads\/2023\/07\/Raymond-A-Wood-Foundation-logo.webp","contentUrl":"https:\/\/www.rawoodfoundation.org\/wp-content\/uploads\/2023\/07\/Raymond-A-Wood-Foundation-logo.webp","width":470,"height":128,"caption":"Raymond A. Wood Foundation"},"image":{"@id":"https:\/\/www.rawoodfoundation.org\/#\/schema\/logo\/image\/"},"sameAs":["https:\/\/www.facebook.com\/rawoodfoundation","https:\/\/x.com\/rawoodfound"]}]}},"_links":{"self":[{"href":"https:\/\/www.rawoodfoundation.org\/fr\/wp-json\/wp\/v2\/pages\/9134","targetHints":{"allow":["GET"]}}],"collection":[{"href":"https:\/\/www.rawoodfoundation.org\/fr\/wp-json\/wp\/v2\/pages"}],"about":[{"href":"https:\/\/www.rawoodfoundation.org\/fr\/wp-json\/wp\/v2\/types\/page"}],"author":[{"embeddable":true,"href":"https:\/\/www.rawoodfoundation.org\/fr\/wp-json\/wp\/v2\/users\/4"}],"replies":[{"embeddable":true,"href":"https:\/\/www.rawoodfoundation.org\/fr\/wp-json\/wp\/v2\/comments?post=9134"}],"version-history":[{"count":2,"href":"https:\/\/www.rawoodfoundation.org\/fr\/wp-json\/wp\/v2\/pages\/9134\/revisions"}],"predecessor-version":[{"id":9136,"href":"https:\/\/www.rawoodfoundation.org\/fr\/wp-json\/wp\/v2\/pages\/9134\/revisions\/9136"}],"wp:attachment":[{"href":"https:\/\/www.rawoodfoundation.org\/fr\/wp-json\/wp\/v2\/media?parent=9134"}],"curies":[{"name":"wp","href":"https:\/\/api.w.org\/{rel}","templated":true}]}}