{"id":9063,"date":"2024-03-22T17:43:55","date_gmt":"2024-03-22T17:43:55","guid":{"rendered":"https:\/\/www.rawoodfoundation.org\/?page_id=9063"},"modified":"2024-03-22T18:13:57","modified_gmt":"2024-03-22T18:13:57","slug":"rapport-annuel-de-lexercice-2023","status":"publish","type":"page","link":"https:\/\/www.rawoodfoundation.org\/fr\/fy-2023-annual-report\/","title":{"rendered":"Rapport annuel de l'exercice 2023"},"content":{"rendered":"<h2 class=\"wp-block-heading\">Donner aux patients les moyens d'agir, faire progresser la recherche : Un voyage \u00e0 travers notre rapport annuel de l'exercice 23<\/h2>\n\n\n<div class=\"wp-block-image\">\n<figure class=\"aligncenter size-full\"><a href=\"https:\/\/www.rawoodfoundation.org\/wp-content\/uploads\/2024\/03\/RAWF-FY-23-Annual-Report-Final-lo.pdf\"><img decoding=\"async\" width=\"630\" height=\"810\" src=\"https:\/\/www.rawoodfoundation.org\/wp-content\/uploads\/2024\/03\/impact.png\" alt=\"Graphique d&#039;impact de l&#039;exercice 23\" class=\"wp-image-9064\" srcset=\"https:\/\/www.rawoodfoundation.org\/wp-content\/uploads\/2024\/03\/impact.png 630w, https:\/\/www.rawoodfoundation.org\/wp-content\/uploads\/2024\/03\/impact-233x300.png 233w, https:\/\/www.rawoodfoundation.org\/wp-content\/uploads\/2024\/03\/impact-9x12.png 9w\" sizes=\"(max-width: 630px) 100vw, 630px\" \/><\/a><\/figure><\/div>\n\n\n<div style=\"height:43px\" aria-hidden=\"true\" class=\"wp-block-spacer\"><\/div>\n\n\n\n<p>Bienvenue dans le rapport annuel de la Fondation Raymond A. Wood pour l'exercice 2023. Alors que nous r\u00e9fl\u00e9chissons aux r\u00e9alisations, aux d\u00e9fis et aux avanc\u00e9es significatives de l'ann\u00e9e \u00e9coul\u00e9e, nous vous invitons \u00e0 voyager avec nous \u00e0 travers les pages de ce rapport. L'ann\u00e9e fiscale 2023 a \u00e9t\u00e9 marqu\u00e9e par la r\u00e9silience, l'innovation et un d\u00e9vouement in\u00e9branlable \u00e0 notre mission de d\u00e9fense et de soutien des survivants des tumeurs c\u00e9r\u00e9brales hypothalamo-hypophysaires dans le monde entier. Ensemble, nous avons affront\u00e9 les complexit\u00e9s des soins de sant\u00e9, fait avancer la recherche r\u00e9volutionnaire et renforc\u00e9 notre engagement \u00e0 am\u00e9liorer la vie des personnes touch\u00e9es par le craniopharyngiome et les affections connexes. Rejoignez-nous pour c\u00e9l\u00e9brer les \u00e9tapes franchies, remercier les personnes et les partenaires qui ont rendu tout cela possible et tracer la voie \u00e0 suivre pour continuer \u00e0 progresser et \u00e0 avoir un impact dans les ann\u00e9es \u00e0 venir.<\/p>\n\n\n<div class=\"gb-container gb-container-f6e20761\">\n\n<a class=\"gb-button gb-button-08ff6772 gb-button-text\" href=\"https:\/\/www.rawoodfoundation.org\/wp-content\/uploads\/2024\/03\/RAWF-FY-23-Annual-Report-Final-lo.pdf\" target=\"_blank\" rel=\"noopener noreferrer\"><strong>Voir le rapport annuel de l'exercice 2024 \"<\/strong><\/a>\n\n<\/div>\n\n\n<p><br><a href=\"https:\/\/www.rawoodfoundation.org\/fr\/rapport-annuel-pour-lexercice-22\/\">Voir le rapport annuel de l'exercice 2022 \"<\/a><\/p>\n\n\n\n<hr class=\"wp-block-separator has-alpha-channel-opacity\"\/>\n\n\n\n<h3 class=\"wp-block-heading\">Les points forts sont les suivants <\/h3>\n\n\n\n<div class=\"wp-block-columns is-layout-flex wp-container-core-columns-is-layout-9d6595d7 wp-block-columns-is-layout-flex\">\n<div class=\"wp-block-column is-layout-flow wp-block-column-is-layout-flow\">\n<p><strong>Notre raison d'\u00eatre : Ce qui nous motive dans notre d\u00e9fense des patients atteints de tumeurs c\u00e9r\u00e9brales<\/strong> <br>Nous croyons au pouvoir transformateur de la d\u00e9fense des droits, aliment\u00e9 par notre d\u00e9vouement in\u00e9branlable \u00e0 l'am\u00e9lioration de la vie des personnes touch\u00e9es par les tumeurs c\u00e9r\u00e9brales hypothalamo-hypophysaires. Notre engagement pour cette cause est ancr\u00e9 dans l'empathie, la compr\u00e9hension et la recherche incessante de meilleurs r\u00e9sultats pour les patients et leurs familles.<\/p>\n\n\n\n<p><strong>Ce que nous croyons : Notre vision, notre mission et nos valeurs fondamentales<\/strong> <br>Notre vision est celle d'un monde o\u00f9 chaque patient atteint d'une tumeur c\u00e9r\u00e9brale re\u00e7oit les soins, le soutien et les ressources dont il a besoin pour s'\u00e9panouir. Guid\u00e9s par cette vision, nous avons pour mission de d\u00e9fendre et d'autonomiser les personnes touch\u00e9es par des tumeurs c\u00e9r\u00e9brales hypothalamo-hypophysaires par le biais de programmes d'\u00e9ducation et de soutien et d'initiatives de recherche novatrices. Nos valeurs de compassion, d'int\u00e9grit\u00e9, de collaboration et de r\u00e9silience sont au c\u0153ur de notre travail.<\/p>\n\n\n\n<p><strong>Qui sommes-nous ? Notre personnel, notre conseil d'administration et notre conseil consultatif scientifique<\/strong> <br>La Fondation Raymond A. Wood est compos\u00e9e d'une \u00e9quipe d\u00e9vou\u00e9e de professionnels, de d\u00e9fenseurs passionn\u00e9s et d'experts estim\u00e9s dans le domaine de la recherche sur les tumeurs c\u00e9r\u00e9brales et des soins aux patients. Sous la direction de notre directeur ex\u00e9cutif et avec le soutien de notre conseil d'administration et de notre conseil consultatif scientifique, nous rassemblons des perspectives et des expertises diverses pour susciter des changements et des progr\u00e8s significatifs dans la lutte contre les tumeurs c\u00e9r\u00e9brales.<\/p>\n<\/div>\n\n\n\n<div class=\"wp-block-column is-layout-flow wp-block-column-is-layout-flow\">\n<p><strong>Notre impact : Le soutien que nous apportons \u00e0 notre communaut\u00e9 et les \u00e9tapes importantes que nous avons franchies au fil des ans<\/strong> <br>Depuis notre cr\u00e9ation, nous avons accompli des progr\u00e8s consid\u00e9rables en mati\u00e8re de sensibilisation, de recherche et de soutien aux personnes atteintes de tumeurs c\u00e9r\u00e9brales hypothalamo-hypophysaires. Qu'il s'agisse de fournir une aide directe aux patients et \u00e0 leurs familles ou de financer des initiatives de recherche r\u00e9volutionnaires, notre impact ne se mesure pas seulement en chiffres, mais aussi dans les vies que nous touchons et les communaut\u00e9s auxquelles nous donnons les moyens de s'\u00e9panouir.<\/p>\n\n\n\n<p><strong>Programmes et \u00e9v\u00e9nements : D\u00e9velopper des solutions pour les d\u00e9fis li\u00e9s \u00e0 la maladie et cr\u00e9er des opportunit\u00e9s pour l'\u00e9ducation<\/strong> <br>Gr\u00e2ce \u00e0 nos divers programmes et \u00e9v\u00e9nements, nous travaillons sans rel\u00e2che pour relever les d\u00e9fis auxquels sont confront\u00e9s les patients atteints de tumeurs c\u00e9r\u00e9brales et les soignants, tout en favorisant une culture de l'apprentissage et de l'autonomisation. Qu'il s'agisse d'ateliers \u00e9ducatifs, de groupes de soutien, de symposiums de recherche ou d'\u00e9v\u00e9nements de collecte de fonds, nos initiatives sont con\u00e7ues pour favoriser l'innovation, la collaboration et le changement positif dans le domaine de la d\u00e9fense des int\u00e9r\u00eats des personnes atteintes de tumeurs c\u00e9r\u00e9brales.<\/p>\n\n\n\n<p><\/p>\n<\/div>\n<\/div>\n\n\n\n<p>En parcourant les pages de notre rapport annuel, nous esp\u00e9rons que vous comprendrez l'impact profond de notre travail et que vous serez incit\u00e9 \u00e0 nous rejoindre dans notre mission, qui est de faire la diff\u00e9rence dans la vie des patients atteints de tumeurs c\u00e9r\u00e9brales dans le monde entier. Nous vous remercions de votre soutien continu et de votre partenariat, alors que nous nous effor\u00e7ons de cr\u00e9er un avenir meilleur pour toutes les personnes touch\u00e9es par cette maladie difficile.<\/p>\n\n\n\n<hr class=\"wp-block-separator has-alpha-channel-opacity\"\/>\n\n\n<div class=\"gb-container gb-container-98493386\">\n\n<div class=\"wp-block-columns is-layout-flex wp-container-core-columns-is-layout-9d6595d7 wp-block-columns-is-layout-flex\">\n<div class=\"wp-block-column is-layout-flow wp-block-column-is-layout-flow\" style=\"flex-basis:33.33%\">\n<figure class=\"wp-block-image size-full\"><img decoding=\"async\" width=\"360\" height=\"240\" src=\"https:\/\/live-rawf.pantheonsite.io\/wp-content\/uploads\/2023\/07\/thumb_jake-serota.jpg\" alt=\"\" class=\"wp-image-6963\" srcset=\"https:\/\/www.rawoodfoundation.org\/wp-content\/uploads\/2023\/07\/thumb_jake-serota.jpg 360w, https:\/\/www.rawoodfoundation.org\/wp-content\/uploads\/2023\/07\/thumb_jake-serota-300x200.jpg 300w, https:\/\/www.rawoodfoundation.org\/wp-content\/uploads\/2023\/07\/thumb_jake-serota-18x12.jpg 18w\" sizes=\"(max-width: 360px) 100vw, 360px\" \/><\/figure>\n<\/div>\n\n\n\n<div class=\"wp-block-column is-layout-flow wp-block-column-is-layout-flow\" style=\"flex-basis:66.66%\">\n<h3 class=\"wp-block-heading\">Soutenir notre mission<\/h3>\n\n\n\n<p>Votre soutien peut avoir un impact durable sur notre mission, nous permettant de cr\u00e9er un changement positif et de transformer la vie de ces survivants de tumeurs c\u00e9r\u00e9brales. Rejoignez-nous pour d\u00e9fendre cette cause et, ensemble, nous pouvons ouvrir la voie \u00e0 un avenir meilleur, non seulement pour ces patients, mais aussi pour la recherche sur le cerveau et l'aide aux patients.<\/p>\n\n\n\n<p class=\"gb-headline gb-headline-1207c705 round-icon\"><span class=\"gb-icon\"><svg aria-hidden=\"true\" role=\"img\" height=\"1em\" width=\"1em\" viewbox=\"0 0 256 512\" xmlns=\"http:\/\/www.w3.org\/2000\/svg\"><path fill=\"currentColor\" d=\"M224.3 273l-136 136c-9.4 9.4-24.6 9.4-33.9 0l-22.6-22.6c-9.4-9.4-9.4-24.6 0-33.9l96.4-96.4-96.4-96.4c-9.4-9.4-9.4-24.6 0-33.9L54.3 103c9.4-9.4 24.6-9.4 33.9 0l136 136c9.5 9.4 9.5 24.6.1 34z\"><\/path><\/svg><\/span><span class=\"gb-headline-text\"><a href=\"https:\/\/raymondawoodfoundation-bloom.kindful.com\/\">Faire un don pour faire avancer notre mission<\/a><\/span><\/p>\n<\/div>\n<\/div>\n\n<\/div>","protected":false},"excerpt":{"rendered":"<p>Renforcer les capacit\u00e9s des patients, faire progresser la recherche : Un voyage \u00e0 travers notre rapport annuel FY23 Bienvenue sur le site de Raymond ... <a title=\"Rapport annuel de l&#039;exercice 2023\" class=\"read-more\" href=\"https:\/\/www.rawoodfoundation.org\/fr\/fy-2023-annual-report\/\" aria-label=\"En savoir plus sur le rapport annuel de l&#039;exercice 2023\">Lire plus<\/a><\/p>","protected":false},"author":4,"featured_media":0,"parent":0,"menu_order":87,"comment_status":"closed","ping_status":"closed","template":"","meta":{"_acf_changed":false,"footnotes":""},"class_list":{"0":"post-9063","1":"page","2":"type-page","3":"status-publish","5":"no-featured-image-padding"},"acf":[],"yoast_head":"<!-- This site is optimized with the Yoast SEO plugin v27.3 - https:\/\/yoast.com\/product\/yoast-seo-wordpress\/ -->\n<title>FY 2023 Annual Report - Raymond A. Wood Foundation<\/title>\n<meta name=\"description\" content=\"Discover our 2022 Annual Report.\" \/>\n<meta name=\"robots\" content=\"index, follow, max-snippet:-1, max-image-preview:large, max-video-preview:-1\" \/>\n<link rel=\"canonical\" href=\"https:\/\/www.rawoodfoundation.org\/fr\/rapport-annuel-de-lexercice-2023\/\" \/>\n<meta property=\"og:locale\" content=\"fr_FR\" \/>\n<meta property=\"og:type\" content=\"article\" \/>\n<meta property=\"og:title\" content=\"FY 2023 Annual Report - Raymond A. Wood Foundation\" \/>\n<meta property=\"og:description\" content=\"Discover our 2022 Annual Report.\" \/>\n<meta property=\"og:url\" content=\"https:\/\/www.rawoodfoundation.org\/fr\/rapport-annuel-de-lexercice-2023\/\" \/>\n<meta property=\"og:site_name\" content=\"Raymond A. Wood Foundation\" \/>\n<meta property=\"article:publisher\" content=\"https:\/\/www.facebook.com\/rawoodfoundation\" \/>\n<meta property=\"article:modified_time\" content=\"2024-03-22T18:13:57+00:00\" \/>\n<meta property=\"og:image\" content=\"https:\/\/www.rawoodfoundation.org\/wp-content\/uploads\/2024\/03\/impact.png\" \/>\n<meta name=\"twitter:card\" content=\"summary_large_image\" \/>\n<meta name=\"twitter:site\" content=\"@rawoodfound\" \/>\n<meta name=\"twitter:label1\" content=\"Est. reading time\" \/>\n\t<meta name=\"twitter:data1\" content=\"4 minutes\" \/>\n<script type=\"application\/ld+json\" class=\"yoast-schema-graph\">{\"@context\":\"https:\\\/\\\/schema.org\",\"@graph\":[{\"@type\":\"WebPage\",\"@id\":\"https:\\\/\\\/www.rawoodfoundation.org\\\/fy-2023-annual-report\\\/\",\"url\":\"https:\\\/\\\/www.rawoodfoundation.org\\\/fy-2023-annual-report\\\/\",\"name\":\"FY 2023 Annual Report - Raymond A. Wood Foundation\",\"isPartOf\":{\"@id\":\"https:\\\/\\\/www.rawoodfoundation.org\\\/#website\"},\"primaryImageOfPage\":{\"@id\":\"https:\\\/\\\/www.rawoodfoundation.org\\\/fy-2023-annual-report\\\/#primaryimage\"},\"image\":{\"@id\":\"https:\\\/\\\/www.rawoodfoundation.org\\\/fy-2023-annual-report\\\/#primaryimage\"},\"thumbnailUrl\":\"https:\\\/\\\/www.rawoodfoundation.org\\\/wp-content\\\/uploads\\\/2024\\\/03\\\/impact.png\",\"datePublished\":\"2024-03-22T17:43:55+00:00\",\"dateModified\":\"2024-03-22T18:13:57+00:00\",\"description\":\"Discover our 2022 Annual Report.\",\"breadcrumb\":{\"@id\":\"https:\\\/\\\/www.rawoodfoundation.org\\\/fy-2023-annual-report\\\/#breadcrumb\"},\"inLanguage\":\"fr-FR\",\"potentialAction\":[{\"@type\":\"ReadAction\",\"target\":[\"https:\\\/\\\/www.rawoodfoundation.org\\\/fy-2023-annual-report\\\/\"]}]},{\"@type\":\"ImageObject\",\"inLanguage\":\"fr-FR\",\"@id\":\"https:\\\/\\\/www.rawoodfoundation.org\\\/fy-2023-annual-report\\\/#primaryimage\",\"url\":\"https:\\\/\\\/www.rawoodfoundation.org\\\/wp-content\\\/uploads\\\/2024\\\/03\\\/impact.png\",\"contentUrl\":\"https:\\\/\\\/www.rawoodfoundation.org\\\/wp-content\\\/uploads\\\/2024\\\/03\\\/impact.png\"},{\"@type\":\"BreadcrumbList\",\"@id\":\"https:\\\/\\\/www.rawoodfoundation.org\\\/fy-2023-annual-report\\\/#breadcrumb\",\"itemListElement\":[{\"@type\":\"ListItem\",\"position\":1,\"name\":\"Home\",\"item\":\"https:\\\/\\\/www.rawoodfoundation.org\\\/\"},{\"@type\":\"ListItem\",\"position\":2,\"name\":\"FY 2023 Annual Report\"}]},{\"@type\":\"WebSite\",\"@id\":\"https:\\\/\\\/www.rawoodfoundation.org\\\/#website\",\"url\":\"https:\\\/\\\/www.rawoodfoundation.org\\\/\",\"name\":\"Raymond A. Wood Foundation\",\"description\":\"The mission of the RAWF is to provide quality of life support for childhood brain tumor survivors and their families.\",\"publisher\":{\"@id\":\"https:\\\/\\\/www.rawoodfoundation.org\\\/#organization\"},\"potentialAction\":[{\"@type\":\"SearchAction\",\"target\":{\"@type\":\"EntryPoint\",\"urlTemplate\":\"https:\\\/\\\/www.rawoodfoundation.org\\\/?s={search_term_string}\"},\"query-input\":{\"@type\":\"PropertyValueSpecification\",\"valueRequired\":true,\"valueName\":\"search_term_string\"}}],\"inLanguage\":\"fr-FR\"},{\"@type\":\"Organization\",\"@id\":\"https:\\\/\\\/www.rawoodfoundation.org\\\/#organization\",\"name\":\"Raymond A. Wood Foundation\",\"url\":\"https:\\\/\\\/www.rawoodfoundation.org\\\/\",\"logo\":{\"@type\":\"ImageObject\",\"inLanguage\":\"fr-FR\",\"@id\":\"https:\\\/\\\/www.rawoodfoundation.org\\\/#\\\/schema\\\/logo\\\/image\\\/\",\"url\":\"https:\\\/\\\/www.rawoodfoundation.org\\\/wp-content\\\/uploads\\\/2023\\\/07\\\/Raymond-A-Wood-Foundation-logo.webp\",\"contentUrl\":\"https:\\\/\\\/www.rawoodfoundation.org\\\/wp-content\\\/uploads\\\/2023\\\/07\\\/Raymond-A-Wood-Foundation-logo.webp\",\"width\":470,\"height\":128,\"caption\":\"Raymond A. Wood Foundation\"},\"image\":{\"@id\":\"https:\\\/\\\/www.rawoodfoundation.org\\\/#\\\/schema\\\/logo\\\/image\\\/\"},\"sameAs\":[\"https:\\\/\\\/www.facebook.com\\\/rawoodfoundation\",\"https:\\\/\\\/x.com\\\/rawoodfound\"]}]}<\/script>\n<!-- \/ Yoast SEO plugin. -->","yoast_head_json":{"title":"Rapport annuel de l'exercice 2023 - Raymond A. Wood Foundation","description":"D\u00e9couvrez notre rapport annuel 2022.","robots":{"index":"index","follow":"follow","max-snippet":"max-snippet:-1","max-image-preview":"max-image-preview:large","max-video-preview":"max-video-preview:-1"},"canonical":"https:\/\/www.rawoodfoundation.org\/fr\/rapport-annuel-de-lexercice-2023\/","og_locale":"fr_FR","og_type":"article","og_title":"FY 2023 Annual Report - Raymond A. Wood Foundation","og_description":"Discover our 2022 Annual Report.","og_url":"https:\/\/www.rawoodfoundation.org\/fr\/rapport-annuel-de-lexercice-2023\/","og_site_name":"Raymond A. Wood Foundation","article_publisher":"https:\/\/www.facebook.com\/rawoodfoundation","article_modified_time":"2024-03-22T18:13:57+00:00","og_image":[{"url":"https:\/\/www.rawoodfoundation.org\/wp-content\/uploads\/2024\/03\/impact.png","type":"","width":"","height":""}],"twitter_card":"summary_large_image","twitter_site":"@rawoodfound","twitter_misc":{"Est. reading time":"4 minutes"},"schema":{"@context":"https:\/\/schema.org","@graph":[{"@type":"WebPage","@id":"https:\/\/www.rawoodfoundation.org\/fy-2023-annual-report\/","url":"https:\/\/www.rawoodfoundation.org\/fy-2023-annual-report\/","name":"Rapport annuel de l'exercice 2023 - Raymond A. Wood Foundation","isPartOf":{"@id":"https:\/\/www.rawoodfoundation.org\/#website"},"primaryImageOfPage":{"@id":"https:\/\/www.rawoodfoundation.org\/fy-2023-annual-report\/#primaryimage"},"image":{"@id":"https:\/\/www.rawoodfoundation.org\/fy-2023-annual-report\/#primaryimage"},"thumbnailUrl":"https:\/\/www.rawoodfoundation.org\/wp-content\/uploads\/2024\/03\/impact.png","datePublished":"2024-03-22T17:43:55+00:00","dateModified":"2024-03-22T18:13:57+00:00","description":"D\u00e9couvrez notre rapport annuel 2022.","breadcrumb":{"@id":"https:\/\/www.rawoodfoundation.org\/fy-2023-annual-report\/#breadcrumb"},"inLanguage":"fr-FR","potentialAction":[{"@type":"ReadAction","target":["https:\/\/www.rawoodfoundation.org\/fy-2023-annual-report\/"]}]},{"@type":"ImageObject","inLanguage":"fr-FR","@id":"https:\/\/www.rawoodfoundation.org\/fy-2023-annual-report\/#primaryimage","url":"https:\/\/www.rawoodfoundation.org\/wp-content\/uploads\/2024\/03\/impact.png","contentUrl":"https:\/\/www.rawoodfoundation.org\/wp-content\/uploads\/2024\/03\/impact.png"},{"@type":"BreadcrumbList","@id":"https:\/\/www.rawoodfoundation.org\/fy-2023-annual-report\/#breadcrumb","itemListElement":[{"@type":"ListItem","position":1,"name":"Home","item":"https:\/\/www.rawoodfoundation.org\/"},{"@type":"ListItem","position":2,"name":"FY 2023 Annual Report"}]},{"@type":"WebSite","@id":"https:\/\/www.rawoodfoundation.org\/#website","url":"https:\/\/www.rawoodfoundation.org\/","name":"Fondation Raymond A. Wood","description":"La mission de la RAWF est d'apporter un soutien \u00e0 la qualit\u00e9 de vie des survivants de tumeurs c\u00e9r\u00e9brales infantiles et de leurs familles.","publisher":{"@id":"https:\/\/www.rawoodfoundation.org\/#organization"},"potentialAction":[{"@type":"SearchAction","target":{"@type":"EntryPoint","urlTemplate":"https:\/\/www.rawoodfoundation.org\/?s={search_term_string}"},"query-input":{"@type":"PropertyValueSpecification","valueRequired":true,"valueName":"search_term_string"}}],"inLanguage":"fr-FR"},{"@type":"Organization","@id":"https:\/\/www.rawoodfoundation.org\/#organization","name":"Fondation Raymond A. Wood","url":"https:\/\/www.rawoodfoundation.org\/","logo":{"@type":"ImageObject","inLanguage":"fr-FR","@id":"https:\/\/www.rawoodfoundation.org\/#\/schema\/logo\/image\/","url":"https:\/\/www.rawoodfoundation.org\/wp-content\/uploads\/2023\/07\/Raymond-A-Wood-Foundation-logo.webp","contentUrl":"https:\/\/www.rawoodfoundation.org\/wp-content\/uploads\/2023\/07\/Raymond-A-Wood-Foundation-logo.webp","width":470,"height":128,"caption":"Raymond A. Wood Foundation"},"image":{"@id":"https:\/\/www.rawoodfoundation.org\/#\/schema\/logo\/image\/"},"sameAs":["https:\/\/www.facebook.com\/rawoodfoundation","https:\/\/x.com\/rawoodfound"]}]}},"_links":{"self":[{"href":"https:\/\/www.rawoodfoundation.org\/fr\/wp-json\/wp\/v2\/pages\/9063","targetHints":{"allow":["GET"]}}],"collection":[{"href":"https:\/\/www.rawoodfoundation.org\/fr\/wp-json\/wp\/v2\/pages"}],"about":[{"href":"https:\/\/www.rawoodfoundation.org\/fr\/wp-json\/wp\/v2\/types\/page"}],"author":[{"embeddable":true,"href":"https:\/\/www.rawoodfoundation.org\/fr\/wp-json\/wp\/v2\/users\/4"}],"replies":[{"embeddable":true,"href":"https:\/\/www.rawoodfoundation.org\/fr\/wp-json\/wp\/v2\/comments?post=9063"}],"version-history":[{"count":16,"href":"https:\/\/www.rawoodfoundation.org\/fr\/wp-json\/wp\/v2\/pages\/9063\/revisions"}],"predecessor-version":[{"id":9095,"href":"https:\/\/www.rawoodfoundation.org\/fr\/wp-json\/wp\/v2\/pages\/9063\/revisions\/9095"}],"wp:attachment":[{"href":"https:\/\/www.rawoodfoundation.org\/fr\/wp-json\/wp\/v2\/media?parent=9063"}],"curies":[{"name":"wp","href":"https:\/\/api.w.org\/{rel}","templated":true}]}}