{"id":8722,"date":"2023-11-13T22:01:21","date_gmt":"2023-11-13T22:01:21","guid":{"rendered":"https:\/\/www.rawoodfoundation.org\/?page_id=8722"},"modified":"2023-11-13T22:03:50","modified_gmt":"2023-11-13T22:03:50","slug":"outil-de-collecte-de-fonds","status":"publish","type":"page","link":"https:\/\/www.rawoodfoundation.org\/fr\/fundraisertoolkit\/","title":{"rendered":"Bo\u00eete \u00e0 outils pour les collecteurs de fonds"},"content":{"rendered":"<p>\u00cates-vous pr\u00eat \u00e0 <em><a href=\"https:\/\/givebutter.com\/movingforRAWF\"><strong><span style=\"text-decoration: underline;\">Bouger pour une mission<\/span><\/strong> <\/a><\/em>avec nous ? Collectez des fonds pour soutenir la Raymond A. Wood Foundation et la communaut\u00e9 des tumeurs c\u00e9r\u00e9brales rares alors que nous nous dirigeons vers <strong>2 023 minutes<\/strong> et augmenter <strong>$23,000 <\/strong>pour les services de recherche et de soutien direct de RAWF avant la fin de l'ann\u00e9e 2023. <\/p>\n\n\n\n<h2 class=\"gb-headline gb-headline-92511f2d gb-headline-text\"><strong>C'est si simple de commencer !<\/strong><\/h2>\n\n\n\n<ol class=\"wp-block-list\">\n<li>Choisissez la dur\u00e9e et les objectifs de collecte de fonds qui vous conviennent. Pour commencer, nous sugg\u00e9rons 100 minutes par personne et un objectif de collecte de fonds de $1 000. Mais cela peut varier en fonction de la fa\u00e7on dont vous pr\u00e9voyez de vous d\u00e9placer... en marchant, en courant, en faisant du v\u00e9lo, etc. Tout ce qui vous convient le mieux !<\/li>\n\n\n\n<li>Cr\u00e9ez votre page de collecte de fonds et partagez votre histoire - pourquoi vous \u00eates en mission pour bouger avec RAWF pendant les f\u00eates de fin d'ann\u00e9e. Consultez notre&nbsp;<strong>Bo\u00eete \u00e0 outils pour les collecteurs de fonds<\/strong>&nbsp;ci-dessous pour en savoir plus et commencer.<\/li>\n\n\n\n<li>Faites passer le message et bougez ! Suivez vos minutes et partagez vos progr\u00e8s avec nous et vos supporters en utilisant #movingforRAWF. Taguez-nous sur Instagram, Facebook et envoyez des mises \u00e0 jour par courriel \u00e0&nbsp;<a href=\"mailto:development@rawoodfoundation.org\" target=\"_blank\" rel=\"noreferrer noopener\">development@rawoodfoundation.org<\/a>&nbsp;pour une mise en avant !<\/li>\n\n\n\n<li>Restez \u00e0 l'\u00e9coute pour conna\u00eetre les activit\u00e9s de remise en forme en groupe qui se d\u00e9rouleront au cours du mois ! N'oubliez pas de t\u00e9l\u00e9charger notre&nbsp;<strong><a href=\"https:\/\/www.rawoodfoundation.org\/wp-content\/uploads\/2023\/11\/RAWF-Moving-for-A-Mission-Printable-Tracker.pdf\" target=\"_blank\" rel=\"noreferrer noopener\">D\u00e9m\u00e9nagement d'un traqueur de minutes de mission !<\/a><\/strong><\/li>\n<\/ol>\n\n\n\n<a class=\"gb-button gb-button-04f66a5c gb-button-text\" href=\"https:\/\/givebutter.com\/movingforRAWF\" target=\"_blank\" rel=\"noopener noreferrer\"><strong>S'inscrire pour collecter des fonds et bouger<\/strong><\/a>\n\n\n\n<p><\/p>\n\n\n\n<h2 class=\"gb-headline gb-headline-7c2b0a7a gb-headline-text\"><strong>Bo\u00eete \u00e0 outils pour les collecteurs de fonds<\/strong><\/h2>\n\n\n\n<p><em><strong>Pour commencer<\/strong><\/em><\/p>\n\n\n\n<ol class=\"wp-block-list\">\n<li><a href=\"https:\/\/www.rawoodfoundation.org\/wp-content\/uploads\/2023\/11\/How-To-Set-Up-Your-Fundraiser_RAWF_2023-Giving-Tuesday.pdf\"><span style=\"text-decoration: underline;\">Comment mettre en place votre Fonds<\/span><\/a><a href=\"https:\/\/www.rawoodfoundation.org\/wp-content\/uploads\/2023\/11\/How-To-Set-Up-Your-Fundraiser_RAWF_2023-Giving-Tuesday.pdf\" target=\"_blank\" rel=\"noreferrer noopener\"><span style=\"text-decoration: underline;\">aising Page<\/span><\/a><\/li>\n\n\n\n<li><a href=\"https:\/\/www.rawoodfoundation.org\/wp-content\/uploads\/2023\/11\/Fundraising-Tips_RAWF_2023.pdf\"><span style=\"text-decoration: underline;\">Collecte de fonds <\/span><\/a><a href=\"https:\/\/www.rawoodfoundation.org\/wp-content\/uploads\/2023\/11\/Fundraising-Tips_RAWF_2023.pdf\" target=\"_blank\" rel=\"noreferrer noopener\"><span style=\"text-decoration: underline;\">Conseils<\/span><\/a><\/li>\n\n\n\n<li><a href=\"https:\/\/www.rawoodfoundation.org\/wp-content\/uploads\/2023\/11\/Sharing-Your-Why_RAWF_2023.pdf\"><span style=\"text-decoration: underline;\">\u00c9crire sur son \"pourquoi\" et plus encore<\/span><\/a><a href=\"https:\/\/www.rawoodfoundation.org\/wp-content\/uploads\/2023\/11\/Sharing-Your-Why_RAWF_2023.pdf\" target=\"_blank\" rel=\"noreferrer noopener\"><span style=\"text-decoration: underline;\">t RAWF<\/span><\/a><\/li>\n<\/ol>\n\n\n\n<p><em><strong>Ressources pour la collecte de fonds<\/strong><\/em><\/p>\n\n\n\n<ol class=\"wp-block-list\">\n<li><a href=\"https:\/\/www.rawoodfoundation.org\/wp-content\/uploads\/2023\/11\/Sample-Fundraiser-Email_RAWF_2023.pdf\" target=\"_blank\" rel=\"noreferrer noopener\"><span style=\"text-decoration: underline;\">Exemple d'e-mail de collecte de fonds<\/span><\/a><\/li>\n\n\n\n<li>Contenu des m\u00e9dias sociaux \n\n\n\n\n\n\n<ul class=\"wp-block-list\">\n<li><a href=\"https:\/\/www.rawoodfoundation.org\/wp-content\/uploads\/2023\/11\/Social-Media-Resources-RAWF-2023.pdf\" target=\"_blank\" rel=\"noreferrer noopener\"><span style=\"text-decoration: underline;\">Ressources sur les m\u00e9dias sociaux<\/span><\/a><\/li>\n\n\n\n<li><a href=\"https:\/\/www.rawoodfoundation.org\/wp-content\/uploads\/2023\/11\/Logos-20231113T215123Z-001.zip\" target=\"_blank\" rel=\"noreferrer noopener\"><span style=\"text-decoration: underline;\">Logos<\/span><\/a><\/li>\n<\/ul>\n\n\n\n<ul class=\"wp-block-list\">\n<li><a href=\"https:\/\/www.rawoodfoundation.org\/wp-content\/uploads\/2023\/11\/Instagram-Story-20231113T215056Z-001.zip\" target=\"_blank\" rel=\"noreferrer noopener\"><span style=\"text-decoration: underline;\">Instagram Story Pos<\/span><\/a><a href=\"https:\/\/www.rawoodfoundation.org\/wp-content\/uploads\/2023\/11\/Instagram-Story-20231113T215056Z-001.zip\"><span style=\"text-decoration: underline;\">t<\/span><\/a> + <span style=\"text-decoration: underline;\"><a href=\"https:\/\/www.rawoodfoundation.org\/wp-content\/uploads\/2023\/11\/Instagram-Grid-Square-20231113T215053Z-001.zip\" target=\"_blank\" rel=\"noreferrer noopener\">G<\/a><a href=\"https:\/\/www.rawoodfoundation.org\/wp-content\/uploads\/2023\/11\/Instagram-Grid-Square-20231113T215053Z-001.zip\">rid Post<\/a><\/span> Mod\u00e8les<\/li>\n<\/ul>\n<\/li>\n\n\n\n<li>Des compteurs de minutes (pour noter quand et combien de temps vous bougez !)\n<ul class=\"wp-block-list\">\n<li><a href=\"https:\/\/www.rawoodfoundation.org\/wp-content\/uploads\/2023\/11\/Moving-for-Mission-Digital-Minutes-Tracker.xlsx\" target=\"_blank\" rel=\"noreferrer noopener\"><span style=\"text-decoration: underline;\">Version num\u00e9rique<\/span><\/a><\/li>\n\n\n\n<li><a href=\"https:\/\/www.rawoodfoundation.org\/wp-content\/uploads\/2023\/11\/RAWF-Moving-for-A-Mission-Printable-Tracker.pdf\" target=\"_blank\" rel=\"noreferrer noopener\"><span style=\"text-decoration: underline;\">Version imprimable<\/span><\/a><\/li>\n<\/ul>\n<\/li>\n<\/ol>\n\n\n\n<p><em><strong>Restez \u00e0 l'\u00e9coute pour plus de ressources et d'activit\u00e9s RAWF pour vous aider \u00e0 atteindre vos objectifs de mouvement et de collecte de fonds. <\/strong>Veuillez contacter <a href=\"mailto:development@rawoodfoundation.org\"><span style=\"text-decoration: underline;\">development@rawoodfoundation.org<\/span><\/a> pour toute question ou pour obtenir une aide suppl\u00e9mentaire en mati\u00e8re de collecte de fonds. <\/em><\/p>","protected":false},"excerpt":{"rendered":"<p>\u00cates-vous pr\u00eat \u00e0 bouger pour une mission avec nous ? Collectez des fonds pour soutenir la ... <a title=\"Bo\u00eete \u00e0 outils pour les collecteurs de fonds\" class=\"read-more\" href=\"https:\/\/www.rawoodfoundation.org\/fr\/fundraisertoolkit\/\" aria-label=\"En savoir plus sur la bo\u00eete \u00e0 outils pour les collecteurs de fonds\">Lire plus<\/a><\/p>","protected":false},"author":4,"featured_media":0,"parent":0,"menu_order":36,"comment_status":"closed","ping_status":"closed","template":"","meta":{"_acf_changed":false,"footnotes":""},"class_list":{"0":"post-8722","1":"page","2":"type-page","3":"status-publish","5":"no-featured-image-padding"},"acf":[],"yoast_head":"<!-- This site is optimized with the Yoast SEO plugin v27.3 - https:\/\/yoast.com\/product\/yoast-seo-wordpress\/ -->\n<title>Fundraiser Toolkit - Raymond A. Wood Foundation<\/title>\n<meta name=\"robots\" content=\"index, follow, max-snippet:-1, max-image-preview:large, max-video-preview:-1\" \/>\n<link rel=\"canonical\" href=\"https:\/\/www.rawoodfoundation.org\/fr\/outil-de-collecte-de-fonds\/\" \/>\n<meta property=\"og:locale\" content=\"fr_FR\" \/>\n<meta property=\"og:type\" content=\"article\" \/>\n<meta property=\"og:title\" content=\"Fundraiser Toolkit - Raymond A. Wood Foundation\" \/>\n<meta property=\"og:description\" content=\"Are you ready to Move For A Mission with us? Fundraise in support of the ... Lire plus\" \/>\n<meta property=\"og:url\" content=\"https:\/\/www.rawoodfoundation.org\/fr\/outil-de-collecte-de-fonds\/\" \/>\n<meta property=\"og:site_name\" content=\"Raymond A. Wood Foundation\" \/>\n<meta property=\"article:publisher\" content=\"https:\/\/www.facebook.com\/rawoodfoundation\" \/>\n<meta property=\"article:modified_time\" content=\"2023-11-13T22:03:50+00:00\" \/>\n<meta name=\"twitter:card\" content=\"summary_large_image\" \/>\n<meta name=\"twitter:site\" content=\"@rawoodfound\" \/>\n<meta name=\"twitter:label1\" content=\"Est. reading time\" \/>\n\t<meta name=\"twitter:data1\" content=\"2 minutes\" \/>\n<script type=\"application\/ld+json\" class=\"yoast-schema-graph\">{\"@context\":\"https:\\\/\\\/schema.org\",\"@graph\":[{\"@type\":\"WebPage\",\"@id\":\"https:\\\/\\\/www.rawoodfoundation.org\\\/fundraisertoolkit\\\/\",\"url\":\"https:\\\/\\\/www.rawoodfoundation.org\\\/fundraisertoolkit\\\/\",\"name\":\"Fundraiser Toolkit - Raymond A. Wood Foundation\",\"isPartOf\":{\"@id\":\"https:\\\/\\\/www.rawoodfoundation.org\\\/#website\"},\"datePublished\":\"2023-11-13T22:01:21+00:00\",\"dateModified\":\"2023-11-13T22:03:50+00:00\",\"breadcrumb\":{\"@id\":\"https:\\\/\\\/www.rawoodfoundation.org\\\/fundraisertoolkit\\\/#breadcrumb\"},\"inLanguage\":\"fr-FR\",\"potentialAction\":[{\"@type\":\"ReadAction\",\"target\":[\"https:\\\/\\\/www.rawoodfoundation.org\\\/fundraisertoolkit\\\/\"]}]},{\"@type\":\"BreadcrumbList\",\"@id\":\"https:\\\/\\\/www.rawoodfoundation.org\\\/fundraisertoolkit\\\/#breadcrumb\",\"itemListElement\":[{\"@type\":\"ListItem\",\"position\":1,\"name\":\"Home\",\"item\":\"https:\\\/\\\/www.rawoodfoundation.org\\\/\"},{\"@type\":\"ListItem\",\"position\":2,\"name\":\"Fundraiser Toolkit\"}]},{\"@type\":\"WebSite\",\"@id\":\"https:\\\/\\\/www.rawoodfoundation.org\\\/#website\",\"url\":\"https:\\\/\\\/www.rawoodfoundation.org\\\/\",\"name\":\"Raymond A. Wood Foundation\",\"description\":\"The mission of the RAWF is to provide quality of life support for childhood brain tumor survivors and their families.\",\"publisher\":{\"@id\":\"https:\\\/\\\/www.rawoodfoundation.org\\\/#organization\"},\"potentialAction\":[{\"@type\":\"SearchAction\",\"target\":{\"@type\":\"EntryPoint\",\"urlTemplate\":\"https:\\\/\\\/www.rawoodfoundation.org\\\/?s={search_term_string}\"},\"query-input\":{\"@type\":\"PropertyValueSpecification\",\"valueRequired\":true,\"valueName\":\"search_term_string\"}}],\"inLanguage\":\"fr-FR\"},{\"@type\":\"Organization\",\"@id\":\"https:\\\/\\\/www.rawoodfoundation.org\\\/#organization\",\"name\":\"Raymond A. Wood Foundation\",\"url\":\"https:\\\/\\\/www.rawoodfoundation.org\\\/\",\"logo\":{\"@type\":\"ImageObject\",\"inLanguage\":\"fr-FR\",\"@id\":\"https:\\\/\\\/www.rawoodfoundation.org\\\/#\\\/schema\\\/logo\\\/image\\\/\",\"url\":\"https:\\\/\\\/www.rawoodfoundation.org\\\/wp-content\\\/uploads\\\/2023\\\/07\\\/Raymond-A-Wood-Foundation-logo.webp\",\"contentUrl\":\"https:\\\/\\\/www.rawoodfoundation.org\\\/wp-content\\\/uploads\\\/2023\\\/07\\\/Raymond-A-Wood-Foundation-logo.webp\",\"width\":470,\"height\":128,\"caption\":\"Raymond A. Wood Foundation\"},\"image\":{\"@id\":\"https:\\\/\\\/www.rawoodfoundation.org\\\/#\\\/schema\\\/logo\\\/image\\\/\"},\"sameAs\":[\"https:\\\/\\\/www.facebook.com\\\/rawoodfoundation\",\"https:\\\/\\\/x.com\\\/rawoodfound\"]}]}<\/script>\n<!-- \/ Yoast SEO plugin. -->","yoast_head_json":{"title":"Bo\u00eete \u00e0 outils pour la collecte de fonds - Raymond A. Wood Foundation","robots":{"index":"index","follow":"follow","max-snippet":"max-snippet:-1","max-image-preview":"max-image-preview:large","max-video-preview":"max-video-preview:-1"},"canonical":"https:\/\/www.rawoodfoundation.org\/fr\/outil-de-collecte-de-fonds\/","og_locale":"fr_FR","og_type":"article","og_title":"Fundraiser Toolkit - Raymond A. Wood Foundation","og_description":"Are you ready to Move For A Mission with us? Fundraise in support of the ... Lire plus","og_url":"https:\/\/www.rawoodfoundation.org\/fr\/outil-de-collecte-de-fonds\/","og_site_name":"Raymond A. Wood Foundation","article_publisher":"https:\/\/www.facebook.com\/rawoodfoundation","article_modified_time":"2023-11-13T22:03:50+00:00","twitter_card":"summary_large_image","twitter_site":"@rawoodfound","twitter_misc":{"Est. reading time":"2 minutes"},"schema":{"@context":"https:\/\/schema.org","@graph":[{"@type":"WebPage","@id":"https:\/\/www.rawoodfoundation.org\/fundraisertoolkit\/","url":"https:\/\/www.rawoodfoundation.org\/fundraisertoolkit\/","name":"Bo\u00eete \u00e0 outils pour la collecte de fonds - Raymond A. Wood Foundation","isPartOf":{"@id":"https:\/\/www.rawoodfoundation.org\/#website"},"datePublished":"2023-11-13T22:01:21+00:00","dateModified":"2023-11-13T22:03:50+00:00","breadcrumb":{"@id":"https:\/\/www.rawoodfoundation.org\/fundraisertoolkit\/#breadcrumb"},"inLanguage":"fr-FR","potentialAction":[{"@type":"ReadAction","target":["https:\/\/www.rawoodfoundation.org\/fundraisertoolkit\/"]}]},{"@type":"BreadcrumbList","@id":"https:\/\/www.rawoodfoundation.org\/fundraisertoolkit\/#breadcrumb","itemListElement":[{"@type":"ListItem","position":1,"name":"Home","item":"https:\/\/www.rawoodfoundation.org\/"},{"@type":"ListItem","position":2,"name":"Fundraiser Toolkit"}]},{"@type":"WebSite","@id":"https:\/\/www.rawoodfoundation.org\/#website","url":"https:\/\/www.rawoodfoundation.org\/","name":"Fondation Raymond A. Wood","description":"La mission de la RAWF est d'apporter un soutien \u00e0 la qualit\u00e9 de vie des survivants de tumeurs c\u00e9r\u00e9brales infantiles et de leurs familles.","publisher":{"@id":"https:\/\/www.rawoodfoundation.org\/#organization"},"potentialAction":[{"@type":"SearchAction","target":{"@type":"EntryPoint","urlTemplate":"https:\/\/www.rawoodfoundation.org\/?s={search_term_string}"},"query-input":{"@type":"PropertyValueSpecification","valueRequired":true,"valueName":"search_term_string"}}],"inLanguage":"fr-FR"},{"@type":"Organization","@id":"https:\/\/www.rawoodfoundation.org\/#organization","name":"Fondation Raymond A. Wood","url":"https:\/\/www.rawoodfoundation.org\/","logo":{"@type":"ImageObject","inLanguage":"fr-FR","@id":"https:\/\/www.rawoodfoundation.org\/#\/schema\/logo\/image\/","url":"https:\/\/www.rawoodfoundation.org\/wp-content\/uploads\/2023\/07\/Raymond-A-Wood-Foundation-logo.webp","contentUrl":"https:\/\/www.rawoodfoundation.org\/wp-content\/uploads\/2023\/07\/Raymond-A-Wood-Foundation-logo.webp","width":470,"height":128,"caption":"Raymond A. Wood Foundation"},"image":{"@id":"https:\/\/www.rawoodfoundation.org\/#\/schema\/logo\/image\/"},"sameAs":["https:\/\/www.facebook.com\/rawoodfoundation","https:\/\/x.com\/rawoodfound"]}]}},"_links":{"self":[{"href":"https:\/\/www.rawoodfoundation.org\/fr\/wp-json\/wp\/v2\/pages\/8722","targetHints":{"allow":["GET"]}}],"collection":[{"href":"https:\/\/www.rawoodfoundation.org\/fr\/wp-json\/wp\/v2\/pages"}],"about":[{"href":"https:\/\/www.rawoodfoundation.org\/fr\/wp-json\/wp\/v2\/types\/page"}],"author":[{"embeddable":true,"href":"https:\/\/www.rawoodfoundation.org\/fr\/wp-json\/wp\/v2\/users\/4"}],"replies":[{"embeddable":true,"href":"https:\/\/www.rawoodfoundation.org\/fr\/wp-json\/wp\/v2\/comments?post=8722"}],"version-history":[{"count":14,"href":"https:\/\/www.rawoodfoundation.org\/fr\/wp-json\/wp\/v2\/pages\/8722\/revisions"}],"predecessor-version":[{"id":8746,"href":"https:\/\/www.rawoodfoundation.org\/fr\/wp-json\/wp\/v2\/pages\/8722\/revisions\/8746"}],"wp:attachment":[{"href":"https:\/\/www.rawoodfoundation.org\/fr\/wp-json\/wp\/v2\/media?parent=8722"}],"curies":[{"name":"wp","href":"https:\/\/api.w.org\/{rel}","templated":true}]}}