{"id":8694,"date":"2023-11-09T14:33:20","date_gmt":"2023-11-09T14:33:20","guid":{"rendered":"https:\/\/www.rawoodfoundation.org\/?page_id=8694"},"modified":"2025-01-24T15:19:06","modified_gmt":"2025-01-24T15:19:06","slug":"inscription-par-courrier-electronique","status":"publish","type":"page","link":"https:\/\/www.rawoodfoundation.org\/fr\/email-sign-up\/","title":{"rendered":"Rester inform\u00e9 et connect\u00e9"},"content":{"rendered":"<h2 class=\"wp-block-heading\"><strong>Rejoignez notre liste d'adresses \u00e9lectroniques pour recevoir des mises \u00e0 jour et des informations.<\/strong><\/h2>\n\n\n\n<p>Nous vous invitons \u00e0 rejoindre notre communaut\u00e9. En vous inscrivant \u00e0 notre liste de diffusion, vous recevrez r\u00e9guli\u00e8rement des informations sur les nouveaut\u00e9s, les d\u00e9veloppements de la recherche et les \u00e9v\u00e9nements. Ne vous inqui\u00e9tez pas, nous respectons votre vie priv\u00e9e et ne partagerons pas vos informations avec qui que ce soit.<\/p>\n\n\n\n<script src=\"https:\/\/s3-us-west-2.amazonaws.com\/bloomerang-public-cdn\/raymondawoodfoundation\/.widget-js\/543744.js\" type=\"text\/javascript\"><\/script>\n\n\n\n<div style=\"height:59px\" aria-hidden=\"true\" class=\"wp-block-spacer\"><\/div>\n\n\n\n<h4 class=\"wp-block-heading\"><strong>Des questions ?<\/strong><\/h4>\n\n\n\n<p>Si vous avez des questions ou si vous avez besoin d'aide, n'h\u00e9sitez pas \u00e0 nous contacter \u00e0 l'adresse suivante <a href=\"mailto:outreach@rawoodfoundation.org\">outreach@rawoodfoundation.org<\/a>.<\/p>\n\n\n\n<hr class=\"wp-block-separator has-alpha-channel-opacity\"\/>\n\n\n<div class=\"gb-container gb-container-b0faa0a2\">\n\n<div class=\"wp-block-columns is-layout-flex wp-container-core-columns-is-layout-9d6595d7 wp-block-columns-is-layout-flex\">\n<div class=\"wp-block-column is-layout-flow wp-block-column-is-layout-flow\" style=\"flex-basis:33.33%\"><div class=\"gb-container gb-container-254db55e\">\n\n<figure class=\"wp-block-image size-full\"><img decoding=\"async\" width=\"302\" height=\"407\" src=\"https:\/\/www.rawoodfoundation.org\/wp-content\/uploads\/2024\/07\/jake.png\" alt=\"\" class=\"wp-image-9298\" srcset=\"https:\/\/www.rawoodfoundation.org\/wp-content\/uploads\/2024\/07\/jake.png 302w, https:\/\/www.rawoodfoundation.org\/wp-content\/uploads\/2024\/07\/jake-223x300.png 223w, https:\/\/www.rawoodfoundation.org\/wp-content\/uploads\/2024\/07\/jake-9x12.png 9w\" sizes=\"(max-width: 302px) 100vw, 302px\" \/><\/figure>\n\n<\/div><\/div>\n\n\n\n<div class=\"wp-block-column is-layout-flow wp-block-column-is-layout-flow\" style=\"flex-basis:66.66%\"><div class=\"gb-container gb-container-2c4590e8\">\n\n<h3 class=\"gb-headline gb-headline-094bad58 gb-headline-text\">Faire progresser la recherche sur l'ob\u00e9sit\u00e9 hypothalamique<\/h3>\n\n\n\n<p class=\"gb-headline gb-headline-33254764 gb-headline-text\">Votre voix est essentielle pour relever les d\u00e9fis de l'ob\u00e9sit\u00e9 hypothalamique et de l'hyperphagie ! Rejoignez-nous pour fa\u00e7onner l'avenir de la recherche en vous inscrivant au registre des patients atteints de tumeurs c\u00e9r\u00e9brales hypothalamiques et hypophysaires. Votre participation, \u00e0 votre propre rythme, apportera des informations pr\u00e9cieuses pour mieux comprendre et traiter ces maladies.<\/p>\n\n\n\n<p class=\"gb-headline gb-headline-52423adb round-icon\"><span class=\"gb-icon\"><svg aria-hidden=\"true\" role=\"img\" height=\"1em\" width=\"1em\" viewbox=\"0 0 256 512\" xmlns=\"http:\/\/www.w3.org\/2000\/svg\"><path fill=\"currentColor\" d=\"M224.3 273l-136 136c-9.4 9.4-24.6 9.4-33.9 0l-22.6-22.6c-9.4-9.4-9.4-24.6 0-33.9l96.4-96.4-96.4-96.4c-9.4-9.4-9.4-24.6 0-33.9L54.3 103c9.4-9.4 24.6-9.4 33.9 0l136 136c9.5 9.4 9.5 24.6.1 34z\"><\/path><\/svg><\/span><span class=\"gb-headline-text\"><a href=\"https:\/\/www.rawoodfoundation.org\/fr\/registre-des-tumeurs\/\">En savoir plus<\/a><\/span><\/p>\n\n<\/div>\n\n\n<figure class=\"wp-block-image size-large\"><img decoding=\"async\" width=\"1024\" height=\"192\" src=\"https:\/\/www.rawoodfoundation.org\/wp-content\/uploads\/2024\/07\/logoFinal-1024x192.png\" alt=\"\" class=\"wp-image-9299\" srcset=\"https:\/\/www.rawoodfoundation.org\/wp-content\/uploads\/2024\/07\/logoFinal-1024x192.png 1024w, https:\/\/www.rawoodfoundation.org\/wp-content\/uploads\/2024\/07\/logoFinal-300x56.png 300w, https:\/\/www.rawoodfoundation.org\/wp-content\/uploads\/2024\/07\/logoFinal-768x144.png 768w, https:\/\/www.rawoodfoundation.org\/wp-content\/uploads\/2024\/07\/logoFinal-18x3.png 18w, https:\/\/www.rawoodfoundation.org\/wp-content\/uploads\/2024\/07\/logoFinal.png 1485w\" sizes=\"(max-width: 1024px) 100vw, 1024px\" \/><\/figure>\n<\/div>\n\n\n\n<div class=\"wp-block-column is-layout-flow wp-block-column-is-layout-flow\"><\/div>\n<\/div>\n\n<\/div>","protected":false},"excerpt":{"rendered":"<p>Rejoignez notre liste de diffusion pour recevoir des mises \u00e0 jour et des informations Nous vous invitons \u00e0 rejoindre notre communaut\u00e9. ... <a title=\"Rester inform\u00e9 et connect\u00e9\" class=\"read-more\" href=\"https:\/\/www.rawoodfoundation.org\/fr\/email-sign-up\/\" aria-label=\"Plus d&#039;informations sur Restez inform\u00e9s et connect\u00e9s\">Lire plus<\/a><\/p>","protected":false},"author":4,"featured_media":0,"parent":0,"menu_order":39,"comment_status":"closed","ping_status":"closed","template":"","meta":{"_acf_changed":false,"footnotes":""},"class_list":{"0":"post-8694","1":"page","2":"type-page","3":"status-publish","5":"no-featured-image-padding"},"acf":[],"yoast_head":"<!-- This site is optimized with the Yoast SEO plugin v27.3 - https:\/\/yoast.com\/product\/yoast-seo-wordpress\/ -->\n<title>Stay Informed and Connected - Raymond A. Wood Foundation<\/title>\n<meta name=\"robots\" content=\"index, follow, max-snippet:-1, max-image-preview:large, max-video-preview:-1\" \/>\n<link rel=\"canonical\" href=\"https:\/\/www.rawoodfoundation.org\/fr\/inscription-par-courrier-electronique\/\" \/>\n<meta property=\"og:locale\" content=\"fr_FR\" \/>\n<meta property=\"og:type\" content=\"article\" \/>\n<meta property=\"og:title\" content=\"Stay Informed and Connected - Raymond A. Wood Foundation\" \/>\n<meta property=\"og:description\" content=\"Join Our Email List for Updates and Insights We invite you to join our community. ... Lire plus\" \/>\n<meta property=\"og:url\" content=\"https:\/\/www.rawoodfoundation.org\/fr\/inscription-par-courrier-electronique\/\" \/>\n<meta property=\"og:site_name\" content=\"Raymond A. Wood Foundation\" \/>\n<meta property=\"article:publisher\" content=\"https:\/\/www.facebook.com\/rawoodfoundation\" \/>\n<meta property=\"article:modified_time\" content=\"2025-01-24T15:19:06+00:00\" \/>\n<meta property=\"og:image\" content=\"https:\/\/www.rawoodfoundation.org\/wp-content\/uploads\/2024\/07\/jake.png\" \/>\n<meta name=\"twitter:card\" content=\"summary_large_image\" \/>\n<meta name=\"twitter:site\" content=\"@rawoodfound\" \/>\n<meta name=\"twitter:label1\" content=\"Est. reading time\" \/>\n\t<meta name=\"twitter:data1\" content=\"1 minute\" \/>\n<script type=\"application\/ld+json\" class=\"yoast-schema-graph\">{\"@context\":\"https:\\\/\\\/schema.org\",\"@graph\":[{\"@type\":\"WebPage\",\"@id\":\"https:\\\/\\\/www.rawoodfoundation.org\\\/email-sign-up\\\/\",\"url\":\"https:\\\/\\\/www.rawoodfoundation.org\\\/email-sign-up\\\/\",\"name\":\"Stay Informed and Connected - Raymond A. Wood Foundation\",\"isPartOf\":{\"@id\":\"https:\\\/\\\/www.rawoodfoundation.org\\\/#website\"},\"primaryImageOfPage\":{\"@id\":\"https:\\\/\\\/www.rawoodfoundation.org\\\/email-sign-up\\\/#primaryimage\"},\"image\":{\"@id\":\"https:\\\/\\\/www.rawoodfoundation.org\\\/email-sign-up\\\/#primaryimage\"},\"thumbnailUrl\":\"https:\\\/\\\/www.rawoodfoundation.org\\\/wp-content\\\/uploads\\\/2024\\\/07\\\/jake.png\",\"datePublished\":\"2023-11-09T14:33:20+00:00\",\"dateModified\":\"2025-01-24T15:19:06+00:00\",\"breadcrumb\":{\"@id\":\"https:\\\/\\\/www.rawoodfoundation.org\\\/email-sign-up\\\/#breadcrumb\"},\"inLanguage\":\"fr-FR\",\"potentialAction\":[{\"@type\":\"ReadAction\",\"target\":[\"https:\\\/\\\/www.rawoodfoundation.org\\\/email-sign-up\\\/\"]}]},{\"@type\":\"ImageObject\",\"inLanguage\":\"fr-FR\",\"@id\":\"https:\\\/\\\/www.rawoodfoundation.org\\\/email-sign-up\\\/#primaryimage\",\"url\":\"https:\\\/\\\/www.rawoodfoundation.org\\\/wp-content\\\/uploads\\\/2024\\\/07\\\/jake.png\",\"contentUrl\":\"https:\\\/\\\/www.rawoodfoundation.org\\\/wp-content\\\/uploads\\\/2024\\\/07\\\/jake.png\"},{\"@type\":\"BreadcrumbList\",\"@id\":\"https:\\\/\\\/www.rawoodfoundation.org\\\/email-sign-up\\\/#breadcrumb\",\"itemListElement\":[{\"@type\":\"ListItem\",\"position\":1,\"name\":\"Home\",\"item\":\"https:\\\/\\\/www.rawoodfoundation.org\\\/\"},{\"@type\":\"ListItem\",\"position\":2,\"name\":\"Stay Informed and Connected\"}]},{\"@type\":\"WebSite\",\"@id\":\"https:\\\/\\\/www.rawoodfoundation.org\\\/#website\",\"url\":\"https:\\\/\\\/www.rawoodfoundation.org\\\/\",\"name\":\"Raymond A. Wood Foundation\",\"description\":\"The mission of the RAWF is to provide quality of life support for childhood brain tumor survivors and their families.\",\"publisher\":{\"@id\":\"https:\\\/\\\/www.rawoodfoundation.org\\\/#organization\"},\"potentialAction\":[{\"@type\":\"SearchAction\",\"target\":{\"@type\":\"EntryPoint\",\"urlTemplate\":\"https:\\\/\\\/www.rawoodfoundation.org\\\/?s={search_term_string}\"},\"query-input\":{\"@type\":\"PropertyValueSpecification\",\"valueRequired\":true,\"valueName\":\"search_term_string\"}}],\"inLanguage\":\"fr-FR\"},{\"@type\":\"Organization\",\"@id\":\"https:\\\/\\\/www.rawoodfoundation.org\\\/#organization\",\"name\":\"Raymond A. Wood Foundation\",\"url\":\"https:\\\/\\\/www.rawoodfoundation.org\\\/\",\"logo\":{\"@type\":\"ImageObject\",\"inLanguage\":\"fr-FR\",\"@id\":\"https:\\\/\\\/www.rawoodfoundation.org\\\/#\\\/schema\\\/logo\\\/image\\\/\",\"url\":\"https:\\\/\\\/www.rawoodfoundation.org\\\/wp-content\\\/uploads\\\/2023\\\/07\\\/Raymond-A-Wood-Foundation-logo.webp\",\"contentUrl\":\"https:\\\/\\\/www.rawoodfoundation.org\\\/wp-content\\\/uploads\\\/2023\\\/07\\\/Raymond-A-Wood-Foundation-logo.webp\",\"width\":470,\"height\":128,\"caption\":\"Raymond A. Wood Foundation\"},\"image\":{\"@id\":\"https:\\\/\\\/www.rawoodfoundation.org\\\/#\\\/schema\\\/logo\\\/image\\\/\"},\"sameAs\":[\"https:\\\/\\\/www.facebook.com\\\/rawoodfoundation\",\"https:\\\/\\\/x.com\\\/rawoodfound\"]}]}<\/script>\n<!-- \/ Yoast SEO plugin. -->","yoast_head_json":{"title":"Rester inform\u00e9 et connect\u00e9 - Raymond A. Wood Foundation","robots":{"index":"index","follow":"follow","max-snippet":"max-snippet:-1","max-image-preview":"max-image-preview:large","max-video-preview":"max-video-preview:-1"},"canonical":"https:\/\/www.rawoodfoundation.org\/fr\/inscription-par-courrier-electronique\/","og_locale":"fr_FR","og_type":"article","og_title":"Stay Informed and Connected - Raymond A. Wood Foundation","og_description":"Join Our Email List for Updates and Insights We invite you to join our community. ... Lire plus","og_url":"https:\/\/www.rawoodfoundation.org\/fr\/inscription-par-courrier-electronique\/","og_site_name":"Raymond A. Wood Foundation","article_publisher":"https:\/\/www.facebook.com\/rawoodfoundation","article_modified_time":"2025-01-24T15:19:06+00:00","og_image":[{"url":"https:\/\/www.rawoodfoundation.org\/wp-content\/uploads\/2024\/07\/jake.png","type":"","width":"","height":""}],"twitter_card":"summary_large_image","twitter_site":"@rawoodfound","twitter_misc":{"Est. reading time":"1 minute"},"schema":{"@context":"https:\/\/schema.org","@graph":[{"@type":"WebPage","@id":"https:\/\/www.rawoodfoundation.org\/email-sign-up\/","url":"https:\/\/www.rawoodfoundation.org\/email-sign-up\/","name":"Rester inform\u00e9 et connect\u00e9 - Raymond A. Wood Foundation","isPartOf":{"@id":"https:\/\/www.rawoodfoundation.org\/#website"},"primaryImageOfPage":{"@id":"https:\/\/www.rawoodfoundation.org\/email-sign-up\/#primaryimage"},"image":{"@id":"https:\/\/www.rawoodfoundation.org\/email-sign-up\/#primaryimage"},"thumbnailUrl":"https:\/\/www.rawoodfoundation.org\/wp-content\/uploads\/2024\/07\/jake.png","datePublished":"2023-11-09T14:33:20+00:00","dateModified":"2025-01-24T15:19:06+00:00","breadcrumb":{"@id":"https:\/\/www.rawoodfoundation.org\/email-sign-up\/#breadcrumb"},"inLanguage":"fr-FR","potentialAction":[{"@type":"ReadAction","target":["https:\/\/www.rawoodfoundation.org\/email-sign-up\/"]}]},{"@type":"ImageObject","inLanguage":"fr-FR","@id":"https:\/\/www.rawoodfoundation.org\/email-sign-up\/#primaryimage","url":"https:\/\/www.rawoodfoundation.org\/wp-content\/uploads\/2024\/07\/jake.png","contentUrl":"https:\/\/www.rawoodfoundation.org\/wp-content\/uploads\/2024\/07\/jake.png"},{"@type":"BreadcrumbList","@id":"https:\/\/www.rawoodfoundation.org\/email-sign-up\/#breadcrumb","itemListElement":[{"@type":"ListItem","position":1,"name":"Home","item":"https:\/\/www.rawoodfoundation.org\/"},{"@type":"ListItem","position":2,"name":"Stay Informed and Connected"}]},{"@type":"WebSite","@id":"https:\/\/www.rawoodfoundation.org\/#website","url":"https:\/\/www.rawoodfoundation.org\/","name":"Fondation Raymond A. Wood","description":"La mission de la RAWF est d'apporter un soutien \u00e0 la qualit\u00e9 de vie des survivants de tumeurs c\u00e9r\u00e9brales infantiles et de leurs familles.","publisher":{"@id":"https:\/\/www.rawoodfoundation.org\/#organization"},"potentialAction":[{"@type":"SearchAction","target":{"@type":"EntryPoint","urlTemplate":"https:\/\/www.rawoodfoundation.org\/?s={search_term_string}"},"query-input":{"@type":"PropertyValueSpecification","valueRequired":true,"valueName":"search_term_string"}}],"inLanguage":"fr-FR"},{"@type":"Organization","@id":"https:\/\/www.rawoodfoundation.org\/#organization","name":"Fondation Raymond A. Wood","url":"https:\/\/www.rawoodfoundation.org\/","logo":{"@type":"ImageObject","inLanguage":"fr-FR","@id":"https:\/\/www.rawoodfoundation.org\/#\/schema\/logo\/image\/","url":"https:\/\/www.rawoodfoundation.org\/wp-content\/uploads\/2023\/07\/Raymond-A-Wood-Foundation-logo.webp","contentUrl":"https:\/\/www.rawoodfoundation.org\/wp-content\/uploads\/2023\/07\/Raymond-A-Wood-Foundation-logo.webp","width":470,"height":128,"caption":"Raymond A. Wood Foundation"},"image":{"@id":"https:\/\/www.rawoodfoundation.org\/#\/schema\/logo\/image\/"},"sameAs":["https:\/\/www.facebook.com\/rawoodfoundation","https:\/\/x.com\/rawoodfound"]}]}},"_links":{"self":[{"href":"https:\/\/www.rawoodfoundation.org\/fr\/wp-json\/wp\/v2\/pages\/8694","targetHints":{"allow":["GET"]}}],"collection":[{"href":"https:\/\/www.rawoodfoundation.org\/fr\/wp-json\/wp\/v2\/pages"}],"about":[{"href":"https:\/\/www.rawoodfoundation.org\/fr\/wp-json\/wp\/v2\/types\/page"}],"author":[{"embeddable":true,"href":"https:\/\/www.rawoodfoundation.org\/fr\/wp-json\/wp\/v2\/users\/4"}],"replies":[{"embeddable":true,"href":"https:\/\/www.rawoodfoundation.org\/fr\/wp-json\/wp\/v2\/comments?post=8694"}],"version-history":[{"count":11,"href":"https:\/\/www.rawoodfoundation.org\/fr\/wp-json\/wp\/v2\/pages\/8694\/revisions"}],"predecessor-version":[{"id":11346,"href":"https:\/\/www.rawoodfoundation.org\/fr\/wp-json\/wp\/v2\/pages\/8694\/revisions\/11346"}],"wp:attachment":[{"href":"https:\/\/www.rawoodfoundation.org\/fr\/wp-json\/wp\/v2\/media?parent=8694"}],"curies":[{"name":"wp","href":"https:\/\/api.w.org\/{rel}","templated":true}]}}