{"id":8669,"date":"2023-10-25T19:28:40","date_gmt":"2023-10-25T19:28:40","guid":{"rendered":"https:\/\/www.rawoodfoundation.org\/?page_id=8669"},"modified":"2025-10-15T05:28:39","modified_gmt":"2025-10-15T05:28:39","slug":"inscription-a-la-course","status":"publish","type":"page","link":"https:\/\/www.rawoodfoundation.org\/fr\/race-registration\/","title":{"rendered":"Inscription \u00e0 la course"},"content":{"rendered":"<h2 class=\"wp-block-heading\">Bougez pour une mission avec l'\u00e9quipe RAWF au semi-marathon de New York !<\/h2>\n\n\n\n<p>\u00cates-vous pr\u00eat \u00e0 faire la diff\u00e9rence et \u00e0 relever un d\u00e9fi inoubliable ? Rejoindre <strong>\u00c9quipe RAWF<\/strong> et nous lacerons nos baskets pour le <strong>2025 Semi-marathon de New York<\/strong> le dimanche 16 mars 2025 !<\/p>\n\n\n\n<p>En courant avec nous, vous ferez plus que franchir la ligne d'arriv\u00e9e - vous aiderez \u00e0 faire avancer le soutien, la d\u00e9fense et la recherche pour les survivants des tumeurs c\u00e9r\u00e9brales hypothalamo-hypophysaires et leurs familles, ce qui changera leur vie. Ensemble, nous pouvons progresser vers un avenir meilleur pour notre communaut\u00e9.<\/p>\n\n\n\n<p><strong>Pourquoi rejoindre l'\u00e9quipe RAWF ?<\/strong><\/p>\n\n\n\n<ul class=\"wp-block-list\">\n<li><strong>Inspiration :<\/strong> Courez dans un but pr\u00e9cis et contribuez \u00e0 sensibiliser le public \u00e0 notre mission.<\/li>\n\n\n\n<li><strong>Soutien :<\/strong> Recevez des conseils d'entra\u00eenement exclusifs, des outils de collecte de fonds et des encouragements tout au long du parcours.<\/li>\n\n\n\n<li><strong>Communaut\u00e9 :<\/strong> Faites partie d'un groupe extraordinaire de coureurs, de d\u00e9fenseurs et de sympathisants unis par un objectif commun.<\/li>\n<\/ul>\n\n\n\n<p><strong>Comment s'impliquer<\/strong><br>Il reste encore quelques places pour cet \u00e9v\u00e9nement incroyable ! Que vous soyez un coureur chevronn\u00e9 ou que vous participiez pour la premi\u00e8re fois, nous vous aiderons \u00e0 chaque \u00e9tape.<\/p>\n\n\n\n<p><strong>S'inscrire maintenant : Email <em><a href=\"mailto:development@rawoodfoundation.org\" target=\"_blank\" rel=\"noreferrer noopener\">development@rawoodfoundation.org<\/a>&nbsp;<\/em>pour nous faire part de votre int\u00e9r\u00eat !<\/strong><\/p>\n\n\n\n<p>N'attendez pas, les places sont limit\u00e9es ! Rejoignez l'\u00e9quipe RAWF et aidez-nous \u00e0 nous d\u00e9placer pour une mission. Ensemble, nous pouvons transformer chaque kilom\u00e8tre en un changement significatif.<\/p>\n\n\n\n<figure class=\"wp-block-image size-full\"><img decoding=\"async\" width=\"900\" height=\"900\" src=\"https:\/\/www.rawoodfoundation.org\/wp-content\/uploads\/2025\/10\/TCS-New-York-city-marathon-2024.webp\" alt=\"\" class=\"wp-image-17506\" srcset=\"https:\/\/www.rawoodfoundation.org\/wp-content\/uploads\/2025\/10\/TCS-New-York-city-marathon-2024.webp 900w, https:\/\/www.rawoodfoundation.org\/wp-content\/uploads\/2025\/10\/TCS-New-York-city-marathon-2024-300x300.webp 300w, https:\/\/www.rawoodfoundation.org\/wp-content\/uploads\/2025\/10\/TCS-New-York-city-marathon-2024-150x150.webp 150w, https:\/\/www.rawoodfoundation.org\/wp-content\/uploads\/2025\/10\/TCS-New-York-city-marathon-2024-768x768.webp 768w, https:\/\/www.rawoodfoundation.org\/wp-content\/uploads\/2025\/10\/TCS-New-York-city-marathon-2024-12x12.webp 12w, https:\/\/www.rawoodfoundation.org\/wp-content\/uploads\/2025\/10\/TCS-New-York-city-marathon-2024-330x330.webp 330w\" sizes=\"(max-width: 900px) 100vw, 900px\" \/><\/figure>","protected":false},"excerpt":{"rendered":"<p>Bougez pour une mission avec l'\u00e9quipe RAWF au semi-marathon de New York ! \u00cates-vous pr\u00eat ... <a title=\"Inscription \u00e0 la course\" class=\"read-more\" href=\"https:\/\/www.rawoodfoundation.org\/fr\/race-registration\/\" aria-label=\"Plus d&#039;informations sur l&#039;inscription \u00e0 la course\">Lire plus<\/a><\/p>","protected":false},"author":4,"featured_media":0,"parent":0,"menu_order":41,"comment_status":"closed","ping_status":"closed","template":"","meta":{"_acf_changed":false,"footnotes":""},"class_list":{"0":"post-8669","1":"page","2":"type-page","3":"status-publish","5":"no-featured-image-padding"},"acf":[],"yoast_head":"<!-- This site is optimized with the Yoast SEO plugin v27.3 - https:\/\/yoast.com\/product\/yoast-seo-wordpress\/ -->\n<title>Race Registration - Raymond A. Wood Foundation<\/title>\n<meta name=\"robots\" content=\"index, follow, max-snippet:-1, max-image-preview:large, max-video-preview:-1\" \/>\n<link rel=\"canonical\" href=\"https:\/\/www.rawoodfoundation.org\/fr\/inscription-a-la-course\/\" \/>\n<meta property=\"og:locale\" content=\"fr_FR\" \/>\n<meta property=\"og:type\" content=\"article\" \/>\n<meta property=\"og:title\" content=\"Race Registration - Raymond A. Wood Foundation\" \/>\n<meta property=\"og:description\" content=\"Move for a Mission with Team RAWF at the NYC Half Marathon! Are you ready ... Lire plus\" \/>\n<meta property=\"og:url\" content=\"https:\/\/www.rawoodfoundation.org\/fr\/inscription-a-la-course\/\" \/>\n<meta property=\"og:site_name\" content=\"Raymond A. Wood Foundation\" \/>\n<meta property=\"article:publisher\" content=\"https:\/\/www.facebook.com\/rawoodfoundation\" \/>\n<meta property=\"article:modified_time\" content=\"2025-10-15T05:28:39+00:00\" \/>\n<meta property=\"og:image\" content=\"https:\/\/www.rawoodfoundation.org\/wp-content\/uploads\/2025\/10\/TCS-New-York-city-marathon-2024.webp\" \/>\n\t<meta property=\"og:image:width\" content=\"900\" \/>\n\t<meta property=\"og:image:height\" content=\"900\" \/>\n\t<meta property=\"og:image:type\" content=\"image\/webp\" \/>\n<meta name=\"twitter:card\" content=\"summary_large_image\" \/>\n<meta name=\"twitter:site\" content=\"@rawoodfound\" \/>\n<meta name=\"twitter:label1\" content=\"Est. reading time\" \/>\n\t<meta name=\"twitter:data1\" content=\"2 minutes\" \/>\n<script type=\"application\/ld+json\" class=\"yoast-schema-graph\">{\"@context\":\"https:\\\/\\\/schema.org\",\"@graph\":[{\"@type\":\"WebPage\",\"@id\":\"https:\\\/\\\/www.rawoodfoundation.org\\\/race-registration\\\/\",\"url\":\"https:\\\/\\\/www.rawoodfoundation.org\\\/race-registration\\\/\",\"name\":\"Race Registration - Raymond A. Wood Foundation\",\"isPartOf\":{\"@id\":\"https:\\\/\\\/www.rawoodfoundation.org\\\/#website\"},\"primaryImageOfPage\":{\"@id\":\"https:\\\/\\\/www.rawoodfoundation.org\\\/race-registration\\\/#primaryimage\"},\"image\":{\"@id\":\"https:\\\/\\\/www.rawoodfoundation.org\\\/race-registration\\\/#primaryimage\"},\"thumbnailUrl\":\"https:\\\/\\\/www.rawoodfoundation.org\\\/wp-content\\\/uploads\\\/2025\\\/10\\\/TCS-New-York-city-marathon-2024.webp\",\"datePublished\":\"2023-10-25T19:28:40+00:00\",\"dateModified\":\"2025-10-15T05:28:39+00:00\",\"breadcrumb\":{\"@id\":\"https:\\\/\\\/www.rawoodfoundation.org\\\/race-registration\\\/#breadcrumb\"},\"inLanguage\":\"fr-FR\",\"potentialAction\":[{\"@type\":\"ReadAction\",\"target\":[\"https:\\\/\\\/www.rawoodfoundation.org\\\/race-registration\\\/\"]}]},{\"@type\":\"ImageObject\",\"inLanguage\":\"fr-FR\",\"@id\":\"https:\\\/\\\/www.rawoodfoundation.org\\\/race-registration\\\/#primaryimage\",\"url\":\"https:\\\/\\\/www.rawoodfoundation.org\\\/wp-content\\\/uploads\\\/2025\\\/10\\\/TCS-New-York-city-marathon-2024.webp\",\"contentUrl\":\"https:\\\/\\\/www.rawoodfoundation.org\\\/wp-content\\\/uploads\\\/2025\\\/10\\\/TCS-New-York-city-marathon-2024.webp\"},{\"@type\":\"BreadcrumbList\",\"@id\":\"https:\\\/\\\/www.rawoodfoundation.org\\\/race-registration\\\/#breadcrumb\",\"itemListElement\":[{\"@type\":\"ListItem\",\"position\":1,\"name\":\"Home\",\"item\":\"https:\\\/\\\/www.rawoodfoundation.org\\\/\"},{\"@type\":\"ListItem\",\"position\":2,\"name\":\"Race Registration\"}]},{\"@type\":\"WebSite\",\"@id\":\"https:\\\/\\\/www.rawoodfoundation.org\\\/#website\",\"url\":\"https:\\\/\\\/www.rawoodfoundation.org\\\/\",\"name\":\"Raymond A. Wood Foundation\",\"description\":\"The mission of the RAWF is to provide quality of life support for childhood brain tumor survivors and their families.\",\"publisher\":{\"@id\":\"https:\\\/\\\/www.rawoodfoundation.org\\\/#organization\"},\"potentialAction\":[{\"@type\":\"SearchAction\",\"target\":{\"@type\":\"EntryPoint\",\"urlTemplate\":\"https:\\\/\\\/www.rawoodfoundation.org\\\/?s={search_term_string}\"},\"query-input\":{\"@type\":\"PropertyValueSpecification\",\"valueRequired\":true,\"valueName\":\"search_term_string\"}}],\"inLanguage\":\"fr-FR\"},{\"@type\":\"Organization\",\"@id\":\"https:\\\/\\\/www.rawoodfoundation.org\\\/#organization\",\"name\":\"Raymond A. Wood Foundation\",\"url\":\"https:\\\/\\\/www.rawoodfoundation.org\\\/\",\"logo\":{\"@type\":\"ImageObject\",\"inLanguage\":\"fr-FR\",\"@id\":\"https:\\\/\\\/www.rawoodfoundation.org\\\/#\\\/schema\\\/logo\\\/image\\\/\",\"url\":\"https:\\\/\\\/www.rawoodfoundation.org\\\/wp-content\\\/uploads\\\/2023\\\/07\\\/Raymond-A-Wood-Foundation-logo.webp\",\"contentUrl\":\"https:\\\/\\\/www.rawoodfoundation.org\\\/wp-content\\\/uploads\\\/2023\\\/07\\\/Raymond-A-Wood-Foundation-logo.webp\",\"width\":470,\"height\":128,\"caption\":\"Raymond A. Wood Foundation\"},\"image\":{\"@id\":\"https:\\\/\\\/www.rawoodfoundation.org\\\/#\\\/schema\\\/logo\\\/image\\\/\"},\"sameAs\":[\"https:\\\/\\\/www.facebook.com\\\/rawoodfoundation\",\"https:\\\/\\\/x.com\\\/rawoodfound\"]}]}<\/script>\n<!-- \/ Yoast SEO plugin. -->","yoast_head_json":{"title":"Inscription \u00e0 la course - Raymond A. Wood Foundation","robots":{"index":"index","follow":"follow","max-snippet":"max-snippet:-1","max-image-preview":"max-image-preview:large","max-video-preview":"max-video-preview:-1"},"canonical":"https:\/\/www.rawoodfoundation.org\/fr\/inscription-a-la-course\/","og_locale":"fr_FR","og_type":"article","og_title":"Race Registration - Raymond A. Wood Foundation","og_description":"Move for a Mission with Team RAWF at the NYC Half Marathon! Are you ready ... Lire plus","og_url":"https:\/\/www.rawoodfoundation.org\/fr\/inscription-a-la-course\/","og_site_name":"Raymond A. Wood Foundation","article_publisher":"https:\/\/www.facebook.com\/rawoodfoundation","article_modified_time":"2025-10-15T05:28:39+00:00","og_image":[{"width":900,"height":900,"url":"https:\/\/www.rawoodfoundation.org\/wp-content\/uploads\/2025\/10\/TCS-New-York-city-marathon-2024.webp","type":"image\/webp"}],"twitter_card":"summary_large_image","twitter_site":"@rawoodfound","twitter_misc":{"Est. reading time":"2 minutes"},"schema":{"@context":"https:\/\/schema.org","@graph":[{"@type":"WebPage","@id":"https:\/\/www.rawoodfoundation.org\/race-registration\/","url":"https:\/\/www.rawoodfoundation.org\/race-registration\/","name":"Inscription \u00e0 la course - Raymond A. Wood Foundation","isPartOf":{"@id":"https:\/\/www.rawoodfoundation.org\/#website"},"primaryImageOfPage":{"@id":"https:\/\/www.rawoodfoundation.org\/race-registration\/#primaryimage"},"image":{"@id":"https:\/\/www.rawoodfoundation.org\/race-registration\/#primaryimage"},"thumbnailUrl":"https:\/\/www.rawoodfoundation.org\/wp-content\/uploads\/2025\/10\/TCS-New-York-city-marathon-2024.webp","datePublished":"2023-10-25T19:28:40+00:00","dateModified":"2025-10-15T05:28:39+00:00","breadcrumb":{"@id":"https:\/\/www.rawoodfoundation.org\/race-registration\/#breadcrumb"},"inLanguage":"fr-FR","potentialAction":[{"@type":"ReadAction","target":["https:\/\/www.rawoodfoundation.org\/race-registration\/"]}]},{"@type":"ImageObject","inLanguage":"fr-FR","@id":"https:\/\/www.rawoodfoundation.org\/race-registration\/#primaryimage","url":"https:\/\/www.rawoodfoundation.org\/wp-content\/uploads\/2025\/10\/TCS-New-York-city-marathon-2024.webp","contentUrl":"https:\/\/www.rawoodfoundation.org\/wp-content\/uploads\/2025\/10\/TCS-New-York-city-marathon-2024.webp"},{"@type":"BreadcrumbList","@id":"https:\/\/www.rawoodfoundation.org\/race-registration\/#breadcrumb","itemListElement":[{"@type":"ListItem","position":1,"name":"Home","item":"https:\/\/www.rawoodfoundation.org\/"},{"@type":"ListItem","position":2,"name":"Race Registration"}]},{"@type":"WebSite","@id":"https:\/\/www.rawoodfoundation.org\/#website","url":"https:\/\/www.rawoodfoundation.org\/","name":"Fondation Raymond A. Wood","description":"La mission de la RAWF est d'apporter un soutien \u00e0 la qualit\u00e9 de vie des survivants de tumeurs c\u00e9r\u00e9brales infantiles et de leurs familles.","publisher":{"@id":"https:\/\/www.rawoodfoundation.org\/#organization"},"potentialAction":[{"@type":"SearchAction","target":{"@type":"EntryPoint","urlTemplate":"https:\/\/www.rawoodfoundation.org\/?s={search_term_string}"},"query-input":{"@type":"PropertyValueSpecification","valueRequired":true,"valueName":"search_term_string"}}],"inLanguage":"fr-FR"},{"@type":"Organization","@id":"https:\/\/www.rawoodfoundation.org\/#organization","name":"Fondation Raymond A. Wood","url":"https:\/\/www.rawoodfoundation.org\/","logo":{"@type":"ImageObject","inLanguage":"fr-FR","@id":"https:\/\/www.rawoodfoundation.org\/#\/schema\/logo\/image\/","url":"https:\/\/www.rawoodfoundation.org\/wp-content\/uploads\/2023\/07\/Raymond-A-Wood-Foundation-logo.webp","contentUrl":"https:\/\/www.rawoodfoundation.org\/wp-content\/uploads\/2023\/07\/Raymond-A-Wood-Foundation-logo.webp","width":470,"height":128,"caption":"Raymond A. Wood Foundation"},"image":{"@id":"https:\/\/www.rawoodfoundation.org\/#\/schema\/logo\/image\/"},"sameAs":["https:\/\/www.facebook.com\/rawoodfoundation","https:\/\/x.com\/rawoodfound"]}]}},"_links":{"self":[{"href":"https:\/\/www.rawoodfoundation.org\/fr\/wp-json\/wp\/v2\/pages\/8669","targetHints":{"allow":["GET"]}}],"collection":[{"href":"https:\/\/www.rawoodfoundation.org\/fr\/wp-json\/wp\/v2\/pages"}],"about":[{"href":"https:\/\/www.rawoodfoundation.org\/fr\/wp-json\/wp\/v2\/types\/page"}],"author":[{"embeddable":true,"href":"https:\/\/www.rawoodfoundation.org\/fr\/wp-json\/wp\/v2\/users\/4"}],"replies":[{"embeddable":true,"href":"https:\/\/www.rawoodfoundation.org\/fr\/wp-json\/wp\/v2\/comments?post=8669"}],"version-history":[{"count":13,"href":"https:\/\/www.rawoodfoundation.org\/fr\/wp-json\/wp\/v2\/pages\/8669\/revisions"}],"predecessor-version":[{"id":17507,"href":"https:\/\/www.rawoodfoundation.org\/fr\/wp-json\/wp\/v2\/pages\/8669\/revisions\/17507"}],"wp:attachment":[{"href":"https:\/\/www.rawoodfoundation.org\/fr\/wp-json\/wp\/v2\/media?parent=8669"}],"curies":[{"name":"wp","href":"https:\/\/api.w.org\/{rel}","templated":true}]}}