{"id":8263,"date":"2023-08-16T23:25:43","date_gmt":"2023-08-16T23:25:43","guid":{"rendered":"https:\/\/live-rawf.pantheonsite.io\/?page_id=8263"},"modified":"2025-10-14T10:15:23","modified_gmt":"2025-10-14T10:15:23","slug":"informations-sur-les-maladies","status":"publish","type":"page","link":"https:\/\/www.rawoodfoundation.org\/fr\/disease-information\/","title":{"rendered":"Informations sur les maladies"},"content":{"rendered":"<div class=\"gb-grid-wrapper gb-grid-wrapper-cb0391de\">\n<div class=\"gb-grid-column gb-grid-column-f8123791\"><div class=\"gb-container gb-container-f8123791\">\n<div class=\"gb-container gb-container-85bc812e\">\n\n<div class=\"wp-block-columns is-layout-flex wp-container-core-columns-is-layout-9d6595d7 wp-block-columns-is-layout-flex\">\n<div class=\"wp-block-column is-layout-flow wp-block-column-is-layout-flow\" style=\"flex-basis:66.66%\">\n<h6 class=\"wp-block-heading\"><a href=\"https:\/\/www.rawoodfoundation.org\/fr\/tumeurs-cerebrales-hypothalamo-hypophysaires\/\">Tumeurs hypothalamo-hypophysaires<\/a><\/h6>\n<\/div>\n\n\n\n<div class=\"wp-block-column is-layout-flow wp-block-column-is-layout-flow\" style=\"flex-basis:33.33%\"><div class=\"wp-block-image\">\n<figure class=\"alignleft size-large\"><img decoding=\"async\" width=\"100\" height=\"100\" src=\"https:\/\/live-rawf.pantheonsite.io\/wp-content\/uploads\/2023\/06\/brain.svg\" alt=\"ic\u00f4ne du cerveau\" class=\"wp-image-7285\" style=\"object-fit:cover\"\/><\/figure><\/div><\/div>\n<\/div>\n\n<\/div>\n<\/div><\/div>\n\n<div class=\"gb-grid-column gb-grid-column-1cc608a9\"><div class=\"gb-container gb-container-1cc608a9\">\n<div class=\"gb-container gb-container-bace8486\"><a class=\"gb-container-link\" href=\"https:\/\/live-rawf.pantheonsite.io\/craniopharyngioma\/\" aria-label=\"Cr\u00e2niopharyngiome\"><\/a>\n\n<div class=\"wp-block-columns is-layout-flex wp-container-core-columns-is-layout-9d6595d7 wp-block-columns-is-layout-flex\">\n<div class=\"wp-block-column is-layout-flow wp-block-column-is-layout-flow\" style=\"flex-basis:66.66%\">\n<h6 class=\"wp-block-heading\">Cr\u00e2niopharyngiome<\/h6>\n<\/div>\n\n\n\n<div class=\"wp-block-column is-layout-flow wp-block-column-is-layout-flow\" style=\"flex-basis:33.33%\"><div class=\"wp-block-image\">\n<figure class=\"alignleft size-large\"><img decoding=\"async\" width=\"100\" height=\"100\" src=\"https:\/\/live-rawf.pantheonsite.io\/wp-content\/uploads\/2023\/06\/brain.svg\" alt=\"ic\u00f4ne du cerveau\" class=\"wp-image-7285\"\/><\/figure><\/div><\/div>\n<\/div>\n\n<\/div>\n<\/div><\/div>\n\n<div class=\"gb-grid-column gb-grid-column-5c9582ad\"><div class=\"gb-container gb-container-5c9582ad\"><a class=\"gb-container-link\" href=\"https:\/\/www.rawoodfoundation.org\/fr\/hypopituitarisme\/\" aria-label=\"Hypopituitarisme\"><\/a>\n<div class=\"gb-container gb-container-29b47932\">\n\n<div class=\"wp-block-columns is-layout-flex wp-container-core-columns-is-layout-9d6595d7 wp-block-columns-is-layout-flex\">\n<div class=\"wp-block-column is-layout-flow wp-block-column-is-layout-flow\" style=\"flex-basis:66.66%\">\n<h6 class=\"wp-block-heading\">Hypopituitarisme<\/h6>\n<\/div>\n\n\n\n<div class=\"wp-block-column is-layout-flow wp-block-column-is-layout-flow\" style=\"flex-basis:33.33%\"><div class=\"wp-block-image\">\n<figure class=\"alignleft size-large\"><img decoding=\"async\" width=\"100\" height=\"100\" src=\"https:\/\/live-rawf.pantheonsite.io\/wp-content\/uploads\/2023\/06\/brain.svg\" alt=\"ic\u00f4ne du cerveau\" class=\"wp-image-7285\"\/><\/figure><\/div><\/div>\n<\/div>\n\n<\/div>\n<\/div><\/div>\n<\/div>\n\n<div class=\"gb-grid-wrapper gb-grid-wrapper-a102a347\">\n<div class=\"gb-grid-column gb-grid-column-d8d4f066\"><div class=\"gb-container gb-container-d8d4f066\"><a class=\"gb-container-link\" href=\"https:\/\/live-rawf.pantheonsite.io\/managing-diabetes-insipidus\/\" aria-label=\"Diab\u00e8te insipide\"><\/a>\n<div class=\"gb-container gb-container-1fbd2c79\">\n\n<div class=\"wp-block-columns is-layout-flex wp-container-core-columns-is-layout-9d6595d7 wp-block-columns-is-layout-flex\">\n<div class=\"wp-block-column is-layout-flow wp-block-column-is-layout-flow\" style=\"flex-basis:66.66%\">\n<h6 class=\"wp-block-heading\"><a href=\"https:\/\/www.rawoodfoundation.org\/fr\/la-prise-en-charge-du-diabete-insipide\/\">D\u00e9ficit en arginine-vasopressine<\/a><\/h6>\n<\/div>\n\n\n\n<div class=\"wp-block-column is-layout-flow wp-block-column-is-layout-flow\" style=\"flex-basis:33.33%\"><div class=\"wp-block-image\">\n<figure class=\"alignleft size-large\"><img decoding=\"async\" width=\"100\" height=\"100\" src=\"https:\/\/live-rawf.pantheonsite.io\/wp-content\/uploads\/2023\/06\/water.svg\" alt=\"ic\u00f4ne de la goutte d&#039;eau\" class=\"wp-image-7291\" style=\"object-fit:cover\"\/><\/figure><\/div><\/div>\n<\/div>\n\n<\/div>\n<\/div><\/div>\n\n<div class=\"gb-grid-column gb-grid-column-964d9dd6\"><div class=\"gb-container gb-container-964d9dd6\"><a class=\"gb-container-link\" href=\"https:\/\/www.rawoodfoundation.org\/fr\/obesite-hypothalamique\/\" aria-label=\"Ob\u00e9sit\u00e9 hypothalamique\"><\/a>\n<div class=\"gb-container gb-container-8052ff2b\">\n\n<div class=\"wp-block-columns is-layout-flex wp-container-core-columns-is-layout-9d6595d7 wp-block-columns-is-layout-flex\">\n<div class=\"wp-block-column is-layout-flow wp-block-column-is-layout-flow\" style=\"flex-basis:66.66%\">\n<h6 class=\"wp-block-heading\">Ob\u00e9sit\u00e9 hypothalamique<\/h6>\n<\/div>\n\n\n\n<div class=\"wp-block-column is-layout-flow wp-block-column-is-layout-flow\" style=\"flex-basis:33.33%\"><div class=\"wp-block-image\">\n<figure class=\"alignleft size-large\"><img decoding=\"async\" width=\"100\" height=\"100\" src=\"https:\/\/live-rawf.pantheonsite.io\/wp-content\/uploads\/2023\/06\/scale.svg\" alt=\"Ic\u00f4ne d&#039;\u00e9chelle\" class=\"wp-image-7287\"\/><\/figure><\/div><\/div>\n<\/div>\n\n<\/div>\n<\/div><\/div>\n\n<div class=\"gb-grid-column gb-grid-column-4aa0e397\"><div class=\"gb-container gb-container-4aa0e397\">\n<div class=\"gb-container gb-container-3e46d788\"><a class=\"gb-container-link\" href=\"\/fr\/insuffisance-surrenale\/\" aria-label=\"Insuffisance surr\u00e9nale\"><\/a>\n\n<div class=\"wp-block-columns is-layout-flex wp-container-core-columns-is-layout-9d6595d7 wp-block-columns-is-layout-flex\">\n<div class=\"wp-block-column is-layout-flow wp-block-column-is-layout-flow\" style=\"flex-basis:66.66%\">\n<h6 class=\"wp-block-heading\">Insuffisance surr\u00e9nale<\/h6>\n<\/div>\n\n\n\n<div class=\"wp-block-column is-layout-flow wp-block-column-is-layout-flow\" style=\"flex-basis:33.33%\"><div class=\"wp-block-image\">\n<figure class=\"alignleft size-large\"><img decoding=\"async\" width=\"100\" height=\"100\" src=\"https:\/\/live-rawf.pantheonsite.io\/wp-content\/uploads\/2023\/06\/case.svg\" alt=\"Ic\u00f4ne du cas du m\u00e9decin\" class=\"wp-image-7290\"\/><\/figure><\/div><\/div>\n<\/div>\n\n<\/div>\n<\/div><\/div>\n<\/div>\n\n<div class=\"gb-grid-wrapper gb-grid-wrapper-75d827e8\">\n<div class=\"gb-grid-column gb-grid-column-087e47a4\"><div class=\"gb-container gb-container-087e47a4\"><a class=\"gb-container-link\" href=\"https:\/\/live-rawf.pantheonsite.io\/managing-diabetes-insipidus\/\" aria-label=\"D\u00e9ficit en hormone de croissance\"><\/a>\n<div class=\"gb-container gb-container-73f8de04\"><a class=\"gb-container-link\" href=\"https:\/\/live-rawf.pantheonsite.io\/growth-hormore-replacement\/\" aria-label=\"D\u00e9ficit en hormone de croissance\"><\/a>\n\n<div class=\"wp-block-columns is-layout-flex wp-container-core-columns-is-layout-9d6595d7 wp-block-columns-is-layout-flex\">\n<div class=\"wp-block-column is-layout-flow wp-block-column-is-layout-flow\" style=\"flex-basis:66.66%\">\n<h6 class=\"wp-block-heading\">D\u00e9ficit en hormone de croissance<\/h6>\n<\/div>\n\n\n\n<div class=\"wp-block-column is-layout-flow wp-block-column-is-layout-flow\" style=\"flex-basis:33.33%\"><div class=\"wp-block-image\">\n<figure class=\"alignleft size-large\"><img decoding=\"async\" width=\"101\" height=\"101\" src=\"https:\/\/live-rawf.pantheonsite.io\/wp-content\/uploads\/2023\/08\/growth.svg\" alt=\"Ic\u00f4ne avec r\u00e8gle\" class=\"wp-image-8366\" style=\"object-fit:cover\"\/><\/figure><\/div><\/div>\n<\/div>\n\n<\/div>\n<\/div><\/div>\n\n<div class=\"gb-grid-column gb-grid-column-07953a40\"><div class=\"gb-container gb-container-07953a40\"><\/div><\/div>\n\n<div class=\"gb-grid-column gb-grid-column-146c6540\"><div class=\"gb-container gb-container-146c6540\"><\/div><\/div>\n<\/div>\n\n\n<p><\/p>","protected":false},"excerpt":{"rendered":"","protected":false},"author":4,"featured_media":0,"parent":0,"menu_order":46,"comment_status":"closed","ping_status":"closed","template":"","meta":{"_acf_changed":false,"footnotes":""},"class_list":{"0":"post-8263","1":"page","2":"type-page","3":"status-publish","5":"no-featured-image-padding"},"acf":[],"yoast_head":"<!-- This site is optimized with the Yoast SEO plugin v27.3 - https:\/\/yoast.com\/product\/yoast-seo-wordpress\/ -->\n<title>Disease Information - Raymond A. Wood Foundation<\/title>\n<meta name=\"robots\" content=\"index, follow, max-snippet:-1, max-image-preview:large, max-video-preview:-1\" \/>\n<link rel=\"canonical\" href=\"https:\/\/www.rawoodfoundation.org\/fr\/informations-sur-les-maladies\/\" \/>\n<meta property=\"og:locale\" content=\"fr_FR\" \/>\n<meta property=\"og:type\" content=\"article\" \/>\n<meta property=\"og:title\" content=\"Disease Information - Raymond A. Wood Foundation\" \/>\n<meta property=\"og:url\" content=\"https:\/\/www.rawoodfoundation.org\/fr\/informations-sur-les-maladies\/\" \/>\n<meta property=\"og:site_name\" content=\"Raymond A. Wood Foundation\" \/>\n<meta property=\"article:publisher\" content=\"https:\/\/www.facebook.com\/rawoodfoundation\" \/>\n<meta property=\"article:modified_time\" content=\"2025-10-14T10:15:23+00:00\" \/>\n<meta property=\"og:image\" content=\"https:\/\/www.rawoodfoundation.org\/wp-content\/uploads\/2023\/12\/clinicaltrial.jpg\" \/>\n\t<meta property=\"og:image:width\" content=\"724\" \/>\n\t<meta property=\"og:image:height\" content=\"483\" \/>\n\t<meta property=\"og:image:type\" content=\"image\/jpeg\" \/>\n<meta name=\"twitter:card\" content=\"summary_large_image\" \/>\n<meta name=\"twitter:image\" content=\"https:\/\/www.rawoodfoundation.org\/wp-content\/uploads\/2023\/12\/clinicaltrial.jpg\" \/>\n<meta name=\"twitter:site\" content=\"@rawoodfound\" \/>\n<meta name=\"twitter:label1\" content=\"Est. reading time\" \/>\n\t<meta name=\"twitter:data1\" content=\"2 minutes\" \/>\n<script type=\"application\/ld+json\" class=\"yoast-schema-graph\">{\"@context\":\"https:\\\/\\\/schema.org\",\"@graph\":[{\"@type\":\"WebPage\",\"@id\":\"https:\\\/\\\/www.rawoodfoundation.org\\\/disease-information\\\/\",\"url\":\"https:\\\/\\\/www.rawoodfoundation.org\\\/disease-information\\\/\",\"name\":\"Disease Information - Raymond A. Wood Foundation\",\"isPartOf\":{\"@id\":\"https:\\\/\\\/www.rawoodfoundation.org\\\/#website\"},\"primaryImageOfPage\":{\"@id\":\"https:\\\/\\\/www.rawoodfoundation.org\\\/disease-information\\\/#primaryimage\"},\"image\":{\"@id\":\"https:\\\/\\\/www.rawoodfoundation.org\\\/disease-information\\\/#primaryimage\"},\"thumbnailUrl\":\"https:\\\/\\\/live-rawf.pantheonsite.io\\\/wp-content\\\/uploads\\\/2023\\\/06\\\/brain.svg\",\"datePublished\":\"2023-08-16T23:25:43+00:00\",\"dateModified\":\"2025-10-14T10:15:23+00:00\",\"breadcrumb\":{\"@id\":\"https:\\\/\\\/www.rawoodfoundation.org\\\/disease-information\\\/#breadcrumb\"},\"inLanguage\":\"fr-FR\",\"potentialAction\":[{\"@type\":\"ReadAction\",\"target\":[\"https:\\\/\\\/www.rawoodfoundation.org\\\/disease-information\\\/\"]}]},{\"@type\":\"ImageObject\",\"inLanguage\":\"fr-FR\",\"@id\":\"https:\\\/\\\/www.rawoodfoundation.org\\\/disease-information\\\/#primaryimage\",\"url\":\"https:\\\/\\\/live-rawf.pantheonsite.io\\\/wp-content\\\/uploads\\\/2023\\\/06\\\/brain.svg\",\"contentUrl\":\"https:\\\/\\\/live-rawf.pantheonsite.io\\\/wp-content\\\/uploads\\\/2023\\\/06\\\/brain.svg\"},{\"@type\":\"BreadcrumbList\",\"@id\":\"https:\\\/\\\/www.rawoodfoundation.org\\\/disease-information\\\/#breadcrumb\",\"itemListElement\":[{\"@type\":\"ListItem\",\"position\":1,\"name\":\"Home\",\"item\":\"https:\\\/\\\/www.rawoodfoundation.org\\\/\"},{\"@type\":\"ListItem\",\"position\":2,\"name\":\"Disease Information\"}]},{\"@type\":\"WebSite\",\"@id\":\"https:\\\/\\\/www.rawoodfoundation.org\\\/#website\",\"url\":\"https:\\\/\\\/www.rawoodfoundation.org\\\/\",\"name\":\"Raymond A. Wood Foundation\",\"description\":\"The mission of the RAWF is to provide quality of life support for childhood brain tumor survivors and their families.\",\"publisher\":{\"@id\":\"https:\\\/\\\/www.rawoodfoundation.org\\\/#organization\"},\"potentialAction\":[{\"@type\":\"SearchAction\",\"target\":{\"@type\":\"EntryPoint\",\"urlTemplate\":\"https:\\\/\\\/www.rawoodfoundation.org\\\/?s={search_term_string}\"},\"query-input\":{\"@type\":\"PropertyValueSpecification\",\"valueRequired\":true,\"valueName\":\"search_term_string\"}}],\"inLanguage\":\"fr-FR\"},{\"@type\":\"Organization\",\"@id\":\"https:\\\/\\\/www.rawoodfoundation.org\\\/#organization\",\"name\":\"Raymond A. Wood Foundation\",\"url\":\"https:\\\/\\\/www.rawoodfoundation.org\\\/\",\"logo\":{\"@type\":\"ImageObject\",\"inLanguage\":\"fr-FR\",\"@id\":\"https:\\\/\\\/www.rawoodfoundation.org\\\/#\\\/schema\\\/logo\\\/image\\\/\",\"url\":\"https:\\\/\\\/www.rawoodfoundation.org\\\/wp-content\\\/uploads\\\/2023\\\/07\\\/Raymond-A-Wood-Foundation-logo.webp\",\"contentUrl\":\"https:\\\/\\\/www.rawoodfoundation.org\\\/wp-content\\\/uploads\\\/2023\\\/07\\\/Raymond-A-Wood-Foundation-logo.webp\",\"width\":470,\"height\":128,\"caption\":\"Raymond A. Wood Foundation\"},\"image\":{\"@id\":\"https:\\\/\\\/www.rawoodfoundation.org\\\/#\\\/schema\\\/logo\\\/image\\\/\"},\"sameAs\":[\"https:\\\/\\\/www.facebook.com\\\/rawoodfoundation\",\"https:\\\/\\\/x.com\\\/rawoodfound\"]}]}<\/script>\n<!-- \/ Yoast SEO plugin. -->","yoast_head_json":{"title":"Informations sur les maladies - Raymond A. Wood Foundation","robots":{"index":"index","follow":"follow","max-snippet":"max-snippet:-1","max-image-preview":"max-image-preview:large","max-video-preview":"max-video-preview:-1"},"canonical":"https:\/\/www.rawoodfoundation.org\/fr\/informations-sur-les-maladies\/","og_locale":"fr_FR","og_type":"article","og_title":"Disease Information - Raymond A. Wood Foundation","og_url":"https:\/\/www.rawoodfoundation.org\/fr\/informations-sur-les-maladies\/","og_site_name":"Raymond A. Wood Foundation","article_publisher":"https:\/\/www.facebook.com\/rawoodfoundation","article_modified_time":"2025-10-14T10:15:23+00:00","og_image":[{"width":724,"height":483,"url":"https:\/\/www.rawoodfoundation.org\/wp-content\/uploads\/2023\/12\/clinicaltrial.jpg","type":"image\/jpeg"}],"twitter_card":"summary_large_image","twitter_image":"https:\/\/www.rawoodfoundation.org\/wp-content\/uploads\/2023\/12\/clinicaltrial.jpg","twitter_site":"@rawoodfound","twitter_misc":{"Est. reading time":"2 minutes"},"schema":{"@context":"https:\/\/schema.org","@graph":[{"@type":"WebPage","@id":"https:\/\/www.rawoodfoundation.org\/disease-information\/","url":"https:\/\/www.rawoodfoundation.org\/disease-information\/","name":"Informations sur les maladies - Raymond A. Wood Foundation","isPartOf":{"@id":"https:\/\/www.rawoodfoundation.org\/#website"},"primaryImageOfPage":{"@id":"https:\/\/www.rawoodfoundation.org\/disease-information\/#primaryimage"},"image":{"@id":"https:\/\/www.rawoodfoundation.org\/disease-information\/#primaryimage"},"thumbnailUrl":"https:\/\/live-rawf.pantheonsite.io\/wp-content\/uploads\/2023\/06\/brain.svg","datePublished":"2023-08-16T23:25:43+00:00","dateModified":"2025-10-14T10:15:23+00:00","breadcrumb":{"@id":"https:\/\/www.rawoodfoundation.org\/disease-information\/#breadcrumb"},"inLanguage":"fr-FR","potentialAction":[{"@type":"ReadAction","target":["https:\/\/www.rawoodfoundation.org\/disease-information\/"]}]},{"@type":"ImageObject","inLanguage":"fr-FR","@id":"https:\/\/www.rawoodfoundation.org\/disease-information\/#primaryimage","url":"https:\/\/live-rawf.pantheonsite.io\/wp-content\/uploads\/2023\/06\/brain.svg","contentUrl":"https:\/\/live-rawf.pantheonsite.io\/wp-content\/uploads\/2023\/06\/brain.svg"},{"@type":"BreadcrumbList","@id":"https:\/\/www.rawoodfoundation.org\/disease-information\/#breadcrumb","itemListElement":[{"@type":"ListItem","position":1,"name":"Home","item":"https:\/\/www.rawoodfoundation.org\/"},{"@type":"ListItem","position":2,"name":"Disease Information"}]},{"@type":"WebSite","@id":"https:\/\/www.rawoodfoundation.org\/#website","url":"https:\/\/www.rawoodfoundation.org\/","name":"Fondation Raymond A. Wood","description":"La mission de la RAWF est d'apporter un soutien \u00e0 la qualit\u00e9 de vie des survivants de tumeurs c\u00e9r\u00e9brales infantiles et de leurs familles.","publisher":{"@id":"https:\/\/www.rawoodfoundation.org\/#organization"},"potentialAction":[{"@type":"SearchAction","target":{"@type":"EntryPoint","urlTemplate":"https:\/\/www.rawoodfoundation.org\/?s={search_term_string}"},"query-input":{"@type":"PropertyValueSpecification","valueRequired":true,"valueName":"search_term_string"}}],"inLanguage":"fr-FR"},{"@type":"Organization","@id":"https:\/\/www.rawoodfoundation.org\/#organization","name":"Fondation Raymond A. Wood","url":"https:\/\/www.rawoodfoundation.org\/","logo":{"@type":"ImageObject","inLanguage":"fr-FR","@id":"https:\/\/www.rawoodfoundation.org\/#\/schema\/logo\/image\/","url":"https:\/\/www.rawoodfoundation.org\/wp-content\/uploads\/2023\/07\/Raymond-A-Wood-Foundation-logo.webp","contentUrl":"https:\/\/www.rawoodfoundation.org\/wp-content\/uploads\/2023\/07\/Raymond-A-Wood-Foundation-logo.webp","width":470,"height":128,"caption":"Raymond A. Wood Foundation"},"image":{"@id":"https:\/\/www.rawoodfoundation.org\/#\/schema\/logo\/image\/"},"sameAs":["https:\/\/www.facebook.com\/rawoodfoundation","https:\/\/x.com\/rawoodfound"]}]}},"_links":{"self":[{"href":"https:\/\/www.rawoodfoundation.org\/fr\/wp-json\/wp\/v2\/pages\/8263","targetHints":{"allow":["GET"]}}],"collection":[{"href":"https:\/\/www.rawoodfoundation.org\/fr\/wp-json\/wp\/v2\/pages"}],"about":[{"href":"https:\/\/www.rawoodfoundation.org\/fr\/wp-json\/wp\/v2\/types\/page"}],"author":[{"embeddable":true,"href":"https:\/\/www.rawoodfoundation.org\/fr\/wp-json\/wp\/v2\/users\/4"}],"replies":[{"embeddable":true,"href":"https:\/\/www.rawoodfoundation.org\/fr\/wp-json\/wp\/v2\/comments?post=8263"}],"version-history":[{"count":53,"href":"https:\/\/www.rawoodfoundation.org\/fr\/wp-json\/wp\/v2\/pages\/8263\/revisions"}],"predecessor-version":[{"id":15194,"href":"https:\/\/www.rawoodfoundation.org\/fr\/wp-json\/wp\/v2\/pages\/8263\/revisions\/15194"}],"wp:attachment":[{"href":"https:\/\/www.rawoodfoundation.org\/fr\/wp-json\/wp\/v2\/media?parent=8263"}],"curies":[{"name":"wp","href":"https:\/\/api.w.org\/{rel}","templated":true}]}}