{"id":8202,"date":"2023-08-11T18:13:12","date_gmt":"2023-08-11T18:13:12","guid":{"rendered":"https:\/\/live-rawf.pantheonsite.io\/?page_id=8202"},"modified":"2025-05-05T17:54:51","modified_gmt":"2025-05-05T17:54:51","slug":"tumeurs-cerebrales-hypothalamo-hypophysaires","status":"publish","type":"page","link":"https:\/\/www.rawoodfoundation.org\/fr\/hypothalamic-pituitary-brain-tumors\/","title":{"rendered":"Tumeurs c\u00e9r\u00e9brales hypothalamo-hypophysaires"},"content":{"rendered":"<h2 class=\"wp-block-heading\">Comprendre ces tumeurs et leurs d\u00e9fis<\/h2>\n\n\n\n<p>Les tumeurs c\u00e9r\u00e9brales hypothalamo-hypophysaires, \u00e9galement appel\u00e9es tumeurs de la r\u00e9gion hypothalamo-hypophysaire, sont un groupe de tumeurs qui se d\u00e9veloppent dans ou autour de l'hypothalamus et de l'hypophyse. L'hypothalamus et l'hypophyse sont des parties cruciales du cerveau qui jouent un r\u00f4le central dans la r\u00e9gulation de diverses fonctions corporelles, notamment la production d'hormones, la croissance, le m\u00e9tabolisme et la r\u00e9ponse au stress. Les tumeurs dans cette r\u00e9gion peuvent perturber le fonctionnement normal de ces structures et entra\u00eener une s\u00e9rie de sympt\u00f4mes hormonaux et neurologiques.<\/p>\n\n\n\n<p>Ces tumeurs peuvent \u00eatre b\u00e9nignes (non canc\u00e9reuses) ou malignes (canc\u00e9reuses). Elles sont g\u00e9n\u00e9ralement class\u00e9es en fonction de leur localisation dans la r\u00e9gion hypothalamo-hypophysaire et du type de cellules dont elles sont issues. Les types de tumeurs hypothalamo-hypophysaires les plus courants sont les suivants :<\/p>\n\n\n\n<ol class=\"wp-block-list\">\n<li><strong>Ad\u00e9nomes hypophysaires :<\/strong> Il s'agit du type de tumeur le plus courant dans la r\u00e9gion hypothalamo-hypophysaire. Elles proviennent des cellules de l'hypophyse et peuvent \u00eatre class\u00e9es en fonction des hormones qu'elles produisent. Les prolactinomes, les ad\u00e9nomes s\u00e9cr\u00e9tant l'hormone de croissance et les ad\u00e9nomes s\u00e9cr\u00e9tant l'ACTH (qui peuvent provoquer la maladie de Cushing) en sont des exemples.<\/li>\n\n\n\n<li><strong><a href=\"https:\/\/live-rawf.pantheonsite.io\/craniopharyngioma\/\">Cr\u00e2niopharyngiomes<\/a>:<\/strong> Ces tumeurs se d\u00e9veloppent pr\u00e8s de l'hypophyse et sont souvent non canc\u00e9reuses. En raison de leur localisation, elles peuvent provoquer toute une s\u00e9rie de sympt\u00f4mes, notamment des d\u00e9s\u00e9quilibres hormonaux et des troubles de la vue.<\/li>\n\n\n\n<li><strong>Gliomes optiques :<\/strong> Ces tumeurs proviennent des nerfs optiques et peuvent affecter la vision. Elles sont plus fr\u00e9quentes chez les enfants et sont associ\u00e9es \u00e0 la neurofibromatose de type 1 (NF1).<\/li>\n\n\n\n<li><strong>Germinomes et autres tumeurs des cellules germinales :<\/strong> Il s'agit de tumeurs rares qui peuvent survenir dans la r\u00e9gion de l'hypothalamus et de l'hypophyse. Elles proviennent de cellules germinales et peuvent affecter la production d'hormones et la fonction neurologique.<\/li>\n\n\n\n<li><strong>Tumeurs craniopharyng\u00e9es :<\/strong> Ces tumeurs sont g\u00e9n\u00e9ralement b\u00e9nignes et se d\u00e9veloppent dans la r\u00e9gion situ\u00e9e entre l'hypophyse et l'hypothalamus. Elles peuvent provoquer des d\u00e9s\u00e9quilibres hormonaux et des sympt\u00f4mes neurologiques.<\/li>\n\n\n\n<li><strong>Hamartome hypothalamique<\/strong> est une malformation rare, non canc\u00e9reuse (b\u00e9nigne), semblable \u00e0 une tumeur, qui se produit dans l'hypothalamus, une r\u00e9gion du cerveau responsable de la r\u00e9gulation de diverses fonctions corporelles et hormones. Il est important de noter que si le terme \"tumeur\" est souvent utilis\u00e9 pour d\u00e9crire un hamartome hypothalamique, il ne s'agit pas d'une v\u00e9ritable tumeur au sens d'une croissance cellulaire incontr\u00f4l\u00e9e. Il s'agit plut\u00f4t d'une anomalie de d\u00e9veloppement du tissu c\u00e9r\u00e9bral.<\/li>\n<\/ol>\n\n\n\n<p>Les sympt\u00f4mes des tumeurs c\u00e9r\u00e9brales hypothalamo-hypophysaires peuvent varier consid\u00e9rablement en fonction du type, de la taille et de la localisation de la tumeur. Les sympt\u00f4mes les plus courants sont des d\u00e9s\u00e9quilibres hormonaux entra\u00eenant des probl\u00e8mes tels que des anomalies de croissance, une prise ou une perte de poids, des irr\u00e9gularit\u00e9s menstruelles et des modifications de la fonction sexuelle. En outre, les patients peuvent souffrir de maux de t\u00eate, de troubles visuels, de fatigue, de changements d'humeur et de d\u00e9ficits neurologiques.<\/p>\n\n\n\n<p>Les options de traitement de ces tumeurs d\u00e9pendent de facteurs tels que le type de tumeur, sa taille, sa localisation et l'\u00e9tat de sant\u00e9 g\u00e9n\u00e9ral du patient. Les approches th\u00e9rapeutiques peuvent inclure la chirurgie pour enlever la tumeur, la radioth\u00e9rapie et, dans certains cas, des m\u00e9dicaments pour g\u00e9rer les d\u00e9s\u00e9quilibres hormonaux. Il est important que les personnes dont la tumeur c\u00e9r\u00e9brale hypothalamo-hypophysaire est suspect\u00e9e ou diagnostiqu\u00e9e travaillent en \u00e9troite collaboration avec une \u00e9quipe m\u00e9dicale, comprenant des neurochirurgiens, des endocrinologues et d'autres sp\u00e9cialistes, afin de d\u00e9terminer le meilleur traitement possible en fonction de leur \u00e9tat sp\u00e9cifique.<\/p>\n\n\n\n<hr class=\"wp-block-separator has-alpha-channel-opacity\"\/>\n\n\n\n<h3 class=\"wp-block-heading\">Conditions connexes<\/h3>\n\n\n<div class=\"gb-grid-wrapper gb-grid-wrapper-a102a347\">\n<div class=\"gb-grid-column gb-grid-column-d8d4f066\"><div class=\"gb-container gb-container-d8d4f066\"><a class=\"gb-container-link\" href=\"https:\/\/live-rawf.pantheonsite.io\/managing-diabetes-insipidus\/\" aria-label=\"Diab\u00e8te insipide\"><\/a>\n<div class=\"gb-container gb-container-1fbd2c79\">\n\n<div class=\"wp-block-columns is-layout-flex wp-container-core-columns-is-layout-9d6595d7 wp-block-columns-is-layout-flex\">\n<div class=\"wp-block-column is-layout-flow wp-block-column-is-layout-flow\" style=\"flex-basis:66.66%\">\n<h6 class=\"wp-block-heading\">Diab\u00e8te insipide<\/h6>\n<\/div>\n\n\n\n<div class=\"wp-block-column is-layout-flow wp-block-column-is-layout-flow\" style=\"flex-basis:33.33%\"><div class=\"wp-block-image\">\n<figure class=\"alignleft size-large\"><img decoding=\"async\" width=\"100\" height=\"100\" src=\"https:\/\/live-rawf.pantheonsite.io\/wp-content\/uploads\/2023\/06\/water.svg\" alt=\"ic\u00f4ne de la goutte d&#039;eau\" class=\"wp-image-7291\" style=\"object-fit:cover\"\/><\/figure><\/div><\/div>\n<\/div>\n\n<\/div>\n<\/div><\/div>\n\n<div class=\"gb-grid-column gb-grid-column-964d9dd6\"><div class=\"gb-container gb-container-964d9dd6\">\n<div class=\"gb-container gb-container-8052ff2b\"><a class=\"gb-container-link\" href=\"\/fr\/craniopharyngiome\/\" aria-label=\"Ob\u00e9sit\u00e9 hypothalamique\"><\/a>\n\n<div class=\"wp-block-columns is-layout-flex wp-container-core-columns-is-layout-9d6595d7 wp-block-columns-is-layout-flex\">\n<div class=\"wp-block-column is-layout-flow wp-block-column-is-layout-flow\" style=\"flex-basis:66.66%\">\n<h6 class=\"wp-block-heading\">Ob\u00e9sit\u00e9 hypothalamique<\/h6>\n<\/div>\n\n\n\n<div class=\"wp-block-column is-layout-flow wp-block-column-is-layout-flow\" style=\"flex-basis:33.33%\"><div class=\"wp-block-image\">\n<figure class=\"alignleft size-large\"><img decoding=\"async\" width=\"100\" height=\"100\" src=\"https:\/\/live-rawf.pantheonsite.io\/wp-content\/uploads\/2023\/06\/scale.svg\" alt=\"Ic\u00f4ne d&#039;\u00e9chelle\" class=\"wp-image-7287\"\/><\/figure><\/div><\/div>\n<\/div>\n\n<\/div>\n<\/div><\/div>\n\n<div class=\"gb-grid-column gb-grid-column-4aa0e397\"><div class=\"gb-container gb-container-4aa0e397\">\n<div class=\"gb-container gb-container-3e46d788\"><a class=\"gb-container-link\" href=\"\/fr\/hypopituitarisme\/\" aria-label=\"Insuffisance surr\u00e9nale\"><\/a>\n\n<div class=\"wp-block-columns is-layout-flex wp-container-core-columns-is-layout-9d6595d7 wp-block-columns-is-layout-flex\">\n<div class=\"wp-block-column is-layout-flow wp-block-column-is-layout-flow\" style=\"flex-basis:66.66%\">\n<h6 class=\"wp-block-heading\">Insuffisance surr\u00e9nale<\/h6>\n<\/div>\n\n\n\n<div class=\"wp-block-column is-layout-flow wp-block-column-is-layout-flow\" style=\"flex-basis:33.33%\"><div class=\"wp-block-image\">\n<figure class=\"alignleft size-large\"><img decoding=\"async\" width=\"100\" height=\"100\" src=\"https:\/\/live-rawf.pantheonsite.io\/wp-content\/uploads\/2023\/06\/case.svg\" alt=\"Ic\u00f4ne du cas du m\u00e9decin\" class=\"wp-image-7290\"\/><\/figure><\/div><\/div>\n<\/div>\n\n<\/div>\n<\/div><\/div>\n<\/div>\n\n\n<p><\/p>","protected":false},"excerpt":{"rendered":"<p>Comprendre ces tumeurs et leurs d\u00e9fis Les tumeurs c\u00e9r\u00e9brales hypothalamo-hypophysaires, \u00e9galement connues sous le nom de tumeurs de la r\u00e9gion hypothalamo-hypophysaire, ... <a title=\"Tumeurs c\u00e9r\u00e9brales hypothalamo-hypophysaires\" class=\"read-more\" href=\"https:\/\/www.rawoodfoundation.org\/fr\/hypothalamic-pituitary-brain-tumors\/\" aria-label=\"En savoir plus sur les tumeurs c\u00e9r\u00e9brales hypothalamo-hypophysaires\">Lire plus<\/a><\/p>","protected":false},"author":4,"featured_media":0,"parent":0,"menu_order":49,"comment_status":"closed","ping_status":"closed","template":"","meta":{"_acf_changed":false,"footnotes":""},"class_list":{"0":"post-8202","1":"page","2":"type-page","3":"status-publish","5":"no-featured-image-padding"},"acf":[],"yoast_head":"<!-- This site is optimized with the Yoast SEO plugin v27.3 - https:\/\/yoast.com\/product\/yoast-seo-wordpress\/ -->\n<title>Hypothalamic-Pituitary Brain Tumors - Raymond A. Wood Foundation<\/title>\n<meta name=\"robots\" content=\"index, follow, max-snippet:-1, max-image-preview:large, max-video-preview:-1\" \/>\n<link rel=\"canonical\" href=\"https:\/\/www.rawoodfoundation.org\/fr\/tumeurs-cerebrales-hypothalamo-hypophysaires\/\" \/>\n<meta property=\"og:locale\" content=\"fr_FR\" \/>\n<meta property=\"og:type\" content=\"article\" \/>\n<meta property=\"og:title\" content=\"Hypothalamic-Pituitary Brain Tumors - Raymond A. Wood Foundation\" \/>\n<meta property=\"og:description\" content=\"Understanding these Tumors and their Challenges Hypothalamic-pituitary brain tumors, also known as hypothalamic-pituitary region tumors, ... Lire plus\" \/>\n<meta property=\"og:url\" content=\"https:\/\/www.rawoodfoundation.org\/fr\/tumeurs-cerebrales-hypothalamo-hypophysaires\/\" \/>\n<meta property=\"og:site_name\" content=\"Raymond A. Wood Foundation\" \/>\n<meta property=\"article:publisher\" content=\"https:\/\/www.facebook.com\/rawoodfoundation\" \/>\n<meta property=\"article:modified_time\" content=\"2025-05-05T17:54:51+00:00\" \/>\n<meta property=\"og:image\" content=\"https:\/\/live-rawf.pantheonsite.io\/wp-content\/uploads\/2023\/06\/water.svg\" \/>\n<meta name=\"twitter:card\" content=\"summary_large_image\" \/>\n<meta name=\"twitter:site\" content=\"@rawoodfound\" \/>\n<meta name=\"twitter:label1\" content=\"Est. reading time\" \/>\n\t<meta name=\"twitter:data1\" content=\"3 minutes\" \/>\n<script type=\"application\/ld+json\" class=\"yoast-schema-graph\">{\"@context\":\"https:\\\/\\\/schema.org\",\"@graph\":[{\"@type\":\"WebPage\",\"@id\":\"https:\\\/\\\/www.rawoodfoundation.org\\\/hypothalamic-pituitary-brain-tumors\\\/\",\"url\":\"https:\\\/\\\/www.rawoodfoundation.org\\\/hypothalamic-pituitary-brain-tumors\\\/\",\"name\":\"Hypothalamic-Pituitary Brain Tumors - Raymond A. Wood Foundation\",\"isPartOf\":{\"@id\":\"https:\\\/\\\/www.rawoodfoundation.org\\\/#website\"},\"primaryImageOfPage\":{\"@id\":\"https:\\\/\\\/www.rawoodfoundation.org\\\/hypothalamic-pituitary-brain-tumors\\\/#primaryimage\"},\"image\":{\"@id\":\"https:\\\/\\\/www.rawoodfoundation.org\\\/hypothalamic-pituitary-brain-tumors\\\/#primaryimage\"},\"thumbnailUrl\":\"https:\\\/\\\/live-rawf.pantheonsite.io\\\/wp-content\\\/uploads\\\/2023\\\/06\\\/water.svg\",\"datePublished\":\"2023-08-11T18:13:12+00:00\",\"dateModified\":\"2025-05-05T17:54:51+00:00\",\"breadcrumb\":{\"@id\":\"https:\\\/\\\/www.rawoodfoundation.org\\\/hypothalamic-pituitary-brain-tumors\\\/#breadcrumb\"},\"inLanguage\":\"fr-FR\",\"potentialAction\":[{\"@type\":\"ReadAction\",\"target\":[\"https:\\\/\\\/www.rawoodfoundation.org\\\/hypothalamic-pituitary-brain-tumors\\\/\"]}]},{\"@type\":\"ImageObject\",\"inLanguage\":\"fr-FR\",\"@id\":\"https:\\\/\\\/www.rawoodfoundation.org\\\/hypothalamic-pituitary-brain-tumors\\\/#primaryimage\",\"url\":\"https:\\\/\\\/live-rawf.pantheonsite.io\\\/wp-content\\\/uploads\\\/2023\\\/06\\\/water.svg\",\"contentUrl\":\"https:\\\/\\\/live-rawf.pantheonsite.io\\\/wp-content\\\/uploads\\\/2023\\\/06\\\/water.svg\"},{\"@type\":\"BreadcrumbList\",\"@id\":\"https:\\\/\\\/www.rawoodfoundation.org\\\/hypothalamic-pituitary-brain-tumors\\\/#breadcrumb\",\"itemListElement\":[{\"@type\":\"ListItem\",\"position\":1,\"name\":\"Home\",\"item\":\"https:\\\/\\\/www.rawoodfoundation.org\\\/\"},{\"@type\":\"ListItem\",\"position\":2,\"name\":\"Hypothalamic-Pituitary Brain Tumors\"}]},{\"@type\":\"WebSite\",\"@id\":\"https:\\\/\\\/www.rawoodfoundation.org\\\/#website\",\"url\":\"https:\\\/\\\/www.rawoodfoundation.org\\\/\",\"name\":\"Raymond A. Wood Foundation\",\"description\":\"The mission of the RAWF is to provide quality of life support for childhood brain tumor survivors and their families.\",\"publisher\":{\"@id\":\"https:\\\/\\\/www.rawoodfoundation.org\\\/#organization\"},\"potentialAction\":[{\"@type\":\"SearchAction\",\"target\":{\"@type\":\"EntryPoint\",\"urlTemplate\":\"https:\\\/\\\/www.rawoodfoundation.org\\\/?s={search_term_string}\"},\"query-input\":{\"@type\":\"PropertyValueSpecification\",\"valueRequired\":true,\"valueName\":\"search_term_string\"}}],\"inLanguage\":\"fr-FR\"},{\"@type\":\"Organization\",\"@id\":\"https:\\\/\\\/www.rawoodfoundation.org\\\/#organization\",\"name\":\"Raymond A. Wood Foundation\",\"url\":\"https:\\\/\\\/www.rawoodfoundation.org\\\/\",\"logo\":{\"@type\":\"ImageObject\",\"inLanguage\":\"fr-FR\",\"@id\":\"https:\\\/\\\/www.rawoodfoundation.org\\\/#\\\/schema\\\/logo\\\/image\\\/\",\"url\":\"https:\\\/\\\/www.rawoodfoundation.org\\\/wp-content\\\/uploads\\\/2023\\\/07\\\/Raymond-A-Wood-Foundation-logo.webp\",\"contentUrl\":\"https:\\\/\\\/www.rawoodfoundation.org\\\/wp-content\\\/uploads\\\/2023\\\/07\\\/Raymond-A-Wood-Foundation-logo.webp\",\"width\":470,\"height\":128,\"caption\":\"Raymond A. Wood Foundation\"},\"image\":{\"@id\":\"https:\\\/\\\/www.rawoodfoundation.org\\\/#\\\/schema\\\/logo\\\/image\\\/\"},\"sameAs\":[\"https:\\\/\\\/www.facebook.com\\\/rawoodfoundation\",\"https:\\\/\\\/x.com\\\/rawoodfound\"]}]}<\/script>\n<!-- \/ Yoast SEO plugin. -->","yoast_head_json":{"title":"Tumeurs c\u00e9r\u00e9brales hypothalamo-hypophysaires - Raymond A. Wood Foundation","robots":{"index":"index","follow":"follow","max-snippet":"max-snippet:-1","max-image-preview":"max-image-preview:large","max-video-preview":"max-video-preview:-1"},"canonical":"https:\/\/www.rawoodfoundation.org\/fr\/tumeurs-cerebrales-hypothalamo-hypophysaires\/","og_locale":"fr_FR","og_type":"article","og_title":"Hypothalamic-Pituitary Brain Tumors - Raymond A. Wood Foundation","og_description":"Understanding these Tumors and their Challenges Hypothalamic-pituitary brain tumors, also known as hypothalamic-pituitary region tumors, ... Lire plus","og_url":"https:\/\/www.rawoodfoundation.org\/fr\/tumeurs-cerebrales-hypothalamo-hypophysaires\/","og_site_name":"Raymond A. Wood Foundation","article_publisher":"https:\/\/www.facebook.com\/rawoodfoundation","article_modified_time":"2025-05-05T17:54:51+00:00","og_image":[{"url":"https:\/\/live-rawf.pantheonsite.io\/wp-content\/uploads\/2023\/06\/water.svg","type":"","width":"","height":""}],"twitter_card":"summary_large_image","twitter_site":"@rawoodfound","twitter_misc":{"Est. reading time":"3 minutes"},"schema":{"@context":"https:\/\/schema.org","@graph":[{"@type":"WebPage","@id":"https:\/\/www.rawoodfoundation.org\/hypothalamic-pituitary-brain-tumors\/","url":"https:\/\/www.rawoodfoundation.org\/hypothalamic-pituitary-brain-tumors\/","name":"Tumeurs c\u00e9r\u00e9brales hypothalamo-hypophysaires - Raymond A. Wood Foundation","isPartOf":{"@id":"https:\/\/www.rawoodfoundation.org\/#website"},"primaryImageOfPage":{"@id":"https:\/\/www.rawoodfoundation.org\/hypothalamic-pituitary-brain-tumors\/#primaryimage"},"image":{"@id":"https:\/\/www.rawoodfoundation.org\/hypothalamic-pituitary-brain-tumors\/#primaryimage"},"thumbnailUrl":"https:\/\/live-rawf.pantheonsite.io\/wp-content\/uploads\/2023\/06\/water.svg","datePublished":"2023-08-11T18:13:12+00:00","dateModified":"2025-05-05T17:54:51+00:00","breadcrumb":{"@id":"https:\/\/www.rawoodfoundation.org\/hypothalamic-pituitary-brain-tumors\/#breadcrumb"},"inLanguage":"fr-FR","potentialAction":[{"@type":"ReadAction","target":["https:\/\/www.rawoodfoundation.org\/hypothalamic-pituitary-brain-tumors\/"]}]},{"@type":"ImageObject","inLanguage":"fr-FR","@id":"https:\/\/www.rawoodfoundation.org\/hypothalamic-pituitary-brain-tumors\/#primaryimage","url":"https:\/\/live-rawf.pantheonsite.io\/wp-content\/uploads\/2023\/06\/water.svg","contentUrl":"https:\/\/live-rawf.pantheonsite.io\/wp-content\/uploads\/2023\/06\/water.svg"},{"@type":"BreadcrumbList","@id":"https:\/\/www.rawoodfoundation.org\/hypothalamic-pituitary-brain-tumors\/#breadcrumb","itemListElement":[{"@type":"ListItem","position":1,"name":"Home","item":"https:\/\/www.rawoodfoundation.org\/"},{"@type":"ListItem","position":2,"name":"Hypothalamic-Pituitary Brain Tumors"}]},{"@type":"WebSite","@id":"https:\/\/www.rawoodfoundation.org\/#website","url":"https:\/\/www.rawoodfoundation.org\/","name":"Fondation Raymond A. Wood","description":"La mission de la RAWF est d'apporter un soutien \u00e0 la qualit\u00e9 de vie des survivants de tumeurs c\u00e9r\u00e9brales infantiles et de leurs familles.","publisher":{"@id":"https:\/\/www.rawoodfoundation.org\/#organization"},"potentialAction":[{"@type":"SearchAction","target":{"@type":"EntryPoint","urlTemplate":"https:\/\/www.rawoodfoundation.org\/?s={search_term_string}"},"query-input":{"@type":"PropertyValueSpecification","valueRequired":true,"valueName":"search_term_string"}}],"inLanguage":"fr-FR"},{"@type":"Organization","@id":"https:\/\/www.rawoodfoundation.org\/#organization","name":"Fondation Raymond A. Wood","url":"https:\/\/www.rawoodfoundation.org\/","logo":{"@type":"ImageObject","inLanguage":"fr-FR","@id":"https:\/\/www.rawoodfoundation.org\/#\/schema\/logo\/image\/","url":"https:\/\/www.rawoodfoundation.org\/wp-content\/uploads\/2023\/07\/Raymond-A-Wood-Foundation-logo.webp","contentUrl":"https:\/\/www.rawoodfoundation.org\/wp-content\/uploads\/2023\/07\/Raymond-A-Wood-Foundation-logo.webp","width":470,"height":128,"caption":"Raymond A. Wood Foundation"},"image":{"@id":"https:\/\/www.rawoodfoundation.org\/#\/schema\/logo\/image\/"},"sameAs":["https:\/\/www.facebook.com\/rawoodfoundation","https:\/\/x.com\/rawoodfound"]}]}},"_links":{"self":[{"href":"https:\/\/www.rawoodfoundation.org\/fr\/wp-json\/wp\/v2\/pages\/8202","targetHints":{"allow":["GET"]}}],"collection":[{"href":"https:\/\/www.rawoodfoundation.org\/fr\/wp-json\/wp\/v2\/pages"}],"about":[{"href":"https:\/\/www.rawoodfoundation.org\/fr\/wp-json\/wp\/v2\/types\/page"}],"author":[{"embeddable":true,"href":"https:\/\/www.rawoodfoundation.org\/fr\/wp-json\/wp\/v2\/users\/4"}],"replies":[{"embeddable":true,"href":"https:\/\/www.rawoodfoundation.org\/fr\/wp-json\/wp\/v2\/comments?post=8202"}],"version-history":[{"count":14,"href":"https:\/\/www.rawoodfoundation.org\/fr\/wp-json\/wp\/v2\/pages\/8202\/revisions"}],"predecessor-version":[{"id":12960,"href":"https:\/\/www.rawoodfoundation.org\/fr\/wp-json\/wp\/v2\/pages\/8202\/revisions\/12960"}],"wp:attachment":[{"href":"https:\/\/www.rawoodfoundation.org\/fr\/wp-json\/wp\/v2\/media?parent=8202"}],"curies":[{"name":"wp","href":"https:\/\/api.w.org\/{rel}","templated":true}]}}