{"id":7832,"date":"2023-07-28T18:42:47","date_gmt":"2023-07-28T18:42:47","guid":{"rendered":"https:\/\/live-rawf.pantheonsite.io\/?page_id=7832"},"modified":"2023-08-09T17:01:51","modified_gmt":"2023-08-09T17:01:51","slug":"collecte-de-fonds-2","status":"publish","type":"page","link":"https:\/\/www.rawoodfoundation.org\/fr\/fundraise-2\/","title":{"rendered":"Collecte de fonds"},"content":{"rendered":"<h2 class=\"wp-block-heading\">Votre aide et votre soutien contribuent grandement \u00e0 faire avancer le travail de RAWF<\/h2>\n\n\n\n<div class=\"wp-block-columns is-layout-flex wp-container-core-columns-is-layout-9d6595d7 wp-block-columns-is-layout-flex\">\n<div class=\"wp-block-column is-layout-flow wp-block-column-is-layout-flow\" style=\"flex-basis:66.66%\">\n<h3 class=\"wp-block-heading\">S<strong>et Up a <\/strong>Collecte de fonds<strong>!<\/strong><\/h3>\n\n\n\n<p>La Raymond A. Wood Foundation est une petite organisation \u00e0 but non lucratif fonctionnant avec un tr\u00e8s petit budget, qui s'efforce de trouver de meilleures solutions aux grands probl\u00e8mes qui affectent les survivants des tumeurs c\u00e9r\u00e9brales hypothalamo-hypophysaires, notamment les craniopharyngiomes, les astrocytomes, les hamartomes et d'autres tumeurs b\u00e9nignes et malignes de l'axe hypothalamo-hypophysaire. Ces tumeurs sont \u00e0 l'origine de nombreux probl\u00e8mes de qualit\u00e9 de vie auxquels les survivants et les soignants sont confront\u00e9s chaque jour. <a href=\"https:\/\/secure.givelively.org\/donate\/raymond-a-wood-foundation-inc\/personal-milestone-fundraisers\" target=\"_blank\" rel=\"noreferrer noopener\">Yo<\/a><a href=\"https:\/\/secure.givelively.org\/donate\/raymond-a-wood-foundation-inc\/personal-milestone-fundraisers\">Vous pouvez nous aider en organisant une collecte de fonds et en la partageant avec vos amis et votre famille. <\/a><\/p>\n\n\n\n<a class=\"gb-button gb-button-359c149a gb-button-text\" href=\"https:\/\/secure.givelively.org\/donate\/raymond-a-wood-foundation-inc\/personal-milestone-fundraisers\" target=\"_blank\" rel=\"noopener noreferrer\">Commencer<\/a>\n<\/div>\n\n\n\n<div class=\"wp-block-column is-layout-flow wp-block-column-is-layout-flow\" style=\"flex-basis:33.33%\">\n<figure class=\"wp-block-image size-full\"><img decoding=\"async\" width=\"184\" height=\"356\" src=\"https:\/\/live-rawf.pantheonsite.io\/wp-content\/uploads\/2023\/07\/fundraise.gif\" alt=\"Comment organiser une collecte de fonds (animation de la page)\" class=\"wp-image-7834\"\/><\/figure>\n<\/div>\n<\/div>\n\n\n\n<hr class=\"wp-block-separator has-text-color has-alpha-channel-opacity has-background\" style=\"background-color:#eeeeee;color:#eeeeee\"\/>\n\n\n\n<h3 class=\"wp-block-heading\">Collecte de fonds sur Facebook<\/h3>\n\n\n\n<p>Vous pouvez facilement organiser une collecte de fonds sur Facebook pour votre anniversaire ou une occasion sp\u00e9ciale. Voici comment proc\u00e9der :<\/p>\n\n\n\n<ul class=\"wp-block-list\">\n<li>Rendez-vous sur la page Facebook de la Fondation Raymond A. Wood et <strong>cliquez sur le bouton \"cr\u00e9er\".<\/strong><\/li>\n\n\n\n<li><strong>Suivez les \u00e9tapes. <\/strong>Facebook contient d\u00e9j\u00e0 du contenu sur notre mission que vous pouvez utiliser, mais il est \u00e9galement utile de partager des histoires personnelles sur les raisons pour lesquelles RAWF compte pour vous.&nbsp;<\/li>\n\n\n\n<li><strong>Commencez modestement et d\u00e9veloppez vos activit\u00e9s.<\/strong> Fixez votre objectif \u00e0 $250. Au fur et \u00e0 mesure que vous atteignez votre objectif, vous pouvez augmenter ce chiffre. Si vous pouvez proposer d'\u00e9galer une partie ou la totalit\u00e9 des dons, cela aidera les gens \u00e0 sentir que m\u00eame de petites contributions sont utiles.<\/li>\n\n\n\n<li><strong>Partager<\/strong> sur les diff\u00e9rents programmes que RAWF financera et qui contribueront \u00e0 faire avancer les choses. Pourquoi ces programmes vous tiennent-ils personnellement \u00e0 c\u0153ur ? Plus vous parlerez de votre collecte de fonds, plus les gens la verront. Vous pouvez \u00e9galement partager des graphiques et des messages de la page Facebook de RAWF avec votre collecte de fonds. Partagez \u00e9galement votre collecte de fonds avec vos histoires.<\/li>\n\n\n\n<li><strong>Continuez \u00e0 le promouvoir.<\/strong> En commentant et en partageant votre collecte de fonds tout au long de la journ\u00e9e, vous la ferez conna\u00eetre aux gens.<\/li>\n\n\n\n<li><strong>Invitez des amis.<\/strong> Commencez par un cercle proche dont vous savez qu'il vous soutiendra et d\u00e9veloppez ce cercle. Invitez-en d'autres tout au long de la collecte de fonds.<\/li>\n\n\n\n<li><strong>Remerciez vos donateurs.<\/strong> Prenez des nouvelles tout au long de la collecte de fonds et remerciez vos donateurs. Marquez-les en tapant le @ (leur nom devrait appara\u00eetre) pour les remercier ou remerciez-les directement en indiquant sur la page de collecte de fonds qu'ils ont fait un don. Faites-leur savoir qu'ils peuvent \"aimer\" la page Facebook de RAWF pour obtenir des mises \u00e0 jour sur la fa\u00e7on dont leurs fonds aident les survivants des tumeurs c\u00e9r\u00e9brales. <\/li>\n<\/ul>\n\n\n\n<a class=\"gb-button gb-button-8855cab2 gb-button-text\" href=\"https:\/\/www.facebook.com\/rawoodfoundation\" target=\"_blank\" rel=\"noopener noreferrer\">Commencer<\/a>\n\n\n<div class=\"gb-container gb-container-52e0cdbf\">\n<div class=\"gb-container gb-container-ebc4de33\">\n\n<figure class=\"wp-block-embed aligncenter is-type-video is-provider-vimeo wp-block-embed-vimeo\"><div class=\"wp-block-embed__wrapper\">\n<iframe title=\"facebook-fundraiser\" src=\"https:\/\/player.vimeo.com\/video\/475173933?dnt=1&amp;app_id=122963\" width=\"1200\" height=\"836\" frameborder=\"0\" allow=\"autoplay; fullscreen; picture-in-picture\" allowfullscreen><\/iframe>\n<\/div><\/figure>\n\n<\/div>\n<\/div>","protected":false},"excerpt":{"rendered":"<p>Votre aide et votre soutien contribuent grandement \u00e0 faire avancer le travail de RAWF Mise en place ... <a title=\"Collecte de fonds\" class=\"read-more\" href=\"https:\/\/www.rawoodfoundation.org\/fr\/fundraise-2\/\" aria-label=\"En savoir plus sur la collecte de fonds\">Lire plus<\/a><\/p>","protected":false},"author":4,"featured_media":0,"parent":0,"menu_order":50,"comment_status":"closed","ping_status":"closed","template":"","meta":{"_acf_changed":false,"footnotes":""},"class_list":{"0":"post-7832","1":"page","2":"type-page","3":"status-publish","5":"no-featured-image-padding"},"acf":[],"yoast_head":"<!-- This site is optimized with the Yoast SEO plugin v27.3 - https:\/\/yoast.com\/product\/yoast-seo-wordpress\/ -->\n<title>Fundraise - Raymond A. Wood Foundation<\/title>\n<meta name=\"robots\" content=\"index, follow, max-snippet:-1, max-image-preview:large, max-video-preview:-1\" \/>\n<link rel=\"canonical\" href=\"https:\/\/www.rawoodfoundation.org\/fr\/collecte-de-fonds-2\/\" \/>\n<meta property=\"og:locale\" content=\"fr_FR\" \/>\n<meta property=\"og:type\" content=\"article\" \/>\n<meta property=\"og:title\" content=\"Fundraise - Raymond A. Wood Foundation\" \/>\n<meta property=\"og:description\" content=\"Your Help and Support Goes a Long Way in Moving RAWF&#8217;s Work Forward Set Up ... Lire plus\" \/>\n<meta property=\"og:url\" content=\"https:\/\/www.rawoodfoundation.org\/fr\/collecte-de-fonds-2\/\" \/>\n<meta property=\"og:site_name\" content=\"Raymond A. Wood Foundation\" \/>\n<meta property=\"article:publisher\" content=\"https:\/\/www.facebook.com\/rawoodfoundation\" \/>\n<meta property=\"article:modified_time\" content=\"2023-08-09T17:01:51+00:00\" \/>\n<meta property=\"og:image\" content=\"https:\/\/live-rawf.pantheonsite.io\/wp-content\/uploads\/2023\/07\/fundraise.gif\" \/>\n<meta name=\"twitter:card\" content=\"summary_large_image\" \/>\n<meta name=\"twitter:site\" content=\"@rawoodfound\" \/>\n<meta name=\"twitter:label1\" content=\"Est. reading time\" \/>\n\t<meta name=\"twitter:data1\" content=\"2 minutes\" \/>\n<script type=\"application\/ld+json\" class=\"yoast-schema-graph\">{\"@context\":\"https:\\\/\\\/schema.org\",\"@graph\":[{\"@type\":\"WebPage\",\"@id\":\"https:\\\/\\\/www.rawoodfoundation.org\\\/fundraise-2\\\/\",\"url\":\"https:\\\/\\\/www.rawoodfoundation.org\\\/fundraise-2\\\/\",\"name\":\"Fundraise - Raymond A. Wood Foundation\",\"isPartOf\":{\"@id\":\"https:\\\/\\\/www.rawoodfoundation.org\\\/#website\"},\"primaryImageOfPage\":{\"@id\":\"https:\\\/\\\/www.rawoodfoundation.org\\\/fundraise-2\\\/#primaryimage\"},\"image\":{\"@id\":\"https:\\\/\\\/www.rawoodfoundation.org\\\/fundraise-2\\\/#primaryimage\"},\"thumbnailUrl\":\"https:\\\/\\\/live-rawf.pantheonsite.io\\\/wp-content\\\/uploads\\\/2023\\\/07\\\/fundraise.gif\",\"datePublished\":\"2023-07-28T18:42:47+00:00\",\"dateModified\":\"2023-08-09T17:01:51+00:00\",\"breadcrumb\":{\"@id\":\"https:\\\/\\\/www.rawoodfoundation.org\\\/fundraise-2\\\/#breadcrumb\"},\"inLanguage\":\"fr-FR\",\"potentialAction\":[{\"@type\":\"ReadAction\",\"target\":[\"https:\\\/\\\/www.rawoodfoundation.org\\\/fundraise-2\\\/\"]}]},{\"@type\":\"ImageObject\",\"inLanguage\":\"fr-FR\",\"@id\":\"https:\\\/\\\/www.rawoodfoundation.org\\\/fundraise-2\\\/#primaryimage\",\"url\":\"https:\\\/\\\/live-rawf.pantheonsite.io\\\/wp-content\\\/uploads\\\/2023\\\/07\\\/fundraise.gif\",\"contentUrl\":\"https:\\\/\\\/live-rawf.pantheonsite.io\\\/wp-content\\\/uploads\\\/2023\\\/07\\\/fundraise.gif\"},{\"@type\":\"BreadcrumbList\",\"@id\":\"https:\\\/\\\/www.rawoodfoundation.org\\\/fundraise-2\\\/#breadcrumb\",\"itemListElement\":[{\"@type\":\"ListItem\",\"position\":1,\"name\":\"Home\",\"item\":\"https:\\\/\\\/www.rawoodfoundation.org\\\/\"},{\"@type\":\"ListItem\",\"position\":2,\"name\":\"Fundraise\"}]},{\"@type\":\"WebSite\",\"@id\":\"https:\\\/\\\/www.rawoodfoundation.org\\\/#website\",\"url\":\"https:\\\/\\\/www.rawoodfoundation.org\\\/\",\"name\":\"Raymond A. Wood Foundation\",\"description\":\"The mission of the RAWF is to provide quality of life support for childhood brain tumor survivors and their families.\",\"publisher\":{\"@id\":\"https:\\\/\\\/www.rawoodfoundation.org\\\/#organization\"},\"potentialAction\":[{\"@type\":\"SearchAction\",\"target\":{\"@type\":\"EntryPoint\",\"urlTemplate\":\"https:\\\/\\\/www.rawoodfoundation.org\\\/?s={search_term_string}\"},\"query-input\":{\"@type\":\"PropertyValueSpecification\",\"valueRequired\":true,\"valueName\":\"search_term_string\"}}],\"inLanguage\":\"fr-FR\"},{\"@type\":\"Organization\",\"@id\":\"https:\\\/\\\/www.rawoodfoundation.org\\\/#organization\",\"name\":\"Raymond A. Wood Foundation\",\"url\":\"https:\\\/\\\/www.rawoodfoundation.org\\\/\",\"logo\":{\"@type\":\"ImageObject\",\"inLanguage\":\"fr-FR\",\"@id\":\"https:\\\/\\\/www.rawoodfoundation.org\\\/#\\\/schema\\\/logo\\\/image\\\/\",\"url\":\"https:\\\/\\\/www.rawoodfoundation.org\\\/wp-content\\\/uploads\\\/2023\\\/07\\\/Raymond-A-Wood-Foundation-logo.webp\",\"contentUrl\":\"https:\\\/\\\/www.rawoodfoundation.org\\\/wp-content\\\/uploads\\\/2023\\\/07\\\/Raymond-A-Wood-Foundation-logo.webp\",\"width\":470,\"height\":128,\"caption\":\"Raymond A. Wood Foundation\"},\"image\":{\"@id\":\"https:\\\/\\\/www.rawoodfoundation.org\\\/#\\\/schema\\\/logo\\\/image\\\/\"},\"sameAs\":[\"https:\\\/\\\/www.facebook.com\\\/rawoodfoundation\",\"https:\\\/\\\/x.com\\\/rawoodfound\"]}]}<\/script>\n<!-- \/ Yoast SEO plugin. -->","yoast_head_json":{"title":"Collecte de fonds - Fondation Raymond A. Wood","robots":{"index":"index","follow":"follow","max-snippet":"max-snippet:-1","max-image-preview":"max-image-preview:large","max-video-preview":"max-video-preview:-1"},"canonical":"https:\/\/www.rawoodfoundation.org\/fr\/collecte-de-fonds-2\/","og_locale":"fr_FR","og_type":"article","og_title":"Fundraise - Raymond A. Wood Foundation","og_description":"Your Help and Support Goes a Long Way in Moving RAWF&#8217;s Work Forward Set Up ... Lire plus","og_url":"https:\/\/www.rawoodfoundation.org\/fr\/collecte-de-fonds-2\/","og_site_name":"Raymond A. Wood Foundation","article_publisher":"https:\/\/www.facebook.com\/rawoodfoundation","article_modified_time":"2023-08-09T17:01:51+00:00","og_image":[{"url":"https:\/\/live-rawf.pantheonsite.io\/wp-content\/uploads\/2023\/07\/fundraise.gif","type":"","width":"","height":""}],"twitter_card":"summary_large_image","twitter_site":"@rawoodfound","twitter_misc":{"Est. reading time":"2 minutes"},"schema":{"@context":"https:\/\/schema.org","@graph":[{"@type":"WebPage","@id":"https:\/\/www.rawoodfoundation.org\/fundraise-2\/","url":"https:\/\/www.rawoodfoundation.org\/fundraise-2\/","name":"Collecte de fonds - Fondation Raymond A. Wood","isPartOf":{"@id":"https:\/\/www.rawoodfoundation.org\/#website"},"primaryImageOfPage":{"@id":"https:\/\/www.rawoodfoundation.org\/fundraise-2\/#primaryimage"},"image":{"@id":"https:\/\/www.rawoodfoundation.org\/fundraise-2\/#primaryimage"},"thumbnailUrl":"https:\/\/live-rawf.pantheonsite.io\/wp-content\/uploads\/2023\/07\/fundraise.gif","datePublished":"2023-07-28T18:42:47+00:00","dateModified":"2023-08-09T17:01:51+00:00","breadcrumb":{"@id":"https:\/\/www.rawoodfoundation.org\/fundraise-2\/#breadcrumb"},"inLanguage":"fr-FR","potentialAction":[{"@type":"ReadAction","target":["https:\/\/www.rawoodfoundation.org\/fundraise-2\/"]}]},{"@type":"ImageObject","inLanguage":"fr-FR","@id":"https:\/\/www.rawoodfoundation.org\/fundraise-2\/#primaryimage","url":"https:\/\/live-rawf.pantheonsite.io\/wp-content\/uploads\/2023\/07\/fundraise.gif","contentUrl":"https:\/\/live-rawf.pantheonsite.io\/wp-content\/uploads\/2023\/07\/fundraise.gif"},{"@type":"BreadcrumbList","@id":"https:\/\/www.rawoodfoundation.org\/fundraise-2\/#breadcrumb","itemListElement":[{"@type":"ListItem","position":1,"name":"Home","item":"https:\/\/www.rawoodfoundation.org\/"},{"@type":"ListItem","position":2,"name":"Fundraise"}]},{"@type":"WebSite","@id":"https:\/\/www.rawoodfoundation.org\/#website","url":"https:\/\/www.rawoodfoundation.org\/","name":"Fondation Raymond A. Wood","description":"La mission de la RAWF est d'apporter un soutien \u00e0 la qualit\u00e9 de vie des survivants de tumeurs c\u00e9r\u00e9brales infantiles et de leurs familles.","publisher":{"@id":"https:\/\/www.rawoodfoundation.org\/#organization"},"potentialAction":[{"@type":"SearchAction","target":{"@type":"EntryPoint","urlTemplate":"https:\/\/www.rawoodfoundation.org\/?s={search_term_string}"},"query-input":{"@type":"PropertyValueSpecification","valueRequired":true,"valueName":"search_term_string"}}],"inLanguage":"fr-FR"},{"@type":"Organization","@id":"https:\/\/www.rawoodfoundation.org\/#organization","name":"Fondation Raymond A. Wood","url":"https:\/\/www.rawoodfoundation.org\/","logo":{"@type":"ImageObject","inLanguage":"fr-FR","@id":"https:\/\/www.rawoodfoundation.org\/#\/schema\/logo\/image\/","url":"https:\/\/www.rawoodfoundation.org\/wp-content\/uploads\/2023\/07\/Raymond-A-Wood-Foundation-logo.webp","contentUrl":"https:\/\/www.rawoodfoundation.org\/wp-content\/uploads\/2023\/07\/Raymond-A-Wood-Foundation-logo.webp","width":470,"height":128,"caption":"Raymond A. Wood Foundation"},"image":{"@id":"https:\/\/www.rawoodfoundation.org\/#\/schema\/logo\/image\/"},"sameAs":["https:\/\/www.facebook.com\/rawoodfoundation","https:\/\/x.com\/rawoodfound"]}]}},"_links":{"self":[{"href":"https:\/\/www.rawoodfoundation.org\/fr\/wp-json\/wp\/v2\/pages\/7832","targetHints":{"allow":["GET"]}}],"collection":[{"href":"https:\/\/www.rawoodfoundation.org\/fr\/wp-json\/wp\/v2\/pages"}],"about":[{"href":"https:\/\/www.rawoodfoundation.org\/fr\/wp-json\/wp\/v2\/types\/page"}],"author":[{"embeddable":true,"href":"https:\/\/www.rawoodfoundation.org\/fr\/wp-json\/wp\/v2\/users\/4"}],"replies":[{"embeddable":true,"href":"https:\/\/www.rawoodfoundation.org\/fr\/wp-json\/wp\/v2\/comments?post=7832"}],"version-history":[{"count":5,"href":"https:\/\/www.rawoodfoundation.org\/fr\/wp-json\/wp\/v2\/pages\/7832\/revisions"}],"predecessor-version":[{"id":8147,"href":"https:\/\/www.rawoodfoundation.org\/fr\/wp-json\/wp\/v2\/pages\/7832\/revisions\/8147"}],"wp:attachment":[{"href":"https:\/\/www.rawoodfoundation.org\/fr\/wp-json\/wp\/v2\/media?parent=7832"}],"curies":[{"name":"wp","href":"https:\/\/api.w.org\/{rel}","templated":true}]}}