{"id":7734,"date":"2023-07-25T18:50:42","date_gmt":"2023-07-25T18:50:42","guid":{"rendered":"https:\/\/live-rawf.pantheonsite.io\/?page_id=7734"},"modified":"2025-09-22T17:30:19","modified_gmt":"2025-09-22T17:30:19","slug":"faire-un-don","status":"publish","type":"page","link":"https:\/\/www.rawoodfoundation.org\/fr\/make-a-donation\/","title":{"rendered":"Faire un don"},"content":{"rendered":"<h2 class=\"wp-block-heading has-text-align-center\">Transformer des vies gr\u00e2ce \u00e0 un don aujourd'hui<\/h2>\n\n\n\n<p class=\"has-text-align-center\">Chaque don \u00e0 la Raymond A. Wood Foundation a un impact direct sur la vie des survivants des tumeurs c\u00e9r\u00e9brales hypothalamo-hypophysaires et de leurs familles. Votre g\u00e9n\u00e9rosit\u00e9 alimente la recherche vitale, fournit des ressources essentielles et nous permet de plaider en faveur de meilleurs traitements et syst\u00e8mes de soutien. Ensemble, nous cr\u00e9ons un avenir plus radieux pour les survivants, nous am\u00e9liorons leur qualit\u00e9 de vie et nous veillons \u00e0 ce qu'aucune famille n'affronte cette \u00e9preuve seule.<\/p>\n\n\n\n<div class=\"wp-block-columns is-layout-flex wp-container-core-columns-is-layout-9d6595d7 wp-block-columns-is-layout-flex\">\n<div class=\"wp-block-column is-layout-flow wp-block-column-is-layout-flow\"><\/div>\n\n\n\n<div class=\"wp-block-column is-layout-flow wp-block-column-is-layout-flow\" style=\"flex-basis:50%\">\n<givebutter-widget id=\"pErqBj\"><\/givebutter-widget>\n<\/div>\n\n\n\n<div class=\"wp-block-column is-layout-flow wp-block-column-is-layout-flow\"><\/div>\n<\/div>\n\n\n\n<div class=\"wp-block-columns is-layout-flex wp-container-core-columns-is-layout-9d6595d7 wp-block-columns-is-layout-flex\">\n<div class=\"wp-block-column is-layout-flow wp-block-column-is-layout-flow\" style=\"flex-basis:100%\"><\/div>\n<\/div>\n\n\n\n<hr class=\"wp-block-separator has-alpha-channel-opacity\"\/>\n\n\n\n<h3 class=\"wp-block-heading has-text-align-center\">Faire un don par courrier<\/h3>\n\n\n\n<p class=\"has-text-align-center\">Votre soutien est appr\u00e9ci\u00e9. Les ch\u00e8ques peuvent \u00eatre envoy\u00e9s \u00e0 l'adresse suivante<\/p>\n\n\n\n<p class=\"has-text-align-center\">Fondation Raymond A. Wood<br>Bo\u00eete postale 991<br>Ocean City, MD 21843<\/p>\n\n\n\n<p class=\"has-text-align-center has-small-font-size\">RAWF est une organisation caritative publique de type 501c3. Les dons sont d\u00e9ductibles des imp\u00f4ts.<br>Num\u00e9ro d'identification fiscale # 81-4548646<\/p>\n\n\n\n<hr class=\"wp-block-separator has-alpha-channel-opacity\"\/>\n\n\n\n<h3 class=\"wp-block-heading has-text-align-center\">Doublez votre don<\/h3>\n\n\n\n<script>jQuery(document).ready(function($) {var DDCONF = { API_KEY: \"b5ihRKZIQRc08rxK\" };var script = document.createElement('script');script.src = \"https:\/\/doublethedonation.com\/api\/js\/ddplugin.js\";document.body.appendChild(script);});<\/script> <div id=\"dd-container\"><a href=\"https:\/\/doublethedonation.com\/matching-grant-resources\/matching-gift-basics\/\">Don jumel\u00e9<\/a> et <a href=\"https:\/\/doublethedonation.com\/matching-grant-resources\/volunteer-grant-basics\/\">Bourse du b\u00e9n\u00e9volat<\/a> les informations fournies par <br><a href=\"https:\/\/doublethedonation.com\"><img alt=\"Propuls\u00e9 par Double the Donation\" src=\"https:\/\/doublethedonation.com\/api\/img\/powered-by.png\" \/><\/a><\/div>\n\n\n\n<hr class=\"wp-block-separator has-alpha-channel-opacity\"\/>\n\n\n\n<h3 class=\"wp-block-heading has-text-align-center\">Avez-vous un DAF ?<\/h3>\n\n\n\n<div id=\"daf-container\" style=\"text-align: center;\">\n\n\n<script>\n    jQuery(document).ready(function ($) {\n        setTimeout(function () {\n            \/\/ Set the _msdaf_id variable\n            window._msdaf_id = '1a03edd040db4';\n            \n            \/\/ Dynamically load the external script\n            var script = document.createElement('script');\n            script.src = \"https:\/\/app.dafwidget.com\/api\/js\/source.js\";\n            script.async = true;\n            document.body.appendChild(script);\n\n            \/\/ Optionally add the div for styling or layout\n            var widgetContainer = '<div align=\"center\" id=\"daf-widget-container\"><\/div>';\n            $('#daf-container').append(script);\n\n$(document).on('click', '#daf_link', function (event) {\n            event.preventDefault(); \/\/ Prevent default anchor behavior\n            console.log(\"DAF button clicked.\");\n\n            \/\/ Toggle the visibility of the modal\n            $('#outer').toggle();\n        });\n\n        \/\/ Close the modal when clicking the close button\n        $(document).on('click', '#close_daf_modal', function () {\n            $('#outer').hide();\n        });\n        }, 500); \n    });\n<\/script><\/div>\n\n\n\n<hr class=\"wp-block-separator has-alpha-channel-opacity\"\/>\n\n\n\n<h3 class=\"wp-block-heading\">Vous cherchez d'autres moyens de vous impliquer ? <\/h3>\n\n\n\n<p>Les possibilit\u00e9s de soutenir la mission de la Raymond A. Wood Foundation et la communaut\u00e9 des tumeurs c\u00e9r\u00e9brales rares que nous servons quotidiennement sont infinies.&nbsp;<\/p>\n\n\n<div class=\"gb-container gb-container-b0faa0a2\">\n<div class=\"gb-container gb-container-4c60da10\">\n\n<div class=\"wp-block-columns is-layout-flex wp-container-core-columns-is-layout-9d6595d7 wp-block-columns-is-layout-flex\">\n<div class=\"wp-block-column is-layout-flow wp-block-column-is-layout-flow\" style=\"flex-basis:33.33%\"><div class=\"gb-container gb-container-254db55e\">\n\n<figure class=\"wp-block-image size-full\"><img decoding=\"async\" width=\"678\" height=\"479\" src=\"https:\/\/live-rawf.pantheonsite.io\/wp-content\/uploads\/2023\/07\/girlwithhearthands.jpg\" alt=\"Fille avec des mains en forme de c\u0153ur\" class=\"wp-image-7741\" srcset=\"https:\/\/www.rawoodfoundation.org\/wp-content\/uploads\/2023\/07\/girlwithhearthands.jpg 678w, https:\/\/www.rawoodfoundation.org\/wp-content\/uploads\/2023\/07\/girlwithhearthands-300x212.jpg 300w, https:\/\/www.rawoodfoundation.org\/wp-content\/uploads\/2023\/07\/girlwithhearthands-18x12.jpg 18w\" sizes=\"(max-width: 678px) 100vw, 678px\" \/><\/figure>\n\n<\/div><\/div>\n\n\n\n<div class=\"wp-block-column is-layout-flow wp-block-column-is-layout-flow\" style=\"flex-basis:66.66%\"><div class=\"gb-container gb-container-2c4590e8\">\n\n<h4 class=\"gb-headline gb-headline-094bad58 gb-headline-text\">Devenez un collecteur de fonds !<\/h4>\n\n\n\n<p class=\"gb-headline gb-headline-33254764 gb-headline-text\">C\u00e9l\u00e9brez les grandes \u00e9tapes en collectant des fonds pour soutenir les survivants de tumeurs c\u00e9r\u00e9brales rares. Qu'il s'agisse d'anniversaires ou de f\u00eates, nos pages de collecte de fonds personnalis\u00e9es vous permettent d'exprimer votre gratitude en faveur des patients, des survivants et des soignants qui m\u00e9ritent une meilleure qualit\u00e9 de vie. <\/p>\n\n\n\n<p class=\"gb-headline gb-headline-52423adb round-icon\"><span class=\"gb-icon\"><svg aria-hidden=\"true\" role=\"img\" height=\"1em\" width=\"1em\" viewbox=\"0 0 256 512\" xmlns=\"http:\/\/www.w3.org\/2000\/svg\"><path fill=\"currentColor\" d=\"M224.3 273l-136 136c-9.4 9.4-24.6 9.4-33.9 0l-22.6-22.6c-9.4-9.4-9.4-24.6 0-33.9l96.4-96.4-96.4-96.4c-9.4-9.4-9.4-24.6 0-33.9L54.3 103c9.4-9.4 24.6-9.4 33.9 0l136 136c9.5 9.4 9.5 24.6.1 34z\"><\/path><\/svg><\/span><span class=\"gb-headline-text\"><a href=\"https:\/\/secure.givelively.org\/donate\/raymond-a-wood-foundation-inc\/personal-milestone-fundraisers\" target=\"_blank\" rel=\"noreferrer noopener\">Lancer une collecte de fonds<\/a><\/span><\/p>\n\n<\/div><\/div>\n\n\n\n<div class=\"wp-block-column is-layout-flow wp-block-column-is-layout-flow\"><\/div>\n<\/div>\n\n<\/div>\n\n\n<div style=\"height:30px\" aria-hidden=\"true\" class=\"wp-block-spacer\"><\/div>\n\n\n<div class=\"gb-container gb-container-7eb14127\">\n\n<div class=\"wp-block-columns is-layout-flex wp-container-core-columns-is-layout-9d6595d7 wp-block-columns-is-layout-flex\">\n<div class=\"wp-block-column is-layout-flow wp-block-column-is-layout-flow\" style=\"flex-basis:33.33%\"><div class=\"gb-container gb-container-41941001\">\n\n<figure class=\"wp-block-image size-full\"><img decoding=\"async\" width=\"678\" height=\"479\" src=\"https:\/\/live-rawf.pantheonsite.io\/wp-content\/uploads\/2023\/07\/member.jpg\" alt=\"Se donner la main\" class=\"wp-image-7742\" srcset=\"https:\/\/www.rawoodfoundation.org\/wp-content\/uploads\/2023\/07\/member.jpg 678w, https:\/\/www.rawoodfoundation.org\/wp-content\/uploads\/2023\/07\/member-300x212.jpg 300w, https:\/\/www.rawoodfoundation.org\/wp-content\/uploads\/2023\/07\/member-18x12.jpg 18w\" sizes=\"(max-width: 678px) 100vw, 678px\" \/><\/figure>\n\n<\/div><\/div>\n\n\n\n<div class=\"wp-block-column is-layout-flow wp-block-column-is-layout-flow\" style=\"flex-basis:66.66%\"><div class=\"gb-container gb-container-3496dc3b\">\n\n<h4 class=\"gb-headline gb-headline-150bde98 gb-headline-text\">Partagez votre histoire<\/h4>\n\n\n\n<p class=\"gb-headline gb-headline-d09115d5 gb-headline-text\">En tant que survivant ou soignant d'une tumeur c\u00e9r\u00e9brale hypothalamo-hypophysaire -&nbsp;<strong>Vous avez une histoire \u00e0 raconter<\/strong>! Depuis le diagnostic jusqu'au traitement et aux soins continus, en passant par les diverses \u00e9motions, les luttes et les changements. Partager votre histoire permet non seulement de rassembler cette petite communaut\u00e9 de tumeurs c\u00e9r\u00e9brales rares, mais aussi de faire conna\u00eetre le parcours des survivants et des soignants des tumeurs c\u00e9r\u00e9brales hypothalamo-hypophysaires.<\/p>\n\n\n\n<p class=\"gb-headline gb-headline-bc384e9b round-icon\"><span class=\"gb-icon\"><svg aria-hidden=\"true\" role=\"img\" height=\"1em\" width=\"1em\" viewbox=\"0 0 256 512\" xmlns=\"http:\/\/www.w3.org\/2000\/svg\"><path fill=\"currentColor\" d=\"M224.3 273l-136 136c-9.4 9.4-24.6 9.4-33.9 0l-22.6-22.6c-9.4-9.4-9.4-24.6 0-33.9l96.4-96.4-96.4-96.4c-9.4-9.4-9.4-24.6 0-33.9L54.3 103c9.4-9.4 24.6-9.4 33.9 0l136 136c9.5 9.4 9.5 24.6.1 34z\"><\/path><\/svg><\/span><span class=\"gb-headline-text\"><a href=\"https:\/\/www.rawoodfoundation.org\/fr\/partagez-votre-histoire-2\/\" target=\"_blank\" rel=\"noreferrer noopener\">Obtenir<\/a><a href=\"https:\/\/live-rawf.pantheonsite.io\/become-a-member\/\" target=\"_blank\" rel=\"noreferrer noopener\"> informations sur l'adh\u00e9sion<\/a><\/span><\/p>\n\n<\/div><\/div>\n\n\n\n<div class=\"wp-block-column is-layout-flow wp-block-column-is-layout-flow\"><\/div>\n<\/div>\n\n<\/div>\n\n\n<div style=\"height:30px\" aria-hidden=\"true\" class=\"wp-block-spacer\"><\/div>\n\n<\/div>\n\n\n<p><em>Veuillez contacter <a href=\"mailto:development@rawoodfoundation.org\">development@rawoodfoundation.org<\/a> pour conna\u00eetre d'autres fa\u00e7ons de faire un don, y compris les dons par virement bancaire, les actions, les fonds conseill\u00e9s par les donateurs, les dons d'entreprises, et plus encore.<\/em><\/p>","protected":false},"excerpt":{"rendered":"<p>Transformer des vies avec un don aujourd'hui Chaque don \u00e0 la Fondation Raymond A. Wood ... <a title=\"Faire un don\" class=\"read-more\" href=\"https:\/\/www.rawoodfoundation.org\/fr\/make-a-donation\/\" aria-label=\"Plus d&#039;informations sur Faire un don\">Lire plus<\/a><\/p>","protected":false},"author":4,"featured_media":0,"parent":0,"menu_order":51,"comment_status":"closed","ping_status":"closed","template":"","meta":{"_acf_changed":false,"footnotes":""},"class_list":{"0":"post-7734","1":"page","2":"type-page","3":"status-publish","5":"no-featured-image-padding"},"acf":[],"yoast_head":"<!-- This site is optimized with the Yoast SEO plugin v27.3 - https:\/\/yoast.com\/product\/yoast-seo-wordpress\/ -->\n<title>Make A Donation - Raymond A. Wood Foundation<\/title>\n<meta name=\"robots\" content=\"index, follow, max-snippet:-1, max-image-preview:large, max-video-preview:-1\" \/>\n<link rel=\"canonical\" href=\"https:\/\/www.rawoodfoundation.org\/fr\/faire-un-don\/\" \/>\n<meta property=\"og:locale\" content=\"fr_FR\" \/>\n<meta property=\"og:type\" content=\"article\" \/>\n<meta property=\"og:title\" content=\"Make A Donation - Raymond A. Wood Foundation\" \/>\n<meta property=\"og:description\" content=\"Transform Lives with a Gift Today Every donation to the Raymond A. Wood Foundation directly ... Lire plus\" \/>\n<meta property=\"og:url\" content=\"https:\/\/www.rawoodfoundation.org\/fr\/faire-un-don\/\" \/>\n<meta property=\"og:site_name\" content=\"Raymond A. Wood Foundation\" \/>\n<meta property=\"article:publisher\" content=\"https:\/\/www.facebook.com\/rawoodfoundation\" \/>\n<meta property=\"article:modified_time\" content=\"2025-09-22T17:30:19+00:00\" \/>\n<meta property=\"og:image\" content=\"https:\/\/live-rawf.pantheonsite.io\/wp-content\/uploads\/2023\/07\/girlwithhearthands.jpg\" \/>\n<meta name=\"twitter:card\" content=\"summary_large_image\" \/>\n<meta name=\"twitter:site\" content=\"@rawoodfound\" \/>\n<meta name=\"twitter:label1\" content=\"Est. reading time\" \/>\n\t<meta name=\"twitter:data1\" content=\"2 minutes\" \/>\n<script type=\"application\/ld+json\" class=\"yoast-schema-graph\">{\"@context\":\"https:\\\/\\\/schema.org\",\"@graph\":[{\"@type\":\"WebPage\",\"@id\":\"https:\\\/\\\/www.rawoodfoundation.org\\\/make-a-donation\\\/\",\"url\":\"https:\\\/\\\/www.rawoodfoundation.org\\\/make-a-donation\\\/\",\"name\":\"Make A Donation - Raymond A. Wood Foundation\",\"isPartOf\":{\"@id\":\"https:\\\/\\\/www.rawoodfoundation.org\\\/#website\"},\"primaryImageOfPage\":{\"@id\":\"https:\\\/\\\/www.rawoodfoundation.org\\\/make-a-donation\\\/#primaryimage\"},\"image\":{\"@id\":\"https:\\\/\\\/www.rawoodfoundation.org\\\/make-a-donation\\\/#primaryimage\"},\"thumbnailUrl\":\"https:\\\/\\\/live-rawf.pantheonsite.io\\\/wp-content\\\/uploads\\\/2023\\\/07\\\/girlwithhearthands.jpg\",\"datePublished\":\"2023-07-25T18:50:42+00:00\",\"dateModified\":\"2025-09-22T17:30:19+00:00\",\"breadcrumb\":{\"@id\":\"https:\\\/\\\/www.rawoodfoundation.org\\\/make-a-donation\\\/#breadcrumb\"},\"inLanguage\":\"fr-FR\",\"potentialAction\":[{\"@type\":\"ReadAction\",\"target\":[\"https:\\\/\\\/www.rawoodfoundation.org\\\/make-a-donation\\\/\"]}]},{\"@type\":\"ImageObject\",\"inLanguage\":\"fr-FR\",\"@id\":\"https:\\\/\\\/www.rawoodfoundation.org\\\/make-a-donation\\\/#primaryimage\",\"url\":\"https:\\\/\\\/live-rawf.pantheonsite.io\\\/wp-content\\\/uploads\\\/2023\\\/07\\\/girlwithhearthands.jpg\",\"contentUrl\":\"https:\\\/\\\/live-rawf.pantheonsite.io\\\/wp-content\\\/uploads\\\/2023\\\/07\\\/girlwithhearthands.jpg\"},{\"@type\":\"BreadcrumbList\",\"@id\":\"https:\\\/\\\/www.rawoodfoundation.org\\\/make-a-donation\\\/#breadcrumb\",\"itemListElement\":[{\"@type\":\"ListItem\",\"position\":1,\"name\":\"Home\",\"item\":\"https:\\\/\\\/www.rawoodfoundation.org\\\/\"},{\"@type\":\"ListItem\",\"position\":2,\"name\":\"Make A Donation\"}]},{\"@type\":\"WebSite\",\"@id\":\"https:\\\/\\\/www.rawoodfoundation.org\\\/#website\",\"url\":\"https:\\\/\\\/www.rawoodfoundation.org\\\/\",\"name\":\"Raymond A. Wood Foundation\",\"description\":\"The mission of the RAWF is to provide quality of life support for childhood brain tumor survivors and their families.\",\"publisher\":{\"@id\":\"https:\\\/\\\/www.rawoodfoundation.org\\\/#organization\"},\"potentialAction\":[{\"@type\":\"SearchAction\",\"target\":{\"@type\":\"EntryPoint\",\"urlTemplate\":\"https:\\\/\\\/www.rawoodfoundation.org\\\/?s={search_term_string}\"},\"query-input\":{\"@type\":\"PropertyValueSpecification\",\"valueRequired\":true,\"valueName\":\"search_term_string\"}}],\"inLanguage\":\"fr-FR\"},{\"@type\":\"Organization\",\"@id\":\"https:\\\/\\\/www.rawoodfoundation.org\\\/#organization\",\"name\":\"Raymond A. Wood Foundation\",\"url\":\"https:\\\/\\\/www.rawoodfoundation.org\\\/\",\"logo\":{\"@type\":\"ImageObject\",\"inLanguage\":\"fr-FR\",\"@id\":\"https:\\\/\\\/www.rawoodfoundation.org\\\/#\\\/schema\\\/logo\\\/image\\\/\",\"url\":\"https:\\\/\\\/www.rawoodfoundation.org\\\/wp-content\\\/uploads\\\/2023\\\/07\\\/Raymond-A-Wood-Foundation-logo.webp\",\"contentUrl\":\"https:\\\/\\\/www.rawoodfoundation.org\\\/wp-content\\\/uploads\\\/2023\\\/07\\\/Raymond-A-Wood-Foundation-logo.webp\",\"width\":470,\"height\":128,\"caption\":\"Raymond A. Wood Foundation\"},\"image\":{\"@id\":\"https:\\\/\\\/www.rawoodfoundation.org\\\/#\\\/schema\\\/logo\\\/image\\\/\"},\"sameAs\":[\"https:\\\/\\\/www.facebook.com\\\/rawoodfoundation\",\"https:\\\/\\\/x.com\\\/rawoodfound\"]}]}<\/script>\n<!-- \/ Yoast SEO plugin. -->","yoast_head_json":{"title":"Faire un don - Raymond A. Wood Foundation","robots":{"index":"index","follow":"follow","max-snippet":"max-snippet:-1","max-image-preview":"max-image-preview:large","max-video-preview":"max-video-preview:-1"},"canonical":"https:\/\/www.rawoodfoundation.org\/fr\/faire-un-don\/","og_locale":"fr_FR","og_type":"article","og_title":"Make A Donation - Raymond A. Wood Foundation","og_description":"Transform Lives with a Gift Today Every donation to the Raymond A. Wood Foundation directly ... Lire plus","og_url":"https:\/\/www.rawoodfoundation.org\/fr\/faire-un-don\/","og_site_name":"Raymond A. Wood Foundation","article_publisher":"https:\/\/www.facebook.com\/rawoodfoundation","article_modified_time":"2025-09-22T17:30:19+00:00","og_image":[{"url":"https:\/\/live-rawf.pantheonsite.io\/wp-content\/uploads\/2023\/07\/girlwithhearthands.jpg","type":"","width":"","height":""}],"twitter_card":"summary_large_image","twitter_site":"@rawoodfound","twitter_misc":{"Est. reading time":"2 minutes"},"schema":{"@context":"https:\/\/schema.org","@graph":[{"@type":"WebPage","@id":"https:\/\/www.rawoodfoundation.org\/make-a-donation\/","url":"https:\/\/www.rawoodfoundation.org\/make-a-donation\/","name":"Faire un don - Raymond A. Wood Foundation","isPartOf":{"@id":"https:\/\/www.rawoodfoundation.org\/#website"},"primaryImageOfPage":{"@id":"https:\/\/www.rawoodfoundation.org\/make-a-donation\/#primaryimage"},"image":{"@id":"https:\/\/www.rawoodfoundation.org\/make-a-donation\/#primaryimage"},"thumbnailUrl":"https:\/\/live-rawf.pantheonsite.io\/wp-content\/uploads\/2023\/07\/girlwithhearthands.jpg","datePublished":"2023-07-25T18:50:42+00:00","dateModified":"2025-09-22T17:30:19+00:00","breadcrumb":{"@id":"https:\/\/www.rawoodfoundation.org\/make-a-donation\/#breadcrumb"},"inLanguage":"fr-FR","potentialAction":[{"@type":"ReadAction","target":["https:\/\/www.rawoodfoundation.org\/make-a-donation\/"]}]},{"@type":"ImageObject","inLanguage":"fr-FR","@id":"https:\/\/www.rawoodfoundation.org\/make-a-donation\/#primaryimage","url":"https:\/\/live-rawf.pantheonsite.io\/wp-content\/uploads\/2023\/07\/girlwithhearthands.jpg","contentUrl":"https:\/\/live-rawf.pantheonsite.io\/wp-content\/uploads\/2023\/07\/girlwithhearthands.jpg"},{"@type":"BreadcrumbList","@id":"https:\/\/www.rawoodfoundation.org\/make-a-donation\/#breadcrumb","itemListElement":[{"@type":"ListItem","position":1,"name":"Home","item":"https:\/\/www.rawoodfoundation.org\/"},{"@type":"ListItem","position":2,"name":"Make A Donation"}]},{"@type":"WebSite","@id":"https:\/\/www.rawoodfoundation.org\/#website","url":"https:\/\/www.rawoodfoundation.org\/","name":"Fondation Raymond A. Wood","description":"La mission de la RAWF est d'apporter un soutien \u00e0 la qualit\u00e9 de vie des survivants de tumeurs c\u00e9r\u00e9brales infantiles et de leurs familles.","publisher":{"@id":"https:\/\/www.rawoodfoundation.org\/#organization"},"potentialAction":[{"@type":"SearchAction","target":{"@type":"EntryPoint","urlTemplate":"https:\/\/www.rawoodfoundation.org\/?s={search_term_string}"},"query-input":{"@type":"PropertyValueSpecification","valueRequired":true,"valueName":"search_term_string"}}],"inLanguage":"fr-FR"},{"@type":"Organization","@id":"https:\/\/www.rawoodfoundation.org\/#organization","name":"Fondation Raymond A. Wood","url":"https:\/\/www.rawoodfoundation.org\/","logo":{"@type":"ImageObject","inLanguage":"fr-FR","@id":"https:\/\/www.rawoodfoundation.org\/#\/schema\/logo\/image\/","url":"https:\/\/www.rawoodfoundation.org\/wp-content\/uploads\/2023\/07\/Raymond-A-Wood-Foundation-logo.webp","contentUrl":"https:\/\/www.rawoodfoundation.org\/wp-content\/uploads\/2023\/07\/Raymond-A-Wood-Foundation-logo.webp","width":470,"height":128,"caption":"Raymond A. Wood Foundation"},"image":{"@id":"https:\/\/www.rawoodfoundation.org\/#\/schema\/logo\/image\/"},"sameAs":["https:\/\/www.facebook.com\/rawoodfoundation","https:\/\/x.com\/rawoodfound"]}]}},"_links":{"self":[{"href":"https:\/\/www.rawoodfoundation.org\/fr\/wp-json\/wp\/v2\/pages\/7734","targetHints":{"allow":["GET"]}}],"collection":[{"href":"https:\/\/www.rawoodfoundation.org\/fr\/wp-json\/wp\/v2\/pages"}],"about":[{"href":"https:\/\/www.rawoodfoundation.org\/fr\/wp-json\/wp\/v2\/types\/page"}],"author":[{"embeddable":true,"href":"https:\/\/www.rawoodfoundation.org\/fr\/wp-json\/wp\/v2\/users\/4"}],"replies":[{"embeddable":true,"href":"https:\/\/www.rawoodfoundation.org\/fr\/wp-json\/wp\/v2\/comments?post=7734"}],"version-history":[{"count":66,"href":"https:\/\/www.rawoodfoundation.org\/fr\/wp-json\/wp\/v2\/pages\/7734\/revisions"}],"predecessor-version":[{"id":17153,"href":"https:\/\/www.rawoodfoundation.org\/fr\/wp-json\/wp\/v2\/pages\/7734\/revisions\/17153"}],"wp:attachment":[{"href":"https:\/\/www.rawoodfoundation.org\/fr\/wp-json\/wp\/v2\/media?parent=7734"}],"curies":[{"name":"wp","href":"https:\/\/api.w.org\/{rel}","templated":true}]}}