{"id":7429,"date":"2023-07-20T13:41:26","date_gmt":"2023-07-20T13:41:26","guid":{"rendered":"https:\/\/live-rawf.pantheonsite.io\/?page_id=7429"},"modified":"2025-12-23T03:59:20","modified_gmt":"2025-12-23T03:59:20","slug":"compteur-de-sodium","status":"publish","type":"page","link":"https:\/\/www.rawoodfoundation.org\/fr\/sodium-meter\/","title":{"rendered":"Compteur de sodium"},"content":{"rendered":"<h2 class=\"wp-block-heading\">Mise au point d'un moyen de mesurer le taux de sodium dans le sang \u00e0 domicile<\/h2>\n\n\n\n<div class=\"wp-block-columns is-layout-flex wp-container-core-columns-is-layout-9d6595d7 wp-block-columns-is-layout-flex\">\n<div class=\"wp-block-column is-layout-flow wp-block-column-is-layout-flow\">\n<p>Au d\u00e9but de l'ann\u00e9e 2020, la Fondation Raymond A. Wood s'est engag\u00e9e dans un effort visant \u00e0 d\u00e9terminer la faisabilit\u00e9 du d\u00e9veloppement d'un kit de test de sodium \u00e0 domicile pour aider \u00e0 la gestion du d\u00e9ficit en arginine vasopressine (AVP-D), anciennement appel\u00e9 diab\u00e8te insipide, une condition m\u00e9dicale complexe qui survient lorsque le corps ne peut pas r\u00e9guler l'\u00e9quilibre des fluides.\u00a0\u00a0<\/p>\n\n\n\n<p>Au d\u00e9but de l'ann\u00e9e 2020, la Fondation Raymond A. Wood s'est lanc\u00e9e dans un projet visant \u00e0 d\u00e9terminer la faisabilit\u00e9 du d\u00e9veloppement d'un lecteur de sodium sanguin \u00e0 domicile pour aider \u00e0 la gestion de l'AVP-D, une condition m\u00e9dicale complexe qui survient lorsque le corps ne peut pas r\u00e9guler l'\u00e9quilibre des fluides.&nbsp;&nbsp;<\/p>\n<\/div>\n\n\n\n<div class=\"wp-block-column is-layout-flow wp-block-column-is-layout-flow\"><div class=\"wp-block-image\">\n<figure class=\"aligncenter size-large is-resized\"><img decoding=\"async\" width=\"172\" height=\"226\" src=\"https:\/\/live-rawf.pantheonsite.io\/wp-content\/uploads\/2023\/07\/sodium-meter-1.svg\" alt=\"Kit de test de sodium \u00e0 domicile\" class=\"wp-image-7436\" style=\"width:231px;height:302px\"\/><\/figure><\/div><\/div>\n<\/div>\n\n\n\n<p>Actuellement, il n'existe aucun moyen de mesurer le taux de sodium dans le sang en dehors d'un laboratoire. Les patients doivent parfois subir plusieurs visites de laboratoire au cours d'une semaine et l'obtention des r\u00e9sultats de ces pr\u00e9l\u00e8vements peut prendre des heures, ce qui n'est pas id\u00e9al pour une gestion proactive. Pour les patients p\u00e9diatriques, les prises de sang veineux peuvent \u00eatre particuli\u00e8rement traumatisantes et les veines s'usent ou deviennent difficiles \u00e0 trouver, ce qui oblige les patients \u00e0 \u00eatre bloqu\u00e9s plusieurs fois dans la m\u00eame s\u00e9ance.<\/p>\n\n\n\n<p>En 2016, Shawn et Amy Wood, parents d'Alex, qui se remettait alors d'une r\u00e9section d'une tumeur c\u00e9r\u00e9brale de type craniopharyngiome et luttait contre l'AVP-D, ont \u00e9t\u00e9 h\u00e9liport\u00e9s \u00e0 plusieurs reprises pour des crises li\u00e9es au sodium. Les Woods ont cherch\u00e9 un moyen de tester le taux de sodium dans le sang \u00e0 la maison et ont d\u00e9couvert un analyseur de sang portatif utilis\u00e9 dans les h\u00f4pitaux et les cliniques de soins d'urgence, et ont entrepris d'en acheter un. Avec l'aide de leur communaut\u00e9 et du p\u00e9diatre d'Alex, ils ont pu s'en procurer un et l'utiliser. L'appareil peut mesurer le sodium, entre autres, avec un volume de sang de 20 gouttes, pr\u00e9lev\u00e9 sur une piq\u00fbre de doigt, et peut produire un r\u00e9sultat pr\u00e9cis en quelques minutes. La famille, avec les conseils de l'endocrinologue d'Alex, a pu proc\u00e9der \u00e0 des ajustements des liquides et des m\u00e9dicaments pour maintenir le taux de sodium dans une fourchette normale.&nbsp;<\/p>\n\n\n\n<p>La Raymond A. Wood Foundation a \u00e9t\u00e9 cr\u00e9\u00e9e par les Woods en 2017 afin de fournir ces appareils \u00e0 d'autres familles et de sensibiliser la communaut\u00e9 des cliniciens au fait qu'il s'agit d'un moyen viable de g\u00e9rer cette maladie. Mais le probl\u00e8me est que ces dispositifs ne sont pas destin\u00e9s \u00e0 cet usage et que leur prix est \u00e9lev\u00e9. La question s'est pos\u00e9e de savoir s'il \u00e9tait possible de mettre au point un appareil semblable au glucom\u00e8tre qu'utilise un diab\u00e9tique pour mesurer sa glyc\u00e9mie et qui pourrait mesurer le sodium. Amy Wood, directrice ex\u00e9cutive de RAWF, et Shana McCormack, MD, MTR, directrice scientifique neuroendocrine de l'h\u00f4pital pour enfants de Philadelphie, qui traite r\u00e9guli\u00e8rement des patients souffrant de probl\u00e8mes de r\u00e9gulation du sodium dus \u00e0 l'insuffisance r\u00e9nale, ont entrepris de r\u00e9pondre \u00e0 cette question.<\/p>\n\n\n\n<p>Selon le Dr McCormack, \"nous reconnaissons depuis longtemps la n\u00e9cessit\u00e9 de donner aux patients et aux familles de meilleurs outils pour g\u00e9rer leur AVP-D. Nous pensons que ce nouveau dispositif, une fois utilis\u00e9, nous aidera \u00e0 travailler en partenariat avec les personnes concern\u00e9es pour identifier et traiter les petits probl\u00e8mes \u00e0 un stade pr\u00e9coce, avant qu'ils ne se transforment en probl\u00e8mes plus importants entra\u00eenant des visites aux urgences et des hospitalisations.\"<\/p>\n\n\n\n<p>L'\u00e9quipe du projet comprend le Dr Shana McCormack, Amy Wood, le Dr Khushbu Patel, le directeur du laboratoire de chimie clinique du CHOP et l'entreprise de recherche et de d\u00e9veloppement Giner, Inc. Actuellement, la phase 1 du d\u00e9veloppement d'un est termin\u00e9e<a href=\"https:\/\/reporter.nih.gov\/search\/65Q2p81lB0W4nxoyJvKsog\/project-details\/10395189\" target=\"_blank\" rel=\"noreferrer noopener\"> avec le soutien financier du NIH<\/a> sous la forme d'une subvention pour la recherche sur l'innovation dans les petites entreprises (SBIR) et de la Fondation Raymond A. Wood.<\/p>\n\n\n<div class=\"gb-container gb-container-cae12789\"><a class=\"gb-container-link\" href=\"https:\/\/givebutter.com\/sodium\" aria-label=\"Soutenir ce travail\"><\/a>\n<div class=\"gb-container gb-container-dc76974b\">\n\n<a class=\"gb-button gb-button-3adc5fe9 gb-button-text\" href=\"https:\/\/givebutter.com\/sodium\" target=\"_blank\" rel=\"noopener noreferrer\">Soutenir ce travail<\/a>\n\n<\/div>\n<\/div>\n\n\n<hr class=\"wp-block-separator has-alpha-channel-opacity\"\/>\n\n\n\n<h3 class=\"wp-block-heading\">Mises \u00e0 jour du projet\/Nouvelles<\/h3>\n\n\n\n<p>News Post : <a href=\"https:\/\/live-rawf.pantheonsite.io\/2022\/07\/11\/2022-7-11-raymond-a-wood-foundation-announces-collaboration-with-giner-labs-on-research-and-development-of-home-use-sodium-meter\/\">La Raymond A. Wood Foundation annonce une collaboration avec Giner Labs pour la recherche et le d\u00e9veloppement d'un appareil de mesure du sodium \u00e0 usage domestique pour la prise en charge du diab\u00e8te insipide<\/a><\/p>\n\n\n\n<hr class=\"wp-block-separator has-alpha-channel-opacity\"\/>\n\n\n<div class=\"gb-container gb-container-b0faa0a2\">\n\n<div class=\"wp-block-columns is-layout-flex wp-container-core-columns-is-layout-9d6595d7 wp-block-columns-is-layout-flex\">\n<div class=\"wp-block-column is-layout-flow wp-block-column-is-layout-flow\" style=\"flex-basis:33.33%\"><div class=\"gb-container gb-container-254db55e\">\n\n<figure class=\"wp-block-image size-full\"><img decoding=\"async\" width=\"500\" height=\"667\" src=\"https:\/\/live-rawf.pantheonsite.io\/wp-content\/uploads\/2023\/07\/Abigail-copy-1.jpg\" alt=\"Abigail, survivante d&#039;un germinome\" class=\"wp-image-7431\" srcset=\"https:\/\/www.rawoodfoundation.org\/wp-content\/uploads\/2023\/07\/Abigail-copy-1.jpg 500w, https:\/\/www.rawoodfoundation.org\/wp-content\/uploads\/2023\/07\/Abigail-copy-1-225x300.jpg 225w, https:\/\/www.rawoodfoundation.org\/wp-content\/uploads\/2023\/07\/Abigail-copy-1-9x12.jpg 9w\" sizes=\"(max-width: 500px) 100vw, 500px\" \/><\/figure>\n\n<\/div><\/div>\n\n\n\n<div class=\"wp-block-column is-layout-flow wp-block-column-is-layout-flow\" style=\"flex-basis:66.66%\"><div class=\"gb-container gb-container-2c4590e8\">\n\n<h3 class=\"gb-headline gb-headline-094bad58 gb-headline-text\">Soutenir ce travail<\/h3>\n\n\n\n<p class=\"gb-headline gb-headline-33254764 gb-headline-text\">Gr\u00e2ce \u00e0 votre aide, nous pouvons acc\u00e9l\u00e9rer le processus de recherche et de d\u00e9veloppement, apporter de l'espoir aux personnes qui luttent contre cette maladie et \u00e0 celles qui ont besoin d'un contr\u00f4le du taux de sodium dans le sang, et potentiellement transformer des vies pour le mieux.<\/p>\n\n\n\n<p class=\"gb-headline gb-headline-52423adb round-icon\"><span class=\"gb-icon\"><svg aria-hidden=\"true\" role=\"img\" height=\"1em\" width=\"1em\" viewbox=\"0 0 256 512\" xmlns=\"http:\/\/www.w3.org\/2000\/svg\"><path fill=\"currentColor\" d=\"M224.3 273l-136 136c-9.4 9.4-24.6 9.4-33.9 0l-22.6-22.6c-9.4-9.4-9.4-24.6 0-33.9l96.4-96.4-96.4-96.4c-9.4-9.4-9.4-24.6 0-33.9L54.3 103c9.4-9.4 24.6-9.4 33.9 0l136 136c9.5 9.4 9.5 24.6.1 34z\"><\/path><\/svg><\/span><span class=\"gb-headline-text\"><a href=\"https:\/\/givebutter.com\/sodium\" target=\"_blank\" rel=\"noreferrer noopener\">En savoir plus<\/a><\/span><\/p>\n\n<\/div><\/div>\n\n\n\n<div class=\"wp-block-column is-layout-flow wp-block-column-is-layout-flow\"><\/div>\n<\/div>\n\n<\/div>","protected":false},"excerpt":{"rendered":"<p>D\u00e9velopper un moyen de mesurer le taux de sodium dans le sang \u00e0 domicile D\u00e9but 2020, l'\u00e9quipe de Raymond A. ... <a title=\"Compteur de sodium\" class=\"read-more\" href=\"https:\/\/www.rawoodfoundation.org\/fr\/sodium-meter\/\" aria-label=\"En savoir plus sur le compteur de sodium\">Lire plus<\/a><\/p>","protected":false},"author":4,"featured_media":0,"parent":0,"menu_order":57,"comment_status":"closed","ping_status":"closed","template":"","meta":{"_acf_changed":false,"footnotes":""},"class_list":{"0":"post-7429","1":"page","2":"type-page","3":"status-publish","5":"no-featured-image-padding"},"acf":[],"yoast_head":"<!-- This site is optimized with the Yoast SEO plugin v27.3 - https:\/\/yoast.com\/product\/yoast-seo-wordpress\/ -->\n<title>Sodium Home Test Kit for Easy At-Home Monitoring<\/title>\n<meta name=\"description\" content=\"Sodium home test kit to check sodium levels at home with fast, accurate results. Monitor hydration and overall health with reliable testing.\" \/>\n<meta name=\"robots\" content=\"index, follow, max-snippet:-1, max-image-preview:large, max-video-preview:-1\" \/>\n<link rel=\"canonical\" href=\"https:\/\/www.rawoodfoundation.org\/fr\/compteur-de-sodium\/\" \/>\n<meta property=\"og:locale\" content=\"fr_FR\" \/>\n<meta property=\"og:type\" content=\"article\" \/>\n<meta property=\"og:title\" content=\"Sodium Home Test Kit for Easy At-Home Monitoring\" \/>\n<meta property=\"og:description\" content=\"Sodium home test kit to check sodium levels at home with fast, accurate results. Monitor hydration and overall health with reliable testing.\" \/>\n<meta property=\"og:url\" content=\"https:\/\/www.rawoodfoundation.org\/fr\/compteur-de-sodium\/\" \/>\n<meta property=\"og:site_name\" content=\"Raymond A. Wood Foundation\" \/>\n<meta property=\"article:publisher\" content=\"https:\/\/www.facebook.com\/rawoodfoundation\" \/>\n<meta property=\"article:modified_time\" content=\"2025-12-23T03:59:20+00:00\" \/>\n<meta property=\"og:image\" content=\"https:\/\/www.rawoodfoundation.org\/wp-content\/uploads\/2025\/12\/Sodium.png\" \/>\n\t<meta property=\"og:image:width\" content=\"592\" \/>\n\t<meta property=\"og:image:height\" content=\"383\" \/>\n\t<meta property=\"og:image:type\" content=\"image\/png\" \/>\n<meta name=\"twitter:card\" content=\"summary_large_image\" \/>\n<meta name=\"twitter:image\" content=\"https:\/\/www.rawoodfoundation.org\/wp-content\/uploads\/2025\/12\/Sodium.png\" \/>\n<meta name=\"twitter:site\" content=\"@rawoodfound\" \/>\n<meta name=\"twitter:label1\" content=\"Est. reading time\" \/>\n\t<meta name=\"twitter:data1\" content=\"4 minutes\" \/>\n<script type=\"application\/ld+json\" class=\"yoast-schema-graph\">{\"@context\":\"https:\\\/\\\/schema.org\",\"@graph\":[{\"@type\":\"WebPage\",\"@id\":\"https:\\\/\\\/www.rawoodfoundation.org\\\/sodium-meter\\\/\",\"url\":\"https:\\\/\\\/www.rawoodfoundation.org\\\/sodium-meter\\\/\",\"name\":\"Sodium Home Test Kit for Easy At-Home Monitoring\",\"isPartOf\":{\"@id\":\"https:\\\/\\\/www.rawoodfoundation.org\\\/#website\"},\"primaryImageOfPage\":{\"@id\":\"https:\\\/\\\/www.rawoodfoundation.org\\\/sodium-meter\\\/#primaryimage\"},\"image\":{\"@id\":\"https:\\\/\\\/www.rawoodfoundation.org\\\/sodium-meter\\\/#primaryimage\"},\"thumbnailUrl\":\"https:\\\/\\\/live-rawf.pantheonsite.io\\\/wp-content\\\/uploads\\\/2023\\\/07\\\/sodium-meter-1.svg\",\"datePublished\":\"2023-07-20T13:41:26+00:00\",\"dateModified\":\"2025-12-23T03:59:20+00:00\",\"description\":\"Sodium home test kit to check sodium levels at home with fast, accurate results. Monitor hydration and overall health with reliable testing.\",\"breadcrumb\":{\"@id\":\"https:\\\/\\\/www.rawoodfoundation.org\\\/sodium-meter\\\/#breadcrumb\"},\"inLanguage\":\"fr-FR\",\"potentialAction\":[{\"@type\":\"ReadAction\",\"target\":[\"https:\\\/\\\/www.rawoodfoundation.org\\\/sodium-meter\\\/\"]}]},{\"@type\":\"ImageObject\",\"inLanguage\":\"fr-FR\",\"@id\":\"https:\\\/\\\/www.rawoodfoundation.org\\\/sodium-meter\\\/#primaryimage\",\"url\":\"https:\\\/\\\/live-rawf.pantheonsite.io\\\/wp-content\\\/uploads\\\/2023\\\/07\\\/sodium-meter-1.svg\",\"contentUrl\":\"https:\\\/\\\/live-rawf.pantheonsite.io\\\/wp-content\\\/uploads\\\/2023\\\/07\\\/sodium-meter-1.svg\"},{\"@type\":\"BreadcrumbList\",\"@id\":\"https:\\\/\\\/www.rawoodfoundation.org\\\/sodium-meter\\\/#breadcrumb\",\"itemListElement\":[{\"@type\":\"ListItem\",\"position\":1,\"name\":\"Home\",\"item\":\"https:\\\/\\\/www.rawoodfoundation.org\\\/\"},{\"@type\":\"ListItem\",\"position\":2,\"name\":\"Sodium Meter\"}]},{\"@type\":\"WebSite\",\"@id\":\"https:\\\/\\\/www.rawoodfoundation.org\\\/#website\",\"url\":\"https:\\\/\\\/www.rawoodfoundation.org\\\/\",\"name\":\"Raymond A. Wood Foundation\",\"description\":\"The mission of the RAWF is to provide quality of life support for childhood brain tumor survivors and their families.\",\"publisher\":{\"@id\":\"https:\\\/\\\/www.rawoodfoundation.org\\\/#organization\"},\"potentialAction\":[{\"@type\":\"SearchAction\",\"target\":{\"@type\":\"EntryPoint\",\"urlTemplate\":\"https:\\\/\\\/www.rawoodfoundation.org\\\/?s={search_term_string}\"},\"query-input\":{\"@type\":\"PropertyValueSpecification\",\"valueRequired\":true,\"valueName\":\"search_term_string\"}}],\"inLanguage\":\"fr-FR\"},{\"@type\":\"Organization\",\"@id\":\"https:\\\/\\\/www.rawoodfoundation.org\\\/#organization\",\"name\":\"Raymond A. Wood Foundation\",\"url\":\"https:\\\/\\\/www.rawoodfoundation.org\\\/\",\"logo\":{\"@type\":\"ImageObject\",\"inLanguage\":\"fr-FR\",\"@id\":\"https:\\\/\\\/www.rawoodfoundation.org\\\/#\\\/schema\\\/logo\\\/image\\\/\",\"url\":\"https:\\\/\\\/www.rawoodfoundation.org\\\/wp-content\\\/uploads\\\/2023\\\/07\\\/Raymond-A-Wood-Foundation-logo.webp\",\"contentUrl\":\"https:\\\/\\\/www.rawoodfoundation.org\\\/wp-content\\\/uploads\\\/2023\\\/07\\\/Raymond-A-Wood-Foundation-logo.webp\",\"width\":470,\"height\":128,\"caption\":\"Raymond A. Wood Foundation\"},\"image\":{\"@id\":\"https:\\\/\\\/www.rawoodfoundation.org\\\/#\\\/schema\\\/logo\\\/image\\\/\"},\"sameAs\":[\"https:\\\/\\\/www.facebook.com\\\/rawoodfoundation\",\"https:\\\/\\\/x.com\\\/rawoodfound\"]}]}<\/script>\n<!-- \/ Yoast SEO plugin. -->","yoast_head_json":{"title":"Kit de test de sodium pour une surveillance facile \u00e0 domicile","description":"Kit de test de sodium \u00e0 domicile pour v\u00e9rifier les niveaux de sodium \u00e0 domicile avec des r\u00e9sultats rapides et pr\u00e9cis. Surveillez votre hydratation et votre \u00e9tat de sant\u00e9 g\u00e9n\u00e9ral gr\u00e2ce \u00e0 des tests fiables.","robots":{"index":"index","follow":"follow","max-snippet":"max-snippet:-1","max-image-preview":"max-image-preview:large","max-video-preview":"max-video-preview:-1"},"canonical":"https:\/\/www.rawoodfoundation.org\/fr\/compteur-de-sodium\/","og_locale":"fr_FR","og_type":"article","og_title":"Sodium Home Test Kit for Easy At-Home Monitoring","og_description":"Sodium home test kit to check sodium levels at home with fast, accurate results. Monitor hydration and overall health with reliable testing.","og_url":"https:\/\/www.rawoodfoundation.org\/fr\/compteur-de-sodium\/","og_site_name":"Raymond A. Wood Foundation","article_publisher":"https:\/\/www.facebook.com\/rawoodfoundation","article_modified_time":"2025-12-23T03:59:20+00:00","og_image":[{"width":592,"height":383,"url":"https:\/\/www.rawoodfoundation.org\/wp-content\/uploads\/2025\/12\/Sodium.png","type":"image\/png"}],"twitter_card":"summary_large_image","twitter_image":"https:\/\/www.rawoodfoundation.org\/wp-content\/uploads\/2025\/12\/Sodium.png","twitter_site":"@rawoodfound","twitter_misc":{"Est. reading time":"4 minutes"},"schema":{"@context":"https:\/\/schema.org","@graph":[{"@type":"WebPage","@id":"https:\/\/www.rawoodfoundation.org\/sodium-meter\/","url":"https:\/\/www.rawoodfoundation.org\/sodium-meter\/","name":"Kit de test de sodium pour une surveillance facile \u00e0 domicile","isPartOf":{"@id":"https:\/\/www.rawoodfoundation.org\/#website"},"primaryImageOfPage":{"@id":"https:\/\/www.rawoodfoundation.org\/sodium-meter\/#primaryimage"},"image":{"@id":"https:\/\/www.rawoodfoundation.org\/sodium-meter\/#primaryimage"},"thumbnailUrl":"https:\/\/live-rawf.pantheonsite.io\/wp-content\/uploads\/2023\/07\/sodium-meter-1.svg","datePublished":"2023-07-20T13:41:26+00:00","dateModified":"2025-12-23T03:59:20+00:00","description":"Kit de test de sodium \u00e0 domicile pour v\u00e9rifier les niveaux de sodium \u00e0 domicile avec des r\u00e9sultats rapides et pr\u00e9cis. Surveillez votre hydratation et votre \u00e9tat de sant\u00e9 g\u00e9n\u00e9ral gr\u00e2ce \u00e0 des tests fiables.","breadcrumb":{"@id":"https:\/\/www.rawoodfoundation.org\/sodium-meter\/#breadcrumb"},"inLanguage":"fr-FR","potentialAction":[{"@type":"ReadAction","target":["https:\/\/www.rawoodfoundation.org\/sodium-meter\/"]}]},{"@type":"ImageObject","inLanguage":"fr-FR","@id":"https:\/\/www.rawoodfoundation.org\/sodium-meter\/#primaryimage","url":"https:\/\/live-rawf.pantheonsite.io\/wp-content\/uploads\/2023\/07\/sodium-meter-1.svg","contentUrl":"https:\/\/live-rawf.pantheonsite.io\/wp-content\/uploads\/2023\/07\/sodium-meter-1.svg"},{"@type":"BreadcrumbList","@id":"https:\/\/www.rawoodfoundation.org\/sodium-meter\/#breadcrumb","itemListElement":[{"@type":"ListItem","position":1,"name":"Home","item":"https:\/\/www.rawoodfoundation.org\/"},{"@type":"ListItem","position":2,"name":"Sodium Meter"}]},{"@type":"WebSite","@id":"https:\/\/www.rawoodfoundation.org\/#website","url":"https:\/\/www.rawoodfoundation.org\/","name":"Fondation Raymond A. Wood","description":"La mission de la RAWF est d'apporter un soutien \u00e0 la qualit\u00e9 de vie des survivants de tumeurs c\u00e9r\u00e9brales infantiles et de leurs familles.","publisher":{"@id":"https:\/\/www.rawoodfoundation.org\/#organization"},"potentialAction":[{"@type":"SearchAction","target":{"@type":"EntryPoint","urlTemplate":"https:\/\/www.rawoodfoundation.org\/?s={search_term_string}"},"query-input":{"@type":"PropertyValueSpecification","valueRequired":true,"valueName":"search_term_string"}}],"inLanguage":"fr-FR"},{"@type":"Organization","@id":"https:\/\/www.rawoodfoundation.org\/#organization","name":"Fondation Raymond A. Wood","url":"https:\/\/www.rawoodfoundation.org\/","logo":{"@type":"ImageObject","inLanguage":"fr-FR","@id":"https:\/\/www.rawoodfoundation.org\/#\/schema\/logo\/image\/","url":"https:\/\/www.rawoodfoundation.org\/wp-content\/uploads\/2023\/07\/Raymond-A-Wood-Foundation-logo.webp","contentUrl":"https:\/\/www.rawoodfoundation.org\/wp-content\/uploads\/2023\/07\/Raymond-A-Wood-Foundation-logo.webp","width":470,"height":128,"caption":"Raymond A. Wood Foundation"},"image":{"@id":"https:\/\/www.rawoodfoundation.org\/#\/schema\/logo\/image\/"},"sameAs":["https:\/\/www.facebook.com\/rawoodfoundation","https:\/\/x.com\/rawoodfound"]}]}},"_links":{"self":[{"href":"https:\/\/www.rawoodfoundation.org\/fr\/wp-json\/wp\/v2\/pages\/7429","targetHints":{"allow":["GET"]}}],"collection":[{"href":"https:\/\/www.rawoodfoundation.org\/fr\/wp-json\/wp\/v2\/pages"}],"about":[{"href":"https:\/\/www.rawoodfoundation.org\/fr\/wp-json\/wp\/v2\/types\/page"}],"author":[{"embeddable":true,"href":"https:\/\/www.rawoodfoundation.org\/fr\/wp-json\/wp\/v2\/users\/4"}],"replies":[{"embeddable":true,"href":"https:\/\/www.rawoodfoundation.org\/fr\/wp-json\/wp\/v2\/comments?post=7429"}],"version-history":[{"count":23,"href":"https:\/\/www.rawoodfoundation.org\/fr\/wp-json\/wp\/v2\/pages\/7429\/revisions"}],"predecessor-version":[{"id":17827,"href":"https:\/\/www.rawoodfoundation.org\/fr\/wp-json\/wp\/v2\/pages\/7429\/revisions\/17827"}],"wp:attachment":[{"href":"https:\/\/www.rawoodfoundation.org\/fr\/wp-json\/wp\/v2\/media?parent=7429"}],"curies":[{"name":"wp","href":"https:\/\/api.w.org\/{rel}","templated":true}]}}