{"id":7373,"date":"2023-07-19T19:05:14","date_gmt":"2023-07-19T19:05:14","guid":{"rendered":"https:\/\/live-rawf.pantheonsite.io\/?page_id=7373"},"modified":"2023-09-25T18:40:37","modified_gmt":"2023-09-25T18:40:37","slug":"registre-des-patients","status":"publish","type":"page","link":"https:\/\/www.rawoodfoundation.org\/fr\/patient-registry\/","title":{"rendered":"Registre des patients"},"content":{"rendered":"<h2 class=\"wp-block-heading\">Cr\u00e9ation d'un registre international de patients atteints de tumeurs c\u00e9r\u00e9brales hypothalamo-hypophysaires rares<\/h2>\n\n\n\n<p><strong>Chercheur principal : <\/strong>Nathalie Kayadjanian, PhD<\/p>\n\n\n\n<h3 class=\"wp-block-heading\">Objectif :<\/h3>\n\n\n\n<p>L'objectif du registre des patients est de cr\u00e9er un r\u00e9pertoire central international des donn\u00e9es saisies par les soignants et les patients sur la vie avec les syndromes tumoraux hypothalamo-hypophysaires (H-P).<\/p>\n\n\n\n<h3 class=\"wp-block-heading\">Objectifs :<\/h3>\n\n\n\n<ul class=\"wp-block-list\">\n<li>Soutenir et acc\u00e9l\u00e9rer l'ach\u00e8vement des essais cliniques<\/li>\n\n\n\n<li>Recueillir des donn\u00e9es factuelles sur les points de vue et les besoins non satisfaits des soignants et des survivants en ce qui concerne l'impact de la maladie et des traitements sur leur qualit\u00e9 de vie, les priorit\u00e9s en mati\u00e8re de traitement et l'\u00e9valuation des avantages et des risques.<\/li>\n\n\n\n<li>Mieux comprendre l'ensemble des sympt\u00f4mes de l'H-P, l'\u00e9pid\u00e9miologie et l'\u00e9volution de la maladie (histoire naturelle)<\/li>\n\n\n\n<li>Am\u00e9liorer les soins aux patients<\/li>\n\n\n\n<li>Faciliter la recherche<\/li>\n<\/ul>\n\n\n\n<p>Les tumeurs c\u00e9r\u00e9brales hypothalamo-hypophysaires rares se situent dans une zone anatomique complexe du cerveau qui comprend l'hypothalamus, l'hypophyse, le chiasma optique, les nerfs optiques et d'autres structures vitales. Elles englobent de multiples tumeurs rares, dont le craniopharyngiome, les gliomes de bas grade ou les gliomes des voies optiques\/hypothalamiques, le germinome, les hamartomes hypothalamiques, l'histiocytose \u00e0 cellules de Langerhans, le kyste de la fente de Rathke, certains m\u00e9ningiomes et d'autres tumeurs sellaires\/parasellaires. Les manifestations cliniques r\u00e9sultant de la tumeur et\/ou de son traitement sont multiples et durent souvent toute la vie. Elles comprennent un dysfonctionnement hypothalamique, des troubles cognitifs, des probl\u00e8mes psychosociaux, un panhypopituitarisme et des d\u00e9ficits visuels.<\/p>\n\n\n\n<p>Les traitements actuels se limitent principalement \u00e0 des th\u00e9rapies de r\u00e9duction tumorale. Bien que les th\u00e9rapies de remplacement hormonal puissent traiter les endocrinopathies, de nombreuses s\u00e9quelles ne peuvent \u00eatre corrig\u00e9es en raison de l'absence de traitements efficaces, ce qui nuit gravement \u00e0 la qualit\u00e9 de vie des survivants. Bien que le nombre de pistes th\u00e9rapeutiques explor\u00e9es pour les tumeurs hypothalamo-hypophysaires soit encourageant, une meilleure connaissance de la progression des comorbidit\u00e9s associ\u00e9es aux tumeurs hypothalamo-hypophysaires rares (c'est-\u00e0-dire l'histoire naturelle), une base de donn\u00e9es solide de participants potentiels pour les \u00e9tudes cliniques, ainsi qu'une meilleure compr\u00e9hension des besoins cliniques non satisfaits des survivants et des soignants (par exemple la voix des patients) peuvent faciliter le d\u00e9veloppement de meilleures th\u00e9rapeutiques pour les survivants de tumeurs hypothalamo-hypophysaires rares.<\/p>\n\n\n\n<p>La Fondation Raymond A. Wood a r\u00e9cemment identifi\u00e9 la cr\u00e9ation d'un registre international de patients comme une priorit\u00e9 pour soutenir le d\u00e9veloppement de traitements efficaces pour les survivants de tumeurs c\u00e9r\u00e9brales hypothalamo-hypophysaires rares. L'objectif principal du registre est de cr\u00e9er un d\u00e9p\u00f4t central international de donn\u00e9es rapport\u00e9es par les soignants et les patients sur la vie avec des tumeurs hypothalamo-hypophysaires rares.  Le registre vise \u00e0 recueillir des donn\u00e9es sur l'exp\u00e9rience de la maladie et \u00e0 identifier les besoins m\u00e9dicaux non satisfaits du point de vue des survivants et des soignants ; \u00e0 documenter l'\u00e9volution naturelle des maladies dans l'ensemble de la population ; \u00e0 identifier les domaines sous-\u00e9tudi\u00e9s ; \u00e0 acc\u00e9l\u00e9rer l'ach\u00e8vement des essais cliniques ; \u00e0 guider l'\u00e9laboration de normes de soins ; et \u00e0 faciliter la recherche.<\/p>\n\n\n\n<p>Le registre sera bas\u00e9 sur le web et h\u00e9berg\u00e9 sur la plateforme de registre de la National Organization for Rare Disorders (NORD), qui est conforme aux lois am\u00e9ricaines sur la confidentialit\u00e9 des informations de sant\u00e9, aux r\u00e9glementations de la FDA sur les dossiers \u00e9lectroniques et aux exigences de s\u00e9curit\u00e9 du R\u00e8glement g\u00e9n\u00e9ral sur la protection des donn\u00e9es (RGPD) de l'Union europ\u00e9enne. Seules les donn\u00e9es d\u00e9personnalis\u00e9es seront partag\u00e9es avec les chercheurs et les autres parties prenantes. Un comit\u00e9 consultatif du registre, compos\u00e9 de scientifiques, de m\u00e9decins et de d\u00e9fenseurs des patients, a \u00e9t\u00e9 mis en place pour superviser la conduite du registre.<\/p>\n\n\n\n<p>Les participants au registre seront des survivants ou des soignants d'une personne atteinte d'une tumeur c\u00e9r\u00e9brale hypothalamo-hypophysaire rare. Les participants seront invit\u00e9s \u00e0 r\u00e9pondre \u00e0 des enqu\u00eates en ligne disponibles dans le monde entier en anglais, en fran\u00e7ais et en espagnol. Les participants seront suivis tout au long de leur vie et fourniront des donn\u00e9es \u00e0 des intervalles variables. Des donn\u00e9es seront recueillies au d\u00e9but de l'\u00e9tude et au moins une fois par an sur des sujets tels que les caract\u00e9ristiques d\u00e9mographiques, le diagnostic, la qualit\u00e9 de vie, les ant\u00e9c\u00e9dents m\u00e9dicaux, les manifestations cliniques, l'exp\u00e9rience personnelle des tumeurs, l'\u00e9tat de sant\u00e9 g\u00e9n\u00e9ral, les m\u00e9dicaments et les traitements.<\/p>\n\n\n\n<p>Le registre des patients est un outil puissant qui permet aux survivants de tumeurs c\u00e9r\u00e9brales hypothalamo-hypophysaires de se prendre en charge. En y participant, vous ferez partie de l'\u00e9quipe de recherche qui guidera le d\u00e9veloppement de th\u00e9rapies significatives pour vous et votre famille.<\/p>\n\n\n\n<hr class=\"wp-block-separator has-alpha-channel-opacity\"\/>\n\n\n\n<h3 class=\"wp-block-heading\">Calendrier du registre<\/h3>\n\n\n\n<p><strong>janvier 2023<\/strong> Coup d'envoi du projet<\/p>\n\n\n\n<p><strong>mars 2023<\/strong> R\u00e9union inaugurale du comit\u00e9 consultatif du registre<\/p>\n\n\n\n<p><strong>Avril 2023 - Octobre 2023<\/strong> D\u00e9veloppement de la plateforme<\/p>\n\n\n\n<p><strong>Novembre - d\u00e9cembre 2023 <\/strong>Lancement de la premi\u00e8re enqu\u00eate aupr\u00e8s des patients<\/p>\n\n\n\n<hr class=\"wp-block-separator has-alpha-channel-opacity\"\/>\n\n\n\n<h3 class=\"wp-block-heading\">Conseil consultatif du registre<\/h3>\n\n\n\n<p><strong>Johan de Graaf<br><\/strong>Survivant et pr\u00e9sident de la Dutch Pituitary Foundation, Pays-Bas<\/p>\n\n\n\n<p><strong>Shuang Liu, PhD<\/strong><br>PDG et fondateur de ConSynance Therapeutics, Inc.<\/p>\n\n\n\n<p><strong>Lynn Mathies<\/strong><br>Survivant et \u00e9tudiant en MSc Neuroscience and Cognition, Universit\u00e9 d'Utrecht, Pays-Bas<\/p>\n\n\n\n<p><strong>Shana McCormack, MD, MTR<\/strong><br>Directeur scientifique du Neuroendocrine Center Division of Endocrinology and Diabetes, Children's Hospital of Philadelphia, USA<\/p>\n\n\n\n<p><strong>Hermann Muller, MD<\/strong><br>Chef du d\u00e9partement de p\u00e9diatrie et d'h\u00e9matologie et d'oncologie p\u00e9diatriques, Klinikum Oldenburg, Allemagne<\/p>\n\n\n\n<p><strong>Bradley Richards, PhD<\/strong><br>Aide-soignante, professeur adjoint, Universit\u00e9 de York Toronto, Canada<\/p>\n\n\n\n<p><strong>Theresa Strong, PhD<\/strong><br>Directeur des programmes de recherche, Fondation pour la recherche sur le syndrome de Prader-Willi, \u00c9tats-Unis<\/p>\n\n\n\n<hr class=\"wp-block-separator has-alpha-channel-opacity\"\/>\n\n\n<div class=\"gb-container gb-container-98493386\">\n\n<div class=\"wp-block-columns is-layout-flex wp-container-core-columns-is-layout-9d6595d7 wp-block-columns-is-layout-flex\">\n<div class=\"wp-block-column is-layout-flow wp-block-column-is-layout-flow\" style=\"flex-basis:33.33%\">\n<figure class=\"wp-block-image size-full\"><img decoding=\"async\" width=\"600\" height=\"380\" src=\"https:\/\/live-rawf.pantheonsite.io\/wp-content\/uploads\/2023\/07\/research.jpg\" alt=\"\" class=\"wp-image-7382\" srcset=\"https:\/\/www.rawoodfoundation.org\/wp-content\/uploads\/2023\/07\/research.jpg 600w, https:\/\/www.rawoodfoundation.org\/wp-content\/uploads\/2023\/07\/research-300x190.jpg 300w, https:\/\/www.rawoodfoundation.org\/wp-content\/uploads\/2023\/07\/research-18x12.jpg 18w\" sizes=\"(max-width: 600px) 100vw, 600px\" \/><\/figure>\n<\/div>\n\n\n\n<div class=\"wp-block-column is-layout-flow wp-block-column-is-layout-flow\" style=\"flex-basis:66.66%\">\n<h3 class=\"gb-headline gb-headline-094bad58 gb-headline-text\">Soutenir ce travail<\/h3>\n\n\n\n<p class=\"gb-headline gb-headline-33254764 gb-headline-text\">Participer \u00e0 la recherche permet aux patients de contribuer aux progr\u00e8s de la m\u00e9decine, d'avoir acc\u00e8s \u00e0 des traitements exp\u00e9rimentaux et de faire partie d'une communaut\u00e9 de soutien. En tant que participant \u00e0 la recherche, vous pouvez activement influencer les r\u00e9sultats des soins de sant\u00e9 et am\u00e9liorer les traitements futurs.<\/p>\n\n\n\n<p class=\"gb-headline gb-headline-52423adb round-icon\"><span class=\"gb-icon\"><svg aria-hidden=\"true\" role=\"img\" height=\"1em\" width=\"1em\" viewbox=\"0 0 256 512\" xmlns=\"http:\/\/www.w3.org\/2000\/svg\"><path fill=\"currentColor\" d=\"M224.3 273l-136 136c-9.4 9.4-24.6 9.4-33.9 0l-22.6-22.6c-9.4-9.4-9.4-24.6 0-33.9l96.4-96.4-96.4-96.4c-9.4-9.4-9.4-24.6 0-33.9L54.3 103c9.4-9.4 24.6-9.4 33.9 0l136 136c9.5 9.4 9.5 24.6.1 34z\"><\/path><\/svg><\/span><span class=\"gb-headline-text\"><a href=\"https:\/\/www.rawoodfoundation.org\/fr\/plan-strategique\/\">En savoir plus sur la recherche<\/a><\/span><\/p>\n\n\n\n<p class=\"gb-headline gb-headline-1207c705 round-icon\"><span class=\"gb-icon\"><svg aria-hidden=\"true\" role=\"img\" height=\"1em\" width=\"1em\" viewbox=\"0 0 256 512\" xmlns=\"http:\/\/www.w3.org\/2000\/svg\"><path fill=\"currentColor\" d=\"M224.3 273l-136 136c-9.4 9.4-24.6 9.4-33.9 0l-22.6-22.6c-9.4-9.4-9.4-24.6 0-33.9l96.4-96.4-96.4-96.4c-9.4-9.4-9.4-24.6 0-33.9L54.3 103c9.4-9.4 24.6-9.4 33.9 0l136 136c9.5 9.4 9.5 24.6.1 34z\"><\/path><\/svg><\/span><span class=\"gb-headline-text\"><a href=\"https:\/\/raymondawoodfoundation-bloom.kindful.com\/\">Faire un don pour soutenir ce projet<\/a><\/span><\/p>\n<\/div>\n<\/div>\n\n<\/div>","protected":false},"excerpt":{"rendered":"<p>Cr\u00e9ation d'un registre international de patients atteints de tumeurs c\u00e9r\u00e9brales hypothalamo-hypophysaires rares Chercheur principal : Nathalie Kayadjanian, PhD ... <a title=\"Registre des patients\" class=\"read-more\" href=\"https:\/\/www.rawoodfoundation.org\/fr\/patient-registry\/\" aria-label=\"En savoir plus sur le registre des patients\">Lire plus<\/a><\/p>","protected":false},"author":4,"featured_media":0,"parent":0,"menu_order":58,"comment_status":"closed","ping_status":"closed","template":"","meta":{"_acf_changed":false,"footnotes":""},"class_list":{"0":"post-7373","1":"page","2":"type-page","3":"status-publish","5":"no-featured-image-padding"},"acf":[],"yoast_head":"<!-- This site is optimized with the Yoast SEO plugin v27.3 - https:\/\/yoast.com\/product\/yoast-seo-wordpress\/ -->\n<title>Patient Registry - Raymond A. Wood Foundation<\/title>\n<meta name=\"robots\" content=\"index, follow, max-snippet:-1, max-image-preview:large, max-video-preview:-1\" \/>\n<link rel=\"canonical\" href=\"https:\/\/www.rawoodfoundation.org\/fr\/registre-des-patients\/\" \/>\n<meta property=\"og:locale\" content=\"fr_FR\" \/>\n<meta property=\"og:type\" content=\"article\" \/>\n<meta property=\"og:title\" content=\"Patient Registry - Raymond A. Wood Foundation\" \/>\n<meta property=\"og:description\" content=\"Building an international patient registry for rare hypothalamic-pituitary brain tumors Principal Investigator: Nathalie Kayadjanian, PhD ... Lire plus\" \/>\n<meta property=\"og:url\" content=\"https:\/\/www.rawoodfoundation.org\/fr\/registre-des-patients\/\" \/>\n<meta property=\"og:site_name\" content=\"Raymond A. Wood Foundation\" \/>\n<meta property=\"article:publisher\" content=\"https:\/\/www.facebook.com\/rawoodfoundation\" \/>\n<meta property=\"article:modified_time\" content=\"2023-09-25T18:40:37+00:00\" \/>\n<meta property=\"og:image\" content=\"https:\/\/live-rawf.pantheonsite.io\/wp-content\/uploads\/2023\/07\/research.jpg\" \/>\n<meta name=\"twitter:card\" content=\"summary_large_image\" \/>\n<meta name=\"twitter:site\" content=\"@rawoodfound\" \/>\n<meta name=\"twitter:label1\" content=\"Est. reading time\" \/>\n\t<meta name=\"twitter:data1\" content=\"4 minutes\" \/>\n<script type=\"application\/ld+json\" class=\"yoast-schema-graph\">{\"@context\":\"https:\\\/\\\/schema.org\",\"@graph\":[{\"@type\":\"WebPage\",\"@id\":\"https:\\\/\\\/www.rawoodfoundation.org\\\/patient-registry\\\/\",\"url\":\"https:\\\/\\\/www.rawoodfoundation.org\\\/patient-registry\\\/\",\"name\":\"Patient Registry - Raymond A. Wood Foundation\",\"isPartOf\":{\"@id\":\"https:\\\/\\\/www.rawoodfoundation.org\\\/#website\"},\"primaryImageOfPage\":{\"@id\":\"https:\\\/\\\/www.rawoodfoundation.org\\\/patient-registry\\\/#primaryimage\"},\"image\":{\"@id\":\"https:\\\/\\\/www.rawoodfoundation.org\\\/patient-registry\\\/#primaryimage\"},\"thumbnailUrl\":\"https:\\\/\\\/live-rawf.pantheonsite.io\\\/wp-content\\\/uploads\\\/2023\\\/07\\\/research.jpg\",\"datePublished\":\"2023-07-19T19:05:14+00:00\",\"dateModified\":\"2023-09-25T18:40:37+00:00\",\"breadcrumb\":{\"@id\":\"https:\\\/\\\/www.rawoodfoundation.org\\\/patient-registry\\\/#breadcrumb\"},\"inLanguage\":\"fr-FR\",\"potentialAction\":[{\"@type\":\"ReadAction\",\"target\":[\"https:\\\/\\\/www.rawoodfoundation.org\\\/patient-registry\\\/\"]}]},{\"@type\":\"ImageObject\",\"inLanguage\":\"fr-FR\",\"@id\":\"https:\\\/\\\/www.rawoodfoundation.org\\\/patient-registry\\\/#primaryimage\",\"url\":\"https:\\\/\\\/live-rawf.pantheonsite.io\\\/wp-content\\\/uploads\\\/2023\\\/07\\\/research.jpg\",\"contentUrl\":\"https:\\\/\\\/live-rawf.pantheonsite.io\\\/wp-content\\\/uploads\\\/2023\\\/07\\\/research.jpg\"},{\"@type\":\"BreadcrumbList\",\"@id\":\"https:\\\/\\\/www.rawoodfoundation.org\\\/patient-registry\\\/#breadcrumb\",\"itemListElement\":[{\"@type\":\"ListItem\",\"position\":1,\"name\":\"Home\",\"item\":\"https:\\\/\\\/www.rawoodfoundation.org\\\/\"},{\"@type\":\"ListItem\",\"position\":2,\"name\":\"Patient Registry\"}]},{\"@type\":\"WebSite\",\"@id\":\"https:\\\/\\\/www.rawoodfoundation.org\\\/#website\",\"url\":\"https:\\\/\\\/www.rawoodfoundation.org\\\/\",\"name\":\"Raymond A. Wood Foundation\",\"description\":\"The mission of the RAWF is to provide quality of life support for childhood brain tumor survivors and their families.\",\"publisher\":{\"@id\":\"https:\\\/\\\/www.rawoodfoundation.org\\\/#organization\"},\"potentialAction\":[{\"@type\":\"SearchAction\",\"target\":{\"@type\":\"EntryPoint\",\"urlTemplate\":\"https:\\\/\\\/www.rawoodfoundation.org\\\/?s={search_term_string}\"},\"query-input\":{\"@type\":\"PropertyValueSpecification\",\"valueRequired\":true,\"valueName\":\"search_term_string\"}}],\"inLanguage\":\"fr-FR\"},{\"@type\":\"Organization\",\"@id\":\"https:\\\/\\\/www.rawoodfoundation.org\\\/#organization\",\"name\":\"Raymond A. Wood Foundation\",\"url\":\"https:\\\/\\\/www.rawoodfoundation.org\\\/\",\"logo\":{\"@type\":\"ImageObject\",\"inLanguage\":\"fr-FR\",\"@id\":\"https:\\\/\\\/www.rawoodfoundation.org\\\/#\\\/schema\\\/logo\\\/image\\\/\",\"url\":\"https:\\\/\\\/www.rawoodfoundation.org\\\/wp-content\\\/uploads\\\/2023\\\/07\\\/Raymond-A-Wood-Foundation-logo.webp\",\"contentUrl\":\"https:\\\/\\\/www.rawoodfoundation.org\\\/wp-content\\\/uploads\\\/2023\\\/07\\\/Raymond-A-Wood-Foundation-logo.webp\",\"width\":470,\"height\":128,\"caption\":\"Raymond A. Wood Foundation\"},\"image\":{\"@id\":\"https:\\\/\\\/www.rawoodfoundation.org\\\/#\\\/schema\\\/logo\\\/image\\\/\"},\"sameAs\":[\"https:\\\/\\\/www.facebook.com\\\/rawoodfoundation\",\"https:\\\/\\\/x.com\\\/rawoodfound\"]}]}<\/script>\n<!-- \/ Yoast SEO plugin. -->","yoast_head_json":{"title":"Registre des patients - Raymond A. Wood Foundation","robots":{"index":"index","follow":"follow","max-snippet":"max-snippet:-1","max-image-preview":"max-image-preview:large","max-video-preview":"max-video-preview:-1"},"canonical":"https:\/\/www.rawoodfoundation.org\/fr\/registre-des-patients\/","og_locale":"fr_FR","og_type":"article","og_title":"Patient Registry - Raymond A. Wood Foundation","og_description":"Building an international patient registry for rare hypothalamic-pituitary brain tumors Principal Investigator: Nathalie Kayadjanian, PhD ... Lire plus","og_url":"https:\/\/www.rawoodfoundation.org\/fr\/registre-des-patients\/","og_site_name":"Raymond A. Wood Foundation","article_publisher":"https:\/\/www.facebook.com\/rawoodfoundation","article_modified_time":"2023-09-25T18:40:37+00:00","og_image":[{"url":"https:\/\/live-rawf.pantheonsite.io\/wp-content\/uploads\/2023\/07\/research.jpg","type":"","width":"","height":""}],"twitter_card":"summary_large_image","twitter_site":"@rawoodfound","twitter_misc":{"Est. reading time":"4 minutes"},"schema":{"@context":"https:\/\/schema.org","@graph":[{"@type":"WebPage","@id":"https:\/\/www.rawoodfoundation.org\/patient-registry\/","url":"https:\/\/www.rawoodfoundation.org\/patient-registry\/","name":"Registre des patients - Raymond A. Wood Foundation","isPartOf":{"@id":"https:\/\/www.rawoodfoundation.org\/#website"},"primaryImageOfPage":{"@id":"https:\/\/www.rawoodfoundation.org\/patient-registry\/#primaryimage"},"image":{"@id":"https:\/\/www.rawoodfoundation.org\/patient-registry\/#primaryimage"},"thumbnailUrl":"https:\/\/live-rawf.pantheonsite.io\/wp-content\/uploads\/2023\/07\/research.jpg","datePublished":"2023-07-19T19:05:14+00:00","dateModified":"2023-09-25T18:40:37+00:00","breadcrumb":{"@id":"https:\/\/www.rawoodfoundation.org\/patient-registry\/#breadcrumb"},"inLanguage":"fr-FR","potentialAction":[{"@type":"ReadAction","target":["https:\/\/www.rawoodfoundation.org\/patient-registry\/"]}]},{"@type":"ImageObject","inLanguage":"fr-FR","@id":"https:\/\/www.rawoodfoundation.org\/patient-registry\/#primaryimage","url":"https:\/\/live-rawf.pantheonsite.io\/wp-content\/uploads\/2023\/07\/research.jpg","contentUrl":"https:\/\/live-rawf.pantheonsite.io\/wp-content\/uploads\/2023\/07\/research.jpg"},{"@type":"BreadcrumbList","@id":"https:\/\/www.rawoodfoundation.org\/patient-registry\/#breadcrumb","itemListElement":[{"@type":"ListItem","position":1,"name":"Home","item":"https:\/\/www.rawoodfoundation.org\/"},{"@type":"ListItem","position":2,"name":"Patient Registry"}]},{"@type":"WebSite","@id":"https:\/\/www.rawoodfoundation.org\/#website","url":"https:\/\/www.rawoodfoundation.org\/","name":"Fondation Raymond A. Wood","description":"La mission de la RAWF est d'apporter un soutien \u00e0 la qualit\u00e9 de vie des survivants de tumeurs c\u00e9r\u00e9brales infantiles et de leurs familles.","publisher":{"@id":"https:\/\/www.rawoodfoundation.org\/#organization"},"potentialAction":[{"@type":"SearchAction","target":{"@type":"EntryPoint","urlTemplate":"https:\/\/www.rawoodfoundation.org\/?s={search_term_string}"},"query-input":{"@type":"PropertyValueSpecification","valueRequired":true,"valueName":"search_term_string"}}],"inLanguage":"fr-FR"},{"@type":"Organization","@id":"https:\/\/www.rawoodfoundation.org\/#organization","name":"Fondation Raymond A. Wood","url":"https:\/\/www.rawoodfoundation.org\/","logo":{"@type":"ImageObject","inLanguage":"fr-FR","@id":"https:\/\/www.rawoodfoundation.org\/#\/schema\/logo\/image\/","url":"https:\/\/www.rawoodfoundation.org\/wp-content\/uploads\/2023\/07\/Raymond-A-Wood-Foundation-logo.webp","contentUrl":"https:\/\/www.rawoodfoundation.org\/wp-content\/uploads\/2023\/07\/Raymond-A-Wood-Foundation-logo.webp","width":470,"height":128,"caption":"Raymond A. Wood Foundation"},"image":{"@id":"https:\/\/www.rawoodfoundation.org\/#\/schema\/logo\/image\/"},"sameAs":["https:\/\/www.facebook.com\/rawoodfoundation","https:\/\/x.com\/rawoodfound"]}]}},"_links":{"self":[{"href":"https:\/\/www.rawoodfoundation.org\/fr\/wp-json\/wp\/v2\/pages\/7373","targetHints":{"allow":["GET"]}}],"collection":[{"href":"https:\/\/www.rawoodfoundation.org\/fr\/wp-json\/wp\/v2\/pages"}],"about":[{"href":"https:\/\/www.rawoodfoundation.org\/fr\/wp-json\/wp\/v2\/types\/page"}],"author":[{"embeddable":true,"href":"https:\/\/www.rawoodfoundation.org\/fr\/wp-json\/wp\/v2\/users\/4"}],"replies":[{"embeddable":true,"href":"https:\/\/www.rawoodfoundation.org\/fr\/wp-json\/wp\/v2\/comments?post=7373"}],"version-history":[{"count":17,"href":"https:\/\/www.rawoodfoundation.org\/fr\/wp-json\/wp\/v2\/pages\/7373\/revisions"}],"predecessor-version":[{"id":8622,"href":"https:\/\/www.rawoodfoundation.org\/fr\/wp-json\/wp\/v2\/pages\/7373\/revisions\/8622"}],"wp:attachment":[{"href":"https:\/\/www.rawoodfoundation.org\/fr\/wp-json\/wp\/v2\/media?parent=7373"}],"curies":[{"name":"wp","href":"https:\/\/api.w.org\/{rel}","templated":true}]}}