{"id":5380,"date":"2023-05-16T21:01:16","date_gmt":"2023-05-16T21:01:16","guid":{"rendered":"https:\/\/live-rawf.pantheonsite.io\/?page_id=5380"},"modified":"2026-01-22T16:54:31","modified_gmt":"2026-01-22T16:54:31","slug":"inscription-au-bulletin-dinformation","status":"publish","type":"page","link":"https:\/\/www.rawoodfoundation.org\/fr\/inscription-au-bulletin-dinformation\/","title":{"rendered":"Rester inform\u00e9. Restez autonomes."},"content":{"rendered":"<h2 class=\"wp-block-heading\">S'inscrire \u00e0 la lettre d'information de la Fondation Raymond A. Wood<\/h2>\n\n\n\n<p>Restez en contact avec une communaut\u00e9 mondiale qui s'efforce d'am\u00e9liorer la vie des survivants de tumeurs c\u00e9r\u00e9brales hypothalamo-hypophysaires.<\/p>\n\n\n\n<p>Chaque mois, vous recevrez<\/p>\n\n\n\n<ul class=\"wp-block-list\">\n<li><strong>Recherche et mises \u00e0 jour cliniques<\/strong> - Obtenez les derni\u00e8res informations sur les essais cliniques, les nouveaux traitements et les perc\u00e9es scientifiques.<\/li>\n\n\n\n<li><strong>T\u00e9moignages de patients et d'aidants<\/strong> - Exp\u00e9riences r\u00e9elles, points de vue et voix de la communaut\u00e9.<\/li>\n\n\n\n<li><strong>Ressources p\u00e9dagogiques<\/strong> - Webinaires, questions-r\u00e9ponses d'experts et outils pour aider \u00e0 g\u00e9rer la vie apr\u00e8s le diagnostic.<\/li>\n\n\n\n<li><strong>Nouvelles sur la sensibilisation et la d\u00e9fense des droits de l'homme<\/strong> - D\u00e9couvrez comment RAWF fa\u00e7onne les politiques et suscite le changement - et comment vous pouvez vous impliquer.<\/li>\n<\/ul>\n\n\n\n<p>Nous respectons votre temps et votre bo\u00eete de r\u00e9ception. Vous pouvez vous d\u00e9sinscrire \u00e0 tout moment.<\/p>\n\n\n\n<script src=\"https:\/\/s3-us-west-2.amazonaws.com\/bloomerang-public-cdn\/raymondawoodfoundation\/.widget-js\/543744.js\" type=\"text\/javascript\"><\/script>","protected":false},"excerpt":{"rendered":"<p>Sign up for the Raymond A. Wood Foundation Newsletter Stay connected to a global community &#8230; <a title=\"Rester inform\u00e9. Restez autonomes.\" class=\"read-more\" href=\"https:\/\/www.rawoodfoundation.org\/fr\/inscription-au-bulletin-dinformation\/\" aria-label=\"Read more about Stay Informed. Stay Empowered.\">Lire plus<\/a><\/p>","protected":false},"author":1,"featured_media":0,"parent":0,"menu_order":63,"comment_status":"closed","ping_status":"closed","template":"","meta":{"_acf_changed":false,"footnotes":""},"class_list":{"0":"post-5380","1":"page","2":"type-page","3":"status-publish","5":"no-featured-image-padding"},"acf":[],"yoast_head":"<!-- This site is optimized with the Yoast SEO plugin v25.0 - https:\/\/yoast.com\/wordpress\/plugins\/seo\/ -->\n<title>Stay Informed. Stay Empowered. - Raymond A. Wood Foundation<\/title>\n<meta name=\"robots\" content=\"index, follow, max-snippet:-1, max-image-preview:large, max-video-preview:-1\" \/>\n<link rel=\"canonical\" href=\"https:\/\/www.rawoodfoundation.org\/fr\/inscription-au-bulletin-dinformation\/\" \/>\n<meta property=\"og:locale\" content=\"fr_FR\" \/>\n<meta property=\"og:type\" content=\"article\" \/>\n<meta property=\"og:title\" content=\"Stay Informed. Stay Empowered. - Raymond A. Wood Foundation\" \/>\n<meta property=\"og:description\" content=\"Sign up for the Raymond A. Wood Foundation Newsletter Stay connected to a global community ... Lire plus\" \/>\n<meta property=\"og:url\" content=\"https:\/\/www.rawoodfoundation.org\/fr\/inscription-au-bulletin-dinformation\/\" \/>\n<meta property=\"og:site_name\" content=\"Raymond A. Wood Foundation\" \/>\n<meta property=\"article:publisher\" content=\"https:\/\/www.facebook.com\/rawoodfoundation\" \/>\n<meta property=\"article:modified_time\" content=\"2026-01-22T16:54:31+00:00\" \/>\n<meta name=\"twitter:card\" content=\"summary_large_image\" \/>\n<meta name=\"twitter:site\" content=\"@rawoodfound\" \/>\n<meta name=\"twitter:label1\" content=\"Est. reading time\" \/>\n\t<meta name=\"twitter:data1\" content=\"1 minute\" \/>\n<script type=\"application\/ld+json\" class=\"yoast-schema-graph\">{\"@context\":\"https:\/\/schema.org\",\"@graph\":[{\"@type\":\"WebPage\",\"@id\":\"https:\/\/www.rawoodfoundation.org\/newsletter-sign-up\/\",\"url\":\"https:\/\/www.rawoodfoundation.org\/newsletter-sign-up\/\",\"name\":\"Stay Informed. Stay Empowered. - Raymond A. Wood Foundation\",\"isPartOf\":{\"@id\":\"https:\/\/www.rawoodfoundation.org\/#website\"},\"datePublished\":\"2023-05-16T21:01:16+00:00\",\"dateModified\":\"2026-01-22T16:54:31+00:00\",\"breadcrumb\":{\"@id\":\"https:\/\/www.rawoodfoundation.org\/newsletter-sign-up\/#breadcrumb\"},\"inLanguage\":\"fr-FR\",\"potentialAction\":[{\"@type\":\"ReadAction\",\"target\":[\"https:\/\/www.rawoodfoundation.org\/newsletter-sign-up\/\"]}]},{\"@type\":\"BreadcrumbList\",\"@id\":\"https:\/\/www.rawoodfoundation.org\/newsletter-sign-up\/#breadcrumb\",\"itemListElement\":[{\"@type\":\"ListItem\",\"position\":1,\"name\":\"Home\",\"item\":\"https:\/\/www.rawoodfoundation.org\/\"},{\"@type\":\"ListItem\",\"position\":2,\"name\":\"Stay Informed. Stay Empowered.\"}]},{\"@type\":\"WebSite\",\"@id\":\"https:\/\/www.rawoodfoundation.org\/#website\",\"url\":\"https:\/\/www.rawoodfoundation.org\/\",\"name\":\"Raymond A. Wood Foundation\",\"description\":\"The mission of the RAWF is to provide quality of life support for childhood brain tumor survivors and their families.\",\"publisher\":{\"@id\":\"https:\/\/www.rawoodfoundation.org\/#organization\"},\"potentialAction\":[{\"@type\":\"SearchAction\",\"target\":{\"@type\":\"EntryPoint\",\"urlTemplate\":\"https:\/\/www.rawoodfoundation.org\/?s={search_term_string}\"},\"query-input\":{\"@type\":\"PropertyValueSpecification\",\"valueRequired\":true,\"valueName\":\"search_term_string\"}}],\"inLanguage\":\"fr-FR\"},{\"@type\":\"Organization\",\"@id\":\"https:\/\/www.rawoodfoundation.org\/#organization\",\"name\":\"Raymond A. Wood Foundation\",\"url\":\"https:\/\/www.rawoodfoundation.org\/\",\"logo\":{\"@type\":\"ImageObject\",\"inLanguage\":\"fr-FR\",\"@id\":\"https:\/\/www.rawoodfoundation.org\/#\/schema\/logo\/image\/\",\"url\":\"https:\/\/www.rawoodfoundation.org\/wp-content\/uploads\/2023\/07\/Raymond-A-Wood-Foundation-logo.webp\",\"contentUrl\":\"https:\/\/www.rawoodfoundation.org\/wp-content\/uploads\/2023\/07\/Raymond-A-Wood-Foundation-logo.webp\",\"width\":470,\"height\":128,\"caption\":\"Raymond A. Wood Foundation\"},\"image\":{\"@id\":\"https:\/\/www.rawoodfoundation.org\/#\/schema\/logo\/image\/\"},\"sameAs\":[\"https:\/\/www.facebook.com\/rawoodfoundation\",\"https:\/\/x.com\/rawoodfound\"]}]}<\/script>\n<!-- \/ Yoast SEO plugin. -->","yoast_head_json":{"title":"Stay Informed. Stay Empowered. - Raymond A. Wood Foundation","robots":{"index":"index","follow":"follow","max-snippet":"max-snippet:-1","max-image-preview":"max-image-preview:large","max-video-preview":"max-video-preview:-1"},"canonical":"https:\/\/www.rawoodfoundation.org\/fr\/inscription-au-bulletin-dinformation\/","og_locale":"fr_FR","og_type":"article","og_title":"Stay Informed. Stay Empowered. - Raymond A. Wood Foundation","og_description":"Sign up for the Raymond A. Wood Foundation Newsletter Stay connected to a global community ... Lire plus","og_url":"https:\/\/www.rawoodfoundation.org\/fr\/inscription-au-bulletin-dinformation\/","og_site_name":"Raymond A. Wood Foundation","article_publisher":"https:\/\/www.facebook.com\/rawoodfoundation","article_modified_time":"2026-01-22T16:54:31+00:00","twitter_card":"summary_large_image","twitter_site":"@rawoodfound","twitter_misc":{"Est. reading time":"1 minute"},"schema":{"@context":"https:\/\/schema.org","@graph":[{"@type":"WebPage","@id":"https:\/\/www.rawoodfoundation.org\/newsletter-sign-up\/","url":"https:\/\/www.rawoodfoundation.org\/newsletter-sign-up\/","name":"Stay Informed. Stay Empowered. - Raymond A. Wood Foundation","isPartOf":{"@id":"https:\/\/www.rawoodfoundation.org\/#website"},"datePublished":"2023-05-16T21:01:16+00:00","dateModified":"2026-01-22T16:54:31+00:00","breadcrumb":{"@id":"https:\/\/www.rawoodfoundation.org\/newsletter-sign-up\/#breadcrumb"},"inLanguage":"fr-FR","potentialAction":[{"@type":"ReadAction","target":["https:\/\/www.rawoodfoundation.org\/newsletter-sign-up\/"]}]},{"@type":"BreadcrumbList","@id":"https:\/\/www.rawoodfoundation.org\/newsletter-sign-up\/#breadcrumb","itemListElement":[{"@type":"ListItem","position":1,"name":"Home","item":"https:\/\/www.rawoodfoundation.org\/"},{"@type":"ListItem","position":2,"name":"Stay Informed. Stay Empowered."}]},{"@type":"WebSite","@id":"https:\/\/www.rawoodfoundation.org\/#website","url":"https:\/\/www.rawoodfoundation.org\/","name":"Raymond A. Wood Foundation","description":"The mission of the RAWF is to provide quality of life support for childhood brain tumor survivors and their families.","publisher":{"@id":"https:\/\/www.rawoodfoundation.org\/#organization"},"potentialAction":[{"@type":"SearchAction","target":{"@type":"EntryPoint","urlTemplate":"https:\/\/www.rawoodfoundation.org\/?s={search_term_string}"},"query-input":{"@type":"PropertyValueSpecification","valueRequired":true,"valueName":"search_term_string"}}],"inLanguage":"fr-FR"},{"@type":"Organization","@id":"https:\/\/www.rawoodfoundation.org\/#organization","name":"Raymond A. Wood Foundation","url":"https:\/\/www.rawoodfoundation.org\/","logo":{"@type":"ImageObject","inLanguage":"fr-FR","@id":"https:\/\/www.rawoodfoundation.org\/#\/schema\/logo\/image\/","url":"https:\/\/www.rawoodfoundation.org\/wp-content\/uploads\/2023\/07\/Raymond-A-Wood-Foundation-logo.webp","contentUrl":"https:\/\/www.rawoodfoundation.org\/wp-content\/uploads\/2023\/07\/Raymond-A-Wood-Foundation-logo.webp","width":470,"height":128,"caption":"Raymond A. Wood Foundation"},"image":{"@id":"https:\/\/www.rawoodfoundation.org\/#\/schema\/logo\/image\/"},"sameAs":["https:\/\/www.facebook.com\/rawoodfoundation","https:\/\/x.com\/rawoodfound"]}]}},"_links":{"self":[{"href":"https:\/\/www.rawoodfoundation.org\/fr\/wp-json\/wp\/v2\/pages\/5380","targetHints":{"allow":["GET"]}}],"collection":[{"href":"https:\/\/www.rawoodfoundation.org\/fr\/wp-json\/wp\/v2\/pages"}],"about":[{"href":"https:\/\/www.rawoodfoundation.org\/fr\/wp-json\/wp\/v2\/types\/page"}],"author":[{"embeddable":true,"href":"https:\/\/www.rawoodfoundation.org\/fr\/wp-json\/wp\/v2\/users\/1"}],"replies":[{"embeddable":true,"href":"https:\/\/www.rawoodfoundation.org\/fr\/wp-json\/wp\/v2\/comments?post=5380"}],"version-history":[{"count":4,"href":"https:\/\/www.rawoodfoundation.org\/fr\/wp-json\/wp\/v2\/pages\/5380\/revisions"}],"predecessor-version":[{"id":18349,"href":"https:\/\/www.rawoodfoundation.org\/fr\/wp-json\/wp\/v2\/pages\/5380\/revisions\/18349"}],"wp:attachment":[{"href":"https:\/\/www.rawoodfoundation.org\/fr\/wp-json\/wp\/v2\/media?parent=5380"}],"curies":[{"name":"wp","href":"https:\/\/api.w.org\/{rel}","templated":true}]}}