{"id":5371,"date":"2023-05-16T20:56:36","date_gmt":"2023-05-16T20:56:36","guid":{"rendered":"https:\/\/live-rawf.pantheonsite.io\/?page_id=5371"},"modified":"2025-05-05T19:15:41","modified_gmt":"2025-05-05T19:15:41","slug":"volontaire","status":"publish","type":"page","link":"https:\/\/www.rawoodfoundation.org\/fr\/volunteer\/","title":{"rendered":"B\u00e9n\u00e9vole"},"content":{"rendered":"<div class=\"gb-grid-wrapper gb-grid-wrapper-000cfc70\">\n<div class=\"gb-grid-column gb-grid-column-6a5466f1\"><div class=\"gb-container gb-container-6a5466f1\">\n\n<h2 class=\"wp-block-heading\"><strong>Organisez une collecte de fonds !<\/strong><\/h2>\n\n<\/div><\/div>\n\n<div class=\"gb-grid-column gb-grid-column-20cf9677\"><div class=\"gb-container gb-container-20cf9677\">\n\n<p>La Raymond A. Wood Foundation est une petite organisation \u00e0 but non lucratif fonctionnant avec un tr\u00e8s petit budget, qui s'efforce de trouver de meilleures solutions aux grands probl\u00e8mes qui affectent les survivants des tumeurs c\u00e9r\u00e9brales hypothalamo-hypophysaires, notamment les craniopharyngiomes, les astrocytomes, les hamartomes et d'autres tumeurs b\u00e9nignes et malignes de l'axe hypothalamo-hypophysaire. Ces tumeurs sont \u00e0 l'origine de nombreux probl\u00e8mes de qualit\u00e9 de vie auxquels les survivants et les soignants sont confront\u00e9s chaque jour.<a href=\"https:\/\/secure.givelively.org\/donate\/raymond-a-wood-foundation-inc\/personal-milestone-fundraisers\">Vous pouvez nous aider en organisant une collecte de fonds et en la partageant avec vos amis et votre famille.<\/a><\/p>\n\n\n\n<h3 class=\"wp-block-heading\">Il est facile de commencer et d'avoir un impact imm\u00e9diat. Voici comment :<\/h3>\n\n\n\n<ol class=\"wp-block-list\">\n<li>S'engager \u00e0 collecter $1 000 ou un montant significatif pour vous<\/li>\n\n\n\n<li><a href=\"https:\/\/secure.givelively.org\/donate\/raymond-a-wood-foundation-inc\/support-brain-tumor-survivors\/fundraisers\/options\" target=\"_blank\" rel=\"noreferrer noopener\">Visitez ce lien<\/a> et cliquez sur le bouton qui dit <strong>\"Je veux collecter des fonds pour cela.<\/strong><\/li>\n\n\n\n<li>Commencez \u00e0 faire conna\u00eetre ce que vous faites et POURQUOI<\/li>\n\n\n\n<li>Contactez votre r\u00e9seau et encouragez-le \u00e0 soutenir votre campagne. Qu'il s'agisse d'envoyer des courriels, de passer des coups de fil ou de publier des messages sur les m\u00e9dias sociaux, incitez les gens \u00e0 donner en partageant les informations suivantes <strong>pourquoi notre travail est important pour vous.<\/strong><\/li>\n<\/ol>\n\n\n\n<p>Besoin d'aide pour d\u00e9marrer ? Consultez notre <strong>Bo\u00eete \u00e0 outils pour les collecteurs de fonds<\/strong> ci-dessous. Nous avons tout ce qu'il faut pour que votre collecte de fonds soit un succ\u00e8s et que vous puissiez rugir le plus fort possible.<\/p>\n\n\n\n<p>Bo\u00eete \u00e0 outils pour les collecteurs de fonds<\/p>\n\n\n\n<ul class=\"wp-block-list\">\n<li><a href=\"https:\/\/www.youtube.com\/watch?feature=youtu.be&amp;v=TNXF2qa74fM\">Comment organiser votre collecte de fonds<\/a><\/li>\n\n\n\n<li><a href=\"https:\/\/amy-wood-z4rm.squarespace.com\/s\/SharingYourWhy_RAWF_2022GivingTuesday.pdf\" target=\"_blank\" rel=\"noreferrer noopener\">Partager votre raison d'\u00eatre<\/a><\/li>\n\n\n\n<li><a href=\"https:\/\/amy-wood-z4rm.squarespace.com\/s\/FundraisingTips_RAWF_2022GivingTuesday.pdf\" target=\"_blank\" rel=\"noreferrer noopener\">Conseils pour la collecte de fonds<\/a><\/li>\n<\/ul>\n\n\n\n<p><strong>Besoin d'aide ?<\/strong>&nbsp; <a href=\"\/fr\/contact\/\">Tendre la main<\/a> et nous nous ferons un plaisir de vous aider \u00e0 mettre cela en place.<\/p>\n\n\n\n<p class=\"gb-headline gb-headline-52423adb round-icon\"><span class=\"gb-icon\"><svg aria-hidden=\"true\" role=\"img\" height=\"1em\" width=\"1em\" viewbox=\"0 0 256 512\" xmlns=\"http:\/\/www.w3.org\/2000\/svg\"><path fill=\"currentColor\" d=\"M224.3 273l-136 136c-9.4 9.4-24.6 9.4-33.9 0l-22.6-22.6c-9.4-9.4-9.4-24.6 0-33.9l96.4-96.4-96.4-96.4c-9.4-9.4-9.4-24.6 0-33.9L54.3 103c9.4-9.4 24.6-9.4 33.9 0l136 136c9.5 9.4 9.5 24.6.1 34z\"><\/path><\/svg><\/span><span class=\"gb-headline-text\"><a href=\"https:\/\/secure.givelively.org\/donate\/raymond-a-wood-foundation-inc\/support-brain-tumor-survivors\/fundraisers\/options\">Organiser une collecte de fonds<\/a><\/span><\/p>\n\n<\/div><\/div>\n<\/div>\n\n\n<hr class=\"wp-block-separator has-text-color has-alpha-channel-opacity has-background\" style=\"background-color:#eeeeee;color:#eeeeee\"\/>\n\n\n<div class=\"gb-grid-wrapper gb-grid-wrapper-c23d8d88\">\n<div class=\"gb-grid-column gb-grid-column-e3d94904\"><div class=\"gb-container gb-container-e3d94904\">\n\n<h2 class=\"wp-block-heading\"><strong>Organiser une collecte de fonds sur Facebook<\/strong><\/h2>\n\n<\/div><\/div>\n\n<div class=\"gb-grid-column gb-grid-column-7b045cc9\"><div class=\"gb-container gb-container-7b045cc9\">\n\n<p>Vous pouvez facilement organiser une collecte de fonds sur Facebook pour votre anniversaire ou une occasion sp\u00e9ciale. Voici comment proc\u00e9der :<\/p>\n\n\n\n<ul class=\"wp-block-list\">\n<li>Rendez-vous sur la page Facebook de la Fondation Raymond A. Wood et <strong>cliquez sur le bouton \"cr\u00e9er\".<\/strong><\/li>\n\n\n\n<li><strong>Suivez les \u00e9tapes. <\/strong>Facebook contient d\u00e9j\u00e0 du contenu sur notre mission que vous pouvez utiliser, mais il est \u00e9galement utile de partager des histoires personnelles sur les raisons pour lesquelles RAWF compte pour vous.&nbsp;<\/li>\n\n\n\n<li><strong>Commencez modestement et d\u00e9veloppez vos activit\u00e9s.<\/strong> Fixez votre objectif \u00e0 $250. Au fur et \u00e0 mesure que vous atteignez votre objectif, vous pouvez augmenter ce chiffre. Si vous pouvez proposer d'\u00e9galer une partie ou la totalit\u00e9 des dons, cela aidera les gens \u00e0 sentir que m\u00eame de petites contributions sont utiles.<\/li>\n\n\n\n<li><strong>Partager<\/strong> sur les diff\u00e9rents programmes que RAWF financera et qui contribueront \u00e0 faire avancer les choses. Pourquoi ces programmes vous tiennent-ils personnellement \u00e0 c\u0153ur ? Plus vous parlerez de votre collecte de fonds, plus les gens la verront. Vous pouvez \u00e9galement partager des graphiques et des messages de la page Facebook de RAWF avec votre collecte de fonds. Partagez \u00e9galement votre collecte de fonds avec vos histoires.<\/li>\n\n\n\n<li><strong>Continuez \u00e0 le promouvoir.<\/strong> En commentant et en partageant votre collecte de fonds tout au long de la journ\u00e9e, vous la ferez conna\u00eetre aux gens.<\/li>\n\n\n\n<li><strong>Invitez des amis.<\/strong> Commencez par un cercle proche dont vous savez qu'il vous soutiendra et d\u00e9veloppez ce cercle. Invitez-en d'autres tout au long de la collecte de fonds.<\/li>\n\n\n\n<li><strong>Remerciez vos donateurs.<\/strong> Prenez des nouvelles tout au long de la collecte de fonds et remerciez vos donateurs. Marquez-les en tapant le @ (leur nom devrait appara\u00eetre) pour les remercier ou remerciez-les directement en indiquant sur la page de collecte de fonds qu'ils ont fait un don. Faites-leur savoir qu'ils peuvent \"aimer\" la page Facebook de RAWF pour obtenir des mises \u00e0 jour sur la fa\u00e7on dont leurs fonds aident les survivants des tumeurs c\u00e9r\u00e9brales.<\/li>\n<\/ul>\n\n\n\n<p class=\"gb-headline gb-headline-04b942a1 round-icon\"><span class=\"gb-icon\"><svg aria-hidden=\"true\" role=\"img\" height=\"1em\" width=\"1em\" viewbox=\"0 0 256 512\" xmlns=\"http:\/\/www.w3.org\/2000\/svg\"><path fill=\"currentColor\" d=\"M224.3 273l-136 136c-9.4 9.4-24.6 9.4-33.9 0l-22.6-22.6c-9.4-9.4-9.4-24.6 0-33.9l96.4-96.4-96.4-96.4c-9.4-9.4-9.4-24.6 0-33.9L54.3 103c9.4-9.4 24.6-9.4 33.9 0l136 136c9.5 9.4 9.5 24.6.1 34z\"><\/path><\/svg><\/span><span class=\"gb-headline-text\"><a href=\"https:\/\/vimeo.com\/475173933?embedded=true&amp;source=video_title&amp;owner=82726337\">Apprendre \u00e0 mettre en place une collecte de fonds sur Facebook<\/a><\/span><\/p>\n\n<\/div><\/div>\n<\/div>\n\n\n<hr class=\"wp-block-separator has-text-color has-alpha-channel-opacity has-background\" style=\"background-color:#eeeeee;color:#eeeeee\"\/>\n\n\n<div class=\"gb-grid-wrapper gb-grid-wrapper-b7325561\">\n<div class=\"gb-grid-column gb-grid-column-74ab153a\"><div class=\"gb-container gb-container-74ab153a\">\n\n<h2 class=\"wp-block-heading\"><strong>B\u00e9n\u00e9vole<\/strong><\/h2>\n\n<\/div><\/div>\n\n<div class=\"gb-grid-column gb-grid-column-1cb0d5fb\"><div class=\"gb-container gb-container-1cb0d5fb\">\n\n<p>La Fondation Raymond A. Wood cherche \u00e0 \u00e9toffer une liste de b\u00e9n\u00e9voles. Notre travail s'effectue principalement dans un cadre virtuel, c'est pourquoi des comp\u00e9tences en mati\u00e8re de communication num\u00e9rique sont utiles. Si vous \u00eates int\u00e9ress\u00e9(e) par le b\u00e9n\u00e9volat, veuillez remplir le formulaire ci-dessous et nous prendrons contact avec vous !<\/p>\n\n\n\n<p>Merci d'aider la Fondation Raymond A. Wood ! Votre soutien nous permet d'aller de l'avant et d'am\u00e9liorer la qualit\u00e9 de vie des survivants de tumeurs c\u00e9r\u00e9brales.<\/p>\n\n<\/div><\/div>\n<\/div>","protected":false},"excerpt":{"rendered":"","protected":false},"author":1,"featured_media":0,"parent":0,"menu_order":66,"comment_status":"closed","ping_status":"closed","template":"","meta":{"_acf_changed":false,"footnotes":""},"class_list":{"0":"post-5371","1":"page","2":"type-page","3":"status-publish","5":"no-featured-image-padding"},"acf":[],"yoast_head":"<!-- This site is optimized with the Yoast SEO plugin v27.3 - https:\/\/yoast.com\/product\/yoast-seo-wordpress\/ -->\n<title>Volunteer at Raymond A. Wood<\/title>\n<meta name=\"description\" content=\"Learn why you can be a good fit with Raymond A. Wood as we help to Improve the Quality of Life for Craniopharyngioma Brain Tumor Survivors.\" \/>\n<meta name=\"robots\" content=\"index, follow, max-snippet:-1, max-image-preview:large, max-video-preview:-1\" \/>\n<link rel=\"canonical\" href=\"https:\/\/www.rawoodfoundation.org\/fr\/volontaire\/\" \/>\n<meta property=\"og:locale\" content=\"fr_FR\" \/>\n<meta property=\"og:type\" content=\"article\" \/>\n<meta property=\"og:title\" content=\"Volunteer at Raymond A. Wood\" \/>\n<meta property=\"og:description\" content=\"Learn why you can be a good fit with Raymond A. Wood as we help to Improve the Quality of Life for Craniopharyngioma Brain Tumor Survivors.\" \/>\n<meta property=\"og:url\" content=\"https:\/\/www.rawoodfoundation.org\/fr\/volontaire\/\" \/>\n<meta property=\"og:site_name\" content=\"Raymond A. Wood Foundation\" \/>\n<meta property=\"article:publisher\" content=\"https:\/\/www.facebook.com\/rawoodfoundation\" \/>\n<meta property=\"article:modified_time\" content=\"2025-05-05T19:15:41+00:00\" \/>\n<meta name=\"twitter:card\" content=\"summary_large_image\" \/>\n<meta name=\"twitter:site\" content=\"@rawoodfound\" \/>\n<meta name=\"twitter:label1\" content=\"Est. reading time\" \/>\n\t<meta name=\"twitter:data1\" content=\"3 minutes\" \/>\n<script type=\"application\/ld+json\" class=\"yoast-schema-graph\">{\"@context\":\"https:\\\/\\\/schema.org\",\"@graph\":[{\"@type\":\"WebPage\",\"@id\":\"https:\\\/\\\/www.rawoodfoundation.org\\\/volunteer\\\/\",\"url\":\"https:\\\/\\\/www.rawoodfoundation.org\\\/volunteer\\\/\",\"name\":\"Volunteer at Raymond A. Wood\",\"isPartOf\":{\"@id\":\"https:\\\/\\\/www.rawoodfoundation.org\\\/#website\"},\"datePublished\":\"2023-05-16T20:56:36+00:00\",\"dateModified\":\"2025-05-05T19:15:41+00:00\",\"description\":\"Learn why you can be a good fit with Raymond A. Wood as we help to Improve the Quality of Life for Craniopharyngioma Brain Tumor Survivors.\",\"breadcrumb\":{\"@id\":\"https:\\\/\\\/www.rawoodfoundation.org\\\/volunteer\\\/#breadcrumb\"},\"inLanguage\":\"fr-FR\",\"potentialAction\":[{\"@type\":\"ReadAction\",\"target\":[\"https:\\\/\\\/www.rawoodfoundation.org\\\/volunteer\\\/\"]}]},{\"@type\":\"BreadcrumbList\",\"@id\":\"https:\\\/\\\/www.rawoodfoundation.org\\\/volunteer\\\/#breadcrumb\",\"itemListElement\":[{\"@type\":\"ListItem\",\"position\":1,\"name\":\"Home\",\"item\":\"https:\\\/\\\/www.rawoodfoundation.org\\\/\"},{\"@type\":\"ListItem\",\"position\":2,\"name\":\"Volunteer\"}]},{\"@type\":\"WebSite\",\"@id\":\"https:\\\/\\\/www.rawoodfoundation.org\\\/#website\",\"url\":\"https:\\\/\\\/www.rawoodfoundation.org\\\/\",\"name\":\"Raymond A. Wood Foundation\",\"description\":\"The mission of the RAWF is to provide quality of life support for childhood brain tumor survivors and their families.\",\"publisher\":{\"@id\":\"https:\\\/\\\/www.rawoodfoundation.org\\\/#organization\"},\"potentialAction\":[{\"@type\":\"SearchAction\",\"target\":{\"@type\":\"EntryPoint\",\"urlTemplate\":\"https:\\\/\\\/www.rawoodfoundation.org\\\/?s={search_term_string}\"},\"query-input\":{\"@type\":\"PropertyValueSpecification\",\"valueRequired\":true,\"valueName\":\"search_term_string\"}}],\"inLanguage\":\"fr-FR\"},{\"@type\":\"Organization\",\"@id\":\"https:\\\/\\\/www.rawoodfoundation.org\\\/#organization\",\"name\":\"Raymond A. Wood Foundation\",\"url\":\"https:\\\/\\\/www.rawoodfoundation.org\\\/\",\"logo\":{\"@type\":\"ImageObject\",\"inLanguage\":\"fr-FR\",\"@id\":\"https:\\\/\\\/www.rawoodfoundation.org\\\/#\\\/schema\\\/logo\\\/image\\\/\",\"url\":\"https:\\\/\\\/www.rawoodfoundation.org\\\/wp-content\\\/uploads\\\/2023\\\/07\\\/Raymond-A-Wood-Foundation-logo.webp\",\"contentUrl\":\"https:\\\/\\\/www.rawoodfoundation.org\\\/wp-content\\\/uploads\\\/2023\\\/07\\\/Raymond-A-Wood-Foundation-logo.webp\",\"width\":470,\"height\":128,\"caption\":\"Raymond A. Wood Foundation\"},\"image\":{\"@id\":\"https:\\\/\\\/www.rawoodfoundation.org\\\/#\\\/schema\\\/logo\\\/image\\\/\"},\"sameAs\":[\"https:\\\/\\\/www.facebook.com\\\/rawoodfoundation\",\"https:\\\/\\\/x.com\\\/rawoodfound\"]}]}<\/script>\n<!-- \/ Yoast SEO plugin. -->","yoast_head_json":{"title":"B\u00e9n\u00e9vole \u00e0 Raymond A. Wood","description":"D\u00e9couvrez pourquoi Raymond A. Wood peut vous aider \u00e0 am\u00e9liorer la qualit\u00e9 de vie des survivants d'un craniopharyngiome ou d'une tumeur c\u00e9r\u00e9brale.","robots":{"index":"index","follow":"follow","max-snippet":"max-snippet:-1","max-image-preview":"max-image-preview:large","max-video-preview":"max-video-preview:-1"},"canonical":"https:\/\/www.rawoodfoundation.org\/fr\/volontaire\/","og_locale":"fr_FR","og_type":"article","og_title":"Volunteer at Raymond A. Wood","og_description":"Learn why you can be a good fit with Raymond A. Wood as we help to Improve the Quality of Life for Craniopharyngioma Brain Tumor Survivors.","og_url":"https:\/\/www.rawoodfoundation.org\/fr\/volontaire\/","og_site_name":"Raymond A. Wood Foundation","article_publisher":"https:\/\/www.facebook.com\/rawoodfoundation","article_modified_time":"2025-05-05T19:15:41+00:00","twitter_card":"summary_large_image","twitter_site":"@rawoodfound","twitter_misc":{"Est. reading time":"3 minutes"},"schema":{"@context":"https:\/\/schema.org","@graph":[{"@type":"WebPage","@id":"https:\/\/www.rawoodfoundation.org\/volunteer\/","url":"https:\/\/www.rawoodfoundation.org\/volunteer\/","name":"B\u00e9n\u00e9vole \u00e0 Raymond A. Wood","isPartOf":{"@id":"https:\/\/www.rawoodfoundation.org\/#website"},"datePublished":"2023-05-16T20:56:36+00:00","dateModified":"2025-05-05T19:15:41+00:00","description":"D\u00e9couvrez pourquoi Raymond A. Wood peut vous aider \u00e0 am\u00e9liorer la qualit\u00e9 de vie des survivants d'un craniopharyngiome ou d'une tumeur c\u00e9r\u00e9brale.","breadcrumb":{"@id":"https:\/\/www.rawoodfoundation.org\/volunteer\/#breadcrumb"},"inLanguage":"fr-FR","potentialAction":[{"@type":"ReadAction","target":["https:\/\/www.rawoodfoundation.org\/volunteer\/"]}]},{"@type":"BreadcrumbList","@id":"https:\/\/www.rawoodfoundation.org\/volunteer\/#breadcrumb","itemListElement":[{"@type":"ListItem","position":1,"name":"Home","item":"https:\/\/www.rawoodfoundation.org\/"},{"@type":"ListItem","position":2,"name":"Volunteer"}]},{"@type":"WebSite","@id":"https:\/\/www.rawoodfoundation.org\/#website","url":"https:\/\/www.rawoodfoundation.org\/","name":"Fondation Raymond A. Wood","description":"La mission de la RAWF est d'apporter un soutien \u00e0 la qualit\u00e9 de vie des survivants de tumeurs c\u00e9r\u00e9brales infantiles et de leurs familles.","publisher":{"@id":"https:\/\/www.rawoodfoundation.org\/#organization"},"potentialAction":[{"@type":"SearchAction","target":{"@type":"EntryPoint","urlTemplate":"https:\/\/www.rawoodfoundation.org\/?s={search_term_string}"},"query-input":{"@type":"PropertyValueSpecification","valueRequired":true,"valueName":"search_term_string"}}],"inLanguage":"fr-FR"},{"@type":"Organization","@id":"https:\/\/www.rawoodfoundation.org\/#organization","name":"Fondation Raymond A. Wood","url":"https:\/\/www.rawoodfoundation.org\/","logo":{"@type":"ImageObject","inLanguage":"fr-FR","@id":"https:\/\/www.rawoodfoundation.org\/#\/schema\/logo\/image\/","url":"https:\/\/www.rawoodfoundation.org\/wp-content\/uploads\/2023\/07\/Raymond-A-Wood-Foundation-logo.webp","contentUrl":"https:\/\/www.rawoodfoundation.org\/wp-content\/uploads\/2023\/07\/Raymond-A-Wood-Foundation-logo.webp","width":470,"height":128,"caption":"Raymond A. Wood Foundation"},"image":{"@id":"https:\/\/www.rawoodfoundation.org\/#\/schema\/logo\/image\/"},"sameAs":["https:\/\/www.facebook.com\/rawoodfoundation","https:\/\/x.com\/rawoodfound"]}]}},"_links":{"self":[{"href":"https:\/\/www.rawoodfoundation.org\/fr\/wp-json\/wp\/v2\/pages\/5371","targetHints":{"allow":["GET"]}}],"collection":[{"href":"https:\/\/www.rawoodfoundation.org\/fr\/wp-json\/wp\/v2\/pages"}],"about":[{"href":"https:\/\/www.rawoodfoundation.org\/fr\/wp-json\/wp\/v2\/types\/page"}],"author":[{"embeddable":true,"href":"https:\/\/www.rawoodfoundation.org\/fr\/wp-json\/wp\/v2\/users\/1"}],"replies":[{"embeddable":true,"href":"https:\/\/www.rawoodfoundation.org\/fr\/wp-json\/wp\/v2\/comments?post=5371"}],"version-history":[{"count":11,"href":"https:\/\/www.rawoodfoundation.org\/fr\/wp-json\/wp\/v2\/pages\/5371\/revisions"}],"predecessor-version":[{"id":12974,"href":"https:\/\/www.rawoodfoundation.org\/fr\/wp-json\/wp\/v2\/pages\/5371\/revisions\/12974"}],"wp:attachment":[{"href":"https:\/\/www.rawoodfoundation.org\/fr\/wp-json\/wp\/v2\/media?parent=5371"}],"curies":[{"name":"wp","href":"https:\/\/api.w.org\/{rel}","templated":true}]}}