{"id":5309,"date":"2023-05-16T20:24:04","date_gmt":"2023-05-16T20:24:04","guid":{"rendered":"https:\/\/live-rawf.pantheonsite.io\/?page_id=5309"},"modified":"2023-08-14T19:18:38","modified_gmt":"2023-08-14T19:18:38","slug":"ressources-en-ligne-supplementaires","status":"publish","type":"page","link":"https:\/\/www.rawoodfoundation.org\/fr\/additional-online-resources\/","title":{"rendered":"Ressources suppl\u00e9mentaires en ligne"},"content":{"rendered":"<p>Il existe de nombreuses ressources pour les survivants et les aidants provenant d'autres organisations.<\/p>\n\n\n\n<h3 class=\"wp-block-heading\">Frais m\u00e9dicaux :<\/h3>\n\n\n\n<ul class=\"wp-block-list\">\n<li><a href=\"https:\/\/curethekids.org\/resources\/financial-assistance\/\" target=\"_blank\" rel=\"noreferrer noopener\"><strong>Programme d'aide financi\u00e8re du Fonds Papillon<\/strong><\/a><strong>-<\/strong> Programme d'aide d'urgence destin\u00e9 \u00e0 aider les familles \u00e9ligibles dont l'enfant a \u00e9t\u00e9 diagnostiqu\u00e9 avec une tumeur c\u00e9r\u00e9brale p\u00e9diatrique et qui, de ce fait, connaissent des difficult\u00e9s financi\u00e8res.<\/li>\n\n\n\n<li><a href=\"http:\/\/www.miracleflights.org\/\" target=\"_blank\" rel=\"noreferrer noopener\"><strong>Vols miraculeux<\/strong><\/a>- fournit une aide financi\u00e8re aux enfants \u00e0 faibles revenus pour les voyages en avion commercial afin d'obtenir des soins m\u00e9dicaux sp\u00e9ciaux. Les familles qui remplissent les conditions requises peuvent b\u00e9n\u00e9ficier d'une aide au voyage pour l'enfant patient et jusqu'\u00e0 deux parents ou tuteurs l\u00e9gaux.<\/li>\n\n\n\n<li><a href=\"http:\/\/www.mygooddays.org\/\" target=\"_blank\" rel=\"noreferrer noopener\"><strong>Les bons jours<\/strong><\/a>- est une organisation qui s'efforce d'am\u00e9liorer la sant\u00e9 et la qualit\u00e9 de vie des patients atteints d'une maladie chronique, d'un cancer ou d'autres affections qui bouleversent leur vie. L'organisation peut aider les familles \u00e0 obtenir une aide financi\u00e8re et une aide au voyage.<\/li>\n\n\n\n<li><a href=\"http:\/\/www.healthwellfoundation.org\/\" target=\"_blank\" rel=\"noreferrer noopener\"><strong>Fondation Healthwell<\/strong><\/a>- est une organisation \u00e0 but non lucratif qui se consacre \u00e0 la r\u00e9duction des obstacles financiers aux soins pour les Am\u00e9ricains sous-assur\u00e9s souffrant de maladies chroniques et de maladies qui bouleversent leur vie. En les aidant \u00e0 partager les co\u00fbts, HealthWell offre une bou\u00e9e de sauvetage financi\u00e8re aux adultes et aux enfants qui ont d\u00e9sesp\u00e9r\u00e9ment besoin de traitements m\u00e9dicaux critiques mais qui ne peuvent pas se les offrir.<\/li>\n<\/ul>\n\n\n\n<h3 class=\"wp-block-heading\">Bourses d'\u00e9tudes :<\/h3>\n\n\n\n<ul class=\"wp-block-list\">\n<li><a href=\"https:\/\/everylifefoundation.org\/rare-scholarship\/\" target=\"_blank\" rel=\"noreferrer noopener\"><strong>Fondation Everylife<\/strong><\/a>- #RAREis Scholarship Fund soutiendra la poursuite d'activit\u00e9s d'enrichissement de la vie pour les adultes vivant avec des maladies rares pour une vari\u00e9t\u00e9 de poursuites \u00e9ducatives, y compris des cours de formation et l'obtention de dipl\u00f4mes de deux ou quatre ans. Tous les b\u00e9n\u00e9ficiaires des bourses seront s\u00e9lectionn\u00e9s par un comit\u00e9 d'\u00e9valuation ind\u00e9pendant nomm\u00e9 par la fondation EveryLife.<\/li>\n<\/ul>\n\n\n\n<h3 class=\"wp-block-heading\">Soutien social et \u00e9motionnel :<\/h3>\n\n\n\n<ul class=\"wp-block-list\">\n<li><a href=\"https:\/\/ourodyssey.org\/\" target=\"_blank\" rel=\"noreferrer noopener\"><strong>Notre Odyss\u00e9e<\/strong><\/a>- met en relation de jeunes adultes atteints d'une maladie rare ou chronique avec un soutien social et \u00e9motionnel dans l'espoir d'am\u00e9liorer leur qualit\u00e9 de vie.<\/li>\n<\/ul>\n\n\n\n<h3 class=\"wp-block-heading\">Camps d'\u00e9t\u00e9 :<\/h3>\n\n\n\n<ul class=\"wp-block-list\">\n<li><a href=\"https:\/\/www.campdream.org\/\" target=\"_blank\" rel=\"noreferrer noopener\"><strong>Camp Mak-A-Dream<\/strong><\/a>- a \u00e9t\u00e9 cr\u00e9\u00e9e pour mener \u00e0 bien la mission de la Children's Oncology Camp Foundation, qui consiste \u00e0 offrir aux enfants et aux jeunes adultes atteints d'un cancer un camp Mak-A-Dream sous surveillance m\u00e9dicale et sans frais.<\/li>\n<\/ul>\n\n\n\n<h3 class=\"wp-block-heading\">Organisations de lutte contre les tumeurs c\u00e9r\u00e9brales :<\/h3>\n\n\n\n<ul class=\"wp-block-list\">\n<li><a href=\"http:\/\/www.curethekids.org\/\" target=\"_blank\" rel=\"noreferrer noopener\"><strong>Fondation p\u00e9diatrique des tumeurs c\u00e9r\u00e9brales (PBTF)<\/strong><\/a>- fournit des ressources de soutien aux familles, telles qu'une aide financi\u00e8re, un mentorat de pair \u00e0 pair, des groupes de soutien virtuels, etc.<\/li>\n\n\n\n<li><a href=\"https:\/\/cbtf.org\/\" target=\"_blank\" rel=\"noreferrer noopener\"><strong>Fondation pour les tumeurs c\u00e9r\u00e9brales de l'enfant (CBTF)<\/strong>-<\/a> offre des programmes, des ressources, des bourses et des \u00e9v\u00e9nements pour les patients atteints de tumeurs c\u00e9r\u00e9brales p\u00e9diatriques et leurs familles.<\/li>\n\n\n\n<li><a href=\"https:\/\/www.pnocfoundation.org\/\" target=\"_blank\" rel=\"noreferrer noopener\"><strong>Fondation du consortium de neuro-oncologie p\u00e9diatrique (PNOC)<\/strong><\/a>- a pour mission de collecter des ressources et d'exercer une influence afin de soutenir le Consortium PNOC dans ses efforts pour donner acc\u00e8s \u00e0 des strat\u00e9gies de traitement personnalis\u00e9es et, en fin de compte, am\u00e9liorer les r\u00e9sultats globaux pour les enfants atteints de tumeurs c\u00e9r\u00e9brales.<\/li>\n\n\n\n<li><a href=\"https:\/\/braintumor.org\/\" target=\"_blank\" rel=\"noreferrer noopener\"><strong>Soci\u00e9t\u00e9 nationale des tumeurs c\u00e9r\u00e9brales (SNTC)<\/strong><\/a>- propose des groupes de soutien, des trousses \u00e0 outils pour les patients et les aidants, et des lundis de m\u00e9ditation.<\/li>\n<\/ul>","protected":false},"excerpt":{"rendered":"<p>Il existe une vari\u00e9t\u00e9 de ressources pour les survivants et les aidants provenant d'autres organisations. Frais m\u00e9dicaux : ... <a title=\"Ressources suppl\u00e9mentaires en ligne\" class=\"read-more\" href=\"https:\/\/www.rawoodfoundation.org\/fr\/additional-online-resources\/\" aria-label=\"En savoir plus sur les ressources en ligne suppl\u00e9mentaires\">Lire plus<\/a><\/p>","protected":false},"author":1,"featured_media":0,"parent":0,"menu_order":77,"comment_status":"closed","ping_status":"closed","template":"","meta":{"_acf_changed":false,"footnotes":""},"class_list":{"0":"post-5309","1":"page","2":"type-page","3":"status-publish","5":"no-featured-image-padding"},"acf":[],"yoast_head":"<!-- This site is optimized with the Yoast SEO plugin v27.3 - https:\/\/yoast.com\/product\/yoast-seo-wordpress\/ -->\n<title>Additional Online Resources<\/title>\n<meta name=\"description\" content=\"Find additional resources from the Raymond A. Wood Foundation to help improve the quality of life for Craniopharyngioma Brain Tumor Survivors\" \/>\n<meta name=\"robots\" content=\"index, follow, max-snippet:-1, max-image-preview:large, max-video-preview:-1\" \/>\n<link rel=\"canonical\" href=\"https:\/\/www.rawoodfoundation.org\/fr\/ressources-en-ligne-supplementaires\/\" \/>\n<meta property=\"og:locale\" content=\"fr_FR\" \/>\n<meta property=\"og:type\" content=\"article\" \/>\n<meta property=\"og:title\" content=\"Additional Online Resources\" \/>\n<meta property=\"og:description\" content=\"Find additional resources from the Raymond A. Wood Foundation to help improve the quality of life for Craniopharyngioma Brain Tumor Survivors\" \/>\n<meta property=\"og:url\" content=\"https:\/\/www.rawoodfoundation.org\/fr\/ressources-en-ligne-supplementaires\/\" \/>\n<meta property=\"og:site_name\" content=\"Raymond A. Wood Foundation\" \/>\n<meta property=\"article:publisher\" content=\"https:\/\/www.facebook.com\/rawoodfoundation\" \/>\n<meta property=\"article:modified_time\" content=\"2023-08-14T19:18:38+00:00\" \/>\n<meta name=\"twitter:card\" content=\"summary_large_image\" \/>\n<meta name=\"twitter:site\" content=\"@rawoodfound\" \/>\n<meta name=\"twitter:label1\" content=\"Est. reading time\" \/>\n\t<meta name=\"twitter:data1\" content=\"2 minutes\" \/>\n<script type=\"application\/ld+json\" class=\"yoast-schema-graph\">{\"@context\":\"https:\\\/\\\/schema.org\",\"@graph\":[{\"@type\":\"WebPage\",\"@id\":\"https:\\\/\\\/www.rawoodfoundation.org\\\/additional-online-resources\\\/\",\"url\":\"https:\\\/\\\/www.rawoodfoundation.org\\\/additional-online-resources\\\/\",\"name\":\"Additional Online Resources\",\"isPartOf\":{\"@id\":\"https:\\\/\\\/www.rawoodfoundation.org\\\/#website\"},\"datePublished\":\"2023-05-16T20:24:04+00:00\",\"dateModified\":\"2023-08-14T19:18:38+00:00\",\"description\":\"Find additional resources from the Raymond A. Wood Foundation to help improve the quality of life for Craniopharyngioma Brain Tumor Survivors\",\"breadcrumb\":{\"@id\":\"https:\\\/\\\/www.rawoodfoundation.org\\\/additional-online-resources\\\/#breadcrumb\"},\"inLanguage\":\"fr-FR\",\"potentialAction\":[{\"@type\":\"ReadAction\",\"target\":[\"https:\\\/\\\/www.rawoodfoundation.org\\\/additional-online-resources\\\/\"]}]},{\"@type\":\"BreadcrumbList\",\"@id\":\"https:\\\/\\\/www.rawoodfoundation.org\\\/additional-online-resources\\\/#breadcrumb\",\"itemListElement\":[{\"@type\":\"ListItem\",\"position\":1,\"name\":\"Home\",\"item\":\"https:\\\/\\\/www.rawoodfoundation.org\\\/\"},{\"@type\":\"ListItem\",\"position\":2,\"name\":\"Additional Online Resources\"}]},{\"@type\":\"WebSite\",\"@id\":\"https:\\\/\\\/www.rawoodfoundation.org\\\/#website\",\"url\":\"https:\\\/\\\/www.rawoodfoundation.org\\\/\",\"name\":\"Raymond A. Wood Foundation\",\"description\":\"The mission of the RAWF is to provide quality of life support for childhood brain tumor survivors and their families.\",\"publisher\":{\"@id\":\"https:\\\/\\\/www.rawoodfoundation.org\\\/#organization\"},\"potentialAction\":[{\"@type\":\"SearchAction\",\"target\":{\"@type\":\"EntryPoint\",\"urlTemplate\":\"https:\\\/\\\/www.rawoodfoundation.org\\\/?s={search_term_string}\"},\"query-input\":{\"@type\":\"PropertyValueSpecification\",\"valueRequired\":true,\"valueName\":\"search_term_string\"}}],\"inLanguage\":\"fr-FR\"},{\"@type\":\"Organization\",\"@id\":\"https:\\\/\\\/www.rawoodfoundation.org\\\/#organization\",\"name\":\"Raymond A. Wood Foundation\",\"url\":\"https:\\\/\\\/www.rawoodfoundation.org\\\/\",\"logo\":{\"@type\":\"ImageObject\",\"inLanguage\":\"fr-FR\",\"@id\":\"https:\\\/\\\/www.rawoodfoundation.org\\\/#\\\/schema\\\/logo\\\/image\\\/\",\"url\":\"https:\\\/\\\/www.rawoodfoundation.org\\\/wp-content\\\/uploads\\\/2023\\\/07\\\/Raymond-A-Wood-Foundation-logo.webp\",\"contentUrl\":\"https:\\\/\\\/www.rawoodfoundation.org\\\/wp-content\\\/uploads\\\/2023\\\/07\\\/Raymond-A-Wood-Foundation-logo.webp\",\"width\":470,\"height\":128,\"caption\":\"Raymond A. Wood Foundation\"},\"image\":{\"@id\":\"https:\\\/\\\/www.rawoodfoundation.org\\\/#\\\/schema\\\/logo\\\/image\\\/\"},\"sameAs\":[\"https:\\\/\\\/www.facebook.com\\\/rawoodfoundation\",\"https:\\\/\\\/x.com\\\/rawoodfound\"]}]}<\/script>\n<!-- \/ Yoast SEO plugin. -->","yoast_head_json":{"title":"Ressources suppl\u00e9mentaires en ligne","description":"Trouver des ressources suppl\u00e9mentaires de la Raymond A. Wood Foundation pour aider \u00e0 am\u00e9liorer la qualit\u00e9 de vie des survivants de tumeurs c\u00e9r\u00e9brales craniopharyngiennes.","robots":{"index":"index","follow":"follow","max-snippet":"max-snippet:-1","max-image-preview":"max-image-preview:large","max-video-preview":"max-video-preview:-1"},"canonical":"https:\/\/www.rawoodfoundation.org\/fr\/ressources-en-ligne-supplementaires\/","og_locale":"fr_FR","og_type":"article","og_title":"Additional Online Resources","og_description":"Find additional resources from the Raymond A. Wood Foundation to help improve the quality of life for Craniopharyngioma Brain Tumor Survivors","og_url":"https:\/\/www.rawoodfoundation.org\/fr\/ressources-en-ligne-supplementaires\/","og_site_name":"Raymond A. Wood Foundation","article_publisher":"https:\/\/www.facebook.com\/rawoodfoundation","article_modified_time":"2023-08-14T19:18:38+00:00","twitter_card":"summary_large_image","twitter_site":"@rawoodfound","twitter_misc":{"Est. reading time":"2 minutes"},"schema":{"@context":"https:\/\/schema.org","@graph":[{"@type":"WebPage","@id":"https:\/\/www.rawoodfoundation.org\/additional-online-resources\/","url":"https:\/\/www.rawoodfoundation.org\/additional-online-resources\/","name":"Ressources suppl\u00e9mentaires en ligne","isPartOf":{"@id":"https:\/\/www.rawoodfoundation.org\/#website"},"datePublished":"2023-05-16T20:24:04+00:00","dateModified":"2023-08-14T19:18:38+00:00","description":"Trouver des ressources suppl\u00e9mentaires de la Raymond A. Wood Foundation pour aider \u00e0 am\u00e9liorer la qualit\u00e9 de vie des survivants de tumeurs c\u00e9r\u00e9brales craniopharyngiennes.","breadcrumb":{"@id":"https:\/\/www.rawoodfoundation.org\/additional-online-resources\/#breadcrumb"},"inLanguage":"fr-FR","potentialAction":[{"@type":"ReadAction","target":["https:\/\/www.rawoodfoundation.org\/additional-online-resources\/"]}]},{"@type":"BreadcrumbList","@id":"https:\/\/www.rawoodfoundation.org\/additional-online-resources\/#breadcrumb","itemListElement":[{"@type":"ListItem","position":1,"name":"Home","item":"https:\/\/www.rawoodfoundation.org\/"},{"@type":"ListItem","position":2,"name":"Additional Online Resources"}]},{"@type":"WebSite","@id":"https:\/\/www.rawoodfoundation.org\/#website","url":"https:\/\/www.rawoodfoundation.org\/","name":"Fondation Raymond A. Wood","description":"La mission de la RAWF est d'apporter un soutien \u00e0 la qualit\u00e9 de vie des survivants de tumeurs c\u00e9r\u00e9brales infantiles et de leurs familles.","publisher":{"@id":"https:\/\/www.rawoodfoundation.org\/#organization"},"potentialAction":[{"@type":"SearchAction","target":{"@type":"EntryPoint","urlTemplate":"https:\/\/www.rawoodfoundation.org\/?s={search_term_string}"},"query-input":{"@type":"PropertyValueSpecification","valueRequired":true,"valueName":"search_term_string"}}],"inLanguage":"fr-FR"},{"@type":"Organization","@id":"https:\/\/www.rawoodfoundation.org\/#organization","name":"Fondation Raymond A. Wood","url":"https:\/\/www.rawoodfoundation.org\/","logo":{"@type":"ImageObject","inLanguage":"fr-FR","@id":"https:\/\/www.rawoodfoundation.org\/#\/schema\/logo\/image\/","url":"https:\/\/www.rawoodfoundation.org\/wp-content\/uploads\/2023\/07\/Raymond-A-Wood-Foundation-logo.webp","contentUrl":"https:\/\/www.rawoodfoundation.org\/wp-content\/uploads\/2023\/07\/Raymond-A-Wood-Foundation-logo.webp","width":470,"height":128,"caption":"Raymond A. Wood Foundation"},"image":{"@id":"https:\/\/www.rawoodfoundation.org\/#\/schema\/logo\/image\/"},"sameAs":["https:\/\/www.facebook.com\/rawoodfoundation","https:\/\/x.com\/rawoodfound"]}]}},"_links":{"self":[{"href":"https:\/\/www.rawoodfoundation.org\/fr\/wp-json\/wp\/v2\/pages\/5309","targetHints":{"allow":["GET"]}}],"collection":[{"href":"https:\/\/www.rawoodfoundation.org\/fr\/wp-json\/wp\/v2\/pages"}],"about":[{"href":"https:\/\/www.rawoodfoundation.org\/fr\/wp-json\/wp\/v2\/types\/page"}],"author":[{"embeddable":true,"href":"https:\/\/www.rawoodfoundation.org\/fr\/wp-json\/wp\/v2\/users\/1"}],"replies":[{"embeddable":true,"href":"https:\/\/www.rawoodfoundation.org\/fr\/wp-json\/wp\/v2\/comments?post=5309"}],"version-history":[{"count":10,"href":"https:\/\/www.rawoodfoundation.org\/fr\/wp-json\/wp\/v2\/pages\/5309\/revisions"}],"predecessor-version":[{"id":8233,"href":"https:\/\/www.rawoodfoundation.org\/fr\/wp-json\/wp\/v2\/pages\/5309\/revisions\/8233"}],"wp:attachment":[{"href":"https:\/\/www.rawoodfoundation.org\/fr\/wp-json\/wp\/v2\/media?parent=5309"}],"curies":[{"name":"wp","href":"https:\/\/api.w.org\/{rel}","templated":true}]}}