{"id":5294,"date":"2023-05-16T20:19:07","date_gmt":"2023-05-16T20:19:07","guid":{"rendered":"https:\/\/live-rawf.pantheonsite.io\/?page_id=5294"},"modified":"2023-09-18T17:15:08","modified_gmt":"2023-09-18T17:15:08","slug":"plan-strategique","status":"publish","type":"page","link":"https:\/\/www.rawoodfoundation.org\/fr\/strategic-plan\/","title":{"rendered":"Plan strat\u00e9gique"},"content":{"rendered":"<h2 class=\"wp-block-heading\">Buts et objectifs 2022-2025<\/h2>\n\n\n\n<p>La Fondation Raymond A. Wood vise \u00e0 atteindre les buts et objectifs suivants au cours des trois prochaines ann\u00e9es :<\/p>\n\n\n\n<div style=\"height:30px\" aria-hidden=\"true\" class=\"wp-block-spacer\"><\/div>\n\n\n<div class=\"gb-grid-wrapper gb-grid-wrapper-4265f93b\">\n<div class=\"gb-grid-column gb-grid-column-64a0ece6\"><div class=\"gb-container gb-container-64a0ece6\">\n\n<h3 class=\"wp-block-heading\">Objectif #1 Traitements et r\u00e9sultats<\/h3>\n\n\n\n<p>Faciliter l'\u00e9tablissement d'une norme de soins qui donne la priorit\u00e9 \u00e0 l'optimisation simultan\u00e9e de la survie et de la qualit\u00e9 de vie des patients.<\/p>\n\n<\/div><\/div>\n\n<div class=\"gb-grid-column gb-grid-column-148d6407\"><div class=\"gb-container gb-container-148d6407\">\n\n<p><strong>Objectif #1<\/strong> Collaborer avec la communaut\u00e9 scientifique pour cr\u00e9er une norme de soins interdisciplinaire et \u00e9laborer une matrice de prise de d\u00e9cision en mati\u00e8re de traitement qui donne la priorit\u00e9 \u00e0 l'am\u00e9lioration du pronostic et de la qualit\u00e9 de vie.<\/p>\n\n\n\n<p><strong>Objectif #2<\/strong> Concevoir et cr\u00e9er un registre des patients atteints de craniopharyngiome afin de faire progresser la recherche et le d\u00e9veloppement de m\u00e9dicaments.<\/p>\n\n\n\n<p><strong>Objectif #3<\/strong> Soutenir et contribuer au d\u00e9veloppement des biobanques de craniopharyngiomes existantes afin d'enrichir les donn\u00e9es pour faciliter la recherche sur le traitement des tumeurs et la gestion post-th\u00e9rapeutique.<\/p>\n\n<\/div><\/div>\n<\/div>\n\n\n<hr class=\"wp-block-separator has-text-color has-alpha-channel-opacity has-background\" style=\"background-color:#eeeeee;color:#eeeeee\"\/>\n\n\n<div class=\"gb-grid-wrapper gb-grid-wrapper-8f663374\">\n<div class=\"gb-grid-column gb-grid-column-d80aa87d\"><div class=\"gb-container gb-container-d80aa87d\">\n\n<h3 class=\"wp-block-heading\">Objectif #2 Qualit\u00e9 de vie<\/h3>\n\n\n\n<p>Att\u00e9nuer les conditions les plus insupportables li\u00e9es au traitement qui affectent la mauvaise qualit\u00e9 de vie des survivants de tumeurs hypothalamo-hypophysaires.<\/p>\n\n<\/div><\/div>\n\n<div class=\"gb-grid-column gb-grid-column-55188780\"><div class=\"gb-container gb-container-55188780\">\n\n<p><strong>Objectif #1<\/strong> Poursuivre et d\u00e9velopper les approches de gestion du diab\u00e8te insipide en fournissant des analyseurs sanguins portables, en mettant au point un m\u00e9canisme d'enregistrement des fluides et en encourageant le d\u00e9veloppement d'un compteur de sodium \u00e0 usage domestique pour les patients atteints de diab\u00e8te insipide adipeux.<\/p>\n\n\n\n<p><strong>Objectif #2<\/strong> Documenter l'exp\u00e9rience des patients atteints d'ob\u00e9sit\u00e9 hypothalamique et recueillir d'autres informations pertinentes aupr\u00e8s des patients et des soignants pour un m\u00e9dicament approuv\u00e9 par la FDA.<\/p>\n\n\n\n<p><strong>Objectif #3<\/strong> S'attaquer aux maladies mal comprises et difficiles \u00e0 traiter, notamment les sympt\u00f4mes du syndrome hypothalamique, les sympt\u00f4mes neurocognitifs et les troubles sociaux, en cr\u00e9ant et en coordonnant un r\u00e9seau de partenaires scientifiques interdisciplinaires, de partenaires de l'industrie biotechnologique\/pharmaceutique et d'autres organisations s'occupant de maladies associ\u00e9es.<\/p>\n\n<\/div><\/div>\n<\/div>\n\n\n<hr class=\"wp-block-separator has-text-color has-alpha-channel-opacity has-background\" style=\"background-color:#eeeeee;color:#eeeeee\"\/>\n\n\n<div class=\"gb-grid-wrapper gb-grid-wrapper-f18e55b5\">\n<div class=\"gb-grid-column gb-grid-column-9f628b61\"><div class=\"gb-container gb-container-9f628b61\">\n\n<h3 class=\"wp-block-heading\">Objectif #3 \u00c9ducation et sensibilisation<\/h3>\n\n\n\n<p>Accro\u00eetre le soutien aux patients atteints de tumeurs c\u00e9r\u00e9brales hypothalamo-hypophysaires et \u00e0 leurs soignants tout au long de leur parcours, depuis le diagnostic et le traitement jusqu'\u00e0 la survie.<\/p>\n\n<\/div><\/div>\n\n<div class=\"gb-grid-column gb-grid-column-dd9e11d1\"><div class=\"gb-container gb-container-dd9e11d1\">\n\n<p><strong>Objectif #1<\/strong> Cr\u00e9er et maintenir un site web sur le craniopharyngiome afin de fournir des informations actualis\u00e9es et des ressources essentielles sur le traitement de la tumeur et la gestion des conditions chroniques et des probl\u00e8mes auxquels sont confront\u00e9s les survivants \u00e0 long terme.<\/p>\n\n\n\n<p><strong>Objectif #2<\/strong> Fournir des informations et des ressources \u00e9ducatives accessibles \u00e0 tous les patients, y compris les enfants et les adultes, les non-anglophones, la diaspora africaine et d'autres populations mal desservies lors du diagnostic de la tumeur, du traitement et des points de rencontre apr\u00e8s le traitement.<\/p>\n\n\n\n<p><strong>Objectif #3<\/strong> \u00c9largir le programme d'adh\u00e9sion et l'engagement communautaire en tenant compte de la diversit\u00e9 de la population de patients gr\u00e2ce \u00e0 des ressources destin\u00e9es aux patients nouvellement diagnostiqu\u00e9s, aux transitions entre l'\u00e2ge p\u00e9diatrique et l'\u00e2ge adulte et aux patients adultes.<\/p>\n\n<\/div><\/div>\n<\/div>\n\n\n<hr class=\"wp-block-separator has-text-color has-alpha-channel-opacity has-background\" style=\"background-color:#eeeeee;color:#eeeeee\"\/>\n\n\n<div class=\"gb-grid-wrapper gb-grid-wrapper-93713168\">\n<div class=\"gb-grid-column gb-grid-column-1a92bf82\"><div class=\"gb-container gb-container-1a92bf82\">\n\n<h3 class=\"wp-block-heading\">Objectif #4 Communication et sensibilisation<\/h3>\n\n\n\n<p>Sensibiliser aux d\u00e9fis pos\u00e9s par les tumeurs c\u00e9r\u00e9brales hypothalamo-hypophysaires et d\u00e9velopper des ressources pour la communaut\u00e9 des tumeurs c\u00e9r\u00e9brales, les prestataires de soins de sant\u00e9 et le grand public.<\/p>\n\n<\/div><\/div>\n\n<div class=\"gb-grid-column gb-grid-column-2abc71cf\"><div class=\"gb-container gb-container-2abc71cf\">\n\n<p><strong>Objectif #1<\/strong> Partager des informations et des ressources utiles avec les prestataires de soins de sant\u00e9 dans des zones g\u00e9ographiques cibl\u00e9es afin d'augmenter le nombre d'orientations vers RAWF, en particulier parmi les communaut\u00e9s de patients mal desservies.<\/p>\n\n\n\n<p><strong>Objectif #2<\/strong> \u00c9laborer un plan de communication pour sensibiliser la communaut\u00e9 mondiale des patients aux ressources de soutien fournies par RAWF.<\/p>\n\n\n\n<p><strong>Objectif #3<\/strong> Augmenter le nombre de membres du conseil d'administration et de membres repr\u00e9sentant diverses communaut\u00e9s de patients afin d'accro\u00eetre la port\u00e9e de la fondation.<\/p>\n\n<\/div><\/div>\n<\/div>\n\n\n<hr class=\"wp-block-separator has-text-color has-alpha-channel-opacity has-background\" style=\"background-color:#eeeeee;color:#eeeeee\"\/>\n\n\n<div class=\"gb-grid-wrapper gb-grid-wrapper-290b6df1\">\n<div class=\"gb-grid-column gb-grid-column-c0406d42\"><div class=\"gb-container gb-container-c0406d42\">\n\n<h3 class=\"wp-block-heading\">Objectif #5 D\u00e9veloppement et intendance<\/h3>\n\n\n\n<p>Identifier et poursuivre les strat\u00e9gies les plus prometteuses pour augmenter les revenus afin de soutenir notre mission.<\/p>\n\n<\/div><\/div>\n\n<div class=\"gb-grid-column gb-grid-column-468348d5\"><div class=\"gb-container gb-container-468348d5\">\n\n<p><strong>Objectif #1<\/strong> Investir dans les ressources et les capacit\u00e9s afin d'augmenter de mani\u00e8re significative les revenus en vue de doubler les fonds annuels collect\u00e9s d'ici 2025 et de diversifier notre portefeuille de revenus en mettant l'accent sur les dons importants, en cultivant la collecte de fonds aupr\u00e8s de la communaut\u00e9 et en identifiant et en mettant en \u0153uvre de nouvelles plates-formes de collecte de fonds.<\/p>\n\n\n\n<p><strong>Objectif #2<\/strong> \u00c9laborer et mettre en \u0153uvre un programme d'intendance ax\u00e9 sur l'acquisition, la fid\u00e9lisation et la conversion afin de mettre en place des strat\u00e9gies de dons de niveau interm\u00e9diaire, de dons majeurs et de dons planifi\u00e9s qui se traduisent par des investissements continus et significatifs pour nos donateurs.<\/p>\n\n\n\n<p><strong>Objectif #3<\/strong> D\u00e9velopper et \u00e9largir les relations avec les entreprises, les organisations et les partenaires de l'industrie afin d'accro\u00eetre les parrainages pour la recherche et les programmes destin\u00e9s aux patients.<\/p>\n\n<\/div><\/div>\n<\/div>\n\n\n<hr class=\"wp-block-separator has-alpha-channel-opacity\"\/>\n\n\n\n<figure class=\"wp-block-image size-large\"><img decoding=\"async\" width=\"1024\" height=\"576\" src=\"https:\/\/live-rawf.pantheonsite.io\/wp-content\/uploads\/2023\/08\/sp-1024x576.png\" alt=\"Tableau du plan strat\u00e9gique mettant en \u00e9vidence les objectifs cl\u00e9s\" class=\"wp-image-8113\" srcset=\"https:\/\/www.rawoodfoundation.org\/wp-content\/uploads\/2023\/08\/sp-1024x576.png 1024w, https:\/\/www.rawoodfoundation.org\/wp-content\/uploads\/2023\/08\/sp-300x169.png 300w, https:\/\/www.rawoodfoundation.org\/wp-content\/uploads\/2023\/08\/sp-768x432.png 768w, https:\/\/www.rawoodfoundation.org\/wp-content\/uploads\/2023\/08\/sp-18x10.png 18w, https:\/\/www.rawoodfoundation.org\/wp-content\/uploads\/2023\/08\/sp.png 1280w\" sizes=\"(max-width: 1024px) 100vw, 1024px\" \/><\/figure>\n\n\n\n<p class=\"gb-headline gb-headline-52423adb round-icon\"><span class=\"gb-icon\"><svg aria-hidden=\"true\" role=\"img\" height=\"1em\" width=\"1em\" viewbox=\"0 0 256 512\" xmlns=\"http:\/\/www.w3.org\/2000\/svg\"><path fill=\"currentColor\" d=\"M224.3 273l-136 136c-9.4 9.4-24.6 9.4-33.9 0l-22.6-22.6c-9.4-9.4-9.4-24.6 0-33.9l96.4-96.4-96.4-96.4c-9.4-9.4-9.4-24.6 0-33.9L54.3 103c9.4-9.4 24.6-9.4 33.9 0l136 136c9.5 9.4 9.5 24.6.1 34z\"><\/path><\/svg><\/span><span class=\"gb-headline-text\"><a href=\"https:\/\/live-rawf.pantheonsite.io\/wp-content\/uploads\/2023\/05\/sp.jpg\">T\u00e9l\u00e9charger le plan<\/a><\/span><\/p>\n\n\n\n<hr class=\"wp-block-separator has-alpha-channel-opacity\"\/>","protected":false},"excerpt":{"rendered":"<p>2022-2025 Buts et objectifs La Fondation Raymond A. Wood vise \u00e0 atteindre les objectifs suivants ... <a title=\"Plan strat\u00e9gique\" class=\"read-more\" href=\"https:\/\/www.rawoodfoundation.org\/fr\/strategic-plan\/\" aria-label=\"En savoir plus sur le plan strat\u00e9gique\">Lire plus<\/a><\/p>","protected":false},"author":1,"featured_media":0,"parent":0,"menu_order":82,"comment_status":"closed","ping_status":"closed","template":"","meta":{"_acf_changed":false,"footnotes":""},"class_list":{"0":"post-5294","1":"page","2":"type-page","3":"status-publish","5":"no-featured-image-padding"},"acf":[],"yoast_head":"<!-- This site is optimized with the Yoast SEO plugin v27.3 - https:\/\/yoast.com\/product\/yoast-seo-wordpress\/ -->\n<title>Strategic Plan - Raymond A. Wood Foundation<\/title>\n<meta name=\"description\" content=\"Learn about the strategic plan and goals the Raymond A. Wood Foundation has planned for the next three years.\" \/>\n<meta name=\"robots\" content=\"index, follow, max-snippet:-1, max-image-preview:large, max-video-preview:-1\" \/>\n<link rel=\"canonical\" href=\"https:\/\/www.rawoodfoundation.org\/fr\/plan-strategique\/\" \/>\n<meta property=\"og:locale\" content=\"fr_FR\" \/>\n<meta property=\"og:type\" content=\"article\" \/>\n<meta property=\"og:title\" content=\"Strategic Plan - Raymond A. Wood Foundation\" \/>\n<meta property=\"og:description\" content=\"Learn about the strategic plan and goals the Raymond A. Wood Foundation has planned for the next three years.\" \/>\n<meta property=\"og:url\" content=\"https:\/\/www.rawoodfoundation.org\/fr\/plan-strategique\/\" \/>\n<meta property=\"og:site_name\" content=\"Raymond A. Wood Foundation\" \/>\n<meta property=\"article:publisher\" content=\"https:\/\/www.facebook.com\/rawoodfoundation\" \/>\n<meta property=\"article:modified_time\" content=\"2023-09-18T17:15:08+00:00\" \/>\n<meta property=\"og:image\" content=\"https:\/\/live-rawf.pantheonsite.io\/wp-content\/uploads\/2023\/08\/sp-1024x576.png\" \/>\n<meta name=\"twitter:card\" content=\"summary_large_image\" \/>\n<meta name=\"twitter:site\" content=\"@rawoodfound\" \/>\n<meta name=\"twitter:label1\" content=\"Est. reading time\" \/>\n\t<meta name=\"twitter:data1\" content=\"3 minutes\" \/>\n<script type=\"application\/ld+json\" class=\"yoast-schema-graph\">{\"@context\":\"https:\\\/\\\/schema.org\",\"@graph\":[{\"@type\":\"WebPage\",\"@id\":\"https:\\\/\\\/www.rawoodfoundation.org\\\/strategic-plan\\\/\",\"url\":\"https:\\\/\\\/www.rawoodfoundation.org\\\/strategic-plan\\\/\",\"name\":\"Strategic Plan - Raymond A. Wood Foundation\",\"isPartOf\":{\"@id\":\"https:\\\/\\\/www.rawoodfoundation.org\\\/#website\"},\"primaryImageOfPage\":{\"@id\":\"https:\\\/\\\/www.rawoodfoundation.org\\\/strategic-plan\\\/#primaryimage\"},\"image\":{\"@id\":\"https:\\\/\\\/www.rawoodfoundation.org\\\/strategic-plan\\\/#primaryimage\"},\"thumbnailUrl\":\"https:\\\/\\\/live-rawf.pantheonsite.io\\\/wp-content\\\/uploads\\\/2023\\\/08\\\/sp-1024x576.png\",\"datePublished\":\"2023-05-16T20:19:07+00:00\",\"dateModified\":\"2023-09-18T17:15:08+00:00\",\"description\":\"Learn about the strategic plan and goals the Raymond A. Wood Foundation has planned for the next three years.\",\"breadcrumb\":{\"@id\":\"https:\\\/\\\/www.rawoodfoundation.org\\\/strategic-plan\\\/#breadcrumb\"},\"inLanguage\":\"fr-FR\",\"potentialAction\":[{\"@type\":\"ReadAction\",\"target\":[\"https:\\\/\\\/www.rawoodfoundation.org\\\/strategic-plan\\\/\"]}]},{\"@type\":\"ImageObject\",\"inLanguage\":\"fr-FR\",\"@id\":\"https:\\\/\\\/www.rawoodfoundation.org\\\/strategic-plan\\\/#primaryimage\",\"url\":\"https:\\\/\\\/live-rawf.pantheonsite.io\\\/wp-content\\\/uploads\\\/2023\\\/08\\\/sp-1024x576.png\",\"contentUrl\":\"https:\\\/\\\/live-rawf.pantheonsite.io\\\/wp-content\\\/uploads\\\/2023\\\/08\\\/sp-1024x576.png\"},{\"@type\":\"BreadcrumbList\",\"@id\":\"https:\\\/\\\/www.rawoodfoundation.org\\\/strategic-plan\\\/#breadcrumb\",\"itemListElement\":[{\"@type\":\"ListItem\",\"position\":1,\"name\":\"Home\",\"item\":\"https:\\\/\\\/www.rawoodfoundation.org\\\/\"},{\"@type\":\"ListItem\",\"position\":2,\"name\":\"Strategic Plan\"}]},{\"@type\":\"WebSite\",\"@id\":\"https:\\\/\\\/www.rawoodfoundation.org\\\/#website\",\"url\":\"https:\\\/\\\/www.rawoodfoundation.org\\\/\",\"name\":\"Raymond A. Wood Foundation\",\"description\":\"The mission of the RAWF is to provide quality of life support for childhood brain tumor survivors and their families.\",\"publisher\":{\"@id\":\"https:\\\/\\\/www.rawoodfoundation.org\\\/#organization\"},\"potentialAction\":[{\"@type\":\"SearchAction\",\"target\":{\"@type\":\"EntryPoint\",\"urlTemplate\":\"https:\\\/\\\/www.rawoodfoundation.org\\\/?s={search_term_string}\"},\"query-input\":{\"@type\":\"PropertyValueSpecification\",\"valueRequired\":true,\"valueName\":\"search_term_string\"}}],\"inLanguage\":\"fr-FR\"},{\"@type\":\"Organization\",\"@id\":\"https:\\\/\\\/www.rawoodfoundation.org\\\/#organization\",\"name\":\"Raymond A. Wood Foundation\",\"url\":\"https:\\\/\\\/www.rawoodfoundation.org\\\/\",\"logo\":{\"@type\":\"ImageObject\",\"inLanguage\":\"fr-FR\",\"@id\":\"https:\\\/\\\/www.rawoodfoundation.org\\\/#\\\/schema\\\/logo\\\/image\\\/\",\"url\":\"https:\\\/\\\/www.rawoodfoundation.org\\\/wp-content\\\/uploads\\\/2023\\\/07\\\/Raymond-A-Wood-Foundation-logo.webp\",\"contentUrl\":\"https:\\\/\\\/www.rawoodfoundation.org\\\/wp-content\\\/uploads\\\/2023\\\/07\\\/Raymond-A-Wood-Foundation-logo.webp\",\"width\":470,\"height\":128,\"caption\":\"Raymond A. Wood Foundation\"},\"image\":{\"@id\":\"https:\\\/\\\/www.rawoodfoundation.org\\\/#\\\/schema\\\/logo\\\/image\\\/\"},\"sameAs\":[\"https:\\\/\\\/www.facebook.com\\\/rawoodfoundation\",\"https:\\\/\\\/x.com\\\/rawoodfound\"]}]}<\/script>\n<!-- \/ Yoast SEO plugin. -->","yoast_head_json":{"title":"Plan strat\u00e9gique - Fondation Raymond A. Wood","description":"D\u00e9couvrez le plan strat\u00e9gique et les objectifs de la Fondation Raymond A. Wood pour les trois prochaines ann\u00e9es.","robots":{"index":"index","follow":"follow","max-snippet":"max-snippet:-1","max-image-preview":"max-image-preview:large","max-video-preview":"max-video-preview:-1"},"canonical":"https:\/\/www.rawoodfoundation.org\/fr\/plan-strategique\/","og_locale":"fr_FR","og_type":"article","og_title":"Strategic Plan - Raymond A. Wood Foundation","og_description":"Learn about the strategic plan and goals the Raymond A. Wood Foundation has planned for the next three years.","og_url":"https:\/\/www.rawoodfoundation.org\/fr\/plan-strategique\/","og_site_name":"Raymond A. Wood Foundation","article_publisher":"https:\/\/www.facebook.com\/rawoodfoundation","article_modified_time":"2023-09-18T17:15:08+00:00","og_image":[{"url":"https:\/\/live-rawf.pantheonsite.io\/wp-content\/uploads\/2023\/08\/sp-1024x576.png","type":"","width":"","height":""}],"twitter_card":"summary_large_image","twitter_site":"@rawoodfound","twitter_misc":{"Est. reading time":"3 minutes"},"schema":{"@context":"https:\/\/schema.org","@graph":[{"@type":"WebPage","@id":"https:\/\/www.rawoodfoundation.org\/strategic-plan\/","url":"https:\/\/www.rawoodfoundation.org\/strategic-plan\/","name":"Plan strat\u00e9gique - Fondation Raymond A. Wood","isPartOf":{"@id":"https:\/\/www.rawoodfoundation.org\/#website"},"primaryImageOfPage":{"@id":"https:\/\/www.rawoodfoundation.org\/strategic-plan\/#primaryimage"},"image":{"@id":"https:\/\/www.rawoodfoundation.org\/strategic-plan\/#primaryimage"},"thumbnailUrl":"https:\/\/live-rawf.pantheonsite.io\/wp-content\/uploads\/2023\/08\/sp-1024x576.png","datePublished":"2023-05-16T20:19:07+00:00","dateModified":"2023-09-18T17:15:08+00:00","description":"D\u00e9couvrez le plan strat\u00e9gique et les objectifs de la Fondation Raymond A. Wood pour les trois prochaines ann\u00e9es.","breadcrumb":{"@id":"https:\/\/www.rawoodfoundation.org\/strategic-plan\/#breadcrumb"},"inLanguage":"fr-FR","potentialAction":[{"@type":"ReadAction","target":["https:\/\/www.rawoodfoundation.org\/strategic-plan\/"]}]},{"@type":"ImageObject","inLanguage":"fr-FR","@id":"https:\/\/www.rawoodfoundation.org\/strategic-plan\/#primaryimage","url":"https:\/\/live-rawf.pantheonsite.io\/wp-content\/uploads\/2023\/08\/sp-1024x576.png","contentUrl":"https:\/\/live-rawf.pantheonsite.io\/wp-content\/uploads\/2023\/08\/sp-1024x576.png"},{"@type":"BreadcrumbList","@id":"https:\/\/www.rawoodfoundation.org\/strategic-plan\/#breadcrumb","itemListElement":[{"@type":"ListItem","position":1,"name":"Home","item":"https:\/\/www.rawoodfoundation.org\/"},{"@type":"ListItem","position":2,"name":"Strategic Plan"}]},{"@type":"WebSite","@id":"https:\/\/www.rawoodfoundation.org\/#website","url":"https:\/\/www.rawoodfoundation.org\/","name":"Fondation Raymond A. Wood","description":"La mission de la RAWF est d'apporter un soutien \u00e0 la qualit\u00e9 de vie des survivants de tumeurs c\u00e9r\u00e9brales infantiles et de leurs familles.","publisher":{"@id":"https:\/\/www.rawoodfoundation.org\/#organization"},"potentialAction":[{"@type":"SearchAction","target":{"@type":"EntryPoint","urlTemplate":"https:\/\/www.rawoodfoundation.org\/?s={search_term_string}"},"query-input":{"@type":"PropertyValueSpecification","valueRequired":true,"valueName":"search_term_string"}}],"inLanguage":"fr-FR"},{"@type":"Organization","@id":"https:\/\/www.rawoodfoundation.org\/#organization","name":"Fondation Raymond A. Wood","url":"https:\/\/www.rawoodfoundation.org\/","logo":{"@type":"ImageObject","inLanguage":"fr-FR","@id":"https:\/\/www.rawoodfoundation.org\/#\/schema\/logo\/image\/","url":"https:\/\/www.rawoodfoundation.org\/wp-content\/uploads\/2023\/07\/Raymond-A-Wood-Foundation-logo.webp","contentUrl":"https:\/\/www.rawoodfoundation.org\/wp-content\/uploads\/2023\/07\/Raymond-A-Wood-Foundation-logo.webp","width":470,"height":128,"caption":"Raymond A. Wood Foundation"},"image":{"@id":"https:\/\/www.rawoodfoundation.org\/#\/schema\/logo\/image\/"},"sameAs":["https:\/\/www.facebook.com\/rawoodfoundation","https:\/\/x.com\/rawoodfound"]}]}},"_links":{"self":[{"href":"https:\/\/www.rawoodfoundation.org\/fr\/wp-json\/wp\/v2\/pages\/5294","targetHints":{"allow":["GET"]}}],"collection":[{"href":"https:\/\/www.rawoodfoundation.org\/fr\/wp-json\/wp\/v2\/pages"}],"about":[{"href":"https:\/\/www.rawoodfoundation.org\/fr\/wp-json\/wp\/v2\/types\/page"}],"author":[{"embeddable":true,"href":"https:\/\/www.rawoodfoundation.org\/fr\/wp-json\/wp\/v2\/users\/1"}],"replies":[{"embeddable":true,"href":"https:\/\/www.rawoodfoundation.org\/fr\/wp-json\/wp\/v2\/comments?post=5294"}],"version-history":[{"count":9,"href":"https:\/\/www.rawoodfoundation.org\/fr\/wp-json\/wp\/v2\/pages\/5294\/revisions"}],"predecessor-version":[{"id":8163,"href":"https:\/\/www.rawoodfoundation.org\/fr\/wp-json\/wp\/v2\/pages\/5294\/revisions\/8163"}],"wp:attachment":[{"href":"https:\/\/www.rawoodfoundation.org\/fr\/wp-json\/wp\/v2\/media?parent=5294"}],"curies":[{"name":"wp","href":"https:\/\/api.w.org\/{rel}","templated":true}]}}