{"id":5282,"date":"2023-05-16T20:11:51","date_gmt":"2023-05-16T20:11:51","guid":{"rendered":"https:\/\/live-rawf.pantheonsite.io\/?page_id=5282"},"modified":"2025-05-05T18:05:26","modified_gmt":"2025-05-05T18:05:26","slug":"offres-demploi","status":"publish","type":"page","link":"https:\/\/www.rawoodfoundation.org\/fr\/job-openings\/","title":{"rendered":"Offres d'emploi"},"content":{"rendered":"<div class=\"wp-block-columns is-layout-flex wp-container-core-columns-is-layout-9d6595d7 wp-block-columns-is-layout-flex\">\n<div class=\"wp-block-column is-layout-flow wp-block-column-is-layout-flow\" style=\"flex-basis:75%\"><div class=\"gb-container gb-container-ad1b3d16\">\n\n<h2 class=\"wp-block-heading has-base-2-color has-text-color has-x-large-font-size\" id=\"block-b6ade3dc-d449-4819-85d9-35f64cda9cb9\">Pourquoi travailler avec Raymond A.<br>Fondation Wood<\/h2>\n\n<\/div><\/div>\n\n\n\n<div class=\"wp-block-column hide-on-mobile is-layout-flow wp-block-column-is-layout-flow\" style=\"flex-basis:25%\"><\/div>\n<\/div>\n\n\n<div class=\"gb-container gb-container-acbffcb7 dark-cta alignfull\">\n<div class=\"gb-container gb-container-f97cffcd\">\n\n<p class=\"has-primary-text-color has-text-color has-link-color wp-elements-85aea9f737b33062f43feb25d0a33e43\">Les&nbsp;<a href=\"https:\/\/www.rawoodfoundation.org\/fr\/\">Fondation Raymond A. Wood<\/a>&nbsp;(RAWF) est une organisation \u00e0 but non lucratif en plein essor qui s'efforce d'am\u00e9liorer la vie des patients atteints de tumeurs c\u00e9r\u00e9brales hypothalamiques. Beaucoup de ces patients - enfants et adultes - survivent \u00e0 ces tumeurs mais souffrent de probl\u00e8mes m\u00e9dicaux et cognitifs \u00e0 long terme qui nuisent gravement \u00e0 leur qualit\u00e9 de vie et \u00e0 celle des personnes qui s'occupent d'eux. La mission de la RAWF est de d\u00e9fendre les int\u00e9r\u00eats des survivants des tumeurs c\u00e9r\u00e9brales et de leurs soignants par le biais de recherches innovantes, d'initiatives \u00e9ducatives et de syst\u00e8mes de soutien. Non seulement ce travail a un impact direct sur la vie de la communaut\u00e9 des personnes atteintes de tumeurs c\u00e9r\u00e9brales que nous servons, mais les d\u00e9couvertes et les progr\u00e8s de la recherche qui y sont associ\u00e9s ont des effets d'entra\u00eenement sur l'\u00e9cosyst\u00e8me plus large de la recherche sur les tumeurs c\u00e9r\u00e9brales, l'ob\u00e9sit\u00e9, les probl\u00e8mes endocriniens et bien d'autres choses encore.&nbsp;<\/p>\n\n\n\n<p>Nous jouons un r\u00f4le essentiel en soutenant les personnes et les familles touch\u00e9es par ces tumeurs, qui sont souvent caract\u00e9ris\u00e9es par une recherche limit\u00e9e, peu d'options th\u00e9rapeutiques et un manque de sensibilisation. Travailler avec une organisation de d\u00e9fense des patients atteints de maladies rares comme RAWF peut \u00eatre incroyablement significatif et avoir un impact pour toute une s\u00e9rie de raisons :<\/p>\n\n\n\n<ol class=\"wp-block-list\">\n<li><strong>Faire la diff\u00e9rence :<\/strong> Travailler avec une RAWF vous permet d'avoir un impact direct sur la vie d'individus confront\u00e9s \u00e0 des d\u00e9fis uniques. Vos efforts peuvent contribuer \u00e0 la sensibilisation, \u00e0 l'am\u00e9lioration de l'acc\u00e8s aux soins et \u00e0 la promotion de l'am\u00e9lioration de la recherche et des options th\u00e9rapeutiques.<\/li>\n\n\n\n<li><strong>L'\u00e9panouissement personnel :<\/strong> Aider les personnes et les familles touch\u00e9es par ces tumeurs peut apporter un profond sentiment d'accomplissement personnel. Votre travail peut conduire \u00e0 des am\u00e9liorations tangibles de la qualit\u00e9 de vie des personnes atteintes de ces maladies.<\/li>\n\n\n\n<li><strong>Plaidoyer et sensibilisation :<\/strong> Les maladies rares font souvent l'objet d'une attention et d'un financement limit\u00e9s par rapport aux maladies plus courantes. En travaillant avec une organisation de d\u00e9fense des droits comme RAWF, vous pouvez sensibiliser \u00e0 ces maladies, \u00e9duquer le public et plaider en faveur d'un financement accru de la recherche.<\/li>\n\n\n\n<li><strong>B\u00e2timent communautaire :<\/strong> La RAWF s'efforce de cr\u00e9er un sentiment de communaut\u00e9 parmi les personnes et les familles qui pourraient autrement se sentir isol\u00e9es en raison de la raret\u00e9 de cette tumeur et des conditions auxquelles les patients sont confront\u00e9s. Vous pouvez contribuer \u00e0 cr\u00e9er un r\u00e9seau de soutien o\u00f9 les gens peuvent partager leurs exp\u00e9riences, trouver des ressources et s'apporter un soutien \u00e9motionnel.<\/li>\n\n\n\n<li><strong>Collaboration :<\/strong> La collaboration avec les professionnels de la sant\u00e9, les chercheurs, les entreprises pharmaceutiques et les d\u00e9cideurs politiques est souvent essentielle pour faire avancer la recherche sur les maladies rares et les options th\u00e9rapeutiques. En travaillant avec la RAWF, vous pouvez contribuer \u00e0 faciliter ces collaborations et \u00e0 faire avancer les choses.<\/li>\n\n\n\n<li><strong>D\u00e9veloppement des comp\u00e9tences :<\/strong> Nous offrons des possibilit\u00e9s de d\u00e9veloppement des comp\u00e9tences dans des domaines tels que l'engagement communautaire, la collecte de fonds, la planification d'\u00e9v\u00e9nements, les relations publiques et la d\u00e9fense des droits. Ces comp\u00e9tences peuvent s'av\u00e9rer pr\u00e9cieuses dans divers contextes professionnels.<\/li>\n\n\n\n<li><strong>L'innovation :<\/strong> Comme les maladies rares ne font souvent pas l'objet de protocoles de traitement \u00e9tablis, il y a place pour l'innovation et la r\u00e9solution cr\u00e9ative des probl\u00e8mes. Vos contributions pourraient permettre de d\u00e9velopper de nouvelles approches en mati\u00e8re de diagnostic, de traitement et de soutien.<\/li>\n\n\n\n<li><strong>Impact sur la politique :<\/strong> Les organisations de d\u00e9fense des droits jouent un r\u00f4le crucial dans l'\u00e9laboration des politiques de sant\u00e9 li\u00e9es aux maladies rares. Vous pouvez participer aux efforts visant \u00e0 influencer les politiques qui am\u00e9liorent l'acc\u00e8s aux traitements, augmentent le financement de la recherche et am\u00e9liorent les soins aux patients.<\/li>\n\n\n\n<li><strong>Sensibilisation \u00e0 l'\u00e9ducation :<\/strong> Ces tumeurs c\u00e9r\u00e9brales et les affections qu'elles provoquent sont complexes et mal comprises. Travailler avec une organisation de d\u00e9fense des droits vous permet d'informer les professionnels de la sant\u00e9, les chercheurs et le grand public sur ces maladies, ce qui permet de poser des diagnostics plus pr\u00e9cis et d'am\u00e9liorer les soins.<\/li>\n\n\n\n<li><strong>Relations durables :<\/strong> Les liens que vous \u00e9tablirez avec les personnes et les familles touch\u00e9es par ces tumeurs c\u00e9r\u00e9brales peuvent \u00eatre incroyablement significatifs. Vous aurez l'occasion de nouer des relations durables et de constater de visu l'impact positif de votre travail.<\/li>\n<\/ol>\n\n\n\n<p>Dans l'ensemble, travailler avec une organisation de d\u00e9fense des patients atteints de maladies rares comme la Fondation Raymond A. Wood offre une chance unique de contribuer \u00e0 une cause \u00e0 la fois gratifiante et essentielle. Elle vous permet de faire partie d'une communaut\u00e9 d\u00e9vou\u00e9e qui s'efforce d'am\u00e9liorer la vie des personnes confront\u00e9es \u00e0 d'immenses d\u00e9fis et d'apporter des changements positifs \u00e0 plus grande \u00e9chelle.<\/p>\n\n\n\n<p><em>La Fondation Raymond A. Wood est un employeur qui souscrit au principe de l'\u00e9galit\u00e9 des chances. Nous ne faisons pas et ne ferons pas de discrimination en mati\u00e8re d'emploi, de recrutement, de participation au conseil d'administration, d'annonces d'emploi, de r\u00e9mun\u00e9ration, de licenciement, d'avancement, de promotion et d'autres conditions d'emploi \u00e0 l'encontre d'un employ\u00e9 ou d'un candidat \u00e0 l'emploi sur la base de la race, de la couleur, de la religion (croyance), du sexe, de l'expression du sexe, de l'\u00e2ge, de l'origine nationale (ascendance), du handicap, de l'\u00e9tat matrimonial, de l'orientation sexuelle ou du statut militaire, ou pour toute autre raison discriminatoire.<\/em><\/p>\n\n\n\n<div style=\"height:46px\" aria-hidden=\"true\" class=\"wp-block-spacer\"><\/div>\n\n\n\n<h3 class=\"wp-block-heading\">Valeurs fondamentales et principes directeurs<\/h3>\n\n\n<div class=\"gb-container gb-container-b20a1715\">\n\n<div class=\"wp-block-columns is-layout-flex wp-container-core-columns-is-layout-9d6595d7 wp-block-columns-is-layout-flex\">\n<div class=\"wp-block-column is-layout-flow wp-block-column-is-layout-flow\"><div class=\"gb-container gb-container-1887d583 box-shadow\">\n\n<h4 class=\"wp-block-heading\">Cr\u00e9ativit\u00e9 et innovation<\/h4>\n\n\n\n<p>Rechercher de nouvelles approches pour cr\u00e9er des solutions ou am\u00e9liorer les syst\u00e8mes afin de mieux servir la communaut\u00e9.<\/p>\n\n<\/div><\/div>\n\n\n\n<div class=\"wp-block-column is-layout-flow wp-block-column-is-layout-flow\"><div class=\"gb-container gb-container-24664d99\">\n\n<h4 class=\"wp-block-heading\">Int\u00e9grit\u00e9 et transparence<\/h4>\n\n\n\n<p>Inspirer la confiance par une communication ouverte en interne et en externe.&nbsp;<\/p>\n\n<\/div><\/div>\n<\/div>\n\n\n\n<div class=\"wp-block-columns is-layout-flex wp-container-core-columns-is-layout-9d6595d7 wp-block-columns-is-layout-flex\">\n<div class=\"wp-block-column is-layout-flow wp-block-column-is-layout-flow\"><div class=\"gb-container gb-container-99966604\">\n\n<h4 class=\"wp-block-heading\">Empathie, attention et compassion<\/h4>\n\n\n\n<p>Il s'agit toujours de comprendre les d\u00e9fis auxquels tous les membres de la communaut\u00e9 sont confront\u00e9s.<\/p>\n\n<\/div><\/div>\n\n\n\n<div class=\"wp-block-column is-layout-flow wp-block-column-is-layout-flow\"><div class=\"gb-container gb-container-25550869\">\n\n<h4 class=\"wp-block-heading\">\u00c9thique et confidentialit\u00e9<\/h4>\n\n\n\n<p>Garder confidentielles toutes les informations relatives aux patients, aux survivants, aux soignants et aux professionnels de la sant\u00e9.<\/p>\n\n<\/div><\/div>\n<\/div>\n\n<\/div>\n<\/div>\n<\/div>\n\n\n<div style=\"height:46px\" aria-hidden=\"true\" class=\"wp-block-spacer\"><\/div>\n\n\n<div class=\"gb-container gb-container-b0faa0a2\">\n\n<div class=\"wp-block-columns is-layout-flex wp-container-core-columns-is-layout-9d6595d7 wp-block-columns-is-layout-flex\">\n<div class=\"wp-block-column is-layout-flow wp-block-column-is-layout-flow\" style=\"flex-basis:33.33%\"><div class=\"gb-container gb-container-254db55e\">\n\n<figure class=\"wp-block-image size-full\"><img decoding=\"async\" width=\"385\" height=\"257\" src=\"https:\/\/live-rawf.pantheonsite.io\/wp-content\/uploads\/2023\/05\/image-28.jpg\" alt=\"\" class=\"wp-image-5979\" srcset=\"https:\/\/www.rawoodfoundation.org\/wp-content\/uploads\/2023\/05\/image-28.jpg 385w, https:\/\/www.rawoodfoundation.org\/wp-content\/uploads\/2023\/05\/image-28-300x200.jpg 300w, https:\/\/www.rawoodfoundation.org\/wp-content\/uploads\/2023\/05\/image-28-18x12.jpg 18w\" sizes=\"(max-width: 385px) 100vw, 385px\" \/><\/figure>\n\n<\/div><\/div>\n\n\n\n<div class=\"wp-block-column is-layout-flow wp-block-column-is-layout-flow\" style=\"flex-basis:66.66%\"><div class=\"gb-container gb-container-2c4590e8\">\n\n<h3 class=\"gb-headline gb-headline-094bad58 gb-headline-text\">Devenez b\u00e9n\u00e9vole<\/h3>\n\n\n\n<p class=\"gb-headline gb-headline-33254764 gb-headline-text\">Nous sommes toujours \u00e0 la recherche de b\u00e9n\u00e9voles et le b\u00e9n\u00e9volat est une exp\u00e9rience incroyablement gratifiante. Vous pouvez faire une r\u00e9elle diff\u00e9rence dans la vie des personnes que vous servez, tout en vous enrichissant vous-m\u00eame. Nos b\u00e9n\u00e9voles acqui\u00e8rent des comp\u00e9tences pr\u00e9cieuses telles que la communication, la r\u00e9solution de probl\u00e8mes et le leadership.<\/p>\n\n\n\n<p class=\"gb-headline gb-headline-52423adb round-icon\"><span class=\"gb-icon\"><svg aria-hidden=\"true\" role=\"img\" height=\"1em\" width=\"1em\" viewbox=\"0 0 256 512\" xmlns=\"http:\/\/www.w3.org\/2000\/svg\"><path fill=\"currentColor\" d=\"M224.3 273l-136 136c-9.4 9.4-24.6 9.4-33.9 0l-22.6-22.6c-9.4-9.4-9.4-24.6 0-33.9l96.4-96.4-96.4-96.4c-9.4-9.4-9.4-24.6 0-33.9L54.3 103c9.4-9.4 24.6-9.4 33.9 0l136 136c9.5 9.4 9.5 24.6.1 34z\"><\/path><\/svg><\/span><span class=\"gb-headline-text\"><a href=\"https:\/\/live-rawf.pantheonsite.io\/volunteer\/\">Devenir b\u00e9n\u00e9vole<\/a><\/span><\/p>\n\n<\/div><\/div>\n\n\n\n<div class=\"wp-block-column is-layout-flow wp-block-column-is-layout-flow\"><\/div>\n<\/div>\n\n<\/div>","protected":false},"excerpt":{"rendered":"<p>Pourquoi travailler avec la Raymond A.Wood Foundation La Raymond A. Wood Foundation (RAWF) est une organisation \u00e0 but non lucratif en pleine croissance ... <a title=\"Offres d&#039;emploi\" class=\"read-more\" href=\"https:\/\/www.rawoodfoundation.org\/fr\/job-openings\/\" aria-label=\"En savoir plus sur les offres d&#039;emploi\">Lire plus<\/a><\/p>","protected":false},"author":1,"featured_media":0,"parent":0,"menu_order":85,"comment_status":"closed","ping_status":"closed","template":"","meta":{"_acf_changed":false,"footnotes":""},"class_list":{"0":"post-5282","1":"page","2":"type-page","3":"status-publish","5":"no-featured-image-padding"},"acf":[],"yoast_head":"<!-- This site is optimized with the Yoast SEO plugin v27.3 - https:\/\/yoast.com\/product\/yoast-seo-wordpress\/ -->\n<title>Job Openings - Raymond A. Wood Foundation<\/title>\n<meta name=\"description\" content=\"Interesting in working with Raymond A. Wood? Learn about the latest job openings we have and how you can apply.\" \/>\n<meta name=\"robots\" content=\"index, follow, max-snippet:-1, max-image-preview:large, max-video-preview:-1\" \/>\n<link rel=\"canonical\" href=\"https:\/\/www.rawoodfoundation.org\/fr\/offres-demploi\/\" \/>\n<meta property=\"og:locale\" content=\"fr_FR\" \/>\n<meta property=\"og:type\" content=\"article\" \/>\n<meta property=\"og:title\" content=\"Job Openings - Raymond A. Wood Foundation\" \/>\n<meta property=\"og:description\" content=\"Interesting in working with Raymond A. Wood? Learn about the latest job openings we have and how you can apply.\" \/>\n<meta property=\"og:url\" content=\"https:\/\/www.rawoodfoundation.org\/fr\/offres-demploi\/\" \/>\n<meta property=\"og:site_name\" content=\"Raymond A. Wood Foundation\" \/>\n<meta property=\"article:publisher\" content=\"https:\/\/www.facebook.com\/rawoodfoundation\" \/>\n<meta property=\"article:modified_time\" content=\"2025-05-05T18:05:26+00:00\" \/>\n<meta property=\"og:image\" content=\"https:\/\/live-rawf.pantheonsite.io\/wp-content\/uploads\/2023\/05\/image-28.jpg\" \/>\n<meta name=\"twitter:card\" content=\"summary_large_image\" \/>\n<meta name=\"twitter:site\" content=\"@rawoodfound\" \/>\n<meta name=\"twitter:label1\" content=\"Est. reading time\" \/>\n\t<meta name=\"twitter:data1\" content=\"4 minutes\" \/>\n<script type=\"application\/ld+json\" class=\"yoast-schema-graph\">{\"@context\":\"https:\\\/\\\/schema.org\",\"@graph\":[{\"@type\":\"WebPage\",\"@id\":\"https:\\\/\\\/www.rawoodfoundation.org\\\/job-openings\\\/\",\"url\":\"https:\\\/\\\/www.rawoodfoundation.org\\\/job-openings\\\/\",\"name\":\"Job Openings - Raymond A. Wood Foundation\",\"isPartOf\":{\"@id\":\"https:\\\/\\\/www.rawoodfoundation.org\\\/#website\"},\"primaryImageOfPage\":{\"@id\":\"https:\\\/\\\/www.rawoodfoundation.org\\\/job-openings\\\/#primaryimage\"},\"image\":{\"@id\":\"https:\\\/\\\/www.rawoodfoundation.org\\\/job-openings\\\/#primaryimage\"},\"thumbnailUrl\":\"https:\\\/\\\/live-rawf.pantheonsite.io\\\/wp-content\\\/uploads\\\/2023\\\/05\\\/image-28.jpg\",\"datePublished\":\"2023-05-16T20:11:51+00:00\",\"dateModified\":\"2025-05-05T18:05:26+00:00\",\"description\":\"Interesting in working with Raymond A. Wood? Learn about the latest job openings we have and how you can apply.\",\"breadcrumb\":{\"@id\":\"https:\\\/\\\/www.rawoodfoundation.org\\\/job-openings\\\/#breadcrumb\"},\"inLanguage\":\"fr-FR\",\"potentialAction\":[{\"@type\":\"ReadAction\",\"target\":[\"https:\\\/\\\/www.rawoodfoundation.org\\\/job-openings\\\/\"]}]},{\"@type\":\"ImageObject\",\"inLanguage\":\"fr-FR\",\"@id\":\"https:\\\/\\\/www.rawoodfoundation.org\\\/job-openings\\\/#primaryimage\",\"url\":\"https:\\\/\\\/live-rawf.pantheonsite.io\\\/wp-content\\\/uploads\\\/2023\\\/05\\\/image-28.jpg\",\"contentUrl\":\"https:\\\/\\\/live-rawf.pantheonsite.io\\\/wp-content\\\/uploads\\\/2023\\\/05\\\/image-28.jpg\"},{\"@type\":\"BreadcrumbList\",\"@id\":\"https:\\\/\\\/www.rawoodfoundation.org\\\/job-openings\\\/#breadcrumb\",\"itemListElement\":[{\"@type\":\"ListItem\",\"position\":1,\"name\":\"Home\",\"item\":\"https:\\\/\\\/www.rawoodfoundation.org\\\/\"},{\"@type\":\"ListItem\",\"position\":2,\"name\":\"Job Openings\"}]},{\"@type\":\"WebSite\",\"@id\":\"https:\\\/\\\/www.rawoodfoundation.org\\\/#website\",\"url\":\"https:\\\/\\\/www.rawoodfoundation.org\\\/\",\"name\":\"Raymond A. Wood Foundation\",\"description\":\"The mission of the RAWF is to provide quality of life support for childhood brain tumor survivors and their families.\",\"publisher\":{\"@id\":\"https:\\\/\\\/www.rawoodfoundation.org\\\/#organization\"},\"potentialAction\":[{\"@type\":\"SearchAction\",\"target\":{\"@type\":\"EntryPoint\",\"urlTemplate\":\"https:\\\/\\\/www.rawoodfoundation.org\\\/?s={search_term_string}\"},\"query-input\":{\"@type\":\"PropertyValueSpecification\",\"valueRequired\":true,\"valueName\":\"search_term_string\"}}],\"inLanguage\":\"fr-FR\"},{\"@type\":\"Organization\",\"@id\":\"https:\\\/\\\/www.rawoodfoundation.org\\\/#organization\",\"name\":\"Raymond A. Wood Foundation\",\"url\":\"https:\\\/\\\/www.rawoodfoundation.org\\\/\",\"logo\":{\"@type\":\"ImageObject\",\"inLanguage\":\"fr-FR\",\"@id\":\"https:\\\/\\\/www.rawoodfoundation.org\\\/#\\\/schema\\\/logo\\\/image\\\/\",\"url\":\"https:\\\/\\\/www.rawoodfoundation.org\\\/wp-content\\\/uploads\\\/2023\\\/07\\\/Raymond-A-Wood-Foundation-logo.webp\",\"contentUrl\":\"https:\\\/\\\/www.rawoodfoundation.org\\\/wp-content\\\/uploads\\\/2023\\\/07\\\/Raymond-A-Wood-Foundation-logo.webp\",\"width\":470,\"height\":128,\"caption\":\"Raymond A. Wood Foundation\"},\"image\":{\"@id\":\"https:\\\/\\\/www.rawoodfoundation.org\\\/#\\\/schema\\\/logo\\\/image\\\/\"},\"sameAs\":[\"https:\\\/\\\/www.facebook.com\\\/rawoodfoundation\",\"https:\\\/\\\/x.com\\\/rawoodfound\"]}]}<\/script>\n<!-- \/ Yoast SEO plugin. -->","yoast_head_json":{"title":"Offres d'emploi - Raymond A. Wood Foundation","description":"Vous souhaitez travailler avec Raymond A. Wood ? D\u00e9couvrez les derni\u00e8res offres d'emploi que nous avons et comment vous pouvez postuler.","robots":{"index":"index","follow":"follow","max-snippet":"max-snippet:-1","max-image-preview":"max-image-preview:large","max-video-preview":"max-video-preview:-1"},"canonical":"https:\/\/www.rawoodfoundation.org\/fr\/offres-demploi\/","og_locale":"fr_FR","og_type":"article","og_title":"Job Openings - Raymond A. Wood Foundation","og_description":"Interesting in working with Raymond A. Wood? Learn about the latest job openings we have and how you can apply.","og_url":"https:\/\/www.rawoodfoundation.org\/fr\/offres-demploi\/","og_site_name":"Raymond A. Wood Foundation","article_publisher":"https:\/\/www.facebook.com\/rawoodfoundation","article_modified_time":"2025-05-05T18:05:26+00:00","og_image":[{"url":"https:\/\/live-rawf.pantheonsite.io\/wp-content\/uploads\/2023\/05\/image-28.jpg","type":"","width":"","height":""}],"twitter_card":"summary_large_image","twitter_site":"@rawoodfound","twitter_misc":{"Est. reading time":"4 minutes"},"schema":{"@context":"https:\/\/schema.org","@graph":[{"@type":"WebPage","@id":"https:\/\/www.rawoodfoundation.org\/job-openings\/","url":"https:\/\/www.rawoodfoundation.org\/job-openings\/","name":"Offres d'emploi - Raymond A. Wood Foundation","isPartOf":{"@id":"https:\/\/www.rawoodfoundation.org\/#website"},"primaryImageOfPage":{"@id":"https:\/\/www.rawoodfoundation.org\/job-openings\/#primaryimage"},"image":{"@id":"https:\/\/www.rawoodfoundation.org\/job-openings\/#primaryimage"},"thumbnailUrl":"https:\/\/live-rawf.pantheonsite.io\/wp-content\/uploads\/2023\/05\/image-28.jpg","datePublished":"2023-05-16T20:11:51+00:00","dateModified":"2025-05-05T18:05:26+00:00","description":"Vous souhaitez travailler avec Raymond A. Wood ? D\u00e9couvrez les derni\u00e8res offres d'emploi que nous avons et comment vous pouvez postuler.","breadcrumb":{"@id":"https:\/\/www.rawoodfoundation.org\/job-openings\/#breadcrumb"},"inLanguage":"fr-FR","potentialAction":[{"@type":"ReadAction","target":["https:\/\/www.rawoodfoundation.org\/job-openings\/"]}]},{"@type":"ImageObject","inLanguage":"fr-FR","@id":"https:\/\/www.rawoodfoundation.org\/job-openings\/#primaryimage","url":"https:\/\/live-rawf.pantheonsite.io\/wp-content\/uploads\/2023\/05\/image-28.jpg","contentUrl":"https:\/\/live-rawf.pantheonsite.io\/wp-content\/uploads\/2023\/05\/image-28.jpg"},{"@type":"BreadcrumbList","@id":"https:\/\/www.rawoodfoundation.org\/job-openings\/#breadcrumb","itemListElement":[{"@type":"ListItem","position":1,"name":"Home","item":"https:\/\/www.rawoodfoundation.org\/"},{"@type":"ListItem","position":2,"name":"Job Openings"}]},{"@type":"WebSite","@id":"https:\/\/www.rawoodfoundation.org\/#website","url":"https:\/\/www.rawoodfoundation.org\/","name":"Fondation Raymond A. Wood","description":"La mission de la RAWF est d'apporter un soutien \u00e0 la qualit\u00e9 de vie des survivants de tumeurs c\u00e9r\u00e9brales infantiles et de leurs familles.","publisher":{"@id":"https:\/\/www.rawoodfoundation.org\/#organization"},"potentialAction":[{"@type":"SearchAction","target":{"@type":"EntryPoint","urlTemplate":"https:\/\/www.rawoodfoundation.org\/?s={search_term_string}"},"query-input":{"@type":"PropertyValueSpecification","valueRequired":true,"valueName":"search_term_string"}}],"inLanguage":"fr-FR"},{"@type":"Organization","@id":"https:\/\/www.rawoodfoundation.org\/#organization","name":"Fondation Raymond A. Wood","url":"https:\/\/www.rawoodfoundation.org\/","logo":{"@type":"ImageObject","inLanguage":"fr-FR","@id":"https:\/\/www.rawoodfoundation.org\/#\/schema\/logo\/image\/","url":"https:\/\/www.rawoodfoundation.org\/wp-content\/uploads\/2023\/07\/Raymond-A-Wood-Foundation-logo.webp","contentUrl":"https:\/\/www.rawoodfoundation.org\/wp-content\/uploads\/2023\/07\/Raymond-A-Wood-Foundation-logo.webp","width":470,"height":128,"caption":"Raymond A. Wood Foundation"},"image":{"@id":"https:\/\/www.rawoodfoundation.org\/#\/schema\/logo\/image\/"},"sameAs":["https:\/\/www.facebook.com\/rawoodfoundation","https:\/\/x.com\/rawoodfound"]}]}},"_links":{"self":[{"href":"https:\/\/www.rawoodfoundation.org\/fr\/wp-json\/wp\/v2\/pages\/5282","targetHints":{"allow":["GET"]}}],"collection":[{"href":"https:\/\/www.rawoodfoundation.org\/fr\/wp-json\/wp\/v2\/pages"}],"about":[{"href":"https:\/\/www.rawoodfoundation.org\/fr\/wp-json\/wp\/v2\/types\/page"}],"author":[{"embeddable":true,"href":"https:\/\/www.rawoodfoundation.org\/fr\/wp-json\/wp\/v2\/users\/1"}],"replies":[{"embeddable":true,"href":"https:\/\/www.rawoodfoundation.org\/fr\/wp-json\/wp\/v2\/comments?post=5282"}],"version-history":[{"count":14,"href":"https:\/\/www.rawoodfoundation.org\/fr\/wp-json\/wp\/v2\/pages\/5282\/revisions"}],"predecessor-version":[{"id":12967,"href":"https:\/\/www.rawoodfoundation.org\/fr\/wp-json\/wp\/v2\/pages\/5282\/revisions\/12967"}],"wp:attachment":[{"href":"https:\/\/www.rawoodfoundation.org\/fr\/wp-json\/wp\/v2\/media?parent=5282"}],"curies":[{"name":"wp","href":"https:\/\/api.w.org\/{rel}","templated":true}]}}