{"id":5262,"date":"2023-05-16T19:48:33","date_gmt":"2023-05-16T19:48:33","guid":{"rendered":"https:\/\/live-rawf.pantheonsite.io\/?page_id=5262"},"modified":"2024-10-04T14:44:08","modified_gmt":"2024-10-04T14:44:08","slug":"sab","status":"publish","type":"page","link":"https:\/\/www.rawoodfoundation.org\/fr\/sab\/","title":{"rendered":"Conseil consultatif scientifique et clinique"},"content":{"rendered":"<h2 class=\"wp-block-heading\">Rencontrez notre comit\u00e9 d'experts distingu\u00e9s<\/h2>\n\n\n\n<p><br>Le CCS tient RAWF au courant des informations provenant des communaut\u00e9s m\u00e9dicales et de recherche, apporte sa contribution et supervise les projets, offre des conseils et des avis, identifie et conseille sur les domaines de recherche prometteurs et r\u00e9vise le mat\u00e9riel \u00e9ducatif. Le conseil se r\u00e9unit deux fois par an pour examiner le contenu ou fournir des conseils. &nbsp;<\/p>\n\n\n<div class=\"gb-container gb-container-e36b72bc\">\n<div class=\"gb-grid-wrapper gb-grid-wrapper-75d3f059\">\n<div class=\"gb-grid-column gb-grid-column-7e972388\"><div class=\"gb-container gb-container-7e972388 shadow\">\n<div class=\"wp-block-image\">\n<figure class=\"aligncenter size-full\"><img decoding=\"async\" width=\"240\" height=\"240\" src=\"https:\/\/live-rawf.pantheonsite.io\/wp-content\/uploads\/2023\/07\/abuzzahb.jpg\" alt=\"Jennifer Abuzzahab\" class=\"wp-image-7506\" srcset=\"https:\/\/www.rawoodfoundation.org\/wp-content\/uploads\/2023\/07\/abuzzahb.jpg 240w, https:\/\/www.rawoodfoundation.org\/wp-content\/uploads\/2023\/07\/abuzzahb-150x150.jpg 150w, https:\/\/www.rawoodfoundation.org\/wp-content\/uploads\/2023\/07\/abuzzahb-12x12.jpg 12w\" sizes=\"(max-width: 240px) 100vw, 240px\" \/><\/figure><\/div>\n\n\n<p class=\"has-text-align-left\"><br><strong>M. Jennifer Abuzzahab, MD<\/strong><br>Endocrinologue p\u00e9diatrique<br>H\u00f4pitaux et cliniques pour enfants du Minnesota<\/p>\n\n<\/div><\/div>\n\n<div class=\"gb-grid-column gb-grid-column-43264c75\"><div class=\"gb-container gb-container-43264c75 shadow\">\n<div class=\"wp-block-image\">\n<figure class=\"aligncenter size-full is-resized\"><img decoding=\"async\" width=\"240\" height=\"240\" src=\"https:\/\/live-rawf.pantheonsite.io\/wp-content\/uploads\/2023\/07\/blevins.jpg\" alt=\"Lewis Blevins, MD\" class=\"wp-image-7499\" style=\"width:240px;height:240px\" srcset=\"https:\/\/www.rawoodfoundation.org\/wp-content\/uploads\/2023\/07\/blevins.jpg 240w, https:\/\/www.rawoodfoundation.org\/wp-content\/uploads\/2023\/07\/blevins-150x150.jpg 150w, https:\/\/www.rawoodfoundation.org\/wp-content\/uploads\/2023\/07\/blevins-12x12.jpg 12w\" sizes=\"(max-width: 240px) 100vw, 240px\" \/><\/figure><\/div>\n\n\n<p><br><strong>Lewis Blevins, MD<\/strong><br>Endocrinologue<br>Centre californien pour les troubles hypophysaires, UCSF Health<\/p>\n\n<\/div><\/div>\n\n<div class=\"gb-grid-column gb-grid-column-e9fabc0d\"><div class=\"gb-container gb-container-e9fabc0d shadow\">\n<div class=\"wp-block-image\">\n<figure class=\"aligncenter size-full\"><img decoding=\"async\" width=\"240\" height=\"240\" src=\"https:\/\/live-rawf.pantheonsite.io\/wp-content\/uploads\/2023\/07\/ulla.jpg\" alt=\"Ulla Feldt-Rasmussen\" class=\"wp-image-7500\" srcset=\"https:\/\/www.rawoodfoundation.org\/wp-content\/uploads\/2023\/07\/ulla.jpg 240w, https:\/\/www.rawoodfoundation.org\/wp-content\/uploads\/2023\/07\/ulla-150x150.jpg 150w, https:\/\/www.rawoodfoundation.org\/wp-content\/uploads\/2023\/07\/ulla-12x12.jpg 12w\" sizes=\"(max-width: 240px) 100vw, 240px\" \/><\/figure><\/div>\n\n\n<p><br><strong>Ulla Feldt-Rasmussen, MD, DMSc<\/strong><br>Chef de l'endocrinologie m\u00e9dicale <br>H\u00f4pital universitaire de Copenhague<\/p>\n\n<\/div><\/div>\n<\/div>\n<\/div>\n\n\n<div style=\"height:40px\" aria-hidden=\"true\" class=\"wp-block-spacer\"><\/div>\n\n\n<div class=\"gb-container gb-container-73e5e5eb\">\n<div class=\"gb-grid-wrapper gb-grid-wrapper-431aac7d\">\n<div class=\"gb-grid-column gb-grid-column-d6a18216\"><div class=\"gb-container gb-container-d6a18216 shadow\">\n<div class=\"wp-block-image\">\n<figure class=\"aligncenter size-full is-resized\"><img decoding=\"async\" width=\"240\" height=\"240\" src=\"https:\/\/live-rawf.pantheonsite.io\/wp-content\/uploads\/2023\/07\/jackson.jpg\" alt=\"Sadhana Jackson\" class=\"wp-image-7505\" style=\"width:240px;height:240px\" srcset=\"https:\/\/www.rawoodfoundation.org\/wp-content\/uploads\/2023\/07\/jackson.jpg 240w, https:\/\/www.rawoodfoundation.org\/wp-content\/uploads\/2023\/07\/jackson-150x150.jpg 150w, https:\/\/www.rawoodfoundation.org\/wp-content\/uploads\/2023\/07\/jackson-12x12.jpg 12w\" sizes=\"(max-width: 240px) 100vw, 240px\" \/><\/figure><\/div>\n\n\n<p><br><strong>Sadhana Jackson, MD<\/strong><br>Neuro-oncologue p\u00e9diatrique, chercheur titulaire<br>Institut national des troubles neurologiques et des accidents vasculaires c\u00e9r\u00e9braux (NINDS)<\/p>\n\n<\/div><\/div>\n\n<div class=\"gb-grid-column gb-grid-column-f0db25d9\"><div class=\"gb-container gb-container-f0db25d9 shadow\">\n<div class=\"wp-block-image\">\n<figure class=\"aligncenter size-full is-resized\"><img decoding=\"async\" width=\"240\" height=\"240\" src=\"https:\/\/live-rawf.pantheonsite.io\/wp-content\/uploads\/2023\/07\/kline.jpg\" alt=\"Cassie Kline\" class=\"wp-image-7503\" style=\"width:240px;height:240px\" srcset=\"https:\/\/www.rawoodfoundation.org\/wp-content\/uploads\/2023\/07\/kline.jpg 240w, https:\/\/www.rawoodfoundation.org\/wp-content\/uploads\/2023\/07\/kline-150x150.jpg 150w, https:\/\/www.rawoodfoundation.org\/wp-content\/uploads\/2023\/07\/kline-12x12.jpg 12w\" sizes=\"(max-width: 240px) 100vw, 240px\" \/><\/figure><\/div>\n\n\n<p><br><strong>Cassie Kline, MD<\/strong><br>Directeur, Neuro-oncologie, pour la division Neurologie<br>M\u00e9decin traitant<br>CHOP<\/p>\n\n\n\n<p><\/p>\n\n<\/div><\/div>\n\n<div class=\"gb-grid-column gb-grid-column-760ea89b\"><div class=\"gb-container gb-container-760ea89b shadow\">\n<div class=\"wp-block-image\">\n<figure class=\"aligncenter size-full\"><img decoding=\"async\" width=\"240\" height=\"240\" src=\"https:\/\/www.rawoodfoundation.org\/wp-content\/uploads\/2024\/10\/wisoff.png\" alt=\"Jeffrey Wisoff, MD\" class=\"wp-image-9540\" srcset=\"https:\/\/www.rawoodfoundation.org\/wp-content\/uploads\/2024\/10\/wisoff.png 240w, https:\/\/www.rawoodfoundation.org\/wp-content\/uploads\/2024\/10\/wisoff-150x150.png 150w, https:\/\/www.rawoodfoundation.org\/wp-content\/uploads\/2024\/10\/wisoff-12x12.png 12w\" sizes=\"(max-width: 240px) 100vw, 240px\" \/><\/figure><\/div>\n\n\n<p><br><strong>Jeffrey H. Wisoff, MD<br><\/strong>Professeur clinicien, d\u00e9partement de neurochirurgie, professeur clinicien, d\u00e9partement de p\u00e9diatrie<br>NYU Lagone Health<\/p>\n\n\n\n<p><\/p>\n\n<\/div><\/div>\n<\/div>\n<\/div>\n\n\n<div style=\"height:40px\" aria-hidden=\"true\" class=\"wp-block-spacer\"><\/div>\n\n\n<div class=\"gb-container gb-container-ed05bd45\">\n<div class=\"gb-grid-wrapper gb-grid-wrapper-dca9ad7e\">\n<div class=\"gb-grid-column gb-grid-column-d11da8ab\"><div class=\"gb-container gb-container-d11da8ab shadow\">\n<div class=\"wp-block-image\">\n<figure class=\"aligncenter size-full is-resized\"><img decoding=\"async\" width=\"240\" height=\"240\" src=\"https:\/\/live-rawf.pantheonsite.io\/wp-content\/uploads\/2023\/07\/mccormack.jpg\" alt=\"\" class=\"wp-image-7502\" style=\"width:240px;height:240px\" srcset=\"https:\/\/www.rawoodfoundation.org\/wp-content\/uploads\/2023\/07\/mccormack.jpg 240w, https:\/\/www.rawoodfoundation.org\/wp-content\/uploads\/2023\/07\/mccormack-150x150.jpg 150w, https:\/\/www.rawoodfoundation.org\/wp-content\/uploads\/2023\/07\/mccormack-12x12.jpg 12w\" sizes=\"(max-width: 240px) 100vw, 240px\" \/><\/figure><\/div>\n\n\n<p><br><strong>Shana McCormack, MD, MTR<\/strong><br>Directeur scientifique du Centre neuroendocrinien, Division de l'endocrinologie et du diab\u00e8te, CHOP<\/p>\n\n<\/div><\/div>\n\n<div class=\"gb-grid-column gb-grid-column-f70ff13a\"><div class=\"gb-container gb-container-f70ff13a shadow\">\n<div class=\"wp-block-image\">\n<figure class=\"aligncenter size-full\"><img decoding=\"async\" width=\"240\" height=\"240\" src=\"https:\/\/live-rawf.pantheonsite.io\/wp-content\/uploads\/2023\/07\/roth.jpg\" alt=\"Christian Roth\" class=\"wp-image-7501\" srcset=\"https:\/\/www.rawoodfoundation.org\/wp-content\/uploads\/2023\/07\/roth.jpg 240w, https:\/\/www.rawoodfoundation.org\/wp-content\/uploads\/2023\/07\/roth-150x150.jpg 150w, https:\/\/www.rawoodfoundation.org\/wp-content\/uploads\/2023\/07\/roth-12x12.jpg 12w\" sizes=\"(max-width: 240px) 100vw, 240px\" \/><\/figure><\/div>\n\n\n<p><br><strong>Christian Roth, MD<\/strong><br>Endocrinologue p\u00e9diatrique<br>Institut de recherche pour enfants de Seattle, H\u00f4pital pour enfants de Seattle<\/p>\n\n\n\n<p><\/p>\n\n<\/div><\/div>\n\n<div class=\"gb-grid-column gb-grid-column-6e40f987\"><div class=\"gb-container gb-container-6e40f987 shadow\">\n<div class=\"wp-block-image\">\n<figure class=\"aligncenter size-full\"><img decoding=\"async\" width=\"240\" height=\"240\" src=\"https:\/\/live-rawf.pantheonsite.io\/wp-content\/uploads\/2023\/07\/shoemaker.jpg\" alt=\"Ashley Shoemaker\" class=\"wp-image-7511\" srcset=\"https:\/\/www.rawoodfoundation.org\/wp-content\/uploads\/2023\/07\/shoemaker.jpg 240w, https:\/\/www.rawoodfoundation.org\/wp-content\/uploads\/2023\/07\/shoemaker-150x150.jpg 150w, https:\/\/www.rawoodfoundation.org\/wp-content\/uploads\/2023\/07\/shoemaker-12x12.jpg 12w\" sizes=\"(max-width: 240px) 100vw, 240px\" \/><\/figure><\/div>\n\n\n<p><br><strong>Ashley H. Shoemaker, MD, MSCI<\/strong><br>Professeur adjoint de p\u00e9diatrie, endocrinologie p\u00e9diatrique<br>Centre m\u00e9dical de l'universit\u00e9 de Vanderbilt<\/p>\n\n<\/div><\/div>\n<\/div>\n<\/div>\n\n<div class=\"gb-container gb-container-278f40eb\">\n<div class=\"gb-grid-wrapper gb-grid-wrapper-c45ff3aa\">\n<div class=\"gb-grid-column gb-grid-column-276f08c7\"><div class=\"gb-container gb-container-276f08c7 shadow\">\n<div class=\"wp-block-image\">\n<figure class=\"aligncenter size-full is-resized\"><img decoding=\"async\" width=\"240\" height=\"240\" src=\"https:\/\/live-rawf.pantheonsite.io\/wp-content\/uploads\/2023\/08\/soma.png\" alt=\"Soma Sengupta\" class=\"wp-image-8377\" style=\"width:240px;height:240px\" srcset=\"https:\/\/www.rawoodfoundation.org\/wp-content\/uploads\/2023\/08\/soma.png 240w, https:\/\/www.rawoodfoundation.org\/wp-content\/uploads\/2023\/08\/soma-150x150.png 150w, https:\/\/www.rawoodfoundation.org\/wp-content\/uploads\/2023\/08\/soma-12x12.png 12w\" sizes=\"(max-width: 240px) 100vw, 240px\" \/><\/figure><\/div>\n\n\n<p><br><strong>Soma Sengupta, MD, PhD, FRCP, FAAN, FANA<\/strong><br>Chef de division, Neuro-oncologie<br>Vice-pr\u00e9sident, Neurologie<br>Professeur<br>\u00c9cole de m\u00e9decine de l'UNC<\/p>\n\n<\/div><\/div>\n<\/div>\n<\/div>","protected":false},"excerpt":{"rendered":"<p>Rencontrez notre Conseil d'experts Le Conseil d'experts permet \u00e0 la RAWF de se tenir au courant des informations ... <a title=\"Conseil consultatif scientifique et clinique\" class=\"read-more\" href=\"https:\/\/www.rawoodfoundation.org\/fr\/sab\/\" aria-label=\"En savoir plus sur le conseil consultatif scientifique et clinique\">Lire plus<\/a><\/p>","protected":false},"author":1,"featured_media":0,"parent":0,"menu_order":91,"comment_status":"closed","ping_status":"closed","template":"","meta":{"_acf_changed":false,"footnotes":""},"class_list":{"0":"post-5262","1":"page","2":"type-page","3":"status-publish","5":"no-featured-image-padding"},"acf":[],"yoast_head":"<!-- This site is optimized with the Yoast SEO plugin v27.3 - https:\/\/yoast.com\/product\/yoast-seo-wordpress\/ -->\n<title>Scientific and clinical board<\/title>\n<meta name=\"description\" content=\"The SAB keeps RAWF up-to-date on information from the medical and research communities, provides input and oversight on projects.\" \/>\n<meta name=\"robots\" content=\"index, follow, max-snippet:-1, max-image-preview:large, max-video-preview:-1\" \/>\n<link rel=\"canonical\" href=\"https:\/\/www.rawoodfoundation.org\/fr\/sab\/\" \/>\n<meta property=\"og:locale\" content=\"fr_FR\" \/>\n<meta property=\"og:type\" content=\"article\" \/>\n<meta property=\"og:title\" content=\"Scientific and clinical board\" \/>\n<meta property=\"og:description\" content=\"The SAB keeps RAWF up-to-date on information from the medical and research communities, provides input and oversight on projects.\" \/>\n<meta property=\"og:url\" content=\"https:\/\/www.rawoodfoundation.org\/fr\/sab\/\" \/>\n<meta property=\"og:site_name\" content=\"Raymond A. Wood Foundation\" \/>\n<meta property=\"article:publisher\" content=\"https:\/\/www.facebook.com\/rawoodfoundation\" \/>\n<meta property=\"article:modified_time\" content=\"2024-10-04T14:44:08+00:00\" \/>\n<meta property=\"og:image\" content=\"https:\/\/live-rawf.pantheonsite.io\/wp-content\/uploads\/2023\/07\/abuzzahb.jpg\" \/>\n<meta name=\"twitter:card\" content=\"summary_large_image\" \/>\n<meta name=\"twitter:site\" content=\"@rawoodfound\" \/>\n<meta name=\"twitter:label1\" content=\"Est. reading time\" \/>\n\t<meta name=\"twitter:data1\" content=\"3 minutes\" \/>\n<script type=\"application\/ld+json\" class=\"yoast-schema-graph\">{\"@context\":\"https:\\\/\\\/schema.org\",\"@graph\":[{\"@type\":\"WebPage\",\"@id\":\"https:\\\/\\\/www.rawoodfoundation.org\\\/sab\\\/\",\"url\":\"https:\\\/\\\/www.rawoodfoundation.org\\\/sab\\\/\",\"name\":\"Scientific and clinical board\",\"isPartOf\":{\"@id\":\"https:\\\/\\\/www.rawoodfoundation.org\\\/#website\"},\"primaryImageOfPage\":{\"@id\":\"https:\\\/\\\/www.rawoodfoundation.org\\\/sab\\\/#primaryimage\"},\"image\":{\"@id\":\"https:\\\/\\\/www.rawoodfoundation.org\\\/sab\\\/#primaryimage\"},\"thumbnailUrl\":\"https:\\\/\\\/live-rawf.pantheonsite.io\\\/wp-content\\\/uploads\\\/2023\\\/07\\\/abuzzahb.jpg\",\"datePublished\":\"2023-05-16T19:48:33+00:00\",\"dateModified\":\"2024-10-04T14:44:08+00:00\",\"description\":\"The SAB keeps RAWF up-to-date on information from the medical and research communities, provides input and oversight on projects.\",\"breadcrumb\":{\"@id\":\"https:\\\/\\\/www.rawoodfoundation.org\\\/sab\\\/#breadcrumb\"},\"inLanguage\":\"fr-FR\",\"potentialAction\":[{\"@type\":\"ReadAction\",\"target\":[\"https:\\\/\\\/www.rawoodfoundation.org\\\/sab\\\/\"]}]},{\"@type\":\"ImageObject\",\"inLanguage\":\"fr-FR\",\"@id\":\"https:\\\/\\\/www.rawoodfoundation.org\\\/sab\\\/#primaryimage\",\"url\":\"https:\\\/\\\/live-rawf.pantheonsite.io\\\/wp-content\\\/uploads\\\/2023\\\/07\\\/abuzzahb.jpg\",\"contentUrl\":\"https:\\\/\\\/live-rawf.pantheonsite.io\\\/wp-content\\\/uploads\\\/2023\\\/07\\\/abuzzahb.jpg\"},{\"@type\":\"BreadcrumbList\",\"@id\":\"https:\\\/\\\/www.rawoodfoundation.org\\\/sab\\\/#breadcrumb\",\"itemListElement\":[{\"@type\":\"ListItem\",\"position\":1,\"name\":\"Home\",\"item\":\"https:\\\/\\\/www.rawoodfoundation.org\\\/\"},{\"@type\":\"ListItem\",\"position\":2,\"name\":\"Scientific &#038; Clinical Advisory Board\"}]},{\"@type\":\"WebSite\",\"@id\":\"https:\\\/\\\/www.rawoodfoundation.org\\\/#website\",\"url\":\"https:\\\/\\\/www.rawoodfoundation.org\\\/\",\"name\":\"Raymond A. Wood Foundation\",\"description\":\"The mission of the RAWF is to provide quality of life support for childhood brain tumor survivors and their families.\",\"publisher\":{\"@id\":\"https:\\\/\\\/www.rawoodfoundation.org\\\/#organization\"},\"potentialAction\":[{\"@type\":\"SearchAction\",\"target\":{\"@type\":\"EntryPoint\",\"urlTemplate\":\"https:\\\/\\\/www.rawoodfoundation.org\\\/?s={search_term_string}\"},\"query-input\":{\"@type\":\"PropertyValueSpecification\",\"valueRequired\":true,\"valueName\":\"search_term_string\"}}],\"inLanguage\":\"fr-FR\"},{\"@type\":\"Organization\",\"@id\":\"https:\\\/\\\/www.rawoodfoundation.org\\\/#organization\",\"name\":\"Raymond A. Wood Foundation\",\"url\":\"https:\\\/\\\/www.rawoodfoundation.org\\\/\",\"logo\":{\"@type\":\"ImageObject\",\"inLanguage\":\"fr-FR\",\"@id\":\"https:\\\/\\\/www.rawoodfoundation.org\\\/#\\\/schema\\\/logo\\\/image\\\/\",\"url\":\"https:\\\/\\\/www.rawoodfoundation.org\\\/wp-content\\\/uploads\\\/2023\\\/07\\\/Raymond-A-Wood-Foundation-logo.webp\",\"contentUrl\":\"https:\\\/\\\/www.rawoodfoundation.org\\\/wp-content\\\/uploads\\\/2023\\\/07\\\/Raymond-A-Wood-Foundation-logo.webp\",\"width\":470,\"height\":128,\"caption\":\"Raymond A. Wood Foundation\"},\"image\":{\"@id\":\"https:\\\/\\\/www.rawoodfoundation.org\\\/#\\\/schema\\\/logo\\\/image\\\/\"},\"sameAs\":[\"https:\\\/\\\/www.facebook.com\\\/rawoodfoundation\",\"https:\\\/\\\/x.com\\\/rawoodfound\"]}]}<\/script>\n<!-- \/ Yoast SEO plugin. -->","yoast_head_json":{"title":"Conseil scientifique et clinique","description":"Le SAB tient RAWF au courant des informations provenant des communaut\u00e9s m\u00e9dicales et de recherche, et fournit des informations et une supervision sur les projets.","robots":{"index":"index","follow":"follow","max-snippet":"max-snippet:-1","max-image-preview":"max-image-preview:large","max-video-preview":"max-video-preview:-1"},"canonical":"https:\/\/www.rawoodfoundation.org\/fr\/sab\/","og_locale":"fr_FR","og_type":"article","og_title":"Scientific and clinical board","og_description":"The SAB keeps RAWF up-to-date on information from the medical and research communities, provides input and oversight on projects.","og_url":"https:\/\/www.rawoodfoundation.org\/fr\/sab\/","og_site_name":"Raymond A. Wood Foundation","article_publisher":"https:\/\/www.facebook.com\/rawoodfoundation","article_modified_time":"2024-10-04T14:44:08+00:00","og_image":[{"url":"https:\/\/live-rawf.pantheonsite.io\/wp-content\/uploads\/2023\/07\/abuzzahb.jpg","type":"","width":"","height":""}],"twitter_card":"summary_large_image","twitter_site":"@rawoodfound","twitter_misc":{"Est. reading time":"3 minutes"},"schema":{"@context":"https:\/\/schema.org","@graph":[{"@type":"WebPage","@id":"https:\/\/www.rawoodfoundation.org\/sab\/","url":"https:\/\/www.rawoodfoundation.org\/sab\/","name":"Conseil scientifique et clinique","isPartOf":{"@id":"https:\/\/www.rawoodfoundation.org\/#website"},"primaryImageOfPage":{"@id":"https:\/\/www.rawoodfoundation.org\/sab\/#primaryimage"},"image":{"@id":"https:\/\/www.rawoodfoundation.org\/sab\/#primaryimage"},"thumbnailUrl":"https:\/\/live-rawf.pantheonsite.io\/wp-content\/uploads\/2023\/07\/abuzzahb.jpg","datePublished":"2023-05-16T19:48:33+00:00","dateModified":"2024-10-04T14:44:08+00:00","description":"Le SAB tient RAWF au courant des informations provenant des communaut\u00e9s m\u00e9dicales et de recherche, et fournit des informations et une supervision sur les projets.","breadcrumb":{"@id":"https:\/\/www.rawoodfoundation.org\/sab\/#breadcrumb"},"inLanguage":"fr-FR","potentialAction":[{"@type":"ReadAction","target":["https:\/\/www.rawoodfoundation.org\/sab\/"]}]},{"@type":"ImageObject","inLanguage":"fr-FR","@id":"https:\/\/www.rawoodfoundation.org\/sab\/#primaryimage","url":"https:\/\/live-rawf.pantheonsite.io\/wp-content\/uploads\/2023\/07\/abuzzahb.jpg","contentUrl":"https:\/\/live-rawf.pantheonsite.io\/wp-content\/uploads\/2023\/07\/abuzzahb.jpg"},{"@type":"BreadcrumbList","@id":"https:\/\/www.rawoodfoundation.org\/sab\/#breadcrumb","itemListElement":[{"@type":"ListItem","position":1,"name":"Home","item":"https:\/\/www.rawoodfoundation.org\/"},{"@type":"ListItem","position":2,"name":"Scientific &#038; Clinical Advisory Board"}]},{"@type":"WebSite","@id":"https:\/\/www.rawoodfoundation.org\/#website","url":"https:\/\/www.rawoodfoundation.org\/","name":"Fondation Raymond A. Wood","description":"La mission de la RAWF est d'apporter un soutien \u00e0 la qualit\u00e9 de vie des survivants de tumeurs c\u00e9r\u00e9brales infantiles et de leurs familles.","publisher":{"@id":"https:\/\/www.rawoodfoundation.org\/#organization"},"potentialAction":[{"@type":"SearchAction","target":{"@type":"EntryPoint","urlTemplate":"https:\/\/www.rawoodfoundation.org\/?s={search_term_string}"},"query-input":{"@type":"PropertyValueSpecification","valueRequired":true,"valueName":"search_term_string"}}],"inLanguage":"fr-FR"},{"@type":"Organization","@id":"https:\/\/www.rawoodfoundation.org\/#organization","name":"Fondation Raymond A. Wood","url":"https:\/\/www.rawoodfoundation.org\/","logo":{"@type":"ImageObject","inLanguage":"fr-FR","@id":"https:\/\/www.rawoodfoundation.org\/#\/schema\/logo\/image\/","url":"https:\/\/www.rawoodfoundation.org\/wp-content\/uploads\/2023\/07\/Raymond-A-Wood-Foundation-logo.webp","contentUrl":"https:\/\/www.rawoodfoundation.org\/wp-content\/uploads\/2023\/07\/Raymond-A-Wood-Foundation-logo.webp","width":470,"height":128,"caption":"Raymond A. Wood Foundation"},"image":{"@id":"https:\/\/www.rawoodfoundation.org\/#\/schema\/logo\/image\/"},"sameAs":["https:\/\/www.facebook.com\/rawoodfoundation","https:\/\/x.com\/rawoodfound"]}]}},"_links":{"self":[{"href":"https:\/\/www.rawoodfoundation.org\/fr\/wp-json\/wp\/v2\/pages\/5262","targetHints":{"allow":["GET"]}}],"collection":[{"href":"https:\/\/www.rawoodfoundation.org\/fr\/wp-json\/wp\/v2\/pages"}],"about":[{"href":"https:\/\/www.rawoodfoundation.org\/fr\/wp-json\/wp\/v2\/types\/page"}],"author":[{"embeddable":true,"href":"https:\/\/www.rawoodfoundation.org\/fr\/wp-json\/wp\/v2\/users\/1"}],"replies":[{"embeddable":true,"href":"https:\/\/www.rawoodfoundation.org\/fr\/wp-json\/wp\/v2\/comments?post=5262"}],"version-history":[{"count":53,"href":"https:\/\/www.rawoodfoundation.org\/fr\/wp-json\/wp\/v2\/pages\/5262\/revisions"}],"predecessor-version":[{"id":9543,"href":"https:\/\/www.rawoodfoundation.org\/fr\/wp-json\/wp\/v2\/pages\/5262\/revisions\/9543"}],"wp:attachment":[{"href":"https:\/\/www.rawoodfoundation.org\/fr\/wp-json\/wp\/v2\/media?parent=5262"}],"curies":[{"name":"wp","href":"https:\/\/api.w.org\/{rel}","templated":true}]}}