{"id":5253,"date":"2023-05-16T18:40:57","date_gmt":"2023-05-16T18:40:57","guid":{"rendered":"https:\/\/live-rawf.pantheonsite.io\/?page_id=5253"},"modified":"2025-12-23T04:04:53","modified_gmt":"2025-12-23T04:04:53","slug":"politique-de-confidentialite","status":"publish","type":"page","link":"https:\/\/www.rawoodfoundation.org\/fr\/privacy-policy\/","title":{"rendered":"Politique de confidentialit\u00e9"},"content":{"rendered":"<div style=\"height:60px\" aria-hidden=\"true\" class=\"wp-block-spacer\"><\/div>\n\n\n<div class=\"gb-grid-wrapper gb-grid-wrapper-d188fd82\">\n<div class=\"gb-grid-column gb-grid-column-749b0c1e\"><div class=\"gb-container gb-container-749b0c1e\"><\/div><\/div>\n\n<div class=\"gb-grid-column gb-grid-column-e6cc6a7e\"><div class=\"gb-container gb-container-e6cc6a7e\">\n\n<p>La protection de vos informations priv\u00e9es est notre priorit\u00e9. La pr\u00e9sente d\u00e9claration de confidentialit\u00e9 s'applique au site www.rawoodfoundation.org et \u00e0 la Fondation Raymond A. Wood et r\u00e9git la collecte et l'utilisation des donn\u00e9es. Aux fins de la pr\u00e9sente politique de confidentialit\u00e9, sauf indication contraire, toutes les r\u00e9f\u00e9rences \u00e0 la Fondation Raymond A. Wood incluent www.rawoodfoundation.org et RAWF. Le site web de RAWF est un site web \u00e0 but non lucratif. En utilisant le site web de la RAWF, vous acceptez les pratiques en mati\u00e8re de donn\u00e9es d\u00e9crites dans la pr\u00e9sente d\u00e9claration.<\/p>\n\n\n\n<h2 class=\"wp-block-heading\">Collecte de vos donn\u00e9es personnelles<\/h2>\n\n\n\n<p>RAWF peut recueillir des informations personnellement identifiables, telles que votre nom. Si vous achetez des produits et services de RAWF, nous recueillons des informations relatives \u00e0 la facturation et \u00e0 la carte de cr\u00e9dit. Ces informations sont utilis\u00e9es pour finaliser la transaction d'achat. Nous pourrons recueillir d'autres informations personnelles ou non personnelles \u00e0 l'avenir.&nbsp;<br>&nbsp;&nbsp;<br>Des informations sur votre mat\u00e9riel informatique et vos logiciels peuvent \u00eatre automatiquement collect\u00e9es par RAWF. Ces informations peuvent inclure : votre adresse IP, le type de navigateur, les noms de domaine, les temps d'acc\u00e8s et les adresses des sites web de r\u00e9f\u00e9rence. Ces informations sont utilis\u00e9es pour le fonctionnement du service, pour maintenir la qualit\u00e9 du service et pour fournir des statistiques g\u00e9n\u00e9rales concernant l'utilisation du site web de RAWF.&nbsp;<br>&nbsp;&nbsp;<br>RAWF vous encourage \u00e0 examiner les d\u00e9clarations de confidentialit\u00e9 des sites web vers lesquels vous choisissez d'\u00e9tablir un lien \u00e0 partir de RAWF afin de comprendre comment ces sites web collectent, utilisent et partagent vos informations. RAWF n'est pas responsable des d\u00e9clarations de confidentialit\u00e9 ou de tout autre contenu des sites web ext\u00e9rieurs au site web de RAWF.<\/p>\n\n\n\n<h2 class=\"wp-block-heading\">Utilisation de vos donn\u00e9es personnelles<\/h2>\n\n\n\n<p>RAWF recueille et utilise vos informations personnelles pour exploiter son (ses) site(s) web et fournir les services que vous avez demand\u00e9s.&nbsp;<br>&nbsp;&nbsp;<br>RAWF peut \u00e9galement utiliser vos informations d'identification personnelle pour vous informer des programmes disponibles aupr\u00e8s de RAWF et de ses affili\u00e9s. RAWF peut \u00e9galement vous contacter par le biais d'enqu\u00eates pour mener des recherches sur votre opinion concernant les services actuels ou de nouveaux services potentiels qui pourraient \u00eatre offerts.&nbsp;<br>&nbsp;&nbsp;<br>RAWF ne vend pas, ne loue pas ses listes de clients \u00e0 des tiers.&nbsp;<br>&nbsp;&nbsp;<br>RAWF peut partager des donn\u00e9es avec des partenaires de confiance afin d'effectuer des analyses statistiques, de vous envoyer des courriers \u00e9lectroniques ou postaux, de vous fournir une assistance ou d'organiser des livraisons. Il est interdit \u00e0 tous ces tiers d'utiliser vos informations personnelles, sauf pour fournir ces services \u00e0 RAWF, et ils sont tenus de maintenir la confidentialit\u00e9 de vos informations.&nbsp;<br>&nbsp;&nbsp;<br>RAWF ne divulguera vos informations personnelles, sans pr\u00e9avis, que si la loi l'exige ou si elle estime de bonne foi qu'une telle action est n\u00e9cessaire pour : (a) se conformer aux \u00e9dits de la loi ou se conformer \u00e0 la proc\u00e9dure l\u00e9gale signifi\u00e9e \u00e0 RAWF ou au site ; (b) prot\u00e9ger et d\u00e9fendre les droits ou la propri\u00e9t\u00e9 de RAWF ; et, (c) agir dans des circonstances urgentes pour prot\u00e9ger la s\u00e9curit\u00e9 personnelle des utilisateurs de RAWF, ou du public.<\/p>\n\n\n\n<h2 class=\"wp-block-heading\">S\u00e9curit\u00e9 de vos donn\u00e9es personnelles<\/h2>\n\n\n\n<p>RAWF prot\u00e8ge vos informations personnelles contre tout acc\u00e8s, utilisation ou divulgation non autoris\u00e9s. Lorsque des informations personnelles (telles qu'un num\u00e9ro de carte de cr\u00e9dit) sont transmises \u00e0 d'autres sites web, elles sont prot\u00e9g\u00e9es par l'utilisation d'un cryptage, tel que le protocole SSL (Secure Sockets Layer).<\/p>\n\n\n\n<h2 class=\"wp-block-heading\">Enfants de moins de treize ans<\/h2>\n\n\n\n<p>RAWF ne recueille pas sciemment d'informations personnellement identifiables aupr\u00e8s d'enfants de moins de treize ans. Si vous avez moins de treize ans, vous devez demander \u00e0 vos parents ou \u00e0 votre tuteur la permission d'utiliser ce site web.<\/p>\n\n\n\n<h2 class=\"wp-block-heading\">Opt-Out et d\u00e9sinscription<\/h2>\n\n\n\n<p>Nous respectons votre vie priv\u00e9e et vous donnons la possibilit\u00e9 de refuser de recevoir des annonces concernant certaines informations. Les utilisateurs peuvent refuser de recevoir tout ou partie des communications de RAWF en nous contactant ici :<\/p>\n\n\n\n<div class=\"wp-block-contact-form-7-contact-form-selector\">\n<div class=\"wpcf7 no-js\" id=\"wpcf7-f5255-o1\" lang=\"en-US\" dir=\"ltr\" data-wpcf7-id=\"5255\">\n<div class=\"screen-reader-response\"><p role=\"status\" aria-live=\"polite\" aria-atomic=\"true\"><\/p> <ul><\/ul><\/div>\n<form action=\"\/fr\/wp-json\/wp\/v2\/pages\/5253#wpcf7-f5255-o1\" method=\"post\" class=\"wpcf7-form init\" aria-label=\"Formulaire de contact\" novalidate=\"novalidate\" data-status=\"init\" data-trp-original-action=\"\/fr\/wp-json\/wp\/v2\/pages\/5253#wpcf7-f5255-o1\">\n<fieldset class=\"hidden-fields-container\"><input type=\"hidden\" name=\"_wpcf7\" value=\"5255\" \/><input type=\"hidden\" name=\"_wpcf7_version\" value=\"6.1.5\" \/><input type=\"hidden\" name=\"_wpcf7_locale\" value=\"en_US\" \/><input type=\"hidden\" name=\"_wpcf7_unit_tag\" value=\"wpcf7-f5255-o1\" \/><input type=\"hidden\" name=\"_wpcf7_container_post\" value=\"0\" \/><input type=\"hidden\" name=\"_wpcf7_posted_data_hash\" value=\"\" \/><input type=\"hidden\" name=\"_wpcf7_recaptcha_response\" value=\"\" \/>\n<\/fieldset>\n<p><label> Nom complet<br \/>\n<span class=\"wpcf7-form-control-wrap\" data-name=\"your-name\"><input size=\"40\" maxlength=\"400\" class=\"wpcf7-form-control wpcf7-text wpcf7-validates-as-required\" autocomplete=\"name\" aria-required=\"true\" aria-invalid=\"false\" value=\"\" type=\"text\" name=\"your-name\" \/><\/span> <\/label>\n<\/p>\n<p><label> Votre email<br \/>\n<span class=\"wpcf7-form-control-wrap\" data-name=\"your-email\"><input size=\"40\" maxlength=\"400\" class=\"wpcf7-form-control wpcf7-email wpcf7-validates-as-required wpcf7-text wpcf7-validates-as-email\" autocomplete=\"email\" aria-required=\"true\" aria-invalid=\"false\" value=\"\" type=\"email\" name=\"your-email\" \/><\/span> <\/label>\n<\/p>\n<p><input class=\"wpcf7-form-control wpcf7-submit has-spinner\" type=\"submit\" value=\"Soumettre\" \/>\n<\/p><div class=\"wpcf7-response-output\" aria-hidden=\"true\"><\/div>\n<input type=\"hidden\" name=\"trp-form-language\" value=\"fr\"\/><\/form>\n<\/div>\n<\/div>\n\n\n\n<h2 class=\"wp-block-heading\">Modifications de la pr\u00e9sente d\u00e9claration<\/h2>\n\n\n\n<p>RAWF mettra occasionnellement \u00e0 jour cette d\u00e9claration de confidentialit\u00e9 afin de refl\u00e9ter les commentaires de l'entreprise et des clients. RAWF vous encourage \u00e0 revoir p\u00e9riodiquement cette d\u00e9claration pour \u00eatre inform\u00e9 de la mani\u00e8re dont RAWF prot\u00e8ge vos informations.&nbsp;<\/p>\n\n\n\n<h2 class=\"wp-block-heading\">Informations sur le contact<\/h2>\n\n\n\n<p>RAWF accueille volontiers vos questions ou commentaires concernant cette d\u00e9claration de confidentialit\u00e9. Si vous estimez que la RAWF n'a pas respect\u00e9 cette d\u00e9claration, veuillez contacter la RAWF \u00e0 l'adresse suivante :&nbsp;<\/p>\n\n\n\n<p>Fondation Raymond A. Wood, Inc<br>12417 Ocean Gateway<br>Suite B11 #108<br>Ocean City, MD 21842<\/p>\n\n\n\n<p>Adresse \u00e9lectronique :&nbsp;<br>info@rawoodfoundation.org<\/p>\n\n\n\n<p><em>En vigueur \u00e0 partir du 1er f\u00e9vrier 2017<\/em><\/p>\n\n<\/div><\/div>\n\n<div class=\"gb-grid-column gb-grid-column-c4cda36d\"><div class=\"gb-container gb-container-c4cda36d\"><\/div><\/div>\n<\/div>","protected":false},"excerpt":{"rendered":"","protected":false},"author":1,"featured_media":0,"parent":0,"menu_order":93,"comment_status":"closed","ping_status":"closed","template":"","meta":{"_acf_changed":false,"footnotes":""},"class_list":{"0":"post-5253","1":"page","2":"type-page","3":"status-publish","5":"no-featured-image-padding"},"acf":[],"yoast_head":"<!-- This site is optimized with the Yoast SEO plugin v27.3 - https:\/\/yoast.com\/product\/yoast-seo-wordpress\/ -->\n<title>Privacy Policy - Raymond A. Wood Foundation<\/title>\n<meta name=\"robots\" content=\"index, follow, max-snippet:-1, max-image-preview:large, max-video-preview:-1\" \/>\n<link rel=\"canonical\" href=\"https:\/\/www.rawoodfoundation.org\/fr\/politique-de-confidentialite\/\" \/>\n<meta property=\"og:locale\" content=\"fr_FR\" \/>\n<meta property=\"og:type\" content=\"article\" \/>\n<meta property=\"og:title\" content=\"Privacy Policy - Raymond A. Wood Foundation\" \/>\n<meta property=\"og:url\" content=\"https:\/\/www.rawoodfoundation.org\/fr\/politique-de-confidentialite\/\" \/>\n<meta property=\"og:site_name\" content=\"Raymond A. Wood Foundation\" \/>\n<meta property=\"article:publisher\" content=\"https:\/\/www.facebook.com\/rawoodfoundation\" \/>\n<meta property=\"article:modified_time\" content=\"2025-12-23T04:04:53+00:00\" \/>\n<meta property=\"og:image\" content=\"https:\/\/www.rawoodfoundation.org\/wp-content\/uploads\/2025\/12\/Privacy-policy-Page.webp\" \/>\n\t<meta property=\"og:image:width\" content=\"1198\" \/>\n\t<meta property=\"og:image:height\" content=\"568\" \/>\n\t<meta property=\"og:image:type\" content=\"image\/webp\" \/>\n<meta name=\"twitter:card\" content=\"summary_large_image\" \/>\n<meta name=\"twitter:image\" content=\"https:\/\/www.rawoodfoundation.org\/wp-content\/uploads\/2025\/12\/Privacy-policy-Page.webp\" \/>\n<meta name=\"twitter:site\" content=\"@rawoodfound\" \/>\n<meta name=\"twitter:label1\" content=\"Est. reading time\" \/>\n\t<meta name=\"twitter:data1\" content=\"3 minutes\" \/>\n<script type=\"application\/ld+json\" class=\"yoast-schema-graph\">{\"@context\":\"https:\\\/\\\/schema.org\",\"@graph\":[{\"@type\":\"WebPage\",\"@id\":\"https:\\\/\\\/www.rawoodfoundation.org\\\/privacy-policy\\\/\",\"url\":\"https:\\\/\\\/www.rawoodfoundation.org\\\/privacy-policy\\\/\",\"name\":\"Privacy Policy - Raymond A. Wood Foundation\",\"isPartOf\":{\"@id\":\"https:\\\/\\\/www.rawoodfoundation.org\\\/#website\"},\"datePublished\":\"2023-05-16T18:40:57+00:00\",\"dateModified\":\"2025-12-23T04:04:53+00:00\",\"breadcrumb\":{\"@id\":\"https:\\\/\\\/www.rawoodfoundation.org\\\/privacy-policy\\\/#breadcrumb\"},\"inLanguage\":\"fr-FR\",\"potentialAction\":[{\"@type\":\"ReadAction\",\"target\":[\"https:\\\/\\\/www.rawoodfoundation.org\\\/privacy-policy\\\/\"]}]},{\"@type\":\"BreadcrumbList\",\"@id\":\"https:\\\/\\\/www.rawoodfoundation.org\\\/privacy-policy\\\/#breadcrumb\",\"itemListElement\":[{\"@type\":\"ListItem\",\"position\":1,\"name\":\"Home\",\"item\":\"https:\\\/\\\/www.rawoodfoundation.org\\\/\"},{\"@type\":\"ListItem\",\"position\":2,\"name\":\"Privacy Policy\"}]},{\"@type\":\"WebSite\",\"@id\":\"https:\\\/\\\/www.rawoodfoundation.org\\\/#website\",\"url\":\"https:\\\/\\\/www.rawoodfoundation.org\\\/\",\"name\":\"Raymond A. Wood Foundation\",\"description\":\"The mission of the RAWF is to provide quality of life support for childhood brain tumor survivors and their families.\",\"publisher\":{\"@id\":\"https:\\\/\\\/www.rawoodfoundation.org\\\/#organization\"},\"potentialAction\":[{\"@type\":\"SearchAction\",\"target\":{\"@type\":\"EntryPoint\",\"urlTemplate\":\"https:\\\/\\\/www.rawoodfoundation.org\\\/?s={search_term_string}\"},\"query-input\":{\"@type\":\"PropertyValueSpecification\",\"valueRequired\":true,\"valueName\":\"search_term_string\"}}],\"inLanguage\":\"fr-FR\"},{\"@type\":\"Organization\",\"@id\":\"https:\\\/\\\/www.rawoodfoundation.org\\\/#organization\",\"name\":\"Raymond A. Wood Foundation\",\"url\":\"https:\\\/\\\/www.rawoodfoundation.org\\\/\",\"logo\":{\"@type\":\"ImageObject\",\"inLanguage\":\"fr-FR\",\"@id\":\"https:\\\/\\\/www.rawoodfoundation.org\\\/#\\\/schema\\\/logo\\\/image\\\/\",\"url\":\"https:\\\/\\\/www.rawoodfoundation.org\\\/wp-content\\\/uploads\\\/2023\\\/07\\\/Raymond-A-Wood-Foundation-logo.webp\",\"contentUrl\":\"https:\\\/\\\/www.rawoodfoundation.org\\\/wp-content\\\/uploads\\\/2023\\\/07\\\/Raymond-A-Wood-Foundation-logo.webp\",\"width\":470,\"height\":128,\"caption\":\"Raymond A. Wood Foundation\"},\"image\":{\"@id\":\"https:\\\/\\\/www.rawoodfoundation.org\\\/#\\\/schema\\\/logo\\\/image\\\/\"},\"sameAs\":[\"https:\\\/\\\/www.facebook.com\\\/rawoodfoundation\",\"https:\\\/\\\/x.com\\\/rawoodfound\"]}]}<\/script>\n<!-- \/ Yoast SEO plugin. -->","yoast_head_json":{"title":"Politique de confidentialit\u00e9 - Raymond A. Wood Foundation","robots":{"index":"index","follow":"follow","max-snippet":"max-snippet:-1","max-image-preview":"max-image-preview:large","max-video-preview":"max-video-preview:-1"},"canonical":"https:\/\/www.rawoodfoundation.org\/fr\/politique-de-confidentialite\/","og_locale":"fr_FR","og_type":"article","og_title":"Privacy Policy - Raymond A. Wood Foundation","og_url":"https:\/\/www.rawoodfoundation.org\/fr\/politique-de-confidentialite\/","og_site_name":"Raymond A. Wood Foundation","article_publisher":"https:\/\/www.facebook.com\/rawoodfoundation","article_modified_time":"2025-12-23T04:04:53+00:00","og_image":[{"width":1198,"height":568,"url":"https:\/\/www.rawoodfoundation.org\/wp-content\/uploads\/2025\/12\/Privacy-policy-Page.webp","type":"image\/webp"}],"twitter_card":"summary_large_image","twitter_image":"https:\/\/www.rawoodfoundation.org\/wp-content\/uploads\/2025\/12\/Privacy-policy-Page.webp","twitter_site":"@rawoodfound","twitter_misc":{"Est. reading time":"3 minutes"},"schema":{"@context":"https:\/\/schema.org","@graph":[{"@type":"WebPage","@id":"https:\/\/www.rawoodfoundation.org\/privacy-policy\/","url":"https:\/\/www.rawoodfoundation.org\/privacy-policy\/","name":"Politique de confidentialit\u00e9 - Raymond A. Wood Foundation","isPartOf":{"@id":"https:\/\/www.rawoodfoundation.org\/#website"},"datePublished":"2023-05-16T18:40:57+00:00","dateModified":"2025-12-23T04:04:53+00:00","breadcrumb":{"@id":"https:\/\/www.rawoodfoundation.org\/privacy-policy\/#breadcrumb"},"inLanguage":"fr-FR","potentialAction":[{"@type":"ReadAction","target":["https:\/\/www.rawoodfoundation.org\/privacy-policy\/"]}]},{"@type":"BreadcrumbList","@id":"https:\/\/www.rawoodfoundation.org\/privacy-policy\/#breadcrumb","itemListElement":[{"@type":"ListItem","position":1,"name":"Home","item":"https:\/\/www.rawoodfoundation.org\/"},{"@type":"ListItem","position":2,"name":"Privacy Policy"}]},{"@type":"WebSite","@id":"https:\/\/www.rawoodfoundation.org\/#website","url":"https:\/\/www.rawoodfoundation.org\/","name":"Fondation Raymond A. Wood","description":"La mission de la RAWF est d'apporter un soutien \u00e0 la qualit\u00e9 de vie des survivants de tumeurs c\u00e9r\u00e9brales infantiles et de leurs familles.","publisher":{"@id":"https:\/\/www.rawoodfoundation.org\/#organization"},"potentialAction":[{"@type":"SearchAction","target":{"@type":"EntryPoint","urlTemplate":"https:\/\/www.rawoodfoundation.org\/?s={search_term_string}"},"query-input":{"@type":"PropertyValueSpecification","valueRequired":true,"valueName":"search_term_string"}}],"inLanguage":"fr-FR"},{"@type":"Organization","@id":"https:\/\/www.rawoodfoundation.org\/#organization","name":"Fondation Raymond A. Wood","url":"https:\/\/www.rawoodfoundation.org\/","logo":{"@type":"ImageObject","inLanguage":"fr-FR","@id":"https:\/\/www.rawoodfoundation.org\/#\/schema\/logo\/image\/","url":"https:\/\/www.rawoodfoundation.org\/wp-content\/uploads\/2023\/07\/Raymond-A-Wood-Foundation-logo.webp","contentUrl":"https:\/\/www.rawoodfoundation.org\/wp-content\/uploads\/2023\/07\/Raymond-A-Wood-Foundation-logo.webp","width":470,"height":128,"caption":"Raymond A. Wood Foundation"},"image":{"@id":"https:\/\/www.rawoodfoundation.org\/#\/schema\/logo\/image\/"},"sameAs":["https:\/\/www.facebook.com\/rawoodfoundation","https:\/\/x.com\/rawoodfound"]}]}},"_links":{"self":[{"href":"https:\/\/www.rawoodfoundation.org\/fr\/wp-json\/wp\/v2\/pages\/5253","targetHints":{"allow":["GET"]}}],"collection":[{"href":"https:\/\/www.rawoodfoundation.org\/fr\/wp-json\/wp\/v2\/pages"}],"about":[{"href":"https:\/\/www.rawoodfoundation.org\/fr\/wp-json\/wp\/v2\/types\/page"}],"author":[{"embeddable":true,"href":"https:\/\/www.rawoodfoundation.org\/fr\/wp-json\/wp\/v2\/users\/1"}],"replies":[{"embeddable":true,"href":"https:\/\/www.rawoodfoundation.org\/fr\/wp-json\/wp\/v2\/comments?post=5253"}],"version-history":[{"count":4,"href":"https:\/\/www.rawoodfoundation.org\/fr\/wp-json\/wp\/v2\/pages\/5253\/revisions"}],"predecessor-version":[{"id":8428,"href":"https:\/\/www.rawoodfoundation.org\/fr\/wp-json\/wp\/v2\/pages\/5253\/revisions\/8428"}],"wp:attachment":[{"href":"https:\/\/www.rawoodfoundation.org\/fr\/wp-json\/wp\/v2\/media?parent=5253"}],"curies":[{"name":"wp","href":"https:\/\/api.w.org\/{rel}","templated":true}]}}