{"id":5249,"date":"2023-05-16T18:35:47","date_gmt":"2023-05-16T18:35:47","guid":{"rendered":"https:\/\/live-rawf.pantheonsite.io\/?page_id=5249"},"modified":"2025-12-23T03:01:23","modified_gmt":"2025-12-23T03:01:23","slug":"recherche-de-medecins","status":"publish","type":"page","link":"https:\/\/www.rawoodfoundation.org\/fr\/physician-finder\/","title":{"rendered":"Recherche de m\u00e9decins pour le craniopharyngiome"},"content":{"rendered":"<div class=\"wp-block-columns is-layout-flex wp-container-core-columns-is-layout-9d6595d7 wp-block-columns-is-layout-flex\">\n<div class=\"wp-block-column is-layout-flow wp-block-column-is-layout-flow\" style=\"flex-basis:66.66%\">\n<p>Que vous soyez nouvellement diagnostiqu\u00e9 ou \u00e0 la recherche d'un sp\u00e9cialiste, nous vous invitons \u00e0 explorer notre outil de recherche de m\u00e9decins.<\/p>\n\n\n\n<p>Dans le cas de tumeurs et d'affections rares, il peut \u00eatre utile qu'un m\u00e9decin voie un plus grand nombre de patients par rapport \u00e0 l'ensemble de la population. En visualisant les donn\u00e9es de facturation de l'assurance maladie bas\u00e9es sur les codes de diagnostic (codes CIM), nous pouvons voir quelles organisations de soins de sant\u00e9 (HCO) et quels prestataires de soins de sant\u00e9 (HCP) ont vu le plus grand nombre de patients atteints de cette tumeur.<\/p>\n\n\n\n<p>La CIM-10-CM (Classification internationale des maladies, dixi\u00e8me r\u00e9vision, modification clinique) est la suivante <strong>un syst\u00e8me utilis\u00e9 par les m\u00e9decins et autres prestataires de soins de sant\u00e9 pour classer et coder tous les diagnostics, sympt\u00f4mes et proc\u00e9dures enregistr\u00e9s dans le cadre des soins hospitaliers aux \u00c9tats-Unis<\/strong>. (source : <a href=\"https:\/\/www.techtarget.com\/searchhealthit\/definition\/ICD-10-CM)\" target=\"_blank\" rel=\"noreferrer noopener\">www.techtarget.com\/searchhealthit\/definition\/ICD-10-CM)<\/a><\/p>\n\n\n\n<p>Ces donn\u00e9es ont \u00e9t\u00e9 fournies par <a href=\"https:\/\/www.komodohealth.com\/solutions\/prism\" target=\"_blank\" rel=\"noreferrer noopener\">Prisme de Komodo <\/a>qui offre une vue d'ensemble des donn\u00e9es relatives au parcours des patients dans le monde r\u00e9el. Les HCO et les prestataires sont repr\u00e9sent\u00e9s par des comptes de patients et ne constituent en aucun cas une approbation de la Fondation Raymond A. Wood.<\/p>\n<\/div>\n\n\n\n<div class=\"wp-block-column is-layout-flow wp-block-column-is-layout-flow\" style=\"flex-basis:33.33%\">\n<h3 class=\"wp-block-heading\">Acc\u00e9der \u00e0 l'outil de recherche de m\u00e9decins<\/h3>\n\n\n\n<p class=\"gb-headline gb-headline-52423adb round-icon\"><span class=\"gb-icon\"><svg aria-hidden=\"true\" role=\"img\" height=\"1em\" width=\"1em\" viewbox=\"0 0 256 512\" xmlns=\"http:\/\/www.w3.org\/2000\/svg\"><path fill=\"currentColor\" d=\"M224.3 273l-136 136c-9.4 9.4-24.6 9.4-33.9 0l-22.6-22.6c-9.4-9.4-9.4-24.6 0-33.9l96.4-96.4-96.4-96.4c-9.4-9.4-9.4-24.6 0-33.9L54.3 103c9.4-9.4 24.6-9.4 33.9 0l136 136c9.5 9.4 9.5 24.6.1 34z\"><\/path><\/svg><\/span><span class=\"gb-headline-text\"><a href=\"https:\/\/www.rawoodfoundation.org\/fr\/recherche-de-fournisseurs\/\">Recherche de m\u00e9decins pour le craniopharyngiome p\u00e9diatrique <\/a><\/span><\/p>\n\n\n\n<p class=\"gb-headline gb-headline-cac664d6 round-icon\"><span class=\"gb-icon\"><svg aria-hidden=\"true\" role=\"img\" height=\"1em\" width=\"1em\" viewbox=\"0 0 256 512\" xmlns=\"http:\/\/www.w3.org\/2000\/svg\"><path fill=\"currentColor\" d=\"M224.3 273l-136 136c-9.4 9.4-24.6 9.4-33.9 0l-22.6-22.6c-9.4-9.4-9.4-24.6 0-33.9l96.4-96.4-96.4-96.4c-9.4-9.4-9.4-24.6 0-33.9L54.3 103c9.4-9.4 24.6-9.4 33.9 0l136 136c9.5 9.4 9.5 24.6.1 34z\"><\/path><\/svg><\/span><span class=\"gb-headline-text\"><a href=\"\/fr\/recherche-de-prestataires-de-services-de-cranio-pour-adultes\/\">Recherche de m\u00e9decins pour le craniopharyngiome chez l'adulte <\/a><\/span><\/p>\n<\/div>\n<\/div>","protected":false},"excerpt":{"rendered":"<p>Que vous soyez nouvellement diagnostiqu\u00e9 ou \u00e0 la recherche d'un sp\u00e9cialiste, nous vous invitons \u00e0 explorer ... <a title=\"Recherche de m\u00e9decins pour le craniopharyngiome\" class=\"read-more\" href=\"https:\/\/www.rawoodfoundation.org\/fr\/physician-finder\/\" aria-label=\"En savoir plus sur Craniopharyngioma Physician Finder\">Lire plus<\/a><\/p>","protected":false},"author":1,"featured_media":0,"parent":0,"menu_order":94,"comment_status":"closed","ping_status":"closed","template":"","meta":{"_acf_changed":false,"footnotes":""},"class_list":{"0":"post-5249","1":"page","2":"type-page","3":"status-publish","5":"no-featured-image-padding"},"acf":[],"yoast_head":"<!-- This site is optimized with the Yoast SEO plugin v27.3 - https:\/\/yoast.com\/product\/yoast-seo-wordpress\/ -->\n<title>Craniopharyngioma Physician Finder<\/title>\n<meta name=\"description\" content=\"Whether you are newly diagnosed or looking for a specialist, we invite you to explore our Physician Finder.\" \/>\n<meta name=\"robots\" content=\"index, follow, max-snippet:-1, max-image-preview:large, max-video-preview:-1\" \/>\n<link rel=\"canonical\" href=\"https:\/\/www.rawoodfoundation.org\/fr\/recherche-de-medecins\/\" \/>\n<meta property=\"og:locale\" content=\"fr_FR\" \/>\n<meta property=\"og:type\" content=\"article\" \/>\n<meta property=\"og:title\" content=\"Craniopharyngioma Physician Finder\" \/>\n<meta property=\"og:description\" content=\"Whether you are newly diagnosed or looking for a specialist, we invite you to explore our Physician Finder.\" \/>\n<meta property=\"og:url\" content=\"https:\/\/www.rawoodfoundation.org\/fr\/recherche-de-medecins\/\" \/>\n<meta property=\"og:site_name\" content=\"Raymond A. Wood Foundation\" \/>\n<meta property=\"article:publisher\" content=\"https:\/\/www.facebook.com\/rawoodfoundation\" \/>\n<meta property=\"article:modified_time\" content=\"2025-12-23T03:01:23+00:00\" \/>\n<meta property=\"og:image\" content=\"https:\/\/www.rawoodfoundation.org\/wp-content\/uploads\/2025\/11\/Craniopharyngioma-Physician-Finder.jpg\" \/>\n\t<meta property=\"og:image:width\" content=\"1200\" \/>\n\t<meta property=\"og:image:height\" content=\"700\" \/>\n\t<meta property=\"og:image:type\" content=\"image\/jpeg\" \/>\n<meta name=\"twitter:card\" content=\"summary_large_image\" \/>\n<meta name=\"twitter:image\" content=\"https:\/\/www.rawoodfoundation.org\/wp-content\/uploads\/2025\/11\/Craniopharyngioma-Physician-Finder.jpg\" \/>\n<meta name=\"twitter:site\" content=\"@rawoodfound\" \/>\n<meta name=\"twitter:label1\" content=\"Est. reading time\" \/>\n\t<meta name=\"twitter:data1\" content=\"1 minute\" \/>\n<script type=\"application\/ld+json\" class=\"yoast-schema-graph\">{\"@context\":\"https:\\\/\\\/schema.org\",\"@graph\":[{\"@type\":\"WebPage\",\"@id\":\"https:\\\/\\\/www.rawoodfoundation.org\\\/physician-finder\\\/\",\"url\":\"https:\\\/\\\/www.rawoodfoundation.org\\\/physician-finder\\\/\",\"name\":\"Craniopharyngioma Physician Finder\",\"isPartOf\":{\"@id\":\"https:\\\/\\\/www.rawoodfoundation.org\\\/#website\"},\"datePublished\":\"2023-05-16T18:35:47+00:00\",\"dateModified\":\"2025-12-23T03:01:23+00:00\",\"description\":\"Whether you are newly diagnosed or looking for a specialist, we invite you to explore our Physician Finder.\",\"breadcrumb\":{\"@id\":\"https:\\\/\\\/www.rawoodfoundation.org\\\/physician-finder\\\/#breadcrumb\"},\"inLanguage\":\"fr-FR\",\"potentialAction\":[{\"@type\":\"ReadAction\",\"target\":[\"https:\\\/\\\/www.rawoodfoundation.org\\\/physician-finder\\\/\"]}]},{\"@type\":\"BreadcrumbList\",\"@id\":\"https:\\\/\\\/www.rawoodfoundation.org\\\/physician-finder\\\/#breadcrumb\",\"itemListElement\":[{\"@type\":\"ListItem\",\"position\":1,\"name\":\"Home\",\"item\":\"https:\\\/\\\/www.rawoodfoundation.org\\\/\"},{\"@type\":\"ListItem\",\"position\":2,\"name\":\"Craniopharyngioma Physician Finder\"}]},{\"@type\":\"WebSite\",\"@id\":\"https:\\\/\\\/www.rawoodfoundation.org\\\/#website\",\"url\":\"https:\\\/\\\/www.rawoodfoundation.org\\\/\",\"name\":\"Raymond A. Wood Foundation\",\"description\":\"The mission of the RAWF is to provide quality of life support for childhood brain tumor survivors and their families.\",\"publisher\":{\"@id\":\"https:\\\/\\\/www.rawoodfoundation.org\\\/#organization\"},\"potentialAction\":[{\"@type\":\"SearchAction\",\"target\":{\"@type\":\"EntryPoint\",\"urlTemplate\":\"https:\\\/\\\/www.rawoodfoundation.org\\\/?s={search_term_string}\"},\"query-input\":{\"@type\":\"PropertyValueSpecification\",\"valueRequired\":true,\"valueName\":\"search_term_string\"}}],\"inLanguage\":\"fr-FR\"},{\"@type\":\"Organization\",\"@id\":\"https:\\\/\\\/www.rawoodfoundation.org\\\/#organization\",\"name\":\"Raymond A. Wood Foundation\",\"url\":\"https:\\\/\\\/www.rawoodfoundation.org\\\/\",\"logo\":{\"@type\":\"ImageObject\",\"inLanguage\":\"fr-FR\",\"@id\":\"https:\\\/\\\/www.rawoodfoundation.org\\\/#\\\/schema\\\/logo\\\/image\\\/\",\"url\":\"https:\\\/\\\/www.rawoodfoundation.org\\\/wp-content\\\/uploads\\\/2023\\\/07\\\/Raymond-A-Wood-Foundation-logo.webp\",\"contentUrl\":\"https:\\\/\\\/www.rawoodfoundation.org\\\/wp-content\\\/uploads\\\/2023\\\/07\\\/Raymond-A-Wood-Foundation-logo.webp\",\"width\":470,\"height\":128,\"caption\":\"Raymond A. Wood Foundation\"},\"image\":{\"@id\":\"https:\\\/\\\/www.rawoodfoundation.org\\\/#\\\/schema\\\/logo\\\/image\\\/\"},\"sameAs\":[\"https:\\\/\\\/www.facebook.com\\\/rawoodfoundation\",\"https:\\\/\\\/x.com\\\/rawoodfound\"]}]}<\/script>\n<!-- \/ Yoast SEO plugin. -->","yoast_head_json":{"title":"Recherche de m\u00e9decins pour le craniopharyngiome","description":"Que vous soyez nouvellement diagnostiqu\u00e9 ou \u00e0 la recherche d'un sp\u00e9cialiste, nous vous invitons \u00e0 explorer notre outil de recherche de m\u00e9decins.","robots":{"index":"index","follow":"follow","max-snippet":"max-snippet:-1","max-image-preview":"max-image-preview:large","max-video-preview":"max-video-preview:-1"},"canonical":"https:\/\/www.rawoodfoundation.org\/fr\/recherche-de-medecins\/","og_locale":"fr_FR","og_type":"article","og_title":"Craniopharyngioma Physician Finder","og_description":"Whether you are newly diagnosed or looking for a specialist, we invite you to explore our Physician Finder.","og_url":"https:\/\/www.rawoodfoundation.org\/fr\/recherche-de-medecins\/","og_site_name":"Raymond A. Wood Foundation","article_publisher":"https:\/\/www.facebook.com\/rawoodfoundation","article_modified_time":"2025-12-23T03:01:23+00:00","og_image":[{"width":1200,"height":700,"url":"https:\/\/www.rawoodfoundation.org\/wp-content\/uploads\/2025\/11\/Craniopharyngioma-Physician-Finder.jpg","type":"image\/jpeg"}],"twitter_card":"summary_large_image","twitter_image":"https:\/\/www.rawoodfoundation.org\/wp-content\/uploads\/2025\/11\/Craniopharyngioma-Physician-Finder.jpg","twitter_site":"@rawoodfound","twitter_misc":{"Est. reading time":"1 minute"},"schema":{"@context":"https:\/\/schema.org","@graph":[{"@type":"WebPage","@id":"https:\/\/www.rawoodfoundation.org\/physician-finder\/","url":"https:\/\/www.rawoodfoundation.org\/physician-finder\/","name":"Recherche de m\u00e9decins pour le craniopharyngiome","isPartOf":{"@id":"https:\/\/www.rawoodfoundation.org\/#website"},"datePublished":"2023-05-16T18:35:47+00:00","dateModified":"2025-12-23T03:01:23+00:00","description":"Que vous soyez nouvellement diagnostiqu\u00e9 ou \u00e0 la recherche d'un sp\u00e9cialiste, nous vous invitons \u00e0 explorer notre outil de recherche de m\u00e9decins.","breadcrumb":{"@id":"https:\/\/www.rawoodfoundation.org\/physician-finder\/#breadcrumb"},"inLanguage":"fr-FR","potentialAction":[{"@type":"ReadAction","target":["https:\/\/www.rawoodfoundation.org\/physician-finder\/"]}]},{"@type":"BreadcrumbList","@id":"https:\/\/www.rawoodfoundation.org\/physician-finder\/#breadcrumb","itemListElement":[{"@type":"ListItem","position":1,"name":"Home","item":"https:\/\/www.rawoodfoundation.org\/"},{"@type":"ListItem","position":2,"name":"Craniopharyngioma Physician Finder"}]},{"@type":"WebSite","@id":"https:\/\/www.rawoodfoundation.org\/#website","url":"https:\/\/www.rawoodfoundation.org\/","name":"Fondation Raymond A. Wood","description":"La mission de la RAWF est d'apporter un soutien \u00e0 la qualit\u00e9 de vie des survivants de tumeurs c\u00e9r\u00e9brales infantiles et de leurs familles.","publisher":{"@id":"https:\/\/www.rawoodfoundation.org\/#organization"},"potentialAction":[{"@type":"SearchAction","target":{"@type":"EntryPoint","urlTemplate":"https:\/\/www.rawoodfoundation.org\/?s={search_term_string}"},"query-input":{"@type":"PropertyValueSpecification","valueRequired":true,"valueName":"search_term_string"}}],"inLanguage":"fr-FR"},{"@type":"Organization","@id":"https:\/\/www.rawoodfoundation.org\/#organization","name":"Fondation Raymond A. Wood","url":"https:\/\/www.rawoodfoundation.org\/","logo":{"@type":"ImageObject","inLanguage":"fr-FR","@id":"https:\/\/www.rawoodfoundation.org\/#\/schema\/logo\/image\/","url":"https:\/\/www.rawoodfoundation.org\/wp-content\/uploads\/2023\/07\/Raymond-A-Wood-Foundation-logo.webp","contentUrl":"https:\/\/www.rawoodfoundation.org\/wp-content\/uploads\/2023\/07\/Raymond-A-Wood-Foundation-logo.webp","width":470,"height":128,"caption":"Raymond A. Wood Foundation"},"image":{"@id":"https:\/\/www.rawoodfoundation.org\/#\/schema\/logo\/image\/"},"sameAs":["https:\/\/www.facebook.com\/rawoodfoundation","https:\/\/x.com\/rawoodfound"]}]}},"_links":{"self":[{"href":"https:\/\/www.rawoodfoundation.org\/fr\/wp-json\/wp\/v2\/pages\/5249","targetHints":{"allow":["GET"]}}],"collection":[{"href":"https:\/\/www.rawoodfoundation.org\/fr\/wp-json\/wp\/v2\/pages"}],"about":[{"href":"https:\/\/www.rawoodfoundation.org\/fr\/wp-json\/wp\/v2\/types\/page"}],"author":[{"embeddable":true,"href":"https:\/\/www.rawoodfoundation.org\/fr\/wp-json\/wp\/v2\/users\/1"}],"replies":[{"embeddable":true,"href":"https:\/\/www.rawoodfoundation.org\/fr\/wp-json\/wp\/v2\/comments?post=5249"}],"version-history":[{"count":8,"href":"https:\/\/www.rawoodfoundation.org\/fr\/wp-json\/wp\/v2\/pages\/5249\/revisions"}],"predecessor-version":[{"id":18086,"href":"https:\/\/www.rawoodfoundation.org\/fr\/wp-json\/wp\/v2\/pages\/5249\/revisions\/18086"}],"wp:attachment":[{"href":"https:\/\/www.rawoodfoundation.org\/fr\/wp-json\/wp\/v2\/media?parent=5249"}],"curies":[{"name":"wp","href":"https:\/\/api.w.org\/{rel}","templated":true}]}}