{"id":5243,"date":"2023-05-16T18:26:54","date_gmt":"2023-05-16T18:26:54","guid":{"rendered":"https:\/\/live-rawf.pantheonsite.io\/?page_id=5243"},"modified":"2024-07-23T18:29:15","modified_gmt":"2024-07-23T18:29:15","slug":"nos-objectifs","status":"publish","type":"page","link":"https:\/\/www.rawoodfoundation.org\/fr\/our-goals\/","title":{"rendered":"Les programmes"},"content":{"rendered":"<div style=\"height:60px\" aria-hidden=\"true\" class=\"wp-block-spacer hide-on-mobile\"><\/div>\n\n\n\n<h2 class=\"wp-block-heading\">Programmes centr\u00e9s sur le patient<\/h2>\n\n\n\n<div class=\"wp-block-columns is-layout-flex wp-container-core-columns-is-layout-9d6595d7 wp-block-columns-is-layout-flex\">\n<div class=\"wp-block-column is-layout-flow wp-block-column-is-layout-flow\" style=\"flex-basis:33.33%\">\n<h3 class=\"wp-block-heading\">Gestion des soins \u00e0 domicile de l'Adipsic AVP-D pour les patients atteints de tumeurs c\u00e9r\u00e9brales p\u00e9diatriques<\/h3>\n\n\n\n<p class=\"gb-headline gb-headline-52423adb round-icon\"><span class=\"gb-icon\"><svg aria-hidden=\"true\" role=\"img\" height=\"1em\" width=\"1em\" viewbox=\"0 0 256 512\" xmlns=\"http:\/\/www.w3.org\/2000\/svg\"><path fill=\"currentColor\" d=\"M224.3 273l-136 136c-9.4 9.4-24.6 9.4-33.9 0l-22.6-22.6c-9.4-9.4-9.4-24.6 0-33.9l96.4-96.4-96.4-96.4c-9.4-9.4-9.4-24.6 0-33.9L54.3 103c9.4-9.4 24.6-9.4 33.9 0l136 136c9.5 9.4 9.5 24.6.1 34z\"><\/path><\/svg><\/span><span class=\"gb-headline-text\"><a href=\"mailto:outreach@rawoodfoundation.org\">Contactez-nous pour une demande<\/a><\/span><\/p>\n<\/div>\n\n\n\n<div class=\"wp-block-column is-layout-flow wp-block-column-is-layout-flow\" style=\"flex-basis:66.66%\">\n<p>Le d\u00e9ficit en arginine vasopressine (AVP-D, diab\u00e8te insipide) est une maladie rare et chronique dans laquelle l'hypothalamus ne produit pas de vasopressine, \u00e9galement connue sous le nom d'hormone antidiur\u00e9tique (ADH), ce qui peut entra\u00eener des probl\u00e8mes d'\u00e9quilibre des fluides corporels et des taux de sodium dans le sang trop \u00e9lev\u00e9s entra\u00eenant une hyponatr\u00e9mie (trop de fluides dans le corps) ou une hypernatr\u00e9mie (trop peu de fluides dans le corps). L'une ou l'autre de ces affections peut provoquer des crises d\u00e9bilitantes, un coma ou \u00eatre fatale.\u00a0<\/p>\n\n\n\n<p>L'AVP-D adipsique signifie que le patient n'a pas un m\u00e9canisme de soif intact. Les patients qui ont \u00e9t\u00e9 trait\u00e9s pour des tumeurs c\u00e9r\u00e9brales ayant entra\u00een\u00e9 des l\u00e9sions hypothalamiques peuvent \u00eatre confront\u00e9s \u00e0 ce probl\u00e8me, ce qui rend la prise en charge de l'AVP-D plus difficile. La th\u00e9rapie hormonale de remplacement sous forme de desmopressine (DDAVP) peut \u00eatre peu fiable au jour le jour pour certains patients.<\/p>\n\n\n\n<p>L'\u00e9valuation du sodium chez les patients p\u00e9diatriques est particuli\u00e8rement difficile. Il n'existe actuellement aucun appareil de mesure du sodium qui puisse \u00eatre test\u00e9 \u00e0 domicile. Les patients sont soumis \u00e0 des visites de laboratoire, parfois plusieurs fois par semaine. En dehors des heures de travail, lorsque les laboratoires sont ferm\u00e9s, les patients doivent \u00eatre test\u00e9s dans les salles d'urgence et sont admis si leur taux de sodium est hors norme. Les prises de sang se font par voie veineuse, ce qui est difficile pour les enfants. Les patients atteints de diab\u00e8te insipide central adipeux devront \u00eatre hospitalis\u00e9s plusieurs fois par an.<\/p>\n\n\n\n<p>Les analyseurs de sang portatifs de qualit\u00e9 hospitali\u00e8re sont la seule option dont disposent les soignants pour d\u00e9terminer les taux de sodium \u00e0 domicile. Ils fournissent des r\u00e9sultats pr\u00e9cis en laboratoire en 5 minutes avec une piq\u00fbre au doigt et 10 \u00e0 20 gouttes de sang. Ces appareils ne sont pas approuv\u00e9s par la FDA pour une utilisation \u00e0 domicile, sont co\u00fbteux et ne sont pas couverts par les assurances. Dans le cadre d'un usage m\u00e9dical compassionnel et avec les conseils d'un m\u00e9decin, la Raymond A. Wood Foundation (RAWF) a fourni \u00e0 30 patients p\u00e9diatriques et \u00e0 leurs familles des analyseurs de sang portables ainsi que des fournitures. La RAWF a \u00e9galement sensibilis\u00e9 les endocrinologues p\u00e9diatriques \u00e0 l'efficacit\u00e9 de ces appareils dans la gestion du sodium.<\/p>\n<\/div>\n<\/div>\n\n\n\n<hr class=\"wp-block-separator has-text-color has-alpha-channel-opacity has-background\" style=\"background-color:#eeeeee;color:#eeeeee\"\/>\n\n\n\n<div class=\"wp-block-columns is-layout-flex wp-container-core-columns-is-layout-9d6595d7 wp-block-columns-is-layout-flex\">\n<div class=\"wp-block-column is-layout-flow wp-block-column-is-layout-flow\" style=\"flex-basis:33.33%\">\n<h3 class=\"wp-block-heading\">Conf\u00e9rence bisannuelle sur les tumeurs c\u00e9r\u00e9brales hypophysaires<\/h3>\n\n\n\n<p class=\"gb-headline gb-headline-5cb75148 round-icon\"><span class=\"gb-icon\"><svg aria-hidden=\"true\" role=\"img\" height=\"1em\" width=\"1em\" viewbox=\"0 0 256 512\" xmlns=\"http:\/\/www.w3.org\/2000\/svg\"><path fill=\"currentColor\" d=\"M224.3 273l-136 136c-9.4 9.4-24.6 9.4-33.9 0l-22.6-22.6c-9.4-9.4-9.4-24.6 0-33.9l96.4-96.4-96.4-96.4c-9.4-9.4-9.4-24.6 0-33.9L54.3 103c9.4-9.4 24.6-9.4 33.9 0l136 136c9.5 9.4 9.5 24.6.1 34z\"><\/path><\/svg><\/span><span class=\"gb-headline-text\">Inscription et information<\/span><\/p>\n<\/div>\n\n\n\n<div class=\"wp-block-column is-layout-flow wp-block-column-is-layout-flow\" style=\"flex-basis:66.66%\">\n<p>La Raymond A. Wood Foundation (RAWF) et la clinique neuroendocrinienne du Children's Hospital of Philadelphia (CHOP) organisent une conf\u00e9rence semestrielle sur les questions m\u00e9dicales, \u00e9ducatives et sociales auxquelles sont confront\u00e9s les survivants de tumeurs c\u00e9r\u00e9brales hypothalamo-hypophysaires. <\/p>\n\n\n\n<p>Cet \u00e9v\u00e9nement rassemble des individus, des soignants et des experts en soins de sant\u00e9, tous d\u00e9di\u00e9s \u00e0 l'am\u00e9lioration de la vie des personnes affect\u00e9es par diverses conditions m\u00e9dicales caus\u00e9es par des tumeurs c\u00e9r\u00e9brales hypophysaires. Cette conf\u00e9rence offre une occasion unique d'engager des conversations significatives, de partager des exp\u00e9riences personnelles et de s'informer sur les derni\u00e8res avanc\u00e9es en mati\u00e8re de traitement et de soins. Des conf\u00e9renciers d'honneur perspicaces aux sessions interactives en petits groupes, les familles acqui\u00e8rent des connaissances inestimables sur la gestion de l'apr\u00e8s-diagnostic et de l'apr\u00e8s-traitement. <\/p>\n<\/div>\n<\/div>\n\n\n\n<hr class=\"wp-block-separator has-text-color has-alpha-channel-opacity has-background\" style=\"background-color:#eeeeee;color:#eeeeee\"\/>\n\n\n\n<div class=\"wp-block-columns is-layout-flex wp-container-core-columns-is-layout-9d6595d7 wp-block-columns-is-layout-flex\">\n<div class=\"wp-block-column is-layout-flow wp-block-column-is-layout-flow\" style=\"flex-basis:33.33%\">\n<h3 class=\"wp-block-heading\">Groupes de soutien<\/h3>\n\n\n\n<p class=\"gb-headline gb-headline-8b29008a round-icon\"><span class=\"gb-icon\"><svg aria-hidden=\"true\" role=\"img\" height=\"1em\" width=\"1em\" viewbox=\"0 0 256 512\" xmlns=\"http:\/\/www.w3.org\/2000\/svg\"><path fill=\"currentColor\" d=\"M224.3 273l-136 136c-9.4 9.4-24.6 9.4-33.9 0l-22.6-22.6c-9.4-9.4-9.4-24.6 0-33.9l96.4-96.4-96.4-96.4c-9.4-9.4-9.4-24.6 0-33.9L54.3 103c9.4-9.4 24.6-9.4 33.9 0l136 136c9.5 9.4 9.5 24.6.1 34z\"><\/path><\/svg><\/span><span class=\"gb-headline-text\"><a href=\"https:\/\/live-rawf.pantheonsite.io\/events\/\">Voir les \u00e9v\u00e9nements \u00e0 venir<\/a><\/span><\/p>\n<\/div>\n\n\n\n<div class=\"wp-block-column is-layout-flow wp-block-column-is-layout-flow\" style=\"flex-basis:66.66%\">\n<p>La Raymond A. Wood Foundation organise des groupes de soutien mensuels pour les soignants et les survivants de tumeurs c\u00e9r\u00e9brales hypothalamo-hypophysaires. Ces espaces virtuels sont con\u00e7us pour offrir un lieu s\u00fbr o\u00f9 l'on peut se connecter, partager et trouver du r\u00e9confort au milieu des difficult\u00e9s rencontr\u00e9es. Que vous soyez un survivant ou que vous vous occupiez d'un membre de votre famille, d'un ami ou d'un \u00eatre cher, nos groupes de soutien en ligne offrent une plateforme pratique pour \u00e9changer des exp\u00e9riences, glaner des informations et chercher des conseils aupr\u00e8s d'autres personnes qui suivent un chemin similaire. Participez \u00e0 des discussions enrichissantes, acc\u00e9dez \u00e0 des ressources pr\u00e9cieuses et b\u00e9n\u00e9ficiez d'un soutien \u00e9motionnel depuis le confort de votre domicile. Ces rencontres num\u00e9riques transcendent les fronti\u00e8res g\u00e9ographiques et favorisent un sentiment d'appartenance et de camaraderie qui renforce l'id\u00e9e que vous n'\u00eates pas seul dans votre parcours. Rejoignez nos groupes de soutien en ligne et d\u00e9couvrez le pouvoir d'une communaut\u00e9 d'aidants unie, disponible au bout de vos doigts.<\/p>\n<\/div>\n<\/div>\n\n\n\n<hr class=\"wp-block-separator has-text-color has-alpha-channel-opacity has-background\" style=\"background-color:#eeeeee;color:#eeeeee\"\/>\n\n\n\n<div class=\"wp-block-columns is-layout-flex wp-container-core-columns-is-layout-9d6595d7 wp-block-columns-is-layout-flex\">\n<div class=\"wp-block-column is-layout-flow wp-block-column-is-layout-flow\" style=\"flex-basis:33.33%\">\n<h3 class=\"wp-block-heading\">Formation continue<\/h3>\n\n\n\n<p class=\"gb-headline gb-headline-a5e130e3 round-icon\"><span class=\"gb-icon\"><svg aria-hidden=\"true\" role=\"img\" height=\"1em\" width=\"1em\" viewbox=\"0 0 256 512\" xmlns=\"http:\/\/www.w3.org\/2000\/svg\"><path fill=\"currentColor\" d=\"M224.3 273l-136 136c-9.4 9.4-24.6 9.4-33.9 0l-22.6-22.6c-9.4-9.4-9.4-24.6 0-33.9l96.4-96.4-96.4-96.4c-9.4-9.4-9.4-24.6 0-33.9L54.3 103c9.4-9.4 24.6-9.4 33.9 0l136 136c9.5 9.4 9.5 24.6.1 34z\"><\/path><\/svg><\/span><span class=\"gb-headline-text\"><a href=\"https:\/\/live-rawf.pantheonsite.io\/events\/\">Voir les \u00e9v\u00e9nements \u00e0 venir<\/a><a href=\"http:\/\/View upcoming events\">ents<\/a><\/span><\/p>\n<\/div>\n\n\n\n<div class=\"wp-block-column is-layout-flow wp-block-column-is-layout-flow\" style=\"flex-basis:66.66%\">\n<p>La Fondation Raymond A. Wood estime que l'\u00e9ducation est le meilleur outil pour aider les patients et les soignants \u00e0 devenir leurs meilleurs d\u00e9fenseurs. <\/p>\n\n\n\n<p>RAWF propose des webinaires et des vid\u00e9os \u00e9ducatives sur des sujets d'int\u00e9r\u00eat allant de la recherche, des th\u00e9rapies \u00e9mergentes et des essais cliniques en cours, \u00e0 des plong\u00e9es approfondies dans la gestion des conditions r\u00e9sultant des tumeurs. Nous explorons des sujets tels que l'\u00e9ducation sp\u00e9cialis\u00e9e, les comp\u00e9tences sociales et les probl\u00e8mes de comportement.<\/p>\n\n\n\n<p>Les webinaires sont traduits dans 50 langues et nombre de nos vid\u00e9os \u00e9ducatives sont traduites en espagnol.<\/p>\n\n\n\n<p>Tous nos contenus \u00e9ducatifs sont <a href=\"https:\/\/www.youtube.com\/channel\/UCyM_PCQiJzcXwL9H6_gXHFQ\" target=\"_blank\" rel=\"noreferrer noopener\">disponible sur notre cha\u00eene YouTube<\/a>.<\/p>\n<\/div>\n<\/div>\n\n\n\n<hr class=\"wp-block-separator has-text-color has-alpha-channel-opacity has-background\" style=\"background-color:#eeeeee;color:#eeeeee\"\/>\n\n\n\n<div class=\"wp-block-columns is-layout-flex wp-container-core-columns-is-layout-9d6595d7 wp-block-columns-is-layout-flex\">\n<div class=\"wp-block-column is-layout-flow wp-block-column-is-layout-flow\" style=\"flex-basis:33.33%\">\n<h3 class=\"wp-block-heading\">Application de gestion des soins - En cours de d\u00e9veloppement<\/h3>\n<\/div>\n\n\n\n<div class=\"wp-block-column is-layout-flow wp-block-column-is-layout-flow\" style=\"flex-basis:66.66%\">\n<p>Dans la phase de prototypage, RAWF d\u00e9veloppe une application con\u00e7ue pour saisir les donn\u00e9es, fournir des calculs en temps r\u00e9el et aider \u00e0 la gestion des soins des patients. <a href=\"https:\/\/live-rawf.pantheonsite.io\/managing-diabetes-insipidus\/\">d\u00e9ficit en arginine vasopressine<\/a> et d'autres maladies qui n\u00e9cessitent l'enregistrement de donn\u00e9es similaires.<\/p>\n<\/div>\n<\/div>\n\n\n\n<hr class=\"wp-block-separator has-text-color has-alpha-channel-opacity has-background\" style=\"background-color:#eeeeee;color:#eeeeee\"\/>\n\n\n\n<div class=\"wp-block-columns is-layout-flex wp-container-core-columns-is-layout-9d6595d7 wp-block-columns-is-layout-flex\">\n<div class=\"wp-block-column is-layout-flow wp-block-column-is-layout-flow\" style=\"flex-basis:33.33%\">\n<h3 class=\"wp-block-heading\">Navigateur de patients en ligne<\/h3>\n<\/div>\n\n\n\n<div class=\"wp-block-column is-layout-flow wp-block-column-is-layout-flow\" style=\"flex-basis:66.66%\">\n<p>La RAWF travaille actuellement \u00e0 l'\u00e9laboration d'une ressource en ligne compl\u00e8te pour fournir des informations et r\u00e9pondre aux questions les plus fr\u00e9quentes sur le craniopharyngiome. Le diagnostic de cette tumeur et la gestion des soins qui s'ensuivent sont d\u00e9concertants. Il n'existe actuellement aucune ressource compl\u00e8te qui permette d'approfondir les questions les plus courantes. Ce hub sera construit sur la plateforme WordPress et fournira une vue d'ensemble des options de traitement, des principaux h\u00f4pitaux et m\u00e9decins traitants, des th\u00e9rapies actuelles, y compris les options non indiqu\u00e9es sur l'\u00e9tiquette et les m\u00e9decins prescripteurs, ainsi qu'un point de vue des survivants mettant en lumi\u00e8re les histoires de r\u00e9ussite des patients. Le navigateur devrait \u00eatre lanc\u00e9 d'ici la fin de l'ann\u00e9e 2024.<\/p>\n<\/div>\n<\/div>\n\n\n\n<hr class=\"wp-block-separator has-alpha-channel-opacity\"\/>\n\n\n<div class=\"gb-container gb-container-98493386\">\n\n<div class=\"wp-block-columns is-layout-flex wp-container-core-columns-is-layout-9d6595d7 wp-block-columns-is-layout-flex\">\n<div class=\"wp-block-column is-layout-flow wp-block-column-is-layout-flow\" style=\"flex-basis:33.33%\">\n<figure class=\"wp-block-image size-full\"><img decoding=\"async\" width=\"1000\" height=\"562\" src=\"https:\/\/live-rawf.pantheonsite.io\/wp-content\/uploads\/2023\/08\/girl.jpg\" alt=\"Fille avec des fleurs\" class=\"wp-image-7966\" srcset=\"https:\/\/www.rawoodfoundation.org\/wp-content\/uploads\/2023\/08\/girl.jpg 1000w, https:\/\/www.rawoodfoundation.org\/wp-content\/uploads\/2023\/08\/girl-300x169.jpg 300w, https:\/\/www.rawoodfoundation.org\/wp-content\/uploads\/2023\/08\/girl-768x432.jpg 768w, https:\/\/www.rawoodfoundation.org\/wp-content\/uploads\/2023\/08\/girl-18x10.jpg 18w\" sizes=\"(max-width: 1000px) 100vw, 1000px\" \/><\/figure>\n<\/div>\n\n\n\n<div class=\"wp-block-column is-layout-flow wp-block-column-is-layout-flow\" style=\"flex-basis:66.66%\">\n<h3 class=\"wp-block-heading\">Soutenir nos programmes<\/h3>\n\n\n\n<p>Votre soutien peut avoir un impact durable sur notre mission, nous permettant de cr\u00e9er un changement positif et de transformer la vie de ces survivants de tumeurs c\u00e9r\u00e9brales. Rejoignez-nous pour d\u00e9fendre cette cause et, ensemble, nous pouvons ouvrir la voie \u00e0 un avenir meilleur, non seulement pour ces patients, mais aussi pour la recherche sur le cerveau et l'aide aux patients.<\/p>\n\n\n\n<p class=\"gb-headline gb-headline-1207c705 round-icon\"><span class=\"gb-icon\"><svg aria-hidden=\"true\" role=\"img\" height=\"1em\" width=\"1em\" viewbox=\"0 0 256 512\" xmlns=\"http:\/\/www.w3.org\/2000\/svg\"><path fill=\"currentColor\" d=\"M224.3 273l-136 136c-9.4 9.4-24.6 9.4-33.9 0l-22.6-22.6c-9.4-9.4-9.4-24.6 0-33.9l96.4-96.4-96.4-96.4c-9.4-9.4-9.4-24.6 0-33.9L54.3 103c9.4-9.4 24.6-9.4 33.9 0l136 136c9.5 9.4 9.5 24.6.1 34z\"><\/path><\/svg><\/span><span class=\"gb-headline-text\"><a href=\"https:\/\/raymondawoodfoundation-bloom.kindful.com\/\">Faire un don pour faire avancer notre mission<\/a><\/span><\/p>\n<\/div>\n<\/div>\n\n<\/div>","protected":false},"excerpt":{"rendered":"<p>Programmes centr\u00e9s sur le patient Prise en charge \u00e0 domicile de l'Adipsic AVP-D pour les patients atteints de tumeurs c\u00e9r\u00e9brales p\u00e9diatriques Nous contacter ... <a title=\"Les programmes\" class=\"read-more\" href=\"https:\/\/www.rawoodfoundation.org\/fr\/our-goals\/\" aria-label=\"En savoir plus sur les programmes\">Lire plus<\/a><\/p>","protected":false},"author":1,"featured_media":0,"parent":0,"menu_order":95,"comment_status":"closed","ping_status":"closed","template":"","meta":{"_acf_changed":false,"footnotes":""},"class_list":{"0":"post-5243","1":"page","2":"type-page","3":"status-publish","5":"no-featured-image-padding"},"acf":[],"yoast_head":"<!-- This site is optimized with the Yoast SEO plugin v27.3 - https:\/\/yoast.com\/product\/yoast-seo-wordpress\/ -->\n<title>Programs - Raymond A. Wood Foundation<\/title>\n<meta name=\"description\" content=\"Discover the current programs taking place in Raymond A. Wood Foundation and how you can join to be a part of it.\" \/>\n<meta name=\"robots\" content=\"index, follow, max-snippet:-1, max-image-preview:large, max-video-preview:-1\" \/>\n<link rel=\"canonical\" href=\"https:\/\/www.rawoodfoundation.org\/fr\/nos-objectifs\/\" \/>\n<meta property=\"og:locale\" content=\"fr_FR\" \/>\n<meta property=\"og:type\" content=\"article\" \/>\n<meta property=\"og:title\" content=\"Programs - Raymond A. Wood Foundation\" \/>\n<meta property=\"og:description\" content=\"Discover the current programs taking place in Raymond A. Wood Foundation and how you can join to be a part of it.\" \/>\n<meta property=\"og:url\" content=\"https:\/\/www.rawoodfoundation.org\/fr\/nos-objectifs\/\" \/>\n<meta property=\"og:site_name\" content=\"Raymond A. Wood Foundation\" \/>\n<meta property=\"article:publisher\" content=\"https:\/\/www.facebook.com\/rawoodfoundation\" \/>\n<meta property=\"article:modified_time\" content=\"2024-07-23T18:29:15+00:00\" \/>\n<meta property=\"og:image\" content=\"https:\/\/live-rawf.pantheonsite.io\/wp-content\/uploads\/2023\/08\/girl.jpg\" \/>\n<meta name=\"twitter:card\" content=\"summary_large_image\" \/>\n<meta name=\"twitter:site\" content=\"@rawoodfound\" \/>\n<meta name=\"twitter:label1\" content=\"Est. reading time\" \/>\n\t<meta name=\"twitter:data1\" content=\"5 minutes\" \/>\n<script type=\"application\/ld+json\" class=\"yoast-schema-graph\">{\"@context\":\"https:\\\/\\\/schema.org\",\"@graph\":[{\"@type\":\"WebPage\",\"@id\":\"https:\\\/\\\/www.rawoodfoundation.org\\\/our-goals\\\/\",\"url\":\"https:\\\/\\\/www.rawoodfoundation.org\\\/our-goals\\\/\",\"name\":\"Programs - Raymond A. Wood Foundation\",\"isPartOf\":{\"@id\":\"https:\\\/\\\/www.rawoodfoundation.org\\\/#website\"},\"primaryImageOfPage\":{\"@id\":\"https:\\\/\\\/www.rawoodfoundation.org\\\/our-goals\\\/#primaryimage\"},\"image\":{\"@id\":\"https:\\\/\\\/www.rawoodfoundation.org\\\/our-goals\\\/#primaryimage\"},\"thumbnailUrl\":\"https:\\\/\\\/live-rawf.pantheonsite.io\\\/wp-content\\\/uploads\\\/2023\\\/08\\\/girl.jpg\",\"datePublished\":\"2023-05-16T18:26:54+00:00\",\"dateModified\":\"2024-07-23T18:29:15+00:00\",\"description\":\"Discover the current programs taking place in Raymond A. Wood Foundation and how you can join to be a part of it.\",\"breadcrumb\":{\"@id\":\"https:\\\/\\\/www.rawoodfoundation.org\\\/our-goals\\\/#breadcrumb\"},\"inLanguage\":\"fr-FR\",\"potentialAction\":[{\"@type\":\"ReadAction\",\"target\":[\"https:\\\/\\\/www.rawoodfoundation.org\\\/our-goals\\\/\"]}]},{\"@type\":\"ImageObject\",\"inLanguage\":\"fr-FR\",\"@id\":\"https:\\\/\\\/www.rawoodfoundation.org\\\/our-goals\\\/#primaryimage\",\"url\":\"https:\\\/\\\/live-rawf.pantheonsite.io\\\/wp-content\\\/uploads\\\/2023\\\/08\\\/girl.jpg\",\"contentUrl\":\"https:\\\/\\\/live-rawf.pantheonsite.io\\\/wp-content\\\/uploads\\\/2023\\\/08\\\/girl.jpg\"},{\"@type\":\"BreadcrumbList\",\"@id\":\"https:\\\/\\\/www.rawoodfoundation.org\\\/our-goals\\\/#breadcrumb\",\"itemListElement\":[{\"@type\":\"ListItem\",\"position\":1,\"name\":\"Home\",\"item\":\"https:\\\/\\\/www.rawoodfoundation.org\\\/\"},{\"@type\":\"ListItem\",\"position\":2,\"name\":\"Programs\"}]},{\"@type\":\"WebSite\",\"@id\":\"https:\\\/\\\/www.rawoodfoundation.org\\\/#website\",\"url\":\"https:\\\/\\\/www.rawoodfoundation.org\\\/\",\"name\":\"Raymond A. Wood Foundation\",\"description\":\"The mission of the RAWF is to provide quality of life support for childhood brain tumor survivors and their families.\",\"publisher\":{\"@id\":\"https:\\\/\\\/www.rawoodfoundation.org\\\/#organization\"},\"potentialAction\":[{\"@type\":\"SearchAction\",\"target\":{\"@type\":\"EntryPoint\",\"urlTemplate\":\"https:\\\/\\\/www.rawoodfoundation.org\\\/?s={search_term_string}\"},\"query-input\":{\"@type\":\"PropertyValueSpecification\",\"valueRequired\":true,\"valueName\":\"search_term_string\"}}],\"inLanguage\":\"fr-FR\"},{\"@type\":\"Organization\",\"@id\":\"https:\\\/\\\/www.rawoodfoundation.org\\\/#organization\",\"name\":\"Raymond A. Wood Foundation\",\"url\":\"https:\\\/\\\/www.rawoodfoundation.org\\\/\",\"logo\":{\"@type\":\"ImageObject\",\"inLanguage\":\"fr-FR\",\"@id\":\"https:\\\/\\\/www.rawoodfoundation.org\\\/#\\\/schema\\\/logo\\\/image\\\/\",\"url\":\"https:\\\/\\\/www.rawoodfoundation.org\\\/wp-content\\\/uploads\\\/2023\\\/07\\\/Raymond-A-Wood-Foundation-logo.webp\",\"contentUrl\":\"https:\\\/\\\/www.rawoodfoundation.org\\\/wp-content\\\/uploads\\\/2023\\\/07\\\/Raymond-A-Wood-Foundation-logo.webp\",\"width\":470,\"height\":128,\"caption\":\"Raymond A. Wood Foundation\"},\"image\":{\"@id\":\"https:\\\/\\\/www.rawoodfoundation.org\\\/#\\\/schema\\\/logo\\\/image\\\/\"},\"sameAs\":[\"https:\\\/\\\/www.facebook.com\\\/rawoodfoundation\",\"https:\\\/\\\/x.com\\\/rawoodfound\"]}]}<\/script>\n<!-- \/ Yoast SEO plugin. -->","yoast_head_json":{"title":"Programmes - Fondation Raymond A. Wood","description":"D\u00e9couvrez les programmes en cours \u00e0 la Fondation Raymond A. Wood et comment vous pouvez y participer.","robots":{"index":"index","follow":"follow","max-snippet":"max-snippet:-1","max-image-preview":"max-image-preview:large","max-video-preview":"max-video-preview:-1"},"canonical":"https:\/\/www.rawoodfoundation.org\/fr\/nos-objectifs\/","og_locale":"fr_FR","og_type":"article","og_title":"Programs - Raymond A. Wood Foundation","og_description":"Discover the current programs taking place in Raymond A. Wood Foundation and how you can join to be a part of it.","og_url":"https:\/\/www.rawoodfoundation.org\/fr\/nos-objectifs\/","og_site_name":"Raymond A. Wood Foundation","article_publisher":"https:\/\/www.facebook.com\/rawoodfoundation","article_modified_time":"2024-07-23T18:29:15+00:00","og_image":[{"url":"https:\/\/live-rawf.pantheonsite.io\/wp-content\/uploads\/2023\/08\/girl.jpg","type":"","width":"","height":""}],"twitter_card":"summary_large_image","twitter_site":"@rawoodfound","twitter_misc":{"Est. reading time":"5 minutes"},"schema":{"@context":"https:\/\/schema.org","@graph":[{"@type":"WebPage","@id":"https:\/\/www.rawoodfoundation.org\/our-goals\/","url":"https:\/\/www.rawoodfoundation.org\/our-goals\/","name":"Programmes - Fondation Raymond A. Wood","isPartOf":{"@id":"https:\/\/www.rawoodfoundation.org\/#website"},"primaryImageOfPage":{"@id":"https:\/\/www.rawoodfoundation.org\/our-goals\/#primaryimage"},"image":{"@id":"https:\/\/www.rawoodfoundation.org\/our-goals\/#primaryimage"},"thumbnailUrl":"https:\/\/live-rawf.pantheonsite.io\/wp-content\/uploads\/2023\/08\/girl.jpg","datePublished":"2023-05-16T18:26:54+00:00","dateModified":"2024-07-23T18:29:15+00:00","description":"D\u00e9couvrez les programmes en cours \u00e0 la Fondation Raymond A. Wood et comment vous pouvez y participer.","breadcrumb":{"@id":"https:\/\/www.rawoodfoundation.org\/our-goals\/#breadcrumb"},"inLanguage":"fr-FR","potentialAction":[{"@type":"ReadAction","target":["https:\/\/www.rawoodfoundation.org\/our-goals\/"]}]},{"@type":"ImageObject","inLanguage":"fr-FR","@id":"https:\/\/www.rawoodfoundation.org\/our-goals\/#primaryimage","url":"https:\/\/live-rawf.pantheonsite.io\/wp-content\/uploads\/2023\/08\/girl.jpg","contentUrl":"https:\/\/live-rawf.pantheonsite.io\/wp-content\/uploads\/2023\/08\/girl.jpg"},{"@type":"BreadcrumbList","@id":"https:\/\/www.rawoodfoundation.org\/our-goals\/#breadcrumb","itemListElement":[{"@type":"ListItem","position":1,"name":"Home","item":"https:\/\/www.rawoodfoundation.org\/"},{"@type":"ListItem","position":2,"name":"Programs"}]},{"@type":"WebSite","@id":"https:\/\/www.rawoodfoundation.org\/#website","url":"https:\/\/www.rawoodfoundation.org\/","name":"Fondation Raymond A. Wood","description":"La mission de la RAWF est d'apporter un soutien \u00e0 la qualit\u00e9 de vie des survivants de tumeurs c\u00e9r\u00e9brales infantiles et de leurs familles.","publisher":{"@id":"https:\/\/www.rawoodfoundation.org\/#organization"},"potentialAction":[{"@type":"SearchAction","target":{"@type":"EntryPoint","urlTemplate":"https:\/\/www.rawoodfoundation.org\/?s={search_term_string}"},"query-input":{"@type":"PropertyValueSpecification","valueRequired":true,"valueName":"search_term_string"}}],"inLanguage":"fr-FR"},{"@type":"Organization","@id":"https:\/\/www.rawoodfoundation.org\/#organization","name":"Fondation Raymond A. Wood","url":"https:\/\/www.rawoodfoundation.org\/","logo":{"@type":"ImageObject","inLanguage":"fr-FR","@id":"https:\/\/www.rawoodfoundation.org\/#\/schema\/logo\/image\/","url":"https:\/\/www.rawoodfoundation.org\/wp-content\/uploads\/2023\/07\/Raymond-A-Wood-Foundation-logo.webp","contentUrl":"https:\/\/www.rawoodfoundation.org\/wp-content\/uploads\/2023\/07\/Raymond-A-Wood-Foundation-logo.webp","width":470,"height":128,"caption":"Raymond A. Wood Foundation"},"image":{"@id":"https:\/\/www.rawoodfoundation.org\/#\/schema\/logo\/image\/"},"sameAs":["https:\/\/www.facebook.com\/rawoodfoundation","https:\/\/x.com\/rawoodfound"]}]}},"_links":{"self":[{"href":"https:\/\/www.rawoodfoundation.org\/fr\/wp-json\/wp\/v2\/pages\/5243","targetHints":{"allow":["GET"]}}],"collection":[{"href":"https:\/\/www.rawoodfoundation.org\/fr\/wp-json\/wp\/v2\/pages"}],"about":[{"href":"https:\/\/www.rawoodfoundation.org\/fr\/wp-json\/wp\/v2\/types\/page"}],"author":[{"embeddable":true,"href":"https:\/\/www.rawoodfoundation.org\/fr\/wp-json\/wp\/v2\/users\/1"}],"replies":[{"embeddable":true,"href":"https:\/\/www.rawoodfoundation.org\/fr\/wp-json\/wp\/v2\/comments?post=5243"}],"version-history":[{"count":14,"href":"https:\/\/www.rawoodfoundation.org\/fr\/wp-json\/wp\/v2\/pages\/5243\/revisions"}],"predecessor-version":[{"id":9327,"href":"https:\/\/www.rawoodfoundation.org\/fr\/wp-json\/wp\/v2\/pages\/5243\/revisions\/9327"}],"wp:attachment":[{"href":"https:\/\/www.rawoodfoundation.org\/fr\/wp-json\/wp\/v2\/media?parent=5243"}],"curies":[{"name":"wp","href":"https:\/\/api.w.org\/{rel}","templated":true}]}}