{"id":5209,"date":"2023-05-16T16:45:02","date_gmt":"2023-05-16T16:45:02","guid":{"rendered":"https:\/\/live-rawf.pantheonsite.io\/?page_id=5209"},"modified":"2025-05-05T17:02:12","modified_gmt":"2025-05-05T17:02:12","slug":"diversite-equite-et-inclusion","status":"publish","type":"page","link":"https:\/\/www.rawoodfoundation.org\/fr\/diversity-equity-and-inclusion\/","title":{"rendered":"Diversit\u00e9, \u00e9quit\u00e9 et inclusion"},"content":{"rendered":"<div style=\"height:60px\" aria-hidden=\"true\" class=\"wp-block-spacer\"><\/div>\n\n\n\n<div class=\"wp-block-columns is-layout-flex wp-container-core-columns-is-layout-9d6595d7 wp-block-columns-is-layout-flex\">\n<div class=\"wp-block-column is-layout-flow wp-block-column-is-layout-flow\" style=\"flex-basis:33.33%\">\n<p>La Fondation Raymond A. Wood s'engage \u00e0 cr\u00e9er un environnement diversifi\u00e9, inclusif et \u00e9quitable o\u00f9 tous les membres du personnel, les membres du conseil d'administration, les partenaires et les membres de notre communaut\u00e9 sont trait\u00e9s avec respect et dignit\u00e9.<\/p>\n\n\n\n<figure class=\"gb-block-image gb-block-image-a2e1bb97\"><img decoding=\"async\" width=\"724\" height=\"483\" class=\"gb-image gb-image-a2e1bb97\" src=\"https:\/\/live-rawf.pantheonsite.io\/wp-content\/uploads\/2023\/05\/iStock-1455296779.jpg\" alt=\"DEI\" title=\"Des hommes d&#039;affaires souriants se tenant bras dessus bras dessous dans un hall de bureau\" srcset=\"https:\/\/www.rawoodfoundation.org\/wp-content\/uploads\/2023\/05\/iStock-1455296779.jpg 724w, https:\/\/www.rawoodfoundation.org\/wp-content\/uploads\/2023\/05\/iStock-1455296779-300x200.jpg 300w, https:\/\/www.rawoodfoundation.org\/wp-content\/uploads\/2023\/05\/iStock-1455296779-18x12.jpg 18w\" sizes=\"(max-width: 724px) 100vw, 724px\" \/><\/figure>\n<\/div>\n\n\n\n<div class=\"wp-block-column is-layout-flow wp-block-column-is-layout-flow\" style=\"flex-basis:66.66%\">\n<h2 class=\"wp-block-heading\">Qu'est-ce que la diversit\u00e9 ?<\/h2>\n\n\n\n<p>La diversit\u00e9 fait r\u00e9f\u00e9rence \u00e0 la race, au sexe, \u00e0 l'appartenance ethnique, \u00e0 la nationalit\u00e9, \u00e0 la religion, \u00e0 l'identit\u00e9 sexuelle, au statut familial, \u00e0 l'\u00e2ge, au handicap et au statut socio-\u00e9conomique.<\/p>\n\n\n\n<h2 class=\"wp-block-heading\">Qu'est-ce que l'\u00e9quit\u00e9 ?<\/h2>\n\n\n\n<p>L'\u00e9quit\u00e9 est un processus qui garantit que tous les individus ont la possibilit\u00e9 de contribuer, de se d\u00e9velopper et d'\u00e9voluer en d\u00e9pit des in\u00e9galit\u00e9s historiques, structurelles, l\u00e9gislatives, raciales et socio-\u00e9conomiques.<\/p>\n\n\n\n<h2 class=\"wp-block-heading\">Qu'est-ce que l'inclusion ?<\/h2>\n\n\n\n<p>L'inclusion consiste \u00e0 valoriser, respecter et encourager la pleine participation de chaque individu \u00e0 la vie et \u00e0 la direction de l'organisation.<\/p>\n\n\n\n<p>En tant qu'organisation, nous c\u00e9l\u00e9brons la diversit\u00e9 de notre personnel, de notre conseil d'administration et de notre communaut\u00e9. Nous ne tol\u00e9rerons aucune discrimination, aucun pr\u00e9jug\u00e9, aucun harc\u00e8lement ni aucune intimidation de quelque nature que ce soit. Ind\u00e9pendamment de la race, du statut socio-\u00e9conomique, de l'\u00e2ge, du handicap, de la religion, de l'orientation sexuelle, de la nationalit\u00e9, du sexe ou de l'\u00e9tat civil.<\/p>\n\n\n\n<p>La Fondation Raymond A. Wood, son personnel et son conseil d'administration acceptent d'\u00eatre guid\u00e9s par ces principes et s'engagent \u00e0 ce qu'ils se refl\u00e8tent dans notre vision, notre mission, notre planification strat\u00e9gique, notre programmation, notre gouvernance et la composition de notre conseil d'administration. Notre engagement en faveur de la diversit\u00e9, de l'\u00e9quit\u00e9 et de l'inclusion s'\u00e9tend \u00e0 notre personnel, \u00e0 nos membres et aux programmes que nous d\u00e9veloppons et soutenons.<\/p>\n<\/div>\n<\/div>\n\n\n\n<hr class=\"wp-block-separator has-text-color has-alpha-channel-opacity has-background\" style=\"background-color:#eeeeee;color:#eeeeee\"\/>\n\n\n\n<div class=\"wp-block-columns is-layout-flex wp-container-core-columns-is-layout-9d6595d7 wp-block-columns-is-layout-flex\">\n<div class=\"wp-block-column is-layout-flow wp-block-column-is-layout-flow\">\n<h2 class=\"wp-block-heading\">Politique de lutte contre la discrimination<\/h2>\n\n\n\n<p>La Fondation Raymond A. Wood ne pratique pas et ne pratiquera pas de discrimination fond\u00e9e sur la race, la couleur, la religion (croyance), le sexe, l'expression du sexe, l'\u00e2ge, l'origine nationale (ascendance), le handicap, l'\u00e9tat matrimonial, l'orientation sexuelle ou le statut militaire, dans le cadre de ses activit\u00e9s ou op\u00e9rations.  Ces activit\u00e9s comprennent, sans s'y limiter, la nomination et la r\u00e9vocation des membres du conseil d'administration, l'embauche et le licenciement du personnel ou des contractants, la s\u00e9lection des b\u00e9n\u00e9voles, la s\u00e9lection des fournisseurs et la fourniture de services.&nbsp;&nbsp;<\/p>\n<\/div>\n\n\n\n<div class=\"wp-block-column is-layout-flow wp-block-column-is-layout-flow\">\n<h2 class=\"wp-block-heading\">Employeur pour l'\u00e9galit\u00e9 des chances<\/h2>\n\n\n\n<p>La Fondation Raymond A. Wood est un employeur qui souscrit au principe de l'\u00e9galit\u00e9 des chances.  Nous ne faisons pas et ne ferons pas de discrimination en mati\u00e8re d'emploi, de recrutement, de participation au conseil d'administration, de publicit\u00e9 pour l'emploi, de r\u00e9mun\u00e9ration, de licenciement, d'avancement, de promotion et d'autres conditions d'emploi \u00e0 l'encontre d'un employ\u00e9 ou d'un candidat \u00e0 l'emploi sur la base de la race, de la couleur, de la religion (croyance), du sexe, de l'expression du sexe, de l'\u00e2ge, de l'origine nationale (ascendance), du handicap, de l'\u00e9tat civil, de l'orientation sexuelle ou du statut militaire, ou pour toute autre raison discriminatoire.&nbsp;<\/p>\n<\/div>\n<\/div>","protected":false},"excerpt":{"rendered":"<p>La Fondation Raymond A. Wood s'engage \u00e0 cr\u00e9er un environnement diversifi\u00e9, inclusif, ... <a title=\"Diversit\u00e9, \u00e9quit\u00e9 et inclusion\" class=\"read-more\" href=\"https:\/\/www.rawoodfoundation.org\/fr\/diversity-equity-and-inclusion\/\" aria-label=\"En savoir plus sur la diversit\u00e9, l&#039;\u00e9quit\u00e9 et l&#039;inclusion\">Lire plus<\/a><\/p>","protected":false},"author":1,"featured_media":0,"parent":0,"menu_order":100,"comment_status":"closed","ping_status":"closed","template":"","meta":{"_acf_changed":false,"footnotes":""},"class_list":{"0":"post-5209","1":"page","2":"type-page","3":"status-publish","5":"no-featured-image-padding"},"acf":[],"yoast_head":"<!-- This site is optimized with the Yoast SEO plugin v27.3 - https:\/\/yoast.com\/product\/yoast-seo-wordpress\/ -->\n<title>Diversity, Equity, and Inclusion - Raymond A. Wood Foundation<\/title>\n<meta name=\"robots\" content=\"index, follow, max-snippet:-1, max-image-preview:large, max-video-preview:-1\" \/>\n<link rel=\"canonical\" href=\"https:\/\/www.rawoodfoundation.org\/fr\/diversite-equite-et-inclusion\/\" \/>\n<meta property=\"og:locale\" content=\"fr_FR\" \/>\n<meta property=\"og:type\" content=\"article\" \/>\n<meta property=\"og:title\" content=\"Diversity, Equity, and Inclusion - Raymond A. Wood Foundation\" \/>\n<meta property=\"og:description\" content=\"The Raymond A. Wood Foundation is committed to creating an environment that is diverse, inclusive, ... Lire plus\" \/>\n<meta property=\"og:url\" content=\"https:\/\/www.rawoodfoundation.org\/fr\/diversite-equite-et-inclusion\/\" \/>\n<meta property=\"og:site_name\" content=\"Raymond A. Wood Foundation\" \/>\n<meta property=\"article:publisher\" content=\"https:\/\/www.facebook.com\/rawoodfoundation\" \/>\n<meta property=\"article:modified_time\" content=\"2025-05-05T17:02:12+00:00\" \/>\n<meta property=\"og:image\" content=\"https:\/\/live-rawf.pantheonsite.io\/wp-content\/uploads\/2023\/05\/iStock-1455296779.jpg\" \/>\n<meta name=\"twitter:card\" content=\"summary_large_image\" \/>\n<meta name=\"twitter:site\" content=\"@rawoodfound\" \/>\n<meta name=\"twitter:label1\" content=\"Est. reading time\" \/>\n\t<meta name=\"twitter:data1\" content=\"2 minutes\" \/>\n<script type=\"application\/ld+json\" class=\"yoast-schema-graph\">{\"@context\":\"https:\\\/\\\/schema.org\",\"@graph\":[{\"@type\":\"WebPage\",\"@id\":\"https:\\\/\\\/www.rawoodfoundation.org\\\/diversity-equity-and-inclusion\\\/\",\"url\":\"https:\\\/\\\/www.rawoodfoundation.org\\\/diversity-equity-and-inclusion\\\/\",\"name\":\"Diversity, Equity, and Inclusion - Raymond A. Wood Foundation\",\"isPartOf\":{\"@id\":\"https:\\\/\\\/www.rawoodfoundation.org\\\/#website\"},\"primaryImageOfPage\":{\"@id\":\"https:\\\/\\\/www.rawoodfoundation.org\\\/diversity-equity-and-inclusion\\\/#primaryimage\"},\"image\":{\"@id\":\"https:\\\/\\\/www.rawoodfoundation.org\\\/diversity-equity-and-inclusion\\\/#primaryimage\"},\"thumbnailUrl\":\"https:\\\/\\\/live-rawf.pantheonsite.io\\\/wp-content\\\/uploads\\\/2023\\\/05\\\/iStock-1455296779.jpg\",\"datePublished\":\"2023-05-16T16:45:02+00:00\",\"dateModified\":\"2025-05-05T17:02:12+00:00\",\"breadcrumb\":{\"@id\":\"https:\\\/\\\/www.rawoodfoundation.org\\\/diversity-equity-and-inclusion\\\/#breadcrumb\"},\"inLanguage\":\"fr-FR\",\"potentialAction\":[{\"@type\":\"ReadAction\",\"target\":[\"https:\\\/\\\/www.rawoodfoundation.org\\\/diversity-equity-and-inclusion\\\/\"]}]},{\"@type\":\"ImageObject\",\"inLanguage\":\"fr-FR\",\"@id\":\"https:\\\/\\\/www.rawoodfoundation.org\\\/diversity-equity-and-inclusion\\\/#primaryimage\",\"url\":\"https:\\\/\\\/live-rawf.pantheonsite.io\\\/wp-content\\\/uploads\\\/2023\\\/05\\\/iStock-1455296779.jpg\",\"contentUrl\":\"https:\\\/\\\/live-rawf.pantheonsite.io\\\/wp-content\\\/uploads\\\/2023\\\/05\\\/iStock-1455296779.jpg\"},{\"@type\":\"BreadcrumbList\",\"@id\":\"https:\\\/\\\/www.rawoodfoundation.org\\\/diversity-equity-and-inclusion\\\/#breadcrumb\",\"itemListElement\":[{\"@type\":\"ListItem\",\"position\":1,\"name\":\"Home\",\"item\":\"https:\\\/\\\/www.rawoodfoundation.org\\\/\"},{\"@type\":\"ListItem\",\"position\":2,\"name\":\"Diversity, Equity, and Inclusion\"}]},{\"@type\":\"WebSite\",\"@id\":\"https:\\\/\\\/www.rawoodfoundation.org\\\/#website\",\"url\":\"https:\\\/\\\/www.rawoodfoundation.org\\\/\",\"name\":\"Raymond A. Wood Foundation\",\"description\":\"The mission of the RAWF is to provide quality of life support for childhood brain tumor survivors and their families.\",\"publisher\":{\"@id\":\"https:\\\/\\\/www.rawoodfoundation.org\\\/#organization\"},\"potentialAction\":[{\"@type\":\"SearchAction\",\"target\":{\"@type\":\"EntryPoint\",\"urlTemplate\":\"https:\\\/\\\/www.rawoodfoundation.org\\\/?s={search_term_string}\"},\"query-input\":{\"@type\":\"PropertyValueSpecification\",\"valueRequired\":true,\"valueName\":\"search_term_string\"}}],\"inLanguage\":\"fr-FR\"},{\"@type\":\"Organization\",\"@id\":\"https:\\\/\\\/www.rawoodfoundation.org\\\/#organization\",\"name\":\"Raymond A. Wood Foundation\",\"url\":\"https:\\\/\\\/www.rawoodfoundation.org\\\/\",\"logo\":{\"@type\":\"ImageObject\",\"inLanguage\":\"fr-FR\",\"@id\":\"https:\\\/\\\/www.rawoodfoundation.org\\\/#\\\/schema\\\/logo\\\/image\\\/\",\"url\":\"https:\\\/\\\/www.rawoodfoundation.org\\\/wp-content\\\/uploads\\\/2023\\\/07\\\/Raymond-A-Wood-Foundation-logo.webp\",\"contentUrl\":\"https:\\\/\\\/www.rawoodfoundation.org\\\/wp-content\\\/uploads\\\/2023\\\/07\\\/Raymond-A-Wood-Foundation-logo.webp\",\"width\":470,\"height\":128,\"caption\":\"Raymond A. Wood Foundation\"},\"image\":{\"@id\":\"https:\\\/\\\/www.rawoodfoundation.org\\\/#\\\/schema\\\/logo\\\/image\\\/\"},\"sameAs\":[\"https:\\\/\\\/www.facebook.com\\\/rawoodfoundation\",\"https:\\\/\\\/x.com\\\/rawoodfound\"]}]}<\/script>\n<!-- \/ Yoast SEO plugin. -->","yoast_head_json":{"title":"Diversit\u00e9, \u00e9quit\u00e9 et inclusion - Raymond A. Wood Foundation","robots":{"index":"index","follow":"follow","max-snippet":"max-snippet:-1","max-image-preview":"max-image-preview:large","max-video-preview":"max-video-preview:-1"},"canonical":"https:\/\/www.rawoodfoundation.org\/fr\/diversite-equite-et-inclusion\/","og_locale":"fr_FR","og_type":"article","og_title":"Diversity, Equity, and Inclusion - Raymond A. Wood Foundation","og_description":"The Raymond A. Wood Foundation is committed to creating an environment that is diverse, inclusive, ... Lire plus","og_url":"https:\/\/www.rawoodfoundation.org\/fr\/diversite-equite-et-inclusion\/","og_site_name":"Raymond A. Wood Foundation","article_publisher":"https:\/\/www.facebook.com\/rawoodfoundation","article_modified_time":"2025-05-05T17:02:12+00:00","og_image":[{"url":"https:\/\/live-rawf.pantheonsite.io\/wp-content\/uploads\/2023\/05\/iStock-1455296779.jpg","type":"","width":"","height":""}],"twitter_card":"summary_large_image","twitter_site":"@rawoodfound","twitter_misc":{"Est. reading time":"2 minutes"},"schema":{"@context":"https:\/\/schema.org","@graph":[{"@type":"WebPage","@id":"https:\/\/www.rawoodfoundation.org\/diversity-equity-and-inclusion\/","url":"https:\/\/www.rawoodfoundation.org\/diversity-equity-and-inclusion\/","name":"Diversit\u00e9, \u00e9quit\u00e9 et inclusion - Raymond A. Wood Foundation","isPartOf":{"@id":"https:\/\/www.rawoodfoundation.org\/#website"},"primaryImageOfPage":{"@id":"https:\/\/www.rawoodfoundation.org\/diversity-equity-and-inclusion\/#primaryimage"},"image":{"@id":"https:\/\/www.rawoodfoundation.org\/diversity-equity-and-inclusion\/#primaryimage"},"thumbnailUrl":"https:\/\/live-rawf.pantheonsite.io\/wp-content\/uploads\/2023\/05\/iStock-1455296779.jpg","datePublished":"2023-05-16T16:45:02+00:00","dateModified":"2025-05-05T17:02:12+00:00","breadcrumb":{"@id":"https:\/\/www.rawoodfoundation.org\/diversity-equity-and-inclusion\/#breadcrumb"},"inLanguage":"fr-FR","potentialAction":[{"@type":"ReadAction","target":["https:\/\/www.rawoodfoundation.org\/diversity-equity-and-inclusion\/"]}]},{"@type":"ImageObject","inLanguage":"fr-FR","@id":"https:\/\/www.rawoodfoundation.org\/diversity-equity-and-inclusion\/#primaryimage","url":"https:\/\/live-rawf.pantheonsite.io\/wp-content\/uploads\/2023\/05\/iStock-1455296779.jpg","contentUrl":"https:\/\/live-rawf.pantheonsite.io\/wp-content\/uploads\/2023\/05\/iStock-1455296779.jpg"},{"@type":"BreadcrumbList","@id":"https:\/\/www.rawoodfoundation.org\/diversity-equity-and-inclusion\/#breadcrumb","itemListElement":[{"@type":"ListItem","position":1,"name":"Home","item":"https:\/\/www.rawoodfoundation.org\/"},{"@type":"ListItem","position":2,"name":"Diversity, Equity, and Inclusion"}]},{"@type":"WebSite","@id":"https:\/\/www.rawoodfoundation.org\/#website","url":"https:\/\/www.rawoodfoundation.org\/","name":"Fondation Raymond A. Wood","description":"La mission de la RAWF est d'apporter un soutien \u00e0 la qualit\u00e9 de vie des survivants de tumeurs c\u00e9r\u00e9brales infantiles et de leurs familles.","publisher":{"@id":"https:\/\/www.rawoodfoundation.org\/#organization"},"potentialAction":[{"@type":"SearchAction","target":{"@type":"EntryPoint","urlTemplate":"https:\/\/www.rawoodfoundation.org\/?s={search_term_string}"},"query-input":{"@type":"PropertyValueSpecification","valueRequired":true,"valueName":"search_term_string"}}],"inLanguage":"fr-FR"},{"@type":"Organization","@id":"https:\/\/www.rawoodfoundation.org\/#organization","name":"Fondation Raymond A. Wood","url":"https:\/\/www.rawoodfoundation.org\/","logo":{"@type":"ImageObject","inLanguage":"fr-FR","@id":"https:\/\/www.rawoodfoundation.org\/#\/schema\/logo\/image\/","url":"https:\/\/www.rawoodfoundation.org\/wp-content\/uploads\/2023\/07\/Raymond-A-Wood-Foundation-logo.webp","contentUrl":"https:\/\/www.rawoodfoundation.org\/wp-content\/uploads\/2023\/07\/Raymond-A-Wood-Foundation-logo.webp","width":470,"height":128,"caption":"Raymond A. Wood Foundation"},"image":{"@id":"https:\/\/www.rawoodfoundation.org\/#\/schema\/logo\/image\/"},"sameAs":["https:\/\/www.facebook.com\/rawoodfoundation","https:\/\/x.com\/rawoodfound"]}]}},"_links":{"self":[{"href":"https:\/\/www.rawoodfoundation.org\/fr\/wp-json\/wp\/v2\/pages\/5209","targetHints":{"allow":["GET"]}}],"collection":[{"href":"https:\/\/www.rawoodfoundation.org\/fr\/wp-json\/wp\/v2\/pages"}],"about":[{"href":"https:\/\/www.rawoodfoundation.org\/fr\/wp-json\/wp\/v2\/types\/page"}],"author":[{"embeddable":true,"href":"https:\/\/www.rawoodfoundation.org\/fr\/wp-json\/wp\/v2\/users\/1"}],"replies":[{"embeddable":true,"href":"https:\/\/www.rawoodfoundation.org\/fr\/wp-json\/wp\/v2\/comments?post=5209"}],"version-history":[{"count":5,"href":"https:\/\/www.rawoodfoundation.org\/fr\/wp-json\/wp\/v2\/pages\/5209\/revisions"}],"predecessor-version":[{"id":12932,"href":"https:\/\/www.rawoodfoundation.org\/fr\/wp-json\/wp\/v2\/pages\/5209\/revisions\/12932"}],"wp:attachment":[{"href":"https:\/\/www.rawoodfoundation.org\/fr\/wp-json\/wp\/v2\/media?parent=5209"}],"curies":[{"name":"wp","href":"https:\/\/api.w.org\/{rel}","templated":true}]}}