{"id":5187,"date":"2023-05-16T16:04:13","date_gmt":"2023-05-16T16:04:13","guid":{"rendered":"https:\/\/live-rawf.pantheonsite.io\/?page_id=5187"},"modified":"2026-04-08T18:37:28","modified_gmt":"2026-04-08T18:37:28","slug":"demande-de-corps","status":"publish","type":"page","link":"https:\/\/www.rawoodfoundation.org\/fr\/bod-application\/","title":{"rendered":"Rejoignez notre conseil d'administration"},"content":{"rendered":"<h2 class=\"wp-block-heading\">Avoir un impact durable sur la vie des patients et de leurs familles<\/h2>\n\n\n\n<p>Rejoindre le conseil d'administration de la Raymond A. Wood Foundation offre une opportunit\u00e9 unique et gratifiante de d\u00e9fendre les personnes confront\u00e9es aux d\u00e9fis m\u00e9dicaux et cognitifs des tumeurs c\u00e9r\u00e9brales hypothalamo-hypophysaires, tout en se faisant le champion d'un avenir plus brillant et plus sain.<\/p>\n\n\n\n<p>RAWF est une organisation dynamique de d\u00e9fense des patients qui se consacre \u00e0 l'am\u00e9lioration de la vie des personnes qui luttent contre des tumeurs c\u00e9r\u00e9brales rares et qui sont confront\u00e9es \u00e0 des d\u00e9fis \u00e0 vie li\u00e9s aux tumeurs et\/ou aux traitements. En devenant membre du conseil d'administration, vous ferez partie d'une \u00e9quipe de personnes compatissantes et motiv\u00e9es qui partagent un objectif commun : faire une diff\u00e9rence positive dans le monde des soins de sant\u00e9 et de la recherche sur le cerveau.<\/p>\n\n\n\n<h4 class=\"wp-block-heading\">Pourquoi nous rejoindre ?<\/h4>\n\n\n\n<p>Devenir membre du conseil d'administration d'une organisation en pleine croissance est une opportunit\u00e9 enrichissante. Voici quelques raisons d'envisager une adh\u00e9sion :<\/p>\n\n\n\n<ol class=\"wp-block-list\">\n<li><strong>Favoriser un plaidoyer centr\u00e9 sur le patient<\/strong>: Au c\u0153ur de notre mission se trouve l'engagement in\u00e9branlable de d\u00e9fendre les int\u00e9r\u00eats des patients. En tant que membre du conseil d'administration, vous jouerez un r\u00f4le crucial dans l'\u00e9laboration de politiques, de programmes et d'initiatives qui accordent la priorit\u00e9 aux besoins, aux droits et \u00e0 la dignit\u00e9 des patients. Votre voix nous aidera \u00e0 mettre en place un syst\u00e8me de soutien solide pour les patients, en veillant \u00e0 ce qu'ils re\u00e7oivent les meilleurs soins possibles.<\/li>\n\n\n\n<li><strong>Avoir un impact tangible :<\/strong> En rejoignant notre conseil d'administration, vous aurez l'occasion de transformer des vies de mani\u00e8re tangible. Qu'il s'agisse de d\u00e9fendre des projets de recherche ou de mener des campagnes de sensibilisation, vous contribuerez activement \u00e0 des projets qui changent la vie et influencent positivement le paysage m\u00e9dical.<\/li>\n\n\n\n<li><strong>Favoriser l'innovation : <\/strong>La Fondation Raymond A. Wood croit en l'innovation dans les soins aux patients. En tant que membre du conseil d'administration, vous collaborerez avec des experts, des chercheurs et des leaders de l'industrie, ce qui favorisera une culture d'apprentissage et d'am\u00e9lioration continus. Ensemble, nous explorerons des solutions r\u00e9volutionnaires qui pourraient fa\u00e7onner l'avenir des soins de sant\u00e9.<\/li>\n\n\n\n<li><strong>Construire un r\u00e9seau de soutien : <\/strong>En rejoignant notre conseil d'administration, vous ferez partie d'une communaut\u00e9 de soutien qui partage votre passion pour la d\u00e9fense des int\u00e9r\u00eats des patients. Entrez en contact avec les autres membres du conseil d'administration, qui apportent tous une exp\u00e9rience et une expertise diverses, et ensemble, nous cr\u00e9erons un r\u00e9seau de soutien et de camaraderie in\u00e9branlables.<\/li>\n\n\n\n<li><strong>Croissance et d\u00e9veloppement personnel : <\/strong>Faire partie du conseil d'administration de la Fondation Raymond A. Wood, ce n'est pas seulement donner, c'est aussi s'\u00e9panouir. En tant que membre du conseil d'administration, vous am\u00e9liorerez vos comp\u00e9tences en mati\u00e8re de leadership, vous obtiendrez des informations pr\u00e9cieuses sur le secteur des soins de sant\u00e9 et vous \u00e9tablirez des liens qui influenceront positivement votre parcours professionnel.<\/li>\n<\/ol>\n\n\n\n<p>Rejoignez le conseil d'administration de la Fondation Raymond A. Wood d\u00e8s aujourd'hui et devenez une lueur d'espoir pour les patients et les familles. Ensemble, suscitons le changement, sensibilisons et renfor\u00e7ons les vies dans le domaine de la d\u00e9fense des patients atteints de tumeurs c\u00e9r\u00e9brales. Votre d\u00e9vouement et votre passion peuvent \u00eatre le catalyseur d'un avenir meilleur et plus sain pour tous. Faites le premier pas pour faire la diff\u00e9rence - envisagez de rejoindre notre \u00e9quipe exceptionnelle d\u00e8s aujourd'hui !<\/p>\n\n\n\n<h3 class=\"wp-block-heading\">Qualit\u00e9s d'un membre du conseil d'administration de la RAWF<\/h3>\n\n\n\n<ul class=\"wp-block-list\">\n<li><strong>Int\u00e9grit\u00e9 et \u00e9thique :<\/strong> Fait preuve de normes \u00e9thiques \u00e9lev\u00e9es et agit dans le meilleur int\u00e9r\u00eat de l'organisation et de ses parties prenantes.<\/li>\n\n\n\n<li><strong>Engagement et fiabilit\u00e9 :<\/strong> S'engager \u00e0 assumer ses responsabilit\u00e9s et \u00e0 investir le temps et les efforts n\u00e9cessaires dans le service du conseil d'administration.<\/li>\n\n\n\n<li><strong>La passion de la mission :<\/strong> Profond\u00e9ment engag\u00e9e dans l'am\u00e9lioration de la vie des survivants de tumeurs c\u00e9r\u00e9brales hypothalamo-hypophysaires et de leurs familles.<\/li>\n\n\n\n<li><strong>Vision strat\u00e9gique :<\/strong> Apporte une perspective d'avenir et contribue \u00e0 la planification et \u00e0 la croissance \u00e0 long terme.<\/li>\n\n\n\n<li><strong>Expertise et exp\u00e9rience pertinentes :<\/strong> Offre des comp\u00e9tences, des connaissances ou une exp\u00e9rience v\u00e9cue qui s'alignent sur la mission et les priorit\u00e9s strat\u00e9giques de RAWF.<\/li>\n\n\n\n<li><strong>L'\u00e9ducation financi\u00e8re :<\/strong> Comprend les \u00e9tats financiers, la budg\u00e9tisation et la gestion des ressources.<\/li>\n\n\n\n<li><strong>R\u00e9solution de probl\u00e8mes et pens\u00e9e critique :<\/strong> Capable d'analyser des questions complexes et d'apporter des id\u00e9es r\u00e9fl\u00e9chies et orient\u00e9es vers des solutions.<\/li>\n\n\n\n<li><strong>L'esprit de collaboration :<\/strong> Travaille efficacement avec les autres, en valorisant la diversit\u00e9 des points de vue et en favorisant un environnement ax\u00e9 sur le travail d'\u00e9quipe.<\/li>\n\n\n\n<li><strong>Comp\u00e9tences en mati\u00e8re de communication :<\/strong> Communiquer clairement et participer activement aux discussions et \u00e0 la prise de d\u00e9cision.<\/li>\n\n\n\n<li><strong>Orientation en mati\u00e8re de leadership :<\/strong> Il donne l'exemple et est pr\u00eat \u00e0 prendre des initiatives et \u00e0 soutenir la direction du conseil d'administration et des comit\u00e9s en cas de besoin.<\/li>\n\n\n\n<li><strong>Ind\u00e9pendance et bon jugement :<\/strong> Maintenir l'objectivit\u00e9 et exercer un contr\u00f4le ind\u00e9pendant.<\/li>\n\n\n\n<li><strong>Engagement en faveur de la diversit\u00e9, de l'\u00e9quit\u00e9 et de l'inclusion :<\/strong> Valorise la diversit\u00e9 des points de vue et soutient les pratiques d'inclusion dans la gouvernance et l'engagement communautaire.<\/li>\n\n\n\n<li><strong>Capacit\u00e9 d'adaptation :<\/strong> R\u00e9agir efficacement \u00e0 l'\u00e9volution des besoins, des priorit\u00e9s et de l'environnement.<\/li>\n<\/ul>\n\n\n\n<hr class=\"wp-block-separator has-alpha-channel-opacity\"\/>\n\n\n\n<h3 class=\"wp-block-heading\">Attentes des membres du conseil d'administration de RAWF<\/h3>\n\n\n\n<p><strong>Soutenir le leadership :<\/strong> Travailler en partenariat constructif avec le directeur ex\u00e9cutif et le personnel tout en maintenant des limites de gouvernance appropri\u00e9es.<\/p>\n\n\n\n<p><strong>Mission Stewardship :<\/strong> D\u00e9fendre et promouvoir activement la mission de RAWF et veiller \u00e0 ce que toutes les d\u00e9cisions soient conformes aux valeurs de l'organisation et aux priorit\u00e9s strat\u00e9giques.<\/p>\n\n\n\n<p><strong>Collecte de fonds et engagement financier :<\/strong> Apporter une contribution financi\u00e8re personnelle annuelle significative par rapport aux capacit\u00e9s individuelles et participer activement aux efforts de collecte de fonds, y compris l'introduction de donateurs, la culture, les campagnes et les \u00e9v\u00e9nements.<\/p>\n\n\n\n<p><strong>Ambassadeurs et d\u00e9fenseurs :<\/strong> Servir d'ambassadeur visible pour RAWF, en aidant \u00e0 sensibiliser et \u00e0 \u00e9tendre la port\u00e9e de l'organisation.<\/p>\n\n\n\n<p><strong>Supervision strat\u00e9gique :<\/strong> Contribuer \u00e0 l'\u00e9laboration, \u00e0 la mise en \u0153uvre et au suivi des objectifs strat\u00e9giques et des indicateurs cl\u00e9s de performance.<\/p>\n\n\n\n<p><strong>Gouvernance et responsabilit\u00e9 fiduciaire :<\/strong> Assurer une surveillance financi\u00e8re rigoureuse, le respect des normes juridiques et \u00e9thiques et une gestion responsable des ressources.<\/p>\n\n\n\n<p><strong>Engagement et participation :<\/strong> Assister et participer activement aux r\u00e9unions du conseil d'administration et des comit\u00e9s, se pr\u00e9parer et contribuer de mani\u00e8re significative aux discussions et aux initiatives.<\/p>\n\n\n\n<p><strong>Tirer parti des r\u00e9seaux :<\/strong> Utiliser les r\u00e9seaux personnels et professionnels pour \u00e9tablir des relations avec les donateurs, les partenaires, les chercheurs et les autres parties prenantes.<\/p>\n\n\n\n<p><strong>Service de la commission :<\/strong> Faire partie d'au moins un comit\u00e9 du conseil d'administration et contribuer \u00e0 son travail et \u00e0 ses objectifs.<\/p>\n\n\n\n<hr class=\"wp-block-separator has-alpha-channel-opacity\"\/>\n\n\n\n<h3 class=\"wp-block-heading\">Rejoindre le conseil d'administration de RAWF<\/h3>\n\n\n\n<p>Si vous \u00eates passionn\u00e9 par l'avancement de la recherche, la d\u00e9fense et le soutien aux survivants des tumeurs c\u00e9r\u00e9brales hypothalamo-hypophysaires, nous vous invitons \u00e0 poser votre candidature pour rejoindre le conseil d'administration de la Raymond A. Wood Foundation.<\/p>\n\n\n\n<p><strong>Vous souhaitez poser votre candidature ?<\/strong><br>Envoyez votre CV et votre lettre de motivation par courrier \u00e9lectronique \u00e0 <a href=\"mailto:outreach@rawoodfoundation.org\">outreach@rawoodfoundation.org<\/a><\/p>\n\n\n\n<p>Nous vous remercions de votre int\u00e9r\u00eat. Nous sommes impatients d'entrer en contact avec des personnes pr\u00eates \u00e0 apporter une contribution significative \u00e0 la soci\u00e9t\u00e9.<\/p>\n\n\n\n<p><\/p>","protected":false},"excerpt":{"rendered":"<p>Avoir un impact durable sur la vie des patients et des familles Rejoindre le conseil d'administration de ... <a title=\"Rejoignez notre conseil d&#039;administration\" class=\"read-more\" href=\"https:\/\/www.rawoodfoundation.org\/fr\/bod-application\/\" aria-label=\"En savoir plus sur l&#039;adh\u00e9sion au conseil d&#039;administration\">Lire plus<\/a><\/p>","protected":false},"author":1,"featured_media":0,"parent":0,"menu_order":102,"comment_status":"closed","ping_status":"closed","template":"","meta":{"_acf_changed":false,"footnotes":""},"class_list":{"0":"post-5187","1":"page","2":"type-page","3":"status-publish","5":"no-featured-image-padding"},"acf":[],"yoast_head":"<!-- This site is optimized with the Yoast SEO plugin v27.3 - https:\/\/yoast.com\/product\/yoast-seo-wordpress\/ -->\n<title>Join Our Board of Directors - Raymond A. Wood Foundation<\/title>\n<meta name=\"description\" content=\"Interested in becming part of our Board of Directors? Review the documents on this page and fill out the content form.\" \/>\n<meta name=\"robots\" content=\"index, follow, max-snippet:-1, max-image-preview:large, max-video-preview:-1\" \/>\n<link rel=\"canonical\" href=\"https:\/\/www.rawoodfoundation.org\/fr\/demande-de-corps\/\" \/>\n<meta property=\"og:locale\" content=\"fr_FR\" \/>\n<meta property=\"og:type\" content=\"article\" \/>\n<meta property=\"og:title\" content=\"Join Our Board of Directors - Raymond A. Wood Foundation\" \/>\n<meta property=\"og:description\" content=\"Interested in becming part of our Board of Directors? Review the documents on this page and fill out the content form.\" \/>\n<meta property=\"og:url\" content=\"https:\/\/www.rawoodfoundation.org\/fr\/demande-de-corps\/\" \/>\n<meta property=\"og:site_name\" content=\"Raymond A. Wood Foundation\" \/>\n<meta property=\"article:publisher\" content=\"https:\/\/www.facebook.com\/rawoodfoundation\" \/>\n<meta property=\"article:modified_time\" content=\"2026-04-08T18:37:28+00:00\" \/>\n<meta property=\"og:image\" content=\"https:\/\/www.rawoodfoundation.org\/wp-content\/uploads\/2025\/08\/SEAN.jpg\" \/>\n\t<meta property=\"og:image:width\" content=\"400\" \/>\n\t<meta property=\"og:image:height\" content=\"400\" \/>\n\t<meta property=\"og:image:type\" content=\"image\/jpeg\" \/>\n<meta name=\"twitter:card\" content=\"summary_large_image\" \/>\n<meta name=\"twitter:image\" content=\"https:\/\/www.rawoodfoundation.org\/wp-content\/uploads\/2025\/08\/SEAN.jpg\" \/>\n<meta name=\"twitter:site\" content=\"@rawoodfound\" \/>\n<meta name=\"twitter:label1\" content=\"Est. reading time\" \/>\n\t<meta name=\"twitter:data1\" content=\"4 minutes\" \/>\n<script type=\"application\/ld+json\" class=\"yoast-schema-graph\">{\"@context\":\"https:\\\/\\\/schema.org\",\"@graph\":[{\"@type\":\"WebPage\",\"@id\":\"https:\\\/\\\/www.rawoodfoundation.org\\\/bod-application\\\/\",\"url\":\"https:\\\/\\\/www.rawoodfoundation.org\\\/bod-application\\\/\",\"name\":\"Join Our Board of Directors - Raymond A. Wood Foundation\",\"isPartOf\":{\"@id\":\"https:\\\/\\\/www.rawoodfoundation.org\\\/#website\"},\"datePublished\":\"2023-05-16T16:04:13+00:00\",\"dateModified\":\"2026-04-08T18:37:28+00:00\",\"description\":\"Interested in becming part of our Board of Directors? Review the documents on this page and fill out the content form.\",\"breadcrumb\":{\"@id\":\"https:\\\/\\\/www.rawoodfoundation.org\\\/bod-application\\\/#breadcrumb\"},\"inLanguage\":\"fr-FR\",\"potentialAction\":[{\"@type\":\"ReadAction\",\"target\":[\"https:\\\/\\\/www.rawoodfoundation.org\\\/bod-application\\\/\"]}]},{\"@type\":\"BreadcrumbList\",\"@id\":\"https:\\\/\\\/www.rawoodfoundation.org\\\/bod-application\\\/#breadcrumb\",\"itemListElement\":[{\"@type\":\"ListItem\",\"position\":1,\"name\":\"Home\",\"item\":\"https:\\\/\\\/www.rawoodfoundation.org\\\/\"},{\"@type\":\"ListItem\",\"position\":2,\"name\":\"Join Our Board of Directors\"}]},{\"@type\":\"WebSite\",\"@id\":\"https:\\\/\\\/www.rawoodfoundation.org\\\/#website\",\"url\":\"https:\\\/\\\/www.rawoodfoundation.org\\\/\",\"name\":\"Raymond A. Wood Foundation\",\"description\":\"The mission of the RAWF is to provide quality of life support for childhood brain tumor survivors and their families.\",\"publisher\":{\"@id\":\"https:\\\/\\\/www.rawoodfoundation.org\\\/#organization\"},\"potentialAction\":[{\"@type\":\"SearchAction\",\"target\":{\"@type\":\"EntryPoint\",\"urlTemplate\":\"https:\\\/\\\/www.rawoodfoundation.org\\\/?s={search_term_string}\"},\"query-input\":{\"@type\":\"PropertyValueSpecification\",\"valueRequired\":true,\"valueName\":\"search_term_string\"}}],\"inLanguage\":\"fr-FR\"},{\"@type\":\"Organization\",\"@id\":\"https:\\\/\\\/www.rawoodfoundation.org\\\/#organization\",\"name\":\"Raymond A. Wood Foundation\",\"url\":\"https:\\\/\\\/www.rawoodfoundation.org\\\/\",\"logo\":{\"@type\":\"ImageObject\",\"inLanguage\":\"fr-FR\",\"@id\":\"https:\\\/\\\/www.rawoodfoundation.org\\\/#\\\/schema\\\/logo\\\/image\\\/\",\"url\":\"https:\\\/\\\/www.rawoodfoundation.org\\\/wp-content\\\/uploads\\\/2023\\\/07\\\/Raymond-A-Wood-Foundation-logo.webp\",\"contentUrl\":\"https:\\\/\\\/www.rawoodfoundation.org\\\/wp-content\\\/uploads\\\/2023\\\/07\\\/Raymond-A-Wood-Foundation-logo.webp\",\"width\":470,\"height\":128,\"caption\":\"Raymond A. Wood Foundation\"},\"image\":{\"@id\":\"https:\\\/\\\/www.rawoodfoundation.org\\\/#\\\/schema\\\/logo\\\/image\\\/\"},\"sameAs\":[\"https:\\\/\\\/www.facebook.com\\\/rawoodfoundation\",\"https:\\\/\\\/x.com\\\/rawoodfound\"]}]}<\/script>\n<!-- \/ Yoast SEO plugin. -->","yoast_head_json":{"title":"Rejoignez notre conseil d'administration - Raymond A. Wood Foundation","description":"Vous souhaitez faire partie de notre conseil d'administration ? Consultez les documents sur cette page et remplissez le formulaire de contenu.","robots":{"index":"index","follow":"follow","max-snippet":"max-snippet:-1","max-image-preview":"max-image-preview:large","max-video-preview":"max-video-preview:-1"},"canonical":"https:\/\/www.rawoodfoundation.org\/fr\/demande-de-corps\/","og_locale":"fr_FR","og_type":"article","og_title":"Join Our Board of Directors - Raymond A. Wood Foundation","og_description":"Interested in becming part of our Board of Directors? Review the documents on this page and fill out the content form.","og_url":"https:\/\/www.rawoodfoundation.org\/fr\/demande-de-corps\/","og_site_name":"Raymond A. Wood Foundation","article_publisher":"https:\/\/www.facebook.com\/rawoodfoundation","article_modified_time":"2026-04-08T18:37:28+00:00","og_image":[{"width":400,"height":400,"url":"https:\/\/www.rawoodfoundation.org\/wp-content\/uploads\/2025\/08\/SEAN.jpg","type":"image\/jpeg"}],"twitter_card":"summary_large_image","twitter_image":"https:\/\/www.rawoodfoundation.org\/wp-content\/uploads\/2025\/08\/SEAN.jpg","twitter_site":"@rawoodfound","twitter_misc":{"Est. reading time":"4 minutes"},"schema":{"@context":"https:\/\/schema.org","@graph":[{"@type":"WebPage","@id":"https:\/\/www.rawoodfoundation.org\/bod-application\/","url":"https:\/\/www.rawoodfoundation.org\/bod-application\/","name":"Rejoignez notre conseil d'administration - Raymond A. Wood Foundation","isPartOf":{"@id":"https:\/\/www.rawoodfoundation.org\/#website"},"datePublished":"2023-05-16T16:04:13+00:00","dateModified":"2026-04-08T18:37:28+00:00","description":"Vous souhaitez faire partie de notre conseil d'administration ? Consultez les documents sur cette page et remplissez le formulaire de contenu.","breadcrumb":{"@id":"https:\/\/www.rawoodfoundation.org\/bod-application\/#breadcrumb"},"inLanguage":"fr-FR","potentialAction":[{"@type":"ReadAction","target":["https:\/\/www.rawoodfoundation.org\/bod-application\/"]}]},{"@type":"BreadcrumbList","@id":"https:\/\/www.rawoodfoundation.org\/bod-application\/#breadcrumb","itemListElement":[{"@type":"ListItem","position":1,"name":"Home","item":"https:\/\/www.rawoodfoundation.org\/"},{"@type":"ListItem","position":2,"name":"Join Our Board of Directors"}]},{"@type":"WebSite","@id":"https:\/\/www.rawoodfoundation.org\/#website","url":"https:\/\/www.rawoodfoundation.org\/","name":"Fondation Raymond A. Wood","description":"La mission de la RAWF est d'apporter un soutien \u00e0 la qualit\u00e9 de vie des survivants de tumeurs c\u00e9r\u00e9brales infantiles et de leurs familles.","publisher":{"@id":"https:\/\/www.rawoodfoundation.org\/#organization"},"potentialAction":[{"@type":"SearchAction","target":{"@type":"EntryPoint","urlTemplate":"https:\/\/www.rawoodfoundation.org\/?s={search_term_string}"},"query-input":{"@type":"PropertyValueSpecification","valueRequired":true,"valueName":"search_term_string"}}],"inLanguage":"fr-FR"},{"@type":"Organization","@id":"https:\/\/www.rawoodfoundation.org\/#organization","name":"Fondation Raymond A. Wood","url":"https:\/\/www.rawoodfoundation.org\/","logo":{"@type":"ImageObject","inLanguage":"fr-FR","@id":"https:\/\/www.rawoodfoundation.org\/#\/schema\/logo\/image\/","url":"https:\/\/www.rawoodfoundation.org\/wp-content\/uploads\/2023\/07\/Raymond-A-Wood-Foundation-logo.webp","contentUrl":"https:\/\/www.rawoodfoundation.org\/wp-content\/uploads\/2023\/07\/Raymond-A-Wood-Foundation-logo.webp","width":470,"height":128,"caption":"Raymond A. Wood Foundation"},"image":{"@id":"https:\/\/www.rawoodfoundation.org\/#\/schema\/logo\/image\/"},"sameAs":["https:\/\/www.facebook.com\/rawoodfoundation","https:\/\/x.com\/rawoodfound"]}]}},"_links":{"self":[{"href":"https:\/\/www.rawoodfoundation.org\/fr\/wp-json\/wp\/v2\/pages\/5187","targetHints":{"allow":["GET"]}}],"collection":[{"href":"https:\/\/www.rawoodfoundation.org\/fr\/wp-json\/wp\/v2\/pages"}],"about":[{"href":"https:\/\/www.rawoodfoundation.org\/fr\/wp-json\/wp\/v2\/types\/page"}],"author":[{"embeddable":true,"href":"https:\/\/www.rawoodfoundation.org\/fr\/wp-json\/wp\/v2\/users\/1"}],"replies":[{"embeddable":true,"href":"https:\/\/www.rawoodfoundation.org\/fr\/wp-json\/wp\/v2\/comments?post=5187"}],"version-history":[{"count":22,"href":"https:\/\/www.rawoodfoundation.org\/fr\/wp-json\/wp\/v2\/pages\/5187\/revisions"}],"predecessor-version":[{"id":19577,"href":"https:\/\/www.rawoodfoundation.org\/fr\/wp-json\/wp\/v2\/pages\/5187\/revisions\/19577"}],"wp:attachment":[{"href":"https:\/\/www.rawoodfoundation.org\/fr\/wp-json\/wp\/v2\/media?parent=5187"}],"curies":[{"name":"wp","href":"https:\/\/api.w.org\/{rel}","templated":true}]}}