{"id":5152,"date":"2023-05-16T14:21:41","date_gmt":"2023-05-16T14:21:41","guid":{"rendered":"https:\/\/live-rawf.pantheonsite.io\/?page_id=5152"},"modified":"2024-04-09T17:51:33","modified_gmt":"2024-04-09T17:51:33","slug":"mission-vision","status":"publish","type":"page","link":"https:\/\/www.rawoodfoundation.org\/fr\/mission-vision\/","title":{"rendered":"Mission et vision"},"content":{"rendered":"<h2 class=\"wp-block-heading\"><strong>\u00c0 propos de la Fondation Raymond A. Wood<\/strong><\/h2>\n\n\n\n<p>La Fondation Raymond A. Wood est une organisation de d\u00e9fense des patients atteints de maladies rares, dirig\u00e9e par des parents et des patients, qui se consacre \u00e0 l'autonomisation des survivants de craniopharyngiomes et de tumeurs c\u00e9r\u00e9brales hypothalamo-hypophysaires. La mission de la Raymond A. Wood Foundation est d'encourager la recherche et de promouvoir les r\u00e9sultats des traitements afin d'am\u00e9liorer la qualit\u00e9 de vie des survivants des tumeurs c\u00e9r\u00e9brales hypothalamo-hypophysaires.<\/p>\n\n\n\n<p><strong>Plaider pour un avenir meilleur<\/strong><\/p>\n\n\n\n<p>Fond\u00e9e en 2017 par des parents qui ont personnellement v\u00e9cu les d\u00e9fis du craniopharyngiome, la Fondation Raymond A. Wood est anim\u00e9e par un profond engagement \u00e0 faire la diff\u00e9rence. T\u00e9moins de la r\u00e9silience de leur enfant face \u00e0 cette maladie rare, ils ont cr\u00e9\u00e9 la fondation pour \u00eatre un phare d'espoir et de soutien pour d'autres personnes confront\u00e9es \u00e0 des batailles similaires.<\/p>\n\n\n\n<p><strong>Une voix pour la communaut\u00e9 des patients<\/strong><\/p>\n\n\n\n<p>Nous d\u00e9fendons avec force la communaut\u00e9 des patients atteints de craniopharyngiome et de tumeur hypothalamo-hypophysaire dans le domaine de la recherche et des soins de sant\u00e9. Gr\u00e2ce \u00e0 nos efforts de d\u00e9fense, nous nous effor\u00e7ons d'amplifier la voix des survivants et des soignants, en veillant \u00e0 ce que leurs points de vue soient entendus et valoris\u00e9s.<\/p>\n\n\n\n<p><strong>Responsabiliser les survivants et les soignants<\/strong><\/p>\n\n\n\n<p>Au c\u0153ur de notre mission se trouve la conviction que les survivants et les aidants ont le pouvoir d'\u00eatre leurs meilleurs d\u00e9fenseurs. Nous nous engageons \u00e0 leur fournir les connaissances, les ressources et les outils n\u00e9cessaires pour naviguer dans les complexit\u00e9s de ces conditions. Gr\u00e2ce \u00e0 l'\u00e9ducation et au soutien, nous donnons aux individus les moyens de jouer un r\u00f4le actif dans leur parcours de sant\u00e9.<\/p>\n\n\n\n<p><strong>Des solutions novatrices pour des d\u00e9fis complexes<\/strong><\/p>\n\n\n\n<p>Les craniopharyngiomes et les tumeurs c\u00e9r\u00e9brales hypothalamo-hypophysaires pr\u00e9sentent des d\u00e9fis \u00e0 multiples facettes qui ont un impact significatif sur la qualit\u00e9 de vie. La Fondation Raymond A. Wood se consacre \u00e0 l'am\u00e9lioration des r\u00e9sultats des traitements et \u00e0 la recherche de solutions innovantes. Par le biais de partenariats strat\u00e9giques et de financements, nous menons des initiatives de recherche visant \u00e0 am\u00e9liorer la vie des personnes touch\u00e9es par ces pathologies.<\/p>\n\n\n\n<p><strong>Ensemble, nous prosp\u00e9rons<\/strong><\/p>\n\n\n\n<p>La Raymond A. Wood Foundation est un symbole d'espoir, d'unit\u00e9 et de r\u00e9silience pour la communaut\u00e9 des craniopharyngiomes et des tumeurs c\u00e9r\u00e9brales hypothalamo-hypophysaires. Ensemble, nous \u0153uvrons pour un avenir o\u00f9 les survivants ne se contentent pas de surmonter leurs difficult\u00e9s, mais s'\u00e9panouissent avec un sens renouvel\u00e9 de l'objectif et des possibilit\u00e9s.<\/p>\n\n\n\n<hr class=\"wp-block-separator has-alpha-channel-opacity\"\/>\n\n\n\n<div style=\"height:40px\" aria-hidden=\"true\" class=\"wp-block-spacer\"><\/div>\n\n\n\n<div class=\"wp-block-columns is-layout-flex wp-container-core-columns-is-layout-9d6595d7 wp-block-columns-is-layout-flex\">\n<div class=\"wp-block-column is-layout-flow wp-block-column-is-layout-flow\" style=\"flex-basis:33.33%\">\n<figure class=\"wp-block-image size-full\"><img decoding=\"async\" width=\"600\" height=\"687\" src=\"https:\/\/live-rawf.pantheonsite.io\/wp-content\/uploads\/2023\/08\/Alex.png\" alt=\"Alex Wood\" class=\"wp-image-8087\" srcset=\"https:\/\/www.rawoodfoundation.org\/wp-content\/uploads\/2023\/08\/Alex.png 600w, https:\/\/www.rawoodfoundation.org\/wp-content\/uploads\/2023\/08\/Alex-262x300.png 262w, https:\/\/www.rawoodfoundation.org\/wp-content\/uploads\/2023\/08\/Alex-10x12.png 10w\" sizes=\"(max-width: 600px) 100vw, 600px\" \/><figcaption class=\"wp-element-caption\">Raymond Alexander Wood, 12 ans, diagnostiqu\u00e9 \u00e0 l'\u00e2ge de 4 ans.<\/figcaption><\/figure>\n<\/div>\n\n\n\n<div class=\"wp-block-column is-layout-flow wp-block-column-is-layout-flow\" style=\"flex-basis:66.66%\">\n<h3 class=\"gb-headline gb-headline-2fb9ed01 gb-headline-text\">La mission <\/h3>\n\n\n\n<p>La mission de la Raymond A. Wood Foundation est d'encourager la recherche et de promouvoir les r\u00e9sultats des traitements afin d'am\u00e9liorer la qualit\u00e9 de vie des survivants de tumeurs c\u00e9r\u00e9brales hypothalamo-hypophysaires.<\/p>\n\n\n\n<h3 class=\"gb-headline gb-headline-fd04ca53 gb-headline-text\">Vision <\/h3>\n\n\n\n<p>Veiller \u00e0 ce que les survivants de tumeurs c\u00e9r\u00e9brales hypothalamo-hypophysaires vivent une vie sans \u00eatre accabl\u00e9s par l'impact de la maladie.<\/p>\n<\/div>\n<\/div>\n\n\n<div class=\"gb-container gb-container-e8faa447 alignfull\">\n<div class=\"gb-container gb-container-c5d48590\">\n\n<h2 class=\"wp-block-heading\">Valeurs fondamentales et principes directeurs<\/h2>\n\n\n<div class=\"gb-grid-wrapper gb-grid-wrapper-2d348ef2\">\n<div class=\"gb-grid-column gb-grid-column-5f108342\"><div class=\"gb-container gb-container-5f108342\">\n\n<h4 class=\"wp-block-heading\"><strong>Cr\u00e9ativit\u00e9 et innovation<\/strong><\/h4>\n\n\n\n<p>Rechercher de nouvelles approches pour cr\u00e9er des solutions ou am\u00e9liorer les syst\u00e8mes afin de mieux servir la communaut\u00e9.<\/p>\n\n<\/div><\/div>\n\n<div class=\"gb-grid-column gb-grid-column-74311f7f\"><div class=\"gb-container gb-container-74311f7f\">\n\n<h4 class=\"wp-block-heading\"><strong>Int\u00e9grit\u00e9 et transparence<\/strong><\/h4>\n\n\n\n<p>Inspirer la confiance par une communication ouverte en interne et en externe.&nbsp;<\/p>\n\n<\/div><\/div>\n<\/div>\n\n<div class=\"gb-grid-wrapper gb-grid-wrapper-a1d7cdd1\">\n<div class=\"gb-grid-column gb-grid-column-797e8cdf\"><div class=\"gb-container gb-container-797e8cdf\">\n\n<h4 class=\"wp-block-heading\"><strong><strong><strong>Empathie, attention et compassion<\/strong><\/strong><\/strong><\/h4>\n\n\n\n<p>Il s'agit toujours de comprendre les d\u00e9fis auxquels tous les membres de la communaut\u00e9 sont confront\u00e9s.<\/p>\n\n<\/div><\/div>\n\n<div class=\"gb-grid-column gb-grid-column-09ca9f52\"><div class=\"gb-container gb-container-09ca9f52\">\n\n<h4 class=\"wp-block-heading\"><strong><strong><strong>\u00c9thique et confidentialit\u00e9<\/strong><\/strong><\/strong><\/h4>\n\n\n\n<p>Garder confidentielles toutes les informations relatives aux patients, aux survivants, aux soignants et aux professionnels de la sant\u00e9.<\/p>\n\n<\/div><\/div>\n<\/div>\n<\/div>\n<\/div>\n\n\n<div style=\"height:42px\" aria-hidden=\"true\" class=\"wp-block-spacer\"><\/div>","protected":false},"excerpt":{"rendered":"<p>A propos de la Fondation Raymond A. Wood La Fondation Raymond A. Wood est une fondation parentale et ... <a title=\"Mission et vision\" class=\"read-more\" href=\"https:\/\/www.rawoodfoundation.org\/fr\/mission-vision\/\" aria-label=\"En savoir plus sur la mission et la vision\">Lire plus<\/a><\/p>","protected":false},"author":1,"featured_media":0,"parent":0,"menu_order":104,"comment_status":"closed","ping_status":"closed","template":"","meta":{"_acf_changed":false,"footnotes":""},"class_list":{"0":"post-5152","1":"page","2":"type-page","3":"status-publish","5":"no-featured-image-padding"},"acf":[],"yoast_head":"<!-- This site is optimized with the Yoast SEO plugin v25.0 - https:\/\/yoast.com\/wordpress\/plugins\/seo\/ -->\n<title>Mission &amp; Vision - Raymond A. Wood Foundation<\/title>\n<meta name=\"description\" content=\"Learn about our goal to support survivors of childhood brain tumors and their families by providing a means to get devices or other resources\" \/>\n<meta name=\"robots\" content=\"index, follow, max-snippet:-1, max-image-preview:large, max-video-preview:-1\" \/>\n<link rel=\"canonical\" href=\"https:\/\/www.rawoodfoundation.org\/fr\/mission-vision\/\" \/>\n<meta property=\"og:locale\" content=\"fr_FR\" \/>\n<meta property=\"og:type\" content=\"article\" \/>\n<meta property=\"og:title\" content=\"Mission &amp; Vision - Raymond A. Wood Foundation\" \/>\n<meta property=\"og:description\" content=\"Learn about our goal to support survivors of childhood brain tumors and their families by providing a means to get devices or other resources\" \/>\n<meta property=\"og:url\" content=\"https:\/\/www.rawoodfoundation.org\/fr\/mission-vision\/\" \/>\n<meta property=\"og:site_name\" content=\"Raymond A. Wood Foundation\" \/>\n<meta property=\"article:publisher\" content=\"https:\/\/www.facebook.com\/rawoodfoundation\" \/>\n<meta property=\"article:modified_time\" content=\"2024-04-09T17:51:33+00:00\" \/>\n<meta property=\"og:image\" content=\"https:\/\/live-rawf.pantheonsite.io\/wp-content\/uploads\/2023\/08\/Alex.png\" \/>\n<meta name=\"twitter:card\" content=\"summary_large_image\" \/>\n<meta name=\"twitter:site\" content=\"@rawoodfound\" \/>\n<meta name=\"twitter:label1\" content=\"Est. reading time\" \/>\n\t<meta name=\"twitter:data1\" content=\"5 minutes\" \/>\n<script type=\"application\/ld+json\" class=\"yoast-schema-graph\">{\"@context\":\"https:\/\/schema.org\",\"@graph\":[{\"@type\":\"WebPage\",\"@id\":\"https:\/\/www.rawoodfoundation.org\/mission-vision\/\",\"url\":\"https:\/\/www.rawoodfoundation.org\/mission-vision\/\",\"name\":\"Mission & Vision - Raymond A. Wood Foundation\",\"isPartOf\":{\"@id\":\"https:\/\/www.rawoodfoundation.org\/#website\"},\"primaryImageOfPage\":{\"@id\":\"https:\/\/www.rawoodfoundation.org\/mission-vision\/#primaryimage\"},\"image\":{\"@id\":\"https:\/\/www.rawoodfoundation.org\/mission-vision\/#primaryimage\"},\"thumbnailUrl\":\"https:\/\/live-rawf.pantheonsite.io\/wp-content\/uploads\/2023\/08\/Alex.png\",\"datePublished\":\"2023-05-16T14:21:41+00:00\",\"dateModified\":\"2024-04-09T17:51:33+00:00\",\"description\":\"Learn about our goal to support survivors of childhood brain tumors and their families by providing a means to get devices or other resources\",\"breadcrumb\":{\"@id\":\"https:\/\/www.rawoodfoundation.org\/mission-vision\/#breadcrumb\"},\"inLanguage\":\"fr-FR\",\"potentialAction\":[{\"@type\":\"ReadAction\",\"target\":[\"https:\/\/www.rawoodfoundation.org\/mission-vision\/\"]}]},{\"@type\":\"ImageObject\",\"inLanguage\":\"fr-FR\",\"@id\":\"https:\/\/www.rawoodfoundation.org\/mission-vision\/#primaryimage\",\"url\":\"https:\/\/live-rawf.pantheonsite.io\/wp-content\/uploads\/2023\/08\/Alex.png\",\"contentUrl\":\"https:\/\/live-rawf.pantheonsite.io\/wp-content\/uploads\/2023\/08\/Alex.png\"},{\"@type\":\"BreadcrumbList\",\"@id\":\"https:\/\/www.rawoodfoundation.org\/mission-vision\/#breadcrumb\",\"itemListElement\":[{\"@type\":\"ListItem\",\"position\":1,\"name\":\"Home\",\"item\":\"https:\/\/www.rawoodfoundation.org\/\"},{\"@type\":\"ListItem\",\"position\":2,\"name\":\"Mission &#038; Vision\"}]},{\"@type\":\"WebSite\",\"@id\":\"https:\/\/www.rawoodfoundation.org\/#website\",\"url\":\"https:\/\/www.rawoodfoundation.org\/\",\"name\":\"Raymond A. Wood Foundation\",\"description\":\"The mission of the RAWF is to provide quality of life support for childhood brain tumor survivors and their families.\",\"publisher\":{\"@id\":\"https:\/\/www.rawoodfoundation.org\/#organization\"},\"potentialAction\":[{\"@type\":\"SearchAction\",\"target\":{\"@type\":\"EntryPoint\",\"urlTemplate\":\"https:\/\/www.rawoodfoundation.org\/?s={search_term_string}\"},\"query-input\":{\"@type\":\"PropertyValueSpecification\",\"valueRequired\":true,\"valueName\":\"search_term_string\"}}],\"inLanguage\":\"fr-FR\"},{\"@type\":\"Organization\",\"@id\":\"https:\/\/www.rawoodfoundation.org\/#organization\",\"name\":\"Raymond A. Wood Foundation\",\"url\":\"https:\/\/www.rawoodfoundation.org\/\",\"logo\":{\"@type\":\"ImageObject\",\"inLanguage\":\"fr-FR\",\"@id\":\"https:\/\/www.rawoodfoundation.org\/#\/schema\/logo\/image\/\",\"url\":\"https:\/\/www.rawoodfoundation.org\/wp-content\/uploads\/2023\/07\/Raymond-A-Wood-Foundation-logo.webp\",\"contentUrl\":\"https:\/\/www.rawoodfoundation.org\/wp-content\/uploads\/2023\/07\/Raymond-A-Wood-Foundation-logo.webp\",\"width\":470,\"height\":128,\"caption\":\"Raymond A. Wood Foundation\"},\"image\":{\"@id\":\"https:\/\/www.rawoodfoundation.org\/#\/schema\/logo\/image\/\"},\"sameAs\":[\"https:\/\/www.facebook.com\/rawoodfoundation\",\"https:\/\/x.com\/rawoodfound\"]}]}<\/script>\n<!-- \/ Yoast SEO plugin. -->","yoast_head_json":{"title":"Mission & Vision - Raymond A. Wood Foundation","description":"Learn about our goal to support survivors of childhood brain tumors and their families by providing a means to get devices or other resources","robots":{"index":"index","follow":"follow","max-snippet":"max-snippet:-1","max-image-preview":"max-image-preview:large","max-video-preview":"max-video-preview:-1"},"canonical":"https:\/\/www.rawoodfoundation.org\/fr\/mission-vision\/","og_locale":"fr_FR","og_type":"article","og_title":"Mission & Vision - Raymond A. Wood Foundation","og_description":"Learn about our goal to support survivors of childhood brain tumors and their families by providing a means to get devices or other resources","og_url":"https:\/\/www.rawoodfoundation.org\/fr\/mission-vision\/","og_site_name":"Raymond A. Wood Foundation","article_publisher":"https:\/\/www.facebook.com\/rawoodfoundation","article_modified_time":"2024-04-09T17:51:33+00:00","og_image":[{"url":"https:\/\/live-rawf.pantheonsite.io\/wp-content\/uploads\/2023\/08\/Alex.png","type":"","width":"","height":""}],"twitter_card":"summary_large_image","twitter_site":"@rawoodfound","twitter_misc":{"Est. reading time":"5 minutes"},"schema":{"@context":"https:\/\/schema.org","@graph":[{"@type":"WebPage","@id":"https:\/\/www.rawoodfoundation.org\/mission-vision\/","url":"https:\/\/www.rawoodfoundation.org\/mission-vision\/","name":"Mission & Vision - Raymond A. Wood Foundation","isPartOf":{"@id":"https:\/\/www.rawoodfoundation.org\/#website"},"primaryImageOfPage":{"@id":"https:\/\/www.rawoodfoundation.org\/mission-vision\/#primaryimage"},"image":{"@id":"https:\/\/www.rawoodfoundation.org\/mission-vision\/#primaryimage"},"thumbnailUrl":"https:\/\/live-rawf.pantheonsite.io\/wp-content\/uploads\/2023\/08\/Alex.png","datePublished":"2023-05-16T14:21:41+00:00","dateModified":"2024-04-09T17:51:33+00:00","description":"Learn about our goal to support survivors of childhood brain tumors and their families by providing a means to get devices or other resources","breadcrumb":{"@id":"https:\/\/www.rawoodfoundation.org\/mission-vision\/#breadcrumb"},"inLanguage":"fr-FR","potentialAction":[{"@type":"ReadAction","target":["https:\/\/www.rawoodfoundation.org\/mission-vision\/"]}]},{"@type":"ImageObject","inLanguage":"fr-FR","@id":"https:\/\/www.rawoodfoundation.org\/mission-vision\/#primaryimage","url":"https:\/\/live-rawf.pantheonsite.io\/wp-content\/uploads\/2023\/08\/Alex.png","contentUrl":"https:\/\/live-rawf.pantheonsite.io\/wp-content\/uploads\/2023\/08\/Alex.png"},{"@type":"BreadcrumbList","@id":"https:\/\/www.rawoodfoundation.org\/mission-vision\/#breadcrumb","itemListElement":[{"@type":"ListItem","position":1,"name":"Home","item":"https:\/\/www.rawoodfoundation.org\/"},{"@type":"ListItem","position":2,"name":"Mission &#038; Vision"}]},{"@type":"WebSite","@id":"https:\/\/www.rawoodfoundation.org\/#website","url":"https:\/\/www.rawoodfoundation.org\/","name":"Raymond A. Wood Foundation","description":"The mission of the RAWF is to provide quality of life support for childhood brain tumor survivors and their families.","publisher":{"@id":"https:\/\/www.rawoodfoundation.org\/#organization"},"potentialAction":[{"@type":"SearchAction","target":{"@type":"EntryPoint","urlTemplate":"https:\/\/www.rawoodfoundation.org\/?s={search_term_string}"},"query-input":{"@type":"PropertyValueSpecification","valueRequired":true,"valueName":"search_term_string"}}],"inLanguage":"fr-FR"},{"@type":"Organization","@id":"https:\/\/www.rawoodfoundation.org\/#organization","name":"Raymond A. Wood Foundation","url":"https:\/\/www.rawoodfoundation.org\/","logo":{"@type":"ImageObject","inLanguage":"fr-FR","@id":"https:\/\/www.rawoodfoundation.org\/#\/schema\/logo\/image\/","url":"https:\/\/www.rawoodfoundation.org\/wp-content\/uploads\/2023\/07\/Raymond-A-Wood-Foundation-logo.webp","contentUrl":"https:\/\/www.rawoodfoundation.org\/wp-content\/uploads\/2023\/07\/Raymond-A-Wood-Foundation-logo.webp","width":470,"height":128,"caption":"Raymond A. Wood Foundation"},"image":{"@id":"https:\/\/www.rawoodfoundation.org\/#\/schema\/logo\/image\/"},"sameAs":["https:\/\/www.facebook.com\/rawoodfoundation","https:\/\/x.com\/rawoodfound"]}]}},"_links":{"self":[{"href":"https:\/\/www.rawoodfoundation.org\/fr\/wp-json\/wp\/v2\/pages\/5152","targetHints":{"allow":["GET"]}}],"collection":[{"href":"https:\/\/www.rawoodfoundation.org\/fr\/wp-json\/wp\/v2\/pages"}],"about":[{"href":"https:\/\/www.rawoodfoundation.org\/fr\/wp-json\/wp\/v2\/types\/page"}],"author":[{"embeddable":true,"href":"https:\/\/www.rawoodfoundation.org\/fr\/wp-json\/wp\/v2\/users\/1"}],"replies":[{"embeddable":true,"href":"https:\/\/www.rawoodfoundation.org\/fr\/wp-json\/wp\/v2\/comments?post=5152"}],"version-history":[{"count":25,"href":"https:\/\/www.rawoodfoundation.org\/fr\/wp-json\/wp\/v2\/pages\/5152\/revisions"}],"predecessor-version":[{"id":9150,"href":"https:\/\/www.rawoodfoundation.org\/fr\/wp-json\/wp\/v2\/pages\/5152\/revisions\/9150"}],"wp:attachment":[{"href":"https:\/\/www.rawoodfoundation.org\/fr\/wp-json\/wp\/v2\/media?parent=5152"}],"curies":[{"name":"wp","href":"https:\/\/api.w.org\/{rel}","templated":true}]}}