{"id":4780,"date":"2023-05-08T18:58:16","date_gmt":"2023-05-08T18:58:16","guid":{"rendered":"https:\/\/live-rawf.pantheonsite.io\/?page_id=4780"},"modified":"2025-01-24T15:09:32","modified_gmt":"2025-01-24T15:09:32","slug":"simpliquer","status":"publish","type":"page","link":"https:\/\/www.rawoodfoundation.org\/fr\/get-involved\/","title":{"rendered":"S'impliquer"},"content":{"rendered":"<h2 class=\"wp-block-heading\">Faire la diff\u00e9rence dans la vie des survivants<\/h2>\n\n\n\n<p>La Fondation Raymond A. Wood vous propose de multiples fa\u00e7ons de vous impliquer. Qu'il s'agisse de participer \u00e0 la recherche ou de collecter des fonds, chaque contribution nous rapproche de l'am\u00e9lioration de la qualit\u00e9 de vie des survivants et de leurs familles.<\/p>\n\n\n<div class=\"gb-container gb-container-ce8323f7\">\n\n<div class=\"wp-block-columns is-layout-flex wp-container-core-columns-is-layout-9d6595d7 wp-block-columns-is-layout-flex\">\n<div class=\"wp-block-column is-layout-flow wp-block-column-is-layout-flow\"><div class=\"gb-container gb-container-5791b841 clickable-container\">\n\n<h5 class=\"gb-headline gb-headline-f8bedee0 round-icon\"><span class=\"gb-icon\"><svg aria-hidden=\"true\" role=\"img\" height=\"1em\" width=\"1em\" viewbox=\"0 0 256 512\" xmlns=\"http:\/\/www.w3.org\/2000\/svg\"><path fill=\"currentColor\" d=\"M224.3 273l-136 136c-9.4 9.4-24.6 9.4-33.9 0l-22.6-22.6c-9.4-9.4-9.4-24.6 0-33.9l96.4-96.4-96.4-96.4c-9.4-9.4-9.4-24.6 0-33.9L54.3 103c9.4-9.4 24.6-9.4 33.9 0l136 136c9.5 9.4 9.5 24.6.1 34z\"><\/path><\/svg><\/span><span class=\"gb-headline-text\"><a href=\"https:\/\/live-rawf.pantheonsite.io\/make-a-donation\/\">Faire un don<\/a><\/span><\/h5>\n\n<\/div><\/div>\n\n\n\n<div class=\"wp-block-column is-layout-flow wp-block-column-is-layout-flow\"><div class=\"gb-container gb-container-5543d0fd clickable-container\">\n\n<h5 class=\"gb-headline gb-headline-e6b5cc1d round-icon\"><span class=\"gb-icon\"><svg aria-hidden=\"true\" role=\"img\" height=\"1em\" width=\"1em\" viewbox=\"0 0 256 512\" xmlns=\"http:\/\/www.w3.org\/2000\/svg\"><path fill=\"currentColor\" d=\"M224.3 273l-136 136c-9.4 9.4-24.6 9.4-33.9 0l-22.6-22.6c-9.4-9.4-9.4-24.6 0-33.9l96.4-96.4-96.4-96.4c-9.4-9.4-9.4-24.6 0-33.9L54.3 103c9.4-9.4 24.6-9.4 33.9 0l136 136c9.5 9.4 9.5 24.6.1 34z\"><\/path><\/svg><\/span><span class=\"gb-headline-text\"><a href=\"https:\/\/live-rawf.pantheonsite.io\/fundraise-2\/\">Lancer une collecte de fonds <\/a><\/span><\/h5>\n\n<\/div><\/div>\n\n\n\n<div class=\"wp-block-column is-layout-flow wp-block-column-is-layout-flow\"><div class=\"gb-container gb-container-a83858ef clickable-container\">\n\n<h5 class=\"gb-headline gb-headline-83ff5696 round-icon\"><span class=\"gb-icon\"><svg aria-hidden=\"true\" role=\"img\" height=\"1em\" width=\"1em\" viewbox=\"0 0 256 512\" xmlns=\"http:\/\/www.w3.org\/2000\/svg\"><path fill=\"currentColor\" d=\"M224.3 273l-136 136c-9.4 9.4-24.6 9.4-33.9 0l-22.6-22.6c-9.4-9.4-9.4-24.6 0-33.9l96.4-96.4-96.4-96.4c-9.4-9.4-9.4-24.6 0-33.9L54.3 103c9.4-9.4 24.6-9.4 33.9 0l136 136c9.5 9.4 9.5 24.6.1 34z\"><\/path><\/svg><\/span><span class=\"gb-headline-text\"><a href=\"https:\/\/www.rawoodfoundation.org\/fr\/completer-votre-don\/\">Compl\u00e9tez votre don<\/a><\/span><\/h5>\n\n<\/div><\/div>\n<\/div>\n\n<\/div>\n\n\n<div style=\"height:46px\" aria-hidden=\"true\" class=\"wp-block-spacer\"><\/div>\n\n\n<div class=\"gb-container gb-container-df38a619\">\n\n<div class=\"wp-block-columns is-layout-flex wp-container-core-columns-is-layout-9d6595d7 wp-block-columns-is-layout-flex\">\n<div class=\"wp-block-column is-layout-flow wp-block-column-is-layout-flow\"><div class=\"gb-container gb-container-1e0e871a clickable-container\">\n\n<h5 class=\"gb-headline gb-headline-8d3be061 round-icon\"><span class=\"gb-icon\"><svg aria-hidden=\"true\" role=\"img\" height=\"1em\" width=\"1em\" viewbox=\"0 0 256 512\" xmlns=\"http:\/\/www.w3.org\/2000\/svg\"><path fill=\"currentColor\" d=\"M224.3 273l-136 136c-9.4 9.4-24.6 9.4-33.9 0l-22.6-22.6c-9.4-9.4-9.4-24.6 0-33.9l96.4-96.4-96.4-96.4c-9.4-9.4-9.4-24.6 0-33.9L54.3 103c9.4-9.4 24.6-9.4 33.9 0l136 136c9.5 9.4 9.5 24.6.1 34z\"><\/path><\/svg><\/span><span class=\"gb-headline-text\"><a href=\"https:\/\/live-rawf.pantheonsite.io\/bod-application\/\">Rejoignez notre conseil d'administration<\/a><\/span><\/h5>\n\n<\/div><\/div>\n\n\n\n<div class=\"wp-block-column is-layout-flow wp-block-column-is-layout-flow\"><div class=\"gb-container gb-container-e215c96e clickable-container\">\n\n<h5 class=\"gb-headline gb-headline-4eea1d83 round-icon\"><span class=\"gb-icon\"><svg aria-hidden=\"true\" role=\"img\" height=\"1em\" width=\"1em\" viewbox=\"0 0 256 512\" xmlns=\"http:\/\/www.w3.org\/2000\/svg\"><path fill=\"currentColor\" d=\"M224.3 273l-136 136c-9.4 9.4-24.6 9.4-33.9 0l-22.6-22.6c-9.4-9.4-9.4-24.6 0-33.9l96.4-96.4-96.4-96.4c-9.4-9.4-9.4-24.6 0-33.9L54.3 103c9.4-9.4 24.6-9.4 33.9 0l136 136c9.5 9.4 9.5 24.6.1 34z\"><\/path><\/svg><\/span><span class=\"gb-headline-text\"><a href=\"https:\/\/live-rawf.pantheonsite.io\/share-your-story-2\/\">Partagez votre histoire<\/a><\/span><\/h5>\n\n<\/div><\/div>\n\n\n\n<div class=\"wp-block-column clickable-container is-layout-flow wp-block-column-is-layout-flow\"><div class=\"gb-container gb-container-1e65369e clickable-container\">\n\n<h5 class=\"gb-headline gb-headline-1c506ba4 round-icon\"><span class=\"gb-icon\"><svg aria-hidden=\"true\" role=\"img\" height=\"1em\" width=\"1em\" viewbox=\"0 0 256 512\" xmlns=\"http:\/\/www.w3.org\/2000\/svg\"><path fill=\"currentColor\" d=\"M224.3 273l-136 136c-9.4 9.4-24.6 9.4-33.9 0l-22.6-22.6c-9.4-9.4-9.4-24.6 0-33.9l96.4-96.4-96.4-96.4c-9.4-9.4-9.4-24.6 0-33.9L54.3 103c9.4-9.4 24.6-9.4 33.9 0l136 136c9.5 9.4 9.5 24.6.1 34z\"><\/path><\/svg><\/span><span class=\"gb-headline-text\"><a href=\"https:\/\/www.rawoodfoundation.org\/fr\/registre-des-tumeurs\/\">Rejoignez notre registre de patients<\/a><\/span><\/h5>\n\n<\/div><\/div>\n<\/div>\n\n<\/div>\n\n\n<hr class=\"wp-block-separator has-alpha-channel-opacity\"\/>\n\n\n\n<figure class=\"wp-block-image size-large is-style-default\"><img decoding=\"async\" width=\"1024\" height=\"768\" src=\"https:\/\/www.rawoodfoundation.org\/wp-content\/uploads\/2023\/11\/IMG_2065-web-1024x768.jpg\" alt=\"Groupe de survivants se soudant lors de la conf\u00e9rence\" class=\"wp-image-8777\" srcset=\"https:\/\/www.rawoodfoundation.org\/wp-content\/uploads\/2023\/11\/IMG_2065-web-1024x768.jpg 1024w, https:\/\/www.rawoodfoundation.org\/wp-content\/uploads\/2023\/11\/IMG_2065-web-300x225.jpg 300w, https:\/\/www.rawoodfoundation.org\/wp-content\/uploads\/2023\/11\/IMG_2065-web-768x576.jpg 768w, https:\/\/www.rawoodfoundation.org\/wp-content\/uploads\/2023\/11\/IMG_2065-web-16x12.jpg 16w, https:\/\/www.rawoodfoundation.org\/wp-content\/uploads\/2023\/11\/IMG_2065-web.jpg 1500w\" sizes=\"(max-width: 1024px) 100vw, 1024px\" \/><\/figure>\n\n\n\n<hr class=\"wp-block-separator has-alpha-channel-opacity\"\/>\n\n\n<div class=\"gb-container gb-container-b0faa0a2\">\n\n<div class=\"wp-block-columns is-layout-flex wp-container-core-columns-is-layout-9d6595d7 wp-block-columns-is-layout-flex\">\n<div class=\"wp-block-column is-layout-flow wp-block-column-is-layout-flow\" style=\"flex-basis:33.33%\"><div class=\"gb-container gb-container-254db55e\">\n\n<figure class=\"wp-block-image size-full\"><img decoding=\"async\" width=\"1920\" height=\"2560\" src=\"https:\/\/www.rawoodfoundation.org\/wp-content\/uploads\/2025\/01\/Unknown-1-scaled.jpeg\" alt=\"Sabrina, survivante d&#039;un craniopharyngiome\" class=\"wp-image-11290\" srcset=\"https:\/\/www.rawoodfoundation.org\/wp-content\/uploads\/2025\/01\/Unknown-1-scaled.jpeg 1920w, https:\/\/www.rawoodfoundation.org\/wp-content\/uploads\/2025\/01\/Unknown-1-225x300.jpeg 225w, https:\/\/www.rawoodfoundation.org\/wp-content\/uploads\/2025\/01\/Unknown-1-768x1024.jpeg 768w, https:\/\/www.rawoodfoundation.org\/wp-content\/uploads\/2025\/01\/Unknown-1-1152x1536.jpeg 1152w, https:\/\/www.rawoodfoundation.org\/wp-content\/uploads\/2025\/01\/Unknown-1-1536x2048.jpeg 1536w, https:\/\/www.rawoodfoundation.org\/wp-content\/uploads\/2025\/01\/Unknown-1-9x12.jpeg 9w\" sizes=\"(max-width: 1920px) 100vw, 1920px\" \/><\/figure>\n\n<\/div><\/div>\n\n\n\n<div class=\"wp-block-column is-layout-flow wp-block-column-is-layout-flow\" style=\"flex-basis:66.66%\"><div class=\"gb-container gb-container-2c4590e8\">\n\n<h3 class=\"gb-headline gb-headline-094bad58 gb-headline-text\">Aidez-nous \u00e0 changer des vies comme celle de Sabrina<\/h3>\n\n\n\n<p class=\"gb-headline gb-headline-33254764 gb-headline-text\">Lorsqu'on a diagnostiqu\u00e9 un craniopharyngiome chez Sabrina, sa vie a chang\u00e9 du jour au lendemain. Elle a d\u00fb subir des mois d'op\u00e9rations chirurgicales, de s\u00e9jours \u00e0 l'h\u00f4pital et de contr\u00f4les douloureux de son taux de sodium. Gr\u00e2ce \u00e0 un analyseur de sang portatif fourni par la Fondation Raymond A. Wood, Sabrina peut d\u00e9sormais mesurer son taux de sodium \u00e0 domicile, ce qui lui \u00e9vite les piq\u00fbres r\u00e9p\u00e9t\u00e9es et les visites \u00e0 l'h\u00f4pital.<br>Votre soutien nous aide \u00e0 fournir des appareils qui changent la vie des familles dans le besoin et alimente notre mission qui consiste \u00e0 d\u00e9velopper un syst\u00e8me d'information sur les droits de l'homme. <a href=\"https:\/\/www.rawoodfoundation.org\/fr\/2023\/03\/11\/2022-7-11-la-fondation-raymond-a-wood-annonce-une-collaboration-avec-giner-labs-pour-la-recherche-et-le-developpement-dun-compteur-de-sodium-a-usage-domestique\/\">compteur de sodium \u00e0 domicile<\/a> pour une accessibilit\u00e9 encore plus grande.<\/p>\n\n\n\n<p class=\"gb-headline gb-headline-52423adb round-icon\"><span class=\"gb-icon\"><svg aria-hidden=\"true\" role=\"img\" height=\"1em\" width=\"1em\" viewbox=\"0 0 256 512\" xmlns=\"http:\/\/www.w3.org\/2000\/svg\"><path fill=\"currentColor\" d=\"M224.3 273l-136 136c-9.4 9.4-24.6 9.4-33.9 0l-22.6-22.6c-9.4-9.4-9.4-24.6 0-33.9l96.4-96.4-96.4-96.4c-9.4-9.4-9.4-24.6 0-33.9L54.3 103c9.4-9.4 24.6-9.4 33.9 0l136 136c9.5 9.4 9.5 24.6.1 34z\"><\/path><\/svg><\/span><span class=\"gb-headline-text\"><a href=\"https:\/\/www.rawoodfoundation.org\/fr\/2025\/01\/21\/sabrina-une-lumiere-rayonnante-et-un-phare-de-resilience\/\">Lire l'histoire compl\u00e8te de Sabrina<\/a><\/span><\/p>\n\n<\/div><\/div>\n\n\n\n<div class=\"wp-block-column is-layout-flow wp-block-column-is-layout-flow\"><\/div>\n<\/div>\n\n<\/div>\n\n\n<hr class=\"wp-block-separator has-alpha-channel-opacity\"\/>\n\n\n\n<h3 class=\"wp-block-heading has-text-align-center\">Fa\u00e7ons de s'impliquer et d'avoir un impact<\/h3>\n\n\n<div class=\"gb-grid-wrapper gb-grid-wrapper-a074603b\">\n<div class=\"gb-grid-column gb-grid-column-23f59142\"><div class=\"gb-container gb-container-23f59142\">\n\n<p class=\"wp-container-content-e29552f7\"><strong><a href=\"https:\/\/www.rawoodfoundation.org\/fr\/faire-un-don\/\">Faire un don<\/a><\/strong>: Soutenez notre mission en finan\u00e7ant des ressources qui changent la vie des survivants et de leurs familles.<\/p>\n\n\n\n<p class=\"wp-container-content-e29552f7\"><strong><a href=\"https:\/\/www.rawoodfoundation.org\/fr\/collecte-de-fonds-2\/\">Lancer une collecte de fonds<\/a><\/strong>: Rassemblez votre communaut\u00e9 pour collecter des fonds et avoir un impact significatif.<\/p>\n\n\n\n<p class=\"wp-container-content-e29552f7\"><a href=\"https:\/\/www.rawoodfoundation.org\/fr\/completer-votre-don\/\"><strong>Compl\u00e9tez votre don<\/strong>:<\/a> Doublez votre impact en v\u00e9rifiant si votre employeur offre des programmes de jumelage de dons.<\/p>\n\n<\/div><\/div>\n\n<div class=\"gb-grid-column gb-grid-column-7e18e3f6\"><div class=\"gb-container gb-container-7e18e3f6\">\n\n<p><a href=\"https:\/\/www.rawoodfoundation.org\/fr\/demande-de-corps\/\"><strong>Rejoignez notre conseil d'administration<\/strong>: <\/a>Mettez vos comp\u00e9tences et votre passion au service de l'orientation et de la croissance de notre fondation.<\/p>\n\n\n\n<p><strong><a href=\"https:\/\/www.rawoodfoundation.org\/fr\/partagez-votre-histoire-2\/\">Partagez votre histoire<\/a><\/strong>: Inspirez les autres en partageant votre parcours avec notre communaut\u00e9.<\/p>\n\n\n\n<p><strong><a href=\"https:\/\/www.rawoodfoundation.org\/fr\/registre-des-tumeurs\/\">Participer \u00e0 notre registre des patients<\/a><\/strong>: Contribuez \u00e0 faire avancer la recherche en alimentant notre base de donn\u00e9es en constante \u00e9volution.<\/p>\n\n<\/div><\/div>\n<\/div>\n\n\n<hr class=\"wp-block-separator has-alpha-channel-opacity\"\/>\n\n\n<div class=\"gb-container gb-container-4ff0fd79\">\n\n<div class=\"wp-block-columns is-layout-flex wp-container-core-columns-is-layout-9d6595d7 wp-block-columns-is-layout-flex\">\n<div class=\"wp-block-column is-layout-flow wp-block-column-is-layout-flow\" style=\"flex-basis:33.33%\"><div class=\"gb-container gb-container-a9de1644\">\n\n<figure class=\"wp-block-image size-full\"><img decoding=\"async\" width=\"302\" height=\"407\" src=\"https:\/\/www.rawoodfoundation.org\/wp-content\/uploads\/2024\/07\/jake.png\" alt=\"\" class=\"wp-image-9298\" srcset=\"https:\/\/www.rawoodfoundation.org\/wp-content\/uploads\/2024\/07\/jake.png 302w, https:\/\/www.rawoodfoundation.org\/wp-content\/uploads\/2024\/07\/jake-223x300.png 223w, https:\/\/www.rawoodfoundation.org\/wp-content\/uploads\/2024\/07\/jake-9x12.png 9w\" sizes=\"(max-width: 302px) 100vw, 302px\" \/><\/figure>\n\n<\/div><\/div>\n\n\n\n<div class=\"wp-block-column is-layout-flow wp-block-column-is-layout-flow\" style=\"flex-basis:66.66%\"><div class=\"gb-container gb-container-d906f2ec\">\n\n<h3 class=\"gb-headline gb-headline-460ad211 gb-headline-text\">Faire progresser la recherche sur l'ob\u00e9sit\u00e9 hypothalamique<\/h3>\n\n\n\n<p class=\"gb-headline gb-headline-2ca87a9b gb-headline-text\">Votre voix est essentielle pour relever les d\u00e9fis de l'ob\u00e9sit\u00e9 hypothalamique et de l'hyperphagie ! Rejoignez-nous pour fa\u00e7onner l'avenir de la recherche en vous inscrivant au registre des patients atteints de tumeurs c\u00e9r\u00e9brales hypothalamiques et hypophysaires. Votre participation, \u00e0 votre propre rythme, apportera des informations pr\u00e9cieuses pour mieux comprendre et traiter ces maladies.<\/p>\n\n\n\n<p class=\"gb-headline gb-headline-af8813c0 round-icon\"><span class=\"gb-icon\"><svg aria-hidden=\"true\" role=\"img\" height=\"1em\" width=\"1em\" viewbox=\"0 0 256 512\" xmlns=\"http:\/\/www.w3.org\/2000\/svg\"><path fill=\"currentColor\" d=\"M224.3 273l-136 136c-9.4 9.4-24.6 9.4-33.9 0l-22.6-22.6c-9.4-9.4-9.4-24.6 0-33.9l96.4-96.4-96.4-96.4c-9.4-9.4-9.4-24.6 0-33.9L54.3 103c9.4-9.4 24.6-9.4 33.9 0l136 136c9.5 9.4 9.5 24.6.1 34z\"><\/path><\/svg><\/span><span class=\"gb-headline-text\"><a href=\"https:\/\/www.rawoodfoundation.org\/fr\/registre-des-tumeurs\/\">En savoir plus<\/a><\/span><\/p>\n\n<\/div>\n\n\n<figure class=\"wp-block-image size-large\"><img decoding=\"async\" width=\"1024\" height=\"192\" src=\"https:\/\/www.rawoodfoundation.org\/wp-content\/uploads\/2024\/07\/logoFinal-1024x192.png\" alt=\"\" class=\"wp-image-9299\" srcset=\"https:\/\/www.rawoodfoundation.org\/wp-content\/uploads\/2024\/07\/logoFinal-1024x192.png 1024w, https:\/\/www.rawoodfoundation.org\/wp-content\/uploads\/2024\/07\/logoFinal-300x56.png 300w, https:\/\/www.rawoodfoundation.org\/wp-content\/uploads\/2024\/07\/logoFinal-768x144.png 768w, https:\/\/www.rawoodfoundation.org\/wp-content\/uploads\/2024\/07\/logoFinal-18x3.png 18w, https:\/\/www.rawoodfoundation.org\/wp-content\/uploads\/2024\/07\/logoFinal.png 1485w\" sizes=\"(max-width: 1024px) 100vw, 1024px\" \/><\/figure>\n<\/div>\n\n\n\n<div class=\"wp-block-column is-layout-flow wp-block-column-is-layout-flow\"><\/div>\n<\/div>\n\n<\/div>\n\n\n<div class=\"wp-block-group has-white-background-color has-background\" style=\"padding-top:var(--wp--preset--spacing--80);padding-right:0;padding-bottom:var(--wp--preset--spacing--80);padding-left:0\"><div class=\"wp-block-group__inner-container is-layout-flow wp-block-group-is-layout-flow\">\n<div style=\"height:20px\" aria-hidden=\"true\" class=\"wp-block-spacer\"><\/div>\n\n\n\n<div class=\"wp-block-buttons is-content-justification-center is-layout-flex wp-container-core-buttons-is-layout-16018d1d wp-block-buttons-is-layout-flex\">\n<div class=\"wp-block-button has-custom-width wp-block-button__width-100\"><a class=\"wp-block-button__link wp-element-button\" href=\"https:\/\/www.rawoodfoundation.org\/fr\/inscription-par-courrier-electronique\/\">Rejoindre notre liste de diffusion<\/a><\/div>\n\n\n\n<div class=\"wp-block-button has-custom-width wp-block-button__width-100\"><a class=\"wp-block-button__link wp-element-button\" href=\"https:\/\/www.rawoodfoundation.org\/fr\/faire-un-don\/\">Faire un don<\/a><\/div>\n<\/div>\n<\/div><\/div>","protected":false},"excerpt":{"rendered":"<p>Faire la diff\u00e9rence dans la vie des survivants \u00c0 la Fondation Raymond A. Wood, nous ... <a title=\"S&#039;impliquer\" class=\"read-more\" href=\"https:\/\/www.rawoodfoundation.org\/fr\/get-involved\/\" aria-label=\"Plus d&#039;informations sur Get Involved\">Lire plus<\/a><\/p>","protected":false},"author":1,"featured_media":0,"parent":0,"menu_order":110,"comment_status":"closed","ping_status":"closed","template":"","meta":{"_acf_changed":false,"footnotes":""},"class_list":{"0":"post-4780","1":"page","2":"type-page","3":"status-publish","5":"no-featured-image-padding"},"acf":[],"yoast_head":"<!-- This site is optimized with the Yoast SEO plugin v27.3 - https:\/\/yoast.com\/product\/yoast-seo-wordpress\/ -->\n<title>Get Involved - Raymond A. Wood Foundation<\/title>\n<meta name=\"robots\" content=\"index, follow, max-snippet:-1, max-image-preview:large, max-video-preview:-1\" \/>\n<link rel=\"canonical\" href=\"https:\/\/www.rawoodfoundation.org\/fr\/simpliquer\/\" \/>\n<meta property=\"og:locale\" content=\"fr_FR\" \/>\n<meta property=\"og:type\" content=\"article\" \/>\n<meta property=\"og:title\" content=\"Get Involved - Raymond A. Wood Foundation\" \/>\n<meta property=\"og:description\" content=\"Make a Difference in the Lives of Survivors At the Raymond A. Wood Foundation, we ... Lire plus\" \/>\n<meta property=\"og:url\" content=\"https:\/\/www.rawoodfoundation.org\/fr\/simpliquer\/\" \/>\n<meta property=\"og:site_name\" content=\"Raymond A. Wood Foundation\" \/>\n<meta property=\"article:publisher\" content=\"https:\/\/www.facebook.com\/rawoodfoundation\" \/>\n<meta property=\"article:modified_time\" content=\"2025-01-24T15:09:32+00:00\" \/>\n<meta property=\"og:image\" content=\"https:\/\/www.rawoodfoundation.org\/wp-content\/uploads\/2023\/11\/IMG_2065-web-1024x768.jpg\" \/>\n<meta name=\"twitter:card\" content=\"summary_large_image\" \/>\n<meta name=\"twitter:site\" content=\"@rawoodfound\" \/>\n<meta name=\"twitter:label1\" content=\"Est. reading time\" \/>\n\t<meta name=\"twitter:data1\" content=\"3 minutes\" \/>\n<script type=\"application\/ld+json\" class=\"yoast-schema-graph\">{\"@context\":\"https:\\\/\\\/schema.org\",\"@graph\":[{\"@type\":\"WebPage\",\"@id\":\"https:\\\/\\\/www.rawoodfoundation.org\\\/get-involved\\\/\",\"url\":\"https:\\\/\\\/www.rawoodfoundation.org\\\/get-involved\\\/\",\"name\":\"Get Involved - Raymond A. Wood Foundation\",\"isPartOf\":{\"@id\":\"https:\\\/\\\/www.rawoodfoundation.org\\\/#website\"},\"primaryImageOfPage\":{\"@id\":\"https:\\\/\\\/www.rawoodfoundation.org\\\/get-involved\\\/#primaryimage\"},\"image\":{\"@id\":\"https:\\\/\\\/www.rawoodfoundation.org\\\/get-involved\\\/#primaryimage\"},\"thumbnailUrl\":\"https:\\\/\\\/www.rawoodfoundation.org\\\/wp-content\\\/uploads\\\/2023\\\/11\\\/IMG_2065-web-1024x768.jpg\",\"datePublished\":\"2023-05-08T18:58:16+00:00\",\"dateModified\":\"2025-01-24T15:09:32+00:00\",\"breadcrumb\":{\"@id\":\"https:\\\/\\\/www.rawoodfoundation.org\\\/get-involved\\\/#breadcrumb\"},\"inLanguage\":\"fr-FR\",\"potentialAction\":[{\"@type\":\"ReadAction\",\"target\":[\"https:\\\/\\\/www.rawoodfoundation.org\\\/get-involved\\\/\"]}]},{\"@type\":\"ImageObject\",\"inLanguage\":\"fr-FR\",\"@id\":\"https:\\\/\\\/www.rawoodfoundation.org\\\/get-involved\\\/#primaryimage\",\"url\":\"https:\\\/\\\/www.rawoodfoundation.org\\\/wp-content\\\/uploads\\\/2023\\\/11\\\/IMG_2065-web-1024x768.jpg\",\"contentUrl\":\"https:\\\/\\\/www.rawoodfoundation.org\\\/wp-content\\\/uploads\\\/2023\\\/11\\\/IMG_2065-web-1024x768.jpg\"},{\"@type\":\"BreadcrumbList\",\"@id\":\"https:\\\/\\\/www.rawoodfoundation.org\\\/get-involved\\\/#breadcrumb\",\"itemListElement\":[{\"@type\":\"ListItem\",\"position\":1,\"name\":\"Home\",\"item\":\"https:\\\/\\\/www.rawoodfoundation.org\\\/\"},{\"@type\":\"ListItem\",\"position\":2,\"name\":\"Get Involved\"}]},{\"@type\":\"WebSite\",\"@id\":\"https:\\\/\\\/www.rawoodfoundation.org\\\/#website\",\"url\":\"https:\\\/\\\/www.rawoodfoundation.org\\\/\",\"name\":\"Raymond A. Wood Foundation\",\"description\":\"The mission of the RAWF is to provide quality of life support for childhood brain tumor survivors and their families.\",\"publisher\":{\"@id\":\"https:\\\/\\\/www.rawoodfoundation.org\\\/#organization\"},\"potentialAction\":[{\"@type\":\"SearchAction\",\"target\":{\"@type\":\"EntryPoint\",\"urlTemplate\":\"https:\\\/\\\/www.rawoodfoundation.org\\\/?s={search_term_string}\"},\"query-input\":{\"@type\":\"PropertyValueSpecification\",\"valueRequired\":true,\"valueName\":\"search_term_string\"}}],\"inLanguage\":\"fr-FR\"},{\"@type\":\"Organization\",\"@id\":\"https:\\\/\\\/www.rawoodfoundation.org\\\/#organization\",\"name\":\"Raymond A. Wood Foundation\",\"url\":\"https:\\\/\\\/www.rawoodfoundation.org\\\/\",\"logo\":{\"@type\":\"ImageObject\",\"inLanguage\":\"fr-FR\",\"@id\":\"https:\\\/\\\/www.rawoodfoundation.org\\\/#\\\/schema\\\/logo\\\/image\\\/\",\"url\":\"https:\\\/\\\/www.rawoodfoundation.org\\\/wp-content\\\/uploads\\\/2023\\\/07\\\/Raymond-A-Wood-Foundation-logo.webp\",\"contentUrl\":\"https:\\\/\\\/www.rawoodfoundation.org\\\/wp-content\\\/uploads\\\/2023\\\/07\\\/Raymond-A-Wood-Foundation-logo.webp\",\"width\":470,\"height\":128,\"caption\":\"Raymond A. Wood Foundation\"},\"image\":{\"@id\":\"https:\\\/\\\/www.rawoodfoundation.org\\\/#\\\/schema\\\/logo\\\/image\\\/\"},\"sameAs\":[\"https:\\\/\\\/www.facebook.com\\\/rawoodfoundation\",\"https:\\\/\\\/x.com\\\/rawoodfound\"]}]}<\/script>\n<!-- \/ Yoast SEO plugin. -->","yoast_head_json":{"title":"S'impliquer - Raymond A. Wood Foundation","robots":{"index":"index","follow":"follow","max-snippet":"max-snippet:-1","max-image-preview":"max-image-preview:large","max-video-preview":"max-video-preview:-1"},"canonical":"https:\/\/www.rawoodfoundation.org\/fr\/simpliquer\/","og_locale":"fr_FR","og_type":"article","og_title":"Get Involved - Raymond A. Wood Foundation","og_description":"Make a Difference in the Lives of Survivors At the Raymond A. Wood Foundation, we ... Lire plus","og_url":"https:\/\/www.rawoodfoundation.org\/fr\/simpliquer\/","og_site_name":"Raymond A. Wood Foundation","article_publisher":"https:\/\/www.facebook.com\/rawoodfoundation","article_modified_time":"2025-01-24T15:09:32+00:00","og_image":[{"url":"https:\/\/www.rawoodfoundation.org\/wp-content\/uploads\/2023\/11\/IMG_2065-web-1024x768.jpg","type":"","width":"","height":""}],"twitter_card":"summary_large_image","twitter_site":"@rawoodfound","twitter_misc":{"Est. reading time":"3 minutes"},"schema":{"@context":"https:\/\/schema.org","@graph":[{"@type":"WebPage","@id":"https:\/\/www.rawoodfoundation.org\/get-involved\/","url":"https:\/\/www.rawoodfoundation.org\/get-involved\/","name":"S'impliquer - Raymond A. Wood Foundation","isPartOf":{"@id":"https:\/\/www.rawoodfoundation.org\/#website"},"primaryImageOfPage":{"@id":"https:\/\/www.rawoodfoundation.org\/get-involved\/#primaryimage"},"image":{"@id":"https:\/\/www.rawoodfoundation.org\/get-involved\/#primaryimage"},"thumbnailUrl":"https:\/\/www.rawoodfoundation.org\/wp-content\/uploads\/2023\/11\/IMG_2065-web-1024x768.jpg","datePublished":"2023-05-08T18:58:16+00:00","dateModified":"2025-01-24T15:09:32+00:00","breadcrumb":{"@id":"https:\/\/www.rawoodfoundation.org\/get-involved\/#breadcrumb"},"inLanguage":"fr-FR","potentialAction":[{"@type":"ReadAction","target":["https:\/\/www.rawoodfoundation.org\/get-involved\/"]}]},{"@type":"ImageObject","inLanguage":"fr-FR","@id":"https:\/\/www.rawoodfoundation.org\/get-involved\/#primaryimage","url":"https:\/\/www.rawoodfoundation.org\/wp-content\/uploads\/2023\/11\/IMG_2065-web-1024x768.jpg","contentUrl":"https:\/\/www.rawoodfoundation.org\/wp-content\/uploads\/2023\/11\/IMG_2065-web-1024x768.jpg"},{"@type":"BreadcrumbList","@id":"https:\/\/www.rawoodfoundation.org\/get-involved\/#breadcrumb","itemListElement":[{"@type":"ListItem","position":1,"name":"Home","item":"https:\/\/www.rawoodfoundation.org\/"},{"@type":"ListItem","position":2,"name":"Get Involved"}]},{"@type":"WebSite","@id":"https:\/\/www.rawoodfoundation.org\/#website","url":"https:\/\/www.rawoodfoundation.org\/","name":"Fondation Raymond A. Wood","description":"La mission de la RAWF est d'apporter un soutien \u00e0 la qualit\u00e9 de vie des survivants de tumeurs c\u00e9r\u00e9brales infantiles et de leurs familles.","publisher":{"@id":"https:\/\/www.rawoodfoundation.org\/#organization"},"potentialAction":[{"@type":"SearchAction","target":{"@type":"EntryPoint","urlTemplate":"https:\/\/www.rawoodfoundation.org\/?s={search_term_string}"},"query-input":{"@type":"PropertyValueSpecification","valueRequired":true,"valueName":"search_term_string"}}],"inLanguage":"fr-FR"},{"@type":"Organization","@id":"https:\/\/www.rawoodfoundation.org\/#organization","name":"Fondation Raymond A. Wood","url":"https:\/\/www.rawoodfoundation.org\/","logo":{"@type":"ImageObject","inLanguage":"fr-FR","@id":"https:\/\/www.rawoodfoundation.org\/#\/schema\/logo\/image\/","url":"https:\/\/www.rawoodfoundation.org\/wp-content\/uploads\/2023\/07\/Raymond-A-Wood-Foundation-logo.webp","contentUrl":"https:\/\/www.rawoodfoundation.org\/wp-content\/uploads\/2023\/07\/Raymond-A-Wood-Foundation-logo.webp","width":470,"height":128,"caption":"Raymond A. Wood Foundation"},"image":{"@id":"https:\/\/www.rawoodfoundation.org\/#\/schema\/logo\/image\/"},"sameAs":["https:\/\/www.facebook.com\/rawoodfoundation","https:\/\/x.com\/rawoodfound"]}]}},"_links":{"self":[{"href":"https:\/\/www.rawoodfoundation.org\/fr\/wp-json\/wp\/v2\/pages\/4780","targetHints":{"allow":["GET"]}}],"collection":[{"href":"https:\/\/www.rawoodfoundation.org\/fr\/wp-json\/wp\/v2\/pages"}],"about":[{"href":"https:\/\/www.rawoodfoundation.org\/fr\/wp-json\/wp\/v2\/types\/page"}],"author":[{"embeddable":true,"href":"https:\/\/www.rawoodfoundation.org\/fr\/wp-json\/wp\/v2\/users\/1"}],"replies":[{"embeddable":true,"href":"https:\/\/www.rawoodfoundation.org\/fr\/wp-json\/wp\/v2\/comments?post=4780"}],"version-history":[{"count":14,"href":"https:\/\/www.rawoodfoundation.org\/fr\/wp-json\/wp\/v2\/pages\/4780\/revisions"}],"predecessor-version":[{"id":11339,"href":"https:\/\/www.rawoodfoundation.org\/fr\/wp-json\/wp\/v2\/pages\/4780\/revisions\/11339"}],"wp:attachment":[{"href":"https:\/\/www.rawoodfoundation.org\/fr\/wp-json\/wp\/v2\/media?parent=4780"}],"curies":[{"name":"wp","href":"https:\/\/api.w.org\/{rel}","templated":true}]}}