{"id":4629,"date":"2023-04-18T15:51:34","date_gmt":"2023-04-18T15:51:34","guid":{"rendered":"https:\/\/live-rawf.pantheonsite.io\/?page_id=4629"},"modified":"2023-08-21T19:08:02","modified_gmt":"2023-08-21T19:08:02","slug":"personnel-du-conseil","status":"publish","type":"page","link":"https:\/\/www.rawoodfoundation.org\/fr\/board-staff\/","title":{"rendered":"Conseil d'administration et personnel"},"content":{"rendered":"<hr class=\"wp-block-separator has-text-color has-gray-color has-alpha-channel-opacity has-gray-background-color has-background is-style-default\"\/>\n\n\n<div class=\"gb-container gb-container-fafe7374\">\n<div class=\"gb-container gb-container-b0faa0a2\">\n\n<div class=\"wp-block-columns is-layout-flex wp-container-core-columns-is-layout-9d6595d7 wp-block-columns-is-layout-flex\">\n<div class=\"wp-block-column is-layout-flow wp-block-column-is-layout-flow\" style=\"flex-basis:66.66%\"><div class=\"gb-container gb-container-2c4590e8\">\n\n<h3 class=\"gb-headline gb-headline-094bad58 gb-headline-text\">Devenir membre du conseil d'administration<\/h3>\n\n\n\n<p class=\"gb-headline gb-headline-33254764 gb-headline-text\">Rejoignez la Raymond A. Wood Foundation et faites la diff\u00e9rence en am\u00e9liorant la qualit\u00e9 de vie des survivants de tumeurs c\u00e9r\u00e9brales craniopharyngiennes. Nous recherchons des personnes passionn\u00e9es pour rejoindre notre \u00e9quipe et \u00e9largir notre \u00e9ventail de comp\u00e9tences. Vous pensez \u00eatre un bon candidat ? Remplissez notre formulaire de contact pour commencer.<\/p>\n\n\n\n<p class=\"gb-headline gb-headline-52423adb round-icon\"><span class=\"gb-icon\"><svg aria-hidden=\"true\" role=\"img\" height=\"1em\" width=\"1em\" viewbox=\"0 0 256 512\" xmlns=\"http:\/\/www.w3.org\/2000\/svg\"><path fill=\"currentColor\" d=\"M224.3 273l-136 136c-9.4 9.4-24.6 9.4-33.9 0l-22.6-22.6c-9.4-9.4-9.4-24.6 0-33.9l96.4-96.4-96.4-96.4c-9.4-9.4-9.4-24.6 0-33.9L54.3 103c9.4-9.4 24.6-9.4 33.9 0l136 136c9.5 9.4 9.5 24.6.1 34z\"><\/path><\/svg><\/span><span class=\"gb-headline-text\"><a href=\"https:\/\/live-rawf.pantheonsite.io\/job-opening\/board-of-directors-unpaid\/\">Rejoindre notre \u00e9quipe<\/a><\/span><\/p>\n\n<\/div><\/div>\n\n\n\n<div class=\"wp-block-column is-layout-flow wp-block-column-is-layout-flow\" style=\"flex-basis:33.33%\"><div class=\"gb-container gb-container-254db55e\">\n\n<figure class=\"gb-block-image gb-block-image-9db7ebaa\"><img decoding=\"async\" width=\"1516\" height=\"1077\" class=\"gb-image gb-image-9db7ebaa\" src=\"https:\/\/live-rawf.pantheonsite.io\/wp-content\/uploads\/2023\/05\/Rectangle-18.jpg\" alt=\"Personnes applaudissant autour d&#039;une table\" title=\"Rectangle-18\" srcset=\"https:\/\/www.rawoodfoundation.org\/wp-content\/uploads\/2023\/05\/Rectangle-18.jpg 1516w, https:\/\/www.rawoodfoundation.org\/wp-content\/uploads\/2023\/05\/Rectangle-18-300x213.jpg 300w, https:\/\/www.rawoodfoundation.org\/wp-content\/uploads\/2023\/05\/Rectangle-18-1024x727.jpg 1024w, https:\/\/www.rawoodfoundation.org\/wp-content\/uploads\/2023\/05\/Rectangle-18-768x546.jpg 768w, https:\/\/www.rawoodfoundation.org\/wp-content\/uploads\/2023\/05\/Rectangle-18-18x12.jpg 18w\" sizes=\"(max-width: 1516px) 100vw, 1516px\" \/><\/figure>\n\n<\/div><\/div>\n<\/div>\n\n<\/div>\n<\/div>","protected":false},"excerpt":{"rendered":"<p>Devenir membre du conseil d'administration Rejoignez la Raymond A. Wood Foundation et faites la diff\u00e9rence ... <a title=\"Conseil d&#039;administration et personnel\" class=\"read-more\" href=\"https:\/\/www.rawoodfoundation.org\/fr\/board-staff\/\" aria-label=\"En savoir plus sur le conseil d&#039;administration et le personnel\">Lire plus<\/a><\/p>","protected":false},"author":1,"featured_media":0,"parent":0,"menu_order":112,"comment_status":"closed","ping_status":"closed","template":"","meta":{"_acf_changed":false,"footnotes":""},"class_list":{"0":"post-4629","1":"page","2":"type-page","3":"status-publish","5":"no-featured-image-padding"},"acf":[],"yoast_head":"<!-- This site is optimized with the Yoast SEO plugin v27.3 - https:\/\/yoast.com\/product\/yoast-seo-wordpress\/ -->\n<title>Board &amp; Staff - Raymond A. Wood Foundation<\/title>\n<meta name=\"description\" content=\"Discover the board &amp; staff of Raymond A. Wood and why they joined to improve the quality of life for Craniopharyngioma Brain Tumor Survivors\" \/>\n<meta name=\"robots\" content=\"index, follow, max-snippet:-1, max-image-preview:large, max-video-preview:-1\" \/>\n<link rel=\"canonical\" href=\"https:\/\/www.rawoodfoundation.org\/fr\/personnel-du-conseil\/\" \/>\n<meta property=\"og:locale\" content=\"fr_FR\" \/>\n<meta property=\"og:type\" content=\"article\" \/>\n<meta property=\"og:title\" content=\"Board &amp; Staff - Raymond A. Wood Foundation\" \/>\n<meta property=\"og:description\" content=\"Discover the board &amp; staff of Raymond A. Wood and why they joined to improve the quality of life for Craniopharyngioma Brain Tumor Survivors\" \/>\n<meta property=\"og:url\" content=\"https:\/\/www.rawoodfoundation.org\/fr\/personnel-du-conseil\/\" \/>\n<meta property=\"og:site_name\" content=\"Raymond A. Wood Foundation\" \/>\n<meta property=\"article:publisher\" content=\"https:\/\/www.facebook.com\/rawoodfoundation\" \/>\n<meta property=\"article:modified_time\" content=\"2023-08-21T19:08:02+00:00\" \/>\n<meta property=\"og:image\" content=\"https:\/\/live-rawf.pantheonsite.io\/wp-content\/uploads\/2023\/05\/Rectangle-18.jpg\" \/>\n<meta name=\"twitter:card\" content=\"summary_large_image\" \/>\n<meta name=\"twitter:site\" content=\"@rawoodfound\" \/>\n<meta name=\"twitter:label1\" content=\"Est. reading time\" \/>\n\t<meta name=\"twitter:data1\" content=\"1 minute\" \/>\n<script type=\"application\/ld+json\" class=\"yoast-schema-graph\">{\"@context\":\"https:\\\/\\\/schema.org\",\"@graph\":[{\"@type\":\"WebPage\",\"@id\":\"https:\\\/\\\/www.rawoodfoundation.org\\\/board-staff\\\/\",\"url\":\"https:\\\/\\\/www.rawoodfoundation.org\\\/board-staff\\\/\",\"name\":\"Board & Staff - Raymond A. Wood Foundation\",\"isPartOf\":{\"@id\":\"https:\\\/\\\/www.rawoodfoundation.org\\\/#website\"},\"primaryImageOfPage\":{\"@id\":\"https:\\\/\\\/www.rawoodfoundation.org\\\/board-staff\\\/#primaryimage\"},\"image\":{\"@id\":\"https:\\\/\\\/www.rawoodfoundation.org\\\/board-staff\\\/#primaryimage\"},\"thumbnailUrl\":\"https:\\\/\\\/live-rawf.pantheonsite.io\\\/wp-content\\\/uploads\\\/2023\\\/05\\\/Rectangle-18.jpg\",\"datePublished\":\"2023-04-18T15:51:34+00:00\",\"dateModified\":\"2023-08-21T19:08:02+00:00\",\"description\":\"Discover the board & staff of Raymond A. Wood and why they joined to improve the quality of life for Craniopharyngioma Brain Tumor Survivors\",\"breadcrumb\":{\"@id\":\"https:\\\/\\\/www.rawoodfoundation.org\\\/board-staff\\\/#breadcrumb\"},\"inLanguage\":\"fr-FR\",\"potentialAction\":[{\"@type\":\"ReadAction\",\"target\":[\"https:\\\/\\\/www.rawoodfoundation.org\\\/board-staff\\\/\"]}]},{\"@type\":\"ImageObject\",\"inLanguage\":\"fr-FR\",\"@id\":\"https:\\\/\\\/www.rawoodfoundation.org\\\/board-staff\\\/#primaryimage\",\"url\":\"https:\\\/\\\/live-rawf.pantheonsite.io\\\/wp-content\\\/uploads\\\/2023\\\/05\\\/Rectangle-18.jpg\",\"contentUrl\":\"https:\\\/\\\/live-rawf.pantheonsite.io\\\/wp-content\\\/uploads\\\/2023\\\/05\\\/Rectangle-18.jpg\"},{\"@type\":\"BreadcrumbList\",\"@id\":\"https:\\\/\\\/www.rawoodfoundation.org\\\/board-staff\\\/#breadcrumb\",\"itemListElement\":[{\"@type\":\"ListItem\",\"position\":1,\"name\":\"Home\",\"item\":\"https:\\\/\\\/www.rawoodfoundation.org\\\/\"},{\"@type\":\"ListItem\",\"position\":2,\"name\":\"Board &#038; Staff\"}]},{\"@type\":\"WebSite\",\"@id\":\"https:\\\/\\\/www.rawoodfoundation.org\\\/#website\",\"url\":\"https:\\\/\\\/www.rawoodfoundation.org\\\/\",\"name\":\"Raymond A. Wood Foundation\",\"description\":\"The mission of the RAWF is to provide quality of life support for childhood brain tumor survivors and their families.\",\"publisher\":{\"@id\":\"https:\\\/\\\/www.rawoodfoundation.org\\\/#organization\"},\"potentialAction\":[{\"@type\":\"SearchAction\",\"target\":{\"@type\":\"EntryPoint\",\"urlTemplate\":\"https:\\\/\\\/www.rawoodfoundation.org\\\/?s={search_term_string}\"},\"query-input\":{\"@type\":\"PropertyValueSpecification\",\"valueRequired\":true,\"valueName\":\"search_term_string\"}}],\"inLanguage\":\"fr-FR\"},{\"@type\":\"Organization\",\"@id\":\"https:\\\/\\\/www.rawoodfoundation.org\\\/#organization\",\"name\":\"Raymond A. Wood Foundation\",\"url\":\"https:\\\/\\\/www.rawoodfoundation.org\\\/\",\"logo\":{\"@type\":\"ImageObject\",\"inLanguage\":\"fr-FR\",\"@id\":\"https:\\\/\\\/www.rawoodfoundation.org\\\/#\\\/schema\\\/logo\\\/image\\\/\",\"url\":\"https:\\\/\\\/www.rawoodfoundation.org\\\/wp-content\\\/uploads\\\/2023\\\/07\\\/Raymond-A-Wood-Foundation-logo.webp\",\"contentUrl\":\"https:\\\/\\\/www.rawoodfoundation.org\\\/wp-content\\\/uploads\\\/2023\\\/07\\\/Raymond-A-Wood-Foundation-logo.webp\",\"width\":470,\"height\":128,\"caption\":\"Raymond A. Wood Foundation\"},\"image\":{\"@id\":\"https:\\\/\\\/www.rawoodfoundation.org\\\/#\\\/schema\\\/logo\\\/image\\\/\"},\"sameAs\":[\"https:\\\/\\\/www.facebook.com\\\/rawoodfoundation\",\"https:\\\/\\\/x.com\\\/rawoodfound\"]}]}<\/script>\n<!-- \/ Yoast SEO plugin. -->","yoast_head_json":{"title":"Conseil d'administration et personnel - Raymond A. Wood Foundation","description":"D\u00e9couvrez le conseil d'administration et le personnel de Raymond A. Wood et pourquoi ils se sont associ\u00e9s pour am\u00e9liorer la qualit\u00e9 de vie des survivants de tumeurs c\u00e9r\u00e9brales craniopharyngiennes.","robots":{"index":"index","follow":"follow","max-snippet":"max-snippet:-1","max-image-preview":"max-image-preview:large","max-video-preview":"max-video-preview:-1"},"canonical":"https:\/\/www.rawoodfoundation.org\/fr\/personnel-du-conseil\/","og_locale":"fr_FR","og_type":"article","og_title":"Board & Staff - Raymond A. Wood Foundation","og_description":"Discover the board & staff of Raymond A. Wood and why they joined to improve the quality of life for Craniopharyngioma Brain Tumor Survivors","og_url":"https:\/\/www.rawoodfoundation.org\/fr\/personnel-du-conseil\/","og_site_name":"Raymond A. Wood Foundation","article_publisher":"https:\/\/www.facebook.com\/rawoodfoundation","article_modified_time":"2023-08-21T19:08:02+00:00","og_image":[{"url":"https:\/\/live-rawf.pantheonsite.io\/wp-content\/uploads\/2023\/05\/Rectangle-18.jpg","type":"","width":"","height":""}],"twitter_card":"summary_large_image","twitter_site":"@rawoodfound","twitter_misc":{"Est. reading time":"1 minute"},"schema":{"@context":"https:\/\/schema.org","@graph":[{"@type":"WebPage","@id":"https:\/\/www.rawoodfoundation.org\/board-staff\/","url":"https:\/\/www.rawoodfoundation.org\/board-staff\/","name":"Conseil d'administration et personnel - Raymond A. Wood Foundation","isPartOf":{"@id":"https:\/\/www.rawoodfoundation.org\/#website"},"primaryImageOfPage":{"@id":"https:\/\/www.rawoodfoundation.org\/board-staff\/#primaryimage"},"image":{"@id":"https:\/\/www.rawoodfoundation.org\/board-staff\/#primaryimage"},"thumbnailUrl":"https:\/\/live-rawf.pantheonsite.io\/wp-content\/uploads\/2023\/05\/Rectangle-18.jpg","datePublished":"2023-04-18T15:51:34+00:00","dateModified":"2023-08-21T19:08:02+00:00","description":"D\u00e9couvrez le conseil d'administration et le personnel de Raymond A. Wood et pourquoi ils se sont associ\u00e9s pour am\u00e9liorer la qualit\u00e9 de vie des survivants de tumeurs c\u00e9r\u00e9brales craniopharyngiennes.","breadcrumb":{"@id":"https:\/\/www.rawoodfoundation.org\/board-staff\/#breadcrumb"},"inLanguage":"fr-FR","potentialAction":[{"@type":"ReadAction","target":["https:\/\/www.rawoodfoundation.org\/board-staff\/"]}]},{"@type":"ImageObject","inLanguage":"fr-FR","@id":"https:\/\/www.rawoodfoundation.org\/board-staff\/#primaryimage","url":"https:\/\/live-rawf.pantheonsite.io\/wp-content\/uploads\/2023\/05\/Rectangle-18.jpg","contentUrl":"https:\/\/live-rawf.pantheonsite.io\/wp-content\/uploads\/2023\/05\/Rectangle-18.jpg"},{"@type":"BreadcrumbList","@id":"https:\/\/www.rawoodfoundation.org\/board-staff\/#breadcrumb","itemListElement":[{"@type":"ListItem","position":1,"name":"Home","item":"https:\/\/www.rawoodfoundation.org\/"},{"@type":"ListItem","position":2,"name":"Board &#038; Staff"}]},{"@type":"WebSite","@id":"https:\/\/www.rawoodfoundation.org\/#website","url":"https:\/\/www.rawoodfoundation.org\/","name":"Fondation Raymond A. Wood","description":"La mission de la RAWF est d'apporter un soutien \u00e0 la qualit\u00e9 de vie des survivants de tumeurs c\u00e9r\u00e9brales infantiles et de leurs familles.","publisher":{"@id":"https:\/\/www.rawoodfoundation.org\/#organization"},"potentialAction":[{"@type":"SearchAction","target":{"@type":"EntryPoint","urlTemplate":"https:\/\/www.rawoodfoundation.org\/?s={search_term_string}"},"query-input":{"@type":"PropertyValueSpecification","valueRequired":true,"valueName":"search_term_string"}}],"inLanguage":"fr-FR"},{"@type":"Organization","@id":"https:\/\/www.rawoodfoundation.org\/#organization","name":"Fondation Raymond A. Wood","url":"https:\/\/www.rawoodfoundation.org\/","logo":{"@type":"ImageObject","inLanguage":"fr-FR","@id":"https:\/\/www.rawoodfoundation.org\/#\/schema\/logo\/image\/","url":"https:\/\/www.rawoodfoundation.org\/wp-content\/uploads\/2023\/07\/Raymond-A-Wood-Foundation-logo.webp","contentUrl":"https:\/\/www.rawoodfoundation.org\/wp-content\/uploads\/2023\/07\/Raymond-A-Wood-Foundation-logo.webp","width":470,"height":128,"caption":"Raymond A. Wood Foundation"},"image":{"@id":"https:\/\/www.rawoodfoundation.org\/#\/schema\/logo\/image\/"},"sameAs":["https:\/\/www.facebook.com\/rawoodfoundation","https:\/\/x.com\/rawoodfound"]}]}},"_links":{"self":[{"href":"https:\/\/www.rawoodfoundation.org\/fr\/wp-json\/wp\/v2\/pages\/4629","targetHints":{"allow":["GET"]}}],"collection":[{"href":"https:\/\/www.rawoodfoundation.org\/fr\/wp-json\/wp\/v2\/pages"}],"about":[{"href":"https:\/\/www.rawoodfoundation.org\/fr\/wp-json\/wp\/v2\/types\/page"}],"author":[{"embeddable":true,"href":"https:\/\/www.rawoodfoundation.org\/fr\/wp-json\/wp\/v2\/users\/1"}],"replies":[{"embeddable":true,"href":"https:\/\/www.rawoodfoundation.org\/fr\/wp-json\/wp\/v2\/comments?post=4629"}],"version-history":[{"count":12,"href":"https:\/\/www.rawoodfoundation.org\/fr\/wp-json\/wp\/v2\/pages\/4629\/revisions"}],"predecessor-version":[{"id":8517,"href":"https:\/\/www.rawoodfoundation.org\/fr\/wp-json\/wp\/v2\/pages\/4629\/revisions\/8517"}],"wp:attachment":[{"href":"https:\/\/www.rawoodfoundation.org\/fr\/wp-json\/wp\/v2\/media?parent=4629"}],"curies":[{"name":"wp","href":"https:\/\/api.w.org\/{rel}","templated":true}]}}