{"id":19567,"date":"2026-04-08T18:10:03","date_gmt":"2026-04-08T18:10:03","guid":{"rendered":"https:\/\/www.rawoodfoundation.org\/?page_id=19567"},"modified":"2026-04-08T18:16:15","modified_gmt":"2026-04-08T18:16:15","slug":"rejoignez-le-comite-consultatif-des-patients","status":"publish","type":"page","link":"https:\/\/www.rawoodfoundation.org\/fr\/rejoignez-le-comite-consultatif-des-patients\/","title":{"rendered":"Rejoindre le comit\u00e9 consultatif des patients"},"content":{"rendered":"<h2 class=\"wp-block-heading\">Fournir des informations qui \u00e9clairent directement notre travail et font progresser les soins et les r\u00e9sultats.<\/h2>\n\n\n<div class=\"wp-block-image\">\n<figure class=\"alignright size-full\"><img decoding=\"async\" width=\"600\" height=\"429\" src=\"https:\/\/www.rawoodfoundation.org\/wp-content\/uploads\/2026\/04\/group.jpg\" alt=\"Discussion en groupe lors d&#039;une conf\u00e9rence\" class=\"wp-image-19570\" srcset=\"https:\/\/www.rawoodfoundation.org\/wp-content\/uploads\/2026\/04\/group.jpg 600w, https:\/\/www.rawoodfoundation.org\/wp-content\/uploads\/2026\/04\/group-300x215.jpg 300w, https:\/\/www.rawoodfoundation.org\/wp-content\/uploads\/2026\/04\/group-18x12.jpg 18w\" sizes=\"(max-width: 600px) 100vw, 600px\" \/><\/figure><\/div>\n\n\n<p>Le Comit\u00e9 consultatif des patients (CCP) de la Fondation Raymond A. Wood (RAWF) est un groupe de personnes dont l'exp\u00e9rience v\u00e9cue permet d'informer et de guider le travail de la fondation dans les domaines de la recherche, de la d\u00e9fense des droits et de l'engagement communautaire.<\/p>\n\n\n\n<p>Les membres du CCP sont des conseillers de confiance qui veillent \u00e0 ce que toutes les initiatives refl\u00e8tent les besoins r\u00e9els, les d\u00e9fis et les priorit\u00e9s des survivants des tumeurs c\u00e9r\u00e9brales hypothalamo-hypophysaires et de leurs soignants.<\/p>\n\n\n\n<a class=\"gb-button gb-button-e355c175 gb-button-text\" href=\"https:\/\/docs.google.com\/forms\/d\/e\/1FAIpQLSe-qTnjKNLkr3WTgQD6Tws5htWoMvsB-KE5ZQwEH2QNx76-xA\/viewform?usp=publish-editor\" target=\"_blank\" rel=\"noopener noreferrer\">Postuler aujourd'hui<\/a>\n\n\n\n<div style=\"height:56px\" aria-hidden=\"true\" class=\"wp-block-spacer\"><\/div>\n\n\n\n<p><strong>Objectif de la fonction<\/strong><\/p>\n\n\n\n<p>Les membres du CCP jouent un r\u00f4le essentiel dans l'\u00e9laboration des politiques :<\/p>\n\n\n\n<ul class=\"wp-block-list\">\n<li>Priorit\u00e9s de la recherche centr\u00e9e sur le patient<\/li>\n\n\n\n<li>Strat\u00e9gies de plaidoyer pour am\u00e9liorer l'acc\u00e8s aux soins<\/li>\n\n\n\n<li>Ressources \u00e9ducatives et programmes communautaires<\/li>\n\n\n\n<li>Des efforts d'engagement qui refl\u00e8tent les besoins d'une communaut\u00e9 mondiale diversifi\u00e9e<\/li>\n<\/ul>\n\n\n\n<p>Ce r\u00f4le soutient directement l'engagement de RAWF \u00e0 faire entendre la voix des patients dans tout ce qu'il entreprend.<\/p>\n\n\n\n<p><strong>Principales responsabilit\u00e9s<\/strong><\/p>\n\n\n\n<p>On attend des membres du CCP qu'ils<\/p>\n\n\n\n<ul class=\"wp-block-list\">\n<li>Participer \u00e0 des r\u00e9unions virtuelles trimestrielles et \u00e0 des groupes de travail occasionnels<\/li>\n\n\n\n<li>Fournir un retour d'information sur les initiatives de recherche, les enqu\u00eates et les documents destin\u00e9s aux patients.<\/li>\n\n\n\n<li>Partager les exp\u00e9riences v\u00e9cues pour informer les programmes et les efforts de plaidoyer<\/li>\n\n\n\n<li>Revoir le contenu \u00e9ducatif pour en assurer la clart\u00e9, l'accessibilit\u00e9 et la pertinence.<\/li>\n\n\n\n<li>Contribuer \u00e0 un environnement respectueux, inclusif et collaboratif<\/li>\n\n\n\n<li>Servir de repr\u00e9sentants de la communaut\u00e9 le cas \u00e9ch\u00e9ant<\/li>\n<\/ul>\n\n\n\n<p><strong>Qui est \u00e9ligible ?<\/strong><\/p>\n\n\n\n<p>Afin de garantir des perspectives diverses et inclusives, RAWF recherche activement des membres du CCP qui refl\u00e8tent un large \u00e9ventail d'exp\u00e9riences v\u00e9cues, y compris :<\/p>\n\n\n\n<ul class=\"wp-block-list\">\n<li>Survivants diagnostiqu\u00e9s chez l'adulte<\/li>\n\n\n\n<li>Survivants diagnostiqu\u00e9s dans l'enfance<\/li>\n\n\n\n<li>Personnes ayant une exp\u00e9rience de survie \u00e0 long terme<\/li>\n\n\n\n<li>Soignants et membres de la famille<\/li>\n\n\n\n<li>Diversit\u00e9 g\u00e9ographique (repr\u00e9sentation am\u00e9ricaine et internationale)<\/li>\n<\/ul>\n\n\n\n<p><strong>Qualifications<\/strong><\/p>\n\n\n\n<ul class=\"wp-block-list\">\n<li>Exp\u00e9rience v\u00e9cue en tant que survivant ou soignant d'une tumeur c\u00e9r\u00e9brale hypothalamo-hypophysaire ou d'un craniopharyngiome.<\/li>\n\n\n\n<li>Volont\u00e9 de partager ses exp\u00e9riences de mani\u00e8re r\u00e9fl\u00e9chie et constructive<\/li>\n\n\n\n<li>Capacit\u00e9 \u00e0 participer \u00e0 des r\u00e9unions virtuelles<\/li>\n\n\n\n<li>Int\u00e9r\u00eat pour l'am\u00e9lioration des r\u00e9sultats pour l'ensemble de la communaut\u00e9 des patients<\/li>\n<\/ul>\n\n\n\n<p>Aucune exp\u00e9rience professionnelle ou de conseil n'est requise.<\/p>\n\n\n\n<p><strong>Engagement en termes de temps<\/strong><\/p>\n\n\n\n<ul class=\"wp-block-list\">\n<li>Environ 2 \u00e0 4 heures par trimestre<\/li>\n\n\n\n<li>Possibilit\u00e9s optionnelles d'engagement suppl\u00e9mentaire en fonction de l'int\u00e9r\u00eat et de la disponibilit\u00e9.<\/li>\n<\/ul>\n\n\n\n<p><strong>Compensation<\/strong><\/p>\n\n\n\n<p>Il s'agit d'un r\u00f4le b\u00e9n\u00e9vole. Bien qu'il n'y ait pas de compensation financi\u00e8re, les membres du CCP ont la possibilit\u00e9 de.. :<\/p>\n\n\n\n<ul class=\"wp-block-list\">\n<li>Influencer la recherche, le plaidoyer et les programmes qui ont un impact sur la communaut\u00e9 mondiale<\/li>\n\n\n\n<li>Contribuer \u00e0 un changement significatif et centr\u00e9 sur le patient<\/li>\n\n\n\n<li>Se connecter \u00e0 un r\u00e9seau de survivants, de soignants et de leaders<\/li>\n\n\n\n<li>Acqu\u00e9rir de l'exp\u00e9rience dans le domaine de la d\u00e9fense des int\u00e9r\u00eats, du conseil et de l'engagement des organisations \u00e0 but non lucratif<\/li>\n<\/ul>\n\n\n\n<p><strong>Impact<\/strong><\/p>\n\n\n\n<p>En tant que membre du PAC, votre voix aura une influence directe :<\/p>\n\n\n\n<ul class=\"wp-block-list\">\n<li>L'avenir de la recherche et des soins pour les survivants de tumeurs hypothalamo-hypophysaires<\/li>\n\n\n\n<li>Efforts de plaidoyer pour am\u00e9liorer l'acc\u00e8s au traitement et la sensibilisation<\/li>\n\n\n\n<li>Ressources qui soutiennent les patients et leurs familles dans le monde entier<\/li>\n<\/ul>\n\n\n\n<p>Votre exp\u00e9rience v\u00e9cue permet de s'assurer que personne ne navigue seul dans cette aventure.<\/p>\n\n\n\n<a class=\"gb-button gb-button-efbedea5 gb-button-text\" href=\"https:\/\/docs.google.com\/forms\/d\/e\/1FAIpQLSe-qTnjKNLkr3WTgQD6Tws5htWoMvsB-KE5ZQwEH2QNx76-xA\/viewform?usp=publish-editor\" target=\"_blank\" rel=\"noopener noreferrer\">Postuler aujourd'hui<\/a>","protected":false},"excerpt":{"rendered":"<p>Provide insight that directly informs our work and advances care and outcomes. The Raymond A. &#8230; <a title=\"Rejoindre le comit\u00e9 consultatif des patients\" class=\"read-more\" href=\"https:\/\/www.rawoodfoundation.org\/fr\/rejoignez-le-comite-consultatif-des-patients\/\" aria-label=\"Read more about Join the Patient Advisory Committee\">Lire plus<\/a><\/p>","protected":false},"author":4,"featured_media":0,"parent":0,"menu_order":1,"comment_status":"closed","ping_status":"closed","template":"","meta":{"_acf_changed":false,"footnotes":""},"class_list":{"0":"post-19567","1":"page","2":"type-page","3":"status-publish","5":"no-featured-image-padding"},"acf":[],"yoast_head":"<!-- This site is optimized with the Yoast SEO plugin v25.0 - https:\/\/yoast.com\/wordpress\/plugins\/seo\/ -->\n<title>Join the Patient Advisory Committee - Raymond A. Wood Foundation<\/title>\n<meta name=\"robots\" content=\"index, follow, max-snippet:-1, max-image-preview:large, max-video-preview:-1\" \/>\n<link rel=\"canonical\" href=\"https:\/\/www.rawoodfoundation.org\/fr\/rejoignez-le-comite-consultatif-des-patients\/\" \/>\n<meta property=\"og:locale\" content=\"fr_FR\" \/>\n<meta property=\"og:type\" content=\"article\" \/>\n<meta property=\"og:title\" content=\"Join the Patient Advisory Committee - Raymond A. Wood Foundation\" \/>\n<meta property=\"og:description\" content=\"Provide insight that directly informs our work and advances care and outcomes. The Raymond A. ... Lire plus\" \/>\n<meta property=\"og:url\" content=\"https:\/\/www.rawoodfoundation.org\/fr\/rejoignez-le-comite-consultatif-des-patients\/\" \/>\n<meta property=\"og:site_name\" content=\"Raymond A. Wood Foundation\" \/>\n<meta property=\"article:publisher\" content=\"https:\/\/www.facebook.com\/rawoodfoundation\" \/>\n<meta property=\"article:modified_time\" content=\"2026-04-08T18:16:15+00:00\" \/>\n<meta property=\"og:image\" content=\"https:\/\/www.rawoodfoundation.org\/wp-content\/uploads\/2026\/04\/group.jpg\" \/>\n\t<meta property=\"og:image:width\" content=\"600\" \/>\n\t<meta property=\"og:image:height\" content=\"429\" \/>\n\t<meta property=\"og:image:type\" content=\"image\/jpeg\" \/>\n<meta name=\"twitter:card\" content=\"summary_large_image\" \/>\n<meta name=\"twitter:site\" content=\"@rawoodfound\" \/>\n<meta name=\"twitter:label1\" content=\"Est. reading time\" \/>\n\t<meta name=\"twitter:data1\" content=\"2 minutes\" \/>\n<script type=\"application\/ld+json\" class=\"yoast-schema-graph\">{\"@context\":\"https:\/\/schema.org\",\"@graph\":[{\"@type\":\"WebPage\",\"@id\":\"https:\/\/www.rawoodfoundation.org\/join-the-patient-advisory-committee\/\",\"url\":\"https:\/\/www.rawoodfoundation.org\/join-the-patient-advisory-committee\/\",\"name\":\"Join the Patient Advisory Committee - Raymond A. Wood Foundation\",\"isPartOf\":{\"@id\":\"https:\/\/www.rawoodfoundation.org\/#website\"},\"primaryImageOfPage\":{\"@id\":\"https:\/\/www.rawoodfoundation.org\/join-the-patient-advisory-committee\/#primaryimage\"},\"image\":{\"@id\":\"https:\/\/www.rawoodfoundation.org\/join-the-patient-advisory-committee\/#primaryimage\"},\"thumbnailUrl\":\"https:\/\/www.rawoodfoundation.org\/wp-content\/uploads\/2026\/04\/group.jpg\",\"datePublished\":\"2026-04-08T18:10:03+00:00\",\"dateModified\":\"2026-04-08T18:16:15+00:00\",\"breadcrumb\":{\"@id\":\"https:\/\/www.rawoodfoundation.org\/join-the-patient-advisory-committee\/#breadcrumb\"},\"inLanguage\":\"fr-FR\",\"potentialAction\":[{\"@type\":\"ReadAction\",\"target\":[\"https:\/\/www.rawoodfoundation.org\/join-the-patient-advisory-committee\/\"]}]},{\"@type\":\"ImageObject\",\"inLanguage\":\"fr-FR\",\"@id\":\"https:\/\/www.rawoodfoundation.org\/join-the-patient-advisory-committee\/#primaryimage\",\"url\":\"https:\/\/www.rawoodfoundation.org\/wp-content\/uploads\/2026\/04\/group.jpg\",\"contentUrl\":\"https:\/\/www.rawoodfoundation.org\/wp-content\/uploads\/2026\/04\/group.jpg\"},{\"@type\":\"BreadcrumbList\",\"@id\":\"https:\/\/www.rawoodfoundation.org\/join-the-patient-advisory-committee\/#breadcrumb\",\"itemListElement\":[{\"@type\":\"ListItem\",\"position\":1,\"name\":\"Home\",\"item\":\"https:\/\/www.rawoodfoundation.org\/\"},{\"@type\":\"ListItem\",\"position\":2,\"name\":\"Join the Patient Advisory Committee\"}]},{\"@type\":\"WebSite\",\"@id\":\"https:\/\/www.rawoodfoundation.org\/#website\",\"url\":\"https:\/\/www.rawoodfoundation.org\/\",\"name\":\"Raymond A. Wood Foundation\",\"description\":\"The mission of the RAWF is to provide quality of life support for childhood brain tumor survivors and their families.\",\"publisher\":{\"@id\":\"https:\/\/www.rawoodfoundation.org\/#organization\"},\"potentialAction\":[{\"@type\":\"SearchAction\",\"target\":{\"@type\":\"EntryPoint\",\"urlTemplate\":\"https:\/\/www.rawoodfoundation.org\/?s={search_term_string}\"},\"query-input\":{\"@type\":\"PropertyValueSpecification\",\"valueRequired\":true,\"valueName\":\"search_term_string\"}}],\"inLanguage\":\"fr-FR\"},{\"@type\":\"Organization\",\"@id\":\"https:\/\/www.rawoodfoundation.org\/#organization\",\"name\":\"Raymond A. Wood Foundation\",\"url\":\"https:\/\/www.rawoodfoundation.org\/\",\"logo\":{\"@type\":\"ImageObject\",\"inLanguage\":\"fr-FR\",\"@id\":\"https:\/\/www.rawoodfoundation.org\/#\/schema\/logo\/image\/\",\"url\":\"https:\/\/www.rawoodfoundation.org\/wp-content\/uploads\/2023\/07\/Raymond-A-Wood-Foundation-logo.webp\",\"contentUrl\":\"https:\/\/www.rawoodfoundation.org\/wp-content\/uploads\/2023\/07\/Raymond-A-Wood-Foundation-logo.webp\",\"width\":470,\"height\":128,\"caption\":\"Raymond A. Wood Foundation\"},\"image\":{\"@id\":\"https:\/\/www.rawoodfoundation.org\/#\/schema\/logo\/image\/\"},\"sameAs\":[\"https:\/\/www.facebook.com\/rawoodfoundation\",\"https:\/\/x.com\/rawoodfound\"]}]}<\/script>\n<!-- \/ Yoast SEO plugin. -->","yoast_head_json":{"title":"Join the Patient Advisory Committee - Raymond A. Wood Foundation","robots":{"index":"index","follow":"follow","max-snippet":"max-snippet:-1","max-image-preview":"max-image-preview:large","max-video-preview":"max-video-preview:-1"},"canonical":"https:\/\/www.rawoodfoundation.org\/fr\/rejoignez-le-comite-consultatif-des-patients\/","og_locale":"fr_FR","og_type":"article","og_title":"Join the Patient Advisory Committee - Raymond A. Wood Foundation","og_description":"Provide insight that directly informs our work and advances care and outcomes. The Raymond A. ... Lire plus","og_url":"https:\/\/www.rawoodfoundation.org\/fr\/rejoignez-le-comite-consultatif-des-patients\/","og_site_name":"Raymond A. Wood Foundation","article_publisher":"https:\/\/www.facebook.com\/rawoodfoundation","article_modified_time":"2026-04-08T18:16:15+00:00","og_image":[{"width":600,"height":429,"url":"https:\/\/www.rawoodfoundation.org\/wp-content\/uploads\/2026\/04\/group.jpg","type":"image\/jpeg"}],"twitter_card":"summary_large_image","twitter_site":"@rawoodfound","twitter_misc":{"Est. reading time":"2 minutes"},"schema":{"@context":"https:\/\/schema.org","@graph":[{"@type":"WebPage","@id":"https:\/\/www.rawoodfoundation.org\/join-the-patient-advisory-committee\/","url":"https:\/\/www.rawoodfoundation.org\/join-the-patient-advisory-committee\/","name":"Join the Patient Advisory Committee - Raymond A. Wood Foundation","isPartOf":{"@id":"https:\/\/www.rawoodfoundation.org\/#website"},"primaryImageOfPage":{"@id":"https:\/\/www.rawoodfoundation.org\/join-the-patient-advisory-committee\/#primaryimage"},"image":{"@id":"https:\/\/www.rawoodfoundation.org\/join-the-patient-advisory-committee\/#primaryimage"},"thumbnailUrl":"https:\/\/www.rawoodfoundation.org\/wp-content\/uploads\/2026\/04\/group.jpg","datePublished":"2026-04-08T18:10:03+00:00","dateModified":"2026-04-08T18:16:15+00:00","breadcrumb":{"@id":"https:\/\/www.rawoodfoundation.org\/join-the-patient-advisory-committee\/#breadcrumb"},"inLanguage":"fr-FR","potentialAction":[{"@type":"ReadAction","target":["https:\/\/www.rawoodfoundation.org\/join-the-patient-advisory-committee\/"]}]},{"@type":"ImageObject","inLanguage":"fr-FR","@id":"https:\/\/www.rawoodfoundation.org\/join-the-patient-advisory-committee\/#primaryimage","url":"https:\/\/www.rawoodfoundation.org\/wp-content\/uploads\/2026\/04\/group.jpg","contentUrl":"https:\/\/www.rawoodfoundation.org\/wp-content\/uploads\/2026\/04\/group.jpg"},{"@type":"BreadcrumbList","@id":"https:\/\/www.rawoodfoundation.org\/join-the-patient-advisory-committee\/#breadcrumb","itemListElement":[{"@type":"ListItem","position":1,"name":"Home","item":"https:\/\/www.rawoodfoundation.org\/"},{"@type":"ListItem","position":2,"name":"Join the Patient Advisory Committee"}]},{"@type":"WebSite","@id":"https:\/\/www.rawoodfoundation.org\/#website","url":"https:\/\/www.rawoodfoundation.org\/","name":"Raymond A. Wood Foundation","description":"The mission of the RAWF is to provide quality of life support for childhood brain tumor survivors and their families.","publisher":{"@id":"https:\/\/www.rawoodfoundation.org\/#organization"},"potentialAction":[{"@type":"SearchAction","target":{"@type":"EntryPoint","urlTemplate":"https:\/\/www.rawoodfoundation.org\/?s={search_term_string}"},"query-input":{"@type":"PropertyValueSpecification","valueRequired":true,"valueName":"search_term_string"}}],"inLanguage":"fr-FR"},{"@type":"Organization","@id":"https:\/\/www.rawoodfoundation.org\/#organization","name":"Raymond A. Wood Foundation","url":"https:\/\/www.rawoodfoundation.org\/","logo":{"@type":"ImageObject","inLanguage":"fr-FR","@id":"https:\/\/www.rawoodfoundation.org\/#\/schema\/logo\/image\/","url":"https:\/\/www.rawoodfoundation.org\/wp-content\/uploads\/2023\/07\/Raymond-A-Wood-Foundation-logo.webp","contentUrl":"https:\/\/www.rawoodfoundation.org\/wp-content\/uploads\/2023\/07\/Raymond-A-Wood-Foundation-logo.webp","width":470,"height":128,"caption":"Raymond A. Wood Foundation"},"image":{"@id":"https:\/\/www.rawoodfoundation.org\/#\/schema\/logo\/image\/"},"sameAs":["https:\/\/www.facebook.com\/rawoodfoundation","https:\/\/x.com\/rawoodfound"]}]}},"_links":{"self":[{"href":"https:\/\/www.rawoodfoundation.org\/fr\/wp-json\/wp\/v2\/pages\/19567","targetHints":{"allow":["GET"]}}],"collection":[{"href":"https:\/\/www.rawoodfoundation.org\/fr\/wp-json\/wp\/v2\/pages"}],"about":[{"href":"https:\/\/www.rawoodfoundation.org\/fr\/wp-json\/wp\/v2\/types\/page"}],"author":[{"embeddable":true,"href":"https:\/\/www.rawoodfoundation.org\/fr\/wp-json\/wp\/v2\/users\/4"}],"replies":[{"embeddable":true,"href":"https:\/\/www.rawoodfoundation.org\/fr\/wp-json\/wp\/v2\/comments?post=19567"}],"version-history":[{"count":3,"href":"https:\/\/www.rawoodfoundation.org\/fr\/wp-json\/wp\/v2\/pages\/19567\/revisions"}],"predecessor-version":[{"id":19573,"href":"https:\/\/www.rawoodfoundation.org\/fr\/wp-json\/wp\/v2\/pages\/19567\/revisions\/19573"}],"wp:attachment":[{"href":"https:\/\/www.rawoodfoundation.org\/fr\/wp-json\/wp\/v2\/media?parent=19567"}],"curies":[{"name":"wp","href":"https:\/\/api.w.org\/{rel}","templated":true}]}}