{"id":19461,"date":"2026-04-02T14:28:31","date_gmt":"2026-04-02T14:28:31","guid":{"rendered":"https:\/\/www.rawoodfoundation.org\/?page_id=19461"},"modified":"2026-04-03T18:16:11","modified_gmt":"2026-04-03T18:16:11","slug":"comprendre-lhyperphagie-dans-le-craniopharyngiome","status":"publish","type":"page","link":"https:\/\/www.rawoodfoundation.org\/fr\/understanding-hyperphagia-in-craniopharyngioma\/","title":{"rendered":"Hyperphagie en cas de craniopharyngiome"},"content":{"rendered":"<h2 class=\"wp-block-heading\"><strong>Le registre des patients permet de faire la lumi\u00e8re sur ce probl\u00e8me critique non r\u00e9solu chez les survivants de l'HO.<\/strong><\/h2>\n\n\n<div class=\"wp-block-image\">\n<figure class=\"alignright size-full is-resized\"><img decoding=\"async\" width=\"488\" height=\"352\" src=\"https:\/\/www.rawoodfoundation.org\/wp-content\/uploads\/2026\/04\/Hy.png\" alt=\"Capture d&#039;\u00e9cran de l&#039;\u00e9tude publi\u00e9e avec le logo du registre des patients atteints de tumeurs c\u00e9r\u00e9brales hypothalamo-hypophysaires\" class=\"wp-image-19444\" style=\"width:488px;height:auto\" srcset=\"https:\/\/www.rawoodfoundation.org\/wp-content\/uploads\/2026\/04\/Hy.png 488w, https:\/\/www.rawoodfoundation.org\/wp-content\/uploads\/2026\/04\/Hy-300x216.png 300w, https:\/\/www.rawoodfoundation.org\/wp-content\/uploads\/2026\/04\/Hy-18x12.png 18w\" sizes=\"(max-width: 488px) 100vw, 488px\" \/><\/figure><\/div>\n\n\n<p>L'hyperphagie, d\u00e9finie comme une faim excessive, une difficult\u00e9 \u00e0 se sentir rassasi\u00e9 et une recherche constante de nourriture, affecte plus de la moiti\u00e9 des personnes atteintes d'un craniopharyngiome, en particulier celles diagnostiqu\u00e9es avec une ob\u00e9sit\u00e9 hypothalamique (HO). Notre pr\u00e9c\u00e9dent <a href=\"https:\/\/www.rawoodfoundation.org\/fr\/etude-dimpact-sur-les-soignants\/\">\u00c9tude d'impact sur les soignants<\/a> a montr\u00e9 que l'hyperphagie r\u00e9duisait consid\u00e9rablement la qualit\u00e9 de vie des survivants et pesait lourdement sur les soignants.<\/p>\n\n\n\n<p>Dans cette nouvelle \u00e9tude, nous avons cherch\u00e9 \u00e0 mieux comprendre les caract\u00e9ristiques sp\u00e9cifiques de l'hyperphagie dans la PC et \u00e0 d\u00e9terminer si elle diff\u00e8re entre les personnes atteintes ou non d'HO. Ces connaissances sont importantes pour mettre au point des traitements efficaces qui r\u00e9pondent r\u00e9ellement \u00e0 ce besoin grave et non satisfait.<\/p>\n\n\n\n<p><strong>Les objectifs de cette \u00e9tude \u00e9taient les suivants<\/strong>:<\/p>\n\n\n\n<ul class=\"wp-block-list\">\n<li>Mesurer la gravit\u00e9 de l'hyperphagie dans la PC \u00e0 l'aide d'outils d'\u00e9valuation qui se sont r\u00e9v\u00e9l\u00e9s efficaces dans d'autres pathologies.<\/li>\n\n\n\n<li>Comparer les comportements alimentaires des survivants d'un craniopharyngiome avec et sans HO<\/li>\n\n\n\n<li>Caract\u00e9riser l'hyperphagie et la fa\u00e7on dont elle se manifeste chez les survivants de la PC.<\/li>\n<\/ul>\n\n\n\n<a class=\"gb-button gb-button-5f3c8578 gb-button-text\" href=\"https:\/\/www.nature.com\/articles\/s41598-026-45789-3.epdf?sharing_token=mEpnCamYfi9NxVs2IHbbjdRgN0jAjWel9jnR3ZoTv0Oe0wdgranKOEPVOAPZeNfuRJfF7FbI6V-herx4yAl6vSzCD5IXKNBivRz7yGxLzJEVCrtbKKx9Wt-4FxZM7Cdd6KDyllnMopvadf1U5CnaxpsyTWsz3Wm5aZSD9e5R7PU%3D\" target=\"_blank\" rel=\"noopener noreferrer\">Voir la publication compl\u00e8te<\/a>\n\n\n\n<div style=\"height:53px\" aria-hidden=\"true\" class=\"wp-block-spacer\"><\/div>\n\n\n\n<hr class=\"wp-block-separator has-alpha-channel-opacity\"\/>\n\n\n\n<h3 class=\"wp-block-heading\"><strong>Principaux r\u00e9sultats<\/strong><\/h3>\n\n\n\n<p><strong>Les survivants atteints d'une HO sont confront\u00e9s \u00e0 des probl\u00e8mes de sant\u00e9 suppl\u00e9mentaires<\/strong><\/p>\n\n\n\n<ul class=\"wp-block-list\">\n<li>Ces personnes sont confront\u00e9es \u00e0 un plus grand nombre de probl\u00e8mes de sant\u00e9 que les survivants ne souffrant pas d'HO. La plupart de ces probl\u00e8mes sont li\u00e9s \u00e0 un dysfonctionnement hypothalamique (connu sous le nom de syndrome hypothalamique), notamment la fatigue, une horloge biologique perturb\u00e9e et des difficult\u00e9s \u00e9motionnelles, cognitives et comportementales. Ces r\u00e9sultats montrent que l'HO est plus qu'une simple ob\u00e9sit\u00e9 et qu'elle doit \u00eatre consid\u00e9r\u00e9e comme faisant partie du syndrome hypothalamique au sens large.<\/li>\n<\/ul>\n\n\n\n<p><strong>Les survivants de l'HO ont de moins bons comportements alimentaires<\/strong><\/p>\n\n\n\n<ul class=\"wp-block-list\">\n<li>Ils d\u00e9veloppent une faim plus intense apr\u00e8s le traitement de la tumeur que les survivants sans HO.<\/li>\n\n\n\n<li>Ils ressentent davantage la faim, se sentent moins rassasi\u00e9s et ont une dur\u00e9e de repas plus courte.<\/li>\n<\/ul>\n\n\n\n<ul class=\"wp-block-list\">\n<li>Ils pensent constamment \u00e0 la nourriture et sont accapar\u00e9s par les pens\u00e9es alimentaires.<\/li>\n\n\n\n<li>Dans certains cas, ils peuvent manger des produits non alimentaires<\/li>\n\n\n\n<li>Ils ont des r\u00e9actions \u00e9motionnelles et comportementales plus fortes face \u00e0 la faim<\/li>\n<\/ul>\n\n\n\n<p><strong>Les soignants des survivants de l'HO utilisent des strat\u00e9gies de contr\u00f4le alimentaire<\/strong><\/p>\n\n\n\n<ul class=\"wp-block-list\">\n<li>La plupart des personnes qui s'occupent de l'enfant le surveillent de pr\u00e8s \u00e0 la maison, \u00e9vitent les endroits o\u00f9 il y a de la nourriture, alertent les autres sur les probl\u00e8mes alimentaires de leur enfant et v\u00e9rifient si de la nourriture n'a pas \u00e9t\u00e9 cach\u00e9e dans ses affaires ou dans sa chambre.<\/li>\n<\/ul>\n\n\n\n<p><strong>Les survivants atteints d'HO pr\u00e9sentent des scores de gravit\u00e9 de l'hyperphagie similaires \u00e0 ceux observ\u00e9s dans le syndrome de Prader-Willi.<\/strong><\/p>\n\n\n\n<ul class=\"wp-block-list\">\n<li>Le score HQ-CT moyen des survivants atteints d'HO correspondait aux scores observ\u00e9s chez les personnes atteintes du syndrome de Prader-Willi, tandis que les survivants sans HO pr\u00e9sentaient des scores similaires \u00e0 ceux des enfants au d\u00e9veloppement normal.<\/li>\n<\/ul>\n\n\n\n<hr class=\"wp-block-separator has-alpha-channel-opacity\"\/>\n\n\n\n<h3 class=\"wp-block-heading\"><strong>Un outil simple mais puissant pour identifier l'hyperphagie<\/strong><\/h3>\n\n\n\n<ul class=\"wp-block-list\">\n<li>L'identification de l'hyperphagie peut \u00eatre difficile parce que ces comportements sont complexes et ne sont pas facilement visibles lors d'une visite chez le m\u00e9decin, et qu'il peut y avoir une stigmatisation autour des comportements alimentaires et de recherche de nourriture. Notre \u00e9tude a montr\u00e9 que le simple fait de demander<strong><em>Combien de temps par jour \u00eates-vous pr\u00e9occup\u00e9(e) par des pens\u00e9es li\u00e9es \u00e0 la nourriture ? <\/em><\/strong><em>sur une \u00e9chelle de 0 (jamais) \u00e0 10 (tout le temps)<\/em>), pourrait constituer un moyen simple et efficace de d\u00e9pister l'hyperphagie en milieu clinique. Les m\u00e9decins pourraient ainsi rep\u00e9rer plus facilement cette pathologie lors des visites de routine.<\/li>\n<\/ul>\n\n\n\n<hr class=\"wp-block-separator has-alpha-channel-opacity\"\/>\n\n\n\n<h3 class=\"wp-block-heading\"><strong>Implications pour la gestion des soins et le d\u00e9veloppement th\u00e9rapeutique<\/strong><\/h3>\n\n\n\n<p>L'hyperphagie est un besoin critique non satisfait qui est complexe et souvent difficile \u00e0 diagnostiquer lors d'un court rendez-vous m\u00e9dical ou dans le cadre d'essais cliniques. Cette \u00e9tude :<\/p>\n\n\n\n<ul class=\"wp-block-list\">\n<li>Met en avant des outils pratiques pour aider \u00e0 diagnostiquer l'hyperphagie<\/li>\n\n\n\n<li>Examine les outils d'\u00e9valuation qui peuvent mesurer l'hyperphagie et \u00eatre utilis\u00e9s pour tester l'efficacit\u00e9 des nouveaux m\u00e9dicaments.<\/li>\n\n\n\n<li>Permet de poser des diagnostics plus pr\u00e9cis et d'am\u00e9liorer les soins aux patients<\/li>\n<\/ul>\n\n\n\n<p>En fin de compte, ces r\u00e9sultats nous rapprochent des traitements qui r\u00e9pondent r\u00e9ellement aux besoins des personnes vivant avec une PC.<\/p>\n\n\n\n<hr class=\"wp-block-separator has-alpha-channel-opacity\"\/>\n\n\n\n<h3 class=\"wp-block-heading\"><strong>Conclusion<\/strong><\/h3>\n\n\n\n<p>Cette \u00e9tude montre que les comportements alimentaires dans la PC vont de l'hyperphagie normale \u00e0 l'hyperphagie s\u00e9v\u00e8re, en particulier chez les survivants atteints d'HO. Cela souligne la gravit\u00e9 de l'hyperphagie dans ce groupe et le besoin urgent de d\u00e9velopper des th\u00e9rapies ciblant l'hyperphagie.<\/p>\n\n\n\n<p>Hyperphagie dans le craniopharyngiome - une \u00e9tude r\u00e9elle du registre international des patients atteints de tumeurs c\u00e9r\u00e9brales hypothalamo-hypophysaires<\/p>\n\n\n\n<a class=\"gb-button gb-button-90d6d93b gb-button-text\" href=\"https:\/\/rdcu.be\/fbnCW\" target=\"_blank\" rel=\"noopener noreferrer\">Acc\u00e9der \u00e0 la publication compl\u00e8te<\/a>\n\n\n\n<p><\/p>\n\n\n\n<hr class=\"wp-block-separator has-alpha-channel-opacity\"\/>\n\n\n\n<h3 class=\"wp-block-heading\"><strong>R\u00f4le du registre des patients<\/strong><\/h3>\n\n\n\n<p>Cette \u00e9tude a \u00e9t\u00e9 rendue possible gr\u00e2ce \u00e0 la participation au <a href=\"https:\/\/www.rawoodfoundation.org\/fr\/registre-des-tumeurs\/\">Registre des patients atteints de tumeurs c\u00e9r\u00e9brales hypothalamo-hypophysaires<\/a>.<\/p>\n\n\n\n<p>En tant qu'infrastructure de recherche, le registre permet :<\/p>\n\n\n\n<ul class=\"wp-block-list\">\n<li>Collecte de donn\u00e9es longitudinales<\/li>\n\n\n\n<li>G\u00e9n\u00e9ration de preuves dans le monde r\u00e9el<\/li>\n\n\n\n<li>Identification des besoins cliniques non satisfaits<\/li>\n<\/ul>\n\n\n\n<p>La participation au registre contribue \u00e0 la constitution d'une base de donn\u00e9es probantes de plus en plus importante qui permet d'am\u00e9liorer la compr\u00e9hension de la PC et d'acc\u00e9l\u00e9rer les progr\u00e8s de la recherche.<\/p>\n\n\n\n<a class=\"gb-button gb-button-9440288f gb-button-text\" href=\"https:\/\/www.rawoodfoundation.org\/fr\/registre-des-tumeurs\/\" target=\"_blank\" rel=\"noopener noreferrer\">Rejoindre le registre<\/a>\n\n\n\n<hr class=\"wp-block-separator has-alpha-channel-opacity\"\/>\n\n\n\n<h3 class=\"wp-block-heading\"><strong>Faire avancer la recherche<\/strong><\/h3>\n\n\n\n<p>Participation continue \u00e0 la <a href=\"https:\/\/www.rawoodfoundation.org\/fr\/registre-des-tumeurs\/\">registre des patients<\/a> reste essentielle pour \u00e9largir la base de donn\u00e9es, affiner les priorit\u00e9s de recherche et acc\u00e9l\u00e9rer le d\u00e9veloppement de th\u00e9rapies cibl\u00e9es.<\/p>\n\n\n\n<p>La contribution continue des donn\u00e9es rapport\u00e9es par les patients jouera un r\u00f4le central dans l'am\u00e9lioration des r\u00e9sultats pour les personnes vivant avec un craniopharyngiome.<\/p>\n\n\n\n<a class=\"gb-button gb-button-8db09f63 gb-button-text\" href=\"https:\/\/www.rawoodfoundation.org\/fr\/faire-un-don\/\">Soutenir nos travaux de recherche<\/a>\n\n\n\n<p><\/p>","protected":false},"excerpt":{"rendered":"<p>Shedding light on this critical unmet in survivors with HO through the Patient Registry Hyperphagia\u2014defined &#8230; <a title=\"Hyperphagie en cas de craniopharyngiome\" class=\"read-more\" href=\"https:\/\/www.rawoodfoundation.org\/fr\/understanding-hyperphagia-in-craniopharyngioma\/\" aria-label=\"Read more about Hyperphagia in Craniopharyngioma\">Lire plus<\/a><\/p>","protected":false},"author":6,"featured_media":0,"parent":0,"menu_order":2,"comment_status":"closed","ping_status":"closed","template":"","meta":{"_acf_changed":false,"footnotes":""},"class_list":{"0":"post-19461","1":"page","2":"type-page","3":"status-publish","5":"no-featured-image-padding"},"acf":[],"yoast_head":"<!-- This site is optimized with the Yoast SEO plugin v27.3 - https:\/\/yoast.com\/product\/yoast-seo-wordpress\/ -->\n<title>Hyperphagia in Craniopharyngioma - Raymond A. Wood Foundation<\/title>\n<meta name=\"robots\" content=\"index, follow, max-snippet:-1, max-image-preview:large, max-video-preview:-1\" \/>\n<link rel=\"canonical\" href=\"https:\/\/www.rawoodfoundation.org\/fr\/comprendre-lhyperphagie-dans-le-craniopharyngiome\/\" \/>\n<meta property=\"og:locale\" content=\"fr_FR\" \/>\n<meta property=\"og:type\" content=\"article\" \/>\n<meta property=\"og:title\" content=\"Hyperphagia in Craniopharyngioma - Raymond A. Wood Foundation\" \/>\n<meta property=\"og:description\" content=\"Shedding light on this critical unmet in survivors with HO through the Patient Registry Hyperphagia\u2014defined ... Lire plus\" \/>\n<meta property=\"og:url\" content=\"https:\/\/www.rawoodfoundation.org\/fr\/comprendre-lhyperphagie-dans-le-craniopharyngiome\/\" \/>\n<meta property=\"og:site_name\" content=\"Raymond A. Wood Foundation\" \/>\n<meta property=\"article:publisher\" content=\"https:\/\/www.facebook.com\/rawoodfoundation\" \/>\n<meta property=\"article:modified_time\" content=\"2026-04-03T18:16:11+00:00\" \/>\n<meta property=\"og:image\" content=\"https:\/\/www.rawoodfoundation.org\/wp-content\/uploads\/2026\/04\/Hy.png\" \/>\n\t<meta property=\"og:image:width\" content=\"488\" \/>\n\t<meta property=\"og:image:height\" content=\"352\" \/>\n\t<meta property=\"og:image:type\" content=\"image\/png\" \/>\n<meta name=\"twitter:card\" content=\"summary_large_image\" \/>\n<meta name=\"twitter:site\" content=\"@rawoodfound\" \/>\n<meta name=\"twitter:label1\" content=\"Est. reading time\" \/>\n\t<meta name=\"twitter:data1\" content=\"4 minutes\" \/>\n<script type=\"application\/ld+json\" class=\"yoast-schema-graph\">{\"@context\":\"https:\\\/\\\/schema.org\",\"@graph\":[{\"@type\":\"WebPage\",\"@id\":\"https:\\\/\\\/www.rawoodfoundation.org\\\/understanding-hyperphagia-in-craniopharyngioma\\\/\",\"url\":\"https:\\\/\\\/www.rawoodfoundation.org\\\/understanding-hyperphagia-in-craniopharyngioma\\\/\",\"name\":\"Hyperphagia in Craniopharyngioma - Raymond A. Wood Foundation\",\"isPartOf\":{\"@id\":\"https:\\\/\\\/www.rawoodfoundation.org\\\/#website\"},\"primaryImageOfPage\":{\"@id\":\"https:\\\/\\\/www.rawoodfoundation.org\\\/understanding-hyperphagia-in-craniopharyngioma\\\/#primaryimage\"},\"image\":{\"@id\":\"https:\\\/\\\/www.rawoodfoundation.org\\\/understanding-hyperphagia-in-craniopharyngioma\\\/#primaryimage\"},\"thumbnailUrl\":\"https:\\\/\\\/www.rawoodfoundation.org\\\/wp-content\\\/uploads\\\/2026\\\/04\\\/Hy.png\",\"datePublished\":\"2026-04-02T14:28:31+00:00\",\"dateModified\":\"2026-04-03T18:16:11+00:00\",\"breadcrumb\":{\"@id\":\"https:\\\/\\\/www.rawoodfoundation.org\\\/understanding-hyperphagia-in-craniopharyngioma\\\/#breadcrumb\"},\"inLanguage\":\"fr-FR\",\"potentialAction\":[{\"@type\":\"ReadAction\",\"target\":[\"https:\\\/\\\/www.rawoodfoundation.org\\\/understanding-hyperphagia-in-craniopharyngioma\\\/\"]}]},{\"@type\":\"ImageObject\",\"inLanguage\":\"fr-FR\",\"@id\":\"https:\\\/\\\/www.rawoodfoundation.org\\\/understanding-hyperphagia-in-craniopharyngioma\\\/#primaryimage\",\"url\":\"https:\\\/\\\/www.rawoodfoundation.org\\\/wp-content\\\/uploads\\\/2026\\\/04\\\/Hy.png\",\"contentUrl\":\"https:\\\/\\\/www.rawoodfoundation.org\\\/wp-content\\\/uploads\\\/2026\\\/04\\\/Hy.png\"},{\"@type\":\"BreadcrumbList\",\"@id\":\"https:\\\/\\\/www.rawoodfoundation.org\\\/understanding-hyperphagia-in-craniopharyngioma\\\/#breadcrumb\",\"itemListElement\":[{\"@type\":\"ListItem\",\"position\":1,\"name\":\"Home\",\"item\":\"https:\\\/\\\/www.rawoodfoundation.org\\\/\"},{\"@type\":\"ListItem\",\"position\":2,\"name\":\"Hyperphagia in Craniopharyngioma\"}]},{\"@type\":\"WebSite\",\"@id\":\"https:\\\/\\\/www.rawoodfoundation.org\\\/#website\",\"url\":\"https:\\\/\\\/www.rawoodfoundation.org\\\/\",\"name\":\"Raymond A. Wood Foundation\",\"description\":\"The mission of the RAWF is to provide quality of life support for childhood brain tumor survivors and their families.\",\"publisher\":{\"@id\":\"https:\\\/\\\/www.rawoodfoundation.org\\\/#organization\"},\"potentialAction\":[{\"@type\":\"SearchAction\",\"target\":{\"@type\":\"EntryPoint\",\"urlTemplate\":\"https:\\\/\\\/www.rawoodfoundation.org\\\/?s={search_term_string}\"},\"query-input\":{\"@type\":\"PropertyValueSpecification\",\"valueRequired\":true,\"valueName\":\"search_term_string\"}}],\"inLanguage\":\"fr-FR\"},{\"@type\":\"Organization\",\"@id\":\"https:\\\/\\\/www.rawoodfoundation.org\\\/#organization\",\"name\":\"Raymond A. Wood Foundation\",\"url\":\"https:\\\/\\\/www.rawoodfoundation.org\\\/\",\"logo\":{\"@type\":\"ImageObject\",\"inLanguage\":\"fr-FR\",\"@id\":\"https:\\\/\\\/www.rawoodfoundation.org\\\/#\\\/schema\\\/logo\\\/image\\\/\",\"url\":\"https:\\\/\\\/www.rawoodfoundation.org\\\/wp-content\\\/uploads\\\/2023\\\/07\\\/Raymond-A-Wood-Foundation-logo.webp\",\"contentUrl\":\"https:\\\/\\\/www.rawoodfoundation.org\\\/wp-content\\\/uploads\\\/2023\\\/07\\\/Raymond-A-Wood-Foundation-logo.webp\",\"width\":470,\"height\":128,\"caption\":\"Raymond A. Wood Foundation\"},\"image\":{\"@id\":\"https:\\\/\\\/www.rawoodfoundation.org\\\/#\\\/schema\\\/logo\\\/image\\\/\"},\"sameAs\":[\"https:\\\/\\\/www.facebook.com\\\/rawoodfoundation\",\"https:\\\/\\\/x.com\\\/rawoodfound\"]}]}<\/script>\n<!-- \/ Yoast SEO plugin. -->","yoast_head_json":{"title":"Hyperphagie dans le craniopharyngiome - Raymond A. Wood Foundation","robots":{"index":"index","follow":"follow","max-snippet":"max-snippet:-1","max-image-preview":"max-image-preview:large","max-video-preview":"max-video-preview:-1"},"canonical":"https:\/\/www.rawoodfoundation.org\/fr\/comprendre-lhyperphagie-dans-le-craniopharyngiome\/","og_locale":"fr_FR","og_type":"article","og_title":"Hyperphagia in Craniopharyngioma - Raymond A. Wood Foundation","og_description":"Shedding light on this critical unmet in survivors with HO through the Patient Registry Hyperphagia\u2014defined ... Lire plus","og_url":"https:\/\/www.rawoodfoundation.org\/fr\/comprendre-lhyperphagie-dans-le-craniopharyngiome\/","og_site_name":"Raymond A. Wood Foundation","article_publisher":"https:\/\/www.facebook.com\/rawoodfoundation","article_modified_time":"2026-04-03T18:16:11+00:00","og_image":[{"width":488,"height":352,"url":"https:\/\/www.rawoodfoundation.org\/wp-content\/uploads\/2026\/04\/Hy.png","type":"image\/png"}],"twitter_card":"summary_large_image","twitter_site":"@rawoodfound","twitter_misc":{"Est. reading time":"4 minutes"},"schema":{"@context":"https:\/\/schema.org","@graph":[{"@type":"WebPage","@id":"https:\/\/www.rawoodfoundation.org\/understanding-hyperphagia-in-craniopharyngioma\/","url":"https:\/\/www.rawoodfoundation.org\/understanding-hyperphagia-in-craniopharyngioma\/","name":"Hyperphagie dans le craniopharyngiome - Raymond A. Wood Foundation","isPartOf":{"@id":"https:\/\/www.rawoodfoundation.org\/#website"},"primaryImageOfPage":{"@id":"https:\/\/www.rawoodfoundation.org\/understanding-hyperphagia-in-craniopharyngioma\/#primaryimage"},"image":{"@id":"https:\/\/www.rawoodfoundation.org\/understanding-hyperphagia-in-craniopharyngioma\/#primaryimage"},"thumbnailUrl":"https:\/\/www.rawoodfoundation.org\/wp-content\/uploads\/2026\/04\/Hy.png","datePublished":"2026-04-02T14:28:31+00:00","dateModified":"2026-04-03T18:16:11+00:00","breadcrumb":{"@id":"https:\/\/www.rawoodfoundation.org\/understanding-hyperphagia-in-craniopharyngioma\/#breadcrumb"},"inLanguage":"fr-FR","potentialAction":[{"@type":"ReadAction","target":["https:\/\/www.rawoodfoundation.org\/understanding-hyperphagia-in-craniopharyngioma\/"]}]},{"@type":"ImageObject","inLanguage":"fr-FR","@id":"https:\/\/www.rawoodfoundation.org\/understanding-hyperphagia-in-craniopharyngioma\/#primaryimage","url":"https:\/\/www.rawoodfoundation.org\/wp-content\/uploads\/2026\/04\/Hy.png","contentUrl":"https:\/\/www.rawoodfoundation.org\/wp-content\/uploads\/2026\/04\/Hy.png"},{"@type":"BreadcrumbList","@id":"https:\/\/www.rawoodfoundation.org\/understanding-hyperphagia-in-craniopharyngioma\/#breadcrumb","itemListElement":[{"@type":"ListItem","position":1,"name":"Home","item":"https:\/\/www.rawoodfoundation.org\/"},{"@type":"ListItem","position":2,"name":"Hyperphagia in Craniopharyngioma"}]},{"@type":"WebSite","@id":"https:\/\/www.rawoodfoundation.org\/#website","url":"https:\/\/www.rawoodfoundation.org\/","name":"Fondation Raymond A. Wood","description":"La mission de la RAWF est d'apporter un soutien \u00e0 la qualit\u00e9 de vie des survivants de tumeurs c\u00e9r\u00e9brales infantiles et de leurs familles.","publisher":{"@id":"https:\/\/www.rawoodfoundation.org\/#organization"},"potentialAction":[{"@type":"SearchAction","target":{"@type":"EntryPoint","urlTemplate":"https:\/\/www.rawoodfoundation.org\/?s={search_term_string}"},"query-input":{"@type":"PropertyValueSpecification","valueRequired":true,"valueName":"search_term_string"}}],"inLanguage":"fr-FR"},{"@type":"Organization","@id":"https:\/\/www.rawoodfoundation.org\/#organization","name":"Fondation Raymond A. Wood","url":"https:\/\/www.rawoodfoundation.org\/","logo":{"@type":"ImageObject","inLanguage":"fr-FR","@id":"https:\/\/www.rawoodfoundation.org\/#\/schema\/logo\/image\/","url":"https:\/\/www.rawoodfoundation.org\/wp-content\/uploads\/2023\/07\/Raymond-A-Wood-Foundation-logo.webp","contentUrl":"https:\/\/www.rawoodfoundation.org\/wp-content\/uploads\/2023\/07\/Raymond-A-Wood-Foundation-logo.webp","width":470,"height":128,"caption":"Raymond A. Wood Foundation"},"image":{"@id":"https:\/\/www.rawoodfoundation.org\/#\/schema\/logo\/image\/"},"sameAs":["https:\/\/www.facebook.com\/rawoodfoundation","https:\/\/x.com\/rawoodfound"]}]}},"_links":{"self":[{"href":"https:\/\/www.rawoodfoundation.org\/fr\/wp-json\/wp\/v2\/pages\/19461","targetHints":{"allow":["GET"]}}],"collection":[{"href":"https:\/\/www.rawoodfoundation.org\/fr\/wp-json\/wp\/v2\/pages"}],"about":[{"href":"https:\/\/www.rawoodfoundation.org\/fr\/wp-json\/wp\/v2\/types\/page"}],"author":[{"embeddable":true,"href":"https:\/\/www.rawoodfoundation.org\/fr\/wp-json\/wp\/v2\/users\/6"}],"replies":[{"embeddable":true,"href":"https:\/\/www.rawoodfoundation.org\/fr\/wp-json\/wp\/v2\/comments?post=19461"}],"version-history":[{"count":3,"href":"https:\/\/www.rawoodfoundation.org\/fr\/wp-json\/wp\/v2\/pages\/19461\/revisions"}],"predecessor-version":[{"id":19502,"href":"https:\/\/www.rawoodfoundation.org\/fr\/wp-json\/wp\/v2\/pages\/19461\/revisions\/19502"}],"wp:attachment":[{"href":"https:\/\/www.rawoodfoundation.org\/fr\/wp-json\/wp\/v2\/media?parent=19461"}],"curies":[{"name":"wp","href":"https:\/\/api.w.org\/{rel}","templated":true}]}}