{"id":19383,"date":"2026-03-27T17:57:30","date_gmt":"2026-03-27T17:57:30","guid":{"rendered":"https:\/\/www.rawoodfoundation.org\/?page_id=19383"},"modified":"2026-03-27T18:21:34","modified_gmt":"2026-03-27T18:21:34","slug":"benin-nest-pas-un-bon-rallye-pour-la-recherche","status":"publish","type":"page","link":"https:\/\/www.rawoodfoundation.org\/fr\/benin-nest-pas-un-bon-rallye-pour-la-recherche\/","title":{"rendered":"B\u00e9nigne n'est pas bonne : Rallye pour la recherche"},"content":{"rendered":"<figure class=\"wp-block-image size-full\"><img decoding=\"async\" width=\"729\" height=\"323\" src=\"https:\/\/www.rawoodfoundation.org\/wp-content\/uploads\/2026\/03\/BENIGN-HERE.jpg\" alt=\"IMAGE DE LA T\u00caTE D&#039;UN ENFANT avec texte en surimpression : Benign is Not Fine Rallye pour la recherche. Rejoignez la communaut\u00e9 RAWF pendant le mois de sensibilisation aux tumeurs c\u00e9r\u00e9brales pour collecter des fonds essentiels.\" class=\"wp-image-19393\" srcset=\"https:\/\/www.rawoodfoundation.org\/wp-content\/uploads\/2026\/03\/BENIGN-HERE.jpg 729w, https:\/\/www.rawoodfoundation.org\/wp-content\/uploads\/2026\/03\/BENIGN-HERE-300x133.jpg 300w, https:\/\/www.rawoodfoundation.org\/wp-content\/uploads\/2026\/03\/BENIGN-HERE-18x8.jpg 18w\" sizes=\"(max-width: 729px) 100vw, 729px\" \/><\/figure>\n\n\n\n<h2 class=\"wp-block-heading\">Cr\u00e9ez ou rejoignez une \u00e9quipe en mai et transformez la sensibilisation en impact r\u00e9el.<\/h2>\n\n\n\n<p>En mai, \u00e0 l'occasion du mois de sensibilisation aux tumeurs c\u00e9r\u00e9brales, la Fondation Raymond A. Wood rassemble notre communaut\u00e9 pour <strong>B\u00e9nigne n'est pas bonne : Rallye pour la recherche<\/strong>-une collecte de fonds amusante, bas\u00e9e sur le travail d'\u00e9quipe et ayant un impact r\u00e9el.<\/p>\n\n\n\n<p>Que vous soyez un survivant, un soignant, un ami ou un sympathisant, vous pouvez rejoindre une \u00e9quipe, rallier votre r\u00e9seau et aider \u00e0 collecter des fonds essentiels pour la recherche et l'aide aux patients. Gr\u00e2ce \u00e0 des outils simples, des messages hebdomadaires et une mission puissante, il est facile de s'impliquer et de faire la diff\u00e9rence.<\/p>\n\n\n\n<a class=\"gb-button gb-button-99b1f091 gb-button-text\" href=\"https:\/\/givebutter.com\/benign-is-not-fine\" target=\"_blank\" rel=\"noopener noreferrer\">Commencer<\/a>\n\n\n\n<hr class=\"wp-block-separator has-alpha-channel-opacity\"\/>\n\n\n\n<h3 class=\"wp-block-heading\">B\u00e9nigne n'est pas bonne : <strong>L'importance de ce message<\/strong><\/h3>\n\n\n\n<p>Le terme \"b\u00e9nin\" peut minimiser l'impact grave et durable de ces tumeurs.<\/p>\n\n\n\n<p>Mais les patients connaissent la v\u00e9rit\u00e9 :<\/p>\n\n\n\n<ul class=\"wp-block-list\">\n<li>Les effets ne s'arr\u00eatent pas apr\u00e8s le traitement<\/li>\n\n\n\n<li>Les d\u00e9fis sont souvent invisibles<\/li>\n\n\n\n<li>Le soutien et la recherche ne sont pas \u00e0 la hauteur des besoins<\/li>\n<\/ul>\n\n\n\n<p><strong>B\u00e9nigne n'est pas bonne<\/strong> a pour but de changer cette vision des choses et de susciter de r\u00e9els changements au sein de la communaut\u00e9.<\/p>\n\n\n\n<hr class=\"wp-block-separator has-alpha-channel-opacity\"\/>\n\n\n\n<h3 class=\"wp-block-heading\"><strong>Comment fonctionne la campagne<\/strong><\/h3>\n\n\n\n<p><strong>B\u00e9nigne n'est pas bonne : Rallye pour la recherche<\/strong> est une collecte de fonds amusante, en \u00e9quipe, qui se d\u00e9roule tout au long du mois de mai en l'honneur du Mois de la sensibilisation aux tumeurs c\u00e9r\u00e9brales.<\/p>\n\n\n\n<p>Les participants forment des \u00e9quipes et travaillent ensemble pour collecter des fonds, sensibiliser l'opinion publique et cr\u00e9er une dynamique, le tout avec des outils simples et un soutien permanent.<\/p>\n\n\n\n<h4 class=\"wp-block-heading\"><strong>Structure de l'\u00e9quipe<\/strong><\/h4>\n\n\n\n<ul class=\"wp-block-list\">\n<li>Chaque \u00e9quipe se fixe un objectif de <strong>$2,500<\/strong><\/li>\n\n\n\n<li>Les \u00e9quipes comprennent un <strong>le capitaine, le co-capitaine et les 2-4 membres<\/strong><\/li>\n\n\n\n<li>Les objectifs individuels de collecte de fonds varient g\u00e9n\u00e9ralement de <strong>$250-$500<\/strong><\/li>\n<\/ul>\n\n\n\n<h4 class=\"wp-block-heading\"><strong>\u00c0 quoi s'attendre<\/strong><\/h4>\n\n\n\n<ul class=\"wp-block-list\">\n<li><strong>Le 1er mai :<\/strong> Coup d'envoi virtuel de la campagne<\/li>\n\n\n\n<li><strong>Suggestions hebdomadaires :<\/strong> Des id\u00e9es simples de textes, d'e-mails et de r\u00e9seaux sociaux pour simplifier la collecte de fonds<\/li>\n\n\n\n<li><strong>Reconnaissance et prix :<\/strong> C\u00e9l\u00e9brer les progr\u00e8s tout au long du mois<\/li>\n\n\n\n<li><strong>Maillots d'\u00e9quipe et incitations<\/strong> pour maintenir l'\u00e9nergie \u00e0 un niveau \u00e9lev\u00e9<\/li>\n\n\n\n<li><strong>Rallye Zoom de fin de mois<\/strong> c\u00e9l\u00e9brer ensemble<\/li>\n<\/ul>\n\n\n\n<h4 class=\"wp-block-heading\"><strong>Flexible et ax\u00e9 sur la communaut\u00e9<\/strong><\/h4>\n\n\n\n<p>La majeure partie de la campagne se d\u00e9roule en ligne, ce qui facilite la participation depuis n'importe quel endroit.<\/p>\n\n\n\n<p>Les \u00e9quipes ont \u00e9galement la possibilit\u00e9 d'organiser une <strong>\"Squad Night\" ou rencontre locale<\/strong>-une mani\u00e8re amusante de se connecter, de prendre des photos et de partager son impact.<\/p>\n\n\n\n<p>Aucune exp\u00e9rience n'est n\u00e9cessaire. Il suffit d'avoir la volont\u00e9 de se pr\u00e9senter, de partager et d'avoir un impact.<\/p>\n\n\n\n<hr class=\"wp-block-separator has-alpha-channel-opacity\"\/>\n\n\n\n<h3 class=\"wp-block-heading\"><strong>O\u00f9 va votre collecte de fonds ?<\/strong><\/h3>\n\n\n\n<figure class=\"wp-block-image size-full\"><img decoding=\"async\" width=\"1024\" height=\"732\" src=\"https:\/\/www.rawoodfoundation.org\/wp-content\/uploads\/2026\/03\/CMP_7129-Edit.jpeg\" alt=\"\" class=\"wp-image-19390\" srcset=\"https:\/\/www.rawoodfoundation.org\/wp-content\/uploads\/2026\/03\/CMP_7129-Edit.jpeg 1024w, https:\/\/www.rawoodfoundation.org\/wp-content\/uploads\/2026\/03\/CMP_7129-Edit-300x214.jpeg 300w, https:\/\/www.rawoodfoundation.org\/wp-content\/uploads\/2026\/03\/CMP_7129-Edit-768x549.jpeg 768w, https:\/\/www.rawoodfoundation.org\/wp-content\/uploads\/2026\/03\/CMP_7129-Edit-18x12.jpeg 18w\" sizes=\"(max-width: 1024px) 100vw, 1024px\" \/><\/figure>\n\n\n\n<div style=\"height:49px\" aria-hidden=\"true\" class=\"wp-block-spacer\"><\/div>\n\n\n\n<p>Les fonds collect\u00e9s dans le cadre de cette campagne soutiennent le <strong>Fonds de fonctionnement de la Fondation Raymond A. Wood<\/strong>-en alimentant le travail qui rend notre mission possible chaque jour.<\/p>\n\n\n\n<p>Il s'agit notamment de faire progresser la recherche, de soutenir les patients et leurs familles, de cr\u00e9er une communaut\u00e9 et d'accro\u00eetre la sensibilisation aux tumeurs c\u00e9r\u00e9brales hypothalamo-hypophysaires.<\/p>\n\n\n\n<p><strong>Votre collecte de fonds nous permet de continuer \u00e0 nous engager pour cette communaut\u00e9 aujourd'hui et \u00e0 l'avenir.<\/strong><\/p>\n\n\n\n<hr class=\"wp-block-separator has-alpha-channel-opacity\"\/>\n\n\n\n<h2 class=\"wp-block-heading\"><strong>Rejoignez ou cr\u00e9ez une \u00e9quipe. Avoir un impact.<\/strong><\/h2>\n\n\n<div class=\"gb-container gb-container-7f83134c\">\n<div class=\"gb-container gb-container-bcdaf35d\">\n<div class=\"wp-block-image\">\n<figure class=\"alignright size-full is-resized\"><img decoding=\"async\" width=\"900\" height=\"900\" src=\"https:\/\/www.rawoodfoundation.org\/wp-content\/uploads\/2026\/03\/t-shirt.jpg\" alt=\"Photo d&#039;un t-shirt avec le logo &quot;Rejoignez une \u00e9quipe et gagnez le t-shirt BINF tant convoit\u00e9 ainsi que d&#039;autres prix.\" class=\"wp-image-19389\" style=\"width:388px;height:auto\" srcset=\"https:\/\/www.rawoodfoundation.org\/wp-content\/uploads\/2026\/03\/t-shirt.jpg 900w, https:\/\/www.rawoodfoundation.org\/wp-content\/uploads\/2026\/03\/t-shirt-300x300.jpg 300w, https:\/\/www.rawoodfoundation.org\/wp-content\/uploads\/2026\/03\/t-shirt-150x150.jpg 150w, https:\/\/www.rawoodfoundation.org\/wp-content\/uploads\/2026\/03\/t-shirt-768x768.jpg 768w, https:\/\/www.rawoodfoundation.org\/wp-content\/uploads\/2026\/03\/t-shirt-12x12.jpg 12w, https:\/\/www.rawoodfoundation.org\/wp-content\/uploads\/2026\/03\/t-shirt-330x330.jpg 330w\" sizes=\"(max-width: 900px) 100vw, 900px\" \/><\/figure><\/div>\n<\/div>\n<\/div>\n\n\n<p>C'est l'occasion de passer de la prise de conscience \u00e0 l'action.<\/p>\n\n\n\n<p>Que vous souhaitiez diriger une \u00e9quipe ou en rejoindre une, vous ferez partie d'une communaut\u00e9 qui travaille ensemble pour soutenir les survivants, les familles et la recherche essentielle.<\/p>\n\n\n\n<p>Vous n'avez pas besoin d'exp\u00e9rience en mati\u00e8re de collecte de fonds, mais simplement d'une volont\u00e9 de vous pr\u00e9senter, de partager et de faire la diff\u00e9rence.<\/p>\n\n\n\n<a class=\"gb-button gb-button-d9b0518a gb-button-text\" href=\"https:\/\/givebutter.com\/benign-is-not-fine\" target=\"_blank\" rel=\"noopener noreferrer\">Commencer<\/a>\n\n\n\n<p><br><\/p>\n\n\n\n<p><\/p>","protected":false},"excerpt":{"rendered":"<p>Start or join a team this May and turn awareness into real impact. This May &#8230; <a title=\"B\u00e9nigne n&#039;est pas bonne : Rallye pour la recherche\" class=\"read-more\" href=\"https:\/\/www.rawoodfoundation.org\/fr\/benin-nest-pas-un-bon-rallye-pour-la-recherche\/\" aria-label=\"Read more about Benign Is Not Fine: Rally for Research\">Lire plus<\/a><\/p>","protected":false},"author":4,"featured_media":0,"parent":0,"menu_order":3,"comment_status":"closed","ping_status":"closed","template":"","meta":{"_acf_changed":false,"footnotes":""},"class_list":{"0":"post-19383","1":"page","2":"type-page","3":"status-publish","5":"no-featured-image-padding"},"acf":[],"yoast_head":"<!-- This site is optimized with the Yoast SEO plugin v25.0 - https:\/\/yoast.com\/wordpress\/plugins\/seo\/ -->\n<title>Benign Is Not Fine: Rally for Research - Raymond A. Wood Foundation<\/title>\n<meta name=\"robots\" content=\"index, follow, max-snippet:-1, max-image-preview:large, max-video-preview:-1\" \/>\n<link rel=\"canonical\" href=\"https:\/\/www.rawoodfoundation.org\/fr\/benin-nest-pas-un-bon-rallye-pour-la-recherche\/\" \/>\n<meta property=\"og:locale\" content=\"fr_FR\" \/>\n<meta property=\"og:type\" content=\"article\" \/>\n<meta property=\"og:title\" content=\"Benign Is Not Fine: Rally for Research - Raymond A. Wood Foundation\" \/>\n<meta property=\"og:description\" content=\"Start or join a team this May and turn awareness into real impact. This May ... Lire plus\" \/>\n<meta property=\"og:url\" content=\"https:\/\/www.rawoodfoundation.org\/fr\/benin-nest-pas-un-bon-rallye-pour-la-recherche\/\" \/>\n<meta property=\"og:site_name\" content=\"Raymond A. Wood Foundation\" \/>\n<meta property=\"article:publisher\" content=\"https:\/\/www.facebook.com\/rawoodfoundation\" \/>\n<meta property=\"article:modified_time\" content=\"2026-03-27T18:21:34+00:00\" \/>\n<meta property=\"og:image\" content=\"https:\/\/www.rawoodfoundation.org\/wp-content\/uploads\/2026\/03\/BENIGN-HERE.jpg\" \/>\n\t<meta property=\"og:image:width\" content=\"729\" \/>\n\t<meta property=\"og:image:height\" content=\"323\" \/>\n\t<meta property=\"og:image:type\" content=\"image\/jpeg\" \/>\n<meta name=\"twitter:card\" content=\"summary_large_image\" \/>\n<meta name=\"twitter:site\" content=\"@rawoodfound\" \/>\n<meta name=\"twitter:label1\" content=\"Est. reading time\" \/>\n\t<meta name=\"twitter:data1\" content=\"3 minutes\" \/>\n<script type=\"application\/ld+json\" class=\"yoast-schema-graph\">{\"@context\":\"https:\/\/schema.org\",\"@graph\":[{\"@type\":\"WebPage\",\"@id\":\"https:\/\/www.rawoodfoundation.org\/benign-is-not-fine-rally-for-research\/\",\"url\":\"https:\/\/www.rawoodfoundation.org\/benign-is-not-fine-rally-for-research\/\",\"name\":\"Benign Is Not Fine: Rally for Research - Raymond A. Wood Foundation\",\"isPartOf\":{\"@id\":\"https:\/\/www.rawoodfoundation.org\/#website\"},\"primaryImageOfPage\":{\"@id\":\"https:\/\/www.rawoodfoundation.org\/benign-is-not-fine-rally-for-research\/#primaryimage\"},\"image\":{\"@id\":\"https:\/\/www.rawoodfoundation.org\/benign-is-not-fine-rally-for-research\/#primaryimage\"},\"thumbnailUrl\":\"https:\/\/www.rawoodfoundation.org\/wp-content\/uploads\/2026\/03\/BENIGN-HERE.jpg\",\"datePublished\":\"2026-03-27T17:57:30+00:00\",\"dateModified\":\"2026-03-27T18:21:34+00:00\",\"breadcrumb\":{\"@id\":\"https:\/\/www.rawoodfoundation.org\/benign-is-not-fine-rally-for-research\/#breadcrumb\"},\"inLanguage\":\"fr-FR\",\"potentialAction\":[{\"@type\":\"ReadAction\",\"target\":[\"https:\/\/www.rawoodfoundation.org\/benign-is-not-fine-rally-for-research\/\"]}]},{\"@type\":\"ImageObject\",\"inLanguage\":\"fr-FR\",\"@id\":\"https:\/\/www.rawoodfoundation.org\/benign-is-not-fine-rally-for-research\/#primaryimage\",\"url\":\"https:\/\/www.rawoodfoundation.org\/wp-content\/uploads\/2026\/03\/BENIGN-HERE.jpg\",\"contentUrl\":\"https:\/\/www.rawoodfoundation.org\/wp-content\/uploads\/2026\/03\/BENIGN-HERE.jpg\"},{\"@type\":\"BreadcrumbList\",\"@id\":\"https:\/\/www.rawoodfoundation.org\/benign-is-not-fine-rally-for-research\/#breadcrumb\",\"itemListElement\":[{\"@type\":\"ListItem\",\"position\":1,\"name\":\"Home\",\"item\":\"https:\/\/www.rawoodfoundation.org\/\"},{\"@type\":\"ListItem\",\"position\":2,\"name\":\"Benign Is Not Fine: Rally for Research\"}]},{\"@type\":\"WebSite\",\"@id\":\"https:\/\/www.rawoodfoundation.org\/#website\",\"url\":\"https:\/\/www.rawoodfoundation.org\/\",\"name\":\"Raymond A. Wood Foundation\",\"description\":\"The mission of the RAWF is to provide quality of life support for childhood brain tumor survivors and their families.\",\"publisher\":{\"@id\":\"https:\/\/www.rawoodfoundation.org\/#organization\"},\"potentialAction\":[{\"@type\":\"SearchAction\",\"target\":{\"@type\":\"EntryPoint\",\"urlTemplate\":\"https:\/\/www.rawoodfoundation.org\/?s={search_term_string}\"},\"query-input\":{\"@type\":\"PropertyValueSpecification\",\"valueRequired\":true,\"valueName\":\"search_term_string\"}}],\"inLanguage\":\"fr-FR\"},{\"@type\":\"Organization\",\"@id\":\"https:\/\/www.rawoodfoundation.org\/#organization\",\"name\":\"Raymond A. Wood Foundation\",\"url\":\"https:\/\/www.rawoodfoundation.org\/\",\"logo\":{\"@type\":\"ImageObject\",\"inLanguage\":\"fr-FR\",\"@id\":\"https:\/\/www.rawoodfoundation.org\/#\/schema\/logo\/image\/\",\"url\":\"https:\/\/www.rawoodfoundation.org\/wp-content\/uploads\/2023\/07\/Raymond-A-Wood-Foundation-logo.webp\",\"contentUrl\":\"https:\/\/www.rawoodfoundation.org\/wp-content\/uploads\/2023\/07\/Raymond-A-Wood-Foundation-logo.webp\",\"width\":470,\"height\":128,\"caption\":\"Raymond A. Wood Foundation\"},\"image\":{\"@id\":\"https:\/\/www.rawoodfoundation.org\/#\/schema\/logo\/image\/\"},\"sameAs\":[\"https:\/\/www.facebook.com\/rawoodfoundation\",\"https:\/\/x.com\/rawoodfound\"]}]}<\/script>\n<!-- \/ Yoast SEO plugin. -->","yoast_head_json":{"title":"Benign Is Not Fine: Rally for Research - Raymond A. Wood Foundation","robots":{"index":"index","follow":"follow","max-snippet":"max-snippet:-1","max-image-preview":"max-image-preview:large","max-video-preview":"max-video-preview:-1"},"canonical":"https:\/\/www.rawoodfoundation.org\/fr\/benin-nest-pas-un-bon-rallye-pour-la-recherche\/","og_locale":"fr_FR","og_type":"article","og_title":"Benign Is Not Fine: Rally for Research - Raymond A. Wood Foundation","og_description":"Start or join a team this May and turn awareness into real impact. This May ... Lire plus","og_url":"https:\/\/www.rawoodfoundation.org\/fr\/benin-nest-pas-un-bon-rallye-pour-la-recherche\/","og_site_name":"Raymond A. Wood Foundation","article_publisher":"https:\/\/www.facebook.com\/rawoodfoundation","article_modified_time":"2026-03-27T18:21:34+00:00","og_image":[{"width":729,"height":323,"url":"https:\/\/www.rawoodfoundation.org\/wp-content\/uploads\/2026\/03\/BENIGN-HERE.jpg","type":"image\/jpeg"}],"twitter_card":"summary_large_image","twitter_site":"@rawoodfound","twitter_misc":{"Est. reading time":"3 minutes"},"schema":{"@context":"https:\/\/schema.org","@graph":[{"@type":"WebPage","@id":"https:\/\/www.rawoodfoundation.org\/benign-is-not-fine-rally-for-research\/","url":"https:\/\/www.rawoodfoundation.org\/benign-is-not-fine-rally-for-research\/","name":"Benign Is Not Fine: Rally for Research - Raymond A. Wood Foundation","isPartOf":{"@id":"https:\/\/www.rawoodfoundation.org\/#website"},"primaryImageOfPage":{"@id":"https:\/\/www.rawoodfoundation.org\/benign-is-not-fine-rally-for-research\/#primaryimage"},"image":{"@id":"https:\/\/www.rawoodfoundation.org\/benign-is-not-fine-rally-for-research\/#primaryimage"},"thumbnailUrl":"https:\/\/www.rawoodfoundation.org\/wp-content\/uploads\/2026\/03\/BENIGN-HERE.jpg","datePublished":"2026-03-27T17:57:30+00:00","dateModified":"2026-03-27T18:21:34+00:00","breadcrumb":{"@id":"https:\/\/www.rawoodfoundation.org\/benign-is-not-fine-rally-for-research\/#breadcrumb"},"inLanguage":"fr-FR","potentialAction":[{"@type":"ReadAction","target":["https:\/\/www.rawoodfoundation.org\/benign-is-not-fine-rally-for-research\/"]}]},{"@type":"ImageObject","inLanguage":"fr-FR","@id":"https:\/\/www.rawoodfoundation.org\/benign-is-not-fine-rally-for-research\/#primaryimage","url":"https:\/\/www.rawoodfoundation.org\/wp-content\/uploads\/2026\/03\/BENIGN-HERE.jpg","contentUrl":"https:\/\/www.rawoodfoundation.org\/wp-content\/uploads\/2026\/03\/BENIGN-HERE.jpg"},{"@type":"BreadcrumbList","@id":"https:\/\/www.rawoodfoundation.org\/benign-is-not-fine-rally-for-research\/#breadcrumb","itemListElement":[{"@type":"ListItem","position":1,"name":"Home","item":"https:\/\/www.rawoodfoundation.org\/"},{"@type":"ListItem","position":2,"name":"Benign Is Not Fine: Rally for Research"}]},{"@type":"WebSite","@id":"https:\/\/www.rawoodfoundation.org\/#website","url":"https:\/\/www.rawoodfoundation.org\/","name":"Raymond A. Wood Foundation","description":"The mission of the RAWF is to provide quality of life support for childhood brain tumor survivors and their families.","publisher":{"@id":"https:\/\/www.rawoodfoundation.org\/#organization"},"potentialAction":[{"@type":"SearchAction","target":{"@type":"EntryPoint","urlTemplate":"https:\/\/www.rawoodfoundation.org\/?s={search_term_string}"},"query-input":{"@type":"PropertyValueSpecification","valueRequired":true,"valueName":"search_term_string"}}],"inLanguage":"fr-FR"},{"@type":"Organization","@id":"https:\/\/www.rawoodfoundation.org\/#organization","name":"Raymond A. Wood Foundation","url":"https:\/\/www.rawoodfoundation.org\/","logo":{"@type":"ImageObject","inLanguage":"fr-FR","@id":"https:\/\/www.rawoodfoundation.org\/#\/schema\/logo\/image\/","url":"https:\/\/www.rawoodfoundation.org\/wp-content\/uploads\/2023\/07\/Raymond-A-Wood-Foundation-logo.webp","contentUrl":"https:\/\/www.rawoodfoundation.org\/wp-content\/uploads\/2023\/07\/Raymond-A-Wood-Foundation-logo.webp","width":470,"height":128,"caption":"Raymond A. Wood Foundation"},"image":{"@id":"https:\/\/www.rawoodfoundation.org\/#\/schema\/logo\/image\/"},"sameAs":["https:\/\/www.facebook.com\/rawoodfoundation","https:\/\/x.com\/rawoodfound"]}]}},"_links":{"self":[{"href":"https:\/\/www.rawoodfoundation.org\/fr\/wp-json\/wp\/v2\/pages\/19383","targetHints":{"allow":["GET"]}}],"collection":[{"href":"https:\/\/www.rawoodfoundation.org\/fr\/wp-json\/wp\/v2\/pages"}],"about":[{"href":"https:\/\/www.rawoodfoundation.org\/fr\/wp-json\/wp\/v2\/types\/page"}],"author":[{"embeddable":true,"href":"https:\/\/www.rawoodfoundation.org\/fr\/wp-json\/wp\/v2\/users\/4"}],"replies":[{"embeddable":true,"href":"https:\/\/www.rawoodfoundation.org\/fr\/wp-json\/wp\/v2\/comments?post=19383"}],"version-history":[{"count":5,"href":"https:\/\/www.rawoodfoundation.org\/fr\/wp-json\/wp\/v2\/pages\/19383\/revisions"}],"predecessor-version":[{"id":19395,"href":"https:\/\/www.rawoodfoundation.org\/fr\/wp-json\/wp\/v2\/pages\/19383\/revisions\/19395"}],"wp:attachment":[{"href":"https:\/\/www.rawoodfoundation.org\/fr\/wp-json\/wp\/v2\/media?parent=19383"}],"curies":[{"name":"wp","href":"https:\/\/api.w.org\/{rel}","templated":true}]}}