{"id":18419,"date":"2026-01-28T16:00:22","date_gmt":"2026-01-28T16:00:22","guid":{"rendered":"https:\/\/www.rawoodfoundation.org\/?page_id=18419"},"modified":"2026-03-26T18:13:21","modified_gmt":"2026-03-26T18:13:21","slug":"apercu-du-craniopharyngiome","status":"publish","type":"page","link":"https:\/\/www.rawoodfoundation.org\/fr\/craniopharyngioma-overview\/","title":{"rendered":"Comprendre le craniopharyngiome"},"content":{"rendered":"<h2 class=\"wp-block-heading\"><strong>Une tumeur c\u00e9r\u00e9brale rare avec un impact \u00e0 vie<\/strong><\/h2>\n\n\n\n<hr class=\"wp-block-separator has-alpha-channel-opacity\"\/>\n\n\n\n<p>Le craniopharyngiome est une tumeur rare et non maligne qui se d\u00e9veloppe g\u00e9n\u00e9ralement pr\u00e8s de l'hypophyse et de l'hypothalamus, deux zones essentielles \u00e0 la r\u00e9gulation des hormones, au m\u00e9tabolisme, \u00e0 la croissance et au comportement. Bien que ces tumeurs ne se propagent pas \u00e0 d'autres structures comme le cancer, elles sont tr\u00e8s r\u00e9currentes et peuvent causer d'importants probl\u00e8mes de sant\u00e9 en raison de leur localisation et des effets durables du traitement.<\/p>\n\n\n<div class=\"gb-grid-wrapper gb-grid-wrapper-91ed64ac\">\n<div class=\"gb-grid-column gb-grid-column-cabdf6a6\"><div class=\"gb-container gb-container-cabdf6a6\">\n\n<h4 class=\"wp-block-heading\"><strong>Pour les patients et les soignants<\/strong><\/h4>\n\n\n\n<p>En savoir plus sur le craniopharyngiome, les effets du traitement et les ressources de soutien disponibles gr\u00e2ce aux outils \u00e9ducatifs et aux liens communautaires de RAWF.<\/p>\n\n\n\n<p><a href=\"https:\/\/www.rawoodfoundation.org\/fr\/craniopharyngiome\/\">En savoir plus \"<\/a><\/p>\n\n<\/div><\/div>\n\n<div class=\"gb-grid-column gb-grid-column-f34b0285\"><div class=\"gb-container gb-container-f34b0285\">\n\n<h4 class=\"wp-block-heading\"><strong><strong>Pour les cliniciens et les chercheurs :<\/strong><\/strong><\/h4>\n\n\n\n<p>Si vous \u00eates un prestataire de soins de sant\u00e9 ou un chercheur, renseignez-vous sur notre registre des patients, nos programmes de soutien \u00e0 l'AI et nos possibilit\u00e9s de collaboration.<br><a href=\"https:\/\/www.rawoodfoundation.org\/fr\/pour-les-chercheurs\/\">En savoir plus \"<\/a><\/p>\n\n<\/div><\/div>\n<\/div>\n\n\n<hr class=\"wp-block-separator has-alpha-channel-opacity\"\/>\n\n\n\n<h3 class=\"wp-block-heading has-text-align-center\">Cr\u00e9er une communaut\u00e9<\/h3>\n\n\n\n<p class=\"has-text-align-center\">RAWF r\u00e9unit des patients, des soignants, des cliniciens et des chercheurs lors de sa conf\u00e9rence semestrielle pour les familles \u00e0 Philadelphie. <br><a href=\"https:\/\/www.rawoodfoundation.org\/fr\/2025conference\/\">En savoir plus \"<\/a><\/p>\n\n\n\n<figure class=\"wp-block-embed is-type-video is-provider-youtube wp-block-embed-youtube wp-embed-aspect-16-9 wp-has-aspect-ratio\"><div class=\"wp-block-embed__wrapper\">\n<iframe title=\"2025 Conf\u00e9rence des familles sur les tumeurs c\u00e9r\u00e9brales hypophysaires : Un voyage en photos\" width=\"1200\" height=\"675\" src=\"https:\/\/www.youtube.com\/embed\/I5pISJWbqJo?feature=oembed&#038;enablejsapi=1&#038;origin=https:\/\/www.rawoodfoundation.org\" frameborder=\"0\" allow=\"accelerometer; autoplay; clipboard-write; encrypted-media; gyroscope; picture-in-picture; web-share\" referrerpolicy=\"strict-origin-when-cross-origin\" allowfullscreen><\/iframe>\n<\/div><\/figure>\n\n\n\n<div style=\"height:43px\" aria-hidden=\"true\" class=\"wp-block-spacer\"><\/div>\n\n\n\n<div class=\"wp-block-columns is-layout-flex wp-container-core-columns-is-layout-9d6595d7 wp-block-columns-is-layout-flex\">\n<div class=\"wp-block-column is-layout-flow wp-block-column-is-layout-flow\"><div class=\"gb-container gb-container-a83858ef clickable-container\">\n\n<h5 class=\"gb-headline gb-headline-83ff5696 round-icon\"><span class=\"gb-icon\"><svg aria-hidden=\"true\" role=\"img\" height=\"1em\" width=\"1em\" viewbox=\"0 0 256 512\" xmlns=\"http:\/\/www.w3.org\/2000\/svg\"><path fill=\"currentColor\" d=\"M224.3 273l-136 136c-9.4 9.4-24.6 9.4-33.9 0l-22.6-22.6c-9.4-9.4-9.4-24.6 0-33.9l96.4-96.4-96.4-96.4c-9.4-9.4-9.4-24.6 0-33.9L54.3 103c9.4-9.4 24.6-9.4 33.9 0l136 136c9.5 9.4 9.5 24.6.1 34z\"><\/path><\/svg><\/span><span class=\"gb-headline-text\"><a href=\"https:\/\/www.rawoodfoundation.org\/fr\/evenements\/\">Groupes de soutien<\/a><\/span><\/h5>\n\n<\/div><\/div>\n\n\n\n<div class=\"wp-block-column is-layout-flow wp-block-column-is-layout-flow\"><div class=\"gb-container gb-container-c65b9708 clickable-container\">\n\n<h5 class=\"gb-headline gb-headline-2aee17b1 round-icon\"><span class=\"gb-icon\"><svg aria-hidden=\"true\" role=\"img\" height=\"1em\" width=\"1em\" viewbox=\"0 0 256 512\" xmlns=\"http:\/\/www.w3.org\/2000\/svg\"><path fill=\"currentColor\" d=\"M224.3 273l-136 136c-9.4 9.4-24.6 9.4-33.9 0l-22.6-22.6c-9.4-9.4-9.4-24.6 0-33.9l96.4-96.4-96.4-96.4c-9.4-9.4-9.4-24.6 0-33.9L54.3 103c9.4-9.4 24.6-9.4 33.9 0l136 136c9.5 9.4 9.5 24.6.1 34z\"><\/path><\/svg><\/span><span class=\"gb-headline-text\"><a href=\"https:\/\/www.rawoodfoundation.org\/fr\/essais-cliniques\/\">Recherche d'essais cliniques<\/a><\/span><\/h5>\n\n<\/div><\/div>\n\n\n\n<div class=\"wp-block-column is-layout-flow wp-block-column-is-layout-flow\"><div class=\"gb-container gb-container-3430f7bc clickable-container\">\n\n<h5 class=\"gb-headline gb-headline-fa56953d round-icon\"><span class=\"gb-icon\"><svg aria-hidden=\"true\" role=\"img\" height=\"1em\" width=\"1em\" viewbox=\"0 0 256 512\" xmlns=\"http:\/\/www.w3.org\/2000\/svg\"><path fill=\"currentColor\" d=\"M224.3 273l-136 136c-9.4 9.4-24.6 9.4-33.9 0l-22.6-22.6c-9.4-9.4-9.4-24.6 0-33.9l96.4-96.4-96.4-96.4c-9.4-9.4-9.4-24.6 0-33.9L54.3 103c9.4-9.4 24.6-9.4 33.9 0l136 136c9.5 9.4 9.5 24.6.1 34z\"><\/path><\/svg><\/span><span class=\"gb-headline-text\"><a href=\"https:\/\/www.rawoodfoundation.org\/wp-content\/uploads\/2023\/07\/physician-finder.jpg\">Recherche de m\u00e9decins<\/a><\/span><\/h5>\n\n<\/div><\/div>\n<\/div>\n\n\n\n<hr class=\"wp-block-separator has-alpha-channel-opacity\"\/>\n\n\n<div class=\"gb-container gb-container-b0faa0a2\">\n\n<div class=\"wp-block-columns is-layout-flex wp-container-core-columns-is-layout-9d6595d7 wp-block-columns-is-layout-flex\">\n<div class=\"wp-block-column is-layout-flow wp-block-column-is-layout-flow\" style=\"flex-basis:33.33%\"><div class=\"gb-container gb-container-254db55e\">\n\n<figure class=\"wp-block-image size-full\"><img decoding=\"async\" width=\"302\" height=\"407\" src=\"https:\/\/www.rawoodfoundation.org\/wp-content\/uploads\/2024\/07\/jake.png\" alt=\"\" class=\"wp-image-9298\" srcset=\"https:\/\/www.rawoodfoundation.org\/wp-content\/uploads\/2024\/07\/jake.png 302w, https:\/\/www.rawoodfoundation.org\/wp-content\/uploads\/2024\/07\/jake-223x300.png 223w, https:\/\/www.rawoodfoundation.org\/wp-content\/uploads\/2024\/07\/jake-9x12.png 9w\" sizes=\"(max-width: 302px) 100vw, 302px\" \/><\/figure>\n\n<\/div><\/div>\n\n\n\n<div class=\"wp-block-column is-layout-flow wp-block-column-is-layout-flow\" style=\"flex-basis:66.66%\"><div class=\"gb-container gb-container-2c4590e8\">\n\n<h4 class=\"gb-headline gb-headline-094bad58 gb-headline-text\">Rejoignez notre registre de patients <\/h4>\n\n\n\n<p class=\"gb-headline gb-headline-33254764 gb-headline-text\">Votre voix est essentielle pour relever les d\u00e9fis de l'ob\u00e9sit\u00e9 hypothalamique et de l'hyperphagie ! Rejoignez-nous pour fa\u00e7onner l'avenir de la recherche en vous inscrivant au registre des patients atteints de tumeurs c\u00e9r\u00e9brales hypothalamiques et hypophysaires. Votre participation, \u00e0 votre propre rythme, apportera des informations pr\u00e9cieuses pour mieux comprendre et traiter ces maladies.<\/p>\n\n\n\n<p class=\"gb-headline gb-headline-52423adb round-icon\"><span class=\"gb-icon\"><svg aria-hidden=\"true\" role=\"img\" height=\"1em\" width=\"1em\" viewbox=\"0 0 256 512\" xmlns=\"http:\/\/www.w3.org\/2000\/svg\"><path fill=\"currentColor\" d=\"M224.3 273l-136 136c-9.4 9.4-24.6 9.4-33.9 0l-22.6-22.6c-9.4-9.4-9.4-24.6 0-33.9l96.4-96.4-96.4-96.4c-9.4-9.4-9.4-24.6 0-33.9L54.3 103c9.4-9.4 24.6-9.4 33.9 0l136 136c9.5 9.4 9.5 24.6.1 34z\"><\/path><\/svg><\/span><span class=\"gb-headline-text\"><a href=\"https:\/\/www.rawoodfoundation.org\/fr\/registre-des-tumeurs\/\">En savoir plus<\/a><\/span><\/p>\n\n<\/div>\n\n\n<figure class=\"wp-block-image size-large is-resized\"><img decoding=\"async\" width=\"1024\" height=\"192\" src=\"https:\/\/www.rawoodfoundation.org\/wp-content\/uploads\/2024\/07\/logoFinal-1024x192.png\" alt=\"\" class=\"wp-image-9299\" style=\"width:447px;height:auto\" srcset=\"https:\/\/www.rawoodfoundation.org\/wp-content\/uploads\/2024\/07\/logoFinal-1024x192.png 1024w, https:\/\/www.rawoodfoundation.org\/wp-content\/uploads\/2024\/07\/logoFinal-300x56.png 300w, https:\/\/www.rawoodfoundation.org\/wp-content\/uploads\/2024\/07\/logoFinal-768x144.png 768w, https:\/\/www.rawoodfoundation.org\/wp-content\/uploads\/2024\/07\/logoFinal-18x3.png 18w, https:\/\/www.rawoodfoundation.org\/wp-content\/uploads\/2024\/07\/logoFinal.png 1485w\" sizes=\"(max-width: 1024px) 100vw, 1024px\" \/><\/figure>\n<\/div>\n\n\n\n<div class=\"wp-block-column is-layout-flow wp-block-column-is-layout-flow\"><\/div>\n<\/div>\n\n<\/div>","protected":false},"excerpt":{"rendered":"<p>A Rare Brain Tumor with Lifelong Impact Craniopharyngioma is a rare, non-malignant tumor that typically &#8230; <a title=\"Comprendre le craniopharyngiome\" class=\"read-more\" href=\"https:\/\/www.rawoodfoundation.org\/fr\/craniopharyngioma-overview\/\" aria-label=\"Read more about Understanding Craniopharyngioma\">Lire plus<\/a><\/p>","protected":false},"author":4,"featured_media":0,"parent":0,"menu_order":8,"comment_status":"closed","ping_status":"closed","template":"","meta":{"_acf_changed":false,"footnotes":""},"class_list":{"0":"post-18419","1":"page","2":"type-page","3":"status-publish","5":"no-featured-image-padding"},"acf":[],"yoast_head":"<!-- This site is optimized with the Yoast SEO plugin v27.3 - https:\/\/yoast.com\/product\/yoast-seo-wordpress\/ -->\n<title>Understanding Craniopharyngioma - Raymond A. Wood Foundation<\/title>\n<meta name=\"robots\" content=\"index, follow, max-snippet:-1, max-image-preview:large, max-video-preview:-1\" \/>\n<link rel=\"canonical\" href=\"https:\/\/www.rawoodfoundation.org\/fr\/apercu-du-craniopharyngiome\/\" \/>\n<meta property=\"og:locale\" content=\"fr_FR\" \/>\n<meta property=\"og:type\" content=\"article\" \/>\n<meta property=\"og:title\" content=\"Understanding Craniopharyngioma - Raymond A. Wood Foundation\" \/>\n<meta property=\"og:description\" content=\"A Rare Brain Tumor with Lifelong Impact Craniopharyngioma is a rare, non-malignant tumor that typically ... Lire plus\" \/>\n<meta property=\"og:url\" content=\"https:\/\/www.rawoodfoundation.org\/fr\/apercu-du-craniopharyngiome\/\" \/>\n<meta property=\"og:site_name\" content=\"Raymond A. Wood Foundation\" \/>\n<meta property=\"article:publisher\" content=\"https:\/\/www.facebook.com\/rawoodfoundation\" \/>\n<meta property=\"article:modified_time\" content=\"2026-03-26T18:13:21+00:00\" \/>\n<meta property=\"og:image\" content=\"https:\/\/www.rawoodfoundation.org\/wp-content\/uploads\/2024\/07\/jake.png\" \/>\n\t<meta property=\"og:image:width\" content=\"302\" \/>\n\t<meta property=\"og:image:height\" content=\"407\" \/>\n\t<meta property=\"og:image:type\" content=\"image\/png\" \/>\n<meta name=\"twitter:card\" content=\"summary_large_image\" \/>\n<meta name=\"twitter:site\" content=\"@rawoodfound\" \/>\n<meta name=\"twitter:label1\" content=\"Est. reading time\" \/>\n\t<meta name=\"twitter:data1\" content=\"2 minutes\" \/>\n<script type=\"application\/ld+json\" class=\"yoast-schema-graph\">{\"@context\":\"https:\\\/\\\/schema.org\",\"@graph\":[{\"@type\":\"WebPage\",\"@id\":\"https:\\\/\\\/www.rawoodfoundation.org\\\/craniopharyngioma-overview\\\/\",\"url\":\"https:\\\/\\\/www.rawoodfoundation.org\\\/craniopharyngioma-overview\\\/\",\"name\":\"Understanding Craniopharyngioma - Raymond A. Wood Foundation\",\"isPartOf\":{\"@id\":\"https:\\\/\\\/www.rawoodfoundation.org\\\/#website\"},\"primaryImageOfPage\":{\"@id\":\"https:\\\/\\\/www.rawoodfoundation.org\\\/craniopharyngioma-overview\\\/#primaryimage\"},\"image\":{\"@id\":\"https:\\\/\\\/www.rawoodfoundation.org\\\/craniopharyngioma-overview\\\/#primaryimage\"},\"thumbnailUrl\":\"https:\\\/\\\/www.rawoodfoundation.org\\\/wp-content\\\/uploads\\\/2024\\\/07\\\/jake.png\",\"datePublished\":\"2026-01-28T16:00:22+00:00\",\"dateModified\":\"2026-03-26T18:13:21+00:00\",\"breadcrumb\":{\"@id\":\"https:\\\/\\\/www.rawoodfoundation.org\\\/craniopharyngioma-overview\\\/#breadcrumb\"},\"inLanguage\":\"fr-FR\",\"potentialAction\":[{\"@type\":\"ReadAction\",\"target\":[\"https:\\\/\\\/www.rawoodfoundation.org\\\/craniopharyngioma-overview\\\/\"]}]},{\"@type\":\"ImageObject\",\"inLanguage\":\"fr-FR\",\"@id\":\"https:\\\/\\\/www.rawoodfoundation.org\\\/craniopharyngioma-overview\\\/#primaryimage\",\"url\":\"https:\\\/\\\/www.rawoodfoundation.org\\\/wp-content\\\/uploads\\\/2024\\\/07\\\/jake.png\",\"contentUrl\":\"https:\\\/\\\/www.rawoodfoundation.org\\\/wp-content\\\/uploads\\\/2024\\\/07\\\/jake.png\"},{\"@type\":\"BreadcrumbList\",\"@id\":\"https:\\\/\\\/www.rawoodfoundation.org\\\/craniopharyngioma-overview\\\/#breadcrumb\",\"itemListElement\":[{\"@type\":\"ListItem\",\"position\":1,\"name\":\"Home\",\"item\":\"https:\\\/\\\/www.rawoodfoundation.org\\\/\"},{\"@type\":\"ListItem\",\"position\":2,\"name\":\"Understanding Craniopharyngioma\"}]},{\"@type\":\"WebSite\",\"@id\":\"https:\\\/\\\/www.rawoodfoundation.org\\\/#website\",\"url\":\"https:\\\/\\\/www.rawoodfoundation.org\\\/\",\"name\":\"Raymond A. Wood Foundation\",\"description\":\"The mission of the RAWF is to provide quality of life support for childhood brain tumor survivors and their families.\",\"publisher\":{\"@id\":\"https:\\\/\\\/www.rawoodfoundation.org\\\/#organization\"},\"potentialAction\":[{\"@type\":\"SearchAction\",\"target\":{\"@type\":\"EntryPoint\",\"urlTemplate\":\"https:\\\/\\\/www.rawoodfoundation.org\\\/?s={search_term_string}\"},\"query-input\":{\"@type\":\"PropertyValueSpecification\",\"valueRequired\":true,\"valueName\":\"search_term_string\"}}],\"inLanguage\":\"fr-FR\"},{\"@type\":\"Organization\",\"@id\":\"https:\\\/\\\/www.rawoodfoundation.org\\\/#organization\",\"name\":\"Raymond A. Wood Foundation\",\"url\":\"https:\\\/\\\/www.rawoodfoundation.org\\\/\",\"logo\":{\"@type\":\"ImageObject\",\"inLanguage\":\"fr-FR\",\"@id\":\"https:\\\/\\\/www.rawoodfoundation.org\\\/#\\\/schema\\\/logo\\\/image\\\/\",\"url\":\"https:\\\/\\\/www.rawoodfoundation.org\\\/wp-content\\\/uploads\\\/2023\\\/07\\\/Raymond-A-Wood-Foundation-logo.webp\",\"contentUrl\":\"https:\\\/\\\/www.rawoodfoundation.org\\\/wp-content\\\/uploads\\\/2023\\\/07\\\/Raymond-A-Wood-Foundation-logo.webp\",\"width\":470,\"height\":128,\"caption\":\"Raymond A. Wood Foundation\"},\"image\":{\"@id\":\"https:\\\/\\\/www.rawoodfoundation.org\\\/#\\\/schema\\\/logo\\\/image\\\/\"},\"sameAs\":[\"https:\\\/\\\/www.facebook.com\\\/rawoodfoundation\",\"https:\\\/\\\/x.com\\\/rawoodfound\"]}]}<\/script>\n<!-- \/ Yoast SEO plugin. -->","yoast_head_json":{"title":"Comprendre le craniopharyngiome - Raymond A. Wood Foundation","robots":{"index":"index","follow":"follow","max-snippet":"max-snippet:-1","max-image-preview":"max-image-preview:large","max-video-preview":"max-video-preview:-1"},"canonical":"https:\/\/www.rawoodfoundation.org\/fr\/apercu-du-craniopharyngiome\/","og_locale":"fr_FR","og_type":"article","og_title":"Understanding Craniopharyngioma - Raymond A. Wood Foundation","og_description":"A Rare Brain Tumor with Lifelong Impact Craniopharyngioma is a rare, non-malignant tumor that typically ... Lire plus","og_url":"https:\/\/www.rawoodfoundation.org\/fr\/apercu-du-craniopharyngiome\/","og_site_name":"Raymond A. Wood Foundation","article_publisher":"https:\/\/www.facebook.com\/rawoodfoundation","article_modified_time":"2026-03-26T18:13:21+00:00","og_image":[{"width":302,"height":407,"url":"https:\/\/www.rawoodfoundation.org\/wp-content\/uploads\/2024\/07\/jake.png","type":"image\/png"}],"twitter_card":"summary_large_image","twitter_site":"@rawoodfound","twitter_misc":{"Est. reading time":"2 minutes"},"schema":{"@context":"https:\/\/schema.org","@graph":[{"@type":"WebPage","@id":"https:\/\/www.rawoodfoundation.org\/craniopharyngioma-overview\/","url":"https:\/\/www.rawoodfoundation.org\/craniopharyngioma-overview\/","name":"Comprendre le craniopharyngiome - Raymond A. Wood Foundation","isPartOf":{"@id":"https:\/\/www.rawoodfoundation.org\/#website"},"primaryImageOfPage":{"@id":"https:\/\/www.rawoodfoundation.org\/craniopharyngioma-overview\/#primaryimage"},"image":{"@id":"https:\/\/www.rawoodfoundation.org\/craniopharyngioma-overview\/#primaryimage"},"thumbnailUrl":"https:\/\/www.rawoodfoundation.org\/wp-content\/uploads\/2024\/07\/jake.png","datePublished":"2026-01-28T16:00:22+00:00","dateModified":"2026-03-26T18:13:21+00:00","breadcrumb":{"@id":"https:\/\/www.rawoodfoundation.org\/craniopharyngioma-overview\/#breadcrumb"},"inLanguage":"fr-FR","potentialAction":[{"@type":"ReadAction","target":["https:\/\/www.rawoodfoundation.org\/craniopharyngioma-overview\/"]}]},{"@type":"ImageObject","inLanguage":"fr-FR","@id":"https:\/\/www.rawoodfoundation.org\/craniopharyngioma-overview\/#primaryimage","url":"https:\/\/www.rawoodfoundation.org\/wp-content\/uploads\/2024\/07\/jake.png","contentUrl":"https:\/\/www.rawoodfoundation.org\/wp-content\/uploads\/2024\/07\/jake.png"},{"@type":"BreadcrumbList","@id":"https:\/\/www.rawoodfoundation.org\/craniopharyngioma-overview\/#breadcrumb","itemListElement":[{"@type":"ListItem","position":1,"name":"Home","item":"https:\/\/www.rawoodfoundation.org\/"},{"@type":"ListItem","position":2,"name":"Understanding Craniopharyngioma"}]},{"@type":"WebSite","@id":"https:\/\/www.rawoodfoundation.org\/#website","url":"https:\/\/www.rawoodfoundation.org\/","name":"Fondation Raymond A. Wood","description":"La mission de la RAWF est d'apporter un soutien \u00e0 la qualit\u00e9 de vie des survivants de tumeurs c\u00e9r\u00e9brales infantiles et de leurs familles.","publisher":{"@id":"https:\/\/www.rawoodfoundation.org\/#organization"},"potentialAction":[{"@type":"SearchAction","target":{"@type":"EntryPoint","urlTemplate":"https:\/\/www.rawoodfoundation.org\/?s={search_term_string}"},"query-input":{"@type":"PropertyValueSpecification","valueRequired":true,"valueName":"search_term_string"}}],"inLanguage":"fr-FR"},{"@type":"Organization","@id":"https:\/\/www.rawoodfoundation.org\/#organization","name":"Fondation Raymond A. Wood","url":"https:\/\/www.rawoodfoundation.org\/","logo":{"@type":"ImageObject","inLanguage":"fr-FR","@id":"https:\/\/www.rawoodfoundation.org\/#\/schema\/logo\/image\/","url":"https:\/\/www.rawoodfoundation.org\/wp-content\/uploads\/2023\/07\/Raymond-A-Wood-Foundation-logo.webp","contentUrl":"https:\/\/www.rawoodfoundation.org\/wp-content\/uploads\/2023\/07\/Raymond-A-Wood-Foundation-logo.webp","width":470,"height":128,"caption":"Raymond A. Wood Foundation"},"image":{"@id":"https:\/\/www.rawoodfoundation.org\/#\/schema\/logo\/image\/"},"sameAs":["https:\/\/www.facebook.com\/rawoodfoundation","https:\/\/x.com\/rawoodfound"]}]}},"_links":{"self":[{"href":"https:\/\/www.rawoodfoundation.org\/fr\/wp-json\/wp\/v2\/pages\/18419","targetHints":{"allow":["GET"]}}],"collection":[{"href":"https:\/\/www.rawoodfoundation.org\/fr\/wp-json\/wp\/v2\/pages"}],"about":[{"href":"https:\/\/www.rawoodfoundation.org\/fr\/wp-json\/wp\/v2\/types\/page"}],"author":[{"embeddable":true,"href":"https:\/\/www.rawoodfoundation.org\/fr\/wp-json\/wp\/v2\/users\/4"}],"replies":[{"embeddable":true,"href":"https:\/\/www.rawoodfoundation.org\/fr\/wp-json\/wp\/v2\/comments?post=18419"}],"version-history":[{"count":6,"href":"https:\/\/www.rawoodfoundation.org\/fr\/wp-json\/wp\/v2\/pages\/18419\/revisions"}],"predecessor-version":[{"id":19371,"href":"https:\/\/www.rawoodfoundation.org\/fr\/wp-json\/wp\/v2\/pages\/18419\/revisions\/19371"}],"wp:attachment":[{"href":"https:\/\/www.rawoodfoundation.org\/fr\/wp-json\/wp\/v2\/media?parent=18419"}],"curies":[{"name":"wp","href":"https:\/\/api.w.org\/{rel}","templated":true}]}}