{"id":18409,"date":"2026-01-28T15:45:15","date_gmt":"2026-01-28T15:45:15","guid":{"rendered":"https:\/\/www.rawoodfoundation.org\/?page_id=18409"},"modified":"2026-01-28T17:55:52","modified_gmt":"2026-01-28T17:55:52","slug":"cliniciens-du-cp","status":"publish","type":"page","link":"https:\/\/www.rawoodfoundation.org\/fr\/cp-clinicians\/","title":{"rendered":"Soutenir les soins aux patients"},"content":{"rendered":"<h2 class=\"wp-block-heading\">Comment nous soutenons les patients atteints de craniopharyngiome et faisons avancer la recherche<\/h2>\n\n\n\n<p>\u00c0 la Fondation Raymond A. Wood, nous travaillons en partenariat avec des cliniciens pour am\u00e9liorer la qualit\u00e9 de vie des patients qui vivent avec les effets complexes du craniopharyngiome. Notre travail est fond\u00e9 sur l'exp\u00e9rience v\u00e9cue, la recherche scientifique et les outils du monde r\u00e9el pour soutenir les soins \u00e0 long terme.<\/p>\n\n\n\n<p>Nous offrons une gamme de programmes con\u00e7us pour r\u00e9duire la charge des soins et am\u00e9liorer les r\u00e9sultats pour les survivants et les aidants :<\/p>\n\n\n\n<ul class=\"wp-block-list\">\n<li><strong>Soutien et \u00e9ducation par les pairs<\/strong> par le biais d'activit\u00e9s en direct et d'activit\u00e9s <a href=\"http:\/\/How We Support Patients and Families  We offer a range of programs designed to reduce care burdens and improve outcomes for survivors and caregivers:  Peer support and education through live and on-demand webinars, patient panels, and virtual groups  Condition-specific resources to help families navigate hormone replacement, cognitive effects, and hypothalamic obesity  Navigation support to help patients access clinical trials, second opinions, and experienced providers\" target=\"_blank\" rel=\"noreferrer noopener\">webinaires \u00e0 la demande<\/a>, <a href=\"https:\/\/www.rawoodfoundation.org\/fr\/2025conference\/\">une conf\u00e9rence semestrielle<\/a>et <a href=\"https:\/\/www.rawoodfoundation.org\/fr\/evenements\/\">groupes de soutien virtuels<\/a><\/li>\n\n\n\n<li><strong>Ressources sp\u00e9cifiques \u00e0 la maladie<\/strong> pour aider les familles \u00e0 s'y retrouver dans la substitution hormonale, les effets cognitifs et l'ob\u00e9sit\u00e9 hypothalamique<\/li>\n\n\n\n<li><strong>Aide \u00e0 la navigation<\/strong> pour aider les patients \u00e0 acc\u00e9der <a href=\"https:\/\/www.rawoodfoundation.org\/fr\/essais-cliniques\/\">essais cliniques<\/a>des deuxi\u00e8mes avis, et <a href=\"https:\/\/www.rawoodfoundation.org\/wp-content\/uploads\/2023\/07\/physician-finder.jpg\">des prestataires exp\u00e9riment\u00e9s<\/a><\/li>\n<\/ul>\n\n\n\n<p><strong>Nous sommes heureux de collaborer avec des prestataires de soins de sant\u00e9 qui partagent notre engagement<\/strong> pour r\u00e9pondre aux besoins complexes et permanents de cette communaut\u00e9. Veuillez nous envoyer un courriel \u00e0 l'adresse suivante<strong> &nbsp;<a href=\"mailto:outreach@rawoodfoundation.org\">outreach@rawoodfoundation.org<\/a><\/strong> pour se connecter.<\/p>\n\n\n\n<figure class=\"wp-block-image size-full\"><img decoding=\"async\" width=\"1024\" height=\"732\" src=\"https:\/\/www.rawoodfoundation.org\/wp-content\/uploads\/2026\/01\/CMP_7121.jpg\" alt=\"Les survivants \u00e0 la conf\u00e9rence des patients 2025\" class=\"wp-image-18416\" srcset=\"https:\/\/www.rawoodfoundation.org\/wp-content\/uploads\/2026\/01\/CMP_7121.jpg 1024w, https:\/\/www.rawoodfoundation.org\/wp-content\/uploads\/2026\/01\/CMP_7121-300x214.jpg 300w, https:\/\/www.rawoodfoundation.org\/wp-content\/uploads\/2026\/01\/CMP_7121-768x549.jpg 768w, https:\/\/www.rawoodfoundation.org\/wp-content\/uploads\/2026\/01\/CMP_7121-18x12.jpg 18w\" sizes=\"(max-width: 1024px) 100vw, 1024px\" \/><\/figure>\n\n\n\n<p class=\"has-text-align-center\"><em>Survivants \u00e0 la 2025e conf\u00e9rence des familles sur les tumeurs c\u00e9r\u00e9brales hypophysaires \u00e0 l'h\u00f4pital pour enfants de Philadelphie<\/em><\/p>\n\n\n\n<hr class=\"wp-block-separator has-alpha-channel-opacity\"\/>\n\n\n\n<h3 class=\"wp-block-heading\"><strong>G\u00e9rer la complexit\u00e9 du syndrome hypothalamique<\/strong><\/h3>\n\n\n\n<p>De nombreux survivants d'un craniopharyngiome souffrent d'un dysfonctionnement durable de l'hypothalamus, ce qui entra\u00eene un ensemble de probl\u00e8mes interconnect\u00e9s connus sous le nom de <strong>syndrome hypothalamique<\/strong>. Cette pathologie peut inclure un d\u00e9ficit en arginine vasopressine (AVP-D), une ob\u00e9sit\u00e9 hypothalamique, une dysautonomie, des troubles cognitifs, des probl\u00e8mes de r\u00e9gulation de la temp\u00e9rature, des perturbations du sommeil, etc.<\/p>\n\n\n\n<h4 class=\"wp-block-heading\"><strong><a href=\"https:\/\/www.rawoodfoundation.org\/fr\/la-prise-en-charge-du-diabete-insipide\/\">D\u00e9ficit en arginine vasopressine (diab\u00e8te insipide)<\/a><\/strong><\/h4>\n\n\n\n<p>L'AVP-D est l'une des cons\u00e9quences les plus critiques et potentiellement dangereuses des l\u00e9sions hypothalamiques, en particulier lorsqu'elle est associ\u00e9e \u00e0 une alt\u00e9ration de la perception de la soif (adipsie). Pour aider les patients et leurs familles \u00e0 g\u00e9rer ce probl\u00e8me en toute s\u00e9curit\u00e9 \u00e0 la maison, RAWF met en place deux programmes innovants :<\/p>\n\n\n\n<ul class=\"wp-block-list\">\n<li><strong><a href=\"https:\/\/www.rawoodfoundation.org\/fr\/compteur-de-sodium\/\">Outil de surveillance du sodium \u00e0 domicile<\/a><\/strong><br>En cours de d\u00e9veloppement : Une solution simple et conviviale pour les soignants permettant de v\u00e9rifier le taux de sodium dans le sang en temps r\u00e9el, dans le but de r\u00e9duire les visites aux urgences et de fournir une alerte pr\u00e9coce en cas de d\u00e9s\u00e9quilibre.<\/li>\n\n\n\n<li><strong>Analyseur de sang portable pour les patients adipeux<\/strong><br>Pour les patients m\u00e9dicalement fragiles et fr\u00e9quemment hospitalis\u00e9s en raison d'une instabilit\u00e9 du taux de sodium, nous maintenons un programme de pr\u00eat limit\u00e9 d'analyseurs sanguins portables cliniques. Ces appareils permettent aux familles de contr\u00f4ler le taux de sodium \u00e0 domicile, sous la supervision d'un m\u00e9decin, afin de r\u00e9duire les visites aux urgences et d'am\u00e9liorer la s\u00e9curit\u00e9.<br><strong>Les cliniciens peuvent se renseigner sur l'acc\u00e8s des patients \u00e9ligibles en envoyant un courriel \u00e0 l'adresse suivante<\/strong><a> outreach@rawoodfoundation.org<\/a>.<\/li>\n<\/ul>\n\n\n\n<p>Ces programmes ont \u00e9t\u00e9 cr\u00e9\u00e9s en r\u00e9ponse directe aux besoins des soignants et sont guid\u00e9s par une collaboration clinique et des protocoles de s\u00e9curit\u00e9.<\/p>\n\n\n\n<h4 class=\"wp-block-heading\"><strong>Au-del\u00e0 de l'AVP-D : soutenir les effets plus larges du syndrome hypothalamique<\/strong><\/h4>\n\n\n\n<p>Le syndrome hypothalamique affecte plusieurs syst\u00e8mes corporels et n\u00e9cessite une prise en charge multidisciplinaire tout au long de la vie. RAWF s'efforce de :<\/p>\n\n\n\n<ul class=\"wp-block-list\">\n<li>Sensibiliser les cliniciens et les chercheurs \u00e0 l'ensemble des dysfonctionnements hypothalamiques<\/li>\n\n\n\n<li>Soutenir les familles en les informant sur la gestion de l'ob\u00e9sit\u00e9 hypothalamique, de la dysautonomie, des impacts cognitifs et de la sant\u00e9 \u00e9motionnelle.<\/li>\n\n\n\n<li>Faire progresser la recherche sur les besoins non satisfaits gr\u00e2ce \u00e0 notre <strong><a href=\"https:\/\/www.rawoodfoundation.org\/fr\/registre-des-patients\/\">Registre des patients<\/a><\/strong> et collaboration avec des experts mondiaux<\/li>\n\n\n\n<li>Plaider en faveur de la reconnaissance du syndrome hypothalamique en tant qu'affection distincte et finan\u00e7able.<\/li>\n<\/ul>\n\n\n\n<hr class=\"wp-block-separator has-alpha-channel-opacity\"\/>\n\n\n\n<h4 class=\"wp-block-heading\"><strong>Collaborer pour am\u00e9liorer la prise en charge \u00e0 long terme des survivants du craniopharyngiome<\/strong><\/h4>\n\n\n\n<p>RAWF soutient les patients sur l'ensemble du spectre de la survie en s'associant aux cliniciens et aux chercheurs pour am\u00e9liorer la compr\u00e9hension, les soins et la qualit\u00e9 de vie.<\/p>\n\n\n\n<p>Notre travail comprend<\/p>\n\n\n\n<ul class=\"wp-block-list\">\n<li><strong>\u00c9ducation et ressources<\/strong> sur la prise en charge de l'ob\u00e9sit\u00e9 hypothalamique, de l'insuffisance surr\u00e9nale, des impacts cognitifs et d'autres s\u00e9quelles du craniopharyngiome<\/li>\n\n\n\n<li><strong>Collaboration avec les fournisseurs et les chercheurs<\/strong> explorer les meilleures pratiques en mati\u00e8re de soins de longue dur\u00e9e et am\u00e9liorer la coordination des soins entre les sp\u00e9cialit\u00e9s<\/li>\n\n\n\n<li><strong>Soutien \u00e0 la recherche clinique et translationnelle<\/strong> qui vise \u00e0 d\u00e9finir le syndrome hypothalamique comme une entit\u00e9 clinique distincte<\/li>\n\n\n\n<li><strong>Collecte de donn\u00e9es dirig\u00e9e par le patient<\/strong> par le biais de la <a href=\"https:\/\/www.rawoodfoundation.org\/fr\/registre-des-patients\/\">Registre des patients atteints de tumeurs c\u00e9r\u00e9brales hypothalamo-hypophysaires <\/a>- saisir les r\u00e9sultats obtenus dans le monde r\u00e9el afin d'identifier les lacunes en mati\u00e8re de soins et d'\u00e9clairer la recherche future<\/li>\n<\/ul>\n\n\n\n<h2 class=\"wp-block-heading\"><\/h2>\n\n\n<div class=\"gb-container gb-container-5e323e25\">\n<div class=\"gb-container gb-container-92dcd411\">\n\n<p><strong>Nous sommes heureux de collaborer avec des prestataires de soins de sant\u00e9 qui partagent notre engagement<\/strong> pour r\u00e9pondre aux besoins complexes et permanents de cette communaut\u00e9. Veuillez nous envoyer un courriel \u00e0 l'adresse suivante<strong> &nbsp;<a href=\"mailto:outreach@rawoodfoundation.org\">outreach@rawoodfoundation.org<\/a><\/strong> pour se connecter.<\/p>\n\n<\/div>\n<\/div>\n\n\n<p><\/p>","protected":false},"excerpt":{"rendered":"<p>How We Support Your Craniopharyngioma Patients and Advance Research At the Raymond A. Wood Foundation, &#8230; <a title=\"Soutenir les soins aux patients\" class=\"read-more\" href=\"https:\/\/www.rawoodfoundation.org\/fr\/cp-clinicians\/\" aria-label=\"Read more about Supporting Patient Care\">Lire plus<\/a><\/p>","protected":false},"author":4,"featured_media":0,"parent":0,"menu_order":5,"comment_status":"closed","ping_status":"closed","template":"","meta":{"_acf_changed":false,"footnotes":""},"class_list":{"0":"post-18409","1":"page","2":"type-page","3":"status-publish","5":"no-featured-image-padding"},"acf":[],"yoast_head":"<!-- This site is optimized with the Yoast SEO plugin v27.3 - https:\/\/yoast.com\/product\/yoast-seo-wordpress\/ -->\n<title>Supporting Patient Care - Raymond A. Wood Foundation<\/title>\n<meta name=\"robots\" content=\"index, follow, max-snippet:-1, max-image-preview:large, max-video-preview:-1\" \/>\n<link rel=\"canonical\" href=\"https:\/\/www.rawoodfoundation.org\/fr\/cliniciens-du-cp\/\" \/>\n<meta property=\"og:locale\" content=\"fr_FR\" \/>\n<meta property=\"og:type\" content=\"article\" \/>\n<meta property=\"og:title\" content=\"Supporting Patient Care - Raymond A. Wood Foundation\" \/>\n<meta property=\"og:description\" content=\"How We Support Your Craniopharyngioma Patients and Advance Research At the Raymond A. Wood Foundation, ... Lire plus\" \/>\n<meta property=\"og:url\" content=\"https:\/\/www.rawoodfoundation.org\/fr\/cliniciens-du-cp\/\" \/>\n<meta property=\"og:site_name\" content=\"Raymond A. Wood Foundation\" \/>\n<meta property=\"article:publisher\" content=\"https:\/\/www.facebook.com\/rawoodfoundation\" \/>\n<meta property=\"article:modified_time\" content=\"2026-01-28T17:55:52+00:00\" \/>\n<meta property=\"og:image\" content=\"https:\/\/www.rawoodfoundation.org\/wp-content\/uploads\/2026\/01\/CMP_7121.jpg\" \/>\n\t<meta property=\"og:image:width\" content=\"1024\" \/>\n\t<meta property=\"og:image:height\" content=\"732\" \/>\n\t<meta property=\"og:image:type\" content=\"image\/jpeg\" \/>\n<meta name=\"twitter:card\" content=\"summary_large_image\" \/>\n<meta name=\"twitter:site\" content=\"@rawoodfound\" \/>\n<meta name=\"twitter:label1\" content=\"Est. reading time\" \/>\n\t<meta name=\"twitter:data1\" content=\"3 minutes\" \/>\n<script type=\"application\/ld+json\" class=\"yoast-schema-graph\">{\"@context\":\"https:\\\/\\\/schema.org\",\"@graph\":[{\"@type\":\"WebPage\",\"@id\":\"https:\\\/\\\/www.rawoodfoundation.org\\\/cp-clinicians\\\/\",\"url\":\"https:\\\/\\\/www.rawoodfoundation.org\\\/cp-clinicians\\\/\",\"name\":\"Supporting Patient Care - Raymond A. Wood Foundation\",\"isPartOf\":{\"@id\":\"https:\\\/\\\/www.rawoodfoundation.org\\\/#website\"},\"primaryImageOfPage\":{\"@id\":\"https:\\\/\\\/www.rawoodfoundation.org\\\/cp-clinicians\\\/#primaryimage\"},\"image\":{\"@id\":\"https:\\\/\\\/www.rawoodfoundation.org\\\/cp-clinicians\\\/#primaryimage\"},\"thumbnailUrl\":\"https:\\\/\\\/www.rawoodfoundation.org\\\/wp-content\\\/uploads\\\/2026\\\/01\\\/CMP_7121.jpg\",\"datePublished\":\"2026-01-28T15:45:15+00:00\",\"dateModified\":\"2026-01-28T17:55:52+00:00\",\"breadcrumb\":{\"@id\":\"https:\\\/\\\/www.rawoodfoundation.org\\\/cp-clinicians\\\/#breadcrumb\"},\"inLanguage\":\"fr-FR\",\"potentialAction\":[{\"@type\":\"ReadAction\",\"target\":[\"https:\\\/\\\/www.rawoodfoundation.org\\\/cp-clinicians\\\/\"]}]},{\"@type\":\"ImageObject\",\"inLanguage\":\"fr-FR\",\"@id\":\"https:\\\/\\\/www.rawoodfoundation.org\\\/cp-clinicians\\\/#primaryimage\",\"url\":\"https:\\\/\\\/www.rawoodfoundation.org\\\/wp-content\\\/uploads\\\/2026\\\/01\\\/CMP_7121.jpg\",\"contentUrl\":\"https:\\\/\\\/www.rawoodfoundation.org\\\/wp-content\\\/uploads\\\/2026\\\/01\\\/CMP_7121.jpg\"},{\"@type\":\"BreadcrumbList\",\"@id\":\"https:\\\/\\\/www.rawoodfoundation.org\\\/cp-clinicians\\\/#breadcrumb\",\"itemListElement\":[{\"@type\":\"ListItem\",\"position\":1,\"name\":\"Home\",\"item\":\"https:\\\/\\\/www.rawoodfoundation.org\\\/\"},{\"@type\":\"ListItem\",\"position\":2,\"name\":\"Supporting Patient Care\"}]},{\"@type\":\"WebSite\",\"@id\":\"https:\\\/\\\/www.rawoodfoundation.org\\\/#website\",\"url\":\"https:\\\/\\\/www.rawoodfoundation.org\\\/\",\"name\":\"Raymond A. Wood Foundation\",\"description\":\"The mission of the RAWF is to provide quality of life support for childhood brain tumor survivors and their families.\",\"publisher\":{\"@id\":\"https:\\\/\\\/www.rawoodfoundation.org\\\/#organization\"},\"potentialAction\":[{\"@type\":\"SearchAction\",\"target\":{\"@type\":\"EntryPoint\",\"urlTemplate\":\"https:\\\/\\\/www.rawoodfoundation.org\\\/?s={search_term_string}\"},\"query-input\":{\"@type\":\"PropertyValueSpecification\",\"valueRequired\":true,\"valueName\":\"search_term_string\"}}],\"inLanguage\":\"fr-FR\"},{\"@type\":\"Organization\",\"@id\":\"https:\\\/\\\/www.rawoodfoundation.org\\\/#organization\",\"name\":\"Raymond A. Wood Foundation\",\"url\":\"https:\\\/\\\/www.rawoodfoundation.org\\\/\",\"logo\":{\"@type\":\"ImageObject\",\"inLanguage\":\"fr-FR\",\"@id\":\"https:\\\/\\\/www.rawoodfoundation.org\\\/#\\\/schema\\\/logo\\\/image\\\/\",\"url\":\"https:\\\/\\\/www.rawoodfoundation.org\\\/wp-content\\\/uploads\\\/2023\\\/07\\\/Raymond-A-Wood-Foundation-logo.webp\",\"contentUrl\":\"https:\\\/\\\/www.rawoodfoundation.org\\\/wp-content\\\/uploads\\\/2023\\\/07\\\/Raymond-A-Wood-Foundation-logo.webp\",\"width\":470,\"height\":128,\"caption\":\"Raymond A. Wood Foundation\"},\"image\":{\"@id\":\"https:\\\/\\\/www.rawoodfoundation.org\\\/#\\\/schema\\\/logo\\\/image\\\/\"},\"sameAs\":[\"https:\\\/\\\/www.facebook.com\\\/rawoodfoundation\",\"https:\\\/\\\/x.com\\\/rawoodfound\"]}]}<\/script>\n<!-- \/ Yoast SEO plugin. -->","yoast_head_json":{"title":"Soutenir les soins aux patients - Raymond A. Wood Foundation","robots":{"index":"index","follow":"follow","max-snippet":"max-snippet:-1","max-image-preview":"max-image-preview:large","max-video-preview":"max-video-preview:-1"},"canonical":"https:\/\/www.rawoodfoundation.org\/fr\/cliniciens-du-cp\/","og_locale":"fr_FR","og_type":"article","og_title":"Supporting Patient Care - Raymond A. Wood Foundation","og_description":"How We Support Your Craniopharyngioma Patients and Advance Research At the Raymond A. Wood Foundation, ... Lire plus","og_url":"https:\/\/www.rawoodfoundation.org\/fr\/cliniciens-du-cp\/","og_site_name":"Raymond A. Wood Foundation","article_publisher":"https:\/\/www.facebook.com\/rawoodfoundation","article_modified_time":"2026-01-28T17:55:52+00:00","og_image":[{"width":1024,"height":732,"url":"https:\/\/www.rawoodfoundation.org\/wp-content\/uploads\/2026\/01\/CMP_7121.jpg","type":"image\/jpeg"}],"twitter_card":"summary_large_image","twitter_site":"@rawoodfound","twitter_misc":{"Est. reading time":"3 minutes"},"schema":{"@context":"https:\/\/schema.org","@graph":[{"@type":"WebPage","@id":"https:\/\/www.rawoodfoundation.org\/cp-clinicians\/","url":"https:\/\/www.rawoodfoundation.org\/cp-clinicians\/","name":"Soutenir les soins aux patients - Raymond A. Wood Foundation","isPartOf":{"@id":"https:\/\/www.rawoodfoundation.org\/#website"},"primaryImageOfPage":{"@id":"https:\/\/www.rawoodfoundation.org\/cp-clinicians\/#primaryimage"},"image":{"@id":"https:\/\/www.rawoodfoundation.org\/cp-clinicians\/#primaryimage"},"thumbnailUrl":"https:\/\/www.rawoodfoundation.org\/wp-content\/uploads\/2026\/01\/CMP_7121.jpg","datePublished":"2026-01-28T15:45:15+00:00","dateModified":"2026-01-28T17:55:52+00:00","breadcrumb":{"@id":"https:\/\/www.rawoodfoundation.org\/cp-clinicians\/#breadcrumb"},"inLanguage":"fr-FR","potentialAction":[{"@type":"ReadAction","target":["https:\/\/www.rawoodfoundation.org\/cp-clinicians\/"]}]},{"@type":"ImageObject","inLanguage":"fr-FR","@id":"https:\/\/www.rawoodfoundation.org\/cp-clinicians\/#primaryimage","url":"https:\/\/www.rawoodfoundation.org\/wp-content\/uploads\/2026\/01\/CMP_7121.jpg","contentUrl":"https:\/\/www.rawoodfoundation.org\/wp-content\/uploads\/2026\/01\/CMP_7121.jpg"},{"@type":"BreadcrumbList","@id":"https:\/\/www.rawoodfoundation.org\/cp-clinicians\/#breadcrumb","itemListElement":[{"@type":"ListItem","position":1,"name":"Home","item":"https:\/\/www.rawoodfoundation.org\/"},{"@type":"ListItem","position":2,"name":"Supporting Patient Care"}]},{"@type":"WebSite","@id":"https:\/\/www.rawoodfoundation.org\/#website","url":"https:\/\/www.rawoodfoundation.org\/","name":"Fondation Raymond A. Wood","description":"La mission de la RAWF est d'apporter un soutien \u00e0 la qualit\u00e9 de vie des survivants de tumeurs c\u00e9r\u00e9brales infantiles et de leurs familles.","publisher":{"@id":"https:\/\/www.rawoodfoundation.org\/#organization"},"potentialAction":[{"@type":"SearchAction","target":{"@type":"EntryPoint","urlTemplate":"https:\/\/www.rawoodfoundation.org\/?s={search_term_string}"},"query-input":{"@type":"PropertyValueSpecification","valueRequired":true,"valueName":"search_term_string"}}],"inLanguage":"fr-FR"},{"@type":"Organization","@id":"https:\/\/www.rawoodfoundation.org\/#organization","name":"Fondation Raymond A. Wood","url":"https:\/\/www.rawoodfoundation.org\/","logo":{"@type":"ImageObject","inLanguage":"fr-FR","@id":"https:\/\/www.rawoodfoundation.org\/#\/schema\/logo\/image\/","url":"https:\/\/www.rawoodfoundation.org\/wp-content\/uploads\/2023\/07\/Raymond-A-Wood-Foundation-logo.webp","contentUrl":"https:\/\/www.rawoodfoundation.org\/wp-content\/uploads\/2023\/07\/Raymond-A-Wood-Foundation-logo.webp","width":470,"height":128,"caption":"Raymond A. Wood Foundation"},"image":{"@id":"https:\/\/www.rawoodfoundation.org\/#\/schema\/logo\/image\/"},"sameAs":["https:\/\/www.facebook.com\/rawoodfoundation","https:\/\/x.com\/rawoodfound"]}]}},"_links":{"self":[{"href":"https:\/\/www.rawoodfoundation.org\/fr\/wp-json\/wp\/v2\/pages\/18409","targetHints":{"allow":["GET"]}}],"collection":[{"href":"https:\/\/www.rawoodfoundation.org\/fr\/wp-json\/wp\/v2\/pages"}],"about":[{"href":"https:\/\/www.rawoodfoundation.org\/fr\/wp-json\/wp\/v2\/types\/page"}],"author":[{"embeddable":true,"href":"https:\/\/www.rawoodfoundation.org\/fr\/wp-json\/wp\/v2\/users\/4"}],"replies":[{"embeddable":true,"href":"https:\/\/www.rawoodfoundation.org\/fr\/wp-json\/wp\/v2\/comments?post=18409"}],"version-history":[{"count":6,"href":"https:\/\/www.rawoodfoundation.org\/fr\/wp-json\/wp\/v2\/pages\/18409\/revisions"}],"predecessor-version":[{"id":18431,"href":"https:\/\/www.rawoodfoundation.org\/fr\/wp-json\/wp\/v2\/pages\/18409\/revisions\/18431"}],"wp:attachment":[{"href":"https:\/\/www.rawoodfoundation.org\/fr\/wp-json\/wp\/v2\/media?parent=18409"}],"curies":[{"name":"wp","href":"https:\/\/api.w.org\/{rel}","templated":true}]}}