{"id":18219,"date":"2026-01-14T19:57:23","date_gmt":"2026-01-14T19:57:23","guid":{"rendered":"https:\/\/www.rawoodfoundation.org\/?page_id=18219"},"modified":"2026-03-26T16:58:21","modified_gmt":"2026-03-26T16:58:21","slug":"obesite-hypothalamique-acquise","status":"publish","type":"page","link":"https:\/\/www.rawoodfoundation.org\/fr\/acquired-hypothalamic-obesity\/","title":{"rendered":"Ob\u00e9sit\u00e9 hypothalamique acquise"},"content":{"rendered":"<h2 class=\"wp-block-heading\">Une maladie qui m\u00e9rite reconnaissance, recherche et compassion<\/h2>\n\n\n\n<p><strong>Ob\u00e9sit\u00e9 hypothalamique acquise (HO)<\/strong> est une affection rare et grave qui peut se d\u00e9velopper apr\u00e8s une l\u00e9sion de l'hypothalamus, souvent due au traitement de tumeurs c\u00e9r\u00e9brales hypothalamo-hypophysaires telles que le craniopharyngiome. Elle entra\u00eene une prise de poids incontr\u00f4lable, une hyperphagie (faim constante), des pr\u00e9occupations alimentaires et toute une s\u00e9rie de difficult\u00e9s physiques, \u00e9motionnelles et sociales.<\/p>\n\n\n\n<p>La Raymond A. Wood Foundation s'engage \u00e0 soutenir les personnes touch\u00e9es par l'HO et \u00e0 collaborer avec les communaut\u00e9s m\u00e9dicales et de recherche pour faire \u00e9voluer la situation.<\/p>\n\n\n\n<hr class=\"wp-block-separator has-alpha-channel-opacity\"\/>\n\n\n<div class=\"gb-grid-wrapper gb-grid-wrapper-91ed64ac\">\n<div class=\"gb-grid-column gb-grid-column-cabdf6a6\"><div class=\"gb-container gb-container-cabdf6a6\">\n\n<h4 class=\"wp-block-heading\"><strong>Pour les patients et les soignants<\/strong><\/h4>\n\n\n\n<p>D\u00e9couvrez l'HO, comment nous soutenons les familles et quelles sont les ressources disponibles, qu'il s'agisse de groupes de soutien, de vid\u00e9os \u00e9ducatives, d'opportunit\u00e9s de recherche ou d'outils innovants.<br><a href=\"https:\/\/www.rawoodfoundation.org\/fr\/obesite-hypothalamique\/\">En savoir plus \"<\/a><\/p>\n\n<\/div><\/div>\n\n<div class=\"gb-grid-column gb-grid-column-f34b0285\"><div class=\"gb-container gb-container-f34b0285\">\n\n<h4 class=\"wp-block-heading\"><strong>Pour les cliniciens, les chercheurs et les partenaires industriels<\/strong><\/h4>\n\n\n\n<p>D\u00e9couvrez comment RAWF soutient la communaut\u00e9 de l'HO, acc\u00e9dez \u00e0 la recherche, d\u00e9couvrez notre registre mondial de patients et d\u00e9couvrez les possibilit\u00e9s de collaboration.<br><a href=\"https:\/\/www.rawoodfoundation.org\/fr\/collaboration-hypothalamique-sur-lobesite\/\">En savoir plus \"<\/a><\/p>\n\n<\/div><\/div>\n<\/div>\n\n\n<div class=\"wp-block-columns has-accent-blue-background-color has-background is-layout-flex wp-container-core-columns-is-layout-9d6595d7 wp-block-columns-is-layout-flex\">\n<div class=\"wp-block-column has-accent-blue-background-color has-background is-layout-flow wp-block-column-is-layout-flow\" style=\"flex-basis:66.66%\">\n<h4 class=\"wp-block-heading\">Restez en contact avec les actualit\u00e9s et les ressources de HO<\/h4>\n\n\n\n<p>Recevez chaque mois des informations sur les derni\u00e8res recherches, les \u00e9tudes en cours, les \u00e9v\u00e9nements \u00e9ducatifs et le soutien de la communaut\u00e9, directement dans votre bo\u00eete aux lettres \u00e9lectronique.<\/p>\n<\/div>\n\n\n\n<div class=\"wp-block-column is-layout-flow wp-block-column-is-layout-flow\" style=\"flex-basis:33.33%\">\n<script src=\"https:\/\/s3-us-west-2.amazonaws.com\/bloomerang-public-cdn\/raymondawoodfoundation\/.widget-js\/257020928.js\" type=\"text\/javascript\"><\/script>\n<\/div>\n<\/div>\n\n\n\n<hr class=\"wp-block-separator has-alpha-channel-opacity\"\/>\n\n\n\n<h3 class=\"wp-block-heading has-text-align-center\">L'ob\u00e9sit\u00e9 hypothalamique vue de plus pr\u00e8s<\/h3>\n\n\n\n<figure class=\"wp-block-embed is-type-video is-provider-youtube wp-block-embed-youtube wp-embed-aspect-16-9 wp-has-aspect-ratio\"><div class=\"wp-block-embed__wrapper\">\n<iframe title=\"Sensibilisation \u00e0 l&#039;ob\u00e9sit\u00e9 hypothalamique\" width=\"1200\" height=\"675\" src=\"https:\/\/www.youtube.com\/embed\/AVVjVKQB18I?feature=oembed&#038;enablejsapi=1&#038;origin=https:\/\/www.rawoodfoundation.org\" frameborder=\"0\" allow=\"accelerometer; autoplay; clipboard-write; encrypted-media; gyroscope; picture-in-picture; web-share\" referrerpolicy=\"strict-origin-when-cross-origin\" allowfullscreen><\/iframe>\n<\/div><\/figure>\n\n\n\n<div style=\"height:43px\" aria-hidden=\"true\" class=\"wp-block-spacer\"><\/div>\n\n\n\n<div class=\"wp-block-columns is-layout-flex wp-container-core-columns-is-layout-9d6595d7 wp-block-columns-is-layout-flex\">\n<div class=\"wp-block-column is-layout-flow wp-block-column-is-layout-flow\"><div class=\"gb-container gb-container-a83858ef clickable-container\">\n\n<h5 class=\"gb-headline gb-headline-83ff5696 round-icon\"><span class=\"gb-icon\"><svg aria-hidden=\"true\" role=\"img\" height=\"1em\" width=\"1em\" viewbox=\"0 0 256 512\" xmlns=\"http:\/\/www.w3.org\/2000\/svg\"><path fill=\"currentColor\" d=\"M224.3 273l-136 136c-9.4 9.4-24.6 9.4-33.9 0l-22.6-22.6c-9.4-9.4-9.4-24.6 0-33.9l96.4-96.4-96.4-96.4c-9.4-9.4-9.4-24.6 0-33.9L54.3 103c9.4-9.4 24.6-9.4 33.9 0l136 136c9.5 9.4 9.5 24.6.1 34z\"><\/path><\/svg><\/span><span class=\"gb-headline-text\"><a href=\"https:\/\/www.rawoodfoundation.org\/fr\/evenements\/\">Groupes de soutien<\/a><\/span><\/h5>\n\n<\/div><\/div>\n\n\n\n<div class=\"wp-block-column is-layout-flow wp-block-column-is-layout-flow\"><div class=\"gb-container gb-container-c65b9708 clickable-container\">\n\n<h5 class=\"gb-headline gb-headline-2aee17b1 round-icon\"><span class=\"gb-icon\"><svg aria-hidden=\"true\" role=\"img\" height=\"1em\" width=\"1em\" viewbox=\"0 0 256 512\" xmlns=\"http:\/\/www.w3.org\/2000\/svg\"><path fill=\"currentColor\" d=\"M224.3 273l-136 136c-9.4 9.4-24.6 9.4-33.9 0l-22.6-22.6c-9.4-9.4-9.4-24.6 0-33.9l96.4-96.4-96.4-96.4c-9.4-9.4-9.4-24.6 0-33.9L54.3 103c9.4-9.4 24.6-9.4 33.9 0l136 136c9.5 9.4 9.5 24.6.1 34z\"><\/path><\/svg><\/span><span class=\"gb-headline-text\"><a href=\"https:\/\/www.rawoodfoundation.org\/fr\/essais-cliniques\/\">Recherche d'essais cliniques<\/a><\/span><\/h5>\n\n<\/div><\/div>\n\n\n\n<div class=\"wp-block-column is-layout-flow wp-block-column-is-layout-flow\"><div class=\"gb-container gb-container-3430f7bc clickable-container\">\n\n<h5 class=\"gb-headline gb-headline-fa56953d round-icon\"><span class=\"gb-icon\"><svg aria-hidden=\"true\" role=\"img\" height=\"1em\" width=\"1em\" viewbox=\"0 0 256 512\" xmlns=\"http:\/\/www.w3.org\/2000\/svg\"><path fill=\"currentColor\" d=\"M224.3 273l-136 136c-9.4 9.4-24.6 9.4-33.9 0l-22.6-22.6c-9.4-9.4-9.4-24.6 0-33.9l96.4-96.4-96.4-96.4c-9.4-9.4-9.4-24.6 0-33.9L54.3 103c9.4-9.4 24.6-9.4 33.9 0l136 136c9.5 9.4 9.5 24.6.1 34z\"><\/path><\/svg><\/span><span class=\"gb-headline-text\"><a href=\"https:\/\/www.rawoodfoundation.org\/wp-content\/uploads\/2023\/07\/physician-finder.jpg\">Recherche de m\u00e9decins<\/a><\/span><\/h5>\n\n<\/div><\/div>\n<\/div>\n\n\n\n<hr class=\"wp-block-separator has-alpha-channel-opacity\"\/>\n\n\n<div class=\"gb-container gb-container-b0faa0a2\">\n\n<div class=\"wp-block-columns is-layout-flex wp-container-core-columns-is-layout-9d6595d7 wp-block-columns-is-layout-flex\">\n<div class=\"wp-block-column is-layout-flow wp-block-column-is-layout-flow\" style=\"flex-basis:33.33%\"><div class=\"gb-container gb-container-254db55e\">\n\n<figure class=\"wp-block-image size-full\"><img decoding=\"async\" width=\"302\" height=\"407\" src=\"https:\/\/www.rawoodfoundation.org\/wp-content\/uploads\/2024\/07\/jake.png\" alt=\"\" class=\"wp-image-9298\" srcset=\"https:\/\/www.rawoodfoundation.org\/wp-content\/uploads\/2024\/07\/jake.png 302w, https:\/\/www.rawoodfoundation.org\/wp-content\/uploads\/2024\/07\/jake-223x300.png 223w, https:\/\/www.rawoodfoundation.org\/wp-content\/uploads\/2024\/07\/jake-9x12.png 9w\" sizes=\"(max-width: 302px) 100vw, 302px\" \/><\/figure>\n\n<\/div><\/div>\n\n\n\n<div class=\"wp-block-column is-layout-flow wp-block-column-is-layout-flow\" style=\"flex-basis:66.66%\"><div class=\"gb-container gb-container-2c4590e8\">\n\n<h4 class=\"gb-headline gb-headline-094bad58 gb-headline-text\">Rejoignez notre registre de patients <\/h4>\n\n\n\n<p class=\"gb-headline gb-headline-33254764 gb-headline-text\">Votre voix est essentielle pour relever les d\u00e9fis de l'ob\u00e9sit\u00e9 hypothalamique et de l'hyperphagie ! Rejoignez-nous pour fa\u00e7onner l'avenir de la recherche en vous inscrivant au registre des patients atteints de tumeurs c\u00e9r\u00e9brales hypothalamiques et hypophysaires. Votre participation, \u00e0 votre propre rythme, apportera des informations pr\u00e9cieuses pour mieux comprendre et traiter ces maladies.<\/p>\n\n\n\n<p class=\"gb-headline gb-headline-52423adb round-icon\"><span class=\"gb-icon\"><svg aria-hidden=\"true\" role=\"img\" height=\"1em\" width=\"1em\" viewbox=\"0 0 256 512\" xmlns=\"http:\/\/www.w3.org\/2000\/svg\"><path fill=\"currentColor\" d=\"M224.3 273l-136 136c-9.4 9.4-24.6 9.4-33.9 0l-22.6-22.6c-9.4-9.4-9.4-24.6 0-33.9l96.4-96.4-96.4-96.4c-9.4-9.4-9.4-24.6 0-33.9L54.3 103c9.4-9.4 24.6-9.4 33.9 0l136 136c9.5 9.4 9.5 24.6.1 34z\"><\/path><\/svg><\/span><span class=\"gb-headline-text\"><a href=\"https:\/\/www.rawoodfoundation.org\/fr\/registre-des-tumeurs\/\">En savoir plus<\/a><\/span><\/p>\n\n<\/div>\n\n\n<figure class=\"wp-block-image size-large is-resized\"><img decoding=\"async\" width=\"1024\" height=\"192\" src=\"https:\/\/www.rawoodfoundation.org\/wp-content\/uploads\/2024\/07\/logoFinal-1024x192.png\" alt=\"\" class=\"wp-image-9299\" style=\"width:447px;height:auto\" srcset=\"https:\/\/www.rawoodfoundation.org\/wp-content\/uploads\/2024\/07\/logoFinal-1024x192.png 1024w, https:\/\/www.rawoodfoundation.org\/wp-content\/uploads\/2024\/07\/logoFinal-300x56.png 300w, https:\/\/www.rawoodfoundation.org\/wp-content\/uploads\/2024\/07\/logoFinal-768x144.png 768w, https:\/\/www.rawoodfoundation.org\/wp-content\/uploads\/2024\/07\/logoFinal-18x3.png 18w, https:\/\/www.rawoodfoundation.org\/wp-content\/uploads\/2024\/07\/logoFinal.png 1485w\" sizes=\"(max-width: 1024px) 100vw, 1024px\" \/><\/figure>\n<\/div>\n\n\n\n<div class=\"wp-block-column is-layout-flow wp-block-column-is-layout-flow\"><\/div>\n<\/div>\n\n<\/div>","protected":false},"excerpt":{"rendered":"<p>A Condition That Deserves Recognition, Research, and Compassion Acquired hypothalamic obesity (HO) is a rare &#8230; <a title=\"Ob\u00e9sit\u00e9 hypothalamique acquise\" class=\"read-more\" href=\"https:\/\/www.rawoodfoundation.org\/fr\/acquired-hypothalamic-obesity\/\" aria-label=\"Read more about Acquired Hypothalamic Obesity\">Lire plus<\/a><\/p>","protected":false},"author":4,"featured_media":0,"parent":0,"menu_order":7,"comment_status":"closed","ping_status":"closed","template":"","meta":{"_acf_changed":false,"footnotes":""},"class_list":{"0":"post-18219","1":"page","2":"type-page","3":"status-publish","5":"no-featured-image-padding"},"acf":[],"yoast_head":"<!-- This site is optimized with the Yoast SEO plugin v27.3 - https:\/\/yoast.com\/product\/yoast-seo-wordpress\/ -->\n<title>Acquired Hypothalamic Obesity - Raymond A. Wood Foundation<\/title>\n<meta name=\"robots\" content=\"index, follow, max-snippet:-1, max-image-preview:large, max-video-preview:-1\" \/>\n<link rel=\"canonical\" href=\"https:\/\/www.rawoodfoundation.org\/fr\/obesite-hypothalamique-acquise\/\" \/>\n<meta property=\"og:locale\" content=\"fr_FR\" \/>\n<meta property=\"og:type\" content=\"article\" \/>\n<meta property=\"og:title\" content=\"Acquired Hypothalamic Obesity - Raymond A. Wood Foundation\" \/>\n<meta property=\"og:description\" content=\"A Condition That Deserves Recognition, Research, and Compassion Acquired hypothalamic obesity (HO) is a rare ... Lire plus\" \/>\n<meta property=\"og:url\" content=\"https:\/\/www.rawoodfoundation.org\/fr\/obesite-hypothalamique-acquise\/\" \/>\n<meta property=\"og:site_name\" content=\"Raymond A. Wood Foundation\" \/>\n<meta property=\"article:publisher\" content=\"https:\/\/www.facebook.com\/rawoodfoundation\" \/>\n<meta property=\"article:modified_time\" content=\"2026-03-26T16:58:21+00:00\" \/>\n<meta property=\"og:image\" content=\"https:\/\/www.rawoodfoundation.org\/wp-content\/uploads\/2024\/07\/jake.png\" \/>\n\t<meta property=\"og:image:width\" content=\"302\" \/>\n\t<meta property=\"og:image:height\" content=\"407\" \/>\n\t<meta property=\"og:image:type\" content=\"image\/png\" \/>\n<meta name=\"twitter:card\" content=\"summary_large_image\" \/>\n<meta name=\"twitter:site\" content=\"@rawoodfound\" \/>\n<meta name=\"twitter:label1\" content=\"Est. reading time\" \/>\n\t<meta name=\"twitter:data1\" content=\"2 minutes\" \/>\n<script type=\"application\/ld+json\" class=\"yoast-schema-graph\">{\"@context\":\"https:\\\/\\\/schema.org\",\"@graph\":[{\"@type\":\"WebPage\",\"@id\":\"https:\\\/\\\/www.rawoodfoundation.org\\\/acquired-hypothalamic-obesity\\\/\",\"url\":\"https:\\\/\\\/www.rawoodfoundation.org\\\/acquired-hypothalamic-obesity\\\/\",\"name\":\"Acquired Hypothalamic Obesity - Raymond A. Wood Foundation\",\"isPartOf\":{\"@id\":\"https:\\\/\\\/www.rawoodfoundation.org\\\/#website\"},\"primaryImageOfPage\":{\"@id\":\"https:\\\/\\\/www.rawoodfoundation.org\\\/acquired-hypothalamic-obesity\\\/#primaryimage\"},\"image\":{\"@id\":\"https:\\\/\\\/www.rawoodfoundation.org\\\/acquired-hypothalamic-obesity\\\/#primaryimage\"},\"thumbnailUrl\":\"https:\\\/\\\/www.rawoodfoundation.org\\\/wp-content\\\/uploads\\\/2024\\\/07\\\/jake.png\",\"datePublished\":\"2026-01-14T19:57:23+00:00\",\"dateModified\":\"2026-03-26T16:58:21+00:00\",\"breadcrumb\":{\"@id\":\"https:\\\/\\\/www.rawoodfoundation.org\\\/acquired-hypothalamic-obesity\\\/#breadcrumb\"},\"inLanguage\":\"fr-FR\",\"potentialAction\":[{\"@type\":\"ReadAction\",\"target\":[\"https:\\\/\\\/www.rawoodfoundation.org\\\/acquired-hypothalamic-obesity\\\/\"]}]},{\"@type\":\"ImageObject\",\"inLanguage\":\"fr-FR\",\"@id\":\"https:\\\/\\\/www.rawoodfoundation.org\\\/acquired-hypothalamic-obesity\\\/#primaryimage\",\"url\":\"https:\\\/\\\/www.rawoodfoundation.org\\\/wp-content\\\/uploads\\\/2024\\\/07\\\/jake.png\",\"contentUrl\":\"https:\\\/\\\/www.rawoodfoundation.org\\\/wp-content\\\/uploads\\\/2024\\\/07\\\/jake.png\"},{\"@type\":\"BreadcrumbList\",\"@id\":\"https:\\\/\\\/www.rawoodfoundation.org\\\/acquired-hypothalamic-obesity\\\/#breadcrumb\",\"itemListElement\":[{\"@type\":\"ListItem\",\"position\":1,\"name\":\"Home\",\"item\":\"https:\\\/\\\/www.rawoodfoundation.org\\\/\"},{\"@type\":\"ListItem\",\"position\":2,\"name\":\"Acquired Hypothalamic Obesity\"}]},{\"@type\":\"WebSite\",\"@id\":\"https:\\\/\\\/www.rawoodfoundation.org\\\/#website\",\"url\":\"https:\\\/\\\/www.rawoodfoundation.org\\\/\",\"name\":\"Raymond A. Wood Foundation\",\"description\":\"The mission of the RAWF is to provide quality of life support for childhood brain tumor survivors and their families.\",\"publisher\":{\"@id\":\"https:\\\/\\\/www.rawoodfoundation.org\\\/#organization\"},\"potentialAction\":[{\"@type\":\"SearchAction\",\"target\":{\"@type\":\"EntryPoint\",\"urlTemplate\":\"https:\\\/\\\/www.rawoodfoundation.org\\\/?s={search_term_string}\"},\"query-input\":{\"@type\":\"PropertyValueSpecification\",\"valueRequired\":true,\"valueName\":\"search_term_string\"}}],\"inLanguage\":\"fr-FR\"},{\"@type\":\"Organization\",\"@id\":\"https:\\\/\\\/www.rawoodfoundation.org\\\/#organization\",\"name\":\"Raymond A. Wood Foundation\",\"url\":\"https:\\\/\\\/www.rawoodfoundation.org\\\/\",\"logo\":{\"@type\":\"ImageObject\",\"inLanguage\":\"fr-FR\",\"@id\":\"https:\\\/\\\/www.rawoodfoundation.org\\\/#\\\/schema\\\/logo\\\/image\\\/\",\"url\":\"https:\\\/\\\/www.rawoodfoundation.org\\\/wp-content\\\/uploads\\\/2023\\\/07\\\/Raymond-A-Wood-Foundation-logo.webp\",\"contentUrl\":\"https:\\\/\\\/www.rawoodfoundation.org\\\/wp-content\\\/uploads\\\/2023\\\/07\\\/Raymond-A-Wood-Foundation-logo.webp\",\"width\":470,\"height\":128,\"caption\":\"Raymond A. Wood Foundation\"},\"image\":{\"@id\":\"https:\\\/\\\/www.rawoodfoundation.org\\\/#\\\/schema\\\/logo\\\/image\\\/\"},\"sameAs\":[\"https:\\\/\\\/www.facebook.com\\\/rawoodfoundation\",\"https:\\\/\\\/x.com\\\/rawoodfound\"]}]}<\/script>\n<!-- \/ Yoast SEO plugin. -->","yoast_head_json":{"title":"Ob\u00e9sit\u00e9 hypothalamique acquise - Fondation Raymond A. Wood","robots":{"index":"index","follow":"follow","max-snippet":"max-snippet:-1","max-image-preview":"max-image-preview:large","max-video-preview":"max-video-preview:-1"},"canonical":"https:\/\/www.rawoodfoundation.org\/fr\/obesite-hypothalamique-acquise\/","og_locale":"fr_FR","og_type":"article","og_title":"Acquired Hypothalamic Obesity - Raymond A. Wood Foundation","og_description":"A Condition That Deserves Recognition, Research, and Compassion Acquired hypothalamic obesity (HO) is a rare ... Lire plus","og_url":"https:\/\/www.rawoodfoundation.org\/fr\/obesite-hypothalamique-acquise\/","og_site_name":"Raymond A. Wood Foundation","article_publisher":"https:\/\/www.facebook.com\/rawoodfoundation","article_modified_time":"2026-03-26T16:58:21+00:00","og_image":[{"width":302,"height":407,"url":"https:\/\/www.rawoodfoundation.org\/wp-content\/uploads\/2024\/07\/jake.png","type":"image\/png"}],"twitter_card":"summary_large_image","twitter_site":"@rawoodfound","twitter_misc":{"Est. reading time":"2 minutes"},"schema":{"@context":"https:\/\/schema.org","@graph":[{"@type":"WebPage","@id":"https:\/\/www.rawoodfoundation.org\/acquired-hypothalamic-obesity\/","url":"https:\/\/www.rawoodfoundation.org\/acquired-hypothalamic-obesity\/","name":"Ob\u00e9sit\u00e9 hypothalamique acquise - Fondation Raymond A. Wood","isPartOf":{"@id":"https:\/\/www.rawoodfoundation.org\/#website"},"primaryImageOfPage":{"@id":"https:\/\/www.rawoodfoundation.org\/acquired-hypothalamic-obesity\/#primaryimage"},"image":{"@id":"https:\/\/www.rawoodfoundation.org\/acquired-hypothalamic-obesity\/#primaryimage"},"thumbnailUrl":"https:\/\/www.rawoodfoundation.org\/wp-content\/uploads\/2024\/07\/jake.png","datePublished":"2026-01-14T19:57:23+00:00","dateModified":"2026-03-26T16:58:21+00:00","breadcrumb":{"@id":"https:\/\/www.rawoodfoundation.org\/acquired-hypothalamic-obesity\/#breadcrumb"},"inLanguage":"fr-FR","potentialAction":[{"@type":"ReadAction","target":["https:\/\/www.rawoodfoundation.org\/acquired-hypothalamic-obesity\/"]}]},{"@type":"ImageObject","inLanguage":"fr-FR","@id":"https:\/\/www.rawoodfoundation.org\/acquired-hypothalamic-obesity\/#primaryimage","url":"https:\/\/www.rawoodfoundation.org\/wp-content\/uploads\/2024\/07\/jake.png","contentUrl":"https:\/\/www.rawoodfoundation.org\/wp-content\/uploads\/2024\/07\/jake.png"},{"@type":"BreadcrumbList","@id":"https:\/\/www.rawoodfoundation.org\/acquired-hypothalamic-obesity\/#breadcrumb","itemListElement":[{"@type":"ListItem","position":1,"name":"Home","item":"https:\/\/www.rawoodfoundation.org\/"},{"@type":"ListItem","position":2,"name":"Acquired Hypothalamic Obesity"}]},{"@type":"WebSite","@id":"https:\/\/www.rawoodfoundation.org\/#website","url":"https:\/\/www.rawoodfoundation.org\/","name":"Fondation Raymond A. Wood","description":"La mission de la RAWF est d'apporter un soutien \u00e0 la qualit\u00e9 de vie des survivants de tumeurs c\u00e9r\u00e9brales infantiles et de leurs familles.","publisher":{"@id":"https:\/\/www.rawoodfoundation.org\/#organization"},"potentialAction":[{"@type":"SearchAction","target":{"@type":"EntryPoint","urlTemplate":"https:\/\/www.rawoodfoundation.org\/?s={search_term_string}"},"query-input":{"@type":"PropertyValueSpecification","valueRequired":true,"valueName":"search_term_string"}}],"inLanguage":"fr-FR"},{"@type":"Organization","@id":"https:\/\/www.rawoodfoundation.org\/#organization","name":"Fondation Raymond A. Wood","url":"https:\/\/www.rawoodfoundation.org\/","logo":{"@type":"ImageObject","inLanguage":"fr-FR","@id":"https:\/\/www.rawoodfoundation.org\/#\/schema\/logo\/image\/","url":"https:\/\/www.rawoodfoundation.org\/wp-content\/uploads\/2023\/07\/Raymond-A-Wood-Foundation-logo.webp","contentUrl":"https:\/\/www.rawoodfoundation.org\/wp-content\/uploads\/2023\/07\/Raymond-A-Wood-Foundation-logo.webp","width":470,"height":128,"caption":"Raymond A. Wood Foundation"},"image":{"@id":"https:\/\/www.rawoodfoundation.org\/#\/schema\/logo\/image\/"},"sameAs":["https:\/\/www.facebook.com\/rawoodfoundation","https:\/\/x.com\/rawoodfound"]}]}},"_links":{"self":[{"href":"https:\/\/www.rawoodfoundation.org\/fr\/wp-json\/wp\/v2\/pages\/18219","targetHints":{"allow":["GET"]}}],"collection":[{"href":"https:\/\/www.rawoodfoundation.org\/fr\/wp-json\/wp\/v2\/pages"}],"about":[{"href":"https:\/\/www.rawoodfoundation.org\/fr\/wp-json\/wp\/v2\/types\/page"}],"author":[{"embeddable":true,"href":"https:\/\/www.rawoodfoundation.org\/fr\/wp-json\/wp\/v2\/users\/4"}],"replies":[{"embeddable":true,"href":"https:\/\/www.rawoodfoundation.org\/fr\/wp-json\/wp\/v2\/comments?post=18219"}],"version-history":[{"count":6,"href":"https:\/\/www.rawoodfoundation.org\/fr\/wp-json\/wp\/v2\/pages\/18219\/revisions"}],"predecessor-version":[{"id":19362,"href":"https:\/\/www.rawoodfoundation.org\/fr\/wp-json\/wp\/v2\/pages\/18219\/revisions\/19362"}],"wp:attachment":[{"href":"https:\/\/www.rawoodfoundation.org\/fr\/wp-json\/wp\/v2\/media?parent=18219"}],"curies":[{"name":"wp","href":"https:\/\/api.w.org\/{rel}","templated":true}]}}