{"id":16214,"date":"2025-09-04T14:19:05","date_gmt":"2025-09-04T14:19:05","guid":{"rendered":"https:\/\/www.rawoodfoundation.org\/?page_id=16214"},"modified":"2025-12-23T05:00:31","modified_gmt":"2025-12-23T05:00:31","slug":"page-daccueil","status":"publish","type":"page","link":"https:\/\/www.rawoodfoundation.org\/fr\/ho-page\/","title":{"rendered":"Page HO"},"content":{"rendered":"<div class=\"gb-container gb-container-6bc116de\">\n<div class=\"gb-container gb-container-a6b404a8\">\n\n<figure class=\"gb-block-image gb-block-image-578a4b1b\"><img decoding=\"async\" class=\"gb-image gb-image-578a4b1b\" src=\"https:\/\/patterns.generateblocks.com\/wp-content\/uploads\/2023\/08\/placeholder800x.png\" alt=\"\" title=\"placeholder800x\"\/><\/figure>\n\n<\/div>\n\n<div class=\"gb-container gb-container-ffeeb126\">\n\n<div class=\"gb-headline gb-headline-f05fb3ae gb-headline-text\">Nom<\/div>\n\n\n\n<div class=\"gb-headline gb-headline-c7268c35 gb-headline-text\">Titre du poste<\/div>\n\n\n\n<div class=\"gb-headline gb-headline-f994e0ca gb-headline-text\">Lorem ipsum dolor sit amet, consectetur adipiscing elit. Suspendisse varius enim in eros elementum tristique. Duis cursus, mi quis viverra ornare, eros dolor interdum nulla, ut commodo diam libero vitae erat.<\/div>\n\n\n<div class=\"gb-container gb-container-27c4c00f\">\n\n<span class=\"gb-button gb-button-0d254f0f\"><span class=\"gb-icon\"><svg aria-hidden=\"true\" role=\"img\" height=\"1em\" width=\"1em\" viewbox=\"0 0 320 512\" xmlns=\"http:\/\/www.w3.org\/2000\/svg\"><path fill=\"currentColor\" d=\"M279.14 288l14.22-92.66h-88.91v-60.13c0-25.35 12.42-50.06 52.24-50.06h40.42V6.26S260.43 0 225.36 0c-73.22 0-121.08 44.38-121.08 124.72v70.62H22.89V288h81.39v224h100.17V288z\"><\/path><\/svg><\/span><\/span>\n\n\n\n<span class=\"gb-button gb-button-67270639\"><span class=\"gb-icon\"><svg aria-hidden=\"true\" role=\"img\" height=\"1em\" width=\"1em\" viewbox=\"0 0 448 512\" xmlns=\"http:\/\/www.w3.org\/2000\/svg\"><path fill=\"currentColor\" d=\"M224.1 141c-63.6 0-114.9 51.3-114.9 114.9s51.3 114.9 114.9 114.9S339 319.5 339 255.9 287.7 141 224.1 141zm0 189.6c-41.1 0-74.7-33.5-74.7-74.7s33.5-74.7 74.7-74.7 74.7 33.5 74.7 74.7-33.6 74.7-74.7 74.7zm146.4-194.3c0 14.9-12 26.8-26.8 26.8-14.9 0-26.8-12-26.8-26.8s12-26.8 26.8-26.8 26.8 12 26.8 26.8zm76.1 27.2c-1.7-35.9-9.9-67.7-36.2-93.9-26.2-26.2-58-34.4-93.9-36.2-37-2.1-147.9-2.1-184.9 0-35.8 1.7-67.6 9.9-93.9 36.1s-34.4 58-36.2 93.9c-2.1 37-2.1 147.9 0 184.9 1.7 35.9 9.9 67.7 36.2 93.9s58 34.4 93.9 36.2c37 2.1 147.9 2.1 184.9 0 35.9-1.7 67.7-9.9 93.9-36.2 26.2-26.2 34.4-58 36.2-93.9 2.1-37 2.1-147.8 0-184.8zM398.8 388c-7.8 19.6-22.9 34.7-42.6 42.6-29.5 11.7-99.5 9-132.1 9s-102.7 2.6-132.1-9c-19.6-7.8-34.7-22.9-42.6-42.6-11.7-29.5-9-99.5-9-132.1s-2.6-102.7 9-132.1c7.8-19.6 22.9-34.7 42.6-42.6 29.5-11.7 99.5-9 132.1-9s102.7-2.6 132.1 9c19.6 7.8 34.7 22.9 42.6 42.6 11.7 29.5 9 99.5 9 132.1s2.7 102.7-9 132.1z\"><\/path><\/svg><\/span><\/span>\n\n\n\n<span class=\"gb-button gb-button-382e8c5f\"><span class=\"gb-icon\"><svg aria-hidden=\"true\" role=\"img\" height=\"1em\" width=\"1em\" viewbox=\"0 0 512 512\" xmlns=\"http:\/\/www.w3.org\/2000\/svg\"><path fill=\"currentColor\" d=\"M459.37 151.716c.325 4.548.325 9.097.325 13.645 0 138.72-105.583 298.558-298.558 298.558-59.452 0-114.68-17.219-161.137-47.106 8.447.974 16.568 1.299 25.34 1.299 49.055 0 94.213-16.568 130.274-44.832-46.132-.975-84.792-31.188-98.112-72.772 6.498.974 12.995 1.624 19.818 1.624 9.421 0 18.843-1.3 27.614-3.573-48.081-9.747-84.143-51.98-84.143-102.985v-1.299c13.969 7.797 30.214 12.67 47.431 13.319-28.264-18.843-46.781-51.005-46.781-87.391 0-19.492 5.197-37.36 14.294-52.954 51.655 63.675 129.3 105.258 216.365 109.807-1.624-7.797-2.599-15.918-2.599-24.04 0-57.828 46.782-104.934 104.934-104.934 30.213 0 57.502 12.67 76.67 33.137 23.715-4.548 46.456-13.32 66.599-25.34-7.798 24.366-24.366 44.833-46.132 57.827 21.117-2.273 41.584-8.122 60.426-16.243-14.292 20.791-32.161 39.308-52.628 54.253z\"><\/path><\/svg><\/span><\/span>\n\n\n\n<span class=\"gb-button gb-button-60659aba\"><span class=\"gb-icon\"><svg aria-hidden=\"true\" role=\"img\" height=\"1em\" width=\"1em\" viewbox=\"0 0 448 512\" xmlns=\"http:\/\/www.w3.org\/2000\/svg\"><path fill=\"currentColor\" d=\"M100.28 448H7.4V148.9h92.88zM53.79 108.1C24.09 108.1 0 83.5 0 53.8a53.79 53.79 0 0 1 107.58 0c0 29.7-24.1 54.3-53.79 54.3zM447.9 448h-92.68V302.4c0-34.7-.7-79.2-48.29-79.2-48.29 0-55.69 37.7-55.69 76.7V448h-92.78V148.9h89.08v40.8h1.3c12.4-23.5 42.69-48.3 87.88-48.3 94 0 111.28 61.9 111.28 142.3V448z\"><\/path><\/svg><\/span><\/span>\n\n<\/div>\n<\/div>\n<\/div>","protected":false},"excerpt":{"rendered":"<p>Name Job Title Lorem ipsum dolor sit amet, consectetur adipiscing elit. Suspendisse varius enim in &#8230; <a title=\"Page HO\" class=\"read-more\" href=\"https:\/\/www.rawoodfoundation.org\/fr\/ho-page\/\" aria-label=\"Read more about HO Page\">Lire plus<\/a><\/p>","protected":false},"author":4,"featured_media":0,"parent":0,"menu_order":10,"comment_status":"closed","ping_status":"closed","template":"","meta":{"_acf_changed":false,"footnotes":""},"class_list":{"0":"post-16214","1":"page","2":"type-page","3":"status-publish","5":"no-featured-image-padding"},"acf":[],"yoast_head":"<!-- This site is optimized with the Yoast SEO plugin v27.3 - https:\/\/yoast.com\/product\/yoast-seo-wordpress\/ -->\n<title>HO Page - Raymond A. Wood Foundation<\/title>\n<meta name=\"robots\" content=\"noindex, nofollow\" \/>\n<meta property=\"og:locale\" content=\"fr_FR\" \/>\n<meta property=\"og:type\" content=\"article\" \/>\n<meta property=\"og:title\" content=\"HO Page - Raymond A. Wood Foundation\" \/>\n<meta property=\"og:description\" content=\"Name Job Title Lorem ipsum dolor sit amet, consectetur adipiscing elit. Suspendisse varius enim in ... Lire plus\" \/>\n<meta property=\"og:url\" content=\"https:\/\/www.rawoodfoundation.org\/fr\/page-daccueil\/\" \/>\n<meta property=\"og:site_name\" content=\"Raymond A. Wood Foundation\" \/>\n<meta property=\"article:publisher\" content=\"https:\/\/www.facebook.com\/rawoodfoundation\" \/>\n<meta property=\"article:modified_time\" content=\"2025-12-23T05:00:31+00:00\" \/>\n<meta property=\"og:image\" content=\"https:\/\/patterns.generateblocks.com\/wp-content\/uploads\/2023\/08\/placeholder800x.png\" \/>\n<meta name=\"twitter:card\" content=\"summary_large_image\" \/>\n<meta name=\"twitter:site\" content=\"@rawoodfound\" \/>\n<meta name=\"twitter:label1\" content=\"Est. reading time\" \/>\n\t<meta name=\"twitter:data1\" content=\"1 minute\" \/>\n<script type=\"application\/ld+json\" class=\"yoast-schema-graph\">{\"@context\":\"https:\\\/\\\/schema.org\",\"@graph\":[{\"@type\":\"WebPage\",\"@id\":\"https:\\\/\\\/www.rawoodfoundation.org\\\/ho-page\\\/\",\"url\":\"https:\\\/\\\/www.rawoodfoundation.org\\\/ho-page\\\/\",\"name\":\"HO Page - Raymond A. Wood Foundation\",\"isPartOf\":{\"@id\":\"https:\\\/\\\/www.rawoodfoundation.org\\\/#website\"},\"primaryImageOfPage\":{\"@id\":\"https:\\\/\\\/www.rawoodfoundation.org\\\/ho-page\\\/#primaryimage\"},\"image\":{\"@id\":\"https:\\\/\\\/www.rawoodfoundation.org\\\/ho-page\\\/#primaryimage\"},\"thumbnailUrl\":\"https:\\\/\\\/patterns.generateblocks.com\\\/wp-content\\\/uploads\\\/2023\\\/08\\\/placeholder800x.png\",\"datePublished\":\"2025-09-04T14:19:05+00:00\",\"dateModified\":\"2025-12-23T05:00:31+00:00\",\"breadcrumb\":{\"@id\":\"https:\\\/\\\/www.rawoodfoundation.org\\\/ho-page\\\/#breadcrumb\"},\"inLanguage\":\"fr-FR\",\"potentialAction\":[{\"@type\":\"ReadAction\",\"target\":[\"https:\\\/\\\/www.rawoodfoundation.org\\\/ho-page\\\/\"]}]},{\"@type\":\"ImageObject\",\"inLanguage\":\"fr-FR\",\"@id\":\"https:\\\/\\\/www.rawoodfoundation.org\\\/ho-page\\\/#primaryimage\",\"url\":\"https:\\\/\\\/patterns.generateblocks.com\\\/wp-content\\\/uploads\\\/2023\\\/08\\\/placeholder800x.png\",\"contentUrl\":\"https:\\\/\\\/patterns.generateblocks.com\\\/wp-content\\\/uploads\\\/2023\\\/08\\\/placeholder800x.png\"},{\"@type\":\"BreadcrumbList\",\"@id\":\"https:\\\/\\\/www.rawoodfoundation.org\\\/ho-page\\\/#breadcrumb\",\"itemListElement\":[{\"@type\":\"ListItem\",\"position\":1,\"name\":\"Home\",\"item\":\"https:\\\/\\\/www.rawoodfoundation.org\\\/\"},{\"@type\":\"ListItem\",\"position\":2,\"name\":\"HO Page\"}]},{\"@type\":\"WebSite\",\"@id\":\"https:\\\/\\\/www.rawoodfoundation.org\\\/#website\",\"url\":\"https:\\\/\\\/www.rawoodfoundation.org\\\/\",\"name\":\"Raymond A. Wood Foundation\",\"description\":\"The mission of the RAWF is to provide quality of life support for childhood brain tumor survivors and their families.\",\"publisher\":{\"@id\":\"https:\\\/\\\/www.rawoodfoundation.org\\\/#organization\"},\"potentialAction\":[{\"@type\":\"SearchAction\",\"target\":{\"@type\":\"EntryPoint\",\"urlTemplate\":\"https:\\\/\\\/www.rawoodfoundation.org\\\/?s={search_term_string}\"},\"query-input\":{\"@type\":\"PropertyValueSpecification\",\"valueRequired\":true,\"valueName\":\"search_term_string\"}}],\"inLanguage\":\"fr-FR\"},{\"@type\":\"Organization\",\"@id\":\"https:\\\/\\\/www.rawoodfoundation.org\\\/#organization\",\"name\":\"Raymond A. Wood Foundation\",\"url\":\"https:\\\/\\\/www.rawoodfoundation.org\\\/\",\"logo\":{\"@type\":\"ImageObject\",\"inLanguage\":\"fr-FR\",\"@id\":\"https:\\\/\\\/www.rawoodfoundation.org\\\/#\\\/schema\\\/logo\\\/image\\\/\",\"url\":\"https:\\\/\\\/www.rawoodfoundation.org\\\/wp-content\\\/uploads\\\/2023\\\/07\\\/Raymond-A-Wood-Foundation-logo.webp\",\"contentUrl\":\"https:\\\/\\\/www.rawoodfoundation.org\\\/wp-content\\\/uploads\\\/2023\\\/07\\\/Raymond-A-Wood-Foundation-logo.webp\",\"width\":470,\"height\":128,\"caption\":\"Raymond A. Wood Foundation\"},\"image\":{\"@id\":\"https:\\\/\\\/www.rawoodfoundation.org\\\/#\\\/schema\\\/logo\\\/image\\\/\"},\"sameAs\":[\"https:\\\/\\\/www.facebook.com\\\/rawoodfoundation\",\"https:\\\/\\\/x.com\\\/rawoodfound\"]}]}<\/script>\n<!-- \/ Yoast SEO plugin. -->","yoast_head_json":{"title":"Page HO - Fondation Raymond A. Wood","robots":{"index":"noindex","follow":"nofollow"},"og_locale":"fr_FR","og_type":"article","og_title":"HO Page - Raymond A. Wood Foundation","og_description":"Name Job Title Lorem ipsum dolor sit amet, consectetur adipiscing elit. Suspendisse varius enim in ... Lire plus","og_url":"https:\/\/www.rawoodfoundation.org\/fr\/page-daccueil\/","og_site_name":"Raymond A. Wood Foundation","article_publisher":"https:\/\/www.facebook.com\/rawoodfoundation","article_modified_time":"2025-12-23T05:00:31+00:00","og_image":[{"url":"https:\/\/patterns.generateblocks.com\/wp-content\/uploads\/2023\/08\/placeholder800x.png","type":"","width":"","height":""}],"twitter_card":"summary_large_image","twitter_site":"@rawoodfound","twitter_misc":{"Est. reading time":"1 minute"},"schema":{"@context":"https:\/\/schema.org","@graph":[{"@type":"WebPage","@id":"https:\/\/www.rawoodfoundation.org\/ho-page\/","url":"https:\/\/www.rawoodfoundation.org\/ho-page\/","name":"Page HO - Fondation Raymond A. Wood","isPartOf":{"@id":"https:\/\/www.rawoodfoundation.org\/#website"},"primaryImageOfPage":{"@id":"https:\/\/www.rawoodfoundation.org\/ho-page\/#primaryimage"},"image":{"@id":"https:\/\/www.rawoodfoundation.org\/ho-page\/#primaryimage"},"thumbnailUrl":"https:\/\/patterns.generateblocks.com\/wp-content\/uploads\/2023\/08\/placeholder800x.png","datePublished":"2025-09-04T14:19:05+00:00","dateModified":"2025-12-23T05:00:31+00:00","breadcrumb":{"@id":"https:\/\/www.rawoodfoundation.org\/ho-page\/#breadcrumb"},"inLanguage":"fr-FR","potentialAction":[{"@type":"ReadAction","target":["https:\/\/www.rawoodfoundation.org\/ho-page\/"]}]},{"@type":"ImageObject","inLanguage":"fr-FR","@id":"https:\/\/www.rawoodfoundation.org\/ho-page\/#primaryimage","url":"https:\/\/patterns.generateblocks.com\/wp-content\/uploads\/2023\/08\/placeholder800x.png","contentUrl":"https:\/\/patterns.generateblocks.com\/wp-content\/uploads\/2023\/08\/placeholder800x.png"},{"@type":"BreadcrumbList","@id":"https:\/\/www.rawoodfoundation.org\/ho-page\/#breadcrumb","itemListElement":[{"@type":"ListItem","position":1,"name":"Home","item":"https:\/\/www.rawoodfoundation.org\/"},{"@type":"ListItem","position":2,"name":"HO Page"}]},{"@type":"WebSite","@id":"https:\/\/www.rawoodfoundation.org\/#website","url":"https:\/\/www.rawoodfoundation.org\/","name":"Fondation Raymond A. Wood","description":"La mission de la RAWF est d'apporter un soutien \u00e0 la qualit\u00e9 de vie des survivants de tumeurs c\u00e9r\u00e9brales infantiles et de leurs familles.","publisher":{"@id":"https:\/\/www.rawoodfoundation.org\/#organization"},"potentialAction":[{"@type":"SearchAction","target":{"@type":"EntryPoint","urlTemplate":"https:\/\/www.rawoodfoundation.org\/?s={search_term_string}"},"query-input":{"@type":"PropertyValueSpecification","valueRequired":true,"valueName":"search_term_string"}}],"inLanguage":"fr-FR"},{"@type":"Organization","@id":"https:\/\/www.rawoodfoundation.org\/#organization","name":"Fondation Raymond A. Wood","url":"https:\/\/www.rawoodfoundation.org\/","logo":{"@type":"ImageObject","inLanguage":"fr-FR","@id":"https:\/\/www.rawoodfoundation.org\/#\/schema\/logo\/image\/","url":"https:\/\/www.rawoodfoundation.org\/wp-content\/uploads\/2023\/07\/Raymond-A-Wood-Foundation-logo.webp","contentUrl":"https:\/\/www.rawoodfoundation.org\/wp-content\/uploads\/2023\/07\/Raymond-A-Wood-Foundation-logo.webp","width":470,"height":128,"caption":"Raymond A. Wood Foundation"},"image":{"@id":"https:\/\/www.rawoodfoundation.org\/#\/schema\/logo\/image\/"},"sameAs":["https:\/\/www.facebook.com\/rawoodfoundation","https:\/\/x.com\/rawoodfound"]}]}},"_links":{"self":[{"href":"https:\/\/www.rawoodfoundation.org\/fr\/wp-json\/wp\/v2\/pages\/16214","targetHints":{"allow":["GET"]}}],"collection":[{"href":"https:\/\/www.rawoodfoundation.org\/fr\/wp-json\/wp\/v2\/pages"}],"about":[{"href":"https:\/\/www.rawoodfoundation.org\/fr\/wp-json\/wp\/v2\/types\/page"}],"author":[{"embeddable":true,"href":"https:\/\/www.rawoodfoundation.org\/fr\/wp-json\/wp\/v2\/users\/4"}],"replies":[{"embeddable":true,"href":"https:\/\/www.rawoodfoundation.org\/fr\/wp-json\/wp\/v2\/comments?post=16214"}],"version-history":[{"count":2,"href":"https:\/\/www.rawoodfoundation.org\/fr\/wp-json\/wp\/v2\/pages\/16214\/revisions"}],"predecessor-version":[{"id":16217,"href":"https:\/\/www.rawoodfoundation.org\/fr\/wp-json\/wp\/v2\/pages\/16214\/revisions\/16217"}],"wp:attachment":[{"href":"https:\/\/www.rawoodfoundation.org\/fr\/wp-json\/wp\/v2\/media?parent=16214"}],"curies":[{"name":"wp","href":"https:\/\/api.w.org\/{rel}","templated":true}]}}