{"id":14302,"date":"2025-07-03T16:52:15","date_gmt":"2025-07-03T16:52:15","guid":{"rendered":"https:\/\/www.rawoodfoundation.org\/?page_id=14302"},"modified":"2026-03-05T16:54:19","modified_gmt":"2026-03-05T16:54:19","slug":"soutien-aux-personnes-en-deuil","status":"publish","type":"page","link":"https:\/\/www.rawoodfoundation.org\/fr\/grief-support\/","title":{"rendered":"Soutien aux personnes en deuil"},"content":{"rendered":"<div class=\"wp-block-image\">\n<figure class=\"aligncenter size-full\"><img decoding=\"async\" width=\"509\" height=\"339\" src=\"https:\/\/www.rawoodfoundation.org\/wp-content\/uploads\/2023\/07\/help.jpg\" alt=\"Maman r\u00e9confortant sa fille\" class=\"wp-image-7538\" srcset=\"https:\/\/www.rawoodfoundation.org\/wp-content\/uploads\/2023\/07\/help.jpg 509w, https:\/\/www.rawoodfoundation.org\/wp-content\/uploads\/2023\/07\/help-300x200.jpg 300w, https:\/\/www.rawoodfoundation.org\/wp-content\/uploads\/2023\/07\/help-18x12.jpg 18w\" sizes=\"(max-width: 509px) 100vw, 509px\" \/><\/figure><\/div>\n\n\n<h2 class=\"wp-block-heading\">Un espace s\u00fbr pour gu\u00e9rir et \u00eatre entendu<\/h2>\n\n\n\n<p>La Raymond A. Wood Foundation reconna\u00eet que le deuil fait partie de ce voyage et offre un soutien individuel au deuil dans un espace virtuel de soutien pour les membres de notre communaut\u00e9 atteints de tumeurs c\u00e9r\u00e9brales afin qu'ils puissent traiter leur exp\u00e9rience unique de deuil.<\/p>\n\n\n\n<p>Dirig\u00e9es par Holly Gainsboro, sp\u00e9cialiste du soutien au deuil, les s\u00e9ances de soutien au deuil de la Fondation Raymond A. Wood constituent un espace s\u00fbr et encourageant pour les personnes touch\u00e9es par des tumeurs c\u00e9r\u00e9brales hypothalamo-hypophysaires, qui peuvent ainsi partager leur exp\u00e9rience du deuil avec l'aide d'un professionnel du soutien au deuil.<\/p>\n\n\n\n<p>Les s\u00e9ances de soutien au deuil accueillent toute personne ayant \u00e9t\u00e9 touch\u00e9e par une tumeur c\u00e9r\u00e9brale hypothalamo-hypophysaire (c'est-\u00e0-dire l'aidant, le survivant, le conjoint, le fr\u00e8re ou la s\u0153ur, l'enfant) et offrent aux participants un espace pour \u00eatre entendus tout en fournissant des outils et des ressources pour soutenir les individus dans leur processus de deuil.<\/p>\n\n\n\n<p>Ces sessions sont d\u00e9sormais disponibles sur demande. Pour demander un rendez-vous, veuillez remplir le formulaire suivant <a href=\"https:\/\/forms.microsoft.com\/r\/T3XA7bwN7r\">ce formulaire<\/a>en indiquant au moins 3 options de date et d'heure qui vous conviennent. Comptez 3 jours ouvrables pour la confirmation.<\/p>\n\n\n\n<p>Si vous avez des questions, veuillez envoyer un courriel \u00e0 outreach@rawoodfoundation.org.<\/p>\n\n\n\n<a class=\"gb-button gb-button-a806d6ff gb-button-text\" href=\"https:\/\/forms.microsoft.com\/r\/T3XA7bwN7r\" target=\"_blank\" rel=\"noopener noreferrer\">Demander un rendez-vous<\/a>","protected":false},"excerpt":{"rendered":"<p>Un espace s\u00fbr pour gu\u00e9rir et \u00eatre entendu La Fondation Raymond A. Wood reconna\u00eet que ... <a title=\"Soutien aux personnes en deuil\" class=\"read-more\" href=\"https:\/\/www.rawoodfoundation.org\/fr\/grief-support\/\" aria-label=\"En savoir plus sur le soutien aux personnes en deuil\">Lire plus<\/a><\/p>","protected":false},"author":4,"featured_media":0,"parent":0,"menu_order":11,"comment_status":"closed","ping_status":"closed","template":"","meta":{"_acf_changed":false,"footnotes":""},"class_list":{"0":"post-14302","1":"page","2":"type-page","3":"status-publish","5":"no-featured-image-padding"},"acf":[],"yoast_head":"<!-- This site is optimized with the Yoast SEO plugin v27.3 - https:\/\/yoast.com\/product\/yoast-seo-wordpress\/ -->\n<title>Grief Support - Raymond A. Wood Foundation<\/title>\n<meta name=\"robots\" content=\"index, follow, max-snippet:-1, max-image-preview:large, max-video-preview:-1\" \/>\n<link rel=\"canonical\" href=\"https:\/\/www.rawoodfoundation.org\/fr\/soutien-aux-personnes-en-deuil\/\" \/>\n<meta property=\"og:locale\" content=\"fr_FR\" \/>\n<meta property=\"og:type\" content=\"article\" \/>\n<meta property=\"og:title\" content=\"Grief Support - Raymond A. Wood Foundation\" \/>\n<meta property=\"og:description\" content=\"A Safe Space to Heal and Be Heard The Raymond A. Wood Foundation recognizes that ... Lire plus\" \/>\n<meta property=\"og:url\" content=\"https:\/\/www.rawoodfoundation.org\/fr\/soutien-aux-personnes-en-deuil\/\" \/>\n<meta property=\"og:site_name\" content=\"Raymond A. Wood Foundation\" \/>\n<meta property=\"article:publisher\" content=\"https:\/\/www.facebook.com\/rawoodfoundation\" \/>\n<meta property=\"article:modified_time\" content=\"2026-03-05T16:54:19+00:00\" \/>\n<meta property=\"og:image\" content=\"https:\/\/www.rawoodfoundation.org\/wp-content\/uploads\/2023\/07\/help.jpg\" \/>\n\t<meta property=\"og:image:width\" content=\"509\" \/>\n\t<meta property=\"og:image:height\" content=\"339\" \/>\n\t<meta property=\"og:image:type\" content=\"image\/jpeg\" \/>\n<meta name=\"twitter:card\" content=\"summary_large_image\" \/>\n<meta name=\"twitter:site\" content=\"@rawoodfound\" \/>\n<meta name=\"twitter:label1\" content=\"Est. reading time\" \/>\n\t<meta name=\"twitter:data1\" content=\"1 minute\" \/>\n<script type=\"application\/ld+json\" class=\"yoast-schema-graph\">{\"@context\":\"https:\\\/\\\/schema.org\",\"@graph\":[{\"@type\":\"WebPage\",\"@id\":\"https:\\\/\\\/www.rawoodfoundation.org\\\/grief-support\\\/\",\"url\":\"https:\\\/\\\/www.rawoodfoundation.org\\\/grief-support\\\/\",\"name\":\"Grief Support - Raymond A. Wood Foundation\",\"isPartOf\":{\"@id\":\"https:\\\/\\\/www.rawoodfoundation.org\\\/#website\"},\"primaryImageOfPage\":{\"@id\":\"https:\\\/\\\/www.rawoodfoundation.org\\\/grief-support\\\/#primaryimage\"},\"image\":{\"@id\":\"https:\\\/\\\/www.rawoodfoundation.org\\\/grief-support\\\/#primaryimage\"},\"thumbnailUrl\":\"https:\\\/\\\/www.rawoodfoundation.org\\\/wp-content\\\/uploads\\\/2023\\\/07\\\/help.jpg\",\"datePublished\":\"2025-07-03T16:52:15+00:00\",\"dateModified\":\"2026-03-05T16:54:19+00:00\",\"breadcrumb\":{\"@id\":\"https:\\\/\\\/www.rawoodfoundation.org\\\/grief-support\\\/#breadcrumb\"},\"inLanguage\":\"fr-FR\",\"potentialAction\":[{\"@type\":\"ReadAction\",\"target\":[\"https:\\\/\\\/www.rawoodfoundation.org\\\/grief-support\\\/\"]}]},{\"@type\":\"ImageObject\",\"inLanguage\":\"fr-FR\",\"@id\":\"https:\\\/\\\/www.rawoodfoundation.org\\\/grief-support\\\/#primaryimage\",\"url\":\"https:\\\/\\\/www.rawoodfoundation.org\\\/wp-content\\\/uploads\\\/2023\\\/07\\\/help.jpg\",\"contentUrl\":\"https:\\\/\\\/www.rawoodfoundation.org\\\/wp-content\\\/uploads\\\/2023\\\/07\\\/help.jpg\"},{\"@type\":\"BreadcrumbList\",\"@id\":\"https:\\\/\\\/www.rawoodfoundation.org\\\/grief-support\\\/#breadcrumb\",\"itemListElement\":[{\"@type\":\"ListItem\",\"position\":1,\"name\":\"Home\",\"item\":\"https:\\\/\\\/www.rawoodfoundation.org\\\/\"},{\"@type\":\"ListItem\",\"position\":2,\"name\":\"Grief Support\"}]},{\"@type\":\"WebSite\",\"@id\":\"https:\\\/\\\/www.rawoodfoundation.org\\\/#website\",\"url\":\"https:\\\/\\\/www.rawoodfoundation.org\\\/\",\"name\":\"Raymond A. Wood Foundation\",\"description\":\"The mission of the RAWF is to provide quality of life support for childhood brain tumor survivors and their families.\",\"publisher\":{\"@id\":\"https:\\\/\\\/www.rawoodfoundation.org\\\/#organization\"},\"potentialAction\":[{\"@type\":\"SearchAction\",\"target\":{\"@type\":\"EntryPoint\",\"urlTemplate\":\"https:\\\/\\\/www.rawoodfoundation.org\\\/?s={search_term_string}\"},\"query-input\":{\"@type\":\"PropertyValueSpecification\",\"valueRequired\":true,\"valueName\":\"search_term_string\"}}],\"inLanguage\":\"fr-FR\"},{\"@type\":\"Organization\",\"@id\":\"https:\\\/\\\/www.rawoodfoundation.org\\\/#organization\",\"name\":\"Raymond A. Wood Foundation\",\"url\":\"https:\\\/\\\/www.rawoodfoundation.org\\\/\",\"logo\":{\"@type\":\"ImageObject\",\"inLanguage\":\"fr-FR\",\"@id\":\"https:\\\/\\\/www.rawoodfoundation.org\\\/#\\\/schema\\\/logo\\\/image\\\/\",\"url\":\"https:\\\/\\\/www.rawoodfoundation.org\\\/wp-content\\\/uploads\\\/2023\\\/07\\\/Raymond-A-Wood-Foundation-logo.webp\",\"contentUrl\":\"https:\\\/\\\/www.rawoodfoundation.org\\\/wp-content\\\/uploads\\\/2023\\\/07\\\/Raymond-A-Wood-Foundation-logo.webp\",\"width\":470,\"height\":128,\"caption\":\"Raymond A. Wood Foundation\"},\"image\":{\"@id\":\"https:\\\/\\\/www.rawoodfoundation.org\\\/#\\\/schema\\\/logo\\\/image\\\/\"},\"sameAs\":[\"https:\\\/\\\/www.facebook.com\\\/rawoodfoundation\",\"https:\\\/\\\/x.com\\\/rawoodfound\"]}]}<\/script>\n<!-- \/ Yoast SEO plugin. -->","yoast_head_json":{"title":"Soutien aux personnes en deuil - Raymond A. Wood Foundation","robots":{"index":"index","follow":"follow","max-snippet":"max-snippet:-1","max-image-preview":"max-image-preview:large","max-video-preview":"max-video-preview:-1"},"canonical":"https:\/\/www.rawoodfoundation.org\/fr\/soutien-aux-personnes-en-deuil\/","og_locale":"fr_FR","og_type":"article","og_title":"Grief Support - Raymond A. Wood Foundation","og_description":"A Safe Space to Heal and Be Heard The Raymond A. Wood Foundation recognizes that ... Lire plus","og_url":"https:\/\/www.rawoodfoundation.org\/fr\/soutien-aux-personnes-en-deuil\/","og_site_name":"Raymond A. Wood Foundation","article_publisher":"https:\/\/www.facebook.com\/rawoodfoundation","article_modified_time":"2026-03-05T16:54:19+00:00","og_image":[{"width":509,"height":339,"url":"https:\/\/www.rawoodfoundation.org\/wp-content\/uploads\/2023\/07\/help.jpg","type":"image\/jpeg"}],"twitter_card":"summary_large_image","twitter_site":"@rawoodfound","twitter_misc":{"Est. reading time":"1 minute"},"schema":{"@context":"https:\/\/schema.org","@graph":[{"@type":"WebPage","@id":"https:\/\/www.rawoodfoundation.org\/grief-support\/","url":"https:\/\/www.rawoodfoundation.org\/grief-support\/","name":"Soutien aux personnes en deuil - Raymond A. Wood Foundation","isPartOf":{"@id":"https:\/\/www.rawoodfoundation.org\/#website"},"primaryImageOfPage":{"@id":"https:\/\/www.rawoodfoundation.org\/grief-support\/#primaryimage"},"image":{"@id":"https:\/\/www.rawoodfoundation.org\/grief-support\/#primaryimage"},"thumbnailUrl":"https:\/\/www.rawoodfoundation.org\/wp-content\/uploads\/2023\/07\/help.jpg","datePublished":"2025-07-03T16:52:15+00:00","dateModified":"2026-03-05T16:54:19+00:00","breadcrumb":{"@id":"https:\/\/www.rawoodfoundation.org\/grief-support\/#breadcrumb"},"inLanguage":"fr-FR","potentialAction":[{"@type":"ReadAction","target":["https:\/\/www.rawoodfoundation.org\/grief-support\/"]}]},{"@type":"ImageObject","inLanguage":"fr-FR","@id":"https:\/\/www.rawoodfoundation.org\/grief-support\/#primaryimage","url":"https:\/\/www.rawoodfoundation.org\/wp-content\/uploads\/2023\/07\/help.jpg","contentUrl":"https:\/\/www.rawoodfoundation.org\/wp-content\/uploads\/2023\/07\/help.jpg"},{"@type":"BreadcrumbList","@id":"https:\/\/www.rawoodfoundation.org\/grief-support\/#breadcrumb","itemListElement":[{"@type":"ListItem","position":1,"name":"Home","item":"https:\/\/www.rawoodfoundation.org\/"},{"@type":"ListItem","position":2,"name":"Grief Support"}]},{"@type":"WebSite","@id":"https:\/\/www.rawoodfoundation.org\/#website","url":"https:\/\/www.rawoodfoundation.org\/","name":"Fondation Raymond A. Wood","description":"La mission de la RAWF est d'apporter un soutien \u00e0 la qualit\u00e9 de vie des survivants de tumeurs c\u00e9r\u00e9brales infantiles et de leurs familles.","publisher":{"@id":"https:\/\/www.rawoodfoundation.org\/#organization"},"potentialAction":[{"@type":"SearchAction","target":{"@type":"EntryPoint","urlTemplate":"https:\/\/www.rawoodfoundation.org\/?s={search_term_string}"},"query-input":{"@type":"PropertyValueSpecification","valueRequired":true,"valueName":"search_term_string"}}],"inLanguage":"fr-FR"},{"@type":"Organization","@id":"https:\/\/www.rawoodfoundation.org\/#organization","name":"Fondation Raymond A. Wood","url":"https:\/\/www.rawoodfoundation.org\/","logo":{"@type":"ImageObject","inLanguage":"fr-FR","@id":"https:\/\/www.rawoodfoundation.org\/#\/schema\/logo\/image\/","url":"https:\/\/www.rawoodfoundation.org\/wp-content\/uploads\/2023\/07\/Raymond-A-Wood-Foundation-logo.webp","contentUrl":"https:\/\/www.rawoodfoundation.org\/wp-content\/uploads\/2023\/07\/Raymond-A-Wood-Foundation-logo.webp","width":470,"height":128,"caption":"Raymond A. Wood Foundation"},"image":{"@id":"https:\/\/www.rawoodfoundation.org\/#\/schema\/logo\/image\/"},"sameAs":["https:\/\/www.facebook.com\/rawoodfoundation","https:\/\/x.com\/rawoodfound"]}]}},"_links":{"self":[{"href":"https:\/\/www.rawoodfoundation.org\/fr\/wp-json\/wp\/v2\/pages\/14302","targetHints":{"allow":["GET"]}}],"collection":[{"href":"https:\/\/www.rawoodfoundation.org\/fr\/wp-json\/wp\/v2\/pages"}],"about":[{"href":"https:\/\/www.rawoodfoundation.org\/fr\/wp-json\/wp\/v2\/types\/page"}],"author":[{"embeddable":true,"href":"https:\/\/www.rawoodfoundation.org\/fr\/wp-json\/wp\/v2\/users\/4"}],"replies":[{"embeddable":true,"href":"https:\/\/www.rawoodfoundation.org\/fr\/wp-json\/wp\/v2\/comments?post=14302"}],"version-history":[{"count":3,"href":"https:\/\/www.rawoodfoundation.org\/fr\/wp-json\/wp\/v2\/pages\/14302\/revisions"}],"predecessor-version":[{"id":18951,"href":"https:\/\/www.rawoodfoundation.org\/fr\/wp-json\/wp\/v2\/pages\/14302\/revisions\/18951"}],"wp:attachment":[{"href":"https:\/\/www.rawoodfoundation.org\/fr\/wp-json\/wp\/v2\/media?parent=14302"}],"curies":[{"name":"wp","href":"https:\/\/api.w.org\/{rel}","templated":true}]}}