{"id":14144,"date":"2025-06-27T20:19:55","date_gmt":"2025-06-27T20:19:55","guid":{"rendered":"https:\/\/www.rawoodfoundation.org\/?page_id=14144"},"modified":"2025-10-28T18:57:54","modified_gmt":"2025-10-28T18:57:54","slug":"rapport-annuel-de-lexercice-2024","status":"publish","type":"page","link":"https:\/\/www.rawoodfoundation.org\/fr\/fy-2024-annual-report\/","title":{"rendered":"Rapport annuel de l'exercice 2025"},"content":{"rendered":"<h2 class=\"wp-block-heading\">Motiv\u00e9s par l'objectif, propuls\u00e9s par le progr\u00e8s<\/h2>\n\n\n\n<p>\u00c0 la Raymond A. Wood Foundation (RAWF), la transparence et la responsabilit\u00e9 sont au c\u0153ur de notre mission d'autonomisation des survivants des tumeurs c\u00e9r\u00e9brales hypothalamo-hypophysaires. Nos rapports annuels mettent en lumi\u00e8re les progr\u00e8s que nous avons r\u00e9alis\u00e9s ensemble, qu'il s'agisse de faire avancer la recherche ou de renforcer le soutien et l'\u00e9ducation de la communaut\u00e9.<\/p>\n\n\n\n<p>Chaque ann\u00e9e, ces rapports pr\u00e9sentent les histoires, les chiffres de l'impact et la gestion financi\u00e8re qui rendent notre travail possible. Nous vous invitons \u00e0 consulter nos rapports annuels ci-dessous pour voir comment votre g\u00e9n\u00e9rosit\u00e9 et nos efforts collectifs entra\u00eenent des changements et am\u00e9liorent des vies.<\/p>\n\n\n\n<figure class=\"wp-block-image aligncenter size-full\"><img decoding=\"async\" width=\"630\" height=\"810\" src=\"https:\/\/www.rawoodfoundation.org\/wp-content\/uploads\/2025\/10\/cover.jpg\" alt=\"Couverture du rapport annuel de l&#039;exercice 2025\" class=\"wp-image-17602\" srcset=\"https:\/\/www.rawoodfoundation.org\/wp-content\/uploads\/2025\/10\/cover.jpg 630w, https:\/\/www.rawoodfoundation.org\/wp-content\/uploads\/2025\/10\/cover-233x300.jpg 233w, https:\/\/www.rawoodfoundation.org\/wp-content\/uploads\/2025\/10\/cover-9x12.jpg 9w\" sizes=\"(max-width: 630px) 100vw, 630px\" \/><\/figure>\n\n\n\n<div style=\"height:43px\" aria-hidden=\"true\" class=\"wp-block-spacer\"><\/div>\n\n\n<div class=\"gb-container gb-container-f6e20761\">\n\n<a class=\"gb-button gb-button-08ff6772 gb-button-text\" href=\"https:\/\/www.rawoodfoundation.org\/wp-content\/uploads\/2025\/10\/RAWF-FY-25-Annual-Report-Final-Lo.pdf\" target=\"_blank\" rel=\"noopener noreferrer\"><strong>Voir le rapport annuel de l'exercice 2025 \"<\/strong><\/a>\n\n<\/div>\n\n\n<p><br><a href=\"https:\/\/www.rawoodfoundation.org\/wp-content\/uploads\/2025\/08\/RAWF-FY-24-Annual-Report-v2.pdf\">Voir le rapport annuel de l'exercice 2024 \"<\/a><\/p>\n\n\n\n<p><a href=\"https:\/\/www.rawoodfoundation.org\/wp-content\/uploads\/2024\/03\/RAWF-FY-23-Annual-Report-Final-lo.pdf\">Voir le rapport annuel de l'exercice 2023 \"<\/a><\/p>\n\n\n\n<p><a href=\"https:\/\/www.rawoodfoundation.org\/fr\/rapport-annuel-pour-lexercice-22\/\">Voir le rapport annuel de l'exercice 2022 \"<\/a><\/p>\n\n\n\n<hr class=\"wp-block-separator has-alpha-channel-opacity\"\/>\n\n\n\n<h3 class=\"wp-block-heading\">2025 Faits marquants <\/h3>\n\n\n\n<p>La Raymond A. Wood Foundation (RAWF) est fi\u00e8re de rendre compte d'une ann\u00e9e transformatrice marqu\u00e9e par l'innovation, la r\u00e9silience et les progr\u00e8s r\u00e9alis\u00e9s par les communaut\u00e9s. De juillet 2024 \u00e0 juin 2025, nous avons fait avancer la recherche critique, \u00e9largi le soutien direct et approfondi notre impact - tout en naviguant dans notre premi\u00e8re ann\u00e9e fiscale compl\u00e8te apr\u00e8s la conclusion de la subvention de l'Initiative Chan Zuckerberg.<\/p>\n\n\n\n<h3 class=\"wp-block-heading\">Des recherches qui refl\u00e8tent la vie r\u00e9elle<\/h3>\n\n\n\n<p>RAWF a officiellement lanc\u00e9 le <strong>Registre des patients atteints de tumeurs c\u00e9r\u00e9brales hypothalamo-hypophysaires<\/strong>Cette initiative, la premi\u00e8re du genre, a permis de recueillir les exp\u00e9riences rapport\u00e9es par les survivants et les soignants. Ce registre a servi de base \u00e0 trois grandes \u00e9tudes men\u00e9es au cours de l'exercice 2025 sur les th\u00e8mes suivants<\/p>\n\n\n\n<ul class=\"wp-block-list\">\n<li><strong>Hyperphagie (faim compulsive)<\/strong> dans les survivants<\/li>\n\n\n\n<li><strong>Priorit\u00e9s de traitement d\u00e9finies par le patient<\/strong><\/li>\n\n\n\n<li><strong>Fatigue<\/strong> en partenariat avec Rhythm Pharmaceuticals<\/li>\n<\/ul>\n\n\n\n<p>Nous avons \u00e9galement progress\u00e9 dans l'\u00e9laboration d'un <strong>compteur de sodium \u00e0 domicile<\/strong>un outil r\u00e9volutionnaire pour les familles qui g\u00e8rent un d\u00e9s\u00e9quilibre chronique en sodium, avec des plans pour la validation de la phase 1 en cours.<\/p>\n\n\n\n<h3 class=\"wp-block-heading\">Un soutien direct qui fait la diff\u00e9rence<\/h3>\n\n\n\n<ul class=\"wp-block-list\">\n<li><strong>6 analyseurs de sang portables<\/strong> ont \u00e9t\u00e9 distribu\u00e9s, permettant des soins \u00e0 domicile plus s\u00fbrs pour les familles g\u00e9rant des besoins endocriniens complexes.<\/li>\n\n\n\n<li><strong>12 groupes de soutien chacun<\/strong> pour les soignants et les survivants ont fourni des espaces de confiance pour la connexion.<\/li>\n\n\n\n<li><strong>Programmes d'aide aux adolescents et aux personnes en deuil<\/strong> ont \u00e9t\u00e9 introduites pour r\u00e9pondre \u00e0 l'\u00e9volution des besoins \u00e9motionnels.<\/li>\n<\/ul>\n\n\n\n<h3 class=\"wp-block-heading\">Une communaut\u00e9 qui fait avancer la mission<\/h3>\n\n\n\n<ul class=\"wp-block-list\">\n<li><strong>Plus de $760 000 euros collect\u00e9s<\/strong>-une ann\u00e9e record, gr\u00e2ce aux sympathisants de base, aux grands donateurs et aux \u00e9v\u00e9nements.<\/li>\n\n\n\n<li><strong>Gala Dancing Stars de Washington<\/strong> sont revenus, ce qui a permis de r\u00e9colter $93 000 pour la RAWF.<\/li>\n\n\n\n<li><strong>Shore donne plus<\/strong> a recueilli pr\u00e8s de $96 000 euros \u00e0 l'occasion du mardi de la g\u00e9n\u00e9rosit\u00e9.<\/li>\n\n\n\n<li><strong>L'\u00e9quipe RAWF a couru le semi-marathon de New York<\/strong>, recueillant $15 000.<\/li>\n\n\n\n<li><strong>L'\u00e9v\u00e9nement artistique en ligne \"Art of Surviving<\/strong> a attir\u00e9 74 participants, 22 839 votes et $15 272 euros ont \u00e9t\u00e9 collect\u00e9s.<\/li>\n<\/ul>\n\n\n\n<h3 class=\"wp-block-heading\">Le plaidoyer en action<\/h3>\n\n\n\n<ul class=\"wp-block-list\">\n<li>RAWF a fait entendre la voix des patients au Capitole, \u00e0 la FDA et dans les forums de recherche internationaux.<\/li>\n\n\n\n<li>Nous avons renforc\u00e9 les collaborations avec les chercheurs et les entreprises qui d\u00e9veloppent des traitements pour l'ob\u00e9sit\u00e9 hypothalamique et les affections connexes.<\/li>\n<\/ul>\n\n\n\n<h3 class=\"wp-block-heading\">Perspectives d'avenir<\/h3>\n\n\n\n<p>L'exercice 2026 marque la mise en \u0153uvre d'un nouveau plan strat\u00e9gique triennal qui met l'accent sur les points suivants<\/p>\n\n\n\n<ul class=\"wp-block-list\">\n<li>D\u00e9velopper la recherche ax\u00e9e sur l'exp\u00e9rience v\u00e9cue<\/li>\n\n\n\n<li>L'innovation comme le compteur de sodium<\/li>\n\n\n\n<li>Continuer \u00e0 se d\u00e9velopper en tant que porte-parole des patients dans la recherche<\/li>\n\n\n\n<li>Assurer un financement durable pour poursuivre notre mission<\/li>\n<\/ul>\n\n\n\n<p>Rejoignez-nous pour faire avancer la science et construire un avenir o\u00f9 les survivants s'\u00e9panouissent.<\/p>\n\n\n\n<hr class=\"wp-block-separator has-alpha-channel-opacity\"\/>\n\n\n<div class=\"gb-container gb-container-98493386\">\n\n<div class=\"wp-block-columns is-layout-flex wp-container-core-columns-is-layout-9d6595d7 wp-block-columns-is-layout-flex\">\n<div class=\"wp-block-column is-layout-flow wp-block-column-is-layout-flow\" style=\"flex-basis:33.33%\">\n<figure class=\"wp-block-image size-full\"><img decoding=\"async\" width=\"360\" height=\"240\" src=\"https:\/\/live-rawf.pantheonsite.io\/wp-content\/uploads\/2023\/07\/thumb_jake-serota.jpg\" alt=\"\" class=\"wp-image-6963\" srcset=\"https:\/\/www.rawoodfoundation.org\/wp-content\/uploads\/2023\/07\/thumb_jake-serota.jpg 360w, https:\/\/www.rawoodfoundation.org\/wp-content\/uploads\/2023\/07\/thumb_jake-serota-300x200.jpg 300w, https:\/\/www.rawoodfoundation.org\/wp-content\/uploads\/2023\/07\/thumb_jake-serota-18x12.jpg 18w\" sizes=\"(max-width: 360px) 100vw, 360px\" \/><\/figure>\n<\/div>\n\n\n\n<div class=\"wp-block-column is-layout-flow wp-block-column-is-layout-flow\" style=\"flex-basis:66.66%\">\n<h3 class=\"wp-block-heading\">Soutenir notre mission<\/h3>\n\n\n\n<p>Votre soutien peut avoir un impact durable sur notre mission, nous permettant de cr\u00e9er un changement positif et de transformer la vie de ces survivants de tumeurs c\u00e9r\u00e9brales. Rejoignez-nous pour d\u00e9fendre cette cause et, ensemble, nous pouvons ouvrir la voie \u00e0 un avenir meilleur, non seulement pour ces patients, mais aussi pour la recherche sur le cerveau et l'aide aux patients.<\/p>\n\n\n\n<p class=\"gb-headline gb-headline-1207c705 round-icon\"><span class=\"gb-icon\"><svg aria-hidden=\"true\" role=\"img\" height=\"1em\" width=\"1em\" viewbox=\"0 0 256 512\" xmlns=\"http:\/\/www.w3.org\/2000\/svg\"><path fill=\"currentColor\" d=\"M224.3 273l-136 136c-9.4 9.4-24.6 9.4-33.9 0l-22.6-22.6c-9.4-9.4-9.4-24.6 0-33.9l96.4-96.4-96.4-96.4c-9.4-9.4-9.4-24.6 0-33.9L54.3 103c9.4-9.4 24.6-9.4 33.9 0l136 136c9.5 9.4 9.5 24.6.1 34z\"><\/path><\/svg><\/span><span class=\"gb-headline-text\"><a href=\"https:\/\/raymondawoodfoundation-bloom.kindful.com\/\">Faire un don pour faire avancer notre mission<\/a><\/span><\/p>\n<\/div>\n<\/div>\n\n<\/div>","protected":false},"excerpt":{"rendered":"<p>Motiv\u00e9e par un objectif, aliment\u00e9e par le progr\u00e8s \u00c0 la Fondation Raymond A. Wood (RAWF), la transparence et la ... <a title=\"Rapport annuel de l&#039;exercice 2025\" class=\"read-more\" href=\"https:\/\/www.rawoodfoundation.org\/fr\/fy-2024-annual-report\/\" aria-label=\"En savoir plus sur le rapport annuel de l&#039;exercice 2025\">Lire plus<\/a><\/p>","protected":false},"author":4,"featured_media":0,"parent":0,"menu_order":86,"comment_status":"closed","ping_status":"closed","template":"","meta":{"_acf_changed":false,"footnotes":""},"class_list":{"0":"post-14144","1":"page","2":"type-page","3":"status-publish","5":"no-featured-image-padding"},"acf":[],"yoast_head":"<!-- This site is optimized with the Yoast SEO plugin v27.3 - https:\/\/yoast.com\/product\/yoast-seo-wordpress\/ -->\n<title>FY 2025 Annual Report - Raymond A. Wood Foundation<\/title>\n<meta name=\"description\" content=\"Discover our 2022 Annual Report.\" \/>\n<meta name=\"robots\" content=\"index, follow, max-snippet:-1, max-image-preview:large, max-video-preview:-1\" \/>\n<link rel=\"canonical\" href=\"https:\/\/www.rawoodfoundation.org\/fr\/rapport-annuel-de-lexercice-2024\/\" \/>\n<meta property=\"og:locale\" content=\"fr_FR\" \/>\n<meta property=\"og:type\" content=\"article\" \/>\n<meta property=\"og:title\" content=\"FY 2025 Annual Report - Raymond A. Wood Foundation\" \/>\n<meta property=\"og:description\" content=\"Discover our 2022 Annual Report.\" \/>\n<meta property=\"og:url\" content=\"https:\/\/www.rawoodfoundation.org\/fr\/rapport-annuel-de-lexercice-2024\/\" \/>\n<meta property=\"og:site_name\" content=\"Raymond A. Wood Foundation\" \/>\n<meta property=\"article:publisher\" content=\"https:\/\/www.facebook.com\/rawoodfoundation\" \/>\n<meta property=\"article:modified_time\" content=\"2025-10-28T18:57:54+00:00\" \/>\n<meta property=\"og:image\" content=\"https:\/\/www.rawoodfoundation.org\/wp-content\/uploads\/2025\/10\/cover.jpg\" \/>\n\t<meta property=\"og:image:width\" content=\"630\" \/>\n\t<meta property=\"og:image:height\" content=\"810\" \/>\n\t<meta property=\"og:image:type\" content=\"image\/jpeg\" \/>\n<meta name=\"twitter:card\" content=\"summary_large_image\" \/>\n<meta name=\"twitter:site\" content=\"@rawoodfound\" \/>\n<meta name=\"twitter:label1\" content=\"Est. reading time\" \/>\n\t<meta name=\"twitter:data1\" content=\"3 minutes\" \/>\n<script type=\"application\/ld+json\" class=\"yoast-schema-graph\">{\"@context\":\"https:\\\/\\\/schema.org\",\"@graph\":[{\"@type\":\"WebPage\",\"@id\":\"https:\\\/\\\/www.rawoodfoundation.org\\\/fy-2024-annual-report\\\/\",\"url\":\"https:\\\/\\\/www.rawoodfoundation.org\\\/fy-2024-annual-report\\\/\",\"name\":\"FY 2025 Annual Report - Raymond A. Wood Foundation\",\"isPartOf\":{\"@id\":\"https:\\\/\\\/www.rawoodfoundation.org\\\/#website\"},\"primaryImageOfPage\":{\"@id\":\"https:\\\/\\\/www.rawoodfoundation.org\\\/fy-2024-annual-report\\\/#primaryimage\"},\"image\":{\"@id\":\"https:\\\/\\\/www.rawoodfoundation.org\\\/fy-2024-annual-report\\\/#primaryimage\"},\"thumbnailUrl\":\"https:\\\/\\\/www.rawoodfoundation.org\\\/wp-content\\\/uploads\\\/2025\\\/10\\\/cover.jpg\",\"datePublished\":\"2025-06-27T20:19:55+00:00\",\"dateModified\":\"2025-10-28T18:57:54+00:00\",\"description\":\"Discover our 2022 Annual Report.\",\"breadcrumb\":{\"@id\":\"https:\\\/\\\/www.rawoodfoundation.org\\\/fy-2024-annual-report\\\/#breadcrumb\"},\"inLanguage\":\"fr-FR\",\"potentialAction\":[{\"@type\":\"ReadAction\",\"target\":[\"https:\\\/\\\/www.rawoodfoundation.org\\\/fy-2024-annual-report\\\/\"]}]},{\"@type\":\"ImageObject\",\"inLanguage\":\"fr-FR\",\"@id\":\"https:\\\/\\\/www.rawoodfoundation.org\\\/fy-2024-annual-report\\\/#primaryimage\",\"url\":\"https:\\\/\\\/www.rawoodfoundation.org\\\/wp-content\\\/uploads\\\/2025\\\/10\\\/cover.jpg\",\"contentUrl\":\"https:\\\/\\\/www.rawoodfoundation.org\\\/wp-content\\\/uploads\\\/2025\\\/10\\\/cover.jpg\"},{\"@type\":\"BreadcrumbList\",\"@id\":\"https:\\\/\\\/www.rawoodfoundation.org\\\/fy-2024-annual-report\\\/#breadcrumb\",\"itemListElement\":[{\"@type\":\"ListItem\",\"position\":1,\"name\":\"Home\",\"item\":\"https:\\\/\\\/www.rawoodfoundation.org\\\/\"},{\"@type\":\"ListItem\",\"position\":2,\"name\":\"FY 2025 Annual Report\"}]},{\"@type\":\"WebSite\",\"@id\":\"https:\\\/\\\/www.rawoodfoundation.org\\\/#website\",\"url\":\"https:\\\/\\\/www.rawoodfoundation.org\\\/\",\"name\":\"Raymond A. Wood Foundation\",\"description\":\"The mission of the RAWF is to provide quality of life support for childhood brain tumor survivors and their families.\",\"publisher\":{\"@id\":\"https:\\\/\\\/www.rawoodfoundation.org\\\/#organization\"},\"potentialAction\":[{\"@type\":\"SearchAction\",\"target\":{\"@type\":\"EntryPoint\",\"urlTemplate\":\"https:\\\/\\\/www.rawoodfoundation.org\\\/?s={search_term_string}\"},\"query-input\":{\"@type\":\"PropertyValueSpecification\",\"valueRequired\":true,\"valueName\":\"search_term_string\"}}],\"inLanguage\":\"fr-FR\"},{\"@type\":\"Organization\",\"@id\":\"https:\\\/\\\/www.rawoodfoundation.org\\\/#organization\",\"name\":\"Raymond A. Wood Foundation\",\"url\":\"https:\\\/\\\/www.rawoodfoundation.org\\\/\",\"logo\":{\"@type\":\"ImageObject\",\"inLanguage\":\"fr-FR\",\"@id\":\"https:\\\/\\\/www.rawoodfoundation.org\\\/#\\\/schema\\\/logo\\\/image\\\/\",\"url\":\"https:\\\/\\\/www.rawoodfoundation.org\\\/wp-content\\\/uploads\\\/2023\\\/07\\\/Raymond-A-Wood-Foundation-logo.webp\",\"contentUrl\":\"https:\\\/\\\/www.rawoodfoundation.org\\\/wp-content\\\/uploads\\\/2023\\\/07\\\/Raymond-A-Wood-Foundation-logo.webp\",\"width\":470,\"height\":128,\"caption\":\"Raymond A. Wood Foundation\"},\"image\":{\"@id\":\"https:\\\/\\\/www.rawoodfoundation.org\\\/#\\\/schema\\\/logo\\\/image\\\/\"},\"sameAs\":[\"https:\\\/\\\/www.facebook.com\\\/rawoodfoundation\",\"https:\\\/\\\/x.com\\\/rawoodfound\"]}]}<\/script>\n<!-- \/ Yoast SEO plugin. -->","yoast_head_json":{"title":"Rapport annuel de l'exercice 2025 - Raymond A. Wood Foundation","description":"D\u00e9couvrez notre rapport annuel 2022.","robots":{"index":"index","follow":"follow","max-snippet":"max-snippet:-1","max-image-preview":"max-image-preview:large","max-video-preview":"max-video-preview:-1"},"canonical":"https:\/\/www.rawoodfoundation.org\/fr\/rapport-annuel-de-lexercice-2024\/","og_locale":"fr_FR","og_type":"article","og_title":"FY 2025 Annual Report - Raymond A. Wood Foundation","og_description":"Discover our 2022 Annual Report.","og_url":"https:\/\/www.rawoodfoundation.org\/fr\/rapport-annuel-de-lexercice-2024\/","og_site_name":"Raymond A. Wood Foundation","article_publisher":"https:\/\/www.facebook.com\/rawoodfoundation","article_modified_time":"2025-10-28T18:57:54+00:00","og_image":[{"width":630,"height":810,"url":"https:\/\/www.rawoodfoundation.org\/wp-content\/uploads\/2025\/10\/cover.jpg","type":"image\/jpeg"}],"twitter_card":"summary_large_image","twitter_site":"@rawoodfound","twitter_misc":{"Est. reading time":"3 minutes"},"schema":{"@context":"https:\/\/schema.org","@graph":[{"@type":"WebPage","@id":"https:\/\/www.rawoodfoundation.org\/fy-2024-annual-report\/","url":"https:\/\/www.rawoodfoundation.org\/fy-2024-annual-report\/","name":"Rapport annuel de l'exercice 2025 - Raymond A. Wood Foundation","isPartOf":{"@id":"https:\/\/www.rawoodfoundation.org\/#website"},"primaryImageOfPage":{"@id":"https:\/\/www.rawoodfoundation.org\/fy-2024-annual-report\/#primaryimage"},"image":{"@id":"https:\/\/www.rawoodfoundation.org\/fy-2024-annual-report\/#primaryimage"},"thumbnailUrl":"https:\/\/www.rawoodfoundation.org\/wp-content\/uploads\/2025\/10\/cover.jpg","datePublished":"2025-06-27T20:19:55+00:00","dateModified":"2025-10-28T18:57:54+00:00","description":"D\u00e9couvrez notre rapport annuel 2022.","breadcrumb":{"@id":"https:\/\/www.rawoodfoundation.org\/fy-2024-annual-report\/#breadcrumb"},"inLanguage":"fr-FR","potentialAction":[{"@type":"ReadAction","target":["https:\/\/www.rawoodfoundation.org\/fy-2024-annual-report\/"]}]},{"@type":"ImageObject","inLanguage":"fr-FR","@id":"https:\/\/www.rawoodfoundation.org\/fy-2024-annual-report\/#primaryimage","url":"https:\/\/www.rawoodfoundation.org\/wp-content\/uploads\/2025\/10\/cover.jpg","contentUrl":"https:\/\/www.rawoodfoundation.org\/wp-content\/uploads\/2025\/10\/cover.jpg"},{"@type":"BreadcrumbList","@id":"https:\/\/www.rawoodfoundation.org\/fy-2024-annual-report\/#breadcrumb","itemListElement":[{"@type":"ListItem","position":1,"name":"Home","item":"https:\/\/www.rawoodfoundation.org\/"},{"@type":"ListItem","position":2,"name":"FY 2025 Annual Report"}]},{"@type":"WebSite","@id":"https:\/\/www.rawoodfoundation.org\/#website","url":"https:\/\/www.rawoodfoundation.org\/","name":"Fondation Raymond A. Wood","description":"La mission de la RAWF est d'apporter un soutien \u00e0 la qualit\u00e9 de vie des survivants de tumeurs c\u00e9r\u00e9brales infantiles et de leurs familles.","publisher":{"@id":"https:\/\/www.rawoodfoundation.org\/#organization"},"potentialAction":[{"@type":"SearchAction","target":{"@type":"EntryPoint","urlTemplate":"https:\/\/www.rawoodfoundation.org\/?s={search_term_string}"},"query-input":{"@type":"PropertyValueSpecification","valueRequired":true,"valueName":"search_term_string"}}],"inLanguage":"fr-FR"},{"@type":"Organization","@id":"https:\/\/www.rawoodfoundation.org\/#organization","name":"Fondation Raymond A. Wood","url":"https:\/\/www.rawoodfoundation.org\/","logo":{"@type":"ImageObject","inLanguage":"fr-FR","@id":"https:\/\/www.rawoodfoundation.org\/#\/schema\/logo\/image\/","url":"https:\/\/www.rawoodfoundation.org\/wp-content\/uploads\/2023\/07\/Raymond-A-Wood-Foundation-logo.webp","contentUrl":"https:\/\/www.rawoodfoundation.org\/wp-content\/uploads\/2023\/07\/Raymond-A-Wood-Foundation-logo.webp","width":470,"height":128,"caption":"Raymond A. Wood Foundation"},"image":{"@id":"https:\/\/www.rawoodfoundation.org\/#\/schema\/logo\/image\/"},"sameAs":["https:\/\/www.facebook.com\/rawoodfoundation","https:\/\/x.com\/rawoodfound"]}]}},"_links":{"self":[{"href":"https:\/\/www.rawoodfoundation.org\/fr\/wp-json\/wp\/v2\/pages\/14144","targetHints":{"allow":["GET"]}}],"collection":[{"href":"https:\/\/www.rawoodfoundation.org\/fr\/wp-json\/wp\/v2\/pages"}],"about":[{"href":"https:\/\/www.rawoodfoundation.org\/fr\/wp-json\/wp\/v2\/types\/page"}],"author":[{"embeddable":true,"href":"https:\/\/www.rawoodfoundation.org\/fr\/wp-json\/wp\/v2\/users\/4"}],"replies":[{"embeddable":true,"href":"https:\/\/www.rawoodfoundation.org\/fr\/wp-json\/wp\/v2\/comments?post=14144"}],"version-history":[{"count":8,"href":"https:\/\/www.rawoodfoundation.org\/fr\/wp-json\/wp\/v2\/pages\/14144\/revisions"}],"predecessor-version":[{"id":17612,"href":"https:\/\/www.rawoodfoundation.org\/fr\/wp-json\/wp\/v2\/pages\/14144\/revisions\/17612"}],"wp:attachment":[{"href":"https:\/\/www.rawoodfoundation.org\/fr\/wp-json\/wp\/v2\/media?parent=14144"}],"curies":[{"name":"wp","href":"https:\/\/api.w.org\/{rel}","templated":true}]}}