{"id":12337,"date":"2025-04-01T13:47:14","date_gmt":"2025-04-01T13:47:14","guid":{"rendered":"https:\/\/www.rawoodfoundation.org\/?page_id=12337"},"modified":"2025-12-23T04:20:51","modified_gmt":"2025-12-23T04:20:51","slug":"lignes-directrices-de-la-communaute","status":"publish","type":"page","link":"https:\/\/www.rawoodfoundation.org\/fr\/community-guidelines\/","title":{"rendered":"Lignes directrices communautaires"},"content":{"rendered":"<p>\u00c0 la Fondation Raymond A. Wood, nous nous engageons \u00e0 favoriser une communaut\u00e9 enracin\u00e9e dans les valeurs suivantes&nbsp;<strong>le respect, la gentillesse et l'humanit\u00e9 partag\u00e9e<\/strong>. Nous savons que ce parcours - vivre avec une personne atteinte d'une tumeur c\u00e9r\u00e9brale hypothalamo-hypophysaire ou s'en occuper - est profond\u00e9ment personnel et souvent incroyablement difficile. De nombreux membres de notre communaut\u00e9 vivent avec des l\u00e9sions invisibles qui peuvent affecter la communication, l'humeur et le comportement. Nous faisons de la place pour cela.<\/p>\n\n\n\n<p>Dans le m\u00eame temps, nous demandons \u00e0 tous les membres de notre communaut\u00e9 de s'approcher les uns des autres - et d'approcher notre \u00e9quipe - avec&nbsp;<strong>la d\u00e9cence, l'empathie et la courtoisie \u00e9l\u00e9mentaire<\/strong>.<\/p>\n\n\n\n<ul class=\"wp-block-list\">\n<li><strong>Le respect et la gentillesse sont essentiels<\/strong>: Traiter tous les membres de notre communaut\u00e9, y compris le personnel, les b\u00e9n\u00e9voles et les autres survivants, avec d\u00e9cence et courtoisie.<\/li>\n\n\n\n<li><strong>Nous sommes tous imparfaits<\/strong>: En tant qu'\u00e9quipe, nous faisons de notre mieux pour servir une communaut\u00e9 complexe et mondiale. Nous reconnaissons que nous pouvons toujours nous am\u00e9liorer et nous sommes ouverts aux commentaires.<\/li>\n\n\n\n<li><strong>Les commentaires constructifs sont les bienvenus<\/strong>: Nous appr\u00e9cions et encourageons les suggestions d'am\u00e9lioration, mais nous demandons qu'elles soient partag\u00e9es avec respect. Les insultes et les attaques personnelles ne sont jamais acceptables.<\/li>\n\n\n\n<li><strong>Il est important de comprendre<\/strong>: De nombreux membres de notre communaut\u00e9 peuvent souffrir de l\u00e9sions c\u00e9r\u00e9brales ou de probl\u00e8mes de sant\u00e9 qui ont un impact sur la communication et le comportement. Nous vous invitons \u00e0 faire preuve d'empathie et de patience dans votre approche des autres.<\/li>\n\n\n\n<li><strong>Notre espace est destin\u00e9 au soutien et \u00e0 la gu\u00e9rison<\/strong>: Travaillons ensemble pour que cet environnement reste positif et accueillant pour tous.<\/li>\n<\/ul>\n\n\n\n<p>Notre \u00e9quipe, compos\u00e9e de soignants, de survivants et de professionnels d\u00e9vou\u00e9s \u00e0 la recherche, \u00e0 la d\u00e9fense des droits et \u00e0 la gestion d'organisations \u00e0 but non lucratif, est unie dans la mission d'am\u00e9liorer la vie des patients. Nous travaillons tous dans le m\u00eame but et nous demandons un respect mutuel dans notre collaboration pour cr\u00e9er ensemble un changement positif.<br><br>Merci de faire partie de notre communaut\u00e9 ! Les questions ou pr\u00e9occupations peuvent \u00eatre adress\u00e9es \u00e0 <a href=\"mailto:outreach@rawoodfoundation.org\">outreach@rawoodfoundation.org<\/a>.<\/p>\n\n\n\n<p><\/p>","protected":false},"excerpt":{"rendered":"<p>\u00c0 la Fondation Raymond A. Wood, nous nous engageons \u00e0 favoriser une communaut\u00e9 enracin\u00e9e dans le respect, ... <a title=\"Lignes directrices communautaires\" class=\"read-more\" href=\"https:\/\/www.rawoodfoundation.org\/fr\/community-guidelines\/\" aria-label=\"En savoir plus sur les lignes directrices de la Communaut\u00e9\">Lire plus<\/a><\/p>","protected":false},"author":4,"featured_media":0,"parent":0,"menu_order":14,"comment_status":"closed","ping_status":"closed","template":"","meta":{"_acf_changed":false,"footnotes":""},"class_list":{"0":"post-12337","1":"page","2":"type-page","3":"status-publish","5":"no-featured-image-padding"},"acf":[],"yoast_head":"<!-- This site is optimized with the Yoast SEO plugin v27.3 - https:\/\/yoast.com\/product\/yoast-seo-wordpress\/ -->\n<title>Community Guidelines - Raymond A. Wood Foundation<\/title>\n<meta name=\"robots\" content=\"index, follow, max-snippet:-1, max-image-preview:large, max-video-preview:-1\" \/>\n<link rel=\"canonical\" href=\"https:\/\/www.rawoodfoundation.org\/fr\/lignes-directrices-de-la-communaute\/\" \/>\n<meta property=\"og:locale\" content=\"fr_FR\" \/>\n<meta property=\"og:type\" content=\"article\" \/>\n<meta property=\"og:title\" content=\"Community Guidelines - Raymond A. Wood Foundation\" \/>\n<meta property=\"og:description\" content=\"At the Raymond A. Wood Foundation, we are committed to fostering a community rooted in&nbsp;respect, ... Lire plus\" \/>\n<meta property=\"og:url\" content=\"https:\/\/www.rawoodfoundation.org\/fr\/lignes-directrices-de-la-communaute\/\" \/>\n<meta property=\"og:site_name\" content=\"Raymond A. Wood Foundation\" \/>\n<meta property=\"article:publisher\" content=\"https:\/\/www.facebook.com\/rawoodfoundation\" \/>\n<meta property=\"article:modified_time\" content=\"2025-12-23T04:20:51+00:00\" \/>\n<meta property=\"og:image\" content=\"https:\/\/www.rawoodfoundation.org\/wp-content\/uploads\/2025\/12\/Community-Guidelines.webp\" \/>\n\t<meta property=\"og:image:width\" content=\"1920\" \/>\n\t<meta property=\"og:image:height\" content=\"1080\" \/>\n\t<meta property=\"og:image:type\" content=\"image\/webp\" \/>\n<meta name=\"twitter:card\" content=\"summary_large_image\" \/>\n<meta name=\"twitter:image\" content=\"https:\/\/www.rawoodfoundation.org\/wp-content\/uploads\/2025\/12\/Community-Guidelines.webp\" \/>\n<meta name=\"twitter:site\" content=\"@rawoodfound\" \/>\n<meta name=\"twitter:label1\" content=\"Est. reading time\" \/>\n\t<meta name=\"twitter:data1\" content=\"2 minutes\" \/>\n<script type=\"application\/ld+json\" class=\"yoast-schema-graph\">{\"@context\":\"https:\\\/\\\/schema.org\",\"@graph\":[{\"@type\":\"WebPage\",\"@id\":\"https:\\\/\\\/www.rawoodfoundation.org\\\/community-guidelines\\\/\",\"url\":\"https:\\\/\\\/www.rawoodfoundation.org\\\/community-guidelines\\\/\",\"name\":\"Community Guidelines - Raymond A. Wood Foundation\",\"isPartOf\":{\"@id\":\"https:\\\/\\\/www.rawoodfoundation.org\\\/#website\"},\"datePublished\":\"2025-04-01T13:47:14+00:00\",\"dateModified\":\"2025-12-23T04:20:51+00:00\",\"breadcrumb\":{\"@id\":\"https:\\\/\\\/www.rawoodfoundation.org\\\/community-guidelines\\\/#breadcrumb\"},\"inLanguage\":\"fr-FR\",\"potentialAction\":[{\"@type\":\"ReadAction\",\"target\":[\"https:\\\/\\\/www.rawoodfoundation.org\\\/community-guidelines\\\/\"]}]},{\"@type\":\"BreadcrumbList\",\"@id\":\"https:\\\/\\\/www.rawoodfoundation.org\\\/community-guidelines\\\/#breadcrumb\",\"itemListElement\":[{\"@type\":\"ListItem\",\"position\":1,\"name\":\"Home\",\"item\":\"https:\\\/\\\/www.rawoodfoundation.org\\\/\"},{\"@type\":\"ListItem\",\"position\":2,\"name\":\"Community Guidelines\"}]},{\"@type\":\"WebSite\",\"@id\":\"https:\\\/\\\/www.rawoodfoundation.org\\\/#website\",\"url\":\"https:\\\/\\\/www.rawoodfoundation.org\\\/\",\"name\":\"Raymond A. Wood Foundation\",\"description\":\"The mission of the RAWF is to provide quality of life support for childhood brain tumor survivors and their families.\",\"publisher\":{\"@id\":\"https:\\\/\\\/www.rawoodfoundation.org\\\/#organization\"},\"potentialAction\":[{\"@type\":\"SearchAction\",\"target\":{\"@type\":\"EntryPoint\",\"urlTemplate\":\"https:\\\/\\\/www.rawoodfoundation.org\\\/?s={search_term_string}\"},\"query-input\":{\"@type\":\"PropertyValueSpecification\",\"valueRequired\":true,\"valueName\":\"search_term_string\"}}],\"inLanguage\":\"fr-FR\"},{\"@type\":\"Organization\",\"@id\":\"https:\\\/\\\/www.rawoodfoundation.org\\\/#organization\",\"name\":\"Raymond A. Wood Foundation\",\"url\":\"https:\\\/\\\/www.rawoodfoundation.org\\\/\",\"logo\":{\"@type\":\"ImageObject\",\"inLanguage\":\"fr-FR\",\"@id\":\"https:\\\/\\\/www.rawoodfoundation.org\\\/#\\\/schema\\\/logo\\\/image\\\/\",\"url\":\"https:\\\/\\\/www.rawoodfoundation.org\\\/wp-content\\\/uploads\\\/2023\\\/07\\\/Raymond-A-Wood-Foundation-logo.webp\",\"contentUrl\":\"https:\\\/\\\/www.rawoodfoundation.org\\\/wp-content\\\/uploads\\\/2023\\\/07\\\/Raymond-A-Wood-Foundation-logo.webp\",\"width\":470,\"height\":128,\"caption\":\"Raymond A. Wood Foundation\"},\"image\":{\"@id\":\"https:\\\/\\\/www.rawoodfoundation.org\\\/#\\\/schema\\\/logo\\\/image\\\/\"},\"sameAs\":[\"https:\\\/\\\/www.facebook.com\\\/rawoodfoundation\",\"https:\\\/\\\/x.com\\\/rawoodfound\"]}]}<\/script>\n<!-- \/ Yoast SEO plugin. -->","yoast_head_json":{"title":"Lignes directrices pour la communaut\u00e9 - Raymond A. Wood Foundation","robots":{"index":"index","follow":"follow","max-snippet":"max-snippet:-1","max-image-preview":"max-image-preview:large","max-video-preview":"max-video-preview:-1"},"canonical":"https:\/\/www.rawoodfoundation.org\/fr\/lignes-directrices-de-la-communaute\/","og_locale":"fr_FR","og_type":"article","og_title":"Community Guidelines - Raymond A. Wood Foundation","og_description":"At the Raymond A. Wood Foundation, we are committed to fostering a community rooted in&nbsp;respect, ... Lire plus","og_url":"https:\/\/www.rawoodfoundation.org\/fr\/lignes-directrices-de-la-communaute\/","og_site_name":"Raymond A. Wood Foundation","article_publisher":"https:\/\/www.facebook.com\/rawoodfoundation","article_modified_time":"2025-12-23T04:20:51+00:00","og_image":[{"width":1920,"height":1080,"url":"https:\/\/www.rawoodfoundation.org\/wp-content\/uploads\/2025\/12\/Community-Guidelines.webp","type":"image\/webp"}],"twitter_card":"summary_large_image","twitter_image":"https:\/\/www.rawoodfoundation.org\/wp-content\/uploads\/2025\/12\/Community-Guidelines.webp","twitter_site":"@rawoodfound","twitter_misc":{"Est. reading time":"2 minutes"},"schema":{"@context":"https:\/\/schema.org","@graph":[{"@type":"WebPage","@id":"https:\/\/www.rawoodfoundation.org\/community-guidelines\/","url":"https:\/\/www.rawoodfoundation.org\/community-guidelines\/","name":"Lignes directrices pour la communaut\u00e9 - Raymond A. Wood Foundation","isPartOf":{"@id":"https:\/\/www.rawoodfoundation.org\/#website"},"datePublished":"2025-04-01T13:47:14+00:00","dateModified":"2025-12-23T04:20:51+00:00","breadcrumb":{"@id":"https:\/\/www.rawoodfoundation.org\/community-guidelines\/#breadcrumb"},"inLanguage":"fr-FR","potentialAction":[{"@type":"ReadAction","target":["https:\/\/www.rawoodfoundation.org\/community-guidelines\/"]}]},{"@type":"BreadcrumbList","@id":"https:\/\/www.rawoodfoundation.org\/community-guidelines\/#breadcrumb","itemListElement":[{"@type":"ListItem","position":1,"name":"Home","item":"https:\/\/www.rawoodfoundation.org\/"},{"@type":"ListItem","position":2,"name":"Community Guidelines"}]},{"@type":"WebSite","@id":"https:\/\/www.rawoodfoundation.org\/#website","url":"https:\/\/www.rawoodfoundation.org\/","name":"Fondation Raymond A. Wood","description":"La mission de la RAWF est d'apporter un soutien \u00e0 la qualit\u00e9 de vie des survivants de tumeurs c\u00e9r\u00e9brales infantiles et de leurs familles.","publisher":{"@id":"https:\/\/www.rawoodfoundation.org\/#organization"},"potentialAction":[{"@type":"SearchAction","target":{"@type":"EntryPoint","urlTemplate":"https:\/\/www.rawoodfoundation.org\/?s={search_term_string}"},"query-input":{"@type":"PropertyValueSpecification","valueRequired":true,"valueName":"search_term_string"}}],"inLanguage":"fr-FR"},{"@type":"Organization","@id":"https:\/\/www.rawoodfoundation.org\/#organization","name":"Fondation Raymond A. Wood","url":"https:\/\/www.rawoodfoundation.org\/","logo":{"@type":"ImageObject","inLanguage":"fr-FR","@id":"https:\/\/www.rawoodfoundation.org\/#\/schema\/logo\/image\/","url":"https:\/\/www.rawoodfoundation.org\/wp-content\/uploads\/2023\/07\/Raymond-A-Wood-Foundation-logo.webp","contentUrl":"https:\/\/www.rawoodfoundation.org\/wp-content\/uploads\/2023\/07\/Raymond-A-Wood-Foundation-logo.webp","width":470,"height":128,"caption":"Raymond A. Wood Foundation"},"image":{"@id":"https:\/\/www.rawoodfoundation.org\/#\/schema\/logo\/image\/"},"sameAs":["https:\/\/www.facebook.com\/rawoodfoundation","https:\/\/x.com\/rawoodfound"]}]}},"_links":{"self":[{"href":"https:\/\/www.rawoodfoundation.org\/fr\/wp-json\/wp\/v2\/pages\/12337","targetHints":{"allow":["GET"]}}],"collection":[{"href":"https:\/\/www.rawoodfoundation.org\/fr\/wp-json\/wp\/v2\/pages"}],"about":[{"href":"https:\/\/www.rawoodfoundation.org\/fr\/wp-json\/wp\/v2\/types\/page"}],"author":[{"embeddable":true,"href":"https:\/\/www.rawoodfoundation.org\/fr\/wp-json\/wp\/v2\/users\/4"}],"replies":[{"embeddable":true,"href":"https:\/\/www.rawoodfoundation.org\/fr\/wp-json\/wp\/v2\/comments?post=12337"}],"version-history":[{"count":4,"href":"https:\/\/www.rawoodfoundation.org\/fr\/wp-json\/wp\/v2\/pages\/12337\/revisions"}],"predecessor-version":[{"id":17511,"href":"https:\/\/www.rawoodfoundation.org\/fr\/wp-json\/wp\/v2\/pages\/12337\/revisions\/17511"}],"wp:attachment":[{"href":"https:\/\/www.rawoodfoundation.org\/fr\/wp-json\/wp\/v2\/media?parent=12337"}],"curies":[{"name":"wp","href":"https:\/\/api.w.org\/{rel}","templated":true}]}}