{"id":12209,"date":"2025-03-25T18:32:20","date_gmt":"2025-03-25T18:32:20","guid":{"rendered":"https:\/\/www.rawoodfoundation.org\/?page_id=12209"},"modified":"2026-02-19T15:37:53","modified_gmt":"2026-02-19T15:37:53","slug":"movingforamission","status":"publish","type":"page","link":"https:\/\/www.rawoodfoundation.org\/fr\/movingforamission\/","title":{"rendered":"Se d\u00e9placer pour une mission : Courir avec un objectif"},"content":{"rendered":"<h2 class=\"wp-block-heading\">Donnez un sens \u00e0 vos kilom\u00e8tres en courant ou en marchant en l'honneur des survivants des tumeurs c\u00e9r\u00e9brales et de leurs familles.<\/h2>\n\n\n\n<div class=\"wp-block-columns is-layout-flex wp-container-core-columns-is-layout-9d6595d7 wp-block-columns-is-layout-flex\">\n<div class=\"wp-block-column is-layout-flow wp-block-column-is-layout-flow\">\n<p>Vous courez une course cette ann\u00e9e ou vous marchez pour une cause ? Que vous vous pr\u00e9pariez \u00e0 un 5 km, \u00e0 un semi-marathon ou \u00e0 votre propre parcours de mise en forme, faites-le dans un but pr\u00e9cis en vous joignant \u00e0 l'\u00e9quipe de l'Association canadienne du diab\u00e8te. <strong>D\u00e9m\u00e9nager pour une mission<\/strong>!<\/p>\n\n\n\n<p>En tant que participant, vous recevrez un <strong>dossard personnalisable<\/strong> \u00e0 porter pendant votre course ou votre entra\u00eenement. Ces dossards sont gratuits pour les coureurs et vous permettent d'afficher fi\u00e8rement votre soutien \u00e0 la <strong>Fondation Raymond A. Wood<\/strong> et les survivants de tumeurs c\u00e9r\u00e9brales hypothalamo-hypophysaires.<\/p>\n\n\n\n<p>En bougeant pour une mission, vous ne vous contentez pas d'atteindre une ligne d'arriv\u00e9e. Vous sensibilisez la communaut\u00e9 \u00e0 une tumeur c\u00e9r\u00e9brale rare et vous nous aidez \u00e0 faire avancer nos travaux de recherche, de d\u00e9fense et de soutien.<\/p>\n<\/div>\n\n\n\n<div class=\"wp-block-column is-layout-flow wp-block-column-is-layout-flow\">\n<figure class=\"wp-block-image size-large\"><img decoding=\"async\" width=\"1024\" height=\"1024\" src=\"https:\/\/www.rawoodfoundation.org\/wp-content\/uploads\/2025\/03\/John-1024x1024.png\" alt=\"Dossard\" class=\"wp-image-12214\" srcset=\"https:\/\/www.rawoodfoundation.org\/wp-content\/uploads\/2025\/03\/John-1024x1024.png 1024w, https:\/\/www.rawoodfoundation.org\/wp-content\/uploads\/2025\/03\/John-300x300.png 300w, https:\/\/www.rawoodfoundation.org\/wp-content\/uploads\/2025\/03\/John-150x150.png 150w, https:\/\/www.rawoodfoundation.org\/wp-content\/uploads\/2025\/03\/John-768x768.png 768w, https:\/\/www.rawoodfoundation.org\/wp-content\/uploads\/2025\/03\/John-12x12.png 12w, https:\/\/www.rawoodfoundation.org\/wp-content\/uploads\/2025\/03\/John-330x330.png 330w, https:\/\/www.rawoodfoundation.org\/wp-content\/uploads\/2025\/03\/John.png 1080w\" sizes=\"(max-width: 1024px) 100vw, 1024px\" \/><\/figure>\n<\/div>\n<\/div>\n\n\n\n<p><\/p>\n\n\n\n<h3 class=\"wp-block-heading\">Ce que vous obtenez lorsque vous vous pr\u00e9sentez pour RAWF :<\/h3>\n\n\n\n<ul class=\"wp-block-list\">\n<li>A <strong>dossard personnalisable<\/strong> envoy\u00e9 par la poste (gratuit pour les r\u00e9sidents des \u00c9tats-Unis)<\/li>\n\n\n\n<li>Un badge num\u00e9rique \u00e0 partager sur les m\u00e9dias sociaux<\/li>\n\n\n\n<li>Un kit de collecte de fonds optionnel si vous souhaitez collecter des fonds pendant votre entra\u00eenement.<\/li>\n\n\n\n<li>Sentiment d'appartenance \u00e0 une cause importante<\/li>\n<\/ul>\n\n\n\n<h3 class=\"wp-block-heading\">Qui peut s'inscrire ?<\/h3>\n\n\n\n<p>Toute personne qui participe \u00e0 une course, quelle qu'en soit la distance, ou qui souhaite simplement consacrer ses promenades, ses courses ou ses s\u00e9ances d'entra\u00eenement \u00e0 un objectif plus important.<\/p>\n\n\n\n<p>Pour commencer, contactez-nous \u00e0 l'adresse suivante <a href=\"mailto:development@rawoodfoundation.org\">development@rawoodfoundation.org<\/a> ou <a href=\"https:\/\/givebutter.com\/movingforRAWF\" target=\"_blank\" rel=\"noreferrer noopener\">Cr\u00e9ez votre page de collecte de fonds ici<\/a>.<\/p>\n\n\n\n<hr class=\"wp-block-separator has-alpha-channel-opacity\"\/>\n\n\n\n<h3 class=\"wp-block-heading\">Rejoignez nos \u00e9quipes de course : \u00c9v\u00e9nements \u00e0 venir<\/h3>\n\n\n\n<p><strong>Chaque kilom\u00e8tre raconte une histoire.<\/strong><\/p>\n\n\n\n<p>Nous sommes fiers de nous associer \u00e0 des courses \u00e0 pied qui ont choisi la Fondation Raymond A. Wood comme partenaire caritatif officiel. Ces courses sont l'occasion d'alimenter la recherche, la d\u00e9fense des int\u00e9r\u00eats et le soutien aux survivants des tumeurs c\u00e9r\u00e9brales hypothalamo-hypophysaires, qui changent leur vie.<\/p>\n\n\n\n<p>Lorsque vous courez avec nous, vous faites plus que franchir une ligne d'arriv\u00e9e. Vous contribuez \u00e0 faire avancer la recherche, \u00e0 renforcer notre registre de patients et \u00e0 am\u00e9liorer la qualit\u00e9 de vie des familles qui doivent faire face \u00e0 des situations complexes de survie.<\/p>\n\n\n\n<p>Que vous soyez un marathonien chevronn\u00e9 ou que vous participiez \u00e0 votre premier 8 km, il y a une place pour vous dans l'\u00e9quipe RAWF.<\/p>\n\n\n\n<h3 class=\"wp-block-heading\">Pourquoi courir avec nous ?<\/h3>\n\n\n\n<ul class=\"wp-block-list\">\n<li>Collecter des fonds pour soutenir directement la recherche fondamentale<\/li>\n\n\n\n<li>Sensibiliser les survivants de tumeurs c\u00e9r\u00e9brales rares<\/li>\n\n\n\n<li>Rejoindre une communaut\u00e9 qui comprend la r\u00e9silience<\/li>\n\n\n\n<li>Transformer les kilom\u00e8tres personnels en un impact significatif<\/li>\n<\/ul>\n\n\n\n<h3 class=\"wp-block-heading\">\u00c9v\u00e9nements \u00e0 venir<\/h3>\n\n\n\n<p><strong>Semi-marathon de New York<\/strong>&nbsp;<br>Dimanche 15 mars 2026<\/p>\n\n\n<div class=\"wp-block-image\">\n<figure class=\"alignright size-large is-resized\"><img decoding=\"async\" width=\"1024\" height=\"1024\" src=\"https:\/\/www.rawoodfoundation.org\/wp-content\/uploads\/2026\/02\/1-1024x1024.png\" alt=\"\" class=\"wp-image-18705\" style=\"width:500px\" srcset=\"https:\/\/www.rawoodfoundation.org\/wp-content\/uploads\/2026\/02\/1-1024x1024.png 1024w, https:\/\/www.rawoodfoundation.org\/wp-content\/uploads\/2026\/02\/1-300x300.png 300w, https:\/\/www.rawoodfoundation.org\/wp-content\/uploads\/2026\/02\/1-150x150.png 150w, https:\/\/www.rawoodfoundation.org\/wp-content\/uploads\/2026\/02\/1-768x768.png 768w, https:\/\/www.rawoodfoundation.org\/wp-content\/uploads\/2026\/02\/1-12x12.png 12w, https:\/\/www.rawoodfoundation.org\/wp-content\/uploads\/2026\/02\/1-330x330.png 330w, https:\/\/www.rawoodfoundation.org\/wp-content\/uploads\/2026\/02\/1.png 1080w\" sizes=\"(max-width: 1024px) 100vw, 1024px\" \/><\/figure><\/div>\n\n\n<p>La Raymond A. Wood Foundation est un partenaire caritatif du NYC Half Marathon 2026.&nbsp;<br>&nbsp;<br>Notre \u00e9quipe de 5 personnes est pr\u00eate \u00e0 vivre une exp\u00e9rience inoubliable en courant dans les rues de New York tout en soutenant notre mission qui consiste \u00e0 am\u00e9liorer la qualit\u00e9 de vie des survivants de tumeurs c\u00e9r\u00e9brales. Cette course de 13,1 miles est le plus grand semi-marathon des \u00c9tats-Unis. Elle traverse des lieux embl\u00e9matiques de New York tels que le pont de Brooklyn et Times Square.&nbsp;&nbsp;<\/p>\n\n\n\n<p>Bien que notre \u00e9quipe soit compl\u00e8te pour cette ann\u00e9e, vous pouvez soutenir l'\u00e9quipe et nos objectifs en faisant un don ! Chaque dollar que nous collectons contribue \u00e0 la recherche, aux programmes et au soutien des survivants des tumeurs c\u00e9r\u00e9brales hypothalamo-hypophysaires et de leurs soignants. Restez \u00e0 l'\u00e9coute l'ann\u00e9e prochaine pour avoir la possibilit\u00e9 de rejoindre notre \u00e9quipe de course.<\/p>\n\n\n\n<a class=\"gb-button gb-button-a49efad7 gb-button-text\" href=\"https:\/\/givebutter.com\/2026TeamRAWFNYC\u00a0\u00a0\" target=\"_blank\" rel=\"noopener noreferrer\">Faire un don<\/a>\n\n\n\n<p><\/p>\n\n\n\n<div style=\"height:70px\" aria-hidden=\"true\" class=\"wp-block-spacer\"><\/div>\n\n\n\n<p><strong>Marathon de Philadelphie<\/strong>&nbsp;<br>Samedi 21 novembre - Dimanche 22 novembre<\/p>\n\n\n<div class=\"wp-block-image\">\n<figure class=\"alignright size-large is-resized\"><img decoding=\"async\" width=\"1024\" height=\"1024\" src=\"https:\/\/www.rawoodfoundation.org\/wp-content\/uploads\/2026\/02\/2-1024x1024.png\" alt=\"\" class=\"wp-image-18704\" style=\"width:500px\" srcset=\"https:\/\/www.rawoodfoundation.org\/wp-content\/uploads\/2026\/02\/2-1024x1024.png 1024w, https:\/\/www.rawoodfoundation.org\/wp-content\/uploads\/2026\/02\/2-300x300.png 300w, https:\/\/www.rawoodfoundation.org\/wp-content\/uploads\/2026\/02\/2-150x150.png 150w, https:\/\/www.rawoodfoundation.org\/wp-content\/uploads\/2026\/02\/2-768x768.png 768w, https:\/\/www.rawoodfoundation.org\/wp-content\/uploads\/2026\/02\/2-12x12.png 12w, https:\/\/www.rawoodfoundation.org\/wp-content\/uploads\/2026\/02\/2-330x330.png 330w, https:\/\/www.rawoodfoundation.org\/wp-content\/uploads\/2026\/02\/2.png 1080w\" sizes=\"(max-width: 1024px) 100vw, 1024px\" \/><\/figure><\/div>\n\n\n<p>La Raymond A. Wood Foundation est un partenaire caritatif de la s\u00e9rie de marathons de Philadelphie 2026. Cette s\u00e9rie comprend le marathon complet, le semi-marathon et le 8 km.&nbsp;&nbsp;<\/p>\n\n\n\n<p>Notre \u00e9quipe courra \u00e0 travers les quartiers les plus pittoresques et les plus historiques de Philadelphie, depuis les rues charg\u00e9es d'histoire de la vieille ville jusqu'au mus\u00e9e d'art de Philadelphie.&nbsp;<\/p>\n\n\n\n<p>Notre mission avec ces 3 courses passionnantes est de collecter des fonds pour soutenir notre mission d'am\u00e9liorer la qualit\u00e9 de vie des survivants de tumeurs c\u00e9r\u00e9brales.&nbsp;&nbsp;<\/p>\n\n\n\n<p><strong>Rejoignez notre \u00e9quipe ! <\/strong>Courriel <a href=\"mailto:development@rawoodfoundation.org\">development@rawoodfoundation.org<\/a> pour r\u00e9server votre place.<\/p>\n\n\n\n<p><\/p>\n\n\n\n<p><\/p>\n\n\n\n<hr class=\"wp-block-separator has-alpha-channel-opacity\"\/>\n\n\n\n<h3 class=\"wp-block-heading has-text-align-center\"><strong>Pr\u00eat \u00e0 agir avec d\u00e9termination ?<\/strong><\/h3>\n\n\n\n<p class=\"has-text-align-center\">Choisissez votre course, revendiquez votre place et transformez vos kilom\u00e8tres en \u00e9lan pour les survivants du monde entier. <\/p>\n\n\n<div class=\"wp-block-image\">\n<figure class=\"aligncenter size-full\"><img decoding=\"async\" width=\"360\" height=\"103\" src=\"https:\/\/www.rawoodfoundation.org\/wp-content\/uploads\/2026\/02\/moving-mission.png\" alt=\"\" class=\"wp-image-18709\" srcset=\"https:\/\/www.rawoodfoundation.org\/wp-content\/uploads\/2026\/02\/moving-mission.png 360w, https:\/\/www.rawoodfoundation.org\/wp-content\/uploads\/2026\/02\/moving-mission-300x86.png 300w, https:\/\/www.rawoodfoundation.org\/wp-content\/uploads\/2026\/02\/moving-mission-18x5.png 18w\" sizes=\"(max-width: 360px) 100vw, 360px\" \/><\/figure><\/div>\n\n<div class=\"gb-container gb-container-827fe11f\">\n\n<a class=\"gb-button gb-button-6a98a46a gb-button-text\" href=\"https:\/\/givebutter.com\/movingforRAWF\" target=\"_blank\" rel=\"noopener noreferrer\">Rejoindre notre \u00e9quipe<\/a>\n\n<\/div>\n\n\n<p><\/p>","protected":false},"excerpt":{"rendered":"<p>Donnez un sens \u00e0 vos kilom\u00e8tres en courant ou en marchant en l'honneur des survivants des tumeurs c\u00e9r\u00e9brales ... <a title=\"Se d\u00e9placer pour une mission : Courir avec un objectif\" class=\"read-more\" href=\"https:\/\/www.rawoodfoundation.org\/fr\/movingforamission\/\" aria-label=\"Plus d&#039;informations sur Moving for a Mission : Courir avec un objectif\">Lire plus<\/a><\/p>","protected":false},"author":4,"featured_media":0,"parent":0,"menu_order":12,"comment_status":"closed","ping_status":"closed","template":"","meta":{"_acf_changed":false,"footnotes":""},"class_list":{"0":"post-12209","1":"page","2":"type-page","3":"status-publish","5":"no-featured-image-padding"},"acf":[],"yoast_head":"<!-- This site is optimized with the Yoast SEO plugin v25.0 - https:\/\/yoast.com\/wordpress\/plugins\/seo\/ -->\n<title>Moving for a Mission: Run with Purpose - Raymond A. Wood Foundation<\/title>\n<meta name=\"robots\" content=\"index, follow, max-snippet:-1, max-image-preview:large, max-video-preview:-1\" \/>\n<link rel=\"canonical\" href=\"https:\/\/www.rawoodfoundation.org\/fr\/movingforamission\/\" \/>\n<meta property=\"og:locale\" content=\"fr_FR\" \/>\n<meta property=\"og:type\" content=\"article\" \/>\n<meta property=\"og:title\" content=\"Moving for a Mission: Run with Purpose - Raymond A. Wood Foundation\" \/>\n<meta property=\"og:description\" content=\"Turn your miles into meaning by running or walking in honor of brain tumor survivors ... Lire plus\" \/>\n<meta property=\"og:url\" content=\"https:\/\/www.rawoodfoundation.org\/fr\/movingforamission\/\" \/>\n<meta property=\"og:site_name\" content=\"Raymond A. Wood Foundation\" \/>\n<meta property=\"article:publisher\" content=\"https:\/\/www.facebook.com\/rawoodfoundation\" \/>\n<meta property=\"article:modified_time\" content=\"2026-02-19T15:37:53+00:00\" \/>\n<meta property=\"og:image\" content=\"https:\/\/www.rawoodfoundation.org\/wp-content\/uploads\/2025\/03\/John.png\" \/>\n\t<meta property=\"og:image:width\" content=\"1080\" \/>\n\t<meta property=\"og:image:height\" content=\"1080\" \/>\n\t<meta property=\"og:image:type\" content=\"image\/png\" \/>\n<meta name=\"twitter:card\" content=\"summary_large_image\" \/>\n<meta name=\"twitter:site\" content=\"@rawoodfound\" \/>\n<meta name=\"twitter:label1\" content=\"Est. reading time\" \/>\n\t<meta name=\"twitter:data1\" content=\"4 minutes\" \/>\n<script type=\"application\/ld+json\" class=\"yoast-schema-graph\">{\"@context\":\"https:\/\/schema.org\",\"@graph\":[{\"@type\":\"WebPage\",\"@id\":\"https:\/\/www.rawoodfoundation.org\/movingforamission\/\",\"url\":\"https:\/\/www.rawoodfoundation.org\/movingforamission\/\",\"name\":\"Moving for a Mission: Run with Purpose - Raymond A. Wood Foundation\",\"isPartOf\":{\"@id\":\"https:\/\/www.rawoodfoundation.org\/#website\"},\"primaryImageOfPage\":{\"@id\":\"https:\/\/www.rawoodfoundation.org\/movingforamission\/#primaryimage\"},\"image\":{\"@id\":\"https:\/\/www.rawoodfoundation.org\/movingforamission\/#primaryimage\"},\"thumbnailUrl\":\"https:\/\/www.rawoodfoundation.org\/wp-content\/uploads\/2025\/03\/John-1024x1024.png\",\"datePublished\":\"2025-03-25T18:32:20+00:00\",\"dateModified\":\"2026-02-19T15:37:53+00:00\",\"breadcrumb\":{\"@id\":\"https:\/\/www.rawoodfoundation.org\/movingforamission\/#breadcrumb\"},\"inLanguage\":\"fr-FR\",\"potentialAction\":[{\"@type\":\"ReadAction\",\"target\":[\"https:\/\/www.rawoodfoundation.org\/movingforamission\/\"]}]},{\"@type\":\"ImageObject\",\"inLanguage\":\"fr-FR\",\"@id\":\"https:\/\/www.rawoodfoundation.org\/movingforamission\/#primaryimage\",\"url\":\"https:\/\/www.rawoodfoundation.org\/wp-content\/uploads\/2025\/03\/John-1024x1024.png\",\"contentUrl\":\"https:\/\/www.rawoodfoundation.org\/wp-content\/uploads\/2025\/03\/John-1024x1024.png\"},{\"@type\":\"BreadcrumbList\",\"@id\":\"https:\/\/www.rawoodfoundation.org\/movingforamission\/#breadcrumb\",\"itemListElement\":[{\"@type\":\"ListItem\",\"position\":1,\"name\":\"Home\",\"item\":\"https:\/\/www.rawoodfoundation.org\/\"},{\"@type\":\"ListItem\",\"position\":2,\"name\":\"Moving for a Mission: Run with Purpose\"}]},{\"@type\":\"WebSite\",\"@id\":\"https:\/\/www.rawoodfoundation.org\/#website\",\"url\":\"https:\/\/www.rawoodfoundation.org\/\",\"name\":\"Raymond A. Wood Foundation\",\"description\":\"The mission of the RAWF is to provide quality of life support for childhood brain tumor survivors and their families.\",\"publisher\":{\"@id\":\"https:\/\/www.rawoodfoundation.org\/#organization\"},\"potentialAction\":[{\"@type\":\"SearchAction\",\"target\":{\"@type\":\"EntryPoint\",\"urlTemplate\":\"https:\/\/www.rawoodfoundation.org\/?s={search_term_string}\"},\"query-input\":{\"@type\":\"PropertyValueSpecification\",\"valueRequired\":true,\"valueName\":\"search_term_string\"}}],\"inLanguage\":\"fr-FR\"},{\"@type\":\"Organization\",\"@id\":\"https:\/\/www.rawoodfoundation.org\/#organization\",\"name\":\"Raymond A. Wood Foundation\",\"url\":\"https:\/\/www.rawoodfoundation.org\/\",\"logo\":{\"@type\":\"ImageObject\",\"inLanguage\":\"fr-FR\",\"@id\":\"https:\/\/www.rawoodfoundation.org\/#\/schema\/logo\/image\/\",\"url\":\"https:\/\/www.rawoodfoundation.org\/wp-content\/uploads\/2023\/07\/Raymond-A-Wood-Foundation-logo.webp\",\"contentUrl\":\"https:\/\/www.rawoodfoundation.org\/wp-content\/uploads\/2023\/07\/Raymond-A-Wood-Foundation-logo.webp\",\"width\":470,\"height\":128,\"caption\":\"Raymond A. Wood Foundation\"},\"image\":{\"@id\":\"https:\/\/www.rawoodfoundation.org\/#\/schema\/logo\/image\/\"},\"sameAs\":[\"https:\/\/www.facebook.com\/rawoodfoundation\",\"https:\/\/x.com\/rawoodfound\"]}]}<\/script>\n<!-- \/ Yoast SEO plugin. -->","yoast_head_json":{"title":"Moving for a Mission: Run with Purpose - Raymond A. Wood Foundation","robots":{"index":"index","follow":"follow","max-snippet":"max-snippet:-1","max-image-preview":"max-image-preview:large","max-video-preview":"max-video-preview:-1"},"canonical":"https:\/\/www.rawoodfoundation.org\/fr\/movingforamission\/","og_locale":"fr_FR","og_type":"article","og_title":"Moving for a Mission: Run with Purpose - Raymond A. Wood Foundation","og_description":"Turn your miles into meaning by running or walking in honor of brain tumor survivors ... Lire plus","og_url":"https:\/\/www.rawoodfoundation.org\/fr\/movingforamission\/","og_site_name":"Raymond A. Wood Foundation","article_publisher":"https:\/\/www.facebook.com\/rawoodfoundation","article_modified_time":"2026-02-19T15:37:53+00:00","og_image":[{"width":1080,"height":1080,"url":"https:\/\/www.rawoodfoundation.org\/wp-content\/uploads\/2025\/03\/John.png","type":"image\/png"}],"twitter_card":"summary_large_image","twitter_site":"@rawoodfound","twitter_misc":{"Est. reading time":"4 minutes"},"schema":{"@context":"https:\/\/schema.org","@graph":[{"@type":"WebPage","@id":"https:\/\/www.rawoodfoundation.org\/movingforamission\/","url":"https:\/\/www.rawoodfoundation.org\/movingforamission\/","name":"Moving for a Mission: Run with Purpose - Raymond A. Wood Foundation","isPartOf":{"@id":"https:\/\/www.rawoodfoundation.org\/#website"},"primaryImageOfPage":{"@id":"https:\/\/www.rawoodfoundation.org\/movingforamission\/#primaryimage"},"image":{"@id":"https:\/\/www.rawoodfoundation.org\/movingforamission\/#primaryimage"},"thumbnailUrl":"https:\/\/www.rawoodfoundation.org\/wp-content\/uploads\/2025\/03\/John-1024x1024.png","datePublished":"2025-03-25T18:32:20+00:00","dateModified":"2026-02-19T15:37:53+00:00","breadcrumb":{"@id":"https:\/\/www.rawoodfoundation.org\/movingforamission\/#breadcrumb"},"inLanguage":"fr-FR","potentialAction":[{"@type":"ReadAction","target":["https:\/\/www.rawoodfoundation.org\/movingforamission\/"]}]},{"@type":"ImageObject","inLanguage":"fr-FR","@id":"https:\/\/www.rawoodfoundation.org\/movingforamission\/#primaryimage","url":"https:\/\/www.rawoodfoundation.org\/wp-content\/uploads\/2025\/03\/John-1024x1024.png","contentUrl":"https:\/\/www.rawoodfoundation.org\/wp-content\/uploads\/2025\/03\/John-1024x1024.png"},{"@type":"BreadcrumbList","@id":"https:\/\/www.rawoodfoundation.org\/movingforamission\/#breadcrumb","itemListElement":[{"@type":"ListItem","position":1,"name":"Home","item":"https:\/\/www.rawoodfoundation.org\/"},{"@type":"ListItem","position":2,"name":"Moving for a Mission: Run with Purpose"}]},{"@type":"WebSite","@id":"https:\/\/www.rawoodfoundation.org\/#website","url":"https:\/\/www.rawoodfoundation.org\/","name":"Raymond A. Wood Foundation","description":"The mission of the RAWF is to provide quality of life support for childhood brain tumor survivors and their families.","publisher":{"@id":"https:\/\/www.rawoodfoundation.org\/#organization"},"potentialAction":[{"@type":"SearchAction","target":{"@type":"EntryPoint","urlTemplate":"https:\/\/www.rawoodfoundation.org\/?s={search_term_string}"},"query-input":{"@type":"PropertyValueSpecification","valueRequired":true,"valueName":"search_term_string"}}],"inLanguage":"fr-FR"},{"@type":"Organization","@id":"https:\/\/www.rawoodfoundation.org\/#organization","name":"Raymond A. Wood Foundation","url":"https:\/\/www.rawoodfoundation.org\/","logo":{"@type":"ImageObject","inLanguage":"fr-FR","@id":"https:\/\/www.rawoodfoundation.org\/#\/schema\/logo\/image\/","url":"https:\/\/www.rawoodfoundation.org\/wp-content\/uploads\/2023\/07\/Raymond-A-Wood-Foundation-logo.webp","contentUrl":"https:\/\/www.rawoodfoundation.org\/wp-content\/uploads\/2023\/07\/Raymond-A-Wood-Foundation-logo.webp","width":470,"height":128,"caption":"Raymond A. Wood Foundation"},"image":{"@id":"https:\/\/www.rawoodfoundation.org\/#\/schema\/logo\/image\/"},"sameAs":["https:\/\/www.facebook.com\/rawoodfoundation","https:\/\/x.com\/rawoodfound"]}]}},"_links":{"self":[{"href":"https:\/\/www.rawoodfoundation.org\/fr\/wp-json\/wp\/v2\/pages\/12209","targetHints":{"allow":["GET"]}}],"collection":[{"href":"https:\/\/www.rawoodfoundation.org\/fr\/wp-json\/wp\/v2\/pages"}],"about":[{"href":"https:\/\/www.rawoodfoundation.org\/fr\/wp-json\/wp\/v2\/types\/page"}],"author":[{"embeddable":true,"href":"https:\/\/www.rawoodfoundation.org\/fr\/wp-json\/wp\/v2\/users\/4"}],"replies":[{"embeddable":true,"href":"https:\/\/www.rawoodfoundation.org\/fr\/wp-json\/wp\/v2\/comments?post=12209"}],"version-history":[{"count":9,"href":"https:\/\/www.rawoodfoundation.org\/fr\/wp-json\/wp\/v2\/pages\/12209\/revisions"}],"predecessor-version":[{"id":18722,"href":"https:\/\/www.rawoodfoundation.org\/fr\/wp-json\/wp\/v2\/pages\/12209\/revisions\/18722"}],"wp:attachment":[{"href":"https:\/\/www.rawoodfoundation.org\/fr\/wp-json\/wp\/v2\/media?parent=12209"}],"curies":[{"name":"wp","href":"https:\/\/api.w.org\/{rel}","templated":true}]}}