{"id":11313,"date":"2025-01-26T15:56:26","date_gmt":"2025-01-26T15:56:26","guid":{"rendered":"https:\/\/www.rawoodfoundation.org\/?page_id=11313"},"modified":"2025-04-03T18:40:53","modified_gmt":"2025-04-03T18:40:53","slug":"ambassadeur","status":"publish","type":"page","link":"https:\/\/www.rawoodfoundation.org\/fr\/ambassador\/","title":{"rendered":"Programme d'ambassadeurs de la Fondation Raymond A. Wood"},"content":{"rendered":"<h2 class=\"wp-block-heading\">Devenez un champion pour les familles atteintes d'une tumeur c\u00e9r\u00e9brale rare<\/h2>\n\n\n\n<p>Le programme d'ambassadeurs de la Fondation Raymond A. Wood permet \u00e0 des personnes passionn\u00e9es de faire la diff\u00e9rence dans la vie des personnes touch\u00e9es par les tumeurs c\u00e9r\u00e9brales hypothalamo-hypophysaires. En tant qu'ambassadeur, vous rejoindrez une communaut\u00e9 d\u00e9vou\u00e9e de d\u00e9fenseurs qui sensibilisent, partagent des ressources et incitent \u00e0 l'action pour soutenir notre mission.<\/p>\n\n\n\n<h3 class=\"wp-block-heading\">Qu'est-ce que le programme des ambassadeurs ?<\/h3>\n\n\n\n<p>Le programme des ambassadeurs est une initiative men\u00e9e par des b\u00e9n\u00e9voles et con\u00e7ue pour \u00e9tendre la port\u00e9e et l'impact de la Fondation Raymond A. Wood. Les ambassadeurs sont des partisans enthousiastes qui :<\/p>\n\n\n\n<ul class=\"wp-block-list\">\n<li>Agir en tant que repr\u00e9sentants de la fondation au sein de leurs communaut\u00e9s.<\/li>\n\n\n\n<li>Partager notre mission, nos programmes et nos ressources avec les familles touch\u00e9es par des tumeurs c\u00e9r\u00e9brales rares.<\/li>\n\n\n\n<li>Organiser des \u00e9v\u00e9nements locaux et des collectes de fonds pour soutenir nos initiatives.<\/li>\n\n\n\n<li>Sensibiliser et informer sur les d\u00e9fis uniques auxquels sont confront\u00e9s les survivants et les soignants.<\/li>\n<\/ul>\n\n\n\n<p>Les ambassadeurs sont au c\u0153ur de notre mouvement populaire et contribuent \u00e0 combler le foss\u00e9 entre notre fondation et les personnes que nous aidons dans le monde entier. Ensemble, nous pouvons cr\u00e9er un r\u00e9seau de soutien, d'espoir et d'autonomisation.<\/p>\n\n\n\n<h3 class=\"wp-block-heading\">Pourquoi devenir ambassadeur ?<\/h3>\n\n\n\n<p>En devenant ambassadeur, vous<\/p>\n\n\n\n<ul class=\"wp-block-list\">\n<li>Jouer un r\u00f4le actif dans le soutien aux survivants, aux soignants et aux familles endeuill\u00e9es.<\/li>\n\n\n\n<li>Acqu\u00e9rir une exp\u00e9rience pr\u00e9cieuse en mati\u00e8re de plaidoyer, de sensibilisation et d'organisation d'\u00e9v\u00e9nements.<\/li>\n\n\n\n<li>\u00c9tablir des liens significatifs avec des personnes partageant les m\u00eames id\u00e9es.<\/li>\n\n\n\n<li>Recevoir des formations et des ressources exclusives de la fondation.<\/li>\n\n\n\n<li>Ayez un impact durable sur votre communaut\u00e9.<\/li>\n<\/ul>\n\n\n\n<h3 class=\"wp-block-heading\">Comment s'impliquer<\/h3>\n\n\n\n<p>Il est facile de devenir ambassadeur ! Voici comment vous pouvez vous inscrire :<\/p>\n\n\n\n<ol start=\"1\" class=\"wp-block-list\">\n<li><strong>S'inscrire<\/strong>: Compl\u00e9tez notre programme d'ambassadeurs <a href=\"https:\/\/www.surveymonkey.com\/r\/TVSL2QR\"><strong>formulaire de demande<\/strong><\/a>.<\/li>\n\n\n\n<li><strong>Participer \u00e0 une formation<\/strong>: Participez \u00e0 une session d'orientation virtuelle pour d\u00e9couvrir notre mission, nos ressources et votre r\u00f4le en tant qu'ambassadeur.<\/li>\n\n\n\n<li><strong>Commencez \u00e0 d\u00e9fendre votre cause<\/strong>: Commencez \u00e0 sensibiliser, \u00e0 organiser des \u00e9v\u00e9nements et \u00e0 diffuser notre message au sein de votre communaut\u00e9.<\/li>\n\n\n\n<li><strong>Rester connect\u00e9<\/strong>: Participez aux appels de notre programme d'ambassadeurs pour \u00e9changer des id\u00e9es, partager vos r\u00e9ussites et recevoir des informations de la part de la fondation.<\/li>\n<\/ol>\n\n\n\n<h3 class=\"wp-block-heading has-text-align-left\">Rencontrez nos ambassadeurs<\/h3>\n\n\n\n<figure class=\"wp-block-image size-medium is-resized is-style-default\"><img decoding=\"async\" width=\"300\" height=\"300\" src=\"https:\/\/www.rawoodfoundation.org\/wp-content\/uploads\/2025\/03\/Amy-Mathies-300x300.png\" alt=\"Amy Mathies\" class=\"wp-image-12124\" style=\"width:234px;height:auto\" srcset=\"https:\/\/www.rawoodfoundation.org\/wp-content\/uploads\/2025\/03\/Amy-Mathies-300x300.png 300w, https:\/\/www.rawoodfoundation.org\/wp-content\/uploads\/2025\/03\/Amy-Mathies-150x150.png 150w, https:\/\/www.rawoodfoundation.org\/wp-content\/uploads\/2025\/03\/Amy-Mathies-12x12.png 12w, https:\/\/www.rawoodfoundation.org\/wp-content\/uploads\/2025\/03\/Amy-Mathies-330x330.png 330w, https:\/\/www.rawoodfoundation.org\/wp-content\/uploads\/2025\/03\/Amy-Mathies.png 400w\" sizes=\"(max-width: 300px) 100vw, 300px\" \/><\/figure>\n\n\n\n<a class=\"gb-button gb-button-bd971fd5 gb-button-text\" href=\"https:\/\/www.rawoodfoundation.org\/fr\/membre\/amy-tomita-mathies-ph-d\/\">Amy Tomita-Mathies, PhD ; aidant naturel | Japon<\/a>\n\n\n\n<p><\/p>\n\n\n\n<p><\/p>\n\n\n\n<h3 class=\"wp-block-heading\">Faire la diff\u00e9rence<\/h3>\n\n\n\n<p>Nos ambassadeurs font la diff\u00e9rence ! Qu'il s'agisse d'organiser des ventes de p\u00e2tisseries ou des marches de sensibilisation, nos b\u00e9n\u00e9voles trouvent des moyens cr\u00e9atifs de soutenir la Fondation Raymond A. Wood. <\/p>\n\n\n\n<figure class=\"wp-block-image size-large is-style-default\"><img decoding=\"async\" width=\"1024\" height=\"768\" src=\"https:\/\/www.rawoodfoundation.org\/wp-content\/uploads\/2025\/01\/IMG_2055-web-1024x768.jpg\" alt=\"\" class=\"wp-image-11323\" srcset=\"https:\/\/www.rawoodfoundation.org\/wp-content\/uploads\/2025\/01\/IMG_2055-web-1024x768.jpg 1024w, https:\/\/www.rawoodfoundation.org\/wp-content\/uploads\/2025\/01\/IMG_2055-web-300x225.jpg 300w, https:\/\/www.rawoodfoundation.org\/wp-content\/uploads\/2025\/01\/IMG_2055-web-768x576.jpg 768w, https:\/\/www.rawoodfoundation.org\/wp-content\/uploads\/2025\/01\/IMG_2055-web-16x12.jpg 16w, https:\/\/www.rawoodfoundation.org\/wp-content\/uploads\/2025\/01\/IMG_2055-web.jpg 1500w\" sizes=\"(max-width: 1024px) 100vw, 1024px\" \/><\/figure>\n\n\n\n<div style=\"height:47px\" aria-hidden=\"true\" class=\"wp-block-spacer\"><\/div>\n\n\n\n<h3 class=\"wp-block-heading\"><strong>Rejoignez-nous aujourd'hui<\/strong><\/h3>\n\n\n\n<p>\u00cates-vous pr\u00eat \u00e0 vous faire le porte-parole des survivants de tumeurs c\u00e9r\u00e9brales rares ? Inscrivez-vous au programme d'ambassadeurs de la Fondation Raymond A. Wood et commencez \u00e0 avoir un impact d\u00e8s aujourd'hui. Ensemble, nous pouvons apporter de l'espoir, des ressources et un avenir meilleur aux survivants et \u00e0 leurs familles.  Si vous souhaitez en savoir plus, envoyez un courriel \u00e0 outreach@rawoodfoundation.org. <\/p>\n\n\n<div class=\"gb-container gb-container-0dcf6f0e\">\n<div class=\"gb-container gb-container-1a7690db\">\n<div class=\"gb-container gb-container-14d73a5c\">\n\n<a class=\"gb-button gb-button-add8556f gb-button-text\" href=\"https:\/\/www.surveymonkey.com\/r\/TVSL2QR\">Devenir ambassadeur<\/a>\n\n<\/div>\n<\/div>\n<\/div>\n\n\n<p><\/p>","protected":false},"excerpt":{"rendered":"<p>Devenez un champion pour les familles atteintes de tumeurs c\u00e9r\u00e9brales rares Le programme d'ambassadeurs de la Fondation Raymond A. Wood ... <a title=\"Programme d&#039;ambassadeurs de la Fondation Raymond A. Wood\" class=\"read-more\" href=\"https:\/\/www.rawoodfoundation.org\/fr\/ambassador\/\" aria-label=\"En savoir plus sur le programme d&#039;ambassadeurs de la Fondation Raymond A. Wood\">Lire plus<\/a><\/p>","protected":false},"author":4,"featured_media":11323,"parent":0,"menu_order":17,"comment_status":"closed","ping_status":"closed","template":"","meta":{"_acf_changed":false,"footnotes":""},"class_list":{"0":"post-11313","1":"page","2":"type-page","3":"status-publish","4":"has-post-thumbnail","6":"no-featured-image-padding"},"acf":[],"yoast_head":"<!-- This site is optimized with the Yoast SEO plugin v27.3 - https:\/\/yoast.com\/product\/yoast-seo-wordpress\/ -->\n<title>Raymond A. Wood Foundation&#039;s Ambassador Program - Raymond A. Wood Foundation<\/title>\n<meta name=\"robots\" content=\"index, follow, max-snippet:-1, max-image-preview:large, max-video-preview:-1\" \/>\n<link rel=\"canonical\" href=\"https:\/\/www.rawoodfoundation.org\/fr\/ambassadeur\/\" \/>\n<meta property=\"og:locale\" content=\"fr_FR\" \/>\n<meta property=\"og:type\" content=\"article\" \/>\n<meta property=\"og:title\" content=\"Raymond A. Wood Foundation&#039;s Ambassador Program - Raymond A. Wood Foundation\" \/>\n<meta property=\"og:description\" content=\"Become a Champion for Rare Brain Tumor Families The Raymond A. Wood Foundation\u2019s Ambassador Program ... Lire plus\" \/>\n<meta property=\"og:url\" content=\"https:\/\/www.rawoodfoundation.org\/fr\/ambassadeur\/\" \/>\n<meta property=\"og:site_name\" content=\"Raymond A. Wood Foundation\" \/>\n<meta property=\"article:publisher\" content=\"https:\/\/www.facebook.com\/rawoodfoundation\" \/>\n<meta property=\"article:modified_time\" content=\"2025-04-03T18:40:53+00:00\" \/>\n<meta property=\"og:image\" content=\"https:\/\/www.rawoodfoundation.org\/wp-content\/uploads\/2025\/01\/IMG_2055-web.jpg\" \/>\n\t<meta property=\"og:image:width\" content=\"1500\" \/>\n\t<meta property=\"og:image:height\" content=\"1125\" \/>\n\t<meta property=\"og:image:type\" content=\"image\/jpeg\" \/>\n<meta name=\"twitter:card\" content=\"summary_large_image\" \/>\n<meta name=\"twitter:site\" content=\"@rawoodfound\" \/>\n<meta name=\"twitter:label1\" content=\"Est. reading time\" \/>\n\t<meta name=\"twitter:data1\" content=\"3 minutes\" \/>\n<script type=\"application\/ld+json\" class=\"yoast-schema-graph\">{\"@context\":\"https:\\\/\\\/schema.org\",\"@graph\":[{\"@type\":\"WebPage\",\"@id\":\"https:\\\/\\\/www.rawoodfoundation.org\\\/ambassador\\\/\",\"url\":\"https:\\\/\\\/www.rawoodfoundation.org\\\/ambassador\\\/\",\"name\":\"Raymond A. Wood Foundation's Ambassador Program - Raymond A. Wood Foundation\",\"isPartOf\":{\"@id\":\"https:\\\/\\\/www.rawoodfoundation.org\\\/#website\"},\"primaryImageOfPage\":{\"@id\":\"https:\\\/\\\/www.rawoodfoundation.org\\\/ambassador\\\/#primaryimage\"},\"image\":{\"@id\":\"https:\\\/\\\/www.rawoodfoundation.org\\\/ambassador\\\/#primaryimage\"},\"thumbnailUrl\":\"https:\\\/\\\/www.rawoodfoundation.org\\\/wp-content\\\/uploads\\\/2025\\\/01\\\/IMG_2055-web.jpg\",\"datePublished\":\"2025-01-26T15:56:26+00:00\",\"dateModified\":\"2025-04-03T18:40:53+00:00\",\"breadcrumb\":{\"@id\":\"https:\\\/\\\/www.rawoodfoundation.org\\\/ambassador\\\/#breadcrumb\"},\"inLanguage\":\"fr-FR\",\"potentialAction\":[{\"@type\":\"ReadAction\",\"target\":[\"https:\\\/\\\/www.rawoodfoundation.org\\\/ambassador\\\/\"]}]},{\"@type\":\"ImageObject\",\"inLanguage\":\"fr-FR\",\"@id\":\"https:\\\/\\\/www.rawoodfoundation.org\\\/ambassador\\\/#primaryimage\",\"url\":\"https:\\\/\\\/www.rawoodfoundation.org\\\/wp-content\\\/uploads\\\/2025\\\/01\\\/IMG_2055-web.jpg\",\"contentUrl\":\"https:\\\/\\\/www.rawoodfoundation.org\\\/wp-content\\\/uploads\\\/2025\\\/01\\\/IMG_2055-web.jpg\",\"width\":1500,\"height\":1125},{\"@type\":\"BreadcrumbList\",\"@id\":\"https:\\\/\\\/www.rawoodfoundation.org\\\/ambassador\\\/#breadcrumb\",\"itemListElement\":[{\"@type\":\"ListItem\",\"position\":1,\"name\":\"Home\",\"item\":\"https:\\\/\\\/www.rawoodfoundation.org\\\/\"},{\"@type\":\"ListItem\",\"position\":2,\"name\":\"Raymond A. Wood Foundation&#8217;s Ambassador Program\"}]},{\"@type\":\"WebSite\",\"@id\":\"https:\\\/\\\/www.rawoodfoundation.org\\\/#website\",\"url\":\"https:\\\/\\\/www.rawoodfoundation.org\\\/\",\"name\":\"Raymond A. Wood Foundation\",\"description\":\"The mission of the RAWF is to provide quality of life support for childhood brain tumor survivors and their families.\",\"publisher\":{\"@id\":\"https:\\\/\\\/www.rawoodfoundation.org\\\/#organization\"},\"potentialAction\":[{\"@type\":\"SearchAction\",\"target\":{\"@type\":\"EntryPoint\",\"urlTemplate\":\"https:\\\/\\\/www.rawoodfoundation.org\\\/?s={search_term_string}\"},\"query-input\":{\"@type\":\"PropertyValueSpecification\",\"valueRequired\":true,\"valueName\":\"search_term_string\"}}],\"inLanguage\":\"fr-FR\"},{\"@type\":\"Organization\",\"@id\":\"https:\\\/\\\/www.rawoodfoundation.org\\\/#organization\",\"name\":\"Raymond A. Wood Foundation\",\"url\":\"https:\\\/\\\/www.rawoodfoundation.org\\\/\",\"logo\":{\"@type\":\"ImageObject\",\"inLanguage\":\"fr-FR\",\"@id\":\"https:\\\/\\\/www.rawoodfoundation.org\\\/#\\\/schema\\\/logo\\\/image\\\/\",\"url\":\"https:\\\/\\\/www.rawoodfoundation.org\\\/wp-content\\\/uploads\\\/2023\\\/07\\\/Raymond-A-Wood-Foundation-logo.webp\",\"contentUrl\":\"https:\\\/\\\/www.rawoodfoundation.org\\\/wp-content\\\/uploads\\\/2023\\\/07\\\/Raymond-A-Wood-Foundation-logo.webp\",\"width\":470,\"height\":128,\"caption\":\"Raymond A. Wood Foundation\"},\"image\":{\"@id\":\"https:\\\/\\\/www.rawoodfoundation.org\\\/#\\\/schema\\\/logo\\\/image\\\/\"},\"sameAs\":[\"https:\\\/\\\/www.facebook.com\\\/rawoodfoundation\",\"https:\\\/\\\/x.com\\\/rawoodfound\"]}]}<\/script>\n<!-- \/ Yoast SEO plugin. -->","yoast_head_json":{"title":"Programme d'ambassadeurs de la Fondation Raymond A. Wood - Fondation Raymond A. Wood","robots":{"index":"index","follow":"follow","max-snippet":"max-snippet:-1","max-image-preview":"max-image-preview:large","max-video-preview":"max-video-preview:-1"},"canonical":"https:\/\/www.rawoodfoundation.org\/fr\/ambassadeur\/","og_locale":"fr_FR","og_type":"article","og_title":"Raymond A. Wood Foundation's Ambassador Program - Raymond A. Wood Foundation","og_description":"Become a Champion for Rare Brain Tumor Families The Raymond A. Wood Foundation\u2019s Ambassador Program ... Lire plus","og_url":"https:\/\/www.rawoodfoundation.org\/fr\/ambassadeur\/","og_site_name":"Raymond A. Wood Foundation","article_publisher":"https:\/\/www.facebook.com\/rawoodfoundation","article_modified_time":"2025-04-03T18:40:53+00:00","og_image":[{"width":1500,"height":1125,"url":"https:\/\/www.rawoodfoundation.org\/wp-content\/uploads\/2025\/01\/IMG_2055-web.jpg","type":"image\/jpeg"}],"twitter_card":"summary_large_image","twitter_site":"@rawoodfound","twitter_misc":{"Est. reading time":"3 minutes"},"schema":{"@context":"https:\/\/schema.org","@graph":[{"@type":"WebPage","@id":"https:\/\/www.rawoodfoundation.org\/ambassador\/","url":"https:\/\/www.rawoodfoundation.org\/ambassador\/","name":"Programme d'ambassadeurs de la Fondation Raymond A. Wood - Fondation Raymond A. Wood","isPartOf":{"@id":"https:\/\/www.rawoodfoundation.org\/#website"},"primaryImageOfPage":{"@id":"https:\/\/www.rawoodfoundation.org\/ambassador\/#primaryimage"},"image":{"@id":"https:\/\/www.rawoodfoundation.org\/ambassador\/#primaryimage"},"thumbnailUrl":"https:\/\/www.rawoodfoundation.org\/wp-content\/uploads\/2025\/01\/IMG_2055-web.jpg","datePublished":"2025-01-26T15:56:26+00:00","dateModified":"2025-04-03T18:40:53+00:00","breadcrumb":{"@id":"https:\/\/www.rawoodfoundation.org\/ambassador\/#breadcrumb"},"inLanguage":"fr-FR","potentialAction":[{"@type":"ReadAction","target":["https:\/\/www.rawoodfoundation.org\/ambassador\/"]}]},{"@type":"ImageObject","inLanguage":"fr-FR","@id":"https:\/\/www.rawoodfoundation.org\/ambassador\/#primaryimage","url":"https:\/\/www.rawoodfoundation.org\/wp-content\/uploads\/2025\/01\/IMG_2055-web.jpg","contentUrl":"https:\/\/www.rawoodfoundation.org\/wp-content\/uploads\/2025\/01\/IMG_2055-web.jpg","width":1500,"height":1125},{"@type":"BreadcrumbList","@id":"https:\/\/www.rawoodfoundation.org\/ambassador\/#breadcrumb","itemListElement":[{"@type":"ListItem","position":1,"name":"Home","item":"https:\/\/www.rawoodfoundation.org\/"},{"@type":"ListItem","position":2,"name":"Raymond A. Wood Foundation&#8217;s Ambassador Program"}]},{"@type":"WebSite","@id":"https:\/\/www.rawoodfoundation.org\/#website","url":"https:\/\/www.rawoodfoundation.org\/","name":"Fondation Raymond A. Wood","description":"La mission de la RAWF est d'apporter un soutien \u00e0 la qualit\u00e9 de vie des survivants de tumeurs c\u00e9r\u00e9brales infantiles et de leurs familles.","publisher":{"@id":"https:\/\/www.rawoodfoundation.org\/#organization"},"potentialAction":[{"@type":"SearchAction","target":{"@type":"EntryPoint","urlTemplate":"https:\/\/www.rawoodfoundation.org\/?s={search_term_string}"},"query-input":{"@type":"PropertyValueSpecification","valueRequired":true,"valueName":"search_term_string"}}],"inLanguage":"fr-FR"},{"@type":"Organization","@id":"https:\/\/www.rawoodfoundation.org\/#organization","name":"Fondation Raymond A. Wood","url":"https:\/\/www.rawoodfoundation.org\/","logo":{"@type":"ImageObject","inLanguage":"fr-FR","@id":"https:\/\/www.rawoodfoundation.org\/#\/schema\/logo\/image\/","url":"https:\/\/www.rawoodfoundation.org\/wp-content\/uploads\/2023\/07\/Raymond-A-Wood-Foundation-logo.webp","contentUrl":"https:\/\/www.rawoodfoundation.org\/wp-content\/uploads\/2023\/07\/Raymond-A-Wood-Foundation-logo.webp","width":470,"height":128,"caption":"Raymond A. Wood Foundation"},"image":{"@id":"https:\/\/www.rawoodfoundation.org\/#\/schema\/logo\/image\/"},"sameAs":["https:\/\/www.facebook.com\/rawoodfoundation","https:\/\/x.com\/rawoodfound"]}]}},"_links":{"self":[{"href":"https:\/\/www.rawoodfoundation.org\/fr\/wp-json\/wp\/v2\/pages\/11313","targetHints":{"allow":["GET"]}}],"collection":[{"href":"https:\/\/www.rawoodfoundation.org\/fr\/wp-json\/wp\/v2\/pages"}],"about":[{"href":"https:\/\/www.rawoodfoundation.org\/fr\/wp-json\/wp\/v2\/types\/page"}],"author":[{"embeddable":true,"href":"https:\/\/www.rawoodfoundation.org\/fr\/wp-json\/wp\/v2\/users\/4"}],"replies":[{"embeddable":true,"href":"https:\/\/www.rawoodfoundation.org\/fr\/wp-json\/wp\/v2\/comments?post=11313"}],"version-history":[{"count":15,"href":"https:\/\/www.rawoodfoundation.org\/fr\/wp-json\/wp\/v2\/pages\/11313\/revisions"}],"predecessor-version":[{"id":12131,"href":"https:\/\/www.rawoodfoundation.org\/fr\/wp-json\/wp\/v2\/pages\/11313\/revisions\/12131"}],"wp:featuredmedia":[{"embeddable":true,"href":"https:\/\/www.rawoodfoundation.org\/fr\/wp-json\/wp\/v2\/media\/11323"}],"wp:attachment":[{"href":"https:\/\/www.rawoodfoundation.org\/fr\/wp-json\/wp\/v2\/media?parent=11313"}],"curies":[{"name":"wp","href":"https:\/\/api.w.org\/{rel}","templated":true}]}}