{"id":11292,"date":"2025-01-26T15:55:42","date_gmt":"2025-01-26T15:55:42","guid":{"rendered":"https:\/\/www.rawoodfoundation.org\/?page_id=11292"},"modified":"2025-03-13T19:48:01","modified_gmt":"2025-03-13T19:48:01","slug":"les-aidants-et-les-survivants-accedent-a-des-ressources-vitales-grace-a-unite-us","status":"publish","type":"page","link":"https:\/\/www.rawoodfoundation.org\/fr\/connecting-caregivers-and-survivors-access-vital-resources-with-unite-us\/","title":{"rendered":"Unissons-nous : Relier les soignants et les survivants"},"content":{"rendered":"<h2 class=\"wp-block-heading\">Acc\u00e9der \u00e0 des ressources vitales avec Unite Us<\/h2>\n\n\n\n<p><\/p>\n\n\n\n<p>La Fondation Raymond A. Wood est ravie d'annoncer son partenariat avec le R\u00e9seau de services sociaux en neurologie (NSSN). Cette collaboration nous permet d'am\u00e9liorer la gamme de ressources et de services disponibles pour les patients et les familles touch\u00e9s par les tumeurs c\u00e9r\u00e9brales hypothalamo-hypophysaires, en veillant \u00e0 ce qu'ils aient acc\u00e8s au soutien dont ils ont besoin.<\/p>\n\n\n\n<figure class=\"wp-block-image size-large\"><img decoding=\"async\" width=\"1024\" height=\"1024\" src=\"https:\/\/www.rawoodfoundation.org\/wp-content\/uploads\/2025\/01\/Partnership-Announcement-RAWF-NSSN-1024x1024.jpg\" alt=\"\" class=\"wp-image-11295\" srcset=\"https:\/\/www.rawoodfoundation.org\/wp-content\/uploads\/2025\/01\/Partnership-Announcement-RAWF-NSSN-1024x1024.jpg 1024w, https:\/\/www.rawoodfoundation.org\/wp-content\/uploads\/2025\/01\/Partnership-Announcement-RAWF-NSSN-300x300.jpg 300w, https:\/\/www.rawoodfoundation.org\/wp-content\/uploads\/2025\/01\/Partnership-Announcement-RAWF-NSSN-150x150.jpg 150w, https:\/\/www.rawoodfoundation.org\/wp-content\/uploads\/2025\/01\/Partnership-Announcement-RAWF-NSSN-768x768.jpg 768w, https:\/\/www.rawoodfoundation.org\/wp-content\/uploads\/2025\/01\/Partnership-Announcement-RAWF-NSSN-12x12.jpg 12w, https:\/\/www.rawoodfoundation.org\/wp-content\/uploads\/2025\/01\/Partnership-Announcement-RAWF-NSSN-330x330.jpg 330w, https:\/\/www.rawoodfoundation.org\/wp-content\/uploads\/2025\/01\/Partnership-Announcement-RAWF-NSSN.jpg 1080w\" sizes=\"(max-width: 1024px) 100vw, 1024px\" \/><\/figure>\n\n\n\n<h3 class=\"wp-block-heading\"><strong>Qu'est-ce que le r\u00e9seau de services sociaux en neurologie ?<\/strong><\/h3>\n\n\n\n<p>Le r\u00e9seau de services sociaux en neurologie est une initiative nationale visant \u00e0 mettre en relation les patients en neurologie et leurs soignants avec des services sociaux vitaux. En reliant les prestataires de soins de sant\u00e9, les organisations communautaires et les r\u00e9seaux de soutien social, le NSSN veille \u00e0 ce que les personnes re\u00e7oivent les soins et l'assistance n\u00e9cessaires pour relever efficacement les d\u00e9fis m\u00e9dicaux et personnels.<\/p>\n\n\n\n<h3 class=\"wp-block-heading\"><strong>Qu'est-ce que Unite Us ?<\/strong><\/h3>\n\n\n\n<p>Unite Us est une plateforme technologique s\u00e9curis\u00e9e et de pointe qui alimente le R\u00e9seau de services sociaux en neurologie. Cette plateforme facilite la coordination entre les prestataires de soins de sant\u00e9 et les organisations de services sociaux, rationalisant ainsi l'acc\u00e8s aux services essentiels pour les patients et les familles. Gr\u00e2ce \u00e0 Unite Us, les individus peuvent naviguer facilement dans des syst\u00e8mes complexes et s'assurer que leurs besoins sont satisfaits de mani\u00e8re efficace et compl\u00e8te.<\/p>\n\n\n\n<h3 class=\"wp-block-heading\"><strong>Services offerts par Unite Us<\/strong><\/h3>\n\n\n\n<p>En rejoignant le r\u00e9seau de services sociaux en neurologie, la Raymond A. Wood Foundation peut d\u00e9sormais aider les patients et leurs familles \u00e0 acc\u00e9der \u00e0 un large \u00e9ventail de services, notamment :<\/p>\n\n\n\n<ul class=\"wp-block-list\">\n<li>Navigation en mati\u00e8re de soins de sant\u00e9 et d'assurance<\/li>\n\n\n\n<li>Sant\u00e9 mentale et soutien psychologique<\/li>\n\n\n\n<li>Aide au logement et aux services publics<\/li>\n\n\n\n<li>Programmes alimentaires et nutritionnels<\/li>\n\n\n\n<li>Ressources en mati\u00e8re d'emploi et de d\u00e9veloppement de la main-d'\u0153uvre<\/li>\n\n\n\n<li>Aide au transport<\/li>\n<\/ul>\n\n\n\n<h3 class=\"wp-block-heading\">Comment demander des services<\/h3>\n\n\n\n<p>Si vous ou un de vos proches avez besoin d'aide, la proc\u00e9dure d'acc\u00e8s aux services est simple et conviviale. Veuillez remplir le formulaire ci-dessous pour demander des services.<\/p>\n\n\n\n<p><strong>Pour plus d'informations, n'h\u00e9sitez pas \u00e0 nous contacter en envoyant un courriel \u00e0 outreach@rawoodfoundation.org.<\/strong><\/p>\n\n\n\n<p><\/p>\n\n\n\n<div id=\"uu-container\" style=\"height:2200px; min-height:1000px\"><\/div>\n<script type=\"text\/javascript\" src=\"https:\/\/widgets.uniteus.io\/public\/widget.js\"><\/script>\n<script type=\"text\/javascript\">\nvar token = 'eyJhbGciOiJIUzI1NiIsInR5cCI6IkpXVCIsImtpZCI6IndpdWVob2QzMjc4dTJkaG93aDgifQ.eyJpc3MiOm51bGwsInN1YiI6Ijk5NmE3OGNjLTMwMzYtNDU3My1hNGRmLTgxOTk0ZDc3ZjVlNyIsImVtYWlsIjoiZ2xvYmFsLWFyLWFwaS1rZXlAdW5pdGV1cy5jb20iLCJhdWQiOltdLCJleHAiOjM4MDUwNTM3NDMsIm5iZiI6MTY1NzU3MDA5NiwiaWF0IjoxNjU3NTcwMDk2LCJqdGkiOiJjY2VjYjI4ZGI2MGI3NzIyZDExZGY4YjU0OGIxZGJkODU0NzdjYjYwYmEyNjAzOWUwOCIsInVzZXJfaW50ZXJjb21faG1hYyI6ImY3NmZmNzYwNzNmMzgxYzhjMzdkNDQ1NWEwMWFiNThlOTkyMGIxZjE1ZGYxMTQ5Yzk1NmIxN2ZkZmIyZDQ2ZGUifQ.pUlwmNAASQC7Ey-GpXf_vxClGjedx6oGenmt3Eme8Js';var provider_id = '8daf1b1c-f2d2-40c2-a345-dc6dece331c1';window.Uniteus.assistanceRequestWidget(token, 'uu-container', provider_id);\n<\/script>\n\n\n\n<hr class=\"wp-block-separator has-alpha-channel-opacity\"\/>\n\n\n\n<h3 class=\"wp-block-heading\"><strong>Un engagement en faveur du soutien et de la prise en charge<\/strong><\/h3>\n\n\n\n<p>La Fondation Raymond A. Wood a toujours eu pour mission d'am\u00e9liorer la qualit\u00e9 de vie des patients et de leurs familles. En nous associant au R\u00e9seau de services sociaux en neurologie, nous faisons un pas important vers la fourniture de soins complets et coordonn\u00e9s aux personnes que nous servons. Ensemble, nous pouvons faire en sorte que personne ne soit seul face \u00e0 ces d\u00e9fis.<\/p>\n\n\n\n<p><\/p>","protected":false},"excerpt":{"rendered":"<p>Acc\u00e9der \u00e0 des ressources vitales avec Unite Us La Fondation Raymond A. Wood est ravie d'annoncer ... <a title=\"Unissons-nous : Relier les soignants et les survivants\" class=\"read-more\" href=\"https:\/\/www.rawoodfoundation.org\/fr\/connecting-caregivers-and-survivors-access-vital-resources-with-unite-us\/\" aria-label=\"Plus d&#039;informations sur Unite Us : Connecting Caregivers and Survivors (en anglais)\">Lire plus<\/a><\/p>","protected":false},"author":4,"featured_media":0,"parent":0,"menu_order":18,"comment_status":"closed","ping_status":"closed","template":"","meta":{"_acf_changed":false,"footnotes":""},"class_list":{"0":"post-11292","1":"page","2":"type-page","3":"status-publish","5":"no-featured-image-padding"},"acf":[],"yoast_head":"<!-- This site is optimized with the Yoast SEO plugin v27.3 - https:\/\/yoast.com\/product\/yoast-seo-wordpress\/ -->\n<title>Unite Us: Connecting Caregivers and Survivors - Raymond A. Wood Foundation<\/title>\n<meta name=\"robots\" content=\"index, follow, max-snippet:-1, max-image-preview:large, max-video-preview:-1\" \/>\n<link rel=\"canonical\" href=\"https:\/\/www.rawoodfoundation.org\/fr\/les-aidants-et-les-survivants-accedent-a-des-ressources-vitales-grace-a-unite-us\/\" \/>\n<meta property=\"og:locale\" content=\"fr_FR\" \/>\n<meta property=\"og:type\" content=\"article\" \/>\n<meta property=\"og:title\" content=\"Unite Us: Connecting Caregivers and Survivors - Raymond A. Wood Foundation\" \/>\n<meta property=\"og:description\" content=\"Access Vital Resources with Unite Us The Raymond A. Wood Foundation is thrilled to announce ... Lire plus\" \/>\n<meta property=\"og:url\" content=\"https:\/\/www.rawoodfoundation.org\/fr\/les-aidants-et-les-survivants-accedent-a-des-ressources-vitales-grace-a-unite-us\/\" \/>\n<meta property=\"og:site_name\" content=\"Raymond A. Wood Foundation\" \/>\n<meta property=\"article:publisher\" content=\"https:\/\/www.facebook.com\/rawoodfoundation\" \/>\n<meta property=\"article:modified_time\" content=\"2025-03-13T19:48:01+00:00\" \/>\n<meta property=\"og:image\" content=\"https:\/\/www.rawoodfoundation.org\/wp-content\/uploads\/2025\/01\/Partnership-Announcement-RAWF-NSSN-1024x1024.jpg\" \/>\n<meta name=\"twitter:card\" content=\"summary_large_image\" \/>\n<meta name=\"twitter:site\" content=\"@rawoodfound\" \/>\n<meta name=\"twitter:label1\" content=\"Est. reading time\" \/>\n\t<meta name=\"twitter:data1\" content=\"2 minutes\" \/>\n<script type=\"application\/ld+json\" class=\"yoast-schema-graph\">{\"@context\":\"https:\\\/\\\/schema.org\",\"@graph\":[{\"@type\":\"WebPage\",\"@id\":\"https:\\\/\\\/www.rawoodfoundation.org\\\/connecting-caregivers-and-survivors-access-vital-resources-with-unite-us\\\/\",\"url\":\"https:\\\/\\\/www.rawoodfoundation.org\\\/connecting-caregivers-and-survivors-access-vital-resources-with-unite-us\\\/\",\"name\":\"Unite Us: Connecting Caregivers and Survivors - Raymond A. Wood Foundation\",\"isPartOf\":{\"@id\":\"https:\\\/\\\/www.rawoodfoundation.org\\\/#website\"},\"primaryImageOfPage\":{\"@id\":\"https:\\\/\\\/www.rawoodfoundation.org\\\/connecting-caregivers-and-survivors-access-vital-resources-with-unite-us\\\/#primaryimage\"},\"image\":{\"@id\":\"https:\\\/\\\/www.rawoodfoundation.org\\\/connecting-caregivers-and-survivors-access-vital-resources-with-unite-us\\\/#primaryimage\"},\"thumbnailUrl\":\"https:\\\/\\\/www.rawoodfoundation.org\\\/wp-content\\\/uploads\\\/2025\\\/01\\\/Partnership-Announcement-RAWF-NSSN-1024x1024.jpg\",\"datePublished\":\"2025-01-26T15:55:42+00:00\",\"dateModified\":\"2025-03-13T19:48:01+00:00\",\"breadcrumb\":{\"@id\":\"https:\\\/\\\/www.rawoodfoundation.org\\\/connecting-caregivers-and-survivors-access-vital-resources-with-unite-us\\\/#breadcrumb\"},\"inLanguage\":\"fr-FR\",\"potentialAction\":[{\"@type\":\"ReadAction\",\"target\":[\"https:\\\/\\\/www.rawoodfoundation.org\\\/connecting-caregivers-and-survivors-access-vital-resources-with-unite-us\\\/\"]}]},{\"@type\":\"ImageObject\",\"inLanguage\":\"fr-FR\",\"@id\":\"https:\\\/\\\/www.rawoodfoundation.org\\\/connecting-caregivers-and-survivors-access-vital-resources-with-unite-us\\\/#primaryimage\",\"url\":\"https:\\\/\\\/www.rawoodfoundation.org\\\/wp-content\\\/uploads\\\/2025\\\/01\\\/Partnership-Announcement-RAWF-NSSN-1024x1024.jpg\",\"contentUrl\":\"https:\\\/\\\/www.rawoodfoundation.org\\\/wp-content\\\/uploads\\\/2025\\\/01\\\/Partnership-Announcement-RAWF-NSSN-1024x1024.jpg\"},{\"@type\":\"BreadcrumbList\",\"@id\":\"https:\\\/\\\/www.rawoodfoundation.org\\\/connecting-caregivers-and-survivors-access-vital-resources-with-unite-us\\\/#breadcrumb\",\"itemListElement\":[{\"@type\":\"ListItem\",\"position\":1,\"name\":\"Home\",\"item\":\"https:\\\/\\\/www.rawoodfoundation.org\\\/\"},{\"@type\":\"ListItem\",\"position\":2,\"name\":\"Unite Us: Connecting Caregivers and Survivors\"}]},{\"@type\":\"WebSite\",\"@id\":\"https:\\\/\\\/www.rawoodfoundation.org\\\/#website\",\"url\":\"https:\\\/\\\/www.rawoodfoundation.org\\\/\",\"name\":\"Raymond A. Wood Foundation\",\"description\":\"The mission of the RAWF is to provide quality of life support for childhood brain tumor survivors and their families.\",\"publisher\":{\"@id\":\"https:\\\/\\\/www.rawoodfoundation.org\\\/#organization\"},\"potentialAction\":[{\"@type\":\"SearchAction\",\"target\":{\"@type\":\"EntryPoint\",\"urlTemplate\":\"https:\\\/\\\/www.rawoodfoundation.org\\\/?s={search_term_string}\"},\"query-input\":{\"@type\":\"PropertyValueSpecification\",\"valueRequired\":true,\"valueName\":\"search_term_string\"}}],\"inLanguage\":\"fr-FR\"},{\"@type\":\"Organization\",\"@id\":\"https:\\\/\\\/www.rawoodfoundation.org\\\/#organization\",\"name\":\"Raymond A. Wood Foundation\",\"url\":\"https:\\\/\\\/www.rawoodfoundation.org\\\/\",\"logo\":{\"@type\":\"ImageObject\",\"inLanguage\":\"fr-FR\",\"@id\":\"https:\\\/\\\/www.rawoodfoundation.org\\\/#\\\/schema\\\/logo\\\/image\\\/\",\"url\":\"https:\\\/\\\/www.rawoodfoundation.org\\\/wp-content\\\/uploads\\\/2023\\\/07\\\/Raymond-A-Wood-Foundation-logo.webp\",\"contentUrl\":\"https:\\\/\\\/www.rawoodfoundation.org\\\/wp-content\\\/uploads\\\/2023\\\/07\\\/Raymond-A-Wood-Foundation-logo.webp\",\"width\":470,\"height\":128,\"caption\":\"Raymond A. Wood Foundation\"},\"image\":{\"@id\":\"https:\\\/\\\/www.rawoodfoundation.org\\\/#\\\/schema\\\/logo\\\/image\\\/\"},\"sameAs\":[\"https:\\\/\\\/www.facebook.com\\\/rawoodfoundation\",\"https:\\\/\\\/x.com\\\/rawoodfound\"]}]}<\/script>\n<!-- \/ Yoast SEO plugin. -->","yoast_head_json":{"title":"Unite Us : Connecting Caregivers and Survivors - Raymond A. Wood Foundation","robots":{"index":"index","follow":"follow","max-snippet":"max-snippet:-1","max-image-preview":"max-image-preview:large","max-video-preview":"max-video-preview:-1"},"canonical":"https:\/\/www.rawoodfoundation.org\/fr\/les-aidants-et-les-survivants-accedent-a-des-ressources-vitales-grace-a-unite-us\/","og_locale":"fr_FR","og_type":"article","og_title":"Unite Us: Connecting Caregivers and Survivors - Raymond A. Wood Foundation","og_description":"Access Vital Resources with Unite Us The Raymond A. Wood Foundation is thrilled to announce ... Lire plus","og_url":"https:\/\/www.rawoodfoundation.org\/fr\/les-aidants-et-les-survivants-accedent-a-des-ressources-vitales-grace-a-unite-us\/","og_site_name":"Raymond A. Wood Foundation","article_publisher":"https:\/\/www.facebook.com\/rawoodfoundation","article_modified_time":"2025-03-13T19:48:01+00:00","og_image":[{"url":"https:\/\/www.rawoodfoundation.org\/wp-content\/uploads\/2025\/01\/Partnership-Announcement-RAWF-NSSN-1024x1024.jpg","type":"","width":"","height":""}],"twitter_card":"summary_large_image","twitter_site":"@rawoodfound","twitter_misc":{"Est. reading time":"2 minutes"},"schema":{"@context":"https:\/\/schema.org","@graph":[{"@type":"WebPage","@id":"https:\/\/www.rawoodfoundation.org\/connecting-caregivers-and-survivors-access-vital-resources-with-unite-us\/","url":"https:\/\/www.rawoodfoundation.org\/connecting-caregivers-and-survivors-access-vital-resources-with-unite-us\/","name":"Unite Us : Connecting Caregivers and Survivors - Raymond A. Wood Foundation","isPartOf":{"@id":"https:\/\/www.rawoodfoundation.org\/#website"},"primaryImageOfPage":{"@id":"https:\/\/www.rawoodfoundation.org\/connecting-caregivers-and-survivors-access-vital-resources-with-unite-us\/#primaryimage"},"image":{"@id":"https:\/\/www.rawoodfoundation.org\/connecting-caregivers-and-survivors-access-vital-resources-with-unite-us\/#primaryimage"},"thumbnailUrl":"https:\/\/www.rawoodfoundation.org\/wp-content\/uploads\/2025\/01\/Partnership-Announcement-RAWF-NSSN-1024x1024.jpg","datePublished":"2025-01-26T15:55:42+00:00","dateModified":"2025-03-13T19:48:01+00:00","breadcrumb":{"@id":"https:\/\/www.rawoodfoundation.org\/connecting-caregivers-and-survivors-access-vital-resources-with-unite-us\/#breadcrumb"},"inLanguage":"fr-FR","potentialAction":[{"@type":"ReadAction","target":["https:\/\/www.rawoodfoundation.org\/connecting-caregivers-and-survivors-access-vital-resources-with-unite-us\/"]}]},{"@type":"ImageObject","inLanguage":"fr-FR","@id":"https:\/\/www.rawoodfoundation.org\/connecting-caregivers-and-survivors-access-vital-resources-with-unite-us\/#primaryimage","url":"https:\/\/www.rawoodfoundation.org\/wp-content\/uploads\/2025\/01\/Partnership-Announcement-RAWF-NSSN-1024x1024.jpg","contentUrl":"https:\/\/www.rawoodfoundation.org\/wp-content\/uploads\/2025\/01\/Partnership-Announcement-RAWF-NSSN-1024x1024.jpg"},{"@type":"BreadcrumbList","@id":"https:\/\/www.rawoodfoundation.org\/connecting-caregivers-and-survivors-access-vital-resources-with-unite-us\/#breadcrumb","itemListElement":[{"@type":"ListItem","position":1,"name":"Home","item":"https:\/\/www.rawoodfoundation.org\/"},{"@type":"ListItem","position":2,"name":"Unite Us: Connecting Caregivers and Survivors"}]},{"@type":"WebSite","@id":"https:\/\/www.rawoodfoundation.org\/#website","url":"https:\/\/www.rawoodfoundation.org\/","name":"Fondation Raymond A. Wood","description":"La mission de la RAWF est d'apporter un soutien \u00e0 la qualit\u00e9 de vie des survivants de tumeurs c\u00e9r\u00e9brales infantiles et de leurs familles.","publisher":{"@id":"https:\/\/www.rawoodfoundation.org\/#organization"},"potentialAction":[{"@type":"SearchAction","target":{"@type":"EntryPoint","urlTemplate":"https:\/\/www.rawoodfoundation.org\/?s={search_term_string}"},"query-input":{"@type":"PropertyValueSpecification","valueRequired":true,"valueName":"search_term_string"}}],"inLanguage":"fr-FR"},{"@type":"Organization","@id":"https:\/\/www.rawoodfoundation.org\/#organization","name":"Fondation Raymond A. Wood","url":"https:\/\/www.rawoodfoundation.org\/","logo":{"@type":"ImageObject","inLanguage":"fr-FR","@id":"https:\/\/www.rawoodfoundation.org\/#\/schema\/logo\/image\/","url":"https:\/\/www.rawoodfoundation.org\/wp-content\/uploads\/2023\/07\/Raymond-A-Wood-Foundation-logo.webp","contentUrl":"https:\/\/www.rawoodfoundation.org\/wp-content\/uploads\/2023\/07\/Raymond-A-Wood-Foundation-logo.webp","width":470,"height":128,"caption":"Raymond A. Wood Foundation"},"image":{"@id":"https:\/\/www.rawoodfoundation.org\/#\/schema\/logo\/image\/"},"sameAs":["https:\/\/www.facebook.com\/rawoodfoundation","https:\/\/x.com\/rawoodfound"]}]}},"_links":{"self":[{"href":"https:\/\/www.rawoodfoundation.org\/fr\/wp-json\/wp\/v2\/pages\/11292","targetHints":{"allow":["GET"]}}],"collection":[{"href":"https:\/\/www.rawoodfoundation.org\/fr\/wp-json\/wp\/v2\/pages"}],"about":[{"href":"https:\/\/www.rawoodfoundation.org\/fr\/wp-json\/wp\/v2\/types\/page"}],"author":[{"embeddable":true,"href":"https:\/\/www.rawoodfoundation.org\/fr\/wp-json\/wp\/v2\/users\/4"}],"replies":[{"embeddable":true,"href":"https:\/\/www.rawoodfoundation.org\/fr\/wp-json\/wp\/v2\/comments?post=11292"}],"version-history":[{"count":7,"href":"https:\/\/www.rawoodfoundation.org\/fr\/wp-json\/wp\/v2\/pages\/11292\/revisions"}],"predecessor-version":[{"id":12041,"href":"https:\/\/www.rawoodfoundation.org\/fr\/wp-json\/wp\/v2\/pages\/11292\/revisions\/12041"}],"wp:attachment":[{"href":"https:\/\/www.rawoodfoundation.org\/fr\/wp-json\/wp\/v2\/media?parent=11292"}],"curies":[{"name":"wp","href":"https:\/\/api.w.org\/{rel}","templated":true}]}}