{"id":9955,"date":"2024-11-15T15:18:35","date_gmt":"2024-11-15T15:18:35","guid":{"rendered":"https:\/\/www.rawoodfoundation.org\/?page_id=9955"},"modified":"2024-11-15T15:18:39","modified_gmt":"2024-11-15T15:18:39","slug":"estudio-de-senales-para-la-obesidad-hipotalamica","status":"publish","type":"page","link":"https:\/\/www.rawoodfoundation.org\/es\/signal-study-for-hypothalamic-obesity\/","title":{"rendered":"Estudio SIGNAL para la obesidad hipotal\u00e1mica"},"content":{"rendered":"<h2 class=\"wp-block-heading\"><strong>CONSIDERE LA POSIBILIDAD DE INSCRIBIRSE EN UN ESTUDIO DE INVESTIGACI\u00d3N CL\u00cdNICA SOBRE OBESIDAD HIPOTAL\u00c1MICA<\/strong><\/h2>\n\n\n\n<p>El estudio SIGNAL es un estudio de investigaci\u00f3n cl\u00ednica sobre un comprimido en fase de investigaci\u00f3n que se administra una vez al d\u00eda a personas con obesidad hipotal\u00e1mica. El objetivo del estudio es comprobar si el comprimido en investigaci\u00f3n es seguro y eficaz para reducir el \u00edndice de masa corporal (IMC) y el hambre excesiva en personas con obesidad hipotal\u00e1mica.<\/p>\n\n\n\n<p>Usted o su hijo podr\u00e1n participar si<\/p>\n\n\n\n<ul class=\"wp-block-list\">\n<li>tienen 12 a\u00f1os o m\u00e1s<\/li>\n\n\n\n<li>tienen un IMC que es:<\/li>\n\n\n\n<li>30 kg\/m2 o m\u00e1s (si tiene 18 a\u00f1os o m\u00e1s)<\/li>\n\n\n\n<li>en el percentil 95 o superior (para ni\u00f1os de 12 a 17 a\u00f1os)<\/li>\n\n\n\n<li>un m\u00e9dico le ha informado de que padece un tumor, una lesi\u00f3n o una herida que afecta a la regi\u00f3n hipotal\u00e1mica del cerebro.<\/li>\n<\/ul>\n\n\n\n<h4 class=\"wp-block-heading\">Se aplican criterios adicionales para participar.<\/h4>\n\n\n\n<p>Las personas que participen tendr\u00e1n hasta 12 visitas al centro de estudio y 1 llamada telef\u00f3nica a lo largo de este estudio. La primera parte del estudio durar\u00e1 14 semanas. Quienes deseen continuar podr\u00e1n participar durante 38 semanas m\u00e1s en un estudio de extensi\u00f3n. La participaci\u00f3n en el estudio puede durar hasta 1 a\u00f1o y 3 meses (64 semanas).<\/p>\n\n\n\n<h4 class=\"wp-block-heading\">\u00bfQuiere saber m\u00e1s? <a href=\"https:\/\/www.rawoodfoundation.org\/wp-content\/uploads\/2024\/11\/LG-MCCL005_SIGNAL-PAG-Brochure_V02_enUS_25Jun2024.pdf\">Descargar un folleto<\/a> o por correo electr\u00f3nico <a href=\"mailto:patientadvocacy@rhythmtx.com\">patientadvocacy@rhythmtx.com<\/a><\/h4>\n\n\n\n<p><em>Este estudio ha sido revisado por una Junta de Revisi\u00f3n Institucional (IRB)\/Comit\u00e9 \u00c9tico (EC), que protege los derechos, la seguridad y el bienestar de los participantes.<\/em><\/p>","protected":false},"excerpt":{"rendered":"<p>CONSIDERE LA POSIBILIDAD DE INSCRIBIRSE EN UN ESTUDIO DE INVESTIGACI\u00d3N CL\u00cdNICA SOBRE OBESIDAD HIPOT\u00c1LAMICA El estudio SIGNAL es un ... <a title=\"Estudio SIGNAL para la obesidad hipotal\u00e1mica\" class=\"read-more\" href=\"https:\/\/www.rawoodfoundation.org\/es\/signal-study-for-hypothalamic-obesity\/\" aria-label=\"Leer m\u00e1s sobre Estudio SIGNAL para la obesidad hipotal\u00e1mica\">Seguir leyendo<\/a><\/p>","protected":false},"author":4,"featured_media":0,"parent":0,"menu_order":22,"comment_status":"closed","ping_status":"closed","template":"","meta":{"_acf_changed":false,"footnotes":""},"class_list":{"0":"post-9955","1":"page","2":"type-page","3":"status-publish","5":"no-featured-image-padding"},"acf":[],"yoast_head":"<!-- This site is optimized with the Yoast SEO plugin v27.3 - https:\/\/yoast.com\/product\/yoast-seo-wordpress\/ -->\n<title>SIGNAL Study for Hypothalamic Obesity - Raymond A. Wood Foundation<\/title>\n<meta name=\"robots\" content=\"index, follow, max-snippet:-1, max-image-preview:large, max-video-preview:-1\" \/>\n<link rel=\"canonical\" href=\"https:\/\/www.rawoodfoundation.org\/es\/estudio-de-senales-para-la-obesidad-hipotalamica\/\" \/>\n<meta property=\"og:locale\" content=\"es_MX\" \/>\n<meta property=\"og:type\" content=\"article\" \/>\n<meta property=\"og:title\" content=\"SIGNAL Study for Hypothalamic Obesity - Raymond A. Wood Foundation\" \/>\n<meta property=\"og:description\" content=\"CONSIDER ENROLLING IN A HYPOTHALAMIC OBESITY CLINICAL RESEARCH STUDY The SIGNAL Study is a clinical ... Read more\" \/>\n<meta property=\"og:url\" content=\"https:\/\/www.rawoodfoundation.org\/es\/estudio-de-senales-para-la-obesidad-hipotalamica\/\" \/>\n<meta property=\"og:site_name\" content=\"Raymond A. Wood Foundation\" \/>\n<meta property=\"article:publisher\" content=\"https:\/\/www.facebook.com\/rawoodfoundation\" \/>\n<meta property=\"article:modified_time\" content=\"2024-11-15T15:18:39+00:00\" \/>\n<meta name=\"twitter:card\" content=\"summary_large_image\" \/>\n<meta name=\"twitter:site\" content=\"@rawoodfound\" \/>\n<meta name=\"twitter:label1\" content=\"Tiempo de lectura\" \/>\n\t<meta name=\"twitter:data1\" content=\"2 minutos\" \/>\n<script type=\"application\/ld+json\" class=\"yoast-schema-graph\">{\"@context\":\"https:\\\/\\\/schema.org\",\"@graph\":[{\"@type\":\"WebPage\",\"@id\":\"https:\\\/\\\/www.rawoodfoundation.org\\\/signal-study-for-hypothalamic-obesity\\\/\",\"url\":\"https:\\\/\\\/www.rawoodfoundation.org\\\/signal-study-for-hypothalamic-obesity\\\/\",\"name\":\"SIGNAL Study for Hypothalamic Obesity - Raymond A. Wood Foundation\",\"isPartOf\":{\"@id\":\"https:\\\/\\\/www.rawoodfoundation.org\\\/#website\"},\"datePublished\":\"2024-11-15T15:18:35+00:00\",\"dateModified\":\"2024-11-15T15:18:39+00:00\",\"breadcrumb\":{\"@id\":\"https:\\\/\\\/www.rawoodfoundation.org\\\/signal-study-for-hypothalamic-obesity\\\/#breadcrumb\"},\"inLanguage\":\"es\",\"potentialAction\":[{\"@type\":\"ReadAction\",\"target\":[\"https:\\\/\\\/www.rawoodfoundation.org\\\/signal-study-for-hypothalamic-obesity\\\/\"]}]},{\"@type\":\"BreadcrumbList\",\"@id\":\"https:\\\/\\\/www.rawoodfoundation.org\\\/signal-study-for-hypothalamic-obesity\\\/#breadcrumb\",\"itemListElement\":[{\"@type\":\"ListItem\",\"position\":1,\"name\":\"Home\",\"item\":\"https:\\\/\\\/www.rawoodfoundation.org\\\/\"},{\"@type\":\"ListItem\",\"position\":2,\"name\":\"SIGNAL Study for Hypothalamic Obesity\"}]},{\"@type\":\"WebSite\",\"@id\":\"https:\\\/\\\/www.rawoodfoundation.org\\\/#website\",\"url\":\"https:\\\/\\\/www.rawoodfoundation.org\\\/\",\"name\":\"Raymond A. Wood Foundation\",\"description\":\"The mission of the RAWF is to provide quality of life support for childhood brain tumor survivors and their families.\",\"publisher\":{\"@id\":\"https:\\\/\\\/www.rawoodfoundation.org\\\/#organization\"},\"potentialAction\":[{\"@type\":\"SearchAction\",\"target\":{\"@type\":\"EntryPoint\",\"urlTemplate\":\"https:\\\/\\\/www.rawoodfoundation.org\\\/?s={search_term_string}\"},\"query-input\":{\"@type\":\"PropertyValueSpecification\",\"valueRequired\":true,\"valueName\":\"search_term_string\"}}],\"inLanguage\":\"es\"},{\"@type\":\"Organization\",\"@id\":\"https:\\\/\\\/www.rawoodfoundation.org\\\/#organization\",\"name\":\"Raymond A. Wood Foundation\",\"url\":\"https:\\\/\\\/www.rawoodfoundation.org\\\/\",\"logo\":{\"@type\":\"ImageObject\",\"inLanguage\":\"es\",\"@id\":\"https:\\\/\\\/www.rawoodfoundation.org\\\/#\\\/schema\\\/logo\\\/image\\\/\",\"url\":\"https:\\\/\\\/www.rawoodfoundation.org\\\/wp-content\\\/uploads\\\/2023\\\/07\\\/Raymond-A-Wood-Foundation-logo.webp\",\"contentUrl\":\"https:\\\/\\\/www.rawoodfoundation.org\\\/wp-content\\\/uploads\\\/2023\\\/07\\\/Raymond-A-Wood-Foundation-logo.webp\",\"width\":470,\"height\":128,\"caption\":\"Raymond A. Wood Foundation\"},\"image\":{\"@id\":\"https:\\\/\\\/www.rawoodfoundation.org\\\/#\\\/schema\\\/logo\\\/image\\\/\"},\"sameAs\":[\"https:\\\/\\\/www.facebook.com\\\/rawoodfoundation\",\"https:\\\/\\\/x.com\\\/rawoodfound\"]}]}<\/script>\n<!-- \/ Yoast SEO plugin. -->","yoast_head_json":{"title":"Estudio SIGNAL para la obesidad hipotal\u00e1mica - Fundaci\u00f3n Raymond A. Wood","robots":{"index":"index","follow":"follow","max-snippet":"max-snippet:-1","max-image-preview":"max-image-preview:large","max-video-preview":"max-video-preview:-1"},"canonical":"https:\/\/www.rawoodfoundation.org\/es\/estudio-de-senales-para-la-obesidad-hipotalamica\/","og_locale":"es_MX","og_type":"article","og_title":"SIGNAL Study for Hypothalamic Obesity - Raymond A. Wood Foundation","og_description":"CONSIDER ENROLLING IN A HYPOTHALAMIC OBESITY CLINICAL RESEARCH STUDY The SIGNAL Study is a clinical ... Read more","og_url":"https:\/\/www.rawoodfoundation.org\/es\/estudio-de-senales-para-la-obesidad-hipotalamica\/","og_site_name":"Raymond A. Wood Foundation","article_publisher":"https:\/\/www.facebook.com\/rawoodfoundation","article_modified_time":"2024-11-15T15:18:39+00:00","twitter_card":"summary_large_image","twitter_site":"@rawoodfound","twitter_misc":{"Tiempo de lectura":"2 minutos"},"schema":{"@context":"https:\/\/schema.org","@graph":[{"@type":"WebPage","@id":"https:\/\/www.rawoodfoundation.org\/signal-study-for-hypothalamic-obesity\/","url":"https:\/\/www.rawoodfoundation.org\/signal-study-for-hypothalamic-obesity\/","name":"Estudio SIGNAL para la obesidad hipotal\u00e1mica - Fundaci\u00f3n Raymond A. Wood","isPartOf":{"@id":"https:\/\/www.rawoodfoundation.org\/#website"},"datePublished":"2024-11-15T15:18:35+00:00","dateModified":"2024-11-15T15:18:39+00:00","breadcrumb":{"@id":"https:\/\/www.rawoodfoundation.org\/signal-study-for-hypothalamic-obesity\/#breadcrumb"},"inLanguage":"es","potentialAction":[{"@type":"ReadAction","target":["https:\/\/www.rawoodfoundation.org\/signal-study-for-hypothalamic-obesity\/"]}]},{"@type":"BreadcrumbList","@id":"https:\/\/www.rawoodfoundation.org\/signal-study-for-hypothalamic-obesity\/#breadcrumb","itemListElement":[{"@type":"ListItem","position":1,"name":"Home","item":"https:\/\/www.rawoodfoundation.org\/"},{"@type":"ListItem","position":2,"name":"SIGNAL Study for Hypothalamic Obesity"}]},{"@type":"WebSite","@id":"https:\/\/www.rawoodfoundation.org\/#website","url":"https:\/\/www.rawoodfoundation.org\/","name":"Fundaci\u00f3n Raymond A. Wood","description":"La misi\u00f3n de la RAWF es proporcionar apoyo a la calidad de vida de los supervivientes de tumores cerebrales infantiles y sus familias.","publisher":{"@id":"https:\/\/www.rawoodfoundation.org\/#organization"},"potentialAction":[{"@type":"SearchAction","target":{"@type":"EntryPoint","urlTemplate":"https:\/\/www.rawoodfoundation.org\/?s={search_term_string}"},"query-input":{"@type":"PropertyValueSpecification","valueRequired":true,"valueName":"search_term_string"}}],"inLanguage":"es"},{"@type":"Organization","@id":"https:\/\/www.rawoodfoundation.org\/#organization","name":"Fundaci\u00f3n Raymond A. Wood","url":"https:\/\/www.rawoodfoundation.org\/","logo":{"@type":"ImageObject","inLanguage":"es","@id":"https:\/\/www.rawoodfoundation.org\/#\/schema\/logo\/image\/","url":"https:\/\/www.rawoodfoundation.org\/wp-content\/uploads\/2023\/07\/Raymond-A-Wood-Foundation-logo.webp","contentUrl":"https:\/\/www.rawoodfoundation.org\/wp-content\/uploads\/2023\/07\/Raymond-A-Wood-Foundation-logo.webp","width":470,"height":128,"caption":"Raymond A. Wood Foundation"},"image":{"@id":"https:\/\/www.rawoodfoundation.org\/#\/schema\/logo\/image\/"},"sameAs":["https:\/\/www.facebook.com\/rawoodfoundation","https:\/\/x.com\/rawoodfound"]}]}},"_links":{"self":[{"href":"https:\/\/www.rawoodfoundation.org\/es\/wp-json\/wp\/v2\/pages\/9955","targetHints":{"allow":["GET"]}}],"collection":[{"href":"https:\/\/www.rawoodfoundation.org\/es\/wp-json\/wp\/v2\/pages"}],"about":[{"href":"https:\/\/www.rawoodfoundation.org\/es\/wp-json\/wp\/v2\/types\/page"}],"author":[{"embeddable":true,"href":"https:\/\/www.rawoodfoundation.org\/es\/wp-json\/wp\/v2\/users\/4"}],"replies":[{"embeddable":true,"href":"https:\/\/www.rawoodfoundation.org\/es\/wp-json\/wp\/v2\/comments?post=9955"}],"version-history":[{"count":1,"href":"https:\/\/www.rawoodfoundation.org\/es\/wp-json\/wp\/v2\/pages\/9955\/revisions"}],"predecessor-version":[{"id":9957,"href":"https:\/\/www.rawoodfoundation.org\/es\/wp-json\/wp\/v2\/pages\/9955\/revisions\/9957"}],"wp:attachment":[{"href":"https:\/\/www.rawoodfoundation.org\/es\/wp-json\/wp\/v2\/media?parent=9955"}],"curies":[{"name":"wp","href":"https:\/\/api.w.org\/{rel}","templated":true}]}}