{"id":9507,"date":"2024-10-03T15:52:34","date_gmt":"2024-10-03T15:52:34","guid":{"rendered":"https:\/\/www.rawoodfoundation.org\/?page_id=9507"},"modified":"2024-10-03T15:59:54","modified_gmt":"2024-10-03T15:59:54","slug":"boletines-electronicos","status":"publish","type":"page","link":"https:\/\/www.rawoodfoundation.org\/es\/email-newsletters\/","title":{"rendered":"Boletines por correo electr\u00f3nico"},"content":{"rendered":"<h2 class=\"wp-block-heading\">Mant\u00e9ngase al d\u00eda de las \u00faltimas noticias, investigaciones e historias de la Fundaci\u00f3n Raymond A. Wood. <\/h2>\n\n\n\n<p>Nuestros boletines por correo electr\u00f3nico ofrecen informaci\u00f3n sobre nuestros esfuerzos de defensa, pr\u00f3ximos eventos, recursos para pacientes e historias personales de supervivientes y sus familias. Tanto si es usted paciente, cuidador o simpatizante, nuestros boletines est\u00e1n dise\u00f1ados para mantenerle informado y conectado con nuestra misi\u00f3n de mejorar la calidad de vida de los afectados por tumores cerebrales hipotal\u00e1mico-hipofisarios. Explore las ediciones anteriores a continuaci\u00f3n y suscr\u00edbase para no perderse ninguna actualizaci\u00f3n.<\/p>\n\n\n\n<p><a href=\"https:\/\/www.rawoodfoundation.org\/wp-content\/uploads\/2024\/10\/email.html\" target=\"_blank\" rel=\"noreferrer noopener\">Oto\u00f1o 2024<\/a><\/p>\n\n\n\n<p><a href=\"https:\/\/www.rawoodfoundation.org\/wp-content\/uploads\/2024\/10\/summer2024.html\" target=\"_blank\" rel=\"noreferrer noopener\">Verano de 2024<\/a><\/p>\n\n\n\n<p><a href=\"https:\/\/www.rawoodfoundation.org\/wp-content\/uploads\/2024\/10\/winter2024.html\" target=\"_blank\" rel=\"noreferrer noopener\">Invierno 2024<\/a><\/p>\n\n\n\n<p><a href=\"https:\/\/www.rawoodfoundation.org\/wp-content\/uploads\/2024\/10\/november2024.html\" target=\"_blank\" rel=\"noreferrer noopener\">Oto\u00f1o 2023<\/a><\/p>\n\n\n\n<p><a href=\"https:\/\/www.rawoodfoundation.org\/wp-content\/uploads\/2024\/10\/August2023.html\">Verano de 2023<\/a><\/p>\n\n\n\n<hr class=\"wp-block-separator has-alpha-channel-opacity\"\/>\n\n\n\n<h3 class=\"wp-block-heading has-text-align-center\">Suscr\u00edbase a nuestro bolet\u00edn trimestral<\/h3>\n\n\n\n<div class=\"wp-block-buttons is-content-justification-center is-layout-flex wp-container-core-buttons-is-layout-16018d1d wp-block-buttons-is-layout-flex\">\n<div class=\"wp-block-button\"><a class=\"wp-block-button__link wp-element-button\" href=\"https:\/\/www.rawoodfoundation.org\/es\/suscribirse-por-correo-electronico\/\">Inscribirse<\/a><\/div>\n<\/div>\n\n\n\n<hr class=\"wp-block-separator has-alpha-channel-opacity\"\/>\n\n\n<div class=\"gb-container gb-container-98493386\">\n\n<div class=\"wp-block-columns is-layout-flex wp-container-core-columns-is-layout-9d6595d7 wp-block-columns-is-layout-flex\">\n<div class=\"wp-block-column is-layout-flow wp-block-column-is-layout-flow\" style=\"flex-basis:33.33%\">\n<figure class=\"wp-block-image size-full\"><img decoding=\"async\" width=\"2808\" height=\"2374\" src=\"https:\/\/www.rawoodfoundation.org\/wp-content\/uploads\/2024\/07\/Jordan-S_.png\" alt=\"\" class=\"wp-image-9374\" srcset=\"https:\/\/www.rawoodfoundation.org\/wp-content\/uploads\/2024\/07\/Jordan-S_.png 2808w, https:\/\/www.rawoodfoundation.org\/wp-content\/uploads\/2024\/07\/Jordan-S_-300x254.png 300w, https:\/\/www.rawoodfoundation.org\/wp-content\/uploads\/2024\/07\/Jordan-S_-1024x866.png 1024w, https:\/\/www.rawoodfoundation.org\/wp-content\/uploads\/2024\/07\/Jordan-S_-768x649.png 768w, https:\/\/www.rawoodfoundation.org\/wp-content\/uploads\/2024\/07\/Jordan-S_-1536x1299.png 1536w, https:\/\/www.rawoodfoundation.org\/wp-content\/uploads\/2024\/07\/Jordan-S_-2048x1731.png 2048w, https:\/\/www.rawoodfoundation.org\/wp-content\/uploads\/2024\/07\/Jordan-S_-14x12.png 14w\" sizes=\"(max-width: 2808px) 100vw, 2808px\" \/><\/figure>\n<\/div>\n\n\n\n<div class=\"wp-block-column is-layout-flow wp-block-column-is-layout-flow\" style=\"flex-basis:66.66%\">\n<h3 class=\"gb-headline gb-headline-094bad58 gb-headline-text\">Apoya nuestra misi\u00f3n<\/h3>\n\n\n\n<p class=\"gb-headline gb-headline-33254764 gb-headline-text\">Su contribuci\u00f3n tiene un impacto directo en la vida de los supervivientes y sus familias. Al apoyar a la Fundaci\u00f3n Raymond A. Wood, est\u00e1 ayudando a financiar investigaciones cr\u00edticas, proporcionar recursos vitales y abogar por una mejor atenci\u00f3n. Juntos, podemos mejorar la calidad de vida de los afectados por tumores cerebrales hipotal\u00e1mico-hipofisarios.<\/p>\n\n\n\n<p class=\"gb-headline gb-headline-52423adb round-icon\"><span class=\"gb-icon\"><svg aria-hidden=\"true\" role=\"img\" height=\"1em\" width=\"1em\" viewbox=\"0 0 256 512\" xmlns=\"http:\/\/www.w3.org\/2000\/svg\"><path fill=\"currentColor\" d=\"M224.3 273l-136 136c-9.4 9.4-24.6 9.4-33.9 0l-22.6-22.6c-9.4-9.4-9.4-24.6 0-33.9l96.4-96.4-96.4-96.4c-9.4-9.4-9.4-24.6 0-33.9L54.3 103c9.4-9.4 24.6-9.4 33.9 0l136 136c9.5 9.4 9.5 24.6.1 34z\"><\/path><\/svg><\/span><span class=\"gb-headline-text\"><a href=\"https:\/\/www.rawoodfoundation.org\/es\/hacer-un-donativo\/\">Haz un donativo hoy y forma parte del cambio.<\/a><\/span><\/p>\n<\/div>\n<\/div>\n\n<\/div>","protected":false},"excerpt":{"rendered":"<p>Mant\u00e9ngase al d\u00eda de las \u00faltimas noticias, investigaciones e historias del Raymond A. ... <a title=\"Boletines por correo electr\u00f3nico\" class=\"read-more\" href=\"https:\/\/www.rawoodfoundation.org\/es\/email-newsletters\/\" aria-label=\"Leer m\u00e1s sobre Boletines electr\u00f3nicos\">Seguir leyendo<\/a><\/p>","protected":false},"author":4,"featured_media":0,"parent":0,"menu_order":23,"comment_status":"closed","ping_status":"closed","template":"","meta":{"_acf_changed":false,"footnotes":""},"class_list":{"0":"post-9507","1":"page","2":"type-page","3":"status-publish","5":"no-featured-image-padding"},"acf":[],"yoast_head":"<!-- This site is optimized with the Yoast SEO plugin v27.3 - https:\/\/yoast.com\/product\/yoast-seo-wordpress\/ -->\n<title>Email Newsletters - Raymond A. Wood Foundation<\/title>\n<meta name=\"robots\" content=\"index, follow, max-snippet:-1, max-image-preview:large, max-video-preview:-1\" \/>\n<link rel=\"canonical\" href=\"https:\/\/www.rawoodfoundation.org\/es\/boletines-electronicos\/\" \/>\n<meta property=\"og:locale\" content=\"es_MX\" \/>\n<meta property=\"og:type\" content=\"article\" \/>\n<meta property=\"og:title\" content=\"Email Newsletters - Raymond A. Wood Foundation\" \/>\n<meta property=\"og:description\" content=\"Stay up to date with the latest news, research, and stories from the Raymond A. ... Read more\" \/>\n<meta property=\"og:url\" content=\"https:\/\/www.rawoodfoundation.org\/es\/boletines-electronicos\/\" \/>\n<meta property=\"og:site_name\" content=\"Raymond A. Wood Foundation\" \/>\n<meta property=\"article:publisher\" content=\"https:\/\/www.facebook.com\/rawoodfoundation\" \/>\n<meta property=\"article:modified_time\" content=\"2024-10-03T15:59:54+00:00\" \/>\n<meta property=\"og:image\" content=\"https:\/\/www.rawoodfoundation.org\/wp-content\/uploads\/2024\/07\/Jordan-S_.png\" \/>\n<meta name=\"twitter:card\" content=\"summary_large_image\" \/>\n<meta name=\"twitter:site\" content=\"@rawoodfound\" \/>\n<meta name=\"twitter:label1\" content=\"Tiempo de lectura\" \/>\n\t<meta name=\"twitter:data1\" content=\"1 minuto\" \/>\n<script type=\"application\/ld+json\" class=\"yoast-schema-graph\">{\"@context\":\"https:\\\/\\\/schema.org\",\"@graph\":[{\"@type\":\"WebPage\",\"@id\":\"https:\\\/\\\/www.rawoodfoundation.org\\\/email-newsletters\\\/\",\"url\":\"https:\\\/\\\/www.rawoodfoundation.org\\\/email-newsletters\\\/\",\"name\":\"Email Newsletters - Raymond A. Wood Foundation\",\"isPartOf\":{\"@id\":\"https:\\\/\\\/www.rawoodfoundation.org\\\/#website\"},\"primaryImageOfPage\":{\"@id\":\"https:\\\/\\\/www.rawoodfoundation.org\\\/email-newsletters\\\/#primaryimage\"},\"image\":{\"@id\":\"https:\\\/\\\/www.rawoodfoundation.org\\\/email-newsletters\\\/#primaryimage\"},\"thumbnailUrl\":\"https:\\\/\\\/www.rawoodfoundation.org\\\/wp-content\\\/uploads\\\/2024\\\/07\\\/Jordan-S_.png\",\"datePublished\":\"2024-10-03T15:52:34+00:00\",\"dateModified\":\"2024-10-03T15:59:54+00:00\",\"breadcrumb\":{\"@id\":\"https:\\\/\\\/www.rawoodfoundation.org\\\/email-newsletters\\\/#breadcrumb\"},\"inLanguage\":\"es\",\"potentialAction\":[{\"@type\":\"ReadAction\",\"target\":[\"https:\\\/\\\/www.rawoodfoundation.org\\\/email-newsletters\\\/\"]}]},{\"@type\":\"ImageObject\",\"inLanguage\":\"es\",\"@id\":\"https:\\\/\\\/www.rawoodfoundation.org\\\/email-newsletters\\\/#primaryimage\",\"url\":\"https:\\\/\\\/www.rawoodfoundation.org\\\/wp-content\\\/uploads\\\/2024\\\/07\\\/Jordan-S_.png\",\"contentUrl\":\"https:\\\/\\\/www.rawoodfoundation.org\\\/wp-content\\\/uploads\\\/2024\\\/07\\\/Jordan-S_.png\"},{\"@type\":\"BreadcrumbList\",\"@id\":\"https:\\\/\\\/www.rawoodfoundation.org\\\/email-newsletters\\\/#breadcrumb\",\"itemListElement\":[{\"@type\":\"ListItem\",\"position\":1,\"name\":\"Home\",\"item\":\"https:\\\/\\\/www.rawoodfoundation.org\\\/\"},{\"@type\":\"ListItem\",\"position\":2,\"name\":\"Email Newsletters\"}]},{\"@type\":\"WebSite\",\"@id\":\"https:\\\/\\\/www.rawoodfoundation.org\\\/#website\",\"url\":\"https:\\\/\\\/www.rawoodfoundation.org\\\/\",\"name\":\"Raymond A. Wood Foundation\",\"description\":\"The mission of the RAWF is to provide quality of life support for childhood brain tumor survivors and their families.\",\"publisher\":{\"@id\":\"https:\\\/\\\/www.rawoodfoundation.org\\\/#organization\"},\"potentialAction\":[{\"@type\":\"SearchAction\",\"target\":{\"@type\":\"EntryPoint\",\"urlTemplate\":\"https:\\\/\\\/www.rawoodfoundation.org\\\/?s={search_term_string}\"},\"query-input\":{\"@type\":\"PropertyValueSpecification\",\"valueRequired\":true,\"valueName\":\"search_term_string\"}}],\"inLanguage\":\"es\"},{\"@type\":\"Organization\",\"@id\":\"https:\\\/\\\/www.rawoodfoundation.org\\\/#organization\",\"name\":\"Raymond A. Wood Foundation\",\"url\":\"https:\\\/\\\/www.rawoodfoundation.org\\\/\",\"logo\":{\"@type\":\"ImageObject\",\"inLanguage\":\"es\",\"@id\":\"https:\\\/\\\/www.rawoodfoundation.org\\\/#\\\/schema\\\/logo\\\/image\\\/\",\"url\":\"https:\\\/\\\/www.rawoodfoundation.org\\\/wp-content\\\/uploads\\\/2023\\\/07\\\/Raymond-A-Wood-Foundation-logo.webp\",\"contentUrl\":\"https:\\\/\\\/www.rawoodfoundation.org\\\/wp-content\\\/uploads\\\/2023\\\/07\\\/Raymond-A-Wood-Foundation-logo.webp\",\"width\":470,\"height\":128,\"caption\":\"Raymond A. Wood Foundation\"},\"image\":{\"@id\":\"https:\\\/\\\/www.rawoodfoundation.org\\\/#\\\/schema\\\/logo\\\/image\\\/\"},\"sameAs\":[\"https:\\\/\\\/www.facebook.com\\\/rawoodfoundation\",\"https:\\\/\\\/x.com\\\/rawoodfound\"]}]}<\/script>\n<!-- \/ Yoast SEO plugin. -->","yoast_head_json":{"title":"Boletines electr\u00f3nicos - Fundaci\u00f3n Raymond A. Wood","robots":{"index":"index","follow":"follow","max-snippet":"max-snippet:-1","max-image-preview":"max-image-preview:large","max-video-preview":"max-video-preview:-1"},"canonical":"https:\/\/www.rawoodfoundation.org\/es\/boletines-electronicos\/","og_locale":"es_MX","og_type":"article","og_title":"Email Newsletters - Raymond A. Wood Foundation","og_description":"Stay up to date with the latest news, research, and stories from the Raymond A. ... Read more","og_url":"https:\/\/www.rawoodfoundation.org\/es\/boletines-electronicos\/","og_site_name":"Raymond A. Wood Foundation","article_publisher":"https:\/\/www.facebook.com\/rawoodfoundation","article_modified_time":"2024-10-03T15:59:54+00:00","og_image":[{"url":"https:\/\/www.rawoodfoundation.org\/wp-content\/uploads\/2024\/07\/Jordan-S_.png","type":"","width":"","height":""}],"twitter_card":"summary_large_image","twitter_site":"@rawoodfound","twitter_misc":{"Tiempo de lectura":"1 minuto"},"schema":{"@context":"https:\/\/schema.org","@graph":[{"@type":"WebPage","@id":"https:\/\/www.rawoodfoundation.org\/email-newsletters\/","url":"https:\/\/www.rawoodfoundation.org\/email-newsletters\/","name":"Boletines electr\u00f3nicos - Fundaci\u00f3n Raymond A. Wood","isPartOf":{"@id":"https:\/\/www.rawoodfoundation.org\/#website"},"primaryImageOfPage":{"@id":"https:\/\/www.rawoodfoundation.org\/email-newsletters\/#primaryimage"},"image":{"@id":"https:\/\/www.rawoodfoundation.org\/email-newsletters\/#primaryimage"},"thumbnailUrl":"https:\/\/www.rawoodfoundation.org\/wp-content\/uploads\/2024\/07\/Jordan-S_.png","datePublished":"2024-10-03T15:52:34+00:00","dateModified":"2024-10-03T15:59:54+00:00","breadcrumb":{"@id":"https:\/\/www.rawoodfoundation.org\/email-newsletters\/#breadcrumb"},"inLanguage":"es","potentialAction":[{"@type":"ReadAction","target":["https:\/\/www.rawoodfoundation.org\/email-newsletters\/"]}]},{"@type":"ImageObject","inLanguage":"es","@id":"https:\/\/www.rawoodfoundation.org\/email-newsletters\/#primaryimage","url":"https:\/\/www.rawoodfoundation.org\/wp-content\/uploads\/2024\/07\/Jordan-S_.png","contentUrl":"https:\/\/www.rawoodfoundation.org\/wp-content\/uploads\/2024\/07\/Jordan-S_.png"},{"@type":"BreadcrumbList","@id":"https:\/\/www.rawoodfoundation.org\/email-newsletters\/#breadcrumb","itemListElement":[{"@type":"ListItem","position":1,"name":"Home","item":"https:\/\/www.rawoodfoundation.org\/"},{"@type":"ListItem","position":2,"name":"Email Newsletters"}]},{"@type":"WebSite","@id":"https:\/\/www.rawoodfoundation.org\/#website","url":"https:\/\/www.rawoodfoundation.org\/","name":"Fundaci\u00f3n Raymond A. Wood","description":"La misi\u00f3n de la RAWF es proporcionar apoyo a la calidad de vida de los supervivientes de tumores cerebrales infantiles y sus familias.","publisher":{"@id":"https:\/\/www.rawoodfoundation.org\/#organization"},"potentialAction":[{"@type":"SearchAction","target":{"@type":"EntryPoint","urlTemplate":"https:\/\/www.rawoodfoundation.org\/?s={search_term_string}"},"query-input":{"@type":"PropertyValueSpecification","valueRequired":true,"valueName":"search_term_string"}}],"inLanguage":"es"},{"@type":"Organization","@id":"https:\/\/www.rawoodfoundation.org\/#organization","name":"Fundaci\u00f3n Raymond A. Wood","url":"https:\/\/www.rawoodfoundation.org\/","logo":{"@type":"ImageObject","inLanguage":"es","@id":"https:\/\/www.rawoodfoundation.org\/#\/schema\/logo\/image\/","url":"https:\/\/www.rawoodfoundation.org\/wp-content\/uploads\/2023\/07\/Raymond-A-Wood-Foundation-logo.webp","contentUrl":"https:\/\/www.rawoodfoundation.org\/wp-content\/uploads\/2023\/07\/Raymond-A-Wood-Foundation-logo.webp","width":470,"height":128,"caption":"Raymond A. Wood Foundation"},"image":{"@id":"https:\/\/www.rawoodfoundation.org\/#\/schema\/logo\/image\/"},"sameAs":["https:\/\/www.facebook.com\/rawoodfoundation","https:\/\/x.com\/rawoodfound"]}]}},"_links":{"self":[{"href":"https:\/\/www.rawoodfoundation.org\/es\/wp-json\/wp\/v2\/pages\/9507","targetHints":{"allow":["GET"]}}],"collection":[{"href":"https:\/\/www.rawoodfoundation.org\/es\/wp-json\/wp\/v2\/pages"}],"about":[{"href":"https:\/\/www.rawoodfoundation.org\/es\/wp-json\/wp\/v2\/types\/page"}],"author":[{"embeddable":true,"href":"https:\/\/www.rawoodfoundation.org\/es\/wp-json\/wp\/v2\/users\/4"}],"replies":[{"embeddable":true,"href":"https:\/\/www.rawoodfoundation.org\/es\/wp-json\/wp\/v2\/comments?post=9507"}],"version-history":[{"count":5,"href":"https:\/\/www.rawoodfoundation.org\/es\/wp-json\/wp\/v2\/pages\/9507\/revisions"}],"predecessor-version":[{"id":9519,"href":"https:\/\/www.rawoodfoundation.org\/es\/wp-json\/wp\/v2\/pages\/9507\/revisions\/9519"}],"wp:attachment":[{"href":"https:\/\/www.rawoodfoundation.org\/es\/wp-json\/wp\/v2\/media?parent=9507"}],"curies":[{"name":"wp","href":"https:\/\/api.w.org\/{rel}","templated":true}]}}