{"id":9408,"date":"2024-08-09T18:30:51","date_gmt":"2024-08-09T18:30:51","guid":{"rendered":"https:\/\/www.rawoodfoundation.org\/?page_id=9408"},"modified":"2024-08-09T18:41:35","modified_gmt":"2024-08-09T18:41:35","slug":"iguale-su-donacion","status":"publish","type":"page","link":"https:\/\/www.rawoodfoundation.org\/es\/match-your-gift\/","title":{"rendered":"Iguale su donaci\u00f3n"},"content":{"rendered":"<h2 class=\"wp-block-heading\">\u00bfIgualar\u00e1 su empresa su donaci\u00f3n? <\/h2>\n\n\n\n<p>Muchas empresas se comprometen a apoyar causas ben\u00e9ficas igualando las donaciones de sus empleados a organizaciones sin \u00e1nimo de lucro que cumplan los requisitos. Esto significa que su generosa donaci\u00f3n podr\u00eda tener el doble de impacto. Utilice nuestra herramienta \"Duplique su donaci\u00f3n\" para averiguar r\u00e1pida y f\u00e1cilmente si su empresa participa en un programa de donaciones equivalentes. Con s\u00f3lo introducir el nombre de su empresa, podr\u00e1 comprobar si su donaci\u00f3n puede ser igualada, maximizando su contribuci\u00f3n y ayud\u00e1ndonos a avanzar en nuestra misi\u00f3n.<\/p>\n\n\n\n<script>var DDCONF = { API_KEY: \"b5ihRKZIQRc08rxK\" };<\/script> <script src=\"https:\/\/doublethedonation.com\/api\/js\/ddplugin.js\"><\/script> <div id=\"dd-container\"> <a href=\"https:\/\/doublethedonation.com\/matching-grant-resources\/matching-gift-basics\/\">Matching Gift<\/a> y <a href=\"https:\/\/doublethedonation.com\/matching-grant-resources\/volunteer-grant-basics\/\">Subvenci\u00f3n para voluntarios<\/a> informaci\u00f3n proporcionada por <br> <a href=\"https:\/\/doublethedonation.com\"><img decoding=\"async\" alt=\"Impulsado por Double the Donation\" src=\"https:\/\/doublethedonation.com\/api\/img\/powered-by.png\" \/><\/a> <\/div>\n\n\n\n<hr class=\"wp-block-separator has-alpha-channel-opacity\"\/>\n\n\n\n<h3 class=\"wp-block-heading\">Nuestra informaci\u00f3n<\/h3>\n\n\n\n<p>Fundaci\u00f3n Raymond A. Wood, Inc.<br>PO Box 991, Ocean City, MD 21843<br>Contacto: <a href=\"mailto:development@rawoodfoundation.org\">development@rawoodfoundation.org<\/a><br>EIN: 81-4548646<\/p>\n\n\n\n<hr class=\"wp-block-separator has-alpha-channel-opacity\"\/>\n\n\n\n<h3 class=\"wp-block-heading\">Preguntas frecuentes sobre la equiparaci\u00f3n de donaciones<\/h3>\n\n\n<div class=\"gb-container gb-container-2b65d57c gb-accordion\">\n<div class=\"gb-container gb-container-a7cdf683 gb-accordion__item\" data-transition=\"slide\">\n\n<button class=\"gb-button gb-button-8e769bbc gb-accordion__toggle\"><span class=\"gb-button-text\"><strong>\u00bfQu\u00e9 son los programas de donaciones de contrapartida para empleados?<\/strong><\/span><span class=\"gb-icon\"><svg xmlns=\"http:\/\/www.w3.org\/2000\/svg\" viewbox=\"0 0 448 512\" width=\"1em\" height=\"1em\" ariahidden=\"true\" role=\"img\" class=\"gb-accordion__icon\"><path d=\"M207.029 381.476L12.686 187.132c-9.373-9.373-9.373-24.569 0-33.941l22.667-22.667c9.357-9.357 24.522-9.375 33.901-.04L224 284.505l154.745-154.021c9.379-9.335 24.544-9.317 33.901.04l22.667 22.667c9.373 9.373 9.373 24.569 0 33.941L240.971 381.476c-9.373 9.372-24.569 9.372-33.942 0z\" fill=\"currentColor\"><\/path><\/svg><svg xmlns=\"http:\/\/www.w3.org\/2000\/svg\" viewbox=\"0 0 448 512\" width=\"1em\" height=\"1em\" ariahidden=\"true\" role=\"img\" class=\"gb-accordion__icon-open\"><path d=\"M240.971 130.524l194.343 194.343c9.373 9.373 9.373 24.569 0 33.941l-22.667 22.667c-9.357 9.357-24.522 9.375-33.901.04L224 227.495 69.255 381.516c-9.379 9.335-24.544 9.317-33.901-.04l-22.667-22.667c-9.373-9.373-9.373-24.569 0-33.941L207.03 130.525c9.372-9.373 24.568-9.373 33.941-.001z\" fill=\"currentColor\"><\/path><\/svg><\/span><\/button>\n\n\n<div class=\"gb-accordion__content\"><div class=\"gb-container gb-container-5386b664\">\n\n<p>Los programas de donaciones de contrapartida de los empleados son programas de donaciones corporativas en los que la empresa iguala las donaciones realizadas por los empleados a organizaciones sin \u00e1nimo de lucro elegibles.  Es una forma f\u00e1cil de duplicar tu contribuci\u00f3n.<\/p>\n\n<\/div><\/div>\n<\/div>\n<\/div>\n\n<div class=\"gb-container gb-container-97141180 gb-accordion\">\n<div class=\"gb-container gb-container-fa269076 gb-accordion__item\" data-transition=\"slide\">\n\n<button class=\"gb-button gb-button-3895303a gb-accordion__toggle\"><span class=\"gb-button-text\"><strong>\u00bfQu\u00e9 son los programas de subvenciones para voluntarios?<\/strong><\/span><span class=\"gb-icon\"><svg xmlns=\"http:\/\/www.w3.org\/2000\/svg\" viewbox=\"0 0 448 512\" width=\"1em\" height=\"1em\" ariahidden=\"true\" role=\"img\" class=\"gb-accordion__icon\"><path d=\"M207.029 381.476L12.686 187.132c-9.373-9.373-9.373-24.569 0-33.941l22.667-22.667c9.357-9.357 24.522-9.375 33.901-.04L224 284.505l154.745-154.021c9.379-9.335 24.544-9.317 33.901.04l22.667 22.667c9.373 9.373 9.373 24.569 0 33.941L240.971 381.476c-9.373 9.372-24.569 9.372-33.942 0z\" fill=\"currentColor\"><\/path><\/svg><svg xmlns=\"http:\/\/www.w3.org\/2000\/svg\" viewbox=\"0 0 448 512\" width=\"1em\" height=\"1em\" ariahidden=\"true\" role=\"img\" class=\"gb-accordion__icon-open\"><path d=\"M240.971 130.524l194.343 194.343c9.373 9.373 9.373 24.569 0 33.941l-22.667 22.667c-9.357 9.357-24.522 9.375-33.901.04L224 227.495 69.255 381.516c-9.379 9.335-24.544 9.317-33.901-.04l-22.667-22.667c-9.373-9.373-9.373-24.569 0-33.941L207.03 130.525c9.372-9.373 24.568-9.373 33.941-.001z\" fill=\"currentColor\"><\/path><\/svg><\/span><\/button>\n\n\n<div class=\"gb-accordion__content\"><div class=\"gb-container gb-container-37ec49bd\">\n\n<p>Los programas de subvenciones al voluntariado son programas de donaciones corporativas en los que las empresas realizan donaciones monetarias a organizaciones en las que sus empleados trabajan como voluntarios con regularidad. Si trabajas como voluntario con nosotros, es una forma sencilla de proporcionarnos ayuda econ\u00f3mica adicional.<\/p>\n\n<\/div><\/div>\n<\/div>\n<\/div>\n\n<div class=\"gb-container gb-container-2a72546b gb-accordion\">\n<div class=\"gb-container gb-container-f41686b5 gb-accordion__item\" data-transition=\"slide\">\n\n<button class=\"gb-button gb-button-0486049b gb-accordion__toggle\"><span class=\"gb-button-text\"><strong>\u00bfC\u00f3mo se obtiene esta informaci\u00f3n?<\/strong><\/span><span class=\"gb-icon\"><svg xmlns=\"http:\/\/www.w3.org\/2000\/svg\" viewbox=\"0 0 448 512\" width=\"1em\" height=\"1em\" ariahidden=\"true\" role=\"img\" class=\"gb-accordion__icon\"><path d=\"M207.029 381.476L12.686 187.132c-9.373-9.373-9.373-24.569 0-33.941l22.667-22.667c9.357-9.357 24.522-9.375 33.901-.04L224 284.505l154.745-154.021c9.379-9.335 24.544-9.317 33.901.04l22.667 22.667c9.373 9.373 9.373 24.569 0 33.941L240.971 381.476c-9.373 9.372-24.569 9.372-33.942 0z\" fill=\"currentColor\"><\/path><\/svg><svg xmlns=\"http:\/\/www.w3.org\/2000\/svg\" viewbox=\"0 0 448 512\" width=\"1em\" height=\"1em\" ariahidden=\"true\" role=\"img\" class=\"gb-accordion__icon-open\"><path d=\"M240.971 130.524l194.343 194.343c9.373 9.373 9.373 24.569 0 33.941l-22.667 22.667c-9.357 9.357-24.522 9.375-33.901.04L224 227.495 69.255 381.516c-9.379 9.335-24.544 9.317-33.901-.04l-22.667-22.667c-9.373-9.373-9.373-24.569 0-33.941L207.03 130.525c9.372-9.373 24.568-9.373 33.941-.001z\" fill=\"currentColor\"><\/path><\/svg><\/span><\/button>\n\n\n<div class=\"gb-accordion__content\"><div class=\"gb-container gb-container-1071e217\">\n\n<p>Colaboramos con una empresa llamada&nbsp;<a href=\"https:\/\/doublethedonation.com\/\" target=\"_blank\" rel=\"noreferrer noopener\">Doble donaci\u00f3n<\/a>. Si ve algo que deber\u00eda cambiarse, env\u00ede un correo electr\u00f3nico al equipo de Double the Donation a&nbsp;<a href=\"mailto:data@doublethedonation.com\">data@doublethedonation.com<\/a><\/p>\n\n<\/div><\/div>\n<\/div>\n<\/div>\n\n<div class=\"gb-container gb-container-6807e7c7 gb-accordion\">\n<div class=\"gb-container gb-container-079e8b44 gb-accordion__item\" data-transition=\"slide\">\n\n<button class=\"gb-button gb-button-49f36676 gb-accordion__toggle\"><span class=\"gb-button-text\"><strong>\u00bfC\u00f3mo solicito una donaci\u00f3n de contrapartida o una subvenci\u00f3n para voluntarios?<\/strong><\/span><span class=\"gb-icon\"><svg xmlns=\"http:\/\/www.w3.org\/2000\/svg\" viewbox=\"0 0 448 512\" width=\"1em\" height=\"1em\" ariahidden=\"true\" role=\"img\" class=\"gb-accordion__icon\"><path d=\"M207.029 381.476L12.686 187.132c-9.373-9.373-9.373-24.569 0-33.941l22.667-22.667c9.357-9.357 24.522-9.375 33.901-.04L224 284.505l154.745-154.021c9.379-9.335 24.544-9.317 33.901.04l22.667 22.667c9.373 9.373 9.373 24.569 0 33.941L240.971 381.476c-9.373 9.372-24.569 9.372-33.942 0z\" fill=\"currentColor\"><\/path><\/svg><svg xmlns=\"http:\/\/www.w3.org\/2000\/svg\" viewbox=\"0 0 448 512\" width=\"1em\" height=\"1em\" ariahidden=\"true\" role=\"img\" class=\"gb-accordion__icon-open\"><path d=\"M240.971 130.524l194.343 194.343c9.373 9.373 9.373 24.569 0 33.941l-22.667 22.667c-9.357 9.357-24.522 9.375-33.901.04L224 227.495 69.255 381.516c-9.379 9.335-24.544 9.317-33.901-.04l-22.667-22.667c-9.373-9.373-9.373-24.569 0-33.941L207.03 130.525c9.372-9.373 24.568-9.373 33.941-.001z\" fill=\"currentColor\"><\/path><\/svg><\/span><\/button>\n\n\n<div class=\"gb-accordion__content\"><div class=\"gb-container gb-container-87ffef96\">\n\n<p>Solicitar una donaci\u00f3n de contrapartida o una subvenci\u00f3n de voluntariado suele ser un proceso de cinco minutos que debe iniciar el donante\/voluntario. Puede hacerlo rellenando y enviando un formulario en papel proporcionado por su empresa o mediante un proceso de env\u00edo electr\u00f3nico.  Busque en nuestra base de datos informaci\u00f3n espec\u00edfica de su empresa.<\/p>\n\n<\/div><\/div>\n<\/div>\n<\/div>\n\n<div class=\"gb-container gb-container-dc410a01 gb-accordion\">\n<div class=\"gb-container gb-container-b340aa27 gb-accordion__item\" data-transition=\"slide\">\n\n<button class=\"gb-button gb-button-e61abb92 gb-accordion__toggle\"><span class=\"gb-button-text\"><strong>\u00bfC\u00f3mo presento una donaci\u00f3n de contrapartida?<\/strong><\/span><span class=\"gb-icon\"><svg xmlns=\"http:\/\/www.w3.org\/2000\/svg\" viewbox=\"0 0 448 512\" width=\"1em\" height=\"1em\" ariahidden=\"true\" role=\"img\" class=\"gb-accordion__icon\"><path d=\"M207.029 381.476L12.686 187.132c-9.373-9.373-9.373-24.569 0-33.941l22.667-22.667c9.357-9.357 24.522-9.375 33.901-.04L224 284.505l154.745-154.021c9.379-9.335 24.544-9.317 33.901.04l22.667 22.667c9.373 9.373 9.373 24.569 0 33.941L240.971 381.476c-9.373 9.372-24.569 9.372-33.942 0z\" fill=\"currentColor\"><\/path><\/svg><svg xmlns=\"http:\/\/www.w3.org\/2000\/svg\" viewbox=\"0 0 448 512\" width=\"1em\" height=\"1em\" ariahidden=\"true\" role=\"img\" class=\"gb-accordion__icon-open\"><path d=\"M240.971 130.524l194.343 194.343c9.373 9.373 9.373 24.569 0 33.941l-22.667 22.667c-9.357 9.357-24.522 9.375-33.901.04L224 227.495 69.255 381.516c-9.379 9.335-24.544 9.317-33.901-.04l-22.667-22.667c-9.373-9.373-9.373-24.569 0-33.941L207.03 130.525c9.372-9.373 24.568-9.373 33.941-.001z\" fill=\"currentColor\"><\/path><\/svg><\/span><\/button>\n\n\n<div class=\"gb-accordion__content\"><div class=\"gb-container gb-container-7220904f\">\n\n<ol class=\"wp-block-list\">\n<li><a href=\"https:\/\/www.rawoodfoundation.org\/es\/hacer-un-donativo\/\">Haz un donativo a un RAWF.<\/a><\/li>\n\n\n\n<li>Acceda al sitio web de su empresa para la presentaci\u00f3n de donativos de contrapartida (si utiliza la herramienta de b\u00fasqueda de Double the Donation, recibir\u00e1 un correo electr\u00f3nico de seguimiento con un enlace a esta p\u00e1gina).<\/li>\n\n\n\n<li>Una vez conectado, busque la Fundaci\u00f3n Raymond A. Wood.<\/li>\n\n\n\n<li>Seleccione la RAWF en los resultados de la b\u00fasqueda. Si no se encuentra, introduzca manualmente los datos de la organizaci\u00f3n.<\/li>\n\n\n\n<li>Registre la donaci\u00f3n.<\/li>\n\n\n\n<li>Env\u00ede la solicitud de donativo de contrapartida cumplimentada a su empresa.<\/li>\n<\/ol>\n\n<\/div><\/div>\n<\/div>\n<\/div>\n\n\n<hr class=\"wp-block-separator has-alpha-channel-opacity\"\/>\n\n\n\n<h4 class=\"wp-block-heading has-text-align-center\">Gracias por apoyar a la Fundaci\u00f3n Raymond A. Wood.<\/h4>","protected":false},"excerpt":{"rendered":"<p>\u00bfIgualar\u00e1 su empresa su donaci\u00f3n? Muchas empresas se comprometen a apoyar causas ben\u00e9ficas ... <a title=\"Iguale su donaci\u00f3n\" class=\"read-more\" href=\"https:\/\/www.rawoodfoundation.org\/es\/match-your-gift\/\" aria-label=\"Leer m\u00e1s sobre Iguala tu regalo\">Seguir leyendo<\/a><\/p>","protected":false},"author":4,"featured_media":0,"parent":0,"menu_order":24,"comment_status":"closed","ping_status":"closed","template":"","meta":{"_acf_changed":false,"footnotes":""},"class_list":{"0":"post-9408","1":"page","2":"type-page","3":"status-publish","5":"no-featured-image-padding"},"acf":[],"yoast_head":"<!-- This site is optimized with the Yoast SEO plugin v27.3 - https:\/\/yoast.com\/product\/yoast-seo-wordpress\/ -->\n<title>Match Your Gift - Raymond A. Wood Foundation<\/title>\n<meta name=\"robots\" content=\"index, follow, max-snippet:-1, max-image-preview:large, max-video-preview:-1\" \/>\n<link rel=\"canonical\" href=\"https:\/\/www.rawoodfoundation.org\/es\/iguale-su-donacion\/\" \/>\n<meta property=\"og:locale\" content=\"es_MX\" \/>\n<meta property=\"og:type\" content=\"article\" \/>\n<meta property=\"og:title\" content=\"Match Your Gift - Raymond A. Wood Foundation\" \/>\n<meta property=\"og:description\" content=\"Will Your Company Match Your Donation? Many companies are committed to supporting charitable causes by ... Read more\" \/>\n<meta property=\"og:url\" content=\"https:\/\/www.rawoodfoundation.org\/es\/iguale-su-donacion\/\" \/>\n<meta property=\"og:site_name\" content=\"Raymond A. Wood Foundation\" \/>\n<meta property=\"article:publisher\" content=\"https:\/\/www.facebook.com\/rawoodfoundation\" \/>\n<meta property=\"article:modified_time\" content=\"2024-08-09T18:41:35+00:00\" \/>\n<meta property=\"og:image\" content=\"https:\/\/doublethedonation.com\/api\/img\/powered-by.png\" \/>\n<meta name=\"twitter:card\" content=\"summary_large_image\" \/>\n<meta name=\"twitter:site\" content=\"@rawoodfound\" \/>\n<meta name=\"twitter:label1\" content=\"Tiempo de lectura\" \/>\n\t<meta name=\"twitter:data1\" content=\"2 minutos\" \/>\n<script type=\"application\/ld+json\" class=\"yoast-schema-graph\">{\"@context\":\"https:\\\/\\\/schema.org\",\"@graph\":[{\"@type\":\"WebPage\",\"@id\":\"https:\\\/\\\/www.rawoodfoundation.org\\\/match-your-gift\\\/\",\"url\":\"https:\\\/\\\/www.rawoodfoundation.org\\\/match-your-gift\\\/\",\"name\":\"Match Your Gift - Raymond A. Wood Foundation\",\"isPartOf\":{\"@id\":\"https:\\\/\\\/www.rawoodfoundation.org\\\/#website\"},\"primaryImageOfPage\":{\"@id\":\"https:\\\/\\\/www.rawoodfoundation.org\\\/match-your-gift\\\/#primaryimage\"},\"image\":{\"@id\":\"https:\\\/\\\/www.rawoodfoundation.org\\\/match-your-gift\\\/#primaryimage\"},\"thumbnailUrl\":\"https:\\\/\\\/doublethedonation.com\\\/api\\\/img\\\/powered-by.png\",\"datePublished\":\"2024-08-09T18:30:51+00:00\",\"dateModified\":\"2024-08-09T18:41:35+00:00\",\"breadcrumb\":{\"@id\":\"https:\\\/\\\/www.rawoodfoundation.org\\\/match-your-gift\\\/#breadcrumb\"},\"inLanguage\":\"es\",\"potentialAction\":[{\"@type\":\"ReadAction\",\"target\":[\"https:\\\/\\\/www.rawoodfoundation.org\\\/match-your-gift\\\/\"]}]},{\"@type\":\"ImageObject\",\"inLanguage\":\"es\",\"@id\":\"https:\\\/\\\/www.rawoodfoundation.org\\\/match-your-gift\\\/#primaryimage\",\"url\":\"https:\\\/\\\/doublethedonation.com\\\/api\\\/img\\\/powered-by.png\",\"contentUrl\":\"https:\\\/\\\/doublethedonation.com\\\/api\\\/img\\\/powered-by.png\"},{\"@type\":\"BreadcrumbList\",\"@id\":\"https:\\\/\\\/www.rawoodfoundation.org\\\/match-your-gift\\\/#breadcrumb\",\"itemListElement\":[{\"@type\":\"ListItem\",\"position\":1,\"name\":\"Home\",\"item\":\"https:\\\/\\\/www.rawoodfoundation.org\\\/\"},{\"@type\":\"ListItem\",\"position\":2,\"name\":\"Match Your Gift\"}]},{\"@type\":\"WebSite\",\"@id\":\"https:\\\/\\\/www.rawoodfoundation.org\\\/#website\",\"url\":\"https:\\\/\\\/www.rawoodfoundation.org\\\/\",\"name\":\"Raymond A. Wood Foundation\",\"description\":\"The mission of the RAWF is to provide quality of life support for childhood brain tumor survivors and their families.\",\"publisher\":{\"@id\":\"https:\\\/\\\/www.rawoodfoundation.org\\\/#organization\"},\"potentialAction\":[{\"@type\":\"SearchAction\",\"target\":{\"@type\":\"EntryPoint\",\"urlTemplate\":\"https:\\\/\\\/www.rawoodfoundation.org\\\/?s={search_term_string}\"},\"query-input\":{\"@type\":\"PropertyValueSpecification\",\"valueRequired\":true,\"valueName\":\"search_term_string\"}}],\"inLanguage\":\"es\"},{\"@type\":\"Organization\",\"@id\":\"https:\\\/\\\/www.rawoodfoundation.org\\\/#organization\",\"name\":\"Raymond A. Wood Foundation\",\"url\":\"https:\\\/\\\/www.rawoodfoundation.org\\\/\",\"logo\":{\"@type\":\"ImageObject\",\"inLanguage\":\"es\",\"@id\":\"https:\\\/\\\/www.rawoodfoundation.org\\\/#\\\/schema\\\/logo\\\/image\\\/\",\"url\":\"https:\\\/\\\/www.rawoodfoundation.org\\\/wp-content\\\/uploads\\\/2023\\\/07\\\/Raymond-A-Wood-Foundation-logo.webp\",\"contentUrl\":\"https:\\\/\\\/www.rawoodfoundation.org\\\/wp-content\\\/uploads\\\/2023\\\/07\\\/Raymond-A-Wood-Foundation-logo.webp\",\"width\":470,\"height\":128,\"caption\":\"Raymond A. Wood Foundation\"},\"image\":{\"@id\":\"https:\\\/\\\/www.rawoodfoundation.org\\\/#\\\/schema\\\/logo\\\/image\\\/\"},\"sameAs\":[\"https:\\\/\\\/www.facebook.com\\\/rawoodfoundation\",\"https:\\\/\\\/x.com\\\/rawoodfound\"]}]}<\/script>\n<!-- \/ Yoast SEO plugin. -->","yoast_head_json":{"title":"Iguale su donaci\u00f3n - Fundaci\u00f3n Raymond A. Wood","robots":{"index":"index","follow":"follow","max-snippet":"max-snippet:-1","max-image-preview":"max-image-preview:large","max-video-preview":"max-video-preview:-1"},"canonical":"https:\/\/www.rawoodfoundation.org\/es\/iguale-su-donacion\/","og_locale":"es_MX","og_type":"article","og_title":"Match Your Gift - Raymond A. Wood Foundation","og_description":"Will Your Company Match Your Donation? Many companies are committed to supporting charitable causes by ... Read more","og_url":"https:\/\/www.rawoodfoundation.org\/es\/iguale-su-donacion\/","og_site_name":"Raymond A. Wood Foundation","article_publisher":"https:\/\/www.facebook.com\/rawoodfoundation","article_modified_time":"2024-08-09T18:41:35+00:00","og_image":[{"url":"https:\/\/doublethedonation.com\/api\/img\/powered-by.png","type":"","width":"","height":""}],"twitter_card":"summary_large_image","twitter_site":"@rawoodfound","twitter_misc":{"Tiempo de lectura":"2 minutos"},"schema":{"@context":"https:\/\/schema.org","@graph":[{"@type":"WebPage","@id":"https:\/\/www.rawoodfoundation.org\/match-your-gift\/","url":"https:\/\/www.rawoodfoundation.org\/match-your-gift\/","name":"Iguale su donaci\u00f3n - Fundaci\u00f3n Raymond A. Wood","isPartOf":{"@id":"https:\/\/www.rawoodfoundation.org\/#website"},"primaryImageOfPage":{"@id":"https:\/\/www.rawoodfoundation.org\/match-your-gift\/#primaryimage"},"image":{"@id":"https:\/\/www.rawoodfoundation.org\/match-your-gift\/#primaryimage"},"thumbnailUrl":"https:\/\/doublethedonation.com\/api\/img\/powered-by.png","datePublished":"2024-08-09T18:30:51+00:00","dateModified":"2024-08-09T18:41:35+00:00","breadcrumb":{"@id":"https:\/\/www.rawoodfoundation.org\/match-your-gift\/#breadcrumb"},"inLanguage":"es","potentialAction":[{"@type":"ReadAction","target":["https:\/\/www.rawoodfoundation.org\/match-your-gift\/"]}]},{"@type":"ImageObject","inLanguage":"es","@id":"https:\/\/www.rawoodfoundation.org\/match-your-gift\/#primaryimage","url":"https:\/\/doublethedonation.com\/api\/img\/powered-by.png","contentUrl":"https:\/\/doublethedonation.com\/api\/img\/powered-by.png"},{"@type":"BreadcrumbList","@id":"https:\/\/www.rawoodfoundation.org\/match-your-gift\/#breadcrumb","itemListElement":[{"@type":"ListItem","position":1,"name":"Home","item":"https:\/\/www.rawoodfoundation.org\/"},{"@type":"ListItem","position":2,"name":"Match Your Gift"}]},{"@type":"WebSite","@id":"https:\/\/www.rawoodfoundation.org\/#website","url":"https:\/\/www.rawoodfoundation.org\/","name":"Fundaci\u00f3n Raymond A. Wood","description":"La misi\u00f3n de la RAWF es proporcionar apoyo a la calidad de vida de los supervivientes de tumores cerebrales infantiles y sus familias.","publisher":{"@id":"https:\/\/www.rawoodfoundation.org\/#organization"},"potentialAction":[{"@type":"SearchAction","target":{"@type":"EntryPoint","urlTemplate":"https:\/\/www.rawoodfoundation.org\/?s={search_term_string}"},"query-input":{"@type":"PropertyValueSpecification","valueRequired":true,"valueName":"search_term_string"}}],"inLanguage":"es"},{"@type":"Organization","@id":"https:\/\/www.rawoodfoundation.org\/#organization","name":"Fundaci\u00f3n Raymond A. Wood","url":"https:\/\/www.rawoodfoundation.org\/","logo":{"@type":"ImageObject","inLanguage":"es","@id":"https:\/\/www.rawoodfoundation.org\/#\/schema\/logo\/image\/","url":"https:\/\/www.rawoodfoundation.org\/wp-content\/uploads\/2023\/07\/Raymond-A-Wood-Foundation-logo.webp","contentUrl":"https:\/\/www.rawoodfoundation.org\/wp-content\/uploads\/2023\/07\/Raymond-A-Wood-Foundation-logo.webp","width":470,"height":128,"caption":"Raymond A. Wood Foundation"},"image":{"@id":"https:\/\/www.rawoodfoundation.org\/#\/schema\/logo\/image\/"},"sameAs":["https:\/\/www.facebook.com\/rawoodfoundation","https:\/\/x.com\/rawoodfound"]}]}},"_links":{"self":[{"href":"https:\/\/www.rawoodfoundation.org\/es\/wp-json\/wp\/v2\/pages\/9408","targetHints":{"allow":["GET"]}}],"collection":[{"href":"https:\/\/www.rawoodfoundation.org\/es\/wp-json\/wp\/v2\/pages"}],"about":[{"href":"https:\/\/www.rawoodfoundation.org\/es\/wp-json\/wp\/v2\/types\/page"}],"author":[{"embeddable":true,"href":"https:\/\/www.rawoodfoundation.org\/es\/wp-json\/wp\/v2\/users\/4"}],"replies":[{"embeddable":true,"href":"https:\/\/www.rawoodfoundation.org\/es\/wp-json\/wp\/v2\/comments?post=9408"}],"version-history":[{"count":7,"href":"https:\/\/www.rawoodfoundation.org\/es\/wp-json\/wp\/v2\/pages\/9408\/revisions"}],"predecessor-version":[{"id":9416,"href":"https:\/\/www.rawoodfoundation.org\/es\/wp-json\/wp\/v2\/pages\/9408\/revisions\/9416"}],"wp:attachment":[{"href":"https:\/\/www.rawoodfoundation.org\/es\/wp-json\/wp\/v2\/media?parent=9408"}],"curies":[{"name":"wp","href":"https:\/\/api.w.org\/{rel}","templated":true}]}}