{"id":9325,"date":"2024-07-23T18:41:58","date_gmt":"2024-07-23T18:41:58","guid":{"rendered":"https:\/\/www.rawoodfoundation.org\/?page_id=9325"},"modified":"2025-05-05T17:51:59","modified_gmt":"2025-05-05T17:51:59","slug":"para-profesionales-medicos","status":"publish","type":"page","link":"https:\/\/www.rawoodfoundation.org\/es\/for-medical-professionals\/","title":{"rendered":"Para profesionales de la medicina"},"content":{"rendered":"<h2 class=\"wp-block-heading\">Recursos completos para mejorar la atenci\u00f3n al paciente<\/h2>\n\n\n\n<p>En la Fundaci\u00f3n Raymond A. Wood nos dedicamos a apoyar y colaborar con los profesionales m\u00e9dicos en sus esfuerzos por ofrecer la mejor atenci\u00f3n a los pacientes afectados por tumores cerebrales hipotal\u00e1mico-hipofisarios. Esta secci\u00f3n de nuestro sitio web ofrece informaci\u00f3n exhaustiva y recursos para ayudarle a comprender las complejidades de estos tumores y los retos a largo plazo a los que se enfrentan los supervivientes, as\u00ed como el apoyo y la asistencia que ofrecemos a los pacientes y sus familias.<\/p>\n\n\n\n<hr class=\"wp-block-separator has-alpha-channel-opacity\"\/>\n\n\n\n<h3 class=\"wp-block-heading\">Informaci\u00f3n sobre enfermedades<\/h3>\n\n\n<div class=\"gb-grid-wrapper gb-grid-wrapper-cb0391de\">\n<div class=\"gb-grid-column gb-grid-column-f8123791\"><div class=\"gb-container gb-container-f8123791\"><a class=\"gb-container-link\" href=\"https:\/\/live-rawf.pantheonsite.io\/managing-diabetes-insipidus\/\" aria-label=\"Tumores hipotal\u00e1mico-hipofisarios\"><\/a>\n<div class=\"gb-container gb-container-85bc812e\"><a class=\"gb-container-link\" href=\"https:\/\/live-rawf.pantheonsite.io\/hypothalamic-pituitary-brain-tumors\/\" aria-label=\"Tumores hipotal\u00e1mico-hipofisarios\"><\/a>\n\n<div class=\"wp-block-columns is-layout-flex wp-container-core-columns-is-layout-9d6595d7 wp-block-columns-is-layout-flex\">\n<div class=\"wp-block-column is-layout-flow wp-block-column-is-layout-flow\" style=\"flex-basis:66.66%\">\n<h6 class=\"wp-block-heading\">Tumores hipotal\u00e1mico-hipofisarios<\/h6>\n<\/div>\n\n\n\n<div class=\"wp-block-column is-layout-flow wp-block-column-is-layout-flow\" style=\"flex-basis:33.33%\"><div class=\"wp-block-image\">\n<figure class=\"alignleft size-large\"><img decoding=\"async\" width=\"100\" height=\"100\" src=\"https:\/\/live-rawf.pantheonsite.io\/wp-content\/uploads\/2023\/06\/brain.svg\" alt=\"icono de cerebro\" class=\"wp-image-7285\" style=\"object-fit:cover\"\/><\/figure><\/div><\/div>\n<\/div>\n\n<\/div>\n<\/div><\/div>\n\n<div class=\"gb-grid-column gb-grid-column-1cc608a9\"><div class=\"gb-container gb-container-1cc608a9\">\n<div class=\"gb-container gb-container-bace8486\"><a class=\"gb-container-link\" href=\"https:\/\/live-rawf.pantheonsite.io\/craniopharyngioma\/\" aria-label=\"Craneofaringioma\"><\/a>\n\n<div class=\"wp-block-columns is-layout-flex wp-container-core-columns-is-layout-9d6595d7 wp-block-columns-is-layout-flex\">\n<div class=\"wp-block-column is-layout-flow wp-block-column-is-layout-flow\" style=\"flex-basis:66.66%\">\n<h6 class=\"wp-block-heading\">Craneofaringioma<\/h6>\n<\/div>\n\n\n\n<div class=\"wp-block-column is-layout-flow wp-block-column-is-layout-flow\" style=\"flex-basis:33.33%\"><div class=\"wp-block-image\">\n<figure class=\"alignleft size-large\"><img decoding=\"async\" width=\"100\" height=\"100\" src=\"https:\/\/live-rawf.pantheonsite.io\/wp-content\/uploads\/2023\/06\/brain.svg\" alt=\"icono de cerebro\" class=\"wp-image-7285\"\/><\/figure><\/div><\/div>\n<\/div>\n\n<\/div>\n<\/div><\/div>\n\n<div class=\"gb-grid-column gb-grid-column-5c9582ad\"><div class=\"gb-container gb-container-5c9582ad\">\n<div class=\"gb-container gb-container-29b47932\"><a class=\"gb-container-link\" href=\"https:\/\/live-rawf.pantheonsite.io\/hypopituitarism\/\" aria-label=\"Hipopituitarismo\"><\/a>\n\n<div class=\"wp-block-columns is-layout-flex wp-container-core-columns-is-layout-9d6595d7 wp-block-columns-is-layout-flex\">\n<div class=\"wp-block-column is-layout-flow wp-block-column-is-layout-flow\" style=\"flex-basis:66.66%\">\n<h6 class=\"wp-block-heading\">Hipopituitarismo<\/h6>\n<\/div>\n\n\n\n<div class=\"wp-block-column is-layout-flow wp-block-column-is-layout-flow\" style=\"flex-basis:33.33%\"><div class=\"wp-block-image\">\n<figure class=\"alignleft size-large\"><img decoding=\"async\" width=\"100\" height=\"100\" src=\"https:\/\/live-rawf.pantheonsite.io\/wp-content\/uploads\/2023\/06\/brain.svg\" alt=\"icono de cerebro\" class=\"wp-image-7285\"\/><\/figure><\/div><\/div>\n<\/div>\n\n<\/div>\n<\/div><\/div>\n<\/div>\n\n<div class=\"gb-grid-wrapper gb-grid-wrapper-a102a347\">\n<div class=\"gb-grid-column gb-grid-column-d8d4f066\"><div class=\"gb-container gb-container-d8d4f066\"><a class=\"gb-container-link\" href=\"https:\/\/live-rawf.pantheonsite.io\/managing-diabetes-insipidus\/\" aria-label=\"Deficiencia de arginina-vasopresina (AVP-D)\"><\/a>\n<div class=\"gb-container gb-container-1fbd2c79\">\n\n<div class=\"wp-block-columns is-layout-flex wp-container-core-columns-is-layout-9d6595d7 wp-block-columns-is-layout-flex\">\n<div class=\"wp-block-column is-layout-flow wp-block-column-is-layout-flow\" style=\"flex-basis:66.66%\">\n<h6 class=\"wp-block-heading\">Deficiencia de arginina-vasopresina (AVP-D)<\/h6>\n<\/div>\n\n\n\n<div class=\"wp-block-column is-layout-flow wp-block-column-is-layout-flow\" style=\"flex-basis:33.33%\"><div class=\"wp-block-image\">\n<figure class=\"alignleft size-large\"><img decoding=\"async\" width=\"100\" height=\"100\" src=\"https:\/\/live-rawf.pantheonsite.io\/wp-content\/uploads\/2023\/06\/water.svg\" alt=\"icono de gota de agua\" class=\"wp-image-7291\" style=\"object-fit:cover\"\/><\/figure><\/div><\/div>\n<\/div>\n\n<\/div>\n<\/div><\/div>\n\n<div class=\"gb-grid-column gb-grid-column-964d9dd6\"><div class=\"gb-container gb-container-964d9dd6\">\n<div class=\"gb-container gb-container-8052ff2b\"><a class=\"gb-container-link\" href=\"https:\/\/live-rawf.pantheonsite.io\/hypothalamic-obesity\/\" aria-label=\"Obesidad hipotal\u00e1mica\"><\/a>\n\n<div class=\"wp-block-columns is-layout-flex wp-container-core-columns-is-layout-9d6595d7 wp-block-columns-is-layout-flex\">\n<div class=\"wp-block-column is-layout-flow wp-block-column-is-layout-flow\" style=\"flex-basis:66.66%\">\n<h6 class=\"wp-block-heading\">Obesidad hipotal\u00e1mica<\/h6>\n<\/div>\n\n\n\n<div class=\"wp-block-column is-layout-flow wp-block-column-is-layout-flow\" style=\"flex-basis:33.33%\"><div class=\"wp-block-image\">\n<figure class=\"alignleft size-large\"><img decoding=\"async\" width=\"100\" height=\"100\" src=\"https:\/\/live-rawf.pantheonsite.io\/wp-content\/uploads\/2023\/06\/scale.svg\" alt=\"Icono de escala\" class=\"wp-image-7287\"\/><\/figure><\/div><\/div>\n<\/div>\n\n<\/div>\n<\/div><\/div>\n\n<div class=\"gb-grid-column gb-grid-column-4aa0e397\"><div class=\"gb-container gb-container-4aa0e397\">\n<div class=\"gb-container gb-container-3e46d788\"><a class=\"gb-container-link\" href=\"https:\/\/live-rawf.pantheonsite.io\/adrenal-insufficiency\/\" aria-label=\"Insuficiencia suprarrenal\"><\/a>\n\n<div class=\"wp-block-columns is-layout-flex wp-container-core-columns-is-layout-9d6595d7 wp-block-columns-is-layout-flex\">\n<div class=\"wp-block-column is-layout-flow wp-block-column-is-layout-flow\" style=\"flex-basis:66.66%\">\n<h6 class=\"wp-block-heading\">Insuficiencia suprarrenal<\/h6>\n<\/div>\n\n\n\n<div class=\"wp-block-column is-layout-flow wp-block-column-is-layout-flow\" style=\"flex-basis:33.33%\"><div class=\"wp-block-image\">\n<figure class=\"alignleft size-large\"><img decoding=\"async\" width=\"100\" height=\"100\" src=\"https:\/\/live-rawf.pantheonsite.io\/wp-content\/uploads\/2023\/06\/case.svg\" alt=\"Icono del caso del m\u00e9dico\" class=\"wp-image-7290\"\/><\/figure><\/div><\/div>\n<\/div>\n\n<\/div>\n<\/div><\/div>\n<\/div>\n\n<div class=\"gb-container gb-container-087e47a4\"><a class=\"gb-container-link\" href=\"https:\/\/live-rawf.pantheonsite.io\/managing-diabetes-insipidus\/\" aria-label=\"Deficiencia de la hormona del crecimiento\"><\/a>\n<div class=\"gb-container gb-container-73f8de04\"><a class=\"gb-container-link\" href=\"https:\/\/live-rawf.pantheonsite.io\/growth-hormore-replacement\/\" aria-label=\"Deficiencia de la hormona del crecimiento\"><\/a>\n\n<div class=\"wp-block-columns is-layout-flex wp-container-core-columns-is-layout-9d6595d7 wp-block-columns-is-layout-flex\">\n<div class=\"wp-block-column is-layout-flow wp-block-column-is-layout-flow\" style=\"flex-basis:66.66%\">\n<h6 class=\"wp-block-heading\">Deficiencia de la hormona del crecimiento<\/h6>\n<\/div>\n\n\n\n<div class=\"wp-block-column is-layout-flow wp-block-column-is-layout-flow\" style=\"flex-basis:33.33%\"><div class=\"wp-block-image\">\n<figure class=\"alignleft size-large\"><img decoding=\"async\" width=\"101\" height=\"101\" src=\"https:\/\/live-rawf.pantheonsite.io\/wp-content\/uploads\/2023\/08\/growth.svg\" alt=\"Icono con regla\" class=\"wp-image-8366\" style=\"object-fit:cover\"\/><\/figure><\/div><\/div>\n<\/div>\n\n<\/div>\n<\/div>\n\n\n<hr class=\"wp-block-separator has-alpha-channel-opacity\"\/>\n\n\n\n<h3 class=\"wp-block-heading\">Ensayos cl\u00ednicos en curso<\/h3>\n\n\n\n<iframe title=\"Ensayos cl\u00ednicos\" class=\"power-partner-trial\" width=\"100%\" height=\"1700px\" frameborder=\"0\" scrolling=\"yes\" allowtransparency=\"true\" src=\"https:\/\/www.withpower.com\/partner-trials\/raymond-a-wood?shortcode=kpg9\"><\/iframe>\n\n\n\n<hr class=\"wp-block-separator has-alpha-channel-opacity\"\/>\n\n\n\n<h3 class=\"wp-block-heading\">Apoyo al paciente<\/h3>\n\n\n\n<p>Como profesional m\u00e9dico, es esencial orientar a sus pacientes con tumores cerebrales hipotal\u00e1mico-hipofisarios hacia los recursos adecuados. RAWF proporciona programas e informaci\u00f3n para ayudarle a dirigir a sus pacientes y sus familias hacia el apoyo que necesitan. Desde materiales educativos hasta recursos comunitarios, ofrecemos lo esencial para mejorar la atenci\u00f3n al paciente y su calidad de vida.<\/p>\n\n\n\n<p><a href=\"https:\/\/www.rawoodfoundation.org\/es\/recien-diagnosticado\/\">Apoyo a los reci\u00e9n diagnosticados<\/a><\/p>\n\n\n\n<p><a href=\"https:\/\/www.rawoodfoundation.org\/es\/nuestros-objetivos\/\">Analizadores de sangre port\u00e1tiles para tratar el d\u00e9ficit de arginina-vasopresina (AVP-D, diabetes ins\u00edpida)<\/a><\/p>\n\n\n\n<p><a href=\"https:\/\/www.rawoodfoundation.org\/es\/eventos\/\">Grupos de apoyo a cuidadores y pacientes<\/a><\/p>\n\n\n\n<p><a href=\"https:\/\/www.rawoodfoundation.org\/es\/conferencia-anual\/\">Conferencia bianual de pacientes<\/a><\/p>\n\n\n\n<p><a href=\"https:\/\/www.youtube.com\/channel\/UCyM_PCQiJzcXwL9H6_gXHFQ\" target=\"_blank\" rel=\"noreferrer noopener\">V\u00eddeos informativos sobre la gesti\u00f3n de enfermedades <\/a><\/p>\n\n\n\n<p><a href=\"https:\/\/www.rawoodfoundation.org\/wp-content\/uploads\/2024\/07\/HPTumors-RAWF.pdf\" target=\"_blank\" rel=\"noreferrer noopener\">Folleto descargable: Tumores cerebrales hipotal\u00e1mico-hipofisarios y trastornos endocrinos asociados<\/a><\/p>\n\n\n\n<hr class=\"wp-block-separator has-alpha-channel-opacity\"\/>\n\n\n\n<figure class=\"wp-block-image size-large\"><img decoding=\"async\" width=\"1024\" height=\"195\" src=\"https:\/\/www.rawoodfoundation.org\/wp-content\/uploads\/2024\/04\/banner-1-1024x195.png\" alt=\"Registro de tumores HP - muestra chico y dice que tu participaci\u00f3n importa, \u00fanete hoy.\" class=\"wp-image-9203\" srcset=\"https:\/\/www.rawoodfoundation.org\/wp-content\/uploads\/2024\/04\/banner-1-1024x195.png 1024w, https:\/\/www.rawoodfoundation.org\/wp-content\/uploads\/2024\/04\/banner-1-300x57.png 300w, https:\/\/www.rawoodfoundation.org\/wp-content\/uploads\/2024\/04\/banner-1-768x146.png 768w, https:\/\/www.rawoodfoundation.org\/wp-content\/uploads\/2024\/04\/banner-1-1536x292.png 1536w, https:\/\/www.rawoodfoundation.org\/wp-content\/uploads\/2024\/04\/banner-1-18x3.png 18w, https:\/\/www.rawoodfoundation.org\/wp-content\/uploads\/2024\/04\/banner-1.png 1579w\" sizes=\"(max-width: 1024px) 100vw, 1024px\" \/><\/figure>\n\n\n\n<div style=\"height:40px\" aria-hidden=\"true\" class=\"wp-block-spacer\"><\/div>\n\n\n\n<h3 class=\"wp-block-heading\">Registro de pacientes con tumores cerebrales hipotal\u00e1mico-hipofisarios<\/h3>\n\n\n\n<p>Establecido en 2024 por la Fundaci\u00f3n Raymond A. Wood, el registro es una base de datos completa y segura abierta a personas con tumores cerebrales hipotal\u00e1mico-hipofisarios raros (por ejemplo, craneofaringioma) y a sus cuidadores en todo el mundo.<\/p>\n\n\n\n<p>Unirse al Registro de Pacientes de Tumores Cerebrales Hipotal\u00e1mico-Hipofisarios proporciona a sus pacientes y a sus cuidadores una oportunidad \u00fanica de compartir sus experiencias y perspectivas sobre su trayectoria sanitaria. Su participaci\u00f3n contribuye activamente al avance de la investigaci\u00f3n y al desarrollo de nuevas opciones de tratamiento para esta enfermedad poco frecuente.<\/p>\n\n\n\n<p>C\u00f3mo puedes ayudar:<\/p>\n\n\n\n<ul class=\"wp-block-list\">\n<li>Informe a sus pacientes: H\u00e1gales saber la existencia y la importancia del registro.<\/li>\n\n\n\n<li>Apoye la participaci\u00f3n: An\u00edmeles a compartir sus experiencias para contribuir a los avances en la investigaci\u00f3n y el tratamiento.<\/li>\n<\/ul>\n\n\n\n<a class=\"gb-button gb-button-28adcfe7 gb-button-text\" href=\"https:\/\/www.rawoodfoundation.org\/es\/hptumorregistry\/\">M\u00e1s informaci\u00f3n \"<\/a>\n\n\n\n<hr class=\"wp-block-separator has-alpha-channel-opacity\"\/>\n\n\n<div class=\"gb-container gb-container-98493386\">\n\n<div class=\"wp-block-columns is-layout-flex wp-container-core-columns-is-layout-9d6595d7 wp-block-columns-is-layout-flex\">\n<div class=\"wp-block-column is-layout-flow wp-block-column-is-layout-flow\" style=\"flex-basis:33.33%\">\n<figure class=\"wp-block-image size-full\"><img decoding=\"async\" width=\"927\" height=\"618\" src=\"https:\/\/www.rawoodfoundation.org\/wp-content\/uploads\/2023\/09\/clinical-trial.jpg\" alt=\"Paciente seleccionado para un ensayo\" class=\"wp-image-8609\" srcset=\"https:\/\/www.rawoodfoundation.org\/wp-content\/uploads\/2023\/09\/clinical-trial.jpg 927w, https:\/\/www.rawoodfoundation.org\/wp-content\/uploads\/2023\/09\/clinical-trial-300x200.jpg 300w, https:\/\/www.rawoodfoundation.org\/wp-content\/uploads\/2023\/09\/clinical-trial-768x512.jpg 768w, https:\/\/www.rawoodfoundation.org\/wp-content\/uploads\/2023\/09\/clinical-trial-18x12.jpg 18w\" sizes=\"(max-width: 927px) 100vw, 927px\" \/><\/figure>\n<\/div>\n\n\n\n<div class=\"wp-block-column is-layout-flow wp-block-column-is-layout-flow\" style=\"flex-basis:66.66%\">\n<h3 class=\"wp-block-heading\">P\u00f3ngase en contacto con nosotros<\/h3>\n\n\n\n<p>Si tiene alguna pregunta o necesita m\u00e1s ayuda, nuestro equipo est\u00e1 aqu\u00ed para ayudarle. Si busca informaci\u00f3n adicional sobre los tumores cerebrales hipotal\u00e1mico-hipofisarios, necesita apoyo para sus pacientes o desea obtener m\u00e1s informaci\u00f3n sobre nuestros recursos y servicios, no dude en ponerse en contacto con nosotros. P\u00f3ngase en contacto con nosotros directamente por tel\u00e9fono, correo electr\u00f3nico o a trav\u00e9s de nuestro formulario de contacto en l\u00ednea, y responderemos r\u00e1pidamente a sus preguntas.<\/p>\n\n\n\n<p class=\"gb-headline gb-headline-1207c705 round-icon\"><span class=\"gb-icon\"><svg aria-hidden=\"true\" role=\"img\" height=\"1em\" width=\"1em\" viewbox=\"0 0 256 512\" xmlns=\"http:\/\/www.w3.org\/2000\/svg\"><path fill=\"currentColor\" d=\"M224.3 273l-136 136c-9.4 9.4-24.6 9.4-33.9 0l-22.6-22.6c-9.4-9.4-9.4-24.6 0-33.9l96.4-96.4-96.4-96.4c-9.4-9.4-9.4-24.6 0-33.9L54.3 103c9.4-9.4 24.6-9.4 33.9 0l136 136c9.5 9.4 9.5 24.6.1 34z\"><\/path><\/svg><\/span><span class=\"gb-headline-text\"><a href=\"https:\/\/www.rawoodfoundation.org\/es\/pongase-en-contacto-con\/\">P\u00f3ngase en contacto<\/a><\/span><\/p>\n<\/div>\n<\/div>\n\n<\/div>","protected":false},"excerpt":{"rendered":"<p>Recursos integrales para mejorar la atenci\u00f3n al paciente En la Fundaci\u00f3n Raymond A. Wood, nos dedicamos ... <a title=\"Para profesionales de la medicina\" class=\"read-more\" href=\"https:\/\/www.rawoodfoundation.org\/es\/for-medical-professionals\/\" aria-label=\"Leer m\u00e1s sobre Para profesionales de la medicina\">Seguir leyendo<\/a><\/p>","protected":false},"author":4,"featured_media":0,"parent":0,"menu_order":28,"comment_status":"closed","ping_status":"closed","template":"","meta":{"_acf_changed":false,"footnotes":""},"class_list":{"0":"post-9325","1":"page","2":"type-page","3":"status-publish","5":"no-featured-image-padding"},"acf":[],"yoast_head":"<!-- This site is optimized with the Yoast SEO plugin v27.3 - https:\/\/yoast.com\/product\/yoast-seo-wordpress\/ -->\n<title>For Medical Professionals - Raymond A. Wood Foundation<\/title>\n<meta name=\"robots\" content=\"index, follow, max-snippet:-1, max-image-preview:large, max-video-preview:-1\" \/>\n<link rel=\"canonical\" href=\"https:\/\/www.rawoodfoundation.org\/es\/para-profesionales-medicos\/\" \/>\n<meta property=\"og:locale\" content=\"es_MX\" \/>\n<meta property=\"og:type\" content=\"article\" \/>\n<meta property=\"og:title\" content=\"For Medical Professionals - Raymond A. Wood Foundation\" \/>\n<meta property=\"og:description\" content=\"Comprehensive Resources for Enhancing Patient Care At the Raymond A. Wood Foundation, we are dedicated ... Read more\" \/>\n<meta property=\"og:url\" content=\"https:\/\/www.rawoodfoundation.org\/es\/para-profesionales-medicos\/\" \/>\n<meta property=\"og:site_name\" content=\"Raymond A. Wood Foundation\" \/>\n<meta property=\"article:publisher\" content=\"https:\/\/www.facebook.com\/rawoodfoundation\" \/>\n<meta property=\"article:modified_time\" content=\"2025-05-05T17:51:59+00:00\" \/>\n<meta property=\"og:image\" content=\"https:\/\/live-rawf.pantheonsite.io\/wp-content\/uploads\/2023\/06\/brain.svg\" \/>\n<meta name=\"twitter:card\" content=\"summary_large_image\" \/>\n<meta name=\"twitter:site\" content=\"@rawoodfound\" \/>\n<meta name=\"twitter:label1\" content=\"Tiempo de lectura\" \/>\n\t<meta name=\"twitter:data1\" content=\"4 minutos\" \/>\n<script type=\"application\/ld+json\" class=\"yoast-schema-graph\">{\"@context\":\"https:\\\/\\\/schema.org\",\"@graph\":[{\"@type\":\"WebPage\",\"@id\":\"https:\\\/\\\/www.rawoodfoundation.org\\\/for-medical-professionals\\\/\",\"url\":\"https:\\\/\\\/www.rawoodfoundation.org\\\/for-medical-professionals\\\/\",\"name\":\"For Medical Professionals - Raymond A. Wood Foundation\",\"isPartOf\":{\"@id\":\"https:\\\/\\\/www.rawoodfoundation.org\\\/#website\"},\"primaryImageOfPage\":{\"@id\":\"https:\\\/\\\/www.rawoodfoundation.org\\\/for-medical-professionals\\\/#primaryimage\"},\"image\":{\"@id\":\"https:\\\/\\\/www.rawoodfoundation.org\\\/for-medical-professionals\\\/#primaryimage\"},\"thumbnailUrl\":\"https:\\\/\\\/live-rawf.pantheonsite.io\\\/wp-content\\\/uploads\\\/2023\\\/06\\\/brain.svg\",\"datePublished\":\"2024-07-23T18:41:58+00:00\",\"dateModified\":\"2025-05-05T17:51:59+00:00\",\"breadcrumb\":{\"@id\":\"https:\\\/\\\/www.rawoodfoundation.org\\\/for-medical-professionals\\\/#breadcrumb\"},\"inLanguage\":\"es\",\"potentialAction\":[{\"@type\":\"ReadAction\",\"target\":[\"https:\\\/\\\/www.rawoodfoundation.org\\\/for-medical-professionals\\\/\"]}]},{\"@type\":\"ImageObject\",\"inLanguage\":\"es\",\"@id\":\"https:\\\/\\\/www.rawoodfoundation.org\\\/for-medical-professionals\\\/#primaryimage\",\"url\":\"https:\\\/\\\/live-rawf.pantheonsite.io\\\/wp-content\\\/uploads\\\/2023\\\/06\\\/brain.svg\",\"contentUrl\":\"https:\\\/\\\/live-rawf.pantheonsite.io\\\/wp-content\\\/uploads\\\/2023\\\/06\\\/brain.svg\"},{\"@type\":\"BreadcrumbList\",\"@id\":\"https:\\\/\\\/www.rawoodfoundation.org\\\/for-medical-professionals\\\/#breadcrumb\",\"itemListElement\":[{\"@type\":\"ListItem\",\"position\":1,\"name\":\"Home\",\"item\":\"https:\\\/\\\/www.rawoodfoundation.org\\\/\"},{\"@type\":\"ListItem\",\"position\":2,\"name\":\"For Medical Professionals\"}]},{\"@type\":\"WebSite\",\"@id\":\"https:\\\/\\\/www.rawoodfoundation.org\\\/#website\",\"url\":\"https:\\\/\\\/www.rawoodfoundation.org\\\/\",\"name\":\"Raymond A. Wood Foundation\",\"description\":\"The mission of the RAWF is to provide quality of life support for childhood brain tumor survivors and their families.\",\"publisher\":{\"@id\":\"https:\\\/\\\/www.rawoodfoundation.org\\\/#organization\"},\"potentialAction\":[{\"@type\":\"SearchAction\",\"target\":{\"@type\":\"EntryPoint\",\"urlTemplate\":\"https:\\\/\\\/www.rawoodfoundation.org\\\/?s={search_term_string}\"},\"query-input\":{\"@type\":\"PropertyValueSpecification\",\"valueRequired\":true,\"valueName\":\"search_term_string\"}}],\"inLanguage\":\"es\"},{\"@type\":\"Organization\",\"@id\":\"https:\\\/\\\/www.rawoodfoundation.org\\\/#organization\",\"name\":\"Raymond A. Wood Foundation\",\"url\":\"https:\\\/\\\/www.rawoodfoundation.org\\\/\",\"logo\":{\"@type\":\"ImageObject\",\"inLanguage\":\"es\",\"@id\":\"https:\\\/\\\/www.rawoodfoundation.org\\\/#\\\/schema\\\/logo\\\/image\\\/\",\"url\":\"https:\\\/\\\/www.rawoodfoundation.org\\\/wp-content\\\/uploads\\\/2023\\\/07\\\/Raymond-A-Wood-Foundation-logo.webp\",\"contentUrl\":\"https:\\\/\\\/www.rawoodfoundation.org\\\/wp-content\\\/uploads\\\/2023\\\/07\\\/Raymond-A-Wood-Foundation-logo.webp\",\"width\":470,\"height\":128,\"caption\":\"Raymond A. Wood Foundation\"},\"image\":{\"@id\":\"https:\\\/\\\/www.rawoodfoundation.org\\\/#\\\/schema\\\/logo\\\/image\\\/\"},\"sameAs\":[\"https:\\\/\\\/www.facebook.com\\\/rawoodfoundation\",\"https:\\\/\\\/x.com\\\/rawoodfound\"]}]}<\/script>\n<!-- \/ Yoast SEO plugin. -->","yoast_head_json":{"title":"Para profesionales de la medicina - Fundaci\u00f3n Raymond A. Wood","robots":{"index":"index","follow":"follow","max-snippet":"max-snippet:-1","max-image-preview":"max-image-preview:large","max-video-preview":"max-video-preview:-1"},"canonical":"https:\/\/www.rawoodfoundation.org\/es\/para-profesionales-medicos\/","og_locale":"es_MX","og_type":"article","og_title":"For Medical Professionals - Raymond A. Wood Foundation","og_description":"Comprehensive Resources for Enhancing Patient Care At the Raymond A. Wood Foundation, we are dedicated ... Read more","og_url":"https:\/\/www.rawoodfoundation.org\/es\/para-profesionales-medicos\/","og_site_name":"Raymond A. Wood Foundation","article_publisher":"https:\/\/www.facebook.com\/rawoodfoundation","article_modified_time":"2025-05-05T17:51:59+00:00","og_image":[{"url":"https:\/\/live-rawf.pantheonsite.io\/wp-content\/uploads\/2023\/06\/brain.svg","type":"","width":"","height":""}],"twitter_card":"summary_large_image","twitter_site":"@rawoodfound","twitter_misc":{"Tiempo de lectura":"4 minutos"},"schema":{"@context":"https:\/\/schema.org","@graph":[{"@type":"WebPage","@id":"https:\/\/www.rawoodfoundation.org\/for-medical-professionals\/","url":"https:\/\/www.rawoodfoundation.org\/for-medical-professionals\/","name":"Para profesionales de la medicina - Fundaci\u00f3n Raymond A. Wood","isPartOf":{"@id":"https:\/\/www.rawoodfoundation.org\/#website"},"primaryImageOfPage":{"@id":"https:\/\/www.rawoodfoundation.org\/for-medical-professionals\/#primaryimage"},"image":{"@id":"https:\/\/www.rawoodfoundation.org\/for-medical-professionals\/#primaryimage"},"thumbnailUrl":"https:\/\/live-rawf.pantheonsite.io\/wp-content\/uploads\/2023\/06\/brain.svg","datePublished":"2024-07-23T18:41:58+00:00","dateModified":"2025-05-05T17:51:59+00:00","breadcrumb":{"@id":"https:\/\/www.rawoodfoundation.org\/for-medical-professionals\/#breadcrumb"},"inLanguage":"es","potentialAction":[{"@type":"ReadAction","target":["https:\/\/www.rawoodfoundation.org\/for-medical-professionals\/"]}]},{"@type":"ImageObject","inLanguage":"es","@id":"https:\/\/www.rawoodfoundation.org\/for-medical-professionals\/#primaryimage","url":"https:\/\/live-rawf.pantheonsite.io\/wp-content\/uploads\/2023\/06\/brain.svg","contentUrl":"https:\/\/live-rawf.pantheonsite.io\/wp-content\/uploads\/2023\/06\/brain.svg"},{"@type":"BreadcrumbList","@id":"https:\/\/www.rawoodfoundation.org\/for-medical-professionals\/#breadcrumb","itemListElement":[{"@type":"ListItem","position":1,"name":"Home","item":"https:\/\/www.rawoodfoundation.org\/"},{"@type":"ListItem","position":2,"name":"For Medical Professionals"}]},{"@type":"WebSite","@id":"https:\/\/www.rawoodfoundation.org\/#website","url":"https:\/\/www.rawoodfoundation.org\/","name":"Fundaci\u00f3n Raymond A. Wood","description":"La misi\u00f3n de la RAWF es proporcionar apoyo a la calidad de vida de los supervivientes de tumores cerebrales infantiles y sus familias.","publisher":{"@id":"https:\/\/www.rawoodfoundation.org\/#organization"},"potentialAction":[{"@type":"SearchAction","target":{"@type":"EntryPoint","urlTemplate":"https:\/\/www.rawoodfoundation.org\/?s={search_term_string}"},"query-input":{"@type":"PropertyValueSpecification","valueRequired":true,"valueName":"search_term_string"}}],"inLanguage":"es"},{"@type":"Organization","@id":"https:\/\/www.rawoodfoundation.org\/#organization","name":"Fundaci\u00f3n Raymond A. Wood","url":"https:\/\/www.rawoodfoundation.org\/","logo":{"@type":"ImageObject","inLanguage":"es","@id":"https:\/\/www.rawoodfoundation.org\/#\/schema\/logo\/image\/","url":"https:\/\/www.rawoodfoundation.org\/wp-content\/uploads\/2023\/07\/Raymond-A-Wood-Foundation-logo.webp","contentUrl":"https:\/\/www.rawoodfoundation.org\/wp-content\/uploads\/2023\/07\/Raymond-A-Wood-Foundation-logo.webp","width":470,"height":128,"caption":"Raymond A. Wood Foundation"},"image":{"@id":"https:\/\/www.rawoodfoundation.org\/#\/schema\/logo\/image\/"},"sameAs":["https:\/\/www.facebook.com\/rawoodfoundation","https:\/\/x.com\/rawoodfound"]}]}},"_links":{"self":[{"href":"https:\/\/www.rawoodfoundation.org\/es\/wp-json\/wp\/v2\/pages\/9325","targetHints":{"allow":["GET"]}}],"collection":[{"href":"https:\/\/www.rawoodfoundation.org\/es\/wp-json\/wp\/v2\/pages"}],"about":[{"href":"https:\/\/www.rawoodfoundation.org\/es\/wp-json\/wp\/v2\/types\/page"}],"author":[{"embeddable":true,"href":"https:\/\/www.rawoodfoundation.org\/es\/wp-json\/wp\/v2\/users\/4"}],"replies":[{"embeddable":true,"href":"https:\/\/www.rawoodfoundation.org\/es\/wp-json\/wp\/v2\/comments?post=9325"}],"version-history":[{"count":6,"href":"https:\/\/www.rawoodfoundation.org\/es\/wp-json\/wp\/v2\/pages\/9325\/revisions"}],"predecessor-version":[{"id":12957,"href":"https:\/\/www.rawoodfoundation.org\/es\/wp-json\/wp\/v2\/pages\/9325\/revisions\/12957"}],"wp:attachment":[{"href":"https:\/\/www.rawoodfoundation.org\/es\/wp-json\/wp\/v2\/media?parent=9325"}],"curies":[{"name":"wp","href":"https:\/\/api.w.org\/{rel}","templated":true}]}}