{"id":9137,"date":"2024-04-03T17:00:35","date_gmt":"2024-04-03T17:00:35","guid":{"rendered":"https:\/\/www.rawoodfoundation.org\/?page_id=9137"},"modified":"2025-12-23T04:06:42","modified_gmt":"2025-12-23T04:06:42","slug":"nuestras-politicas","status":"publish","type":"page","link":"https:\/\/www.rawoodfoundation.org\/es\/our-policies\/","title":{"rendered":"Nuestras pol\u00edticas"},"content":{"rendered":"<p>En la Raymond A. Wood Foundation estamos comprometidos con la transparencia, la responsabilidad y la conducta \u00e9tica en todos los aspectos de nuestras operaciones. Como parte de nuestra dedicaci\u00f3n a la defensa de estos valores, hemos establecido un conjunto de pol\u00edticas para guiar nuestras interacciones con los donantes, colaboradores, voluntarios y las comunidades a las que servimos. Estas pol\u00edticas describen nuestro enfoque de la recaudaci\u00f3n de fondos, la privacidad, la \u00e9tica y otras cuestiones importantes, garantizando la claridad y coherencia de nuestras pr\u00e1cticas. Le animamos a que se familiarice con nuestras pol\u00edticas para entender c\u00f3mo funcionamos y c\u00f3mo nos esforzamos por tener un impacto positivo. Si tiene alguna pregunta o duda sobre nuestras pol\u00edticas, no dude en ponerse en contacto con nosotros. Gracias por su inter\u00e9s en la Fundaci\u00f3n Raymond A. Wood y por apoyar nuestra misi\u00f3n de La misi\u00f3n de la Fundaci\u00f3n Raymond A. Wood es impulsar la investigaci\u00f3n y abogar por los resultados del tratamiento para mejorar la calidad de vida de los supervivientes de tumores cerebrales hipotal\u00e1mico-hipofisarios.<\/p>\n\n\n\n<p><a href=\"https:\/\/www.rawoodfoundation.org\/es\/politica-de-privacidad\/\">Pol\u00edtica de privacidad<\/a><\/p>\n\n\n\n<p><a href=\"https:\/\/www.rawoodfoundation.org\/es\/diversidad-equidad-e-inclusion\/\">Diversidad, equidad e inclusi\u00f3n<\/a><\/p>\n\n\n\n<p><a href=\"https:\/\/www.rawoodfoundation.org\/es\/politica-de-recaudacion-de-fondos\/\">Pol\u00edtica de recaudaci\u00f3n de fondos<\/a><\/p>\n\n\n\n<p><a href=\"https:\/\/www.rawoodfoundation.org\/es\/politica-de-devolucion-de-donativos\/\">Pol\u00edtica de reembolso de donativos<\/a><\/p>\n\n\n\n<p>Mant\u00e9ngase informado y comprometido. Revise nuestras pol\u00edticas para comprender nuestro compromiso con la transparencia y la responsabilidad. Si tiene alguna pregunta o inquietud, no dude en <a href=\"https:\/\/www.rawoodfoundation.org\/es\/pongase-en-contacto-con\/\">Contacto<\/a>. Juntos, podemos garantizar que la Fundaci\u00f3n Raymond A. Wood siga teniendo un impacto significativo en la comunidad. Gracias por su apoyo.<\/p>","protected":false},"excerpt":{"rendered":"<p>En la Fundaci\u00f3n Raymond A. Wood estamos comprometidos con la transparencia, la responsabilidad y la conducta \u00e9tica en ... <a title=\"Nuestras pol\u00edticas\" class=\"read-more\" href=\"https:\/\/www.rawoodfoundation.org\/es\/our-policies\/\" aria-label=\"Leer m\u00e1s sobre Nuestras pol\u00edticas\">Seguir leyendo<\/a><\/p>","protected":false},"author":4,"featured_media":0,"parent":0,"menu_order":30,"comment_status":"closed","ping_status":"closed","template":"","meta":{"_acf_changed":false,"footnotes":""},"class_list":{"0":"post-9137","1":"page","2":"type-page","3":"status-publish","5":"no-featured-image-padding"},"acf":[],"yoast_head":"<!-- This site is optimized with the Yoast SEO plugin v27.3 - https:\/\/yoast.com\/product\/yoast-seo-wordpress\/ -->\n<title>Our Policies - Raymond A. Wood Foundation<\/title>\n<meta name=\"robots\" content=\"index, follow, max-snippet:-1, max-image-preview:large, max-video-preview:-1\" \/>\n<link rel=\"canonical\" href=\"https:\/\/www.rawoodfoundation.org\/es\/nuestras-politicas\/\" \/>\n<meta property=\"og:locale\" content=\"es_MX\" \/>\n<meta property=\"og:type\" content=\"article\" \/>\n<meta property=\"og:title\" content=\"Our Policies - Raymond A. Wood Foundation\" \/>\n<meta property=\"og:description\" content=\"At Raymond A. Wood Foundation, we are committed to transparency, accountability, and ethical conduct in ... Read more\" \/>\n<meta property=\"og:url\" content=\"https:\/\/www.rawoodfoundation.org\/es\/nuestras-politicas\/\" \/>\n<meta property=\"og:site_name\" content=\"Raymond A. Wood Foundation\" \/>\n<meta property=\"article:publisher\" content=\"https:\/\/www.facebook.com\/rawoodfoundation\" \/>\n<meta property=\"article:modified_time\" content=\"2025-12-23T04:06:42+00:00\" \/>\n<meta property=\"og:image\" content=\"https:\/\/www.rawoodfoundation.org\/wp-content\/uploads\/2025\/12\/Privacy-policy-Page.webp\" \/>\n\t<meta property=\"og:image:width\" content=\"1198\" \/>\n\t<meta property=\"og:image:height\" content=\"568\" \/>\n\t<meta property=\"og:image:type\" content=\"image\/webp\" \/>\n<meta name=\"twitter:card\" content=\"summary_large_image\" \/>\n<meta name=\"twitter:image\" content=\"https:\/\/www.rawoodfoundation.org\/wp-content\/uploads\/2025\/12\/Privacy-policy-Page.webp\" \/>\n<meta name=\"twitter:site\" content=\"@rawoodfound\" \/>\n<meta name=\"twitter:label1\" content=\"Tiempo de lectura\" \/>\n\t<meta name=\"twitter:data1\" content=\"1 minuto\" \/>\n<script type=\"application\/ld+json\" class=\"yoast-schema-graph\">{\"@context\":\"https:\\\/\\\/schema.org\",\"@graph\":[{\"@type\":\"WebPage\",\"@id\":\"https:\\\/\\\/www.rawoodfoundation.org\\\/our-policies\\\/\",\"url\":\"https:\\\/\\\/www.rawoodfoundation.org\\\/our-policies\\\/\",\"name\":\"Our Policies - Raymond A. Wood Foundation\",\"isPartOf\":{\"@id\":\"https:\\\/\\\/www.rawoodfoundation.org\\\/#website\"},\"datePublished\":\"2024-04-03T17:00:35+00:00\",\"dateModified\":\"2025-12-23T04:06:42+00:00\",\"breadcrumb\":{\"@id\":\"https:\\\/\\\/www.rawoodfoundation.org\\\/our-policies\\\/#breadcrumb\"},\"inLanguage\":\"es\",\"potentialAction\":[{\"@type\":\"ReadAction\",\"target\":[\"https:\\\/\\\/www.rawoodfoundation.org\\\/our-policies\\\/\"]}]},{\"@type\":\"BreadcrumbList\",\"@id\":\"https:\\\/\\\/www.rawoodfoundation.org\\\/our-policies\\\/#breadcrumb\",\"itemListElement\":[{\"@type\":\"ListItem\",\"position\":1,\"name\":\"Home\",\"item\":\"https:\\\/\\\/www.rawoodfoundation.org\\\/\"},{\"@type\":\"ListItem\",\"position\":2,\"name\":\"Our Policies\"}]},{\"@type\":\"WebSite\",\"@id\":\"https:\\\/\\\/www.rawoodfoundation.org\\\/#website\",\"url\":\"https:\\\/\\\/www.rawoodfoundation.org\\\/\",\"name\":\"Raymond A. Wood Foundation\",\"description\":\"The mission of the RAWF is to provide quality of life support for childhood brain tumor survivors and their families.\",\"publisher\":{\"@id\":\"https:\\\/\\\/www.rawoodfoundation.org\\\/#organization\"},\"potentialAction\":[{\"@type\":\"SearchAction\",\"target\":{\"@type\":\"EntryPoint\",\"urlTemplate\":\"https:\\\/\\\/www.rawoodfoundation.org\\\/?s={search_term_string}\"},\"query-input\":{\"@type\":\"PropertyValueSpecification\",\"valueRequired\":true,\"valueName\":\"search_term_string\"}}],\"inLanguage\":\"es\"},{\"@type\":\"Organization\",\"@id\":\"https:\\\/\\\/www.rawoodfoundation.org\\\/#organization\",\"name\":\"Raymond A. Wood Foundation\",\"url\":\"https:\\\/\\\/www.rawoodfoundation.org\\\/\",\"logo\":{\"@type\":\"ImageObject\",\"inLanguage\":\"es\",\"@id\":\"https:\\\/\\\/www.rawoodfoundation.org\\\/#\\\/schema\\\/logo\\\/image\\\/\",\"url\":\"https:\\\/\\\/www.rawoodfoundation.org\\\/wp-content\\\/uploads\\\/2023\\\/07\\\/Raymond-A-Wood-Foundation-logo.webp\",\"contentUrl\":\"https:\\\/\\\/www.rawoodfoundation.org\\\/wp-content\\\/uploads\\\/2023\\\/07\\\/Raymond-A-Wood-Foundation-logo.webp\",\"width\":470,\"height\":128,\"caption\":\"Raymond A. Wood Foundation\"},\"image\":{\"@id\":\"https:\\\/\\\/www.rawoodfoundation.org\\\/#\\\/schema\\\/logo\\\/image\\\/\"},\"sameAs\":[\"https:\\\/\\\/www.facebook.com\\\/rawoodfoundation\",\"https:\\\/\\\/x.com\\\/rawoodfound\"]}]}<\/script>\n<!-- \/ Yoast SEO plugin. -->","yoast_head_json":{"title":"Nuestras pol\u00edticas - Fundaci\u00f3n Raymond A. Wood","robots":{"index":"index","follow":"follow","max-snippet":"max-snippet:-1","max-image-preview":"max-image-preview:large","max-video-preview":"max-video-preview:-1"},"canonical":"https:\/\/www.rawoodfoundation.org\/es\/nuestras-politicas\/","og_locale":"es_MX","og_type":"article","og_title":"Our Policies - Raymond A. Wood Foundation","og_description":"At Raymond A. Wood Foundation, we are committed to transparency, accountability, and ethical conduct in ... Read more","og_url":"https:\/\/www.rawoodfoundation.org\/es\/nuestras-politicas\/","og_site_name":"Raymond A. Wood Foundation","article_publisher":"https:\/\/www.facebook.com\/rawoodfoundation","article_modified_time":"2025-12-23T04:06:42+00:00","og_image":[{"width":1198,"height":568,"url":"https:\/\/www.rawoodfoundation.org\/wp-content\/uploads\/2025\/12\/Privacy-policy-Page.webp","type":"image\/webp"}],"twitter_card":"summary_large_image","twitter_image":"https:\/\/www.rawoodfoundation.org\/wp-content\/uploads\/2025\/12\/Privacy-policy-Page.webp","twitter_site":"@rawoodfound","twitter_misc":{"Tiempo de lectura":"1 minuto"},"schema":{"@context":"https:\/\/schema.org","@graph":[{"@type":"WebPage","@id":"https:\/\/www.rawoodfoundation.org\/our-policies\/","url":"https:\/\/www.rawoodfoundation.org\/our-policies\/","name":"Nuestras pol\u00edticas - Fundaci\u00f3n Raymond A. Wood","isPartOf":{"@id":"https:\/\/www.rawoodfoundation.org\/#website"},"datePublished":"2024-04-03T17:00:35+00:00","dateModified":"2025-12-23T04:06:42+00:00","breadcrumb":{"@id":"https:\/\/www.rawoodfoundation.org\/our-policies\/#breadcrumb"},"inLanguage":"es","potentialAction":[{"@type":"ReadAction","target":["https:\/\/www.rawoodfoundation.org\/our-policies\/"]}]},{"@type":"BreadcrumbList","@id":"https:\/\/www.rawoodfoundation.org\/our-policies\/#breadcrumb","itemListElement":[{"@type":"ListItem","position":1,"name":"Home","item":"https:\/\/www.rawoodfoundation.org\/"},{"@type":"ListItem","position":2,"name":"Our Policies"}]},{"@type":"WebSite","@id":"https:\/\/www.rawoodfoundation.org\/#website","url":"https:\/\/www.rawoodfoundation.org\/","name":"Fundaci\u00f3n Raymond A. Wood","description":"La misi\u00f3n de la RAWF es proporcionar apoyo a la calidad de vida de los supervivientes de tumores cerebrales infantiles y sus familias.","publisher":{"@id":"https:\/\/www.rawoodfoundation.org\/#organization"},"potentialAction":[{"@type":"SearchAction","target":{"@type":"EntryPoint","urlTemplate":"https:\/\/www.rawoodfoundation.org\/?s={search_term_string}"},"query-input":{"@type":"PropertyValueSpecification","valueRequired":true,"valueName":"search_term_string"}}],"inLanguage":"es"},{"@type":"Organization","@id":"https:\/\/www.rawoodfoundation.org\/#organization","name":"Fundaci\u00f3n Raymond A. Wood","url":"https:\/\/www.rawoodfoundation.org\/","logo":{"@type":"ImageObject","inLanguage":"es","@id":"https:\/\/www.rawoodfoundation.org\/#\/schema\/logo\/image\/","url":"https:\/\/www.rawoodfoundation.org\/wp-content\/uploads\/2023\/07\/Raymond-A-Wood-Foundation-logo.webp","contentUrl":"https:\/\/www.rawoodfoundation.org\/wp-content\/uploads\/2023\/07\/Raymond-A-Wood-Foundation-logo.webp","width":470,"height":128,"caption":"Raymond A. Wood Foundation"},"image":{"@id":"https:\/\/www.rawoodfoundation.org\/#\/schema\/logo\/image\/"},"sameAs":["https:\/\/www.facebook.com\/rawoodfoundation","https:\/\/x.com\/rawoodfound"]}]}},"_links":{"self":[{"href":"https:\/\/www.rawoodfoundation.org\/es\/wp-json\/wp\/v2\/pages\/9137","targetHints":{"allow":["GET"]}}],"collection":[{"href":"https:\/\/www.rawoodfoundation.org\/es\/wp-json\/wp\/v2\/pages"}],"about":[{"href":"https:\/\/www.rawoodfoundation.org\/es\/wp-json\/wp\/v2\/types\/page"}],"author":[{"embeddable":true,"href":"https:\/\/www.rawoodfoundation.org\/es\/wp-json\/wp\/v2\/users\/4"}],"replies":[{"embeddable":true,"href":"https:\/\/www.rawoodfoundation.org\/es\/wp-json\/wp\/v2\/comments?post=9137"}],"version-history":[{"count":4,"href":"https:\/\/www.rawoodfoundation.org\/es\/wp-json\/wp\/v2\/pages\/9137\/revisions"}],"predecessor-version":[{"id":18100,"href":"https:\/\/www.rawoodfoundation.org\/es\/wp-json\/wp\/v2\/pages\/9137\/revisions\/18100"}],"wp:attachment":[{"href":"https:\/\/www.rawoodfoundation.org\/es\/wp-json\/wp\/v2\/media?parent=9137"}],"curies":[{"name":"wp","href":"https:\/\/api.w.org\/{rel}","templated":true}]}}