{"id":9134,"date":"2024-04-03T16:49:03","date_gmt":"2024-04-03T16:49:03","guid":{"rendered":"https:\/\/www.rawoodfoundation.org\/?page_id=9134"},"modified":"2024-04-03T16:49:04","modified_gmt":"2024-04-03T16:49:04","slug":"politica-de-recaudacion-de-fondos","status":"publish","type":"page","link":"https:\/\/www.rawoodfoundation.org\/es\/fundraising-policy\/","title":{"rendered":"Pol\u00edtica de recaudaci\u00f3n de fondos"},"content":{"rendered":"<p><strong>Introducci\u00f3n<\/strong><\/p>\n\n\n\n<p>La Raymond A. Wood Foundation depende de la generosidad de sus colaboradores para cumplir su misi\u00f3n y mantener sus operaciones. Como tal, las actividades de recaudaci\u00f3n de fondos desempe\u00f1an un papel crucial para permitirnos llevar a cabo nuestro trabajo con eficacia. Esta pol\u00edtica esboza nuestro enfoque de la recaudaci\u00f3n de fondos y establece directrices para las personas o grupos interesados en apoyar nuestra causa a trav\u00e9s de esfuerzos de recaudaci\u00f3n de fondos.<\/p>\n\n\n\n<p><strong>Principios<\/strong><\/p>\n\n\n\n<ol class=\"wp-block-list\">\n<li><strong>Transparencia<\/strong>: La Fundaci\u00f3n Raymond A. Wood est\u00e1 comprometida con la transparencia en todas las actividades de recaudaci\u00f3n de fondos. Nos esforzamos por proporcionar informaci\u00f3n clara y precisa a los donantes, simpatizantes y al p\u00fablico en general sobre c\u00f3mo se utilizan sus contribuciones para promover nuestra misi\u00f3n.<\/li>\n\n\n\n<li><strong>Rendici\u00f3n de cuentas<\/strong>: Somos responsables ante nuestros donantes, simpatizantes y las comunidades a las que servimos. Nos aseguramos de que los fondos recaudados se utilicen de forma responsable y en consonancia con nuestros objetivos y prioridades organizativas.<\/li>\n\n\n\n<li><strong>Conducta \u00e9tica<\/strong>: La Raymond A. Wood Foundation se adhiere a las normas \u00e9ticas m\u00e1s estrictas en todas las actividades de recaudaci\u00f3n de fondos. Cumplimos con las leyes y reglamentos pertinentes que rigen la recaudaci\u00f3n de fondos ben\u00e9ficos y mantenemos la integridad y la honestidad en nuestras interacciones con los donantes y simpatizantes.<\/li>\n<\/ol>\n\n\n\n<p><strong>Actividades de recaudaci\u00f3n de fondos<\/strong><\/p>\n\n\n\n<ol class=\"wp-block-list\">\n<li><strong>Recaudaci\u00f3n de fondos para organizaciones<\/strong>: La Fundaci\u00f3n Raymond A. Wood puede organizar eventos, campa\u00f1as o iniciativas de recaudaci\u00f3n de fondos para generar apoyo financiero para nuestros programas y actividades. Estos esfuerzos son coordinados y supervisados por personal o voluntarios designados y se llevan a cabo de conformidad con las leyes y reglamentos aplicables.<\/li>\n\n\n\n<li><strong>Recaudaci\u00f3n de fondos de terceros<\/strong>: Los particulares o grupos interesados en organizar actividades de recaudaci\u00f3n de fondos en nombre de la Raymond A. Wood Foundation pueden hacerlo previa autorizaci\u00f3n. Sin embargo, es importante tener en cuenta que los terceros recaudadores de fondos son responsables de cubrir cualquier gasto incurrido en la organizaci\u00f3n y celebraci\u00f3n de sus eventos o iniciativas. La Raymond A. Wood Foundation no asume la responsabilidad financiera de estos gastos.<\/li>\n\n\n\n<li><strong>Relaciones con los donantes<\/strong>: Valoramos nuestras relaciones con los donantes y colaboradores y nos esforzamos por cultivar v\u00ednculos positivos y significativos. Expresamos nuestra gratitud por sus contribuciones y les informamos peri\u00f3dicamente del impacto de su apoyo.<\/li>\n<\/ol>\n\n\n\n<p><strong>Directrices para recaudadores de fondos<\/strong><\/p>\n\n\n\n<ol class=\"wp-block-list\">\n<li><strong>Proceso de aprobaci\u00f3n<\/strong>: Las personas o grupos que deseen organizar actividades de recaudaci\u00f3n de fondos en nombre de la Raymond A. Wood Foundation deben obtener la aprobaci\u00f3n previa de la autoridad competente. Esto puede implicar la presentaci\u00f3n de una propuesta que describa la iniciativa de recaudaci\u00f3n de fondos propuesta, incluyendo detalles tales como objetivos, presupuesto, calendario y uso previsto de los fondos.<\/li>\n\n\n\n<li><strong>Responsabilidad financiera<\/strong>: Los recaudadores de fondos externos son responsables de la gesti\u00f3n de todos los aspectos financieros de sus eventos o iniciativas, incluyendo presupuestos, gastos y contabilidad. La Raymond A. Wood Foundation no proporciona ayuda financiera ni reembolsa los gastos incurridos por terceros en la recaudaci\u00f3n de fondos.<\/li>\n\n\n\n<li><strong>Uso de la marca y los materiales<\/strong>: Los recaudadores de fondos deben respetar las directrices de marca de la Fundaci\u00f3n Raymond A. Wood y obtener permiso para utilizar logotipos, marcas comerciales u otros materiales de su propiedad en sus materiales promocionales o comunicaciones.<\/li>\n\n\n\n<li><strong>Conformidad<\/strong>: Todas las actividades de recaudaci\u00f3n de fondos llevadas a cabo en nombre de la Fundaci\u00f3n Raymond A. Wood deben cumplir las leyes y reglamentos aplicables, incluidos los relacionados con las solicitudes ben\u00e9ficas, la fiscalidad y los informes financieros.<\/li>\n<\/ol>\n\n\n\n<p><strong>Conclusi\u00f3n<\/strong><\/p>\n\n\n\n<p>La Raymond A. Wood Foundation agradece el apoyo de los donantes, colaboradores y recaudadores de fondos que comparten nuestro compromiso de tener un impacto positivo en nuestras comunidades. Mediante la adhesi\u00f3n a los principios y directrices descritos en esta pol\u00edtica, nos aseguramos de que nuestros esfuerzos de recaudaci\u00f3n de fondos se lleven a cabo con integridad, transparencia y responsabilidad.<\/p>","protected":false},"excerpt":{"rendered":"<p>Introducci\u00f3n La Fundaci\u00f3n Raymond A. Wood depende de la generosidad de sus colaboradores para cumplir su misi\u00f3n ... <a title=\"Pol\u00edtica de recaudaci\u00f3n de fondos\" class=\"read-more\" href=\"https:\/\/www.rawoodfoundation.org\/es\/fundraising-policy\/\" aria-label=\"Leer m\u00e1s sobre Pol\u00edtica de recaudaci\u00f3n de fondos\">Seguir leyendo<\/a><\/p>","protected":false},"author":4,"featured_media":0,"parent":0,"menu_order":31,"comment_status":"closed","ping_status":"closed","template":"","meta":{"_acf_changed":false,"footnotes":""},"class_list":{"0":"post-9134","1":"page","2":"type-page","3":"status-publish","5":"no-featured-image-padding"},"acf":[],"yoast_head":"<!-- This site is optimized with the Yoast SEO plugin v27.3 - https:\/\/yoast.com\/product\/yoast-seo-wordpress\/ -->\n<title>Fundraising Policy - Raymond A. Wood Foundation<\/title>\n<meta name=\"robots\" content=\"index, follow, max-snippet:-1, max-image-preview:large, max-video-preview:-1\" \/>\n<link rel=\"canonical\" href=\"https:\/\/www.rawoodfoundation.org\/es\/politica-de-recaudacion-de-fondos\/\" \/>\n<meta property=\"og:locale\" content=\"es_MX\" \/>\n<meta property=\"og:type\" content=\"article\" \/>\n<meta property=\"og:title\" content=\"Fundraising Policy - Raymond A. Wood Foundation\" \/>\n<meta property=\"og:description\" content=\"Introduction Raymond A. Wood Foundation relies on the generosity of supporters to fulfill its mission ... Read more\" \/>\n<meta property=\"og:url\" content=\"https:\/\/www.rawoodfoundation.org\/es\/politica-de-recaudacion-de-fondos\/\" \/>\n<meta property=\"og:site_name\" content=\"Raymond A. Wood Foundation\" \/>\n<meta property=\"article:publisher\" content=\"https:\/\/www.facebook.com\/rawoodfoundation\" \/>\n<meta property=\"article:modified_time\" content=\"2024-04-03T16:49:04+00:00\" \/>\n<meta name=\"twitter:card\" content=\"summary_large_image\" \/>\n<meta name=\"twitter:site\" content=\"@rawoodfound\" \/>\n<meta name=\"twitter:label1\" content=\"Tiempo de lectura\" \/>\n\t<meta name=\"twitter:data1\" content=\"3 minutos\" \/>\n<script type=\"application\/ld+json\" class=\"yoast-schema-graph\">{\"@context\":\"https:\\\/\\\/schema.org\",\"@graph\":[{\"@type\":\"WebPage\",\"@id\":\"https:\\\/\\\/www.rawoodfoundation.org\\\/fundraising-policy\\\/\",\"url\":\"https:\\\/\\\/www.rawoodfoundation.org\\\/fundraising-policy\\\/\",\"name\":\"Fundraising Policy - Raymond A. Wood Foundation\",\"isPartOf\":{\"@id\":\"https:\\\/\\\/www.rawoodfoundation.org\\\/#website\"},\"datePublished\":\"2024-04-03T16:49:03+00:00\",\"dateModified\":\"2024-04-03T16:49:04+00:00\",\"breadcrumb\":{\"@id\":\"https:\\\/\\\/www.rawoodfoundation.org\\\/fundraising-policy\\\/#breadcrumb\"},\"inLanguage\":\"es\",\"potentialAction\":[{\"@type\":\"ReadAction\",\"target\":[\"https:\\\/\\\/www.rawoodfoundation.org\\\/fundraising-policy\\\/\"]}]},{\"@type\":\"BreadcrumbList\",\"@id\":\"https:\\\/\\\/www.rawoodfoundation.org\\\/fundraising-policy\\\/#breadcrumb\",\"itemListElement\":[{\"@type\":\"ListItem\",\"position\":1,\"name\":\"Home\",\"item\":\"https:\\\/\\\/www.rawoodfoundation.org\\\/\"},{\"@type\":\"ListItem\",\"position\":2,\"name\":\"Fundraising Policy\"}]},{\"@type\":\"WebSite\",\"@id\":\"https:\\\/\\\/www.rawoodfoundation.org\\\/#website\",\"url\":\"https:\\\/\\\/www.rawoodfoundation.org\\\/\",\"name\":\"Raymond A. Wood Foundation\",\"description\":\"The mission of the RAWF is to provide quality of life support for childhood brain tumor survivors and their families.\",\"publisher\":{\"@id\":\"https:\\\/\\\/www.rawoodfoundation.org\\\/#organization\"},\"potentialAction\":[{\"@type\":\"SearchAction\",\"target\":{\"@type\":\"EntryPoint\",\"urlTemplate\":\"https:\\\/\\\/www.rawoodfoundation.org\\\/?s={search_term_string}\"},\"query-input\":{\"@type\":\"PropertyValueSpecification\",\"valueRequired\":true,\"valueName\":\"search_term_string\"}}],\"inLanguage\":\"es\"},{\"@type\":\"Organization\",\"@id\":\"https:\\\/\\\/www.rawoodfoundation.org\\\/#organization\",\"name\":\"Raymond A. Wood Foundation\",\"url\":\"https:\\\/\\\/www.rawoodfoundation.org\\\/\",\"logo\":{\"@type\":\"ImageObject\",\"inLanguage\":\"es\",\"@id\":\"https:\\\/\\\/www.rawoodfoundation.org\\\/#\\\/schema\\\/logo\\\/image\\\/\",\"url\":\"https:\\\/\\\/www.rawoodfoundation.org\\\/wp-content\\\/uploads\\\/2023\\\/07\\\/Raymond-A-Wood-Foundation-logo.webp\",\"contentUrl\":\"https:\\\/\\\/www.rawoodfoundation.org\\\/wp-content\\\/uploads\\\/2023\\\/07\\\/Raymond-A-Wood-Foundation-logo.webp\",\"width\":470,\"height\":128,\"caption\":\"Raymond A. Wood Foundation\"},\"image\":{\"@id\":\"https:\\\/\\\/www.rawoodfoundation.org\\\/#\\\/schema\\\/logo\\\/image\\\/\"},\"sameAs\":[\"https:\\\/\\\/www.facebook.com\\\/rawoodfoundation\",\"https:\\\/\\\/x.com\\\/rawoodfound\"]}]}<\/script>\n<!-- \/ Yoast SEO plugin. -->","yoast_head_json":{"title":"Pol\u00edtica de captaci\u00f3n de fondos - Fundaci\u00f3n Raymond A. Wood","robots":{"index":"index","follow":"follow","max-snippet":"max-snippet:-1","max-image-preview":"max-image-preview:large","max-video-preview":"max-video-preview:-1"},"canonical":"https:\/\/www.rawoodfoundation.org\/es\/politica-de-recaudacion-de-fondos\/","og_locale":"es_MX","og_type":"article","og_title":"Fundraising Policy - Raymond A. Wood Foundation","og_description":"Introduction Raymond A. Wood Foundation relies on the generosity of supporters to fulfill its mission ... Read more","og_url":"https:\/\/www.rawoodfoundation.org\/es\/politica-de-recaudacion-de-fondos\/","og_site_name":"Raymond A. Wood Foundation","article_publisher":"https:\/\/www.facebook.com\/rawoodfoundation","article_modified_time":"2024-04-03T16:49:04+00:00","twitter_card":"summary_large_image","twitter_site":"@rawoodfound","twitter_misc":{"Tiempo de lectura":"3 minutos"},"schema":{"@context":"https:\/\/schema.org","@graph":[{"@type":"WebPage","@id":"https:\/\/www.rawoodfoundation.org\/fundraising-policy\/","url":"https:\/\/www.rawoodfoundation.org\/fundraising-policy\/","name":"Pol\u00edtica de captaci\u00f3n de fondos - Fundaci\u00f3n Raymond A. Wood","isPartOf":{"@id":"https:\/\/www.rawoodfoundation.org\/#website"},"datePublished":"2024-04-03T16:49:03+00:00","dateModified":"2024-04-03T16:49:04+00:00","breadcrumb":{"@id":"https:\/\/www.rawoodfoundation.org\/fundraising-policy\/#breadcrumb"},"inLanguage":"es","potentialAction":[{"@type":"ReadAction","target":["https:\/\/www.rawoodfoundation.org\/fundraising-policy\/"]}]},{"@type":"BreadcrumbList","@id":"https:\/\/www.rawoodfoundation.org\/fundraising-policy\/#breadcrumb","itemListElement":[{"@type":"ListItem","position":1,"name":"Home","item":"https:\/\/www.rawoodfoundation.org\/"},{"@type":"ListItem","position":2,"name":"Fundraising Policy"}]},{"@type":"WebSite","@id":"https:\/\/www.rawoodfoundation.org\/#website","url":"https:\/\/www.rawoodfoundation.org\/","name":"Fundaci\u00f3n Raymond A. Wood","description":"La misi\u00f3n de la RAWF es proporcionar apoyo a la calidad de vida de los supervivientes de tumores cerebrales infantiles y sus familias.","publisher":{"@id":"https:\/\/www.rawoodfoundation.org\/#organization"},"potentialAction":[{"@type":"SearchAction","target":{"@type":"EntryPoint","urlTemplate":"https:\/\/www.rawoodfoundation.org\/?s={search_term_string}"},"query-input":{"@type":"PropertyValueSpecification","valueRequired":true,"valueName":"search_term_string"}}],"inLanguage":"es"},{"@type":"Organization","@id":"https:\/\/www.rawoodfoundation.org\/#organization","name":"Fundaci\u00f3n Raymond A. Wood","url":"https:\/\/www.rawoodfoundation.org\/","logo":{"@type":"ImageObject","inLanguage":"es","@id":"https:\/\/www.rawoodfoundation.org\/#\/schema\/logo\/image\/","url":"https:\/\/www.rawoodfoundation.org\/wp-content\/uploads\/2023\/07\/Raymond-A-Wood-Foundation-logo.webp","contentUrl":"https:\/\/www.rawoodfoundation.org\/wp-content\/uploads\/2023\/07\/Raymond-A-Wood-Foundation-logo.webp","width":470,"height":128,"caption":"Raymond A. Wood Foundation"},"image":{"@id":"https:\/\/www.rawoodfoundation.org\/#\/schema\/logo\/image\/"},"sameAs":["https:\/\/www.facebook.com\/rawoodfoundation","https:\/\/x.com\/rawoodfound"]}]}},"_links":{"self":[{"href":"https:\/\/www.rawoodfoundation.org\/es\/wp-json\/wp\/v2\/pages\/9134","targetHints":{"allow":["GET"]}}],"collection":[{"href":"https:\/\/www.rawoodfoundation.org\/es\/wp-json\/wp\/v2\/pages"}],"about":[{"href":"https:\/\/www.rawoodfoundation.org\/es\/wp-json\/wp\/v2\/types\/page"}],"author":[{"embeddable":true,"href":"https:\/\/www.rawoodfoundation.org\/es\/wp-json\/wp\/v2\/users\/4"}],"replies":[{"embeddable":true,"href":"https:\/\/www.rawoodfoundation.org\/es\/wp-json\/wp\/v2\/comments?post=9134"}],"version-history":[{"count":2,"href":"https:\/\/www.rawoodfoundation.org\/es\/wp-json\/wp\/v2\/pages\/9134\/revisions"}],"predecessor-version":[{"id":9136,"href":"https:\/\/www.rawoodfoundation.org\/es\/wp-json\/wp\/v2\/pages\/9134\/revisions\/9136"}],"wp:attachment":[{"href":"https:\/\/www.rawoodfoundation.org\/es\/wp-json\/wp\/v2\/media?parent=9134"}],"curies":[{"name":"wp","href":"https:\/\/api.w.org\/{rel}","templated":true}]}}