{"id":9063,"date":"2024-03-22T17:43:55","date_gmt":"2024-03-22T17:43:55","guid":{"rendered":"https:\/\/www.rawoodfoundation.org\/?page_id=9063"},"modified":"2024-03-22T18:13:57","modified_gmt":"2024-03-22T18:13:57","slug":"informe-anual-ejercicio-2023","status":"publish","type":"page","link":"https:\/\/www.rawoodfoundation.org\/es\/fy-2023-annual-report\/","title":{"rendered":"Informe anual del ejercicio 2023"},"content":{"rendered":"<h2 class=\"wp-block-heading\">Capacitar a los pacientes, impulsar la investigaci\u00f3n: Un viaje a trav\u00e9s de nuestro informe anual del ejercicio 23<\/h2>\n\n\n<div class=\"wp-block-image\">\n<figure class=\"aligncenter size-full\"><a href=\"https:\/\/www.rawoodfoundation.org\/wp-content\/uploads\/2024\/03\/RAWF-FY-23-Annual-Report-Final-lo.pdf\"><img decoding=\"async\" width=\"630\" height=\"810\" src=\"https:\/\/www.rawoodfoundation.org\/wp-content\/uploads\/2024\/03\/impact.png\" alt=\"Gr\u00e1fico de impacto del ejercicio 23\" class=\"wp-image-9064\" srcset=\"https:\/\/www.rawoodfoundation.org\/wp-content\/uploads\/2024\/03\/impact.png 630w, https:\/\/www.rawoodfoundation.org\/wp-content\/uploads\/2024\/03\/impact-233x300.png 233w, https:\/\/www.rawoodfoundation.org\/wp-content\/uploads\/2024\/03\/impact-9x12.png 9w\" sizes=\"(max-width: 630px) 100vw, 630px\" \/><\/a><\/figure><\/div>\n\n\n<div style=\"height:43px\" aria-hidden=\"true\" class=\"wp-block-spacer\"><\/div>\n\n\n\n<p>Bienvenidos al Informe Anual de la Fundaci\u00f3n Raymond A. Wood correspondiente al ejercicio fiscal 2023. Mientras reflexionamos sobre los logros, los retos y los importantes avances del a\u00f1o pasado, le invitamos a viajar con nosotros a trav\u00e9s de las p\u00e1ginas de este informe. El ejercicio fiscal 23 fue un a\u00f1o marcado por la resistencia, la innovaci\u00f3n y la dedicaci\u00f3n inquebrantable a nuestra misi\u00f3n de defender y apoyar a los supervivientes de tumores cerebrales hipotal\u00e1mico-hipofisarios en todo el mundo. Juntos, hemos sorteado las complejidades de la atenci\u00f3n sanitaria, hemos avanzado en la investigaci\u00f3n pionera y hemos reforzado nuestro compromiso de mejorar la vida de los afectados por el craneofaringioma y otras afecciones relacionadas. Acomp\u00e1\u00f1enos en la celebraci\u00f3n de los hitos alcanzados, en el reconocimiento a las personas y socios que lo han hecho posible y en el trazado de nuestro camino para seguir progresando y teniendo impacto en los a\u00f1os venideros.<\/p>\n\n\n<div class=\"gb-container gb-container-f6e20761\">\n\n<a class=\"gb-button gb-button-08ff6772 gb-button-text\" href=\"https:\/\/www.rawoodfoundation.org\/wp-content\/uploads\/2024\/03\/RAWF-FY-23-Annual-Report-Final-lo.pdf\" target=\"_blank\" rel=\"noopener noreferrer\"><strong>Ver el informe anual del ejercicio 2024 \"<\/strong><\/a>\n\n<\/div>\n\n\n<p><br><a href=\"https:\/\/www.rawoodfoundation.org\/es\/informe-anualf22\/\">Ver el informe anual del ejercicio 2022 \"<\/a><\/p>\n\n\n\n<hr class=\"wp-block-separator has-alpha-channel-opacity\"\/>\n\n\n\n<h3 class=\"wp-block-heading\">Aspectos destacados <\/h3>\n\n\n\n<div class=\"wp-block-columns is-layout-flex wp-container-core-columns-is-layout-9d6595d7 wp-block-columns-is-layout-flex\">\n<div class=\"wp-block-column is-layout-flow wp-block-column-is-layout-flow\">\n<p><strong>Nuestro porqu\u00e9: Lo que nos mueve en nuestra defensa de los pacientes con tumores cerebrales<\/strong> <br>Creemos en el poder transformador de la defensa, impulsado por nuestra inquebrantable dedicaci\u00f3n a mejorar la vida de las personas afectadas por tumores cerebrales hipotal\u00e1mico-hipofisarios. Nuestro compromiso con esta causa se basa en la empat\u00eda, la comprensi\u00f3n y la b\u00fasqueda incesante de mejores resultados para los pacientes y sus familias.<\/p>\n\n\n\n<p><strong>En qu\u00e9 creemos: Nuestra visi\u00f3n, misi\u00f3n y valores fundamentales<\/strong> <br>Nuestra visi\u00f3n es un mundo en el que todos los pacientes con tumores cerebrales reciban la atenci\u00f3n, el apoyo y los recursos que necesitan para prosperar. Guiados por esta visi\u00f3n, nuestra misi\u00f3n es defender y capacitar a las personas afectadas por tumores cerebrales hipotal\u00e1mico-hipofisarios a trav\u00e9s de la educaci\u00f3n, programas de apoyo e iniciativas de investigaci\u00f3n innovadoras. En el centro de nuestro trabajo est\u00e1n nuestros valores de compasi\u00f3n, integridad, colaboraci\u00f3n y resiliencia.<\/p>\n\n\n\n<p><strong>Qui\u00e9nes somos: Nuestro personal, Junta Directiva y Consejo Cient\u00edfico Asesor<\/strong> <br>La Fundaci\u00f3n Raymond A. Wood est\u00e1 formada por un equipo de profesionales dedicados, defensores apasionados y estimados expertos en el campo de la investigaci\u00f3n de los tumores cerebrales y la atenci\u00f3n a los pacientes. Liderados por nuestro director ejecutivo y respaldados por nuestra junta directiva y nuestro consejo asesor cient\u00edfico, aunamos diversas perspectivas y conocimientos para impulsar un cambio significativo y avanzar en la lucha contra los tumores cerebrales.<\/p>\n<\/div>\n\n\n\n<div class=\"wp-block-column is-layout-flow wp-block-column-is-layout-flow\">\n<p><strong>Nuestro impacto: El apoyo que prestamos a nuestra comunidad y nuestros hitos a lo largo de los a\u00f1os<\/strong> <br>Desde nuestra creaci\u00f3n, hemos logrado avances significativos en la concienciaci\u00f3n, la investigaci\u00f3n y el apoyo a las personas afectadas por tumores cerebrales hipotal\u00e1mico-hipofisarios. Desde la asistencia directa a pacientes y familiares hasta la financiaci\u00f3n de iniciativas de investigaci\u00f3n pioneras, nuestro impacto se mide no solo en cifras, sino en las vidas que tocamos y las comunidades que potenciamos.<\/p>\n\n\n\n<p><strong>Programas y eventos: Desarrollo de soluciones para los retos relacionados con las enfermedades y creaci\u00f3n de oportunidades educativas<\/strong> <br>A trav\u00e9s de nuestros diversos programas y eventos, trabajamos incansablemente para abordar los retos a los que se enfrentan los pacientes con tumores cerebrales y sus cuidadores, fomentando al mismo tiempo una cultura de aprendizaje y empoderamiento. Desde talleres educativos y grupos de apoyo hasta simposios de investigaci\u00f3n y eventos de recaudaci\u00f3n de fondos, nuestras iniciativas est\u00e1n dise\u00f1adas para impulsar la innovaci\u00f3n, la colaboraci\u00f3n y el cambio positivo en el campo de la defensa de los tumores cerebrales.<\/p>\n\n\n\n<p><\/p>\n<\/div>\n<\/div>\n\n\n\n<p>Al adentrarse en las p\u00e1ginas de nuestro informe anual, esperamos que se haga una idea del profundo impacto de nuestro trabajo y se sienta inspirado para unirse a nosotros en nuestra misi\u00f3n de marcar la diferencia en las vidas de los pacientes con tumores cerebrales de todo el mundo. Gracias por su continuo apoyo y colaboraci\u00f3n en nuestro esfuerzo por crear un futuro mejor para todos los afectados por esta dif\u00edcil enfermedad.<\/p>\n\n\n\n<hr class=\"wp-block-separator has-alpha-channel-opacity\"\/>\n\n\n<div class=\"gb-container gb-container-98493386\">\n\n<div class=\"wp-block-columns is-layout-flex wp-container-core-columns-is-layout-9d6595d7 wp-block-columns-is-layout-flex\">\n<div class=\"wp-block-column is-layout-flow wp-block-column-is-layout-flow\" style=\"flex-basis:33.33%\">\n<figure class=\"wp-block-image size-full\"><img decoding=\"async\" width=\"360\" height=\"240\" src=\"https:\/\/live-rawf.pantheonsite.io\/wp-content\/uploads\/2023\/07\/thumb_jake-serota.jpg\" alt=\"\" class=\"wp-image-6963\" srcset=\"https:\/\/www.rawoodfoundation.org\/wp-content\/uploads\/2023\/07\/thumb_jake-serota.jpg 360w, https:\/\/www.rawoodfoundation.org\/wp-content\/uploads\/2023\/07\/thumb_jake-serota-300x200.jpg 300w, https:\/\/www.rawoodfoundation.org\/wp-content\/uploads\/2023\/07\/thumb_jake-serota-18x12.jpg 18w\" sizes=\"(max-width: 360px) 100vw, 360px\" \/><\/figure>\n<\/div>\n\n\n\n<div class=\"wp-block-column is-layout-flow wp-block-column-is-layout-flow\" style=\"flex-basis:66.66%\">\n<h3 class=\"wp-block-heading\">Apoya nuestra misi\u00f3n<\/h3>\n\n\n\n<p>Su apoyo puede tener un impacto duradero en nuestra misi\u00f3n, permiti\u00e9ndonos crear un cambio positivo y transformar las vidas de estos supervivientes de tumores cerebrales. \u00danase a nosotros en la defensa de esta causa, y juntos, podemos allanar el camino para un futuro m\u00e1s brillante, no s\u00f3lo para estos pacientes, sino para la investigaci\u00f3n del cerebro y el apoyo a los pacientes.<\/p>\n\n\n\n<p class=\"gb-headline gb-headline-1207c705 round-icon\"><span class=\"gb-icon\"><svg aria-hidden=\"true\" role=\"img\" height=\"1em\" width=\"1em\" viewbox=\"0 0 256 512\" xmlns=\"http:\/\/www.w3.org\/2000\/svg\"><path fill=\"currentColor\" d=\"M224.3 273l-136 136c-9.4 9.4-24.6 9.4-33.9 0l-22.6-22.6c-9.4-9.4-9.4-24.6 0-33.9l96.4-96.4-96.4-96.4c-9.4-9.4-9.4-24.6 0-33.9L54.3 103c9.4-9.4 24.6-9.4 33.9 0l136 136c9.5 9.4 9.5 24.6.1 34z\"><\/path><\/svg><\/span><span class=\"gb-headline-text\"><a href=\"https:\/\/raymondawoodfoundation-bloom.kindful.com\/\">Haz un donativo para impulsar nuestra misi\u00f3n<\/a><\/span><\/p>\n<\/div>\n<\/div>\n\n<\/div>","protected":false},"excerpt":{"rendered":"<p>Capacitar a los pacientes, impulsar la investigaci\u00f3n: A Journey Through Our FY23 Annual Report Bienvenido al sitio web de Raymond ... <a title=\"Informe anual del ejercicio 2023\" class=\"read-more\" href=\"https:\/\/www.rawoodfoundation.org\/es\/fy-2023-annual-report\/\" aria-label=\"Leer m\u00e1s sobre Informe anual del ejercicio 2023\">Seguir leyendo<\/a><\/p>","protected":false},"author":4,"featured_media":0,"parent":0,"menu_order":87,"comment_status":"closed","ping_status":"closed","template":"","meta":{"_acf_changed":false,"footnotes":""},"class_list":{"0":"post-9063","1":"page","2":"type-page","3":"status-publish","5":"no-featured-image-padding"},"acf":[],"yoast_head":"<!-- This site is optimized with the Yoast SEO plugin v27.3 - https:\/\/yoast.com\/product\/yoast-seo-wordpress\/ -->\n<title>FY 2023 Annual Report - Raymond A. Wood Foundation<\/title>\n<meta name=\"description\" content=\"Discover our 2022 Annual Report.\" \/>\n<meta name=\"robots\" content=\"index, follow, max-snippet:-1, max-image-preview:large, max-video-preview:-1\" \/>\n<link rel=\"canonical\" href=\"https:\/\/www.rawoodfoundation.org\/es\/informe-anual-ejercicio-2023\/\" \/>\n<meta property=\"og:locale\" content=\"es_MX\" \/>\n<meta property=\"og:type\" content=\"article\" \/>\n<meta property=\"og:title\" content=\"FY 2023 Annual Report - Raymond A. Wood Foundation\" \/>\n<meta property=\"og:description\" content=\"Discover our 2022 Annual Report.\" \/>\n<meta property=\"og:url\" content=\"https:\/\/www.rawoodfoundation.org\/es\/informe-anual-ejercicio-2023\/\" \/>\n<meta property=\"og:site_name\" content=\"Raymond A. Wood Foundation\" \/>\n<meta property=\"article:publisher\" content=\"https:\/\/www.facebook.com\/rawoodfoundation\" \/>\n<meta property=\"article:modified_time\" content=\"2024-03-22T18:13:57+00:00\" \/>\n<meta property=\"og:image\" content=\"https:\/\/www.rawoodfoundation.org\/wp-content\/uploads\/2024\/03\/impact.png\" \/>\n<meta name=\"twitter:card\" content=\"summary_large_image\" \/>\n<meta name=\"twitter:site\" content=\"@rawoodfound\" \/>\n<meta name=\"twitter:label1\" content=\"Tiempo de lectura\" \/>\n\t<meta name=\"twitter:data1\" content=\"4 minutos\" \/>\n<script type=\"application\/ld+json\" class=\"yoast-schema-graph\">{\"@context\":\"https:\\\/\\\/schema.org\",\"@graph\":[{\"@type\":\"WebPage\",\"@id\":\"https:\\\/\\\/www.rawoodfoundation.org\\\/fy-2023-annual-report\\\/\",\"url\":\"https:\\\/\\\/www.rawoodfoundation.org\\\/fy-2023-annual-report\\\/\",\"name\":\"FY 2023 Annual Report - Raymond A. Wood Foundation\",\"isPartOf\":{\"@id\":\"https:\\\/\\\/www.rawoodfoundation.org\\\/#website\"},\"primaryImageOfPage\":{\"@id\":\"https:\\\/\\\/www.rawoodfoundation.org\\\/fy-2023-annual-report\\\/#primaryimage\"},\"image\":{\"@id\":\"https:\\\/\\\/www.rawoodfoundation.org\\\/fy-2023-annual-report\\\/#primaryimage\"},\"thumbnailUrl\":\"https:\\\/\\\/www.rawoodfoundation.org\\\/wp-content\\\/uploads\\\/2024\\\/03\\\/impact.png\",\"datePublished\":\"2024-03-22T17:43:55+00:00\",\"dateModified\":\"2024-03-22T18:13:57+00:00\",\"description\":\"Discover our 2022 Annual Report.\",\"breadcrumb\":{\"@id\":\"https:\\\/\\\/www.rawoodfoundation.org\\\/fy-2023-annual-report\\\/#breadcrumb\"},\"inLanguage\":\"es\",\"potentialAction\":[{\"@type\":\"ReadAction\",\"target\":[\"https:\\\/\\\/www.rawoodfoundation.org\\\/fy-2023-annual-report\\\/\"]}]},{\"@type\":\"ImageObject\",\"inLanguage\":\"es\",\"@id\":\"https:\\\/\\\/www.rawoodfoundation.org\\\/fy-2023-annual-report\\\/#primaryimage\",\"url\":\"https:\\\/\\\/www.rawoodfoundation.org\\\/wp-content\\\/uploads\\\/2024\\\/03\\\/impact.png\",\"contentUrl\":\"https:\\\/\\\/www.rawoodfoundation.org\\\/wp-content\\\/uploads\\\/2024\\\/03\\\/impact.png\"},{\"@type\":\"BreadcrumbList\",\"@id\":\"https:\\\/\\\/www.rawoodfoundation.org\\\/fy-2023-annual-report\\\/#breadcrumb\",\"itemListElement\":[{\"@type\":\"ListItem\",\"position\":1,\"name\":\"Home\",\"item\":\"https:\\\/\\\/www.rawoodfoundation.org\\\/\"},{\"@type\":\"ListItem\",\"position\":2,\"name\":\"FY 2023 Annual Report\"}]},{\"@type\":\"WebSite\",\"@id\":\"https:\\\/\\\/www.rawoodfoundation.org\\\/#website\",\"url\":\"https:\\\/\\\/www.rawoodfoundation.org\\\/\",\"name\":\"Raymond A. Wood Foundation\",\"description\":\"The mission of the RAWF is to provide quality of life support for childhood brain tumor survivors and their families.\",\"publisher\":{\"@id\":\"https:\\\/\\\/www.rawoodfoundation.org\\\/#organization\"},\"potentialAction\":[{\"@type\":\"SearchAction\",\"target\":{\"@type\":\"EntryPoint\",\"urlTemplate\":\"https:\\\/\\\/www.rawoodfoundation.org\\\/?s={search_term_string}\"},\"query-input\":{\"@type\":\"PropertyValueSpecification\",\"valueRequired\":true,\"valueName\":\"search_term_string\"}}],\"inLanguage\":\"es\"},{\"@type\":\"Organization\",\"@id\":\"https:\\\/\\\/www.rawoodfoundation.org\\\/#organization\",\"name\":\"Raymond A. Wood Foundation\",\"url\":\"https:\\\/\\\/www.rawoodfoundation.org\\\/\",\"logo\":{\"@type\":\"ImageObject\",\"inLanguage\":\"es\",\"@id\":\"https:\\\/\\\/www.rawoodfoundation.org\\\/#\\\/schema\\\/logo\\\/image\\\/\",\"url\":\"https:\\\/\\\/www.rawoodfoundation.org\\\/wp-content\\\/uploads\\\/2023\\\/07\\\/Raymond-A-Wood-Foundation-logo.webp\",\"contentUrl\":\"https:\\\/\\\/www.rawoodfoundation.org\\\/wp-content\\\/uploads\\\/2023\\\/07\\\/Raymond-A-Wood-Foundation-logo.webp\",\"width\":470,\"height\":128,\"caption\":\"Raymond A. Wood Foundation\"},\"image\":{\"@id\":\"https:\\\/\\\/www.rawoodfoundation.org\\\/#\\\/schema\\\/logo\\\/image\\\/\"},\"sameAs\":[\"https:\\\/\\\/www.facebook.com\\\/rawoodfoundation\",\"https:\\\/\\\/x.com\\\/rawoodfound\"]}]}<\/script>\n<!-- \/ Yoast SEO plugin. -->","yoast_head_json":{"title":"Informe anual del ejercicio 2023 - Fundaci\u00f3n Raymond A. Wood","description":"Descubra nuestro Informe Anual 2022.","robots":{"index":"index","follow":"follow","max-snippet":"max-snippet:-1","max-image-preview":"max-image-preview:large","max-video-preview":"max-video-preview:-1"},"canonical":"https:\/\/www.rawoodfoundation.org\/es\/informe-anual-ejercicio-2023\/","og_locale":"es_MX","og_type":"article","og_title":"FY 2023 Annual Report - Raymond A. Wood Foundation","og_description":"Discover our 2022 Annual Report.","og_url":"https:\/\/www.rawoodfoundation.org\/es\/informe-anual-ejercicio-2023\/","og_site_name":"Raymond A. Wood Foundation","article_publisher":"https:\/\/www.facebook.com\/rawoodfoundation","article_modified_time":"2024-03-22T18:13:57+00:00","og_image":[{"url":"https:\/\/www.rawoodfoundation.org\/wp-content\/uploads\/2024\/03\/impact.png","type":"","width":"","height":""}],"twitter_card":"summary_large_image","twitter_site":"@rawoodfound","twitter_misc":{"Tiempo de lectura":"4 minutos"},"schema":{"@context":"https:\/\/schema.org","@graph":[{"@type":"WebPage","@id":"https:\/\/www.rawoodfoundation.org\/fy-2023-annual-report\/","url":"https:\/\/www.rawoodfoundation.org\/fy-2023-annual-report\/","name":"Informe anual del ejercicio 2023 - Fundaci\u00f3n Raymond A. Wood","isPartOf":{"@id":"https:\/\/www.rawoodfoundation.org\/#website"},"primaryImageOfPage":{"@id":"https:\/\/www.rawoodfoundation.org\/fy-2023-annual-report\/#primaryimage"},"image":{"@id":"https:\/\/www.rawoodfoundation.org\/fy-2023-annual-report\/#primaryimage"},"thumbnailUrl":"https:\/\/www.rawoodfoundation.org\/wp-content\/uploads\/2024\/03\/impact.png","datePublished":"2024-03-22T17:43:55+00:00","dateModified":"2024-03-22T18:13:57+00:00","description":"Descubra nuestro Informe Anual 2022.","breadcrumb":{"@id":"https:\/\/www.rawoodfoundation.org\/fy-2023-annual-report\/#breadcrumb"},"inLanguage":"es","potentialAction":[{"@type":"ReadAction","target":["https:\/\/www.rawoodfoundation.org\/fy-2023-annual-report\/"]}]},{"@type":"ImageObject","inLanguage":"es","@id":"https:\/\/www.rawoodfoundation.org\/fy-2023-annual-report\/#primaryimage","url":"https:\/\/www.rawoodfoundation.org\/wp-content\/uploads\/2024\/03\/impact.png","contentUrl":"https:\/\/www.rawoodfoundation.org\/wp-content\/uploads\/2024\/03\/impact.png"},{"@type":"BreadcrumbList","@id":"https:\/\/www.rawoodfoundation.org\/fy-2023-annual-report\/#breadcrumb","itemListElement":[{"@type":"ListItem","position":1,"name":"Home","item":"https:\/\/www.rawoodfoundation.org\/"},{"@type":"ListItem","position":2,"name":"FY 2023 Annual Report"}]},{"@type":"WebSite","@id":"https:\/\/www.rawoodfoundation.org\/#website","url":"https:\/\/www.rawoodfoundation.org\/","name":"Fundaci\u00f3n Raymond A. Wood","description":"La misi\u00f3n de la RAWF es proporcionar apoyo a la calidad de vida de los supervivientes de tumores cerebrales infantiles y sus familias.","publisher":{"@id":"https:\/\/www.rawoodfoundation.org\/#organization"},"potentialAction":[{"@type":"SearchAction","target":{"@type":"EntryPoint","urlTemplate":"https:\/\/www.rawoodfoundation.org\/?s={search_term_string}"},"query-input":{"@type":"PropertyValueSpecification","valueRequired":true,"valueName":"search_term_string"}}],"inLanguage":"es"},{"@type":"Organization","@id":"https:\/\/www.rawoodfoundation.org\/#organization","name":"Fundaci\u00f3n Raymond A. Wood","url":"https:\/\/www.rawoodfoundation.org\/","logo":{"@type":"ImageObject","inLanguage":"es","@id":"https:\/\/www.rawoodfoundation.org\/#\/schema\/logo\/image\/","url":"https:\/\/www.rawoodfoundation.org\/wp-content\/uploads\/2023\/07\/Raymond-A-Wood-Foundation-logo.webp","contentUrl":"https:\/\/www.rawoodfoundation.org\/wp-content\/uploads\/2023\/07\/Raymond-A-Wood-Foundation-logo.webp","width":470,"height":128,"caption":"Raymond A. Wood Foundation"},"image":{"@id":"https:\/\/www.rawoodfoundation.org\/#\/schema\/logo\/image\/"},"sameAs":["https:\/\/www.facebook.com\/rawoodfoundation","https:\/\/x.com\/rawoodfound"]}]}},"_links":{"self":[{"href":"https:\/\/www.rawoodfoundation.org\/es\/wp-json\/wp\/v2\/pages\/9063","targetHints":{"allow":["GET"]}}],"collection":[{"href":"https:\/\/www.rawoodfoundation.org\/es\/wp-json\/wp\/v2\/pages"}],"about":[{"href":"https:\/\/www.rawoodfoundation.org\/es\/wp-json\/wp\/v2\/types\/page"}],"author":[{"embeddable":true,"href":"https:\/\/www.rawoodfoundation.org\/es\/wp-json\/wp\/v2\/users\/4"}],"replies":[{"embeddable":true,"href":"https:\/\/www.rawoodfoundation.org\/es\/wp-json\/wp\/v2\/comments?post=9063"}],"version-history":[{"count":16,"href":"https:\/\/www.rawoodfoundation.org\/es\/wp-json\/wp\/v2\/pages\/9063\/revisions"}],"predecessor-version":[{"id":9095,"href":"https:\/\/www.rawoodfoundation.org\/es\/wp-json\/wp\/v2\/pages\/9063\/revisions\/9095"}],"wp:attachment":[{"href":"https:\/\/www.rawoodfoundation.org\/es\/wp-json\/wp\/v2\/media?parent=9063"}],"curies":[{"name":"wp","href":"https:\/\/api.w.org\/{rel}","templated":true}]}}