{"id":8722,"date":"2023-11-13T22:01:21","date_gmt":"2023-11-13T22:01:21","guid":{"rendered":"https:\/\/www.rawoodfoundation.org\/?page_id=8722"},"modified":"2023-11-13T22:03:50","modified_gmt":"2023-11-13T22:03:50","slug":"fundraisertoolkit","status":"publish","type":"page","link":"https:\/\/www.rawoodfoundation.org\/es\/fundraisertoolkit\/","title":{"rendered":"Herramientas para recaudar fondos"},"content":{"rendered":"<p>\u00bfEst\u00e1s listo para <em><a href=\"https:\/\/givebutter.com\/movingforRAWF\"><strong><span style=\"text-decoration: underline;\">Mu\u00e9vete por una misi\u00f3n<\/span><\/strong> <\/a><\/em>\u00bfcon nosotros? Recaude fondos para apoyar a la Fundaci\u00f3n Raymond A. Wood y a nuestra comunidad de tumores cerebrales raros mientras avanzamos para <strong>2.023 minutos<\/strong> y aumentar <strong>$23,000 <\/strong>para los servicios de investigaci\u00f3n y apoyo directo de RAWF antes de finales de 2023. <\/p>\n\n\n\n<h2 class=\"gb-headline gb-headline-92511f2d gb-headline-text\"><strong>Es muy f\u00e1cil empezar.<\/strong><\/h2>\n\n\n\n<ol class=\"wp-block-list\">\n<li>Elige el tiempo y los objetivos de recaudaci\u00f3n que m\u00e1s te convengan. Sugerimos 100 minutos por persona y un objetivo de recaudaci\u00f3n de fondos de $1.000 para empezar. Pero esto puede variar dependiendo de c\u00f3mo pienses moverte... andando, corriendo, en bicicleta, etc. Lo que m\u00e1s te convenga.<\/li>\n\n\n\n<li>Crea tu p\u00e1gina de recaudaci\u00f3n de fondos y comparte tu historia: por qu\u00e9 tienes la misi\u00f3n de moverte con RAWF estas fiestas. Echa un vistazo a nuestra&nbsp;<strong>Herramientas para recaudar fondos<\/strong>&nbsp;a continuaci\u00f3n para obtener m\u00e1s informaci\u00f3n y empezar.<\/li>\n\n\n\n<li>\u00a1Corre la voz y mu\u00e9vete! Registra tus minutos y comparte tu progreso con nosotros y tus seguidores usando #movingforRAWF. Etiqu\u00e9tanos en Instagram, Facebook y env\u00eda actualizaciones por correo electr\u00f3nico a&nbsp;<a href=\"mailto:development@rawoodfoundation.org\" target=\"_blank\" rel=\"noreferrer noopener\">development@rawoodfoundation.org<\/a>&nbsp;\u00a1por un grito!<\/li>\n\n\n\n<li>Est\u00e9 atento a las actividades de fitness en grupo a lo largo del mes. Aseg\u00farese de descargar nuestro&nbsp;<strong><a href=\"https:\/\/www.rawoodfoundation.org\/wp-content\/uploads\/2023\/11\/RAWF-Moving-for-A-Mission-Printable-Tracker.pdf\" target=\"_blank\" rel=\"noreferrer noopener\">Mudanza para una misi\u00f3n \u00a1Rastreador de minutos!<\/a><\/strong><\/li>\n<\/ol>\n\n\n\n<a class=\"gb-button gb-button-04f66a5c gb-button-text\" href=\"https:\/\/givebutter.com\/movingforRAWF\" target=\"_blank\" rel=\"noopener noreferrer\"><strong>Inscr\u00edbete para recaudar fondos y moverte<\/strong><\/a>\n\n\n\n<p><\/p>\n\n\n\n<h2 class=\"gb-headline gb-headline-7c2b0a7a gb-headline-text\"><strong>Herramientas para recaudar fondos<\/strong><\/h2>\n\n\n\n<p><em><strong>Primeros pasos<\/strong><\/em><\/p>\n\n\n\n<ol class=\"wp-block-list\">\n<li><a href=\"https:\/\/www.rawoodfoundation.org\/wp-content\/uploads\/2023\/11\/How-To-Set-Up-Your-Fundraiser_RAWF_2023-Giving-Tuesday.pdf\"><span style=\"text-decoration: underline;\">C\u00f3mo configurar su Fundr<\/span><\/a><a href=\"https:\/\/www.rawoodfoundation.org\/wp-content\/uploads\/2023\/11\/How-To-Set-Up-Your-Fundraiser_RAWF_2023-Giving-Tuesday.pdf\" target=\"_blank\" rel=\"noreferrer noopener\"><span style=\"text-decoration: underline;\">aising Page<\/span><\/a><\/li>\n\n\n\n<li><a href=\"https:\/\/www.rawoodfoundation.org\/wp-content\/uploads\/2023\/11\/Fundraising-Tips_RAWF_2023.pdf\"><span style=\"text-decoration: underline;\">Recaudaci\u00f3n de fondos <\/span><\/a><a href=\"https:\/\/www.rawoodfoundation.org\/wp-content\/uploads\/2023\/11\/Fundraising-Tips_RAWF_2023.pdf\" target=\"_blank\" rel=\"noreferrer noopener\"><span style=\"text-decoration: underline;\">Consejos<\/span><\/a><\/li>\n\n\n\n<li><a href=\"https:\/\/www.rawoodfoundation.org\/wp-content\/uploads\/2023\/11\/Sharing-Your-Why_RAWF_2023.pdf\"><span style=\"text-decoration: underline;\">Escribir sobre su \"por qu\u00e9\" y m\u00e1s acerca de<\/span><\/a><a href=\"https:\/\/www.rawoodfoundation.org\/wp-content\/uploads\/2023\/11\/Sharing-Your-Why_RAWF_2023.pdf\" target=\"_blank\" rel=\"noreferrer noopener\"><span style=\"text-decoration: underline;\">t RAWF<\/span><\/a><\/li>\n<\/ol>\n\n\n\n<p><em><strong>Recursos para recaudar fondos<\/strong><\/em><\/p>\n\n\n\n<ol class=\"wp-block-list\">\n<li><a href=\"https:\/\/www.rawoodfoundation.org\/wp-content\/uploads\/2023\/11\/Sample-Fundraiser-Email_RAWF_2023.pdf\" target=\"_blank\" rel=\"noreferrer noopener\"><span style=\"text-decoration: underline;\">Ejemplo de correo electr\u00f3nico para recaudar fondos<\/span><\/a><\/li>\n\n\n\n<li>Contenido de las redes sociales \n\n\n\n\n\n\n<ul class=\"wp-block-list\">\n<li><a href=\"https:\/\/www.rawoodfoundation.org\/wp-content\/uploads\/2023\/11\/Social-Media-Resources-RAWF-2023.pdf\" target=\"_blank\" rel=\"noreferrer noopener\"><span style=\"text-decoration: underline;\">Recursos para las redes sociales<\/span><\/a><\/li>\n\n\n\n<li><a href=\"https:\/\/www.rawoodfoundation.org\/wp-content\/uploads\/2023\/11\/Logos-20231113T215123Z-001.zip\" target=\"_blank\" rel=\"noreferrer noopener\"><span style=\"text-decoration: underline;\">Logos<\/span><\/a><\/li>\n<\/ul>\n\n\n\n<ul class=\"wp-block-list\">\n<li><a href=\"https:\/\/www.rawoodfoundation.org\/wp-content\/uploads\/2023\/11\/Instagram-Story-20231113T215056Z-001.zip\" target=\"_blank\" rel=\"noreferrer noopener\"><span style=\"text-decoration: underline;\">Instagram Story Pos<\/span><\/a><a href=\"https:\/\/www.rawoodfoundation.org\/wp-content\/uploads\/2023\/11\/Instagram-Story-20231113T215056Z-001.zip\"><span style=\"text-decoration: underline;\">t<\/span><\/a> + <span style=\"text-decoration: underline;\"><a href=\"https:\/\/www.rawoodfoundation.org\/wp-content\/uploads\/2023\/11\/Instagram-Grid-Square-20231113T215053Z-001.zip\" target=\"_blank\" rel=\"noreferrer noopener\">G<\/a><a href=\"https:\/\/www.rawoodfoundation.org\/wp-content\/uploads\/2023\/11\/Instagram-Grid-Square-20231113T215053Z-001.zip\">rid Post<\/a><\/span> Plantillas<\/li>\n<\/ul>\n<\/li>\n\n\n\n<li>Rastreadores de minutos (para registrar cu\u00e1ndo y durante cu\u00e1nto tiempo se mueve)\n<ul class=\"wp-block-list\">\n<li><a href=\"https:\/\/www.rawoodfoundation.org\/wp-content\/uploads\/2023\/11\/Moving-for-Mission-Digital-Minutes-Tracker.xlsx\" target=\"_blank\" rel=\"noreferrer noopener\"><span style=\"text-decoration: underline;\">Versi\u00f3n digital<\/span><\/a><\/li>\n\n\n\n<li><a href=\"https:\/\/www.rawoodfoundation.org\/wp-content\/uploads\/2023\/11\/RAWF-Moving-for-A-Mission-Printable-Tracker.pdf\" target=\"_blank\" rel=\"noreferrer noopener\"><span style=\"text-decoration: underline;\">Versi\u00f3n para imprimir<\/span><\/a><\/li>\n<\/ul>\n<\/li>\n<\/ol>\n\n\n\n<p><em><strong>Est\u00e9 atento a m\u00e1s recursos y actividades de la RAWF para ayudarle a alcanzar sus objetivos de movimiento y recaudaci\u00f3n de fondos. <\/strong>P\u00f3ngase en contacto con <a href=\"mailto:development@rawoodfoundation.org\"><span style=\"text-decoration: underline;\">development@rawoodfoundation.org<\/span><\/a> si tiene alguna pregunta o necesita m\u00e1s ayuda para recaudar fondos. <\/em><\/p>","protected":false},"excerpt":{"rendered":"<p>\u00bfEst\u00e1s preparado para Moverte por una Misi\u00f3n con nosotros? Recaude fondos en apoyo de la ... <a title=\"Herramientas para recaudar fondos\" class=\"read-more\" href=\"https:\/\/www.rawoodfoundation.org\/es\/fundraisertoolkit\/\" aria-label=\"Leer m\u00e1s sobre Herramientas para recaudar fondos\">Seguir leyendo<\/a><\/p>","protected":false},"author":4,"featured_media":0,"parent":0,"menu_order":36,"comment_status":"closed","ping_status":"closed","template":"","meta":{"_acf_changed":false,"footnotes":""},"class_list":{"0":"post-8722","1":"page","2":"type-page","3":"status-publish","5":"no-featured-image-padding"},"acf":[],"yoast_head":"<!-- This site is optimized with the Yoast SEO plugin v27.3 - https:\/\/yoast.com\/product\/yoast-seo-wordpress\/ -->\n<title>Fundraiser Toolkit - Raymond A. Wood Foundation<\/title>\n<meta name=\"robots\" content=\"index, follow, max-snippet:-1, max-image-preview:large, max-video-preview:-1\" \/>\n<link rel=\"canonical\" href=\"https:\/\/www.rawoodfoundation.org\/es\/fundraisertoolkit\/\" \/>\n<meta property=\"og:locale\" content=\"es_MX\" \/>\n<meta property=\"og:type\" content=\"article\" \/>\n<meta property=\"og:title\" content=\"Fundraiser Toolkit - Raymond A. Wood Foundation\" \/>\n<meta property=\"og:description\" content=\"Are you ready to Move For A Mission with us? Fundraise in support of the ... Read more\" \/>\n<meta property=\"og:url\" content=\"https:\/\/www.rawoodfoundation.org\/es\/fundraisertoolkit\/\" \/>\n<meta property=\"og:site_name\" content=\"Raymond A. Wood Foundation\" \/>\n<meta property=\"article:publisher\" content=\"https:\/\/www.facebook.com\/rawoodfoundation\" \/>\n<meta property=\"article:modified_time\" content=\"2023-11-13T22:03:50+00:00\" \/>\n<meta name=\"twitter:card\" content=\"summary_large_image\" \/>\n<meta name=\"twitter:site\" content=\"@rawoodfound\" \/>\n<meta name=\"twitter:label1\" content=\"Tiempo de lectura\" \/>\n\t<meta name=\"twitter:data1\" content=\"2 minutos\" \/>\n<script type=\"application\/ld+json\" class=\"yoast-schema-graph\">{\"@context\":\"https:\\\/\\\/schema.org\",\"@graph\":[{\"@type\":\"WebPage\",\"@id\":\"https:\\\/\\\/www.rawoodfoundation.org\\\/fundraisertoolkit\\\/\",\"url\":\"https:\\\/\\\/www.rawoodfoundation.org\\\/fundraisertoolkit\\\/\",\"name\":\"Fundraiser Toolkit - Raymond A. Wood Foundation\",\"isPartOf\":{\"@id\":\"https:\\\/\\\/www.rawoodfoundation.org\\\/#website\"},\"datePublished\":\"2023-11-13T22:01:21+00:00\",\"dateModified\":\"2023-11-13T22:03:50+00:00\",\"breadcrumb\":{\"@id\":\"https:\\\/\\\/www.rawoodfoundation.org\\\/fundraisertoolkit\\\/#breadcrumb\"},\"inLanguage\":\"es\",\"potentialAction\":[{\"@type\":\"ReadAction\",\"target\":[\"https:\\\/\\\/www.rawoodfoundation.org\\\/fundraisertoolkit\\\/\"]}]},{\"@type\":\"BreadcrumbList\",\"@id\":\"https:\\\/\\\/www.rawoodfoundation.org\\\/fundraisertoolkit\\\/#breadcrumb\",\"itemListElement\":[{\"@type\":\"ListItem\",\"position\":1,\"name\":\"Home\",\"item\":\"https:\\\/\\\/www.rawoodfoundation.org\\\/\"},{\"@type\":\"ListItem\",\"position\":2,\"name\":\"Fundraiser Toolkit\"}]},{\"@type\":\"WebSite\",\"@id\":\"https:\\\/\\\/www.rawoodfoundation.org\\\/#website\",\"url\":\"https:\\\/\\\/www.rawoodfoundation.org\\\/\",\"name\":\"Raymond A. Wood Foundation\",\"description\":\"The mission of the RAWF is to provide quality of life support for childhood brain tumor survivors and their families.\",\"publisher\":{\"@id\":\"https:\\\/\\\/www.rawoodfoundation.org\\\/#organization\"},\"potentialAction\":[{\"@type\":\"SearchAction\",\"target\":{\"@type\":\"EntryPoint\",\"urlTemplate\":\"https:\\\/\\\/www.rawoodfoundation.org\\\/?s={search_term_string}\"},\"query-input\":{\"@type\":\"PropertyValueSpecification\",\"valueRequired\":true,\"valueName\":\"search_term_string\"}}],\"inLanguage\":\"es\"},{\"@type\":\"Organization\",\"@id\":\"https:\\\/\\\/www.rawoodfoundation.org\\\/#organization\",\"name\":\"Raymond A. Wood Foundation\",\"url\":\"https:\\\/\\\/www.rawoodfoundation.org\\\/\",\"logo\":{\"@type\":\"ImageObject\",\"inLanguage\":\"es\",\"@id\":\"https:\\\/\\\/www.rawoodfoundation.org\\\/#\\\/schema\\\/logo\\\/image\\\/\",\"url\":\"https:\\\/\\\/www.rawoodfoundation.org\\\/wp-content\\\/uploads\\\/2023\\\/07\\\/Raymond-A-Wood-Foundation-logo.webp\",\"contentUrl\":\"https:\\\/\\\/www.rawoodfoundation.org\\\/wp-content\\\/uploads\\\/2023\\\/07\\\/Raymond-A-Wood-Foundation-logo.webp\",\"width\":470,\"height\":128,\"caption\":\"Raymond A. Wood Foundation\"},\"image\":{\"@id\":\"https:\\\/\\\/www.rawoodfoundation.org\\\/#\\\/schema\\\/logo\\\/image\\\/\"},\"sameAs\":[\"https:\\\/\\\/www.facebook.com\\\/rawoodfoundation\",\"https:\\\/\\\/x.com\\\/rawoodfound\"]}]}<\/script>\n<!-- \/ Yoast SEO plugin. -->","yoast_head_json":{"title":"Herramientas para recaudar fondos - Fundaci\u00f3n Raymond A. Wood","robots":{"index":"index","follow":"follow","max-snippet":"max-snippet:-1","max-image-preview":"max-image-preview:large","max-video-preview":"max-video-preview:-1"},"canonical":"https:\/\/www.rawoodfoundation.org\/es\/fundraisertoolkit\/","og_locale":"es_MX","og_type":"article","og_title":"Fundraiser Toolkit - Raymond A. Wood Foundation","og_description":"Are you ready to Move For A Mission with us? Fundraise in support of the ... Read more","og_url":"https:\/\/www.rawoodfoundation.org\/es\/fundraisertoolkit\/","og_site_name":"Raymond A. Wood Foundation","article_publisher":"https:\/\/www.facebook.com\/rawoodfoundation","article_modified_time":"2023-11-13T22:03:50+00:00","twitter_card":"summary_large_image","twitter_site":"@rawoodfound","twitter_misc":{"Tiempo de lectura":"2 minutos"},"schema":{"@context":"https:\/\/schema.org","@graph":[{"@type":"WebPage","@id":"https:\/\/www.rawoodfoundation.org\/fundraisertoolkit\/","url":"https:\/\/www.rawoodfoundation.org\/fundraisertoolkit\/","name":"Herramientas para recaudar fondos - Fundaci\u00f3n Raymond A. Wood","isPartOf":{"@id":"https:\/\/www.rawoodfoundation.org\/#website"},"datePublished":"2023-11-13T22:01:21+00:00","dateModified":"2023-11-13T22:03:50+00:00","breadcrumb":{"@id":"https:\/\/www.rawoodfoundation.org\/fundraisertoolkit\/#breadcrumb"},"inLanguage":"es","potentialAction":[{"@type":"ReadAction","target":["https:\/\/www.rawoodfoundation.org\/fundraisertoolkit\/"]}]},{"@type":"BreadcrumbList","@id":"https:\/\/www.rawoodfoundation.org\/fundraisertoolkit\/#breadcrumb","itemListElement":[{"@type":"ListItem","position":1,"name":"Home","item":"https:\/\/www.rawoodfoundation.org\/"},{"@type":"ListItem","position":2,"name":"Fundraiser Toolkit"}]},{"@type":"WebSite","@id":"https:\/\/www.rawoodfoundation.org\/#website","url":"https:\/\/www.rawoodfoundation.org\/","name":"Fundaci\u00f3n Raymond A. Wood","description":"La misi\u00f3n de la RAWF es proporcionar apoyo a la calidad de vida de los supervivientes de tumores cerebrales infantiles y sus familias.","publisher":{"@id":"https:\/\/www.rawoodfoundation.org\/#organization"},"potentialAction":[{"@type":"SearchAction","target":{"@type":"EntryPoint","urlTemplate":"https:\/\/www.rawoodfoundation.org\/?s={search_term_string}"},"query-input":{"@type":"PropertyValueSpecification","valueRequired":true,"valueName":"search_term_string"}}],"inLanguage":"es"},{"@type":"Organization","@id":"https:\/\/www.rawoodfoundation.org\/#organization","name":"Fundaci\u00f3n Raymond A. Wood","url":"https:\/\/www.rawoodfoundation.org\/","logo":{"@type":"ImageObject","inLanguage":"es","@id":"https:\/\/www.rawoodfoundation.org\/#\/schema\/logo\/image\/","url":"https:\/\/www.rawoodfoundation.org\/wp-content\/uploads\/2023\/07\/Raymond-A-Wood-Foundation-logo.webp","contentUrl":"https:\/\/www.rawoodfoundation.org\/wp-content\/uploads\/2023\/07\/Raymond-A-Wood-Foundation-logo.webp","width":470,"height":128,"caption":"Raymond A. Wood Foundation"},"image":{"@id":"https:\/\/www.rawoodfoundation.org\/#\/schema\/logo\/image\/"},"sameAs":["https:\/\/www.facebook.com\/rawoodfoundation","https:\/\/x.com\/rawoodfound"]}]}},"_links":{"self":[{"href":"https:\/\/www.rawoodfoundation.org\/es\/wp-json\/wp\/v2\/pages\/8722","targetHints":{"allow":["GET"]}}],"collection":[{"href":"https:\/\/www.rawoodfoundation.org\/es\/wp-json\/wp\/v2\/pages"}],"about":[{"href":"https:\/\/www.rawoodfoundation.org\/es\/wp-json\/wp\/v2\/types\/page"}],"author":[{"embeddable":true,"href":"https:\/\/www.rawoodfoundation.org\/es\/wp-json\/wp\/v2\/users\/4"}],"replies":[{"embeddable":true,"href":"https:\/\/www.rawoodfoundation.org\/es\/wp-json\/wp\/v2\/comments?post=8722"}],"version-history":[{"count":14,"href":"https:\/\/www.rawoodfoundation.org\/es\/wp-json\/wp\/v2\/pages\/8722\/revisions"}],"predecessor-version":[{"id":8746,"href":"https:\/\/www.rawoodfoundation.org\/es\/wp-json\/wp\/v2\/pages\/8722\/revisions\/8746"}],"wp:attachment":[{"href":"https:\/\/www.rawoodfoundation.org\/es\/wp-json\/wp\/v2\/media?parent=8722"}],"curies":[{"name":"wp","href":"https:\/\/api.w.org\/{rel}","templated":true}]}}