{"id":8669,"date":"2023-10-25T19:28:40","date_gmt":"2023-10-25T19:28:40","guid":{"rendered":"https:\/\/www.rawoodfoundation.org\/?page_id=8669"},"modified":"2025-10-15T05:28:39","modified_gmt":"2025-10-15T05:28:39","slug":"inscripcion-a-la-carrera","status":"publish","type":"page","link":"https:\/\/www.rawoodfoundation.org\/es\/race-registration\/","title":{"rendered":"Inscripci\u00f3n en la carrera"},"content":{"rendered":"<h2 class=\"wp-block-heading\">\u00a1Mu\u00e9vete por una misi\u00f3n con el equipo RAWF en la Media Marat\u00f3n de Nueva York!<\/h2>\n\n\n\n<p>\u00bfEst\u00e1s preparado para marcar la diferencia y asumir un reto inolvidable? \u00danase a <strong>Equipo RAWF<\/strong> mientras nos atamos las zapatillas para el <strong>2025 Media Marat\u00f3n de Nueva York<\/strong> \u00a1el domingo 16 de marzo de 2025!<\/p>\n\n\n\n<p>Al correr con nosotros, har\u00e1s algo m\u00e1s que cruzar la l\u00ednea de meta: ayudar\u00e1s a promover el apoyo, la defensa y la investigaci\u00f3n para los supervivientes de tumores cerebrales hipotal\u00e1mico-hipofisarios y sus familias. Juntos podemos avanzar hacia un futuro mejor para nuestra comunidad.<\/p>\n\n\n\n<p><strong>\u00bfPor qu\u00e9 unirse al equipo RAWF?<\/strong><\/p>\n\n\n\n<ul class=\"wp-block-list\">\n<li><strong>Inspiraci\u00f3n:<\/strong> Corre con un prop\u00f3sito y ayuda a concienciar sobre nuestra misi\u00f3n.<\/li>\n\n\n\n<li><strong>Apoyo:<\/strong> Reciba consejos exclusivos de entrenamiento, herramientas de recaudaci\u00f3n de fondos y apoyo de los animadores a lo largo del camino.<\/li>\n\n\n\n<li><strong>Comunidad:<\/strong> Forme parte de un incre\u00edble grupo de corredores, defensores y simpatizantes unidos por un objetivo com\u00fan.<\/li>\n<\/ul>\n\n\n\n<p><strong>C\u00f3mo participar<\/strong><br>Todav\u00eda nos quedan algunas plazas para este incre\u00edble evento. Tanto si eres un corredor experimentado como si es la primera vez que participas, te ayudaremos en todo momento.<\/p>\n\n\n\n<p><strong>Reg\u00edstrese ahora: Correo electr\u00f3nico <em><a href=\"mailto:development@rawoodfoundation.org\" target=\"_blank\" rel=\"noreferrer noopener\">development@rawoodfoundation.org<\/a>&nbsp;<\/em>para comunicarnos su inter\u00e9s.<\/strong><\/p>\n\n\n\n<p>No esperes, \u00a1las plazas son limitadas! \u00danete al Equipo RAWF y ay\u00fadanos a movernos por una misi\u00f3n. Juntos, podemos convertir cada milla en un cambio significativo.<\/p>\n\n\n\n<figure class=\"wp-block-image size-full\"><img decoding=\"async\" width=\"900\" height=\"900\" src=\"https:\/\/www.rawoodfoundation.org\/wp-content\/uploads\/2025\/10\/TCS-New-York-city-marathon-2024.webp\" alt=\"\" class=\"wp-image-17506\" srcset=\"https:\/\/www.rawoodfoundation.org\/wp-content\/uploads\/2025\/10\/TCS-New-York-city-marathon-2024.webp 900w, https:\/\/www.rawoodfoundation.org\/wp-content\/uploads\/2025\/10\/TCS-New-York-city-marathon-2024-300x300.webp 300w, https:\/\/www.rawoodfoundation.org\/wp-content\/uploads\/2025\/10\/TCS-New-York-city-marathon-2024-150x150.webp 150w, https:\/\/www.rawoodfoundation.org\/wp-content\/uploads\/2025\/10\/TCS-New-York-city-marathon-2024-768x768.webp 768w, https:\/\/www.rawoodfoundation.org\/wp-content\/uploads\/2025\/10\/TCS-New-York-city-marathon-2024-12x12.webp 12w, https:\/\/www.rawoodfoundation.org\/wp-content\/uploads\/2025\/10\/TCS-New-York-city-marathon-2024-330x330.webp 330w\" sizes=\"(max-width: 900px) 100vw, 900px\" \/><\/figure>","protected":false},"excerpt":{"rendered":"<p>\u00a1Mu\u00e9vete por una misi\u00f3n con el equipo RAWF en la media marat\u00f3n de Nueva York! \u00bfEst\u00e1s listo ... <a title=\"Inscripci\u00f3n en la carrera\" class=\"read-more\" href=\"https:\/\/www.rawoodfoundation.org\/es\/race-registration\/\" aria-label=\"Leer m\u00e1s sobre Inscripci\u00f3n en la carrera\">Seguir leyendo<\/a><\/p>","protected":false},"author":4,"featured_media":0,"parent":0,"menu_order":41,"comment_status":"closed","ping_status":"closed","template":"","meta":{"_acf_changed":false,"footnotes":""},"class_list":{"0":"post-8669","1":"page","2":"type-page","3":"status-publish","5":"no-featured-image-padding"},"acf":[],"yoast_head":"<!-- This site is optimized with the Yoast SEO plugin v27.3 - https:\/\/yoast.com\/product\/yoast-seo-wordpress\/ -->\n<title>Race Registration - Raymond A. Wood Foundation<\/title>\n<meta name=\"robots\" content=\"index, follow, max-snippet:-1, max-image-preview:large, max-video-preview:-1\" \/>\n<link rel=\"canonical\" href=\"https:\/\/www.rawoodfoundation.org\/es\/inscripcion-a-la-carrera\/\" \/>\n<meta property=\"og:locale\" content=\"es_MX\" \/>\n<meta property=\"og:type\" content=\"article\" \/>\n<meta property=\"og:title\" content=\"Race Registration - Raymond A. Wood Foundation\" \/>\n<meta property=\"og:description\" content=\"Move for a Mission with Team RAWF at the NYC Half Marathon! Are you ready ... Read more\" \/>\n<meta property=\"og:url\" content=\"https:\/\/www.rawoodfoundation.org\/es\/inscripcion-a-la-carrera\/\" \/>\n<meta property=\"og:site_name\" content=\"Raymond A. Wood Foundation\" \/>\n<meta property=\"article:publisher\" content=\"https:\/\/www.facebook.com\/rawoodfoundation\" \/>\n<meta property=\"article:modified_time\" content=\"2025-10-15T05:28:39+00:00\" \/>\n<meta property=\"og:image\" content=\"https:\/\/www.rawoodfoundation.org\/wp-content\/uploads\/2025\/10\/TCS-New-York-city-marathon-2024.webp\" \/>\n\t<meta property=\"og:image:width\" content=\"900\" \/>\n\t<meta property=\"og:image:height\" content=\"900\" \/>\n\t<meta property=\"og:image:type\" content=\"image\/webp\" \/>\n<meta name=\"twitter:card\" content=\"summary_large_image\" \/>\n<meta name=\"twitter:site\" content=\"@rawoodfound\" \/>\n<meta name=\"twitter:label1\" content=\"Tiempo de lectura\" \/>\n\t<meta name=\"twitter:data1\" content=\"2 minutos\" \/>\n<script type=\"application\/ld+json\" class=\"yoast-schema-graph\">{\"@context\":\"https:\\\/\\\/schema.org\",\"@graph\":[{\"@type\":\"WebPage\",\"@id\":\"https:\\\/\\\/www.rawoodfoundation.org\\\/race-registration\\\/\",\"url\":\"https:\\\/\\\/www.rawoodfoundation.org\\\/race-registration\\\/\",\"name\":\"Race Registration - Raymond A. Wood Foundation\",\"isPartOf\":{\"@id\":\"https:\\\/\\\/www.rawoodfoundation.org\\\/#website\"},\"primaryImageOfPage\":{\"@id\":\"https:\\\/\\\/www.rawoodfoundation.org\\\/race-registration\\\/#primaryimage\"},\"image\":{\"@id\":\"https:\\\/\\\/www.rawoodfoundation.org\\\/race-registration\\\/#primaryimage\"},\"thumbnailUrl\":\"https:\\\/\\\/www.rawoodfoundation.org\\\/wp-content\\\/uploads\\\/2025\\\/10\\\/TCS-New-York-city-marathon-2024.webp\",\"datePublished\":\"2023-10-25T19:28:40+00:00\",\"dateModified\":\"2025-10-15T05:28:39+00:00\",\"breadcrumb\":{\"@id\":\"https:\\\/\\\/www.rawoodfoundation.org\\\/race-registration\\\/#breadcrumb\"},\"inLanguage\":\"es\",\"potentialAction\":[{\"@type\":\"ReadAction\",\"target\":[\"https:\\\/\\\/www.rawoodfoundation.org\\\/race-registration\\\/\"]}]},{\"@type\":\"ImageObject\",\"inLanguage\":\"es\",\"@id\":\"https:\\\/\\\/www.rawoodfoundation.org\\\/race-registration\\\/#primaryimage\",\"url\":\"https:\\\/\\\/www.rawoodfoundation.org\\\/wp-content\\\/uploads\\\/2025\\\/10\\\/TCS-New-York-city-marathon-2024.webp\",\"contentUrl\":\"https:\\\/\\\/www.rawoodfoundation.org\\\/wp-content\\\/uploads\\\/2025\\\/10\\\/TCS-New-York-city-marathon-2024.webp\"},{\"@type\":\"BreadcrumbList\",\"@id\":\"https:\\\/\\\/www.rawoodfoundation.org\\\/race-registration\\\/#breadcrumb\",\"itemListElement\":[{\"@type\":\"ListItem\",\"position\":1,\"name\":\"Home\",\"item\":\"https:\\\/\\\/www.rawoodfoundation.org\\\/\"},{\"@type\":\"ListItem\",\"position\":2,\"name\":\"Race Registration\"}]},{\"@type\":\"WebSite\",\"@id\":\"https:\\\/\\\/www.rawoodfoundation.org\\\/#website\",\"url\":\"https:\\\/\\\/www.rawoodfoundation.org\\\/\",\"name\":\"Raymond A. Wood Foundation\",\"description\":\"The mission of the RAWF is to provide quality of life support for childhood brain tumor survivors and their families.\",\"publisher\":{\"@id\":\"https:\\\/\\\/www.rawoodfoundation.org\\\/#organization\"},\"potentialAction\":[{\"@type\":\"SearchAction\",\"target\":{\"@type\":\"EntryPoint\",\"urlTemplate\":\"https:\\\/\\\/www.rawoodfoundation.org\\\/?s={search_term_string}\"},\"query-input\":{\"@type\":\"PropertyValueSpecification\",\"valueRequired\":true,\"valueName\":\"search_term_string\"}}],\"inLanguage\":\"es\"},{\"@type\":\"Organization\",\"@id\":\"https:\\\/\\\/www.rawoodfoundation.org\\\/#organization\",\"name\":\"Raymond A. Wood Foundation\",\"url\":\"https:\\\/\\\/www.rawoodfoundation.org\\\/\",\"logo\":{\"@type\":\"ImageObject\",\"inLanguage\":\"es\",\"@id\":\"https:\\\/\\\/www.rawoodfoundation.org\\\/#\\\/schema\\\/logo\\\/image\\\/\",\"url\":\"https:\\\/\\\/www.rawoodfoundation.org\\\/wp-content\\\/uploads\\\/2023\\\/07\\\/Raymond-A-Wood-Foundation-logo.webp\",\"contentUrl\":\"https:\\\/\\\/www.rawoodfoundation.org\\\/wp-content\\\/uploads\\\/2023\\\/07\\\/Raymond-A-Wood-Foundation-logo.webp\",\"width\":470,\"height\":128,\"caption\":\"Raymond A. Wood Foundation\"},\"image\":{\"@id\":\"https:\\\/\\\/www.rawoodfoundation.org\\\/#\\\/schema\\\/logo\\\/image\\\/\"},\"sameAs\":[\"https:\\\/\\\/www.facebook.com\\\/rawoodfoundation\",\"https:\\\/\\\/x.com\\\/rawoodfound\"]}]}<\/script>\n<!-- \/ Yoast SEO plugin. -->","yoast_head_json":{"title":"Inscripci\u00f3n en la carrera - Fundaci\u00f3n Raymond A. Wood","robots":{"index":"index","follow":"follow","max-snippet":"max-snippet:-1","max-image-preview":"max-image-preview:large","max-video-preview":"max-video-preview:-1"},"canonical":"https:\/\/www.rawoodfoundation.org\/es\/inscripcion-a-la-carrera\/","og_locale":"es_MX","og_type":"article","og_title":"Race Registration - Raymond A. Wood Foundation","og_description":"Move for a Mission with Team RAWF at the NYC Half Marathon! Are you ready ... Read more","og_url":"https:\/\/www.rawoodfoundation.org\/es\/inscripcion-a-la-carrera\/","og_site_name":"Raymond A. Wood Foundation","article_publisher":"https:\/\/www.facebook.com\/rawoodfoundation","article_modified_time":"2025-10-15T05:28:39+00:00","og_image":[{"width":900,"height":900,"url":"https:\/\/www.rawoodfoundation.org\/wp-content\/uploads\/2025\/10\/TCS-New-York-city-marathon-2024.webp","type":"image\/webp"}],"twitter_card":"summary_large_image","twitter_site":"@rawoodfound","twitter_misc":{"Tiempo de lectura":"2 minutos"},"schema":{"@context":"https:\/\/schema.org","@graph":[{"@type":"WebPage","@id":"https:\/\/www.rawoodfoundation.org\/race-registration\/","url":"https:\/\/www.rawoodfoundation.org\/race-registration\/","name":"Inscripci\u00f3n en la carrera - Fundaci\u00f3n Raymond A. Wood","isPartOf":{"@id":"https:\/\/www.rawoodfoundation.org\/#website"},"primaryImageOfPage":{"@id":"https:\/\/www.rawoodfoundation.org\/race-registration\/#primaryimage"},"image":{"@id":"https:\/\/www.rawoodfoundation.org\/race-registration\/#primaryimage"},"thumbnailUrl":"https:\/\/www.rawoodfoundation.org\/wp-content\/uploads\/2025\/10\/TCS-New-York-city-marathon-2024.webp","datePublished":"2023-10-25T19:28:40+00:00","dateModified":"2025-10-15T05:28:39+00:00","breadcrumb":{"@id":"https:\/\/www.rawoodfoundation.org\/race-registration\/#breadcrumb"},"inLanguage":"es","potentialAction":[{"@type":"ReadAction","target":["https:\/\/www.rawoodfoundation.org\/race-registration\/"]}]},{"@type":"ImageObject","inLanguage":"es","@id":"https:\/\/www.rawoodfoundation.org\/race-registration\/#primaryimage","url":"https:\/\/www.rawoodfoundation.org\/wp-content\/uploads\/2025\/10\/TCS-New-York-city-marathon-2024.webp","contentUrl":"https:\/\/www.rawoodfoundation.org\/wp-content\/uploads\/2025\/10\/TCS-New-York-city-marathon-2024.webp"},{"@type":"BreadcrumbList","@id":"https:\/\/www.rawoodfoundation.org\/race-registration\/#breadcrumb","itemListElement":[{"@type":"ListItem","position":1,"name":"Home","item":"https:\/\/www.rawoodfoundation.org\/"},{"@type":"ListItem","position":2,"name":"Race Registration"}]},{"@type":"WebSite","@id":"https:\/\/www.rawoodfoundation.org\/#website","url":"https:\/\/www.rawoodfoundation.org\/","name":"Fundaci\u00f3n Raymond A. Wood","description":"La misi\u00f3n de la RAWF es proporcionar apoyo a la calidad de vida de los supervivientes de tumores cerebrales infantiles y sus familias.","publisher":{"@id":"https:\/\/www.rawoodfoundation.org\/#organization"},"potentialAction":[{"@type":"SearchAction","target":{"@type":"EntryPoint","urlTemplate":"https:\/\/www.rawoodfoundation.org\/?s={search_term_string}"},"query-input":{"@type":"PropertyValueSpecification","valueRequired":true,"valueName":"search_term_string"}}],"inLanguage":"es"},{"@type":"Organization","@id":"https:\/\/www.rawoodfoundation.org\/#organization","name":"Fundaci\u00f3n Raymond A. Wood","url":"https:\/\/www.rawoodfoundation.org\/","logo":{"@type":"ImageObject","inLanguage":"es","@id":"https:\/\/www.rawoodfoundation.org\/#\/schema\/logo\/image\/","url":"https:\/\/www.rawoodfoundation.org\/wp-content\/uploads\/2023\/07\/Raymond-A-Wood-Foundation-logo.webp","contentUrl":"https:\/\/www.rawoodfoundation.org\/wp-content\/uploads\/2023\/07\/Raymond-A-Wood-Foundation-logo.webp","width":470,"height":128,"caption":"Raymond A. Wood Foundation"},"image":{"@id":"https:\/\/www.rawoodfoundation.org\/#\/schema\/logo\/image\/"},"sameAs":["https:\/\/www.facebook.com\/rawoodfoundation","https:\/\/x.com\/rawoodfound"]}]}},"_links":{"self":[{"href":"https:\/\/www.rawoodfoundation.org\/es\/wp-json\/wp\/v2\/pages\/8669","targetHints":{"allow":["GET"]}}],"collection":[{"href":"https:\/\/www.rawoodfoundation.org\/es\/wp-json\/wp\/v2\/pages"}],"about":[{"href":"https:\/\/www.rawoodfoundation.org\/es\/wp-json\/wp\/v2\/types\/page"}],"author":[{"embeddable":true,"href":"https:\/\/www.rawoodfoundation.org\/es\/wp-json\/wp\/v2\/users\/4"}],"replies":[{"embeddable":true,"href":"https:\/\/www.rawoodfoundation.org\/es\/wp-json\/wp\/v2\/comments?post=8669"}],"version-history":[{"count":13,"href":"https:\/\/www.rawoodfoundation.org\/es\/wp-json\/wp\/v2\/pages\/8669\/revisions"}],"predecessor-version":[{"id":17507,"href":"https:\/\/www.rawoodfoundation.org\/es\/wp-json\/wp\/v2\/pages\/8669\/revisions\/17507"}],"wp:attachment":[{"href":"https:\/\/www.rawoodfoundation.org\/es\/wp-json\/wp\/v2\/media?parent=8669"}],"curies":[{"name":"wp","href":"https:\/\/api.w.org\/{rel}","templated":true}]}}