{"id":8202,"date":"2023-08-11T18:13:12","date_gmt":"2023-08-11T18:13:12","guid":{"rendered":"https:\/\/live-rawf.pantheonsite.io\/?page_id=8202"},"modified":"2025-05-05T17:54:51","modified_gmt":"2025-05-05T17:54:51","slug":"tumores-cerebrales-hipotalamicos-hipofisarios","status":"publish","type":"page","link":"https:\/\/www.rawoodfoundation.org\/es\/hypothalamic-pituitary-brain-tumors\/","title":{"rendered":"Tumores cerebrales hipotal\u00e1mico-hipofisarios"},"content":{"rendered":"<h2 class=\"wp-block-heading\">Comprender estos tumores y sus retos<\/h2>\n\n\n\n<p>Los tumores cerebrales hipotal\u00e1mico-hipofisarios, tambi\u00e9n conocidos como tumores de la regi\u00f3n hipotal\u00e1mico-hipofisaria, son un grupo de tumores que se desarrollan en o alrededor del hipot\u00e1lamo y la hip\u00f3fisis. El hipot\u00e1lamo y la hip\u00f3fisis son partes cruciales del cerebro que desempe\u00f1an un papel central en la regulaci\u00f3n de diversas funciones corporales, como la producci\u00f3n de hormonas, el crecimiento, el metabolismo y la respuesta al estr\u00e9s. Los tumores en esta regi\u00f3n pueden alterar el funcionamiento normal de estas estructuras y provocar una serie de s\u00edntomas hormonales y neurol\u00f3gicos.<\/p>\n\n\n\n<p>Estos tumores pueden ser benignos (no cancerosos) o malignos (cancerosos). Suelen clasificarse en funci\u00f3n de su localizaci\u00f3n en la regi\u00f3n hipotal\u00e1mica-hipofisaria y del tipo de c\u00e9lulas en las que se originan. Algunos tipos comunes de tumores hipotal\u00e1mico-hipofisarios son:<\/p>\n\n\n\n<ol class=\"wp-block-list\">\n<li><strong>Adenomas hipofisarios:<\/strong> Son los tumores m\u00e1s frecuentes de la regi\u00f3n hipot\u00e1lamo-hipofisaria. Se originan en las c\u00e9lulas de la hip\u00f3fisis y pueden clasificarse en funci\u00f3n de las hormonas que producen. Algunos ejemplos son los prolactinomas, los adenomas secretores de la hormona del crecimiento y los adenomas secretores de ACTH (que pueden causar la enfermedad de Cushing).<\/li>\n\n\n\n<li><strong><a href=\"https:\/\/live-rawf.pantheonsite.io\/craniopharyngioma\/\">Craneofaringiomas<\/a>:<\/strong> Estos tumores se desarrollan cerca de la hip\u00f3fisis y no suelen ser cancerosos. Debido a su localizaci\u00f3n, pueden provocar diversos s\u00edntomas, como desequilibrios hormonales y alteraciones visuales.<\/li>\n\n\n\n<li><strong>Gliomas \u00f3pticos:<\/strong> Estos tumores surgen de los nervios \u00f3pticos y pueden afectar a la visi\u00f3n. Son m\u00e1s frecuentes en ni\u00f1os y est\u00e1n asociados a la neurofibromatosis tipo 1 (NF1).<\/li>\n\n\n\n<li><strong>Germinomas y otros tumores de c\u00e9lulas germinales:<\/strong> Son tumores poco frecuentes que pueden aparecer en el hipot\u00e1lamo y la hip\u00f3fisis. Se originan en las c\u00e9lulas germinales y pueden afectar a la producci\u00f3n hormonal y a la funci\u00f3n neurol\u00f3gica.<\/li>\n\n\n\n<li><strong>Tumores craneofaringeos:<\/strong> Estos tumores suelen ser benignos y se desarrollan en la regi\u00f3n situada entre la hip\u00f3fisis y el hipot\u00e1lamo. Pueden causar desequilibrios hormonales y s\u00edntomas neurol\u00f3gicos.<\/li>\n\n\n\n<li><strong>Hamartoma hipotal\u00e1mico<\/strong> es una malformaci\u00f3n tumoral no cancerosa (benigna) poco frecuente que se produce en el hipot\u00e1lamo, una regi\u00f3n del cerebro encargada de regular diversas funciones corporales y hormonales. Es importante se\u00f1alar que, aunque el t\u00e9rmino \"tumor\" se utiliza a menudo para describir un hamartoma hipotal\u00e1mico, no se trata de un verdadero tumor en el sentido de crecimiento celular incontrolado. Se trata m\u00e1s bien de una anomal\u00eda del desarrollo del tejido cerebral.<\/li>\n<\/ol>\n\n\n\n<p>Los s\u00edntomas de los tumores cerebrales hipotal\u00e1mico-hipofisarios pueden variar mucho en funci\u00f3n del tipo, el tama\u00f1o y la localizaci\u00f3n del tumor. Entre los s\u00edntomas m\u00e1s comunes se incluyen desequilibrios hormonales que provocan problemas como anomal\u00edas en el crecimiento, aumento o p\u00e9rdida de peso, irregularidades menstruales y cambios en la funci\u00f3n sexual. Adem\u00e1s, los pacientes pueden experimentar dolores de cabeza, alteraciones visuales, fatiga, cambios de humor y d\u00e9ficits neurol\u00f3gicos.<\/p>\n\n\n\n<p>Las opciones de tratamiento de estos tumores dependen de factores como el tipo de tumor, el tama\u00f1o, la localizaci\u00f3n y el estado general de salud del paciente. El tratamiento puede incluir cirug\u00eda para extirpar el tumor, radioterapia y, en algunos casos, medicaci\u00f3n para controlar los desequilibrios hormonales. Es importante que las personas con sospecha o diagn\u00f3stico de tumores cerebrales hipotal\u00e1mico-hipofisarios colaboren estrechamente con un equipo m\u00e9dico, que incluya neurocirujanos, endocrin\u00f3logos y otros especialistas, para determinar el mejor tratamiento en funci\u00f3n de su estado espec\u00edfico.<\/p>\n\n\n\n<hr class=\"wp-block-separator has-alpha-channel-opacity\"\/>\n\n\n\n<h3 class=\"wp-block-heading\">Afecciones relacionadas<\/h3>\n\n\n<div class=\"gb-grid-wrapper gb-grid-wrapper-a102a347\">\n<div class=\"gb-grid-column gb-grid-column-d8d4f066\"><div class=\"gb-container gb-container-d8d4f066\"><a class=\"gb-container-link\" href=\"https:\/\/live-rawf.pantheonsite.io\/managing-diabetes-insipidus\/\" aria-label=\"Diabetes ins\u00edpida\"><\/a>\n<div class=\"gb-container gb-container-1fbd2c79\">\n\n<div class=\"wp-block-columns is-layout-flex wp-container-core-columns-is-layout-9d6595d7 wp-block-columns-is-layout-flex\">\n<div class=\"wp-block-column is-layout-flow wp-block-column-is-layout-flow\" style=\"flex-basis:66.66%\">\n<h6 class=\"wp-block-heading\">Diabetes ins\u00edpida<\/h6>\n<\/div>\n\n\n\n<div class=\"wp-block-column is-layout-flow wp-block-column-is-layout-flow\" style=\"flex-basis:33.33%\"><div class=\"wp-block-image\">\n<figure class=\"alignleft size-large\"><img decoding=\"async\" width=\"100\" height=\"100\" src=\"https:\/\/live-rawf.pantheonsite.io\/wp-content\/uploads\/2023\/06\/water.svg\" alt=\"icono de gota de agua\" class=\"wp-image-7291\" style=\"object-fit:cover\"\/><\/figure><\/div><\/div>\n<\/div>\n\n<\/div>\n<\/div><\/div>\n\n<div class=\"gb-grid-column gb-grid-column-964d9dd6\"><div class=\"gb-container gb-container-964d9dd6\">\n<div class=\"gb-container gb-container-8052ff2b\"><a class=\"gb-container-link\" href=\"\/es\/craneofaringioma\/\" aria-label=\"Obesidad hipotal\u00e1mica\"><\/a>\n\n<div class=\"wp-block-columns is-layout-flex wp-container-core-columns-is-layout-9d6595d7 wp-block-columns-is-layout-flex\">\n<div class=\"wp-block-column is-layout-flow wp-block-column-is-layout-flow\" style=\"flex-basis:66.66%\">\n<h6 class=\"wp-block-heading\">Obesidad hipotal\u00e1mica<\/h6>\n<\/div>\n\n\n\n<div class=\"wp-block-column is-layout-flow wp-block-column-is-layout-flow\" style=\"flex-basis:33.33%\"><div class=\"wp-block-image\">\n<figure class=\"alignleft size-large\"><img decoding=\"async\" width=\"100\" height=\"100\" src=\"https:\/\/live-rawf.pantheonsite.io\/wp-content\/uploads\/2023\/06\/scale.svg\" alt=\"Icono de escala\" class=\"wp-image-7287\"\/><\/figure><\/div><\/div>\n<\/div>\n\n<\/div>\n<\/div><\/div>\n\n<div class=\"gb-grid-column gb-grid-column-4aa0e397\"><div class=\"gb-container gb-container-4aa0e397\">\n<div class=\"gb-container gb-container-3e46d788\"><a class=\"gb-container-link\" href=\"\/es\/hipopituitarismo\/\" aria-label=\"Insuficiencia suprarrenal\"><\/a>\n\n<div class=\"wp-block-columns is-layout-flex wp-container-core-columns-is-layout-9d6595d7 wp-block-columns-is-layout-flex\">\n<div class=\"wp-block-column is-layout-flow wp-block-column-is-layout-flow\" style=\"flex-basis:66.66%\">\n<h6 class=\"wp-block-heading\">Insuficiencia suprarrenal<\/h6>\n<\/div>\n\n\n\n<div class=\"wp-block-column is-layout-flow wp-block-column-is-layout-flow\" style=\"flex-basis:33.33%\"><div class=\"wp-block-image\">\n<figure class=\"alignleft size-large\"><img decoding=\"async\" width=\"100\" height=\"100\" src=\"https:\/\/live-rawf.pantheonsite.io\/wp-content\/uploads\/2023\/06\/case.svg\" alt=\"Icono del caso del m\u00e9dico\" class=\"wp-image-7290\"\/><\/figure><\/div><\/div>\n<\/div>\n\n<\/div>\n<\/div><\/div>\n<\/div>\n\n\n<p><\/p>","protected":false},"excerpt":{"rendered":"<p>Comprender estos tumores y sus retos Los tumores cerebrales hipotal\u00e1mico-hipofisarios, tambi\u00e9n conocidos como tumores de la regi\u00f3n hipotal\u00e1mico-hipofisaria, ... <a title=\"Tumores cerebrales hipotal\u00e1mico-hipofisarios\" class=\"read-more\" href=\"https:\/\/www.rawoodfoundation.org\/es\/hypothalamic-pituitary-brain-tumors\/\" aria-label=\"Leer m\u00e1s sobre Tumores cerebrales hipotal\u00e1mico-hipofisarios\">Seguir leyendo<\/a><\/p>","protected":false},"author":4,"featured_media":0,"parent":0,"menu_order":49,"comment_status":"closed","ping_status":"closed","template":"","meta":{"_acf_changed":false,"footnotes":""},"class_list":{"0":"post-8202","1":"page","2":"type-page","3":"status-publish","5":"no-featured-image-padding"},"acf":[],"yoast_head":"<!-- This site is optimized with the Yoast SEO plugin v27.3 - https:\/\/yoast.com\/product\/yoast-seo-wordpress\/ -->\n<title>Hypothalamic-Pituitary Brain Tumors - Raymond A. Wood Foundation<\/title>\n<meta name=\"robots\" content=\"index, follow, max-snippet:-1, max-image-preview:large, max-video-preview:-1\" \/>\n<link rel=\"canonical\" href=\"https:\/\/www.rawoodfoundation.org\/es\/tumores-cerebrales-hipotalamicos-hipofisarios\/\" \/>\n<meta property=\"og:locale\" content=\"es_MX\" \/>\n<meta property=\"og:type\" content=\"article\" \/>\n<meta property=\"og:title\" content=\"Hypothalamic-Pituitary Brain Tumors - Raymond A. Wood Foundation\" \/>\n<meta property=\"og:description\" content=\"Understanding these Tumors and their Challenges Hypothalamic-pituitary brain tumors, also known as hypothalamic-pituitary region tumors, ... Read more\" \/>\n<meta property=\"og:url\" content=\"https:\/\/www.rawoodfoundation.org\/es\/tumores-cerebrales-hipotalamicos-hipofisarios\/\" \/>\n<meta property=\"og:site_name\" content=\"Raymond A. Wood Foundation\" \/>\n<meta property=\"article:publisher\" content=\"https:\/\/www.facebook.com\/rawoodfoundation\" \/>\n<meta property=\"article:modified_time\" content=\"2025-05-05T17:54:51+00:00\" \/>\n<meta property=\"og:image\" content=\"https:\/\/live-rawf.pantheonsite.io\/wp-content\/uploads\/2023\/06\/water.svg\" \/>\n<meta name=\"twitter:card\" content=\"summary_large_image\" \/>\n<meta name=\"twitter:site\" content=\"@rawoodfound\" \/>\n<meta name=\"twitter:label1\" content=\"Tiempo de lectura\" \/>\n\t<meta name=\"twitter:data1\" content=\"3 minutos\" \/>\n<script type=\"application\/ld+json\" class=\"yoast-schema-graph\">{\"@context\":\"https:\\\/\\\/schema.org\",\"@graph\":[{\"@type\":\"WebPage\",\"@id\":\"https:\\\/\\\/www.rawoodfoundation.org\\\/hypothalamic-pituitary-brain-tumors\\\/\",\"url\":\"https:\\\/\\\/www.rawoodfoundation.org\\\/hypothalamic-pituitary-brain-tumors\\\/\",\"name\":\"Hypothalamic-Pituitary Brain Tumors - Raymond A. Wood Foundation\",\"isPartOf\":{\"@id\":\"https:\\\/\\\/www.rawoodfoundation.org\\\/#website\"},\"primaryImageOfPage\":{\"@id\":\"https:\\\/\\\/www.rawoodfoundation.org\\\/hypothalamic-pituitary-brain-tumors\\\/#primaryimage\"},\"image\":{\"@id\":\"https:\\\/\\\/www.rawoodfoundation.org\\\/hypothalamic-pituitary-brain-tumors\\\/#primaryimage\"},\"thumbnailUrl\":\"https:\\\/\\\/live-rawf.pantheonsite.io\\\/wp-content\\\/uploads\\\/2023\\\/06\\\/water.svg\",\"datePublished\":\"2023-08-11T18:13:12+00:00\",\"dateModified\":\"2025-05-05T17:54:51+00:00\",\"breadcrumb\":{\"@id\":\"https:\\\/\\\/www.rawoodfoundation.org\\\/hypothalamic-pituitary-brain-tumors\\\/#breadcrumb\"},\"inLanguage\":\"es\",\"potentialAction\":[{\"@type\":\"ReadAction\",\"target\":[\"https:\\\/\\\/www.rawoodfoundation.org\\\/hypothalamic-pituitary-brain-tumors\\\/\"]}]},{\"@type\":\"ImageObject\",\"inLanguage\":\"es\",\"@id\":\"https:\\\/\\\/www.rawoodfoundation.org\\\/hypothalamic-pituitary-brain-tumors\\\/#primaryimage\",\"url\":\"https:\\\/\\\/live-rawf.pantheonsite.io\\\/wp-content\\\/uploads\\\/2023\\\/06\\\/water.svg\",\"contentUrl\":\"https:\\\/\\\/live-rawf.pantheonsite.io\\\/wp-content\\\/uploads\\\/2023\\\/06\\\/water.svg\"},{\"@type\":\"BreadcrumbList\",\"@id\":\"https:\\\/\\\/www.rawoodfoundation.org\\\/hypothalamic-pituitary-brain-tumors\\\/#breadcrumb\",\"itemListElement\":[{\"@type\":\"ListItem\",\"position\":1,\"name\":\"Home\",\"item\":\"https:\\\/\\\/www.rawoodfoundation.org\\\/\"},{\"@type\":\"ListItem\",\"position\":2,\"name\":\"Hypothalamic-Pituitary Brain Tumors\"}]},{\"@type\":\"WebSite\",\"@id\":\"https:\\\/\\\/www.rawoodfoundation.org\\\/#website\",\"url\":\"https:\\\/\\\/www.rawoodfoundation.org\\\/\",\"name\":\"Raymond A. Wood Foundation\",\"description\":\"The mission of the RAWF is to provide quality of life support for childhood brain tumor survivors and their families.\",\"publisher\":{\"@id\":\"https:\\\/\\\/www.rawoodfoundation.org\\\/#organization\"},\"potentialAction\":[{\"@type\":\"SearchAction\",\"target\":{\"@type\":\"EntryPoint\",\"urlTemplate\":\"https:\\\/\\\/www.rawoodfoundation.org\\\/?s={search_term_string}\"},\"query-input\":{\"@type\":\"PropertyValueSpecification\",\"valueRequired\":true,\"valueName\":\"search_term_string\"}}],\"inLanguage\":\"es\"},{\"@type\":\"Organization\",\"@id\":\"https:\\\/\\\/www.rawoodfoundation.org\\\/#organization\",\"name\":\"Raymond A. Wood Foundation\",\"url\":\"https:\\\/\\\/www.rawoodfoundation.org\\\/\",\"logo\":{\"@type\":\"ImageObject\",\"inLanguage\":\"es\",\"@id\":\"https:\\\/\\\/www.rawoodfoundation.org\\\/#\\\/schema\\\/logo\\\/image\\\/\",\"url\":\"https:\\\/\\\/www.rawoodfoundation.org\\\/wp-content\\\/uploads\\\/2023\\\/07\\\/Raymond-A-Wood-Foundation-logo.webp\",\"contentUrl\":\"https:\\\/\\\/www.rawoodfoundation.org\\\/wp-content\\\/uploads\\\/2023\\\/07\\\/Raymond-A-Wood-Foundation-logo.webp\",\"width\":470,\"height\":128,\"caption\":\"Raymond A. Wood Foundation\"},\"image\":{\"@id\":\"https:\\\/\\\/www.rawoodfoundation.org\\\/#\\\/schema\\\/logo\\\/image\\\/\"},\"sameAs\":[\"https:\\\/\\\/www.facebook.com\\\/rawoodfoundation\",\"https:\\\/\\\/x.com\\\/rawoodfound\"]}]}<\/script>\n<!-- \/ Yoast SEO plugin. -->","yoast_head_json":{"title":"Tumores cerebrales hipotal\u00e1mico-hipofisarios - Fundaci\u00f3n Raymond A. Wood","robots":{"index":"index","follow":"follow","max-snippet":"max-snippet:-1","max-image-preview":"max-image-preview:large","max-video-preview":"max-video-preview:-1"},"canonical":"https:\/\/www.rawoodfoundation.org\/es\/tumores-cerebrales-hipotalamicos-hipofisarios\/","og_locale":"es_MX","og_type":"article","og_title":"Hypothalamic-Pituitary Brain Tumors - Raymond A. Wood Foundation","og_description":"Understanding these Tumors and their Challenges Hypothalamic-pituitary brain tumors, also known as hypothalamic-pituitary region tumors, ... Read more","og_url":"https:\/\/www.rawoodfoundation.org\/es\/tumores-cerebrales-hipotalamicos-hipofisarios\/","og_site_name":"Raymond A. Wood Foundation","article_publisher":"https:\/\/www.facebook.com\/rawoodfoundation","article_modified_time":"2025-05-05T17:54:51+00:00","og_image":[{"url":"https:\/\/live-rawf.pantheonsite.io\/wp-content\/uploads\/2023\/06\/water.svg","type":"","width":"","height":""}],"twitter_card":"summary_large_image","twitter_site":"@rawoodfound","twitter_misc":{"Tiempo de lectura":"3 minutos"},"schema":{"@context":"https:\/\/schema.org","@graph":[{"@type":"WebPage","@id":"https:\/\/www.rawoodfoundation.org\/hypothalamic-pituitary-brain-tumors\/","url":"https:\/\/www.rawoodfoundation.org\/hypothalamic-pituitary-brain-tumors\/","name":"Tumores cerebrales hipotal\u00e1mico-hipofisarios - Fundaci\u00f3n Raymond A. Wood","isPartOf":{"@id":"https:\/\/www.rawoodfoundation.org\/#website"},"primaryImageOfPage":{"@id":"https:\/\/www.rawoodfoundation.org\/hypothalamic-pituitary-brain-tumors\/#primaryimage"},"image":{"@id":"https:\/\/www.rawoodfoundation.org\/hypothalamic-pituitary-brain-tumors\/#primaryimage"},"thumbnailUrl":"https:\/\/live-rawf.pantheonsite.io\/wp-content\/uploads\/2023\/06\/water.svg","datePublished":"2023-08-11T18:13:12+00:00","dateModified":"2025-05-05T17:54:51+00:00","breadcrumb":{"@id":"https:\/\/www.rawoodfoundation.org\/hypothalamic-pituitary-brain-tumors\/#breadcrumb"},"inLanguage":"es","potentialAction":[{"@type":"ReadAction","target":["https:\/\/www.rawoodfoundation.org\/hypothalamic-pituitary-brain-tumors\/"]}]},{"@type":"ImageObject","inLanguage":"es","@id":"https:\/\/www.rawoodfoundation.org\/hypothalamic-pituitary-brain-tumors\/#primaryimage","url":"https:\/\/live-rawf.pantheonsite.io\/wp-content\/uploads\/2023\/06\/water.svg","contentUrl":"https:\/\/live-rawf.pantheonsite.io\/wp-content\/uploads\/2023\/06\/water.svg"},{"@type":"BreadcrumbList","@id":"https:\/\/www.rawoodfoundation.org\/hypothalamic-pituitary-brain-tumors\/#breadcrumb","itemListElement":[{"@type":"ListItem","position":1,"name":"Home","item":"https:\/\/www.rawoodfoundation.org\/"},{"@type":"ListItem","position":2,"name":"Hypothalamic-Pituitary Brain Tumors"}]},{"@type":"WebSite","@id":"https:\/\/www.rawoodfoundation.org\/#website","url":"https:\/\/www.rawoodfoundation.org\/","name":"Fundaci\u00f3n Raymond A. Wood","description":"La misi\u00f3n de la RAWF es proporcionar apoyo a la calidad de vida de los supervivientes de tumores cerebrales infantiles y sus familias.","publisher":{"@id":"https:\/\/www.rawoodfoundation.org\/#organization"},"potentialAction":[{"@type":"SearchAction","target":{"@type":"EntryPoint","urlTemplate":"https:\/\/www.rawoodfoundation.org\/?s={search_term_string}"},"query-input":{"@type":"PropertyValueSpecification","valueRequired":true,"valueName":"search_term_string"}}],"inLanguage":"es"},{"@type":"Organization","@id":"https:\/\/www.rawoodfoundation.org\/#organization","name":"Fundaci\u00f3n Raymond A. Wood","url":"https:\/\/www.rawoodfoundation.org\/","logo":{"@type":"ImageObject","inLanguage":"es","@id":"https:\/\/www.rawoodfoundation.org\/#\/schema\/logo\/image\/","url":"https:\/\/www.rawoodfoundation.org\/wp-content\/uploads\/2023\/07\/Raymond-A-Wood-Foundation-logo.webp","contentUrl":"https:\/\/www.rawoodfoundation.org\/wp-content\/uploads\/2023\/07\/Raymond-A-Wood-Foundation-logo.webp","width":470,"height":128,"caption":"Raymond A. Wood Foundation"},"image":{"@id":"https:\/\/www.rawoodfoundation.org\/#\/schema\/logo\/image\/"},"sameAs":["https:\/\/www.facebook.com\/rawoodfoundation","https:\/\/x.com\/rawoodfound"]}]}},"_links":{"self":[{"href":"https:\/\/www.rawoodfoundation.org\/es\/wp-json\/wp\/v2\/pages\/8202","targetHints":{"allow":["GET"]}}],"collection":[{"href":"https:\/\/www.rawoodfoundation.org\/es\/wp-json\/wp\/v2\/pages"}],"about":[{"href":"https:\/\/www.rawoodfoundation.org\/es\/wp-json\/wp\/v2\/types\/page"}],"author":[{"embeddable":true,"href":"https:\/\/www.rawoodfoundation.org\/es\/wp-json\/wp\/v2\/users\/4"}],"replies":[{"embeddable":true,"href":"https:\/\/www.rawoodfoundation.org\/es\/wp-json\/wp\/v2\/comments?post=8202"}],"version-history":[{"count":14,"href":"https:\/\/www.rawoodfoundation.org\/es\/wp-json\/wp\/v2\/pages\/8202\/revisions"}],"predecessor-version":[{"id":12960,"href":"https:\/\/www.rawoodfoundation.org\/es\/wp-json\/wp\/v2\/pages\/8202\/revisions\/12960"}],"wp:attachment":[{"href":"https:\/\/www.rawoodfoundation.org\/es\/wp-json\/wp\/v2\/media?parent=8202"}],"curies":[{"name":"wp","href":"https:\/\/api.w.org\/{rel}","templated":true}]}}